{"id":30963,"date":"2024-06-23T08:28:16","date_gmt":"2024-06-23T11:28:16","guid":{"rendered":"https:\/\/lojasosprofessoratividades.com.br\/?post_type=product&#038;p=30963"},"modified":"2026-05-08T16:10:29","modified_gmt":"2026-05-08T19:10:29","slug":"inverno-no-brasil","status":"publish","type":"product","link":"https:\/\/lojasosprofessoratividades.com.br\/en\/product\/inverno-no-brasil\/","title":{"rendered":"Inverno no Brasil"},"content":{"rendered":"","protected":false},"excerpt":{"rendered":"<p>Este material foi cuidadosamente elaborado para proporcionar uma compreens\u00e3o aprofundada e envolvente dessa esta\u00e7\u00e3o do ano e suas caracter\u00edsticas no contexto brasileiro.<\/p>\n<h3>O que voc\u00ea encontrar\u00e1 neste arquivo?<\/h3>\n<ol>\n<li><strong>Texto Explicativo com Perguntas de Interpreta\u00e7\u00e3o<\/strong>\n<ul>\n<li>Texto detalhado que explora o inverno no Brasil, abordando desde as caracter\u00edsticas clim\u00e1ticas at\u00e9 os impactos na sa\u00fade e na natureza.<\/li>\n<li>Perguntas de interpreta\u00e7\u00e3o de texto que facilitam a avalia\u00e7\u00e3o da compreens\u00e3o dos alunos.<\/li>\n<\/ul>\n<\/li>\n<li><strong>Cartaz Colorido com as Esta\u00e7\u00f5es do Ano<\/strong>\n<ul>\n<li>Um cartaz vibrante e informativo que destaca as quatro esta\u00e7\u00f5es do ano.<\/li>\n<li>Ideal para decorar a sala de aula e ajudar os alunos a visualizar e entender melhor as mudan\u00e7as sazonais.<\/li>\n<\/ul>\n<\/li>\n<li><strong>Atividade de Arte Tem\u00e1tica<\/strong>\n<ul>\n<li>Uma atividade criativa onde os alunos podem expressar suas interpreta\u00e7\u00f5es do inverno atrav\u00e9s de arte.<\/li>\n<li>Perfeita para incentivar a criatividade e a compreens\u00e3o sensorial da esta\u00e7\u00e3o.<\/li>\n<\/ul>\n<\/li>\n<li><strong>Gabarito das Perguntas de Interpreta\u00e7\u00e3o<\/strong>\n<ul>\n<li>Um gabarito completo para as perguntas de interpreta\u00e7\u00e3o, facilitando a corre\u00e7\u00e3o e proporcionando um feedback imediato aos alunos.<\/li>\n<\/ul>\n<\/li>\n<\/ol>\n<p><strong><em>N\u00e3o<\/em><\/strong> edit\u00e1vel.<\/p>\n<h3>N\u00e3o enviamos por e-mail, a entrega \u00e9 via link para download. \ud83d\udc47<\/h3>\n<p><img loading=\"lazy\" decoding=\"async\" class=\"alignnone wp-image-30821 size-full\" src=\"https:\/\/lojasosprofessoratividades.com.br\/wp-content\/uploads\/2024\/06\/Aviso-Loja.jpg\" alt=\"\" width=\"446\" height=\"251\" srcset=\"https:\/\/lojasosprofessoratividades.com.br\/wp-content\/uploads\/2024\/06\/Aviso-Loja.jpg 446w, https:\/\/lojasosprofessoratividades.com.br\/wp-content\/uploads\/2024\/06\/Aviso-Loja-300x169.jpg 300w, https:\/\/lojasosprofessoratividades.com.br\/wp-content\/uploads\/2024\/06\/Aviso-Loja-18x10.jpg 18w\" sizes=\"auto, (max-width: 446px) 100vw, 446px\" \/><\/p>","protected":false},"featured_media":30965,"comment_status":"open","ping_status":"closed","template":"","meta":[],"product_brand":[],"product_cat":[125,196,215],"product_tag":[253,459,278,245,514,516,517,515],"class_list":{"0":"post-30963","1":"product","2":"type-product","3":"status-publish","4":"has-post-thumbnail","6":"product_cat-4o-ano","7":"product_cat-ciencias-4-ano","8":"product_cat-recursos-didaticos-4-ano","9":"product_tag-4o-ano","10":"product_tag-brasil","11":"product_tag-ciencias","12":"product_tag-ensino-fundamental","13":"product_tag-estacoes-do-ano","14":"product_tag-inverno-brasileiro","15":"product_tag-inverno-no-brasil","16":"product_tag-iverno","18":"first","19":"instock","20":"downloadable","21":"virtual","22":"sold-individually","23":"purchasable","24":"product-type-simple"},"yoast_head":"<!-- This site is optimized with the Yoast SEO plugin v27.6 - https:\/\/yoast.com\/product\/yoast-seo-wordpress\/ -->\n<title>Inverno no Brasil - Loja SOS Professor Atividades<\/title>\n<meta name=\"description\" content=\"Explore o inverno no Brasil com nosso pacote educativo! Inclui texto explicativo com perguntas de interpreta\u00e7\u00e3o, cartaz colorido das esta\u00e7\u00f5es do ano, atividade de arte tem\u00e1tica e gabarito completo.\" \/>\n<meta name=\"robots\" content=\"index, follow, max-snippet:-1, max-image-preview:large, max-video-preview:-1\" \/>\n<link rel=\"canonical\" href=\"https:\/\/lojasosprofessoratividades.com.br\/en\/product\/inverno-no-brasil\/\" \/>\n<meta property=\"og:locale\" content=\"en_US\" \/>\n<meta property=\"og:type\" content=\"article\" \/>\n<meta property=\"og:title\" content=\"Inverno no Brasil - Loja SOS Professor Atividades\" \/>\n<meta property=\"og:description\" content=\"Explore o inverno no Brasil com nosso pacote educativo! Inclui texto explicativo com perguntas de interpreta\u00e7\u00e3o, cartaz colorido das esta\u00e7\u00f5es do ano, atividade de arte tem\u00e1tica e gabarito completo.\" \/>\n<meta property=\"og:url\" content=\"https:\/\/lojasosprofessoratividades.com.br\/en\/product\/inverno-no-brasil\/\" \/>\n<meta property=\"og:site_name\" content=\"Loja SOS Professor Atividades\" \/>\n<meta property=\"article:publisher\" content=\"https:\/\/www.facebook.com\/sosprofessoratividades\" \/>\n<meta property=\"article:modified_time\" content=\"2026-05-08T19:10:29+00:00\" \/>\n<meta property=\"og:image\" content=\"https:\/\/lojasosprofessoratividades.com.br\/wp-content\/uploads\/2024\/06\/1-4.jpg\" \/>\n\t<meta property=\"og:image:width\" content=\"800\" \/>\n\t<meta property=\"og:image:height\" content=\"693\" \/>\n\t<meta property=\"og:image:type\" content=\"image\/jpeg\" \/>\n<meta name=\"twitter:card\" content=\"summary_large_image\" \/>\n<meta name=\"twitter:label1\" content=\"Est. reading time\" \/>\n\t<meta name=\"twitter:data1\" content=\"1 minute\" \/>\n<script type=\"application\/ld+json\" class=\"yoast-schema-graph\">{\"@context\":\"https:\\\/\\\/schema.org\",\"@graph\":[{\"@type\":\"WebPage\",\"@id\":\"https:\\\/\\\/lojasosprofessoratividades.com.br\\\/produto\\\/inverno-no-brasil\\\/\",\"url\":\"https:\\\/\\\/lojasosprofessoratividades.com.br\\\/produto\\\/inverno-no-brasil\\\/\",\"name\":\"Inverno no Brasil - Loja SOS Professor Atividades\",\"isPartOf\":{\"@id\":\"https:\\\/\\\/lojasosprofessoratividades.com.br\\\/#website\"},\"primaryImageOfPage\":{\"@id\":\"https:\\\/\\\/lojasosprofessoratividades.com.br\\\/produto\\\/inverno-no-brasil\\\/#primaryimage\"},\"image\":{\"@id\":\"https:\\\/\\\/lojasosprofessoratividades.com.br\\\/produto\\\/inverno-no-brasil\\\/#primaryimage\"},\"thumbnailUrl\":\"https:\\\/\\\/lojasosprofessoratividades.com.br\\\/wp-content\\\/uploads\\\/2024\\\/06\\\/1-4.jpg\",\"datePublished\":\"2024-06-23T11:28:16+00:00\",\"dateModified\":\"2026-05-08T19:10:29+00:00\",\"description\":\"Explore o inverno no Brasil com nosso pacote educativo! Inclui texto explicativo com perguntas de interpreta\u00e7\u00e3o, cartaz colorido das esta\u00e7\u00f5es do ano, atividade de arte tem\u00e1tica e gabarito completo.\",\"breadcrumb\":{\"@id\":\"https:\\\/\\\/lojasosprofessoratividades.com.br\\\/produto\\\/inverno-no-brasil\\\/#breadcrumb\"},\"inLanguage\":\"en-US\",\"potentialAction\":[{\"@type\":\"ReadAction\",\"target\":[\"https:\\\/\\\/lojasosprofessoratividades.com.br\\\/produto\\\/inverno-no-brasil\\\/\"]}]},{\"@type\":\"ImageObject\",\"inLanguage\":\"en-US\",\"@id\":\"https:\\\/\\\/lojasosprofessoratividades.com.br\\\/produto\\\/inverno-no-brasil\\\/#primaryimage\",\"url\":\"https:\\\/\\\/lojasosprofessoratividades.com.br\\\/wp-content\\\/uploads\\\/2024\\\/06\\\/1-4.jpg\",\"contentUrl\":\"https:\\\/\\\/lojasosprofessoratividades.com.br\\\/wp-content\\\/uploads\\\/2024\\\/06\\\/1-4.jpg\",\"width\":800,\"height\":693,\"caption\":\"Inverno no Brasil\"},{\"@type\":\"BreadcrumbList\",\"@id\":\"https:\\\/\\\/lojasosprofessoratividades.com.br\\\/produto\\\/inverno-no-brasil\\\/#breadcrumb\",\"itemListElement\":[{\"@type\":\"ListItem\",\"position\":1,\"name\":\"In\u00edcio\",\"item\":\"https:\\\/\\\/lojasosprofessoratividades.com.br\\\/\"},{\"@type\":\"ListItem\",\"position\":2,\"name\":\"Loja\",\"item\":\"https:\\\/\\\/lojasosprofessoratividades.com.br\\\/loja\\\/\"},{\"@type\":\"ListItem\",\"position\":3,\"name\":\"Inverno no Brasil\"}]},{\"@type\":\"WebSite\",\"@id\":\"https:\\\/\\\/lojasosprofessoratividades.com.br\\\/#website\",\"url\":\"https:\\\/\\\/lojasosprofessoratividades.com.br\\\/\",\"name\":\"Loja SOS Professor Atividades\",\"description\":\"Venda de material did\u00e1tico para o ensino fundamental\",\"publisher\":{\"@id\":\"https:\\\/\\\/lojasosprofessoratividades.com.br\\\/#organization\"},\"potentialAction\":[{\"@type\":\"SearchAction\",\"target\":{\"@type\":\"EntryPoint\",\"urlTemplate\":\"https:\\\/\\\/lojasosprofessoratividades.com.br\\\/?s={search_term_string}\"},\"query-input\":{\"@type\":\"PropertyValueSpecification\",\"valueRequired\":true,\"valueName\":\"search_term_string\"}}],\"inLanguage\":\"en-US\"},{\"@type\":\"Organization\",\"@id\":\"https:\\\/\\\/lojasosprofessoratividades.com.br\\\/#organization\",\"name\":\"Loja SOS Professor Atividades\",\"url\":\"https:\\\/\\\/lojasosprofessoratividades.com.br\\\/\",\"logo\":{\"@type\":\"ImageObject\",\"inLanguage\":\"en-US\",\"@id\":\"https:\\\/\\\/lojasosprofessoratividades.com.br\\\/#\\\/schema\\\/logo\\\/image\\\/\",\"url\":\"http:\\\/\\\/lojasosprofessoratividades.com.br\\\/wp-content\\\/uploads\\\/2022\\\/04\\\/Logo.png\",\"contentUrl\":\"http:\\\/\\\/lojasosprofessoratividades.com.br\\\/wp-content\\\/uploads\\\/2022\\\/04\\\/Logo.png\",\"width\":2000,\"height\":2000,\"caption\":\"Loja SOS Professor Atividades\"},\"image\":{\"@id\":\"https:\\\/\\\/lojasosprofessoratividades.com.br\\\/#\\\/schema\\\/logo\\\/image\\\/\"},\"sameAs\":[\"https:\\\/\\\/www.facebook.com\\\/sosprofessoratividades\",\"https:\\\/\\\/www.instagram.com\\\/sosprofessoratividades\\\/\"]}]}<\/script>\n<!-- \/ Yoast SEO plugin. -->","yoast_head_json":{"title":"Inverno no Brasil - Loja SOS Professor Atividades","description":"Explore o inverno no Brasil com nosso pacote educativo! Inclui texto explicativo com perguntas de interpreta\u00e7\u00e3o, cartaz colorido das esta\u00e7\u00f5es do ano, atividade de arte tem\u00e1tica e gabarito completo.","robots":{"index":"index","follow":"follow","max-snippet":"max-snippet:-1","max-image-preview":"max-image-preview:large","max-video-preview":"max-video-preview:-1"},"canonical":"https:\/\/lojasosprofessoratividades.com.br\/en\/product\/inverno-no-brasil\/","og_locale":"en_US","og_type":"article","og_title":"Inverno no Brasil - Loja SOS Professor Atividades","og_description":"Explore o inverno no Brasil com nosso pacote educativo! Inclui texto explicativo com perguntas de interpreta\u00e7\u00e3o, cartaz colorido das esta\u00e7\u00f5es do ano, atividade de arte tem\u00e1tica e gabarito completo.","og_url":"https:\/\/lojasosprofessoratividades.com.br\/en\/product\/inverno-no-brasil\/","og_site_name":"Loja SOS Professor Atividades","article_publisher":"https:\/\/www.facebook.com\/sosprofessoratividades","article_modified_time":"2026-05-08T19:10:29+00:00","og_image":[{"width":800,"height":693,"url":"https:\/\/lojasosprofessoratividades.com.br\/wp-content\/uploads\/2024\/06\/1-4.jpg","type":"image\/jpeg"}],"twitter_card":"summary_large_image","twitter_misc":{"Est. reading time":"1 minute"},"schema":{"@context":"https:\/\/schema.org","@graph":[{"@type":"WebPage","@id":"https:\/\/lojasosprofessoratividades.com.br\/produto\/inverno-no-brasil\/","url":"https:\/\/lojasosprofessoratividades.com.br\/produto\/inverno-no-brasil\/","name":"Inverno no Brasil - Loja SOS Professor Atividades","isPartOf":{"@id":"https:\/\/lojasosprofessoratividades.com.br\/#website"},"primaryImageOfPage":{"@id":"https:\/\/lojasosprofessoratividades.com.br\/produto\/inverno-no-brasil\/#primaryimage"},"image":{"@id":"https:\/\/lojasosprofessoratividades.com.br\/produto\/inverno-no-brasil\/#primaryimage"},"thumbnailUrl":"https:\/\/lojasosprofessoratividades.com.br\/wp-content\/uploads\/2024\/06\/1-4.jpg","datePublished":"2024-06-23T11:28:16+00:00","dateModified":"2026-05-08T19:10:29+00:00","description":"Explore o inverno no Brasil com nosso pacote educativo! Inclui texto explicativo com perguntas de interpreta\u00e7\u00e3o, cartaz colorido das esta\u00e7\u00f5es do ano, atividade de arte tem\u00e1tica e gabarito completo.","breadcrumb":{"@id":"https:\/\/lojasosprofessoratividades.com.br\/produto\/inverno-no-brasil\/#breadcrumb"},"inLanguage":"en-US","potentialAction":[{"@type":"ReadAction","target":["https:\/\/lojasosprofessoratividades.com.br\/produto\/inverno-no-brasil\/"]}]},{"@type":"ImageObject","inLanguage":"en-US","@id":"https:\/\/lojasosprofessoratividades.com.br\/produto\/inverno-no-brasil\/#primaryimage","url":"https:\/\/lojasosprofessoratividades.com.br\/wp-content\/uploads\/2024\/06\/1-4.jpg","contentUrl":"https:\/\/lojasosprofessoratividades.com.br\/wp-content\/uploads\/2024\/06\/1-4.jpg","width":800,"height":693,"caption":"Inverno no Brasil"},{"@type":"BreadcrumbList","@id":"https:\/\/lojasosprofessoratividades.com.br\/produto\/inverno-no-brasil\/#breadcrumb","itemListElement":[{"@type":"ListItem","position":1,"name":"In\u00edcio","item":"https:\/\/lojasosprofessoratividades.com.br\/"},{"@type":"ListItem","position":2,"name":"Loja","item":"https:\/\/lojasosprofessoratividades.com.br\/loja\/"},{"@type":"ListItem","position":3,"name":"Inverno no Brasil"}]},{"@type":"WebSite","@id":"https:\/\/lojasosprofessoratividades.com.br\/#website","url":"https:\/\/lojasosprofessoratividades.com.br\/","name":"Loja SOS Professor Atividades","description":"Venda de material did\u00e1tico para o ensino fundamental","publisher":{"@id":"https:\/\/lojasosprofessoratividades.com.br\/#organization"},"potentialAction":[{"@type":"SearchAction","target":{"@type":"EntryPoint","urlTemplate":"https:\/\/lojasosprofessoratividades.com.br\/?s={search_term_string}"},"query-input":{"@type":"PropertyValueSpecification","valueRequired":true,"valueName":"search_term_string"}}],"inLanguage":"en-US"},{"@type":"Organization","@id":"https:\/\/lojasosprofessoratividades.com.br\/#organization","name":"Loja SOS Professor Atividades","url":"https:\/\/lojasosprofessoratividades.com.br\/","logo":{"@type":"ImageObject","inLanguage":"en-US","@id":"https:\/\/lojasosprofessoratividades.com.br\/#\/schema\/logo\/image\/","url":"http:\/\/lojasosprofessoratividades.com.br\/wp-content\/uploads\/2022\/04\/Logo.png","contentUrl":"http:\/\/lojasosprofessoratividades.com.br\/wp-content\/uploads\/2022\/04\/Logo.png","width":2000,"height":2000,"caption":"Loja SOS Professor Atividades"},"image":{"@id":"https:\/\/lojasosprofessoratividades.com.br\/#\/schema\/logo\/image\/"},"sameAs":["https:\/\/www.facebook.com\/sosprofessoratividades","https:\/\/www.instagram.com\/sosprofessoratividades\/"]}]}},"_links":{"self":[{"href":"https:\/\/lojasosprofessoratividades.com.br\/en\/wp-json\/wp\/v2\/product\/30963","targetHints":{"allow":["GET"]}}],"collection":[{"href":"https:\/\/lojasosprofessoratividades.com.br\/en\/wp-json\/wp\/v2\/product"}],"about":[{"href":"https:\/\/lojasosprofessoratividades.com.br\/en\/wp-json\/wp\/v2\/types\/product"}],"replies":[{"embeddable":true,"href":"https:\/\/lojasosprofessoratividades.com.br\/en\/wp-json\/wp\/v2\/comments?post=30963"}],"wp:featuredmedia":[{"embeddable":true,"href":"https:\/\/lojasosprofessoratividades.com.br\/en\/wp-json\/wp\/v2\/media\/30965"}],"wp:attachment":[{"href":"https:\/\/lojasosprofessoratividades.com.br\/en\/wp-json\/wp\/v2\/media?parent=30963"}],"wp:term":[{"taxonomy":"product_brand","embeddable":true,"href":"https:\/\/lojasosprofessoratividades.com.br\/en\/wp-json\/wp\/v2\/product_brand?post=30963"},{"taxonomy":"product_cat","embeddable":true,"href":"https:\/\/lojasosprofessoratividades.com.br\/en\/wp-json\/wp\/v2\/product_cat?post=30963"},{"taxonomy":"product_tag","embeddable":true,"href":"https:\/\/lojasosprofessoratividades.com.br\/en\/wp-json\/wp\/v2\/product_tag?post=30963"}],"curies":[{"name":"wp","href":"https:\/\/api.w.org\/{rel}","templated":true}]}}