{"id":31104,"date":"2024-07-13T19:34:09","date_gmt":"2024-07-13T22:34:09","guid":{"rendered":"https:\/\/lojasosprofessoratividades.com.br\/?post_type=product&#038;p=31104"},"modified":"2026-05-08T16:10:56","modified_gmt":"2026-05-08T19:10:56","slug":"mural-dia-dos-pais-meu-super-heroi","status":"publish","type":"product","link":"https:\/\/lojasosprofessoratividades.com.br\/en\/product\/mural-dia-dos-pais-meu-super-heroi\/","title":{"rendered":"Mural Dia dos Pais &#8211; Meu super-Her\u00f3i"},"content":{"rendered":"","protected":false},"excerpt":{"rendered":"<p data-sourcepos=\"1:1-1:74\">Preparem-se para o Dia dos Pais mais heroico de todos! \u200d<\/p>\n<p data-sourcepos=\"3:1-3:47\"><strong>Crie um mural \u00e9pico com o tema &#8220;Dia dos Pais: Meu Super-her\u00f3i&#8221;!<\/strong><\/p>\n<p data-sourcepos=\"5:1-5:32\"><em><strong>Apresenta:<\/strong><\/em><\/p>\n<ul data-sourcepos=\"7:1-7:74\">\n<li data-sourcepos=\"7:1-7:74\"><strong>Uma imagem inspiradora<\/strong> do Super-Homem rasgando a camisa para revelar seu escudo, simbolizando a for\u00e7a e o amor dos pais.<\/li>\n<li data-sourcepos=\"8:1-8:74\"><strong>Escudos para colorir,<\/strong>\u00a0para os alunos personalizarem com suas cores e criatividade.<\/li>\n<li data-sourcepos=\"9:1-10:0\"><strong>Op\u00e7\u00f5es de escudos coloridos<\/strong> prontos para usar, perfeitos para turmas maiores ou com menos tempo.<\/li>\n<li data-sourcepos=\"9:1-10:0\"><strong>Perfeito <\/strong>para Educa\u00e7\u00e3o Infantil e Ensino Fundamental I.<\/li>\n<\/ul>\n<p><em><strong>Folhas:<\/strong><\/em><\/p>\n<ul data-sourcepos=\"19:1-20:18\">\n<li data-sourcepos=\"19:1-19:47\">Imagem principal em ampliada em 9 folhas A4.<\/li>\n<li data-sourcepos=\"19:1-19:47\">Frase em 6 folhas A4.<\/li>\n<li data-sourcepos=\"19:1-19:47\">Escudos tamanho A4<\/li>\n<\/ul>\n<p><strong>N\u00e3o<\/strong> edit\u00e1vel.<\/p>\n<h3>N\u00e3o enviamos por e-mail, a entrega \u00e9 via link para download. \ud83d\udc47<\/h3>\n<p><img loading=\"lazy\" decoding=\"async\" class=\"alignnone wp-image-30821 size-full\" src=\"https:\/\/lojasosprofessoratividades.com.br\/wp-content\/uploads\/2024\/06\/Aviso-Loja.jpg\" alt=\"\" width=\"446\" height=\"251\" srcset=\"https:\/\/lojasosprofessoratividades.com.br\/wp-content\/uploads\/2024\/06\/Aviso-Loja.jpg 446w, https:\/\/lojasosprofessoratividades.com.br\/wp-content\/uploads\/2024\/06\/Aviso-Loja-300x169.jpg 300w, https:\/\/lojasosprofessoratividades.com.br\/wp-content\/uploads\/2024\/06\/Aviso-Loja-18x10.jpg 18w\" sizes=\"auto, (max-width: 446px) 100vw, 446px\" \/><\/p>","protected":false},"featured_media":31106,"comment_status":"open","ping_status":"closed","template":"","meta":[],"product_brand":[],"product_cat":[122,123,124,125,127,214,216,218,210,212,126],"product_tag":[533,532,521,246,535,534,370,531],"class_list":{"0":"post-31104","1":"product","2":"type-product","3":"status-publish","4":"has-post-thumbnail","6":"product_cat-1o-ano","7":"product_cat-2o-ano","8":"product_cat-3o-ano","9":"product_cat-4o-ano","10":"product_cat-5o-ano","11":"product_cat-data-comemorativa-3-ano","12":"product_cat-data-comemorativa-4-ano","13":"product_cat-data-comemorativa-5-ano","14":"product_cat-data-comemorativa-1-ano","15":"product_cat-data-comemorativa-2-ano","16":"product_cat-educacao-infantil","17":"product_tag-amor","18":"product_tag-criatividade","19":"product_tag-dia-dos-pais","20":"product_tag-educacao-infantil","21":"product_tag-ensino-fundamental-i","22":"product_tag-familia","23":"product_tag-mural","24":"product_tag-super-heroi","26":"first","27":"instock","28":"downloadable","29":"virtual","30":"sold-individually","31":"purchasable","32":"product-type-simple"},"yoast_head":"<!-- This site is optimized with the Yoast SEO plugin v27.6 - https:\/\/yoast.com\/product\/yoast-seo-wordpress\/ -->\n<title>Mural Dia dos Pais - Meu super-Her\u00f3i - Loja SOS Professor Atividades<\/title>\n<meta name=\"description\" content=\"Crie um mural \u00e9pico para o Dia dos Pais com a imagem do Super-Homem e escudos para colorir! Perfeito para Educa\u00e7\u00e3o Infantil e Ensino Fundamental I.\" \/>\n<meta name=\"robots\" content=\"index, follow, max-snippet:-1, max-image-preview:large, max-video-preview:-1\" \/>\n<link rel=\"canonical\" href=\"https:\/\/lojasosprofessoratividades.com.br\/en\/product\/mural-dia-dos-pais-meu-super-heroi\/\" \/>\n<meta property=\"og:locale\" content=\"en_US\" \/>\n<meta property=\"og:type\" content=\"article\" \/>\n<meta property=\"og:title\" content=\"Mural Dia dos Pais - Meu super-Her\u00f3i - Loja SOS Professor Atividades\" \/>\n<meta property=\"og:description\" content=\"Crie um mural \u00e9pico para o Dia dos Pais com a imagem do Super-Homem e escudos para colorir! Perfeito para Educa\u00e7\u00e3o Infantil e Ensino Fundamental I.\" \/>\n<meta property=\"og:url\" content=\"https:\/\/lojasosprofessoratividades.com.br\/en\/product\/mural-dia-dos-pais-meu-super-heroi\/\" \/>\n<meta property=\"og:site_name\" content=\"Loja SOS Professor Atividades\" \/>\n<meta property=\"article:publisher\" content=\"https:\/\/www.facebook.com\/sosprofessoratividades\" \/>\n<meta property=\"article:modified_time\" content=\"2026-05-08T19:10:56+00:00\" \/>\n<meta property=\"og:image\" content=\"https:\/\/lojasosprofessoratividades.com.br\/wp-content\/uploads\/2024\/07\/1-1.jpg\" \/>\n\t<meta property=\"og:image:width\" content=\"800\" \/>\n\t<meta property=\"og:image:height\" content=\"693\" \/>\n\t<meta property=\"og:image:type\" content=\"image\/jpeg\" \/>\n<meta name=\"twitter:card\" content=\"summary_large_image\" \/>\n<meta name=\"twitter:label1\" content=\"Est. reading time\" \/>\n\t<meta name=\"twitter:data1\" content=\"1 minute\" \/>\n<script type=\"application\/ld+json\" class=\"yoast-schema-graph\">{\"@context\":\"https:\\\/\\\/schema.org\",\"@graph\":[{\"@type\":\"WebPage\",\"@id\":\"https:\\\/\\\/lojasosprofessoratividades.com.br\\\/produto\\\/mural-dia-dos-pais-meu-super-heroi\\\/\",\"url\":\"https:\\\/\\\/lojasosprofessoratividades.com.br\\\/produto\\\/mural-dia-dos-pais-meu-super-heroi\\\/\",\"name\":\"Mural Dia dos Pais - Meu super-Her\u00f3i - Loja SOS Professor Atividades\",\"isPartOf\":{\"@id\":\"https:\\\/\\\/lojasosprofessoratividades.com.br\\\/#website\"},\"primaryImageOfPage\":{\"@id\":\"https:\\\/\\\/lojasosprofessoratividades.com.br\\\/produto\\\/mural-dia-dos-pais-meu-super-heroi\\\/#primaryimage\"},\"image\":{\"@id\":\"https:\\\/\\\/lojasosprofessoratividades.com.br\\\/produto\\\/mural-dia-dos-pais-meu-super-heroi\\\/#primaryimage\"},\"thumbnailUrl\":\"https:\\\/\\\/lojasosprofessoratividades.com.br\\\/wp-content\\\/uploads\\\/2024\\\/07\\\/1-1.jpg\",\"datePublished\":\"2024-07-13T22:34:09+00:00\",\"dateModified\":\"2026-05-08T19:10:56+00:00\",\"description\":\"Crie um mural \u00e9pico para o Dia dos Pais com a imagem do Super-Homem e escudos para colorir! Perfeito para Educa\u00e7\u00e3o Infantil e Ensino Fundamental I.\",\"breadcrumb\":{\"@id\":\"https:\\\/\\\/lojasosprofessoratividades.com.br\\\/produto\\\/mural-dia-dos-pais-meu-super-heroi\\\/#breadcrumb\"},\"inLanguage\":\"en-US\",\"potentialAction\":[{\"@type\":\"ReadAction\",\"target\":[\"https:\\\/\\\/lojasosprofessoratividades.com.br\\\/produto\\\/mural-dia-dos-pais-meu-super-heroi\\\/\"]}]},{\"@type\":\"ImageObject\",\"inLanguage\":\"en-US\",\"@id\":\"https:\\\/\\\/lojasosprofessoratividades.com.br\\\/produto\\\/mural-dia-dos-pais-meu-super-heroi\\\/#primaryimage\",\"url\":\"https:\\\/\\\/lojasosprofessoratividades.com.br\\\/wp-content\\\/uploads\\\/2024\\\/07\\\/1-1.jpg\",\"contentUrl\":\"https:\\\/\\\/lojasosprofessoratividades.com.br\\\/wp-content\\\/uploads\\\/2024\\\/07\\\/1-1.jpg\",\"width\":800,\"height\":693,\"caption\":\"Mural Dia dos Pais - Meu super-Her\u00f3i\"},{\"@type\":\"BreadcrumbList\",\"@id\":\"https:\\\/\\\/lojasosprofessoratividades.com.br\\\/produto\\\/mural-dia-dos-pais-meu-super-heroi\\\/#breadcrumb\",\"itemListElement\":[{\"@type\":\"ListItem\",\"position\":1,\"name\":\"In\u00edcio\",\"item\":\"https:\\\/\\\/lojasosprofessoratividades.com.br\\\/\"},{\"@type\":\"ListItem\",\"position\":2,\"name\":\"Loja\",\"item\":\"https:\\\/\\\/lojasosprofessoratividades.com.br\\\/loja\\\/\"},{\"@type\":\"ListItem\",\"position\":3,\"name\":\"Mural Dia dos Pais &#8211; Meu super-Her\u00f3i\"}]},{\"@type\":\"WebSite\",\"@id\":\"https:\\\/\\\/lojasosprofessoratividades.com.br\\\/#website\",\"url\":\"https:\\\/\\\/lojasosprofessoratividades.com.br\\\/\",\"name\":\"Loja SOS Professor Atividades\",\"description\":\"Venda de material did\u00e1tico para o ensino fundamental\",\"publisher\":{\"@id\":\"https:\\\/\\\/lojasosprofessoratividades.com.br\\\/#organization\"},\"potentialAction\":[{\"@type\":\"SearchAction\",\"target\":{\"@type\":\"EntryPoint\",\"urlTemplate\":\"https:\\\/\\\/lojasosprofessoratividades.com.br\\\/?s={search_term_string}\"},\"query-input\":{\"@type\":\"PropertyValueSpecification\",\"valueRequired\":true,\"valueName\":\"search_term_string\"}}],\"inLanguage\":\"en-US\"},{\"@type\":\"Organization\",\"@id\":\"https:\\\/\\\/lojasosprofessoratividades.com.br\\\/#organization\",\"name\":\"Loja SOS Professor Atividades\",\"url\":\"https:\\\/\\\/lojasosprofessoratividades.com.br\\\/\",\"logo\":{\"@type\":\"ImageObject\",\"inLanguage\":\"en-US\",\"@id\":\"https:\\\/\\\/lojasosprofessoratividades.com.br\\\/#\\\/schema\\\/logo\\\/image\\\/\",\"url\":\"http:\\\/\\\/lojasosprofessoratividades.com.br\\\/wp-content\\\/uploads\\\/2022\\\/04\\\/Logo.png\",\"contentUrl\":\"http:\\\/\\\/lojasosprofessoratividades.com.br\\\/wp-content\\\/uploads\\\/2022\\\/04\\\/Logo.png\",\"width\":2000,\"height\":2000,\"caption\":\"Loja SOS Professor Atividades\"},\"image\":{\"@id\":\"https:\\\/\\\/lojasosprofessoratividades.com.br\\\/#\\\/schema\\\/logo\\\/image\\\/\"},\"sameAs\":[\"https:\\\/\\\/www.facebook.com\\\/sosprofessoratividades\",\"https:\\\/\\\/www.instagram.com\\\/sosprofessoratividades\\\/\"]}]}<\/script>\n<!-- \/ Yoast SEO plugin. -->","yoast_head_json":{"title":"Mural Dia dos Pais - Meu super-Her\u00f3i - Loja SOS Professor Atividades","description":"Crie um mural \u00e9pico para o Dia dos Pais com a imagem do Super-Homem e escudos para colorir! Perfeito para Educa\u00e7\u00e3o Infantil e Ensino Fundamental I.","robots":{"index":"index","follow":"follow","max-snippet":"max-snippet:-1","max-image-preview":"max-image-preview:large","max-video-preview":"max-video-preview:-1"},"canonical":"https:\/\/lojasosprofessoratividades.com.br\/en\/product\/mural-dia-dos-pais-meu-super-heroi\/","og_locale":"en_US","og_type":"article","og_title":"Mural Dia dos Pais - Meu super-Her\u00f3i - Loja SOS Professor Atividades","og_description":"Crie um mural \u00e9pico para o Dia dos Pais com a imagem do Super-Homem e escudos para colorir! Perfeito para Educa\u00e7\u00e3o Infantil e Ensino Fundamental I.","og_url":"https:\/\/lojasosprofessoratividades.com.br\/en\/product\/mural-dia-dos-pais-meu-super-heroi\/","og_site_name":"Loja SOS Professor Atividades","article_publisher":"https:\/\/www.facebook.com\/sosprofessoratividades","article_modified_time":"2026-05-08T19:10:56+00:00","og_image":[{"width":800,"height":693,"url":"https:\/\/lojasosprofessoratividades.com.br\/wp-content\/uploads\/2024\/07\/1-1.jpg","type":"image\/jpeg"}],"twitter_card":"summary_large_image","twitter_misc":{"Est. reading time":"1 minute"},"schema":{"@context":"https:\/\/schema.org","@graph":[{"@type":"WebPage","@id":"https:\/\/lojasosprofessoratividades.com.br\/produto\/mural-dia-dos-pais-meu-super-heroi\/","url":"https:\/\/lojasosprofessoratividades.com.br\/produto\/mural-dia-dos-pais-meu-super-heroi\/","name":"Mural Dia dos Pais - Meu super-Her\u00f3i - Loja SOS Professor Atividades","isPartOf":{"@id":"https:\/\/lojasosprofessoratividades.com.br\/#website"},"primaryImageOfPage":{"@id":"https:\/\/lojasosprofessoratividades.com.br\/produto\/mural-dia-dos-pais-meu-super-heroi\/#primaryimage"},"image":{"@id":"https:\/\/lojasosprofessoratividades.com.br\/produto\/mural-dia-dos-pais-meu-super-heroi\/#primaryimage"},"thumbnailUrl":"https:\/\/lojasosprofessoratividades.com.br\/wp-content\/uploads\/2024\/07\/1-1.jpg","datePublished":"2024-07-13T22:34:09+00:00","dateModified":"2026-05-08T19:10:56+00:00","description":"Crie um mural \u00e9pico para o Dia dos Pais com a imagem do Super-Homem e escudos para colorir! Perfeito para Educa\u00e7\u00e3o Infantil e Ensino Fundamental I.","breadcrumb":{"@id":"https:\/\/lojasosprofessoratividades.com.br\/produto\/mural-dia-dos-pais-meu-super-heroi\/#breadcrumb"},"inLanguage":"en-US","potentialAction":[{"@type":"ReadAction","target":["https:\/\/lojasosprofessoratividades.com.br\/produto\/mural-dia-dos-pais-meu-super-heroi\/"]}]},{"@type":"ImageObject","inLanguage":"en-US","@id":"https:\/\/lojasosprofessoratividades.com.br\/produto\/mural-dia-dos-pais-meu-super-heroi\/#primaryimage","url":"https:\/\/lojasosprofessoratividades.com.br\/wp-content\/uploads\/2024\/07\/1-1.jpg","contentUrl":"https:\/\/lojasosprofessoratividades.com.br\/wp-content\/uploads\/2024\/07\/1-1.jpg","width":800,"height":693,"caption":"Mural Dia dos Pais - Meu super-Her\u00f3i"},{"@type":"BreadcrumbList","@id":"https:\/\/lojasosprofessoratividades.com.br\/produto\/mural-dia-dos-pais-meu-super-heroi\/#breadcrumb","itemListElement":[{"@type":"ListItem","position":1,"name":"In\u00edcio","item":"https:\/\/lojasosprofessoratividades.com.br\/"},{"@type":"ListItem","position":2,"name":"Loja","item":"https:\/\/lojasosprofessoratividades.com.br\/loja\/"},{"@type":"ListItem","position":3,"name":"Mural Dia dos Pais &#8211; Meu super-Her\u00f3i"}]},{"@type":"WebSite","@id":"https:\/\/lojasosprofessoratividades.com.br\/#website","url":"https:\/\/lojasosprofessoratividades.com.br\/","name":"Loja SOS Professor Atividades","description":"Venda de material did\u00e1tico para o ensino fundamental","publisher":{"@id":"https:\/\/lojasosprofessoratividades.com.br\/#organization"},"potentialAction":[{"@type":"SearchAction","target":{"@type":"EntryPoint","urlTemplate":"https:\/\/lojasosprofessoratividades.com.br\/?s={search_term_string}"},"query-input":{"@type":"PropertyValueSpecification","valueRequired":true,"valueName":"search_term_string"}}],"inLanguage":"en-US"},{"@type":"Organization","@id":"https:\/\/lojasosprofessoratividades.com.br\/#organization","name":"Loja SOS Professor Atividades","url":"https:\/\/lojasosprofessoratividades.com.br\/","logo":{"@type":"ImageObject","inLanguage":"en-US","@id":"https:\/\/lojasosprofessoratividades.com.br\/#\/schema\/logo\/image\/","url":"http:\/\/lojasosprofessoratividades.com.br\/wp-content\/uploads\/2022\/04\/Logo.png","contentUrl":"http:\/\/lojasosprofessoratividades.com.br\/wp-content\/uploads\/2022\/04\/Logo.png","width":2000,"height":2000,"caption":"Loja SOS Professor Atividades"},"image":{"@id":"https:\/\/lojasosprofessoratividades.com.br\/#\/schema\/logo\/image\/"},"sameAs":["https:\/\/www.facebook.com\/sosprofessoratividades","https:\/\/www.instagram.com\/sosprofessoratividades\/"]}]}},"_links":{"self":[{"href":"https:\/\/lojasosprofessoratividades.com.br\/en\/wp-json\/wp\/v2\/product\/31104","targetHints":{"allow":["GET"]}}],"collection":[{"href":"https:\/\/lojasosprofessoratividades.com.br\/en\/wp-json\/wp\/v2\/product"}],"about":[{"href":"https:\/\/lojasosprofessoratividades.com.br\/en\/wp-json\/wp\/v2\/types\/product"}],"replies":[{"embeddable":true,"href":"https:\/\/lojasosprofessoratividades.com.br\/en\/wp-json\/wp\/v2\/comments?post=31104"}],"wp:featuredmedia":[{"embeddable":true,"href":"https:\/\/lojasosprofessoratividades.com.br\/en\/wp-json\/wp\/v2\/media\/31106"}],"wp:attachment":[{"href":"https:\/\/lojasosprofessoratividades.com.br\/en\/wp-json\/wp\/v2\/media?parent=31104"}],"wp:term":[{"taxonomy":"product_brand","embeddable":true,"href":"https:\/\/lojasosprofessoratividades.com.br\/en\/wp-json\/wp\/v2\/product_brand?post=31104"},{"taxonomy":"product_cat","embeddable":true,"href":"https:\/\/lojasosprofessoratividades.com.br\/en\/wp-json\/wp\/v2\/product_cat?post=31104"},{"taxonomy":"product_tag","embeddable":true,"href":"https:\/\/lojasosprofessoratividades.com.br\/en\/wp-json\/wp\/v2\/product_tag?post=31104"}],"curies":[{"name":"wp","href":"https:\/\/api.w.org\/{rel}","templated":true}]}}