{"id":31204,"date":"2025-08-13T07:00:31","date_gmt":"2025-08-13T10:00:31","guid":{"rendered":"https:\/\/lojasosprofessoratividades.com.br\/?post_type=product&#038;p=31204"},"modified":"2026-05-08T15:27:53","modified_gmt":"2026-05-08T18:27:53","slug":"lendas-fascinantes-do-brasil","status":"publish","type":"product","link":"https:\/\/lojasosprofessoratividades.com.br\/en\/product\/lendas-fascinantes-do-brasil\/","title":{"rendered":"Lendas fascinantes do Brasil"},"content":{"rendered":"","protected":false},"excerpt":{"rendered":"<p>Professores do Ensino Fundamental, temos uma novidade incr\u00edvel para enriquecer suas aulas!<\/p>\n<p>Apresentamos o arquivo <strong>&#8220;Lendas Fascinantes do Brasil&#8221;<\/strong>, um recurso pedag\u00f3gico valioso que oferece uma cole\u00e7\u00e3o de lendas populares do folclore brasileiro com atividades envolventes, perfeitamente adequadas para alunos do 1\u00ba ao 5\u00ba ano.<\/p>\n<h3>\ud83d\udcd6 Lendas Inclu\u00eddas:<\/h3>\n<ul>\n<li><strong>Lenda do Guaran\u00e1<\/strong><\/li>\n<li><strong>Saci Perer\u00ea<\/strong><\/li>\n<li><strong>Boitat\u00e1<\/strong><\/li>\n<li><strong>Matinta Pereira<\/strong><\/li>\n<li><strong>Iara<\/strong><\/li>\n<li><strong>Lobisomem<\/strong><\/li>\n<li><strong>Mula sem Cabe\u00e7a<\/strong><\/li>\n<li><strong>Cuca<\/strong><\/li>\n<li><strong>Curupira<\/strong><\/li>\n<li><strong>Boto Rosa<\/strong><\/li>\n<li><strong>Erva-Mate<\/strong><\/li>\n<li><strong>Vit\u00f3ria-R\u00e9gia<\/strong><\/li>\n<\/ul>\n<h3>\u00a0Orienta\u00e7\u00f5es para o Uso:<\/h3>\n<p>Este material pode ser utilizado em todas as s\u00e9ries do 1\u00ba ao 5\u00ba ano, com a media\u00e7\u00e3o do professor ajustando o n\u00edvel de complexidade conforme a turma. Inclui sugest\u00f5es de atividades como desenhos, dramatiza\u00e7\u00f5es, produ\u00e7\u00f5es textuais e cria\u00e7\u00e3o de murais tem\u00e1ticos.<\/p>\n<p><strong>N\u00e3o<\/strong> edit\u00e1vel.<\/p>\n<h3>N\u00e3o enviamos por e-mail, a entrega \u00e9 via link para download. \ud83d\udc47<\/h3>\n<p><img loading=\"lazy\" decoding=\"async\" class=\"alignnone wp-image-30821 size-full\" src=\"https:\/\/lojasosprofessoratividades.com.br\/wp-content\/uploads\/2024\/06\/Aviso-Loja.jpg\" alt=\"\" width=\"446\" height=\"251\" srcset=\"https:\/\/lojasosprofessoratividades.com.br\/wp-content\/uploads\/2024\/06\/Aviso-Loja.jpg 446w, https:\/\/lojasosprofessoratividades.com.br\/wp-content\/uploads\/2024\/06\/Aviso-Loja-300x169.jpg 300w, https:\/\/lojasosprofessoratividades.com.br\/wp-content\/uploads\/2024\/06\/Aviso-Loja-18x10.jpg 18w\" sizes=\"auto, (max-width: 446px) 100vw, 446px\" \/><\/p>","protected":false},"featured_media":31205,"comment_status":"open","ping_status":"closed","template":"","meta":[],"product_brand":[],"product_cat":[122,123,124,125,127,218,214,210,216,212,217,213,209,215,211],"product_tag":[579,551,578,245,544,577,574,575,564,576],"class_list":{"0":"post-31204","1":"product","2":"type-product","3":"status-publish","4":"has-post-thumbnail","6":"product_cat-1o-ano","7":"product_cat-2o-ano","8":"product_cat-3o-ano","9":"product_cat-4o-ano","10":"product_cat-5o-ano","11":"product_cat-data-comemorativa-5-ano","12":"product_cat-data-comemorativa-3-ano","13":"product_cat-data-comemorativa-1-ano","14":"product_cat-data-comemorativa-4-ano","15":"product_cat-data-comemorativa-2-ano","16":"product_cat-recursos-didaticos-5-ano","17":"product_cat-recursos-didaticos-3-ano","18":"product_cat-recursos-didaticos-1-ano","19":"product_cat-recursos-didaticos-4-ano","20":"product_cat-recursos-didaticos-2-ano","21":"product_tag-atividades-educativas","22":"product_tag-cultura-brasileira","23":"product_tag-curupira","24":"product_tag-ensino-fundamental","25":"product_tag-folclore-brasileiro","26":"product_tag-iara","27":"product_tag-lendas-brasileiras","28":"product_tag-lendas-do-brasil","29":"product_tag-recursos-pedagogicos","30":"product_tag-saci-perere","32":"first","33":"instock","34":"downloadable","35":"virtual","36":"sold-individually","37":"purchasable","38":"product-type-simple"},"yoast_head":"<!-- This site is optimized with the Yoast SEO plugin v27.6 - https:\/\/yoast.com\/product\/yoast-seo-wordpress\/ -->\n<title>Lendas fascinantes do Brasil - Loja SOS Professor Atividades<\/title>\n<meta name=\"description\" content=\"Lendas Fascinantes do Brasil&quot;: 13 lendas folcl\u00f3ricas com atividades pedag\u00f3gicas criativas para alunos do 1\u00ba ao 5\u00ba ano. Ideal para sala de aula!\" \/>\n<meta name=\"robots\" content=\"index, follow, max-snippet:-1, max-image-preview:large, max-video-preview:-1\" \/>\n<link rel=\"canonical\" href=\"https:\/\/lojasosprofessoratividades.com.br\/en\/product\/lendas-fascinantes-do-brasil\/\" \/>\n<meta property=\"og:locale\" content=\"en_US\" \/>\n<meta property=\"og:type\" content=\"article\" \/>\n<meta property=\"og:title\" content=\"Lendas fascinantes do Brasil - Loja SOS Professor Atividades\" \/>\n<meta property=\"og:description\" content=\"Lendas Fascinantes do Brasil&quot;: 13 lendas folcl\u00f3ricas com atividades pedag\u00f3gicas criativas para alunos do 1\u00ba ao 5\u00ba ano. Ideal para sala de aula!\" \/>\n<meta property=\"og:url\" content=\"https:\/\/lojasosprofessoratividades.com.br\/en\/product\/lendas-fascinantes-do-brasil\/\" \/>\n<meta property=\"og:site_name\" content=\"Loja SOS Professor Atividades\" \/>\n<meta property=\"article:publisher\" content=\"https:\/\/www.facebook.com\/sosprofessoratividades\" \/>\n<meta property=\"article:modified_time\" content=\"2026-05-08T18:27:53+00:00\" \/>\n<meta property=\"og:image\" content=\"https:\/\/lojasosprofessoratividades.com.br\/wp-content\/uploads\/2024\/07\/1-6.jpg\" \/>\n\t<meta property=\"og:image:width\" content=\"800\" \/>\n\t<meta property=\"og:image:height\" content=\"693\" \/>\n\t<meta property=\"og:image:type\" content=\"image\/jpeg\" \/>\n<meta name=\"twitter:card\" content=\"summary_large_image\" \/>\n<meta name=\"twitter:label1\" content=\"Est. reading time\" \/>\n\t<meta name=\"twitter:data1\" content=\"1 minute\" \/>\n<script type=\"application\/ld+json\" class=\"yoast-schema-graph\">{\"@context\":\"https:\\\/\\\/schema.org\",\"@graph\":[{\"@type\":\"WebPage\",\"@id\":\"https:\\\/\\\/lojasosprofessoratividades.com.br\\\/produto\\\/lendas-fascinantes-do-brasil\\\/\",\"url\":\"https:\\\/\\\/lojasosprofessoratividades.com.br\\\/produto\\\/lendas-fascinantes-do-brasil\\\/\",\"name\":\"Lendas fascinantes do Brasil - Loja SOS Professor Atividades\",\"isPartOf\":{\"@id\":\"https:\\\/\\\/lojasosprofessoratividades.com.br\\\/#website\"},\"primaryImageOfPage\":{\"@id\":\"https:\\\/\\\/lojasosprofessoratividades.com.br\\\/produto\\\/lendas-fascinantes-do-brasil\\\/#primaryimage\"},\"image\":{\"@id\":\"https:\\\/\\\/lojasosprofessoratividades.com.br\\\/produto\\\/lendas-fascinantes-do-brasil\\\/#primaryimage\"},\"thumbnailUrl\":\"https:\\\/\\\/lojasosprofessoratividades.com.br\\\/wp-content\\\/uploads\\\/2024\\\/07\\\/1-6.jpg\",\"datePublished\":\"2025-08-13T10:00:31+00:00\",\"dateModified\":\"2026-05-08T18:27:53+00:00\",\"description\":\"Lendas Fascinantes do Brasil\\\": 13 lendas folcl\u00f3ricas com atividades pedag\u00f3gicas criativas para alunos do 1\u00ba ao 5\u00ba ano. Ideal para sala de aula!\",\"breadcrumb\":{\"@id\":\"https:\\\/\\\/lojasosprofessoratividades.com.br\\\/produto\\\/lendas-fascinantes-do-brasil\\\/#breadcrumb\"},\"inLanguage\":\"en-US\",\"potentialAction\":[{\"@type\":\"ReadAction\",\"target\":[\"https:\\\/\\\/lojasosprofessoratividades.com.br\\\/produto\\\/lendas-fascinantes-do-brasil\\\/\"]}]},{\"@type\":\"ImageObject\",\"inLanguage\":\"en-US\",\"@id\":\"https:\\\/\\\/lojasosprofessoratividades.com.br\\\/produto\\\/lendas-fascinantes-do-brasil\\\/#primaryimage\",\"url\":\"https:\\\/\\\/lojasosprofessoratividades.com.br\\\/wp-content\\\/uploads\\\/2024\\\/07\\\/1-6.jpg\",\"contentUrl\":\"https:\\\/\\\/lojasosprofessoratividades.com.br\\\/wp-content\\\/uploads\\\/2024\\\/07\\\/1-6.jpg\",\"width\":800,\"height\":693,\"caption\":\"Lendas fascinantes do Brasil\"},{\"@type\":\"BreadcrumbList\",\"@id\":\"https:\\\/\\\/lojasosprofessoratividades.com.br\\\/produto\\\/lendas-fascinantes-do-brasil\\\/#breadcrumb\",\"itemListElement\":[{\"@type\":\"ListItem\",\"position\":1,\"name\":\"In\u00edcio\",\"item\":\"https:\\\/\\\/lojasosprofessoratividades.com.br\\\/\"},{\"@type\":\"ListItem\",\"position\":2,\"name\":\"Loja\",\"item\":\"https:\\\/\\\/lojasosprofessoratividades.com.br\\\/loja\\\/\"},{\"@type\":\"ListItem\",\"position\":3,\"name\":\"Lendas fascinantes do Brasil\"}]},{\"@type\":\"WebSite\",\"@id\":\"https:\\\/\\\/lojasosprofessoratividades.com.br\\\/#website\",\"url\":\"https:\\\/\\\/lojasosprofessoratividades.com.br\\\/\",\"name\":\"Loja SOS Professor Atividades\",\"description\":\"Venda de material did\u00e1tico para o ensino fundamental\",\"publisher\":{\"@id\":\"https:\\\/\\\/lojasosprofessoratividades.com.br\\\/#organization\"},\"potentialAction\":[{\"@type\":\"SearchAction\",\"target\":{\"@type\":\"EntryPoint\",\"urlTemplate\":\"https:\\\/\\\/lojasosprofessoratividades.com.br\\\/?s={search_term_string}\"},\"query-input\":{\"@type\":\"PropertyValueSpecification\",\"valueRequired\":true,\"valueName\":\"search_term_string\"}}],\"inLanguage\":\"en-US\"},{\"@type\":\"Organization\",\"@id\":\"https:\\\/\\\/lojasosprofessoratividades.com.br\\\/#organization\",\"name\":\"Loja SOS Professor Atividades\",\"url\":\"https:\\\/\\\/lojasosprofessoratividades.com.br\\\/\",\"logo\":{\"@type\":\"ImageObject\",\"inLanguage\":\"en-US\",\"@id\":\"https:\\\/\\\/lojasosprofessoratividades.com.br\\\/#\\\/schema\\\/logo\\\/image\\\/\",\"url\":\"http:\\\/\\\/lojasosprofessoratividades.com.br\\\/wp-content\\\/uploads\\\/2022\\\/04\\\/Logo.png\",\"contentUrl\":\"http:\\\/\\\/lojasosprofessoratividades.com.br\\\/wp-content\\\/uploads\\\/2022\\\/04\\\/Logo.png\",\"width\":2000,\"height\":2000,\"caption\":\"Loja SOS Professor Atividades\"},\"image\":{\"@id\":\"https:\\\/\\\/lojasosprofessoratividades.com.br\\\/#\\\/schema\\\/logo\\\/image\\\/\"},\"sameAs\":[\"https:\\\/\\\/www.facebook.com\\\/sosprofessoratividades\",\"https:\\\/\\\/www.instagram.com\\\/sosprofessoratividades\\\/\"]}]}<\/script>\n<!-- \/ Yoast SEO plugin. -->","yoast_head_json":{"title":"Lendas fascinantes do Brasil - Loja SOS Professor Atividades","description":"Lendas Fascinantes do Brasil\": 13 lendas folcl\u00f3ricas com atividades pedag\u00f3gicas criativas para alunos do 1\u00ba ao 5\u00ba ano. Ideal para sala de aula!","robots":{"index":"index","follow":"follow","max-snippet":"max-snippet:-1","max-image-preview":"max-image-preview:large","max-video-preview":"max-video-preview:-1"},"canonical":"https:\/\/lojasosprofessoratividades.com.br\/en\/product\/lendas-fascinantes-do-brasil\/","og_locale":"en_US","og_type":"article","og_title":"Lendas fascinantes do Brasil - Loja SOS Professor Atividades","og_description":"Lendas Fascinantes do Brasil\": 13 lendas folcl\u00f3ricas com atividades pedag\u00f3gicas criativas para alunos do 1\u00ba ao 5\u00ba ano. Ideal para sala de aula!","og_url":"https:\/\/lojasosprofessoratividades.com.br\/en\/product\/lendas-fascinantes-do-brasil\/","og_site_name":"Loja SOS Professor Atividades","article_publisher":"https:\/\/www.facebook.com\/sosprofessoratividades","article_modified_time":"2026-05-08T18:27:53+00:00","og_image":[{"width":800,"height":693,"url":"https:\/\/lojasosprofessoratividades.com.br\/wp-content\/uploads\/2024\/07\/1-6.jpg","type":"image\/jpeg"}],"twitter_card":"summary_large_image","twitter_misc":{"Est. reading time":"1 minute"},"schema":{"@context":"https:\/\/schema.org","@graph":[{"@type":"WebPage","@id":"https:\/\/lojasosprofessoratividades.com.br\/produto\/lendas-fascinantes-do-brasil\/","url":"https:\/\/lojasosprofessoratividades.com.br\/produto\/lendas-fascinantes-do-brasil\/","name":"Lendas fascinantes do Brasil - Loja SOS Professor Atividades","isPartOf":{"@id":"https:\/\/lojasosprofessoratividades.com.br\/#website"},"primaryImageOfPage":{"@id":"https:\/\/lojasosprofessoratividades.com.br\/produto\/lendas-fascinantes-do-brasil\/#primaryimage"},"image":{"@id":"https:\/\/lojasosprofessoratividades.com.br\/produto\/lendas-fascinantes-do-brasil\/#primaryimage"},"thumbnailUrl":"https:\/\/lojasosprofessoratividades.com.br\/wp-content\/uploads\/2024\/07\/1-6.jpg","datePublished":"2025-08-13T10:00:31+00:00","dateModified":"2026-05-08T18:27:53+00:00","description":"Lendas Fascinantes do Brasil\": 13 lendas folcl\u00f3ricas com atividades pedag\u00f3gicas criativas para alunos do 1\u00ba ao 5\u00ba ano. Ideal para sala de aula!","breadcrumb":{"@id":"https:\/\/lojasosprofessoratividades.com.br\/produto\/lendas-fascinantes-do-brasil\/#breadcrumb"},"inLanguage":"en-US","potentialAction":[{"@type":"ReadAction","target":["https:\/\/lojasosprofessoratividades.com.br\/produto\/lendas-fascinantes-do-brasil\/"]}]},{"@type":"ImageObject","inLanguage":"en-US","@id":"https:\/\/lojasosprofessoratividades.com.br\/produto\/lendas-fascinantes-do-brasil\/#primaryimage","url":"https:\/\/lojasosprofessoratividades.com.br\/wp-content\/uploads\/2024\/07\/1-6.jpg","contentUrl":"https:\/\/lojasosprofessoratividades.com.br\/wp-content\/uploads\/2024\/07\/1-6.jpg","width":800,"height":693,"caption":"Lendas fascinantes do Brasil"},{"@type":"BreadcrumbList","@id":"https:\/\/lojasosprofessoratividades.com.br\/produto\/lendas-fascinantes-do-brasil\/#breadcrumb","itemListElement":[{"@type":"ListItem","position":1,"name":"In\u00edcio","item":"https:\/\/lojasosprofessoratividades.com.br\/"},{"@type":"ListItem","position":2,"name":"Loja","item":"https:\/\/lojasosprofessoratividades.com.br\/loja\/"},{"@type":"ListItem","position":3,"name":"Lendas fascinantes do Brasil"}]},{"@type":"WebSite","@id":"https:\/\/lojasosprofessoratividades.com.br\/#website","url":"https:\/\/lojasosprofessoratividades.com.br\/","name":"Loja SOS Professor Atividades","description":"Venda de material did\u00e1tico para o ensino fundamental","publisher":{"@id":"https:\/\/lojasosprofessoratividades.com.br\/#organization"},"potentialAction":[{"@type":"SearchAction","target":{"@type":"EntryPoint","urlTemplate":"https:\/\/lojasosprofessoratividades.com.br\/?s={search_term_string}"},"query-input":{"@type":"PropertyValueSpecification","valueRequired":true,"valueName":"search_term_string"}}],"inLanguage":"en-US"},{"@type":"Organization","@id":"https:\/\/lojasosprofessoratividades.com.br\/#organization","name":"Loja SOS Professor Atividades","url":"https:\/\/lojasosprofessoratividades.com.br\/","logo":{"@type":"ImageObject","inLanguage":"en-US","@id":"https:\/\/lojasosprofessoratividades.com.br\/#\/schema\/logo\/image\/","url":"http:\/\/lojasosprofessoratividades.com.br\/wp-content\/uploads\/2022\/04\/Logo.png","contentUrl":"http:\/\/lojasosprofessoratividades.com.br\/wp-content\/uploads\/2022\/04\/Logo.png","width":2000,"height":2000,"caption":"Loja SOS Professor Atividades"},"image":{"@id":"https:\/\/lojasosprofessoratividades.com.br\/#\/schema\/logo\/image\/"},"sameAs":["https:\/\/www.facebook.com\/sosprofessoratividades","https:\/\/www.instagram.com\/sosprofessoratividades\/"]}]}},"_links":{"self":[{"href":"https:\/\/lojasosprofessoratividades.com.br\/en\/wp-json\/wp\/v2\/product\/31204","targetHints":{"allow":["GET"]}}],"collection":[{"href":"https:\/\/lojasosprofessoratividades.com.br\/en\/wp-json\/wp\/v2\/product"}],"about":[{"href":"https:\/\/lojasosprofessoratividades.com.br\/en\/wp-json\/wp\/v2\/types\/product"}],"replies":[{"embeddable":true,"href":"https:\/\/lojasosprofessoratividades.com.br\/en\/wp-json\/wp\/v2\/comments?post=31204"}],"wp:featuredmedia":[{"embeddable":true,"href":"https:\/\/lojasosprofessoratividades.com.br\/en\/wp-json\/wp\/v2\/media\/31205"}],"wp:attachment":[{"href":"https:\/\/lojasosprofessoratividades.com.br\/en\/wp-json\/wp\/v2\/media?parent=31204"}],"wp:term":[{"taxonomy":"product_brand","embeddable":true,"href":"https:\/\/lojasosprofessoratividades.com.br\/en\/wp-json\/wp\/v2\/product_brand?post=31204"},{"taxonomy":"product_cat","embeddable":true,"href":"https:\/\/lojasosprofessoratividades.com.br\/en\/wp-json\/wp\/v2\/product_cat?post=31204"},{"taxonomy":"product_tag","embeddable":true,"href":"https:\/\/lojasosprofessoratividades.com.br\/en\/wp-json\/wp\/v2\/product_tag?post=31204"}],"curies":[{"name":"wp","href":"https:\/\/api.w.org\/{rel}","templated":true}]}}