{"id":31233,"date":"2024-07-31T23:02:07","date_gmt":"2024-08-01T02:02:07","guid":{"rendered":"https:\/\/lojasosprofessoratividades.com.br\/?post_type=product&#038;p=31233"},"modified":"2026-05-08T16:01:38","modified_gmt":"2026-05-08T19:01:38","slug":"transformacoes-nos-materiais-do-dia-a-dia","status":"publish","type":"product","link":"https:\/\/lojasosprofessoratividades.com.br\/en\/product\/transformacoes-nos-materiais-do-dia-a-dia\/","title":{"rendered":"Transforma\u00e7\u00f5es nos materiais do dia a dia"},"content":{"rendered":"","protected":false},"excerpt":{"rendered":"<h3><strong>O que est\u00e1 inclu\u00eddo:<\/strong><\/h3>\n<ol>\n<li><strong>Texto Explicativo com Atividades:<\/strong>\n<ul>\n<li>Uma explica\u00e7\u00e3o clara e acess\u00edvel sobre as transforma\u00e7\u00f5es que os materiais sofrem quando expostos a diferentes condi\u00e7\u00f5es (aquecimento, resfriamento, luz e umidade).<\/li>\n<li>Atividades para ajudar os alunos a compreenderem melhor o conte\u00fado.<\/li>\n<\/ul>\n<\/li>\n<li><strong>Roteiro de Experi\u00eancia:<\/strong>\n<ul>\n<li>Um experimento onde os alunos poder\u00e3o observar o derretimento do chocolate ao calor do sol.<\/li>\n<li>Passo a passo detalhado para garantir que a experi\u00eancia seja segura e educativa.<\/li>\n<\/ul>\n<\/li>\n<li><strong>Ficha de Anota\u00e7\u00f5es para os Alunos:<\/strong>\n<ul>\n<li>Uma ficha pr\u00e1tica para que os alunos registrem as etapas do experimento, suas observa\u00e7\u00f5es e conclus\u00f5es.<\/li>\n<\/ul>\n<\/li>\n<li><strong>Gabarito:<\/strong>\n<ul>\n<li>Respostas e orienta\u00e7\u00f5es para facilitar a corre\u00e7\u00e3o das atividades.<\/li>\n<\/ul>\n<\/li>\n<li><strong>Brinde Especial:<\/strong>\n<ul>\n<li>Um belo cartaz <strong>&#8220;Dia de Experi\u00eancia&#8221;<\/strong> para enfeitar a sala de aula e estimular a curiosidade e participa\u00e7\u00e3o dos alunos.<\/li>\n<\/ul>\n<\/li>\n<\/ol>\n<p><strong>N\u00e3o<\/strong> edit\u00e1vel<\/p>\n<p><em><strong>Entrega via link para download.<\/strong><\/em><\/p>\n<p><img loading=\"lazy\" decoding=\"async\" class=\"alignnone wp-image-30821 size-full\" src=\"https:\/\/lojasosprofessoratividades.com.br\/wp-content\/uploads\/2024\/06\/Aviso-Loja.jpg\" alt=\"\" width=\"446\" height=\"251\" srcset=\"https:\/\/lojasosprofessoratividades.com.br\/wp-content\/uploads\/2024\/06\/Aviso-Loja.jpg 446w, https:\/\/lojasosprofessoratividades.com.br\/wp-content\/uploads\/2024\/06\/Aviso-Loja-300x169.jpg 300w, https:\/\/lojasosprofessoratividades.com.br\/wp-content\/uploads\/2024\/06\/Aviso-Loja-18x10.jpg 18w\" sizes=\"auto, (max-width: 446px) 100vw, 446px\" \/><\/p>","protected":false},"featured_media":31236,"comment_status":"open","ping_status":"closed","template":"","meta":[],"product_brand":[],"product_cat":[125,196],"product_tag":[253,584,546,583,278,556,585,493,581,586,587,234,582,580],"class_list":{"0":"post-31233","1":"product","2":"type-product","3":"status-publish","4":"has-post-thumbnail","6":"product_cat-4o-ano","7":"product_cat-ciencias-4-ano","8":"product_tag-4o-ano","9":"product_tag-aprendizado-ativo","10":"product_tag-atividades-pedagogicas","11":"product_tag-cartaz-dia-de-experiencia","12":"product_tag-ciencias","13":"product_tag-educacao","14":"product_tag-engajamento-dos-alunos","15":"product_tag-ensino-fundamental-1","16":"product_tag-experiencias-cientificas","17":"product_tag-ficha-de-anotacoes","18":"product_tag-gabarito","19":"product_tag-recursos-didaticos","20":"product_tag-roteiro-de-experimento","21":"product_tag-transformacoes-dos-materiais","23":"first","24":"instock","25":"downloadable","26":"virtual","27":"sold-individually","28":"purchasable","29":"product-type-simple"},"yoast_head":"<!-- This site is optimized with the Yoast SEO plugin v27.5 - https:\/\/yoast.com\/product\/yoast-seo-wordpress\/ -->\n<title>Transforma\u00e7\u00f5es nos materiais do dia a dia - Loja SOS Professor Atividades<\/title>\n<meta name=\"description\" content=\"Transforma\u00e7\u00f5es nos Materiais do Dia a Dia&quot; para professores do 4\u00ba ano do Ensino Fundamental 1. Inclui texto explicativo, atividades pr\u00e1ticas, roteiro de experi\u00eancia, ficha de anota\u00e7\u00f5es, gabarito e um cartaz &quot;Dia de Experi\u00eancia&quot; para estimular a curiosidade dos alunos.\" \/>\n<meta name=\"robots\" content=\"index, follow, max-snippet:-1, max-image-preview:large, max-video-preview:-1\" \/>\n<link rel=\"canonical\" href=\"https:\/\/lojasosprofessoratividades.com.br\/en\/product\/transformacoes-nos-materiais-do-dia-a-dia\/\" \/>\n<meta property=\"og:locale\" content=\"en_US\" \/>\n<meta property=\"og:type\" content=\"article\" \/>\n<meta property=\"og:title\" content=\"Transforma\u00e7\u00f5es nos materiais do dia a dia - Loja SOS Professor Atividades\" \/>\n<meta property=\"og:description\" content=\"Transforma\u00e7\u00f5es nos Materiais do Dia a Dia&quot; para professores do 4\u00ba ano do Ensino Fundamental 1. Inclui texto explicativo, atividades pr\u00e1ticas, roteiro de experi\u00eancia, ficha de anota\u00e7\u00f5es, gabarito e um cartaz &quot;Dia de Experi\u00eancia&quot; para estimular a curiosidade dos alunos.\" \/>\n<meta property=\"og:url\" content=\"https:\/\/lojasosprofessoratividades.com.br\/en\/product\/transformacoes-nos-materiais-do-dia-a-dia\/\" \/>\n<meta property=\"og:site_name\" content=\"Loja SOS Professor Atividades\" \/>\n<meta property=\"article:publisher\" content=\"https:\/\/www.facebook.com\/sosprofessoratividades\" \/>\n<meta property=\"article:modified_time\" content=\"2026-05-08T19:01:38+00:00\" \/>\n<meta property=\"og:image\" content=\"https:\/\/lojasosprofessoratividades.com.br\/wp-content\/uploads\/2024\/07\/1-7.jpg\" \/>\n\t<meta property=\"og:image:width\" content=\"800\" \/>\n\t<meta property=\"og:image:height\" content=\"693\" \/>\n\t<meta property=\"og:image:type\" content=\"image\/jpeg\" \/>\n<meta name=\"twitter:card\" content=\"summary_large_image\" \/>\n<meta name=\"twitter:label1\" content=\"Est. reading time\" \/>\n\t<meta name=\"twitter:data1\" content=\"1 minute\" \/>\n<script type=\"application\/ld+json\" class=\"yoast-schema-graph\">{\"@context\":\"https:\\\/\\\/schema.org\",\"@graph\":[{\"@type\":\"WebPage\",\"@id\":\"https:\\\/\\\/lojasosprofessoratividades.com.br\\\/produto\\\/transformacoes-nos-materiais-do-dia-a-dia\\\/\",\"url\":\"https:\\\/\\\/lojasosprofessoratividades.com.br\\\/produto\\\/transformacoes-nos-materiais-do-dia-a-dia\\\/\",\"name\":\"Transforma\u00e7\u00f5es nos materiais do dia a dia - Loja SOS Professor Atividades\",\"isPartOf\":{\"@id\":\"https:\\\/\\\/lojasosprofessoratividades.com.br\\\/#website\"},\"primaryImageOfPage\":{\"@id\":\"https:\\\/\\\/lojasosprofessoratividades.com.br\\\/produto\\\/transformacoes-nos-materiais-do-dia-a-dia\\\/#primaryimage\"},\"image\":{\"@id\":\"https:\\\/\\\/lojasosprofessoratividades.com.br\\\/produto\\\/transformacoes-nos-materiais-do-dia-a-dia\\\/#primaryimage\"},\"thumbnailUrl\":\"https:\\\/\\\/lojasosprofessoratividades.com.br\\\/wp-content\\\/uploads\\\/2024\\\/07\\\/1-7.jpg\",\"datePublished\":\"2024-08-01T02:02:07+00:00\",\"dateModified\":\"2026-05-08T19:01:38+00:00\",\"description\":\"Transforma\u00e7\u00f5es nos Materiais do Dia a Dia\\\" para professores do 4\u00ba ano do Ensino Fundamental 1. Inclui texto explicativo, atividades pr\u00e1ticas, roteiro de experi\u00eancia, ficha de anota\u00e7\u00f5es, gabarito e um cartaz \\\"Dia de Experi\u00eancia\\\" para estimular a curiosidade dos alunos.\",\"breadcrumb\":{\"@id\":\"https:\\\/\\\/lojasosprofessoratividades.com.br\\\/produto\\\/transformacoes-nos-materiais-do-dia-a-dia\\\/#breadcrumb\"},\"inLanguage\":\"en-US\",\"potentialAction\":[{\"@type\":\"ReadAction\",\"target\":[\"https:\\\/\\\/lojasosprofessoratividades.com.br\\\/produto\\\/transformacoes-nos-materiais-do-dia-a-dia\\\/\"]}]},{\"@type\":\"ImageObject\",\"inLanguage\":\"en-US\",\"@id\":\"https:\\\/\\\/lojasosprofessoratividades.com.br\\\/produto\\\/transformacoes-nos-materiais-do-dia-a-dia\\\/#primaryimage\",\"url\":\"https:\\\/\\\/lojasosprofessoratividades.com.br\\\/wp-content\\\/uploads\\\/2024\\\/07\\\/1-7.jpg\",\"contentUrl\":\"https:\\\/\\\/lojasosprofessoratividades.com.br\\\/wp-content\\\/uploads\\\/2024\\\/07\\\/1-7.jpg\",\"width\":800,\"height\":693,\"caption\":\"Transforma\u00e7\u00f5es nos materiais do dia a dia\"},{\"@type\":\"BreadcrumbList\",\"@id\":\"https:\\\/\\\/lojasosprofessoratividades.com.br\\\/produto\\\/transformacoes-nos-materiais-do-dia-a-dia\\\/#breadcrumb\",\"itemListElement\":[{\"@type\":\"ListItem\",\"position\":1,\"name\":\"In\u00edcio\",\"item\":\"https:\\\/\\\/lojasosprofessoratividades.com.br\\\/\"},{\"@type\":\"ListItem\",\"position\":2,\"name\":\"Loja\",\"item\":\"https:\\\/\\\/lojasosprofessoratividades.com.br\\\/loja\\\/\"},{\"@type\":\"ListItem\",\"position\":3,\"name\":\"Transforma\u00e7\u00f5es nos materiais do dia a dia\"}]},{\"@type\":\"WebSite\",\"@id\":\"https:\\\/\\\/lojasosprofessoratividades.com.br\\\/#website\",\"url\":\"https:\\\/\\\/lojasosprofessoratividades.com.br\\\/\",\"name\":\"Loja SOS Professor Atividades\",\"description\":\"Venda de material did\u00e1tico para o ensino fundamental\",\"publisher\":{\"@id\":\"https:\\\/\\\/lojasosprofessoratividades.com.br\\\/#organization\"},\"potentialAction\":[{\"@type\":\"SearchAction\",\"target\":{\"@type\":\"EntryPoint\",\"urlTemplate\":\"https:\\\/\\\/lojasosprofessoratividades.com.br\\\/?s={search_term_string}\"},\"query-input\":{\"@type\":\"PropertyValueSpecification\",\"valueRequired\":true,\"valueName\":\"search_term_string\"}}],\"inLanguage\":\"en-US\"},{\"@type\":\"Organization\",\"@id\":\"https:\\\/\\\/lojasosprofessoratividades.com.br\\\/#organization\",\"name\":\"Loja SOS Professor Atividades\",\"url\":\"https:\\\/\\\/lojasosprofessoratividades.com.br\\\/\",\"logo\":{\"@type\":\"ImageObject\",\"inLanguage\":\"en-US\",\"@id\":\"https:\\\/\\\/lojasosprofessoratividades.com.br\\\/#\\\/schema\\\/logo\\\/image\\\/\",\"url\":\"http:\\\/\\\/lojasosprofessoratividades.com.br\\\/wp-content\\\/uploads\\\/2022\\\/04\\\/Logo.png\",\"contentUrl\":\"http:\\\/\\\/lojasosprofessoratividades.com.br\\\/wp-content\\\/uploads\\\/2022\\\/04\\\/Logo.png\",\"width\":2000,\"height\":2000,\"caption\":\"Loja SOS Professor Atividades\"},\"image\":{\"@id\":\"https:\\\/\\\/lojasosprofessoratividades.com.br\\\/#\\\/schema\\\/logo\\\/image\\\/\"},\"sameAs\":[\"https:\\\/\\\/www.facebook.com\\\/sosprofessoratividades\",\"https:\\\/\\\/www.instagram.com\\\/sosprofessoratividades\\\/\"]}]}<\/script>\n<!-- \/ Yoast SEO plugin. -->","yoast_head_json":{"title":"Transforma\u00e7\u00f5es nos materiais do dia a dia - Loja SOS Professor Atividades","description":"Transforma\u00e7\u00f5es nos Materiais do Dia a Dia\" para professores do 4\u00ba ano do Ensino Fundamental 1. Inclui texto explicativo, atividades pr\u00e1ticas, roteiro de experi\u00eancia, ficha de anota\u00e7\u00f5es, gabarito e um cartaz \"Dia de Experi\u00eancia\" para estimular a curiosidade dos alunos.","robots":{"index":"index","follow":"follow","max-snippet":"max-snippet:-1","max-image-preview":"max-image-preview:large","max-video-preview":"max-video-preview:-1"},"canonical":"https:\/\/lojasosprofessoratividades.com.br\/en\/product\/transformacoes-nos-materiais-do-dia-a-dia\/","og_locale":"en_US","og_type":"article","og_title":"Transforma\u00e7\u00f5es nos materiais do dia a dia - Loja SOS Professor Atividades","og_description":"Transforma\u00e7\u00f5es nos Materiais do Dia a Dia\" para professores do 4\u00ba ano do Ensino Fundamental 1. Inclui texto explicativo, atividades pr\u00e1ticas, roteiro de experi\u00eancia, ficha de anota\u00e7\u00f5es, gabarito e um cartaz \"Dia de Experi\u00eancia\" para estimular a curiosidade dos alunos.","og_url":"https:\/\/lojasosprofessoratividades.com.br\/en\/product\/transformacoes-nos-materiais-do-dia-a-dia\/","og_site_name":"Loja SOS Professor Atividades","article_publisher":"https:\/\/www.facebook.com\/sosprofessoratividades","article_modified_time":"2026-05-08T19:01:38+00:00","og_image":[{"width":800,"height":693,"url":"https:\/\/lojasosprofessoratividades.com.br\/wp-content\/uploads\/2024\/07\/1-7.jpg","type":"image\/jpeg"}],"twitter_card":"summary_large_image","twitter_misc":{"Est. reading time":"1 minute"},"schema":{"@context":"https:\/\/schema.org","@graph":[{"@type":"WebPage","@id":"https:\/\/lojasosprofessoratividades.com.br\/produto\/transformacoes-nos-materiais-do-dia-a-dia\/","url":"https:\/\/lojasosprofessoratividades.com.br\/produto\/transformacoes-nos-materiais-do-dia-a-dia\/","name":"Transforma\u00e7\u00f5es nos materiais do dia a dia - Loja SOS Professor Atividades","isPartOf":{"@id":"https:\/\/lojasosprofessoratividades.com.br\/#website"},"primaryImageOfPage":{"@id":"https:\/\/lojasosprofessoratividades.com.br\/produto\/transformacoes-nos-materiais-do-dia-a-dia\/#primaryimage"},"image":{"@id":"https:\/\/lojasosprofessoratividades.com.br\/produto\/transformacoes-nos-materiais-do-dia-a-dia\/#primaryimage"},"thumbnailUrl":"https:\/\/lojasosprofessoratividades.com.br\/wp-content\/uploads\/2024\/07\/1-7.jpg","datePublished":"2024-08-01T02:02:07+00:00","dateModified":"2026-05-08T19:01:38+00:00","description":"Transforma\u00e7\u00f5es nos Materiais do Dia a Dia\" para professores do 4\u00ba ano do Ensino Fundamental 1. Inclui texto explicativo, atividades pr\u00e1ticas, roteiro de experi\u00eancia, ficha de anota\u00e7\u00f5es, gabarito e um cartaz \"Dia de Experi\u00eancia\" para estimular a curiosidade dos alunos.","breadcrumb":{"@id":"https:\/\/lojasosprofessoratividades.com.br\/produto\/transformacoes-nos-materiais-do-dia-a-dia\/#breadcrumb"},"inLanguage":"en-US","potentialAction":[{"@type":"ReadAction","target":["https:\/\/lojasosprofessoratividades.com.br\/produto\/transformacoes-nos-materiais-do-dia-a-dia\/"]}]},{"@type":"ImageObject","inLanguage":"en-US","@id":"https:\/\/lojasosprofessoratividades.com.br\/produto\/transformacoes-nos-materiais-do-dia-a-dia\/#primaryimage","url":"https:\/\/lojasosprofessoratividades.com.br\/wp-content\/uploads\/2024\/07\/1-7.jpg","contentUrl":"https:\/\/lojasosprofessoratividades.com.br\/wp-content\/uploads\/2024\/07\/1-7.jpg","width":800,"height":693,"caption":"Transforma\u00e7\u00f5es nos materiais do dia a dia"},{"@type":"BreadcrumbList","@id":"https:\/\/lojasosprofessoratividades.com.br\/produto\/transformacoes-nos-materiais-do-dia-a-dia\/#breadcrumb","itemListElement":[{"@type":"ListItem","position":1,"name":"In\u00edcio","item":"https:\/\/lojasosprofessoratividades.com.br\/"},{"@type":"ListItem","position":2,"name":"Loja","item":"https:\/\/lojasosprofessoratividades.com.br\/loja\/"},{"@type":"ListItem","position":3,"name":"Transforma\u00e7\u00f5es nos materiais do dia a dia"}]},{"@type":"WebSite","@id":"https:\/\/lojasosprofessoratividades.com.br\/#website","url":"https:\/\/lojasosprofessoratividades.com.br\/","name":"Loja SOS Professor Atividades","description":"Venda de material did\u00e1tico para o ensino fundamental","publisher":{"@id":"https:\/\/lojasosprofessoratividades.com.br\/#organization"},"potentialAction":[{"@type":"SearchAction","target":{"@type":"EntryPoint","urlTemplate":"https:\/\/lojasosprofessoratividades.com.br\/?s={search_term_string}"},"query-input":{"@type":"PropertyValueSpecification","valueRequired":true,"valueName":"search_term_string"}}],"inLanguage":"en-US"},{"@type":"Organization","@id":"https:\/\/lojasosprofessoratividades.com.br\/#organization","name":"Loja SOS Professor Atividades","url":"https:\/\/lojasosprofessoratividades.com.br\/","logo":{"@type":"ImageObject","inLanguage":"en-US","@id":"https:\/\/lojasosprofessoratividades.com.br\/#\/schema\/logo\/image\/","url":"http:\/\/lojasosprofessoratividades.com.br\/wp-content\/uploads\/2022\/04\/Logo.png","contentUrl":"http:\/\/lojasosprofessoratividades.com.br\/wp-content\/uploads\/2022\/04\/Logo.png","width":2000,"height":2000,"caption":"Loja SOS Professor Atividades"},"image":{"@id":"https:\/\/lojasosprofessoratividades.com.br\/#\/schema\/logo\/image\/"},"sameAs":["https:\/\/www.facebook.com\/sosprofessoratividades","https:\/\/www.instagram.com\/sosprofessoratividades\/"]}]}},"_links":{"self":[{"href":"https:\/\/lojasosprofessoratividades.com.br\/en\/wp-json\/wp\/v2\/product\/31233","targetHints":{"allow":["GET"]}}],"collection":[{"href":"https:\/\/lojasosprofessoratividades.com.br\/en\/wp-json\/wp\/v2\/product"}],"about":[{"href":"https:\/\/lojasosprofessoratividades.com.br\/en\/wp-json\/wp\/v2\/types\/product"}],"replies":[{"embeddable":true,"href":"https:\/\/lojasosprofessoratividades.com.br\/en\/wp-json\/wp\/v2\/comments?post=31233"}],"wp:featuredmedia":[{"embeddable":true,"href":"https:\/\/lojasosprofessoratividades.com.br\/en\/wp-json\/wp\/v2\/media\/31236"}],"wp:attachment":[{"href":"https:\/\/lojasosprofessoratividades.com.br\/en\/wp-json\/wp\/v2\/media?parent=31233"}],"wp:term":[{"taxonomy":"product_brand","embeddable":true,"href":"https:\/\/lojasosprofessoratividades.com.br\/en\/wp-json\/wp\/v2\/product_brand?post=31233"},{"taxonomy":"product_cat","embeddable":true,"href":"https:\/\/lojasosprofessoratividades.com.br\/en\/wp-json\/wp\/v2\/product_cat?post=31233"},{"taxonomy":"product_tag","embeddable":true,"href":"https:\/\/lojasosprofessoratividades.com.br\/en\/wp-json\/wp\/v2\/product_tag?post=31233"}],"curies":[{"name":"wp","href":"https:\/\/api.w.org\/{rel}","templated":true}]}}