{"id":31374,"date":"2025-08-24T07:47:04","date_gmt":"2025-08-24T10:47:04","guid":{"rendered":"https:\/\/lojasosprofessoratividades.com.br\/?post_type=product&#038;p=31374"},"modified":"2026-05-08T15:29:35","modified_gmt":"2026-05-08T18:29:35","slug":"setembro-amarelo-painel-a-vida-e-um-presente","status":"publish","type":"product","link":"https:\/\/lojasosprofessoratividades.com.br\/en\/product\/setembro-amarelo-painel-a-vida-e-um-presente\/","title":{"rendered":"Setembro Amarelo &#8211; Painel: A vida \u00e9 um presente"},"content":{"rendered":"","protected":false},"excerpt":{"rendered":"<p>Convidamos voc\u00ea, a fazer parte da campanha de conscientiza\u00e7\u00e3o do Setembro Amarelo com o nosso painel &#8220;A Vida \u00e9 um Presente&#8221;.<\/p>\n<p>Este material, cuidadosamente elaborado, apresenta uma linda e colorida imagem central acompanhada de uma frase inspiradora, com o objetivo de sensibilizar e informar sobre a preven\u00e7\u00e3o ao suic\u00eddio.<\/p>\n<p>O painel tem um tamanho aproximado de 59,1 cm x 85,9 cm, distribu\u00eddo em 9 folhas A4, f\u00e1cil de montar e perfeito para decorar sua sala de aula ou espa\u00e7o escolar, criando um ambiente de reflex\u00e3o e apoio.<\/p>\n<p><strong>N\u00e3o<\/strong> edit\u00e1vel.<\/p>\n<h3>N\u00e3o enviamos por e-mail, a entrega \u00e9 via link para download.\u00a0<img decoding=\"async\" class=\"emoji\" role=\"img\" draggable=\"false\" src=\"https:\/\/s.w.org\/images\/core\/emoji\/16.0.1\/svg\/1f447.svg\" alt=\"\ud83d\udc47\" \/><\/h3>\n<p><img loading=\"lazy\" decoding=\"async\" class=\"alignnone wp-image-31375 size-full\" src=\"https:\/\/lojasosprofessoratividades.com.br\/wp-content\/uploads\/2024\/08\/Aviso-Loja.jpg\" alt=\"\" width=\"446\" height=\"251\" srcset=\"https:\/\/lojasosprofessoratividades.com.br\/wp-content\/uploads\/2024\/08\/Aviso-Loja.jpg 446w, https:\/\/lojasosprofessoratividades.com.br\/wp-content\/uploads\/2024\/08\/Aviso-Loja-300x169.jpg 300w, https:\/\/lojasosprofessoratividades.com.br\/wp-content\/uploads\/2024\/08\/Aviso-Loja-18x10.jpg 18w\" sizes=\"auto, (max-width: 446px) 100vw, 446px\" \/><\/p>","protected":false},"featured_media":31377,"comment_status":"open","ping_status":"closed","template":"","meta":[],"product_brand":[],"product_cat":[122,123,124,125,127,218,214,210,216,212,217,213,209,215,211],"product_tag":[2547,2552,2539,608,720,603,2540,607,605,493,2548,2551,2549,237,2546,602,606,604,2550,601,2534,722],"class_list":{"0":"post-31374","1":"product","2":"type-product","3":"status-publish","4":"has-post-thumbnail","6":"product_cat-1o-ano","7":"product_cat-2o-ano","8":"product_cat-3o-ano","9":"product_cat-4o-ano","10":"product_cat-5o-ano","11":"product_cat-data-comemorativa-5-ano","12":"product_cat-data-comemorativa-3-ano","13":"product_cat-data-comemorativa-1-ano","14":"product_cat-data-comemorativa-4-ano","15":"product_cat-data-comemorativa-2-ano","16":"product_cat-recursos-didaticos-5-ano","17":"product_cat-recursos-didaticos-3-ano","18":"product_cat-recursos-didaticos-1-ano","19":"product_cat-recursos-didaticos-4-ano","20":"product_cat-recursos-didaticos-2-ano","21":"product_tag-a-vida-e-um-presente","22":"product_tag-ambiente-escolar-acolhedor","23":"product_tag-atividades-setembro-amarelo","24":"product_tag-campanha-educativa","25":"product_tag-campanha-setembro-amarelo","26":"product_tag-conscientizacao","27":"product_tag-conscientizacao-saude-mental","28":"product_tag-decoracao-escolar","29":"product_tag-educacao-emocional","30":"product_tag-ensino-fundamental-1","31":"product_tag-mural-setembro-amarelo","32":"product_tag-painel-a4-montavel","33":"product_tag-painel-decorativo-pdf","34":"product_tag-painel-escolar","35":"product_tag-painel-setembro-amarelo","36":"product_tag-prevencao-ao-suicidio","37":"product_tag-sala-de-aula","38":"product_tag-saude-mental","39":"product_tag-saude-mental-na-escola","40":"product_tag-setembro-amarelo","41":"product_tag-setembro-amarelo-escola","42":"product_tag-valorizacao-da-vida","44":"first","45":"instock","46":"downloadable","47":"virtual","48":"sold-individually","49":"purchasable","50":"product-type-simple"},"yoast_head":"<!-- This site is optimized with the Yoast SEO plugin v27.6 - https:\/\/yoast.com\/product\/yoast-seo-wordpress\/ -->\n<title>Setembro Amarelo - Painel: A vida \u00e9 um presente - Loja SOS Professor Atividades<\/title>\n<meta name=\"description\" content=\"Painel &quot;A Vida \u00e9 um Presente&quot; para Setembro Amarelo. PDF com 9 folhas A4, f\u00e1cil de montar. Ideal para decorar e conscientizar sobre preven\u00e7\u00e3o ao suic\u00eddio.\" \/>\n<meta name=\"robots\" content=\"index, follow, max-snippet:-1, max-image-preview:large, max-video-preview:-1\" \/>\n<link rel=\"canonical\" href=\"https:\/\/lojasosprofessoratividades.com.br\/en\/product\/setembro-amarelo-painel-a-vida-e-um-presente\/\" \/>\n<meta property=\"og:locale\" content=\"en_US\" \/>\n<meta property=\"og:type\" content=\"article\" \/>\n<meta property=\"og:title\" content=\"Setembro Amarelo - Painel: A vida \u00e9 um presente - Loja SOS Professor Atividades\" \/>\n<meta property=\"og:description\" content=\"Painel &quot;A Vida \u00e9 um Presente&quot; para Setembro Amarelo. PDF com 9 folhas A4, f\u00e1cil de montar. Ideal para decorar e conscientizar sobre preven\u00e7\u00e3o ao suic\u00eddio.\" \/>\n<meta property=\"og:url\" content=\"https:\/\/lojasosprofessoratividades.com.br\/en\/product\/setembro-amarelo-painel-a-vida-e-um-presente\/\" \/>\n<meta property=\"og:site_name\" content=\"Loja SOS Professor Atividades\" \/>\n<meta property=\"article:publisher\" content=\"https:\/\/www.facebook.com\/sosprofessoratividades\" \/>\n<meta property=\"article:modified_time\" content=\"2026-05-08T18:29:35+00:00\" \/>\n<meta property=\"og:image\" content=\"https:\/\/lojasosprofessoratividades.com.br\/wp-content\/uploads\/2024\/08\/1-2.jpg\" \/>\n\t<meta property=\"og:image:width\" content=\"800\" \/>\n\t<meta property=\"og:image:height\" content=\"693\" \/>\n\t<meta property=\"og:image:type\" content=\"image\/jpeg\" \/>\n<meta name=\"twitter:card\" content=\"summary_large_image\" \/>\n<meta name=\"twitter:label1\" content=\"Est. reading time\" \/>\n\t<meta name=\"twitter:data1\" content=\"1 minute\" \/>\n<script type=\"application\/ld+json\" class=\"yoast-schema-graph\">{\"@context\":\"https:\\\/\\\/schema.org\",\"@graph\":[{\"@type\":\"WebPage\",\"@id\":\"https:\\\/\\\/lojasosprofessoratividades.com.br\\\/produto\\\/setembro-amarelo-painel-a-vida-e-um-presente\\\/\",\"url\":\"https:\\\/\\\/lojasosprofessoratividades.com.br\\\/produto\\\/setembro-amarelo-painel-a-vida-e-um-presente\\\/\",\"name\":\"Setembro Amarelo - Painel: A vida \u00e9 um presente - Loja SOS Professor Atividades\",\"isPartOf\":{\"@id\":\"https:\\\/\\\/lojasosprofessoratividades.com.br\\\/#website\"},\"primaryImageOfPage\":{\"@id\":\"https:\\\/\\\/lojasosprofessoratividades.com.br\\\/produto\\\/setembro-amarelo-painel-a-vida-e-um-presente\\\/#primaryimage\"},\"image\":{\"@id\":\"https:\\\/\\\/lojasosprofessoratividades.com.br\\\/produto\\\/setembro-amarelo-painel-a-vida-e-um-presente\\\/#primaryimage\"},\"thumbnailUrl\":\"https:\\\/\\\/lojasosprofessoratividades.com.br\\\/wp-content\\\/uploads\\\/2024\\\/08\\\/1-2.jpg\",\"datePublished\":\"2025-08-24T10:47:04+00:00\",\"dateModified\":\"2026-05-08T18:29:35+00:00\",\"description\":\"Painel \\\"A Vida \u00e9 um Presente\\\" para Setembro Amarelo. PDF com 9 folhas A4, f\u00e1cil de montar. Ideal para decorar e conscientizar sobre preven\u00e7\u00e3o ao suic\u00eddio.\",\"breadcrumb\":{\"@id\":\"https:\\\/\\\/lojasosprofessoratividades.com.br\\\/produto\\\/setembro-amarelo-painel-a-vida-e-um-presente\\\/#breadcrumb\"},\"inLanguage\":\"en-US\",\"potentialAction\":[{\"@type\":\"ReadAction\",\"target\":[\"https:\\\/\\\/lojasosprofessoratividades.com.br\\\/produto\\\/setembro-amarelo-painel-a-vida-e-um-presente\\\/\"]}]},{\"@type\":\"ImageObject\",\"inLanguage\":\"en-US\",\"@id\":\"https:\\\/\\\/lojasosprofessoratividades.com.br\\\/produto\\\/setembro-amarelo-painel-a-vida-e-um-presente\\\/#primaryimage\",\"url\":\"https:\\\/\\\/lojasosprofessoratividades.com.br\\\/wp-content\\\/uploads\\\/2024\\\/08\\\/1-2.jpg\",\"contentUrl\":\"https:\\\/\\\/lojasosprofessoratividades.com.br\\\/wp-content\\\/uploads\\\/2024\\\/08\\\/1-2.jpg\",\"width\":800,\"height\":693,\"caption\":\"Setembro Amarelo - Painel A vida \u00e9 um presente\"},{\"@type\":\"BreadcrumbList\",\"@id\":\"https:\\\/\\\/lojasosprofessoratividades.com.br\\\/produto\\\/setembro-amarelo-painel-a-vida-e-um-presente\\\/#breadcrumb\",\"itemListElement\":[{\"@type\":\"ListItem\",\"position\":1,\"name\":\"In\u00edcio\",\"item\":\"https:\\\/\\\/lojasosprofessoratividades.com.br\\\/\"},{\"@type\":\"ListItem\",\"position\":2,\"name\":\"Loja\",\"item\":\"https:\\\/\\\/lojasosprofessoratividades.com.br\\\/loja\\\/\"},{\"@type\":\"ListItem\",\"position\":3,\"name\":\"Setembro Amarelo &#8211; Painel: A vida \u00e9 um presente\"}]},{\"@type\":\"WebSite\",\"@id\":\"https:\\\/\\\/lojasosprofessoratividades.com.br\\\/#website\",\"url\":\"https:\\\/\\\/lojasosprofessoratividades.com.br\\\/\",\"name\":\"Loja SOS Professor Atividades\",\"description\":\"Venda de material did\u00e1tico para o ensino fundamental\",\"publisher\":{\"@id\":\"https:\\\/\\\/lojasosprofessoratividades.com.br\\\/#organization\"},\"potentialAction\":[{\"@type\":\"SearchAction\",\"target\":{\"@type\":\"EntryPoint\",\"urlTemplate\":\"https:\\\/\\\/lojasosprofessoratividades.com.br\\\/?s={search_term_string}\"},\"query-input\":{\"@type\":\"PropertyValueSpecification\",\"valueRequired\":true,\"valueName\":\"search_term_string\"}}],\"inLanguage\":\"en-US\"},{\"@type\":\"Organization\",\"@id\":\"https:\\\/\\\/lojasosprofessoratividades.com.br\\\/#organization\",\"name\":\"Loja SOS Professor Atividades\",\"url\":\"https:\\\/\\\/lojasosprofessoratividades.com.br\\\/\",\"logo\":{\"@type\":\"ImageObject\",\"inLanguage\":\"en-US\",\"@id\":\"https:\\\/\\\/lojasosprofessoratividades.com.br\\\/#\\\/schema\\\/logo\\\/image\\\/\",\"url\":\"http:\\\/\\\/lojasosprofessoratividades.com.br\\\/wp-content\\\/uploads\\\/2022\\\/04\\\/Logo.png\",\"contentUrl\":\"http:\\\/\\\/lojasosprofessoratividades.com.br\\\/wp-content\\\/uploads\\\/2022\\\/04\\\/Logo.png\",\"width\":2000,\"height\":2000,\"caption\":\"Loja SOS Professor Atividades\"},\"image\":{\"@id\":\"https:\\\/\\\/lojasosprofessoratividades.com.br\\\/#\\\/schema\\\/logo\\\/image\\\/\"},\"sameAs\":[\"https:\\\/\\\/www.facebook.com\\\/sosprofessoratividades\",\"https:\\\/\\\/www.instagram.com\\\/sosprofessoratividades\\\/\"]}]}<\/script>\n<!-- \/ Yoast SEO plugin. -->","yoast_head_json":{"title":"Setembro Amarelo - Painel: A vida \u00e9 um presente - Loja SOS Professor Atividades","description":"Painel \"A Vida \u00e9 um Presente\" para Setembro Amarelo. PDF com 9 folhas A4, f\u00e1cil de montar. Ideal para decorar e conscientizar sobre preven\u00e7\u00e3o ao suic\u00eddio.","robots":{"index":"index","follow":"follow","max-snippet":"max-snippet:-1","max-image-preview":"max-image-preview:large","max-video-preview":"max-video-preview:-1"},"canonical":"https:\/\/lojasosprofessoratividades.com.br\/en\/product\/setembro-amarelo-painel-a-vida-e-um-presente\/","og_locale":"en_US","og_type":"article","og_title":"Setembro Amarelo - Painel: A vida \u00e9 um presente - Loja SOS Professor Atividades","og_description":"Painel \"A Vida \u00e9 um Presente\" para Setembro Amarelo. PDF com 9 folhas A4, f\u00e1cil de montar. Ideal para decorar e conscientizar sobre preven\u00e7\u00e3o ao suic\u00eddio.","og_url":"https:\/\/lojasosprofessoratividades.com.br\/en\/product\/setembro-amarelo-painel-a-vida-e-um-presente\/","og_site_name":"Loja SOS Professor Atividades","article_publisher":"https:\/\/www.facebook.com\/sosprofessoratividades","article_modified_time":"2026-05-08T18:29:35+00:00","og_image":[{"width":800,"height":693,"url":"https:\/\/lojasosprofessoratividades.com.br\/wp-content\/uploads\/2024\/08\/1-2.jpg","type":"image\/jpeg"}],"twitter_card":"summary_large_image","twitter_misc":{"Est. reading time":"1 minute"},"schema":{"@context":"https:\/\/schema.org","@graph":[{"@type":"WebPage","@id":"https:\/\/lojasosprofessoratividades.com.br\/produto\/setembro-amarelo-painel-a-vida-e-um-presente\/","url":"https:\/\/lojasosprofessoratividades.com.br\/produto\/setembro-amarelo-painel-a-vida-e-um-presente\/","name":"Setembro Amarelo - Painel: A vida \u00e9 um presente - Loja SOS Professor Atividades","isPartOf":{"@id":"https:\/\/lojasosprofessoratividades.com.br\/#website"},"primaryImageOfPage":{"@id":"https:\/\/lojasosprofessoratividades.com.br\/produto\/setembro-amarelo-painel-a-vida-e-um-presente\/#primaryimage"},"image":{"@id":"https:\/\/lojasosprofessoratividades.com.br\/produto\/setembro-amarelo-painel-a-vida-e-um-presente\/#primaryimage"},"thumbnailUrl":"https:\/\/lojasosprofessoratividades.com.br\/wp-content\/uploads\/2024\/08\/1-2.jpg","datePublished":"2025-08-24T10:47:04+00:00","dateModified":"2026-05-08T18:29:35+00:00","description":"Painel \"A Vida \u00e9 um Presente\" para Setembro Amarelo. PDF com 9 folhas A4, f\u00e1cil de montar. Ideal para decorar e conscientizar sobre preven\u00e7\u00e3o ao suic\u00eddio.","breadcrumb":{"@id":"https:\/\/lojasosprofessoratividades.com.br\/produto\/setembro-amarelo-painel-a-vida-e-um-presente\/#breadcrumb"},"inLanguage":"en-US","potentialAction":[{"@type":"ReadAction","target":["https:\/\/lojasosprofessoratividades.com.br\/produto\/setembro-amarelo-painel-a-vida-e-um-presente\/"]}]},{"@type":"ImageObject","inLanguage":"en-US","@id":"https:\/\/lojasosprofessoratividades.com.br\/produto\/setembro-amarelo-painel-a-vida-e-um-presente\/#primaryimage","url":"https:\/\/lojasosprofessoratividades.com.br\/wp-content\/uploads\/2024\/08\/1-2.jpg","contentUrl":"https:\/\/lojasosprofessoratividades.com.br\/wp-content\/uploads\/2024\/08\/1-2.jpg","width":800,"height":693,"caption":"Setembro Amarelo - Painel A vida \u00e9 um presente"},{"@type":"BreadcrumbList","@id":"https:\/\/lojasosprofessoratividades.com.br\/produto\/setembro-amarelo-painel-a-vida-e-um-presente\/#breadcrumb","itemListElement":[{"@type":"ListItem","position":1,"name":"In\u00edcio","item":"https:\/\/lojasosprofessoratividades.com.br\/"},{"@type":"ListItem","position":2,"name":"Loja","item":"https:\/\/lojasosprofessoratividades.com.br\/loja\/"},{"@type":"ListItem","position":3,"name":"Setembro Amarelo &#8211; Painel: A vida \u00e9 um presente"}]},{"@type":"WebSite","@id":"https:\/\/lojasosprofessoratividades.com.br\/#website","url":"https:\/\/lojasosprofessoratividades.com.br\/","name":"Loja SOS Professor Atividades","description":"Venda de material did\u00e1tico para o ensino fundamental","publisher":{"@id":"https:\/\/lojasosprofessoratividades.com.br\/#organization"},"potentialAction":[{"@type":"SearchAction","target":{"@type":"EntryPoint","urlTemplate":"https:\/\/lojasosprofessoratividades.com.br\/?s={search_term_string}"},"query-input":{"@type":"PropertyValueSpecification","valueRequired":true,"valueName":"search_term_string"}}],"inLanguage":"en-US"},{"@type":"Organization","@id":"https:\/\/lojasosprofessoratividades.com.br\/#organization","name":"Loja SOS Professor Atividades","url":"https:\/\/lojasosprofessoratividades.com.br\/","logo":{"@type":"ImageObject","inLanguage":"en-US","@id":"https:\/\/lojasosprofessoratividades.com.br\/#\/schema\/logo\/image\/","url":"http:\/\/lojasosprofessoratividades.com.br\/wp-content\/uploads\/2022\/04\/Logo.png","contentUrl":"http:\/\/lojasosprofessoratividades.com.br\/wp-content\/uploads\/2022\/04\/Logo.png","width":2000,"height":2000,"caption":"Loja SOS Professor Atividades"},"image":{"@id":"https:\/\/lojasosprofessoratividades.com.br\/#\/schema\/logo\/image\/"},"sameAs":["https:\/\/www.facebook.com\/sosprofessoratividades","https:\/\/www.instagram.com\/sosprofessoratividades\/"]}]}},"_links":{"self":[{"href":"https:\/\/lojasosprofessoratividades.com.br\/en\/wp-json\/wp\/v2\/product\/31374","targetHints":{"allow":["GET"]}}],"collection":[{"href":"https:\/\/lojasosprofessoratividades.com.br\/en\/wp-json\/wp\/v2\/product"}],"about":[{"href":"https:\/\/lojasosprofessoratividades.com.br\/en\/wp-json\/wp\/v2\/types\/product"}],"replies":[{"embeddable":true,"href":"https:\/\/lojasosprofessoratividades.com.br\/en\/wp-json\/wp\/v2\/comments?post=31374"}],"wp:featuredmedia":[{"embeddable":true,"href":"https:\/\/lojasosprofessoratividades.com.br\/en\/wp-json\/wp\/v2\/media\/31377"}],"wp:attachment":[{"href":"https:\/\/lojasosprofessoratividades.com.br\/en\/wp-json\/wp\/v2\/media?parent=31374"}],"wp:term":[{"taxonomy":"product_brand","embeddable":true,"href":"https:\/\/lojasosprofessoratividades.com.br\/en\/wp-json\/wp\/v2\/product_brand?post=31374"},{"taxonomy":"product_cat","embeddable":true,"href":"https:\/\/lojasosprofessoratividades.com.br\/en\/wp-json\/wp\/v2\/product_cat?post=31374"},{"taxonomy":"product_tag","embeddable":true,"href":"https:\/\/lojasosprofessoratividades.com.br\/en\/wp-json\/wp\/v2\/product_tag?post=31374"}],"curies":[{"name":"wp","href":"https:\/\/api.w.org\/{rel}","templated":true}]}}