{"id":31409,"date":"2024-08-15T18:52:08","date_gmt":"2024-08-15T21:52:08","guid":{"rendered":"https:\/\/lojasosprofessoratividades.com.br\/?post_type=product&#038;p=31409"},"modified":"2026-05-08T16:02:40","modified_gmt":"2026-05-08T19:02:40","slug":"cartaz-de-inclusao-para-a-semana-nacional-da-pessoa-com-deficiencia-intelectual-e-multipla","status":"publish","type":"product","link":"https:\/\/lojasosprofessoratividades.com.br\/en\/product\/cartaz-de-inclusao-para-a-semana-nacional-da-pessoa-com-deficiencia-intelectual-e-multipla\/","title":{"rendered":"Cartaz de Inclus\u00e3o para a Semana Nacional da Pessoa com Defici\u00eancia Intelectual e M\u00faltipla"},"content":{"rendered":"","protected":false},"excerpt":{"rendered":"<p data-start=\"259\" data-end=\"441\">Celebre a <strong data-start=\"269\" data-end=\"337\">Semana Nacional da Pessoa com Defici\u00eancia Intelectual e M\u00faltipla<\/strong> com um material pensado com carinho para promover a <strong data-start=\"390\" data-end=\"426\">inclus\u00e3o, o respeito e a empatia<\/strong> na sua escola!<\/p>\n<p data-start=\"443\" data-end=\"683\">\ud83d\uddbc\ufe0f <strong data-start=\"447\" data-end=\"479\">Cartaz Ampliado e Impactante<\/strong><br data-start=\"479\" data-end=\"482\" \/>Composto por 9 folhas A4, o cartaz atinge aproximadamente <strong data-start=\"540\" data-end=\"561\">59,1 cm x 86,5 cm<\/strong>, ideal para murais, corredores e salas de aula. Visual marcante para destacar essa importante data no calend\u00e1rio escolar!<\/p>\n<p data-start=\"685\" data-end=\"937\">\ud83c\udf81 <strong data-start=\"688\" data-end=\"718\">B\u00f4nus Criativo e Engajador<\/strong><br data-start=\"718\" data-end=\"721\" \/>Acompanha <strong data-start=\"731\" data-end=\"749\">tags especiais<\/strong> que podem ser usadas como lembrancinhas coladas em pirulitos, crach\u00e1s ou transformadas em buttons \u2014 uma forma divertida e significativa de envolver os alunos e promover a conscientiza\u00e7\u00e3o!<\/p>\n<p data-start=\"939\" data-end=\"1103\">\ud83d\udcda <strong data-start=\"942\" data-end=\"982\">Material pronto para imprimir e usar<\/strong><br data-start=\"982\" data-end=\"985\" \/>Perfeito para professores que valorizam a inclus\u00e3o e querem transmitir mensagens poderosas de forma l\u00fadica e visual.<\/p>\n<p data-start=\"1105\" data-end=\"1129\">\u26a0\ufe0f Arquivo n\u00e3o edit\u00e1vel.<\/p>\n<h3>N\u00e3o enviamos por e-mail, a entrega \u00e9 via link para download.\u00a0<img decoding=\"async\" class=\"emoji\" role=\"img\" draggable=\"false\" src=\"https:\/\/s.w.org\/images\/core\/emoji\/16.0.1\/svg\/1f447.svg\" alt=\"\ud83d\udc47\" \/><\/h3>\n<p><img loading=\"lazy\" decoding=\"async\" class=\"alignnone wp-image-31375 size-full\" src=\"https:\/\/lojasosprofessoratividades.com.br\/wp-content\/uploads\/2024\/08\/Aviso-Loja.jpg\" alt=\"\" width=\"446\" height=\"251\" srcset=\"https:\/\/lojasosprofessoratividades.com.br\/wp-content\/uploads\/2024\/08\/Aviso-Loja.jpg 446w, https:\/\/lojasosprofessoratividades.com.br\/wp-content\/uploads\/2024\/08\/Aviso-Loja-300x169.jpg 300w, https:\/\/lojasosprofessoratividades.com.br\/wp-content\/uploads\/2024\/08\/Aviso-Loja-18x10.jpg 18w\" sizes=\"auto, (max-width: 446px) 100vw, 446px\" \/><\/p>","protected":false},"featured_media":31410,"comment_status":"open","ping_status":"closed","template":"","meta":[],"product_brand":[],"product_cat":[122,123,124,125,127,216,218,214,210,212,126,220,211,217,213,209,215],"product_tag":[616,619,615,609,603,611,613,614,612,540,387,617,610,618],"class_list":{"0":"post-31409","1":"product","2":"type-product","3":"status-publish","4":"has-post-thumbnail","6":"product_cat-1o-ano","7":"product_cat-2o-ano","8":"product_cat-3o-ano","9":"product_cat-4o-ano","10":"product_cat-5o-ano","11":"product_cat-data-comemorativa-4-ano","12":"product_cat-data-comemorativa-5-ano","13":"product_cat-data-comemorativa-3-ano","14":"product_cat-data-comemorativa-1-ano","15":"product_cat-data-comemorativa-2-ano","16":"product_cat-educacao-infantil","17":"product_cat-o-eu-o-outro-o-nos","18":"product_cat-recursos-didaticos-2-ano","19":"product_cat-recursos-didaticos-5-ano","20":"product_cat-recursos-didaticos-3-ano","21":"product_cat-recursos-didaticos-1-ano","22":"product_cat-recursos-didaticos-4-ano","23":"product_tag-atividades-escolares","24":"product_tag-buttons-educativos","25":"product_tag-cartaz-ampliado","26":"product_tag-cartaz-de-inclusao","27":"product_tag-conscientizacao","28":"product_tag-deficiencia-intelectual-e-multipla","29":"product_tag-diversidade-na-escola","30":"product_tag-educacao-inclusiva","31":"product_tag-inclusao-escolar","32":"product_tag-material-educativo","33":"product_tag-mural-escolar","34":"product_tag-professores","35":"product_tag-semana-nacional-da-pessoa-com-deficiencia","36":"product_tag-tags-para-pirulitos","38":"first","39":"instock","40":"downloadable","41":"virtual","42":"sold-individually","43":"purchasable","44":"product-type-simple"},"yoast_head":"<!-- This site is optimized with the Yoast SEO plugin v27.5 - https:\/\/yoast.com\/product\/yoast-seo-wordpress\/ -->\n<title>Cartaz de Inclus\u00e3o para a Semana Nacional da Pessoa com Defici\u00eancia Intelectual e M\u00faltipla - Loja SOS Professor Atividades<\/title>\n<meta name=\"description\" content=\"Cartaz ampliado + tags criativas para celebrar a Semana da Pessoa com Defici\u00eancia com empatia e inclus\u00e3o. Ideal para murais escolares!\" \/>\n<meta name=\"robots\" content=\"index, follow, max-snippet:-1, max-image-preview:large, max-video-preview:-1\" \/>\n<link rel=\"canonical\" href=\"https:\/\/lojasosprofessoratividades.com.br\/en\/product\/cartaz-de-inclusao-para-a-semana-nacional-da-pessoa-com-deficiencia-intelectual-e-multipla\/\" \/>\n<meta property=\"og:locale\" content=\"en_US\" \/>\n<meta property=\"og:type\" content=\"article\" \/>\n<meta property=\"og:title\" content=\"Cartaz de Inclus\u00e3o para a Semana Nacional da Pessoa com Defici\u00eancia Intelectual e M\u00faltipla - Loja SOS Professor Atividades\" \/>\n<meta property=\"og:description\" content=\"Cartaz ampliado + tags criativas para celebrar a Semana da Pessoa com Defici\u00eancia com empatia e inclus\u00e3o. Ideal para murais escolares!\" \/>\n<meta property=\"og:url\" content=\"https:\/\/lojasosprofessoratividades.com.br\/en\/product\/cartaz-de-inclusao-para-a-semana-nacional-da-pessoa-com-deficiencia-intelectual-e-multipla\/\" \/>\n<meta property=\"og:site_name\" content=\"Loja SOS Professor Atividades\" \/>\n<meta property=\"article:publisher\" content=\"https:\/\/www.facebook.com\/sosprofessoratividades\" \/>\n<meta property=\"article:modified_time\" content=\"2026-05-08T19:02:40+00:00\" \/>\n<meta property=\"og:image\" content=\"https:\/\/lojasosprofessoratividades.com.br\/wp-content\/uploads\/2024\/08\/1-3.jpg\" \/>\n\t<meta property=\"og:image:width\" content=\"800\" \/>\n\t<meta property=\"og:image:height\" content=\"693\" \/>\n\t<meta property=\"og:image:type\" content=\"image\/jpeg\" \/>\n<meta name=\"twitter:card\" content=\"summary_large_image\" \/>\n<meta name=\"twitter:label1\" content=\"Est. reading time\" \/>\n\t<meta name=\"twitter:data1\" content=\"1 minute\" \/>\n<script type=\"application\/ld+json\" class=\"yoast-schema-graph\">{\"@context\":\"https:\\\/\\\/schema.org\",\"@graph\":[{\"@type\":\"WebPage\",\"@id\":\"https:\\\/\\\/lojasosprofessoratividades.com.br\\\/produto\\\/cartaz-de-inclusao-para-a-semana-nacional-da-pessoa-com-deficiencia-intelectual-e-multipla\\\/\",\"url\":\"https:\\\/\\\/lojasosprofessoratividades.com.br\\\/produto\\\/cartaz-de-inclusao-para-a-semana-nacional-da-pessoa-com-deficiencia-intelectual-e-multipla\\\/\",\"name\":\"Cartaz de Inclus\u00e3o para a Semana Nacional da Pessoa com Defici\u00eancia Intelectual e M\u00faltipla - Loja SOS Professor Atividades\",\"isPartOf\":{\"@id\":\"https:\\\/\\\/lojasosprofessoratividades.com.br\\\/#website\"},\"primaryImageOfPage\":{\"@id\":\"https:\\\/\\\/lojasosprofessoratividades.com.br\\\/produto\\\/cartaz-de-inclusao-para-a-semana-nacional-da-pessoa-com-deficiencia-intelectual-e-multipla\\\/#primaryimage\"},\"image\":{\"@id\":\"https:\\\/\\\/lojasosprofessoratividades.com.br\\\/produto\\\/cartaz-de-inclusao-para-a-semana-nacional-da-pessoa-com-deficiencia-intelectual-e-multipla\\\/#primaryimage\"},\"thumbnailUrl\":\"https:\\\/\\\/lojasosprofessoratividades.com.br\\\/wp-content\\\/uploads\\\/2024\\\/08\\\/1-3.jpg\",\"datePublished\":\"2024-08-15T21:52:08+00:00\",\"dateModified\":\"2026-05-08T19:02:40+00:00\",\"description\":\"Cartaz ampliado + tags criativas para celebrar a Semana da Pessoa com Defici\u00eancia com empatia e inclus\u00e3o. Ideal para murais escolares!\",\"breadcrumb\":{\"@id\":\"https:\\\/\\\/lojasosprofessoratividades.com.br\\\/produto\\\/cartaz-de-inclusao-para-a-semana-nacional-da-pessoa-com-deficiencia-intelectual-e-multipla\\\/#breadcrumb\"},\"inLanguage\":\"en-US\",\"potentialAction\":[{\"@type\":\"ReadAction\",\"target\":[\"https:\\\/\\\/lojasosprofessoratividades.com.br\\\/produto\\\/cartaz-de-inclusao-para-a-semana-nacional-da-pessoa-com-deficiencia-intelectual-e-multipla\\\/\"]}]},{\"@type\":\"ImageObject\",\"inLanguage\":\"en-US\",\"@id\":\"https:\\\/\\\/lojasosprofessoratividades.com.br\\\/produto\\\/cartaz-de-inclusao-para-a-semana-nacional-da-pessoa-com-deficiencia-intelectual-e-multipla\\\/#primaryimage\",\"url\":\"https:\\\/\\\/lojasosprofessoratividades.com.br\\\/wp-content\\\/uploads\\\/2024\\\/08\\\/1-3.jpg\",\"contentUrl\":\"https:\\\/\\\/lojasosprofessoratividades.com.br\\\/wp-content\\\/uploads\\\/2024\\\/08\\\/1-3.jpg\",\"width\":800,\"height\":693,\"caption\":\"Cartaz de Inclus\u00e3o para a Semana Nacional da Pessoa com Defici\u00eancia Intelectual e M\u00faltipla\"},{\"@type\":\"BreadcrumbList\",\"@id\":\"https:\\\/\\\/lojasosprofessoratividades.com.br\\\/produto\\\/cartaz-de-inclusao-para-a-semana-nacional-da-pessoa-com-deficiencia-intelectual-e-multipla\\\/#breadcrumb\",\"itemListElement\":[{\"@type\":\"ListItem\",\"position\":1,\"name\":\"In\u00edcio\",\"item\":\"https:\\\/\\\/lojasosprofessoratividades.com.br\\\/\"},{\"@type\":\"ListItem\",\"position\":2,\"name\":\"Loja\",\"item\":\"https:\\\/\\\/lojasosprofessoratividades.com.br\\\/loja\\\/\"},{\"@type\":\"ListItem\",\"position\":3,\"name\":\"Cartaz de Inclus\u00e3o para a Semana Nacional da Pessoa com Defici\u00eancia Intelectual e M\u00faltipla\"}]},{\"@type\":\"WebSite\",\"@id\":\"https:\\\/\\\/lojasosprofessoratividades.com.br\\\/#website\",\"url\":\"https:\\\/\\\/lojasosprofessoratividades.com.br\\\/\",\"name\":\"Loja SOS Professor Atividades\",\"description\":\"Venda de material did\u00e1tico para o ensino fundamental\",\"publisher\":{\"@id\":\"https:\\\/\\\/lojasosprofessoratividades.com.br\\\/#organization\"},\"potentialAction\":[{\"@type\":\"SearchAction\",\"target\":{\"@type\":\"EntryPoint\",\"urlTemplate\":\"https:\\\/\\\/lojasosprofessoratividades.com.br\\\/?s={search_term_string}\"},\"query-input\":{\"@type\":\"PropertyValueSpecification\",\"valueRequired\":true,\"valueName\":\"search_term_string\"}}],\"inLanguage\":\"en-US\"},{\"@type\":\"Organization\",\"@id\":\"https:\\\/\\\/lojasosprofessoratividades.com.br\\\/#organization\",\"name\":\"Loja SOS Professor Atividades\",\"url\":\"https:\\\/\\\/lojasosprofessoratividades.com.br\\\/\",\"logo\":{\"@type\":\"ImageObject\",\"inLanguage\":\"en-US\",\"@id\":\"https:\\\/\\\/lojasosprofessoratividades.com.br\\\/#\\\/schema\\\/logo\\\/image\\\/\",\"url\":\"http:\\\/\\\/lojasosprofessoratividades.com.br\\\/wp-content\\\/uploads\\\/2022\\\/04\\\/Logo.png\",\"contentUrl\":\"http:\\\/\\\/lojasosprofessoratividades.com.br\\\/wp-content\\\/uploads\\\/2022\\\/04\\\/Logo.png\",\"width\":2000,\"height\":2000,\"caption\":\"Loja SOS Professor Atividades\"},\"image\":{\"@id\":\"https:\\\/\\\/lojasosprofessoratividades.com.br\\\/#\\\/schema\\\/logo\\\/image\\\/\"},\"sameAs\":[\"https:\\\/\\\/www.facebook.com\\\/sosprofessoratividades\",\"https:\\\/\\\/www.instagram.com\\\/sosprofessoratividades\\\/\"]}]}<\/script>\n<!-- \/ Yoast SEO plugin. -->","yoast_head_json":{"title":"Cartaz de Inclus\u00e3o para a Semana Nacional da Pessoa com Defici\u00eancia Intelectual e M\u00faltipla - Loja SOS Professor Atividades","description":"Cartaz ampliado + tags criativas para celebrar a Semana da Pessoa com Defici\u00eancia com empatia e inclus\u00e3o. Ideal para murais escolares!","robots":{"index":"index","follow":"follow","max-snippet":"max-snippet:-1","max-image-preview":"max-image-preview:large","max-video-preview":"max-video-preview:-1"},"canonical":"https:\/\/lojasosprofessoratividades.com.br\/en\/product\/cartaz-de-inclusao-para-a-semana-nacional-da-pessoa-com-deficiencia-intelectual-e-multipla\/","og_locale":"en_US","og_type":"article","og_title":"Cartaz de Inclus\u00e3o para a Semana Nacional da Pessoa com Defici\u00eancia Intelectual e M\u00faltipla - Loja SOS Professor Atividades","og_description":"Cartaz ampliado + tags criativas para celebrar a Semana da Pessoa com Defici\u00eancia com empatia e inclus\u00e3o. Ideal para murais escolares!","og_url":"https:\/\/lojasosprofessoratividades.com.br\/en\/product\/cartaz-de-inclusao-para-a-semana-nacional-da-pessoa-com-deficiencia-intelectual-e-multipla\/","og_site_name":"Loja SOS Professor Atividades","article_publisher":"https:\/\/www.facebook.com\/sosprofessoratividades","article_modified_time":"2026-05-08T19:02:40+00:00","og_image":[{"width":800,"height":693,"url":"https:\/\/lojasosprofessoratividades.com.br\/wp-content\/uploads\/2024\/08\/1-3.jpg","type":"image\/jpeg"}],"twitter_card":"summary_large_image","twitter_misc":{"Est. reading time":"1 minute"},"schema":{"@context":"https:\/\/schema.org","@graph":[{"@type":"WebPage","@id":"https:\/\/lojasosprofessoratividades.com.br\/produto\/cartaz-de-inclusao-para-a-semana-nacional-da-pessoa-com-deficiencia-intelectual-e-multipla\/","url":"https:\/\/lojasosprofessoratividades.com.br\/produto\/cartaz-de-inclusao-para-a-semana-nacional-da-pessoa-com-deficiencia-intelectual-e-multipla\/","name":"Cartaz de Inclus\u00e3o para a Semana Nacional da Pessoa com Defici\u00eancia Intelectual e M\u00faltipla - Loja SOS Professor Atividades","isPartOf":{"@id":"https:\/\/lojasosprofessoratividades.com.br\/#website"},"primaryImageOfPage":{"@id":"https:\/\/lojasosprofessoratividades.com.br\/produto\/cartaz-de-inclusao-para-a-semana-nacional-da-pessoa-com-deficiencia-intelectual-e-multipla\/#primaryimage"},"image":{"@id":"https:\/\/lojasosprofessoratividades.com.br\/produto\/cartaz-de-inclusao-para-a-semana-nacional-da-pessoa-com-deficiencia-intelectual-e-multipla\/#primaryimage"},"thumbnailUrl":"https:\/\/lojasosprofessoratividades.com.br\/wp-content\/uploads\/2024\/08\/1-3.jpg","datePublished":"2024-08-15T21:52:08+00:00","dateModified":"2026-05-08T19:02:40+00:00","description":"Cartaz ampliado + tags criativas para celebrar a Semana da Pessoa com Defici\u00eancia com empatia e inclus\u00e3o. Ideal para murais escolares!","breadcrumb":{"@id":"https:\/\/lojasosprofessoratividades.com.br\/produto\/cartaz-de-inclusao-para-a-semana-nacional-da-pessoa-com-deficiencia-intelectual-e-multipla\/#breadcrumb"},"inLanguage":"en-US","potentialAction":[{"@type":"ReadAction","target":["https:\/\/lojasosprofessoratividades.com.br\/produto\/cartaz-de-inclusao-para-a-semana-nacional-da-pessoa-com-deficiencia-intelectual-e-multipla\/"]}]},{"@type":"ImageObject","inLanguage":"en-US","@id":"https:\/\/lojasosprofessoratividades.com.br\/produto\/cartaz-de-inclusao-para-a-semana-nacional-da-pessoa-com-deficiencia-intelectual-e-multipla\/#primaryimage","url":"https:\/\/lojasosprofessoratividades.com.br\/wp-content\/uploads\/2024\/08\/1-3.jpg","contentUrl":"https:\/\/lojasosprofessoratividades.com.br\/wp-content\/uploads\/2024\/08\/1-3.jpg","width":800,"height":693,"caption":"Cartaz de Inclus\u00e3o para a Semana Nacional da Pessoa com Defici\u00eancia Intelectual e M\u00faltipla"},{"@type":"BreadcrumbList","@id":"https:\/\/lojasosprofessoratividades.com.br\/produto\/cartaz-de-inclusao-para-a-semana-nacional-da-pessoa-com-deficiencia-intelectual-e-multipla\/#breadcrumb","itemListElement":[{"@type":"ListItem","position":1,"name":"In\u00edcio","item":"https:\/\/lojasosprofessoratividades.com.br\/"},{"@type":"ListItem","position":2,"name":"Loja","item":"https:\/\/lojasosprofessoratividades.com.br\/loja\/"},{"@type":"ListItem","position":3,"name":"Cartaz de Inclus\u00e3o para a Semana Nacional da Pessoa com Defici\u00eancia Intelectual e M\u00faltipla"}]},{"@type":"WebSite","@id":"https:\/\/lojasosprofessoratividades.com.br\/#website","url":"https:\/\/lojasosprofessoratividades.com.br\/","name":"Loja SOS Professor Atividades","description":"Venda de material did\u00e1tico para o ensino fundamental","publisher":{"@id":"https:\/\/lojasosprofessoratividades.com.br\/#organization"},"potentialAction":[{"@type":"SearchAction","target":{"@type":"EntryPoint","urlTemplate":"https:\/\/lojasosprofessoratividades.com.br\/?s={search_term_string}"},"query-input":{"@type":"PropertyValueSpecification","valueRequired":true,"valueName":"search_term_string"}}],"inLanguage":"en-US"},{"@type":"Organization","@id":"https:\/\/lojasosprofessoratividades.com.br\/#organization","name":"Loja SOS Professor Atividades","url":"https:\/\/lojasosprofessoratividades.com.br\/","logo":{"@type":"ImageObject","inLanguage":"en-US","@id":"https:\/\/lojasosprofessoratividades.com.br\/#\/schema\/logo\/image\/","url":"http:\/\/lojasosprofessoratividades.com.br\/wp-content\/uploads\/2022\/04\/Logo.png","contentUrl":"http:\/\/lojasosprofessoratividades.com.br\/wp-content\/uploads\/2022\/04\/Logo.png","width":2000,"height":2000,"caption":"Loja SOS Professor Atividades"},"image":{"@id":"https:\/\/lojasosprofessoratividades.com.br\/#\/schema\/logo\/image\/"},"sameAs":["https:\/\/www.facebook.com\/sosprofessoratividades","https:\/\/www.instagram.com\/sosprofessoratividades\/"]}]}},"_links":{"self":[{"href":"https:\/\/lojasosprofessoratividades.com.br\/en\/wp-json\/wp\/v2\/product\/31409","targetHints":{"allow":["GET"]}}],"collection":[{"href":"https:\/\/lojasosprofessoratividades.com.br\/en\/wp-json\/wp\/v2\/product"}],"about":[{"href":"https:\/\/lojasosprofessoratividades.com.br\/en\/wp-json\/wp\/v2\/types\/product"}],"replies":[{"embeddable":true,"href":"https:\/\/lojasosprofessoratividades.com.br\/en\/wp-json\/wp\/v2\/comments?post=31409"}],"wp:featuredmedia":[{"embeddable":true,"href":"https:\/\/lojasosprofessoratividades.com.br\/en\/wp-json\/wp\/v2\/media\/31410"}],"wp:attachment":[{"href":"https:\/\/lojasosprofessoratividades.com.br\/en\/wp-json\/wp\/v2\/media?parent=31409"}],"wp:term":[{"taxonomy":"product_brand","embeddable":true,"href":"https:\/\/lojasosprofessoratividades.com.br\/en\/wp-json\/wp\/v2\/product_brand?post=31409"},{"taxonomy":"product_cat","embeddable":true,"href":"https:\/\/lojasosprofessoratividades.com.br\/en\/wp-json\/wp\/v2\/product_cat?post=31409"},{"taxonomy":"product_tag","embeddable":true,"href":"https:\/\/lojasosprofessoratividades.com.br\/en\/wp-json\/wp\/v2\/product_tag?post=31409"}],"curies":[{"name":"wp","href":"https:\/\/api.w.org\/{rel}","templated":true}]}}