{"id":31508,"date":"2024-08-20T13:16:41","date_gmt":"2024-08-20T16:16:41","guid":{"rendered":"https:\/\/lojasosprofessoratividades.com.br\/?post_type=product&#038;p=31508"},"modified":"2026-05-08T16:02:47","modified_gmt":"2026-05-08T19:02:47","slug":"simbolos-nacionais-do-brasil-importancia-e-significado","status":"publish","type":"product","link":"https:\/\/lojasosprofessoratividades.com.br\/en\/product\/simbolos-nacionais-do-brasil-importancia-e-significado\/","title":{"rendered":"S\u00edmbolos Nacionais do Brasil: Import\u00e2ncia e Significado"},"content":{"rendered":"","protected":false},"excerpt":{"rendered":"<p>Enrique\u00e7a suas aulas com nosso arquivo \u201c<strong>S\u00edmbolos Nacionais do Brasil: Import\u00e2ncia e Significado<\/strong>\u201d!<\/p>\n<p>Ideal para turmas do <strong>3\u00b0 ao 5\u00ba ano do ensino fundamental 1<\/strong>, este material \u00e9 perfeito para ensinar e inspirar seus alunos sobre a identidade do Brasil.<\/p>\n<p>\u2728 <strong>O que est\u00e1 inclu\u00eddo:<\/strong><\/p>\n<ul>\n<li><strong>Caixa tem\u00e1tica:<\/strong> apresente os s\u00edmbolos nacionais de forma interativa com fichas ilustrativas.<\/li>\n<li><strong>Imagens e t\u00edtulo para mural:<\/strong> decore sua sala de aula com um painel educativo e vibrante.<\/li>\n<li><strong>Atividades e gabarito:<\/strong> atividades prontas para refor\u00e7ar o aprendizado com corre\u00e7\u00e3o facilitada.<\/li>\n<li><strong>S\u00edmbolos nacionais para colorir:<\/strong> atividade l\u00fadica que desperta a criatividade dos alunos.<\/li>\n<\/ul>\n<p>Este arquivo \u00e9 completo para engajar os alunos e aprofundar o entendimento sobre os s\u00edmbolos que representam nossa na\u00e7\u00e3o.<\/p>\n<p><strong>N\u00e3o<\/strong> edit\u00e1vel.<\/p>\n<h3>N\u00e3o enviamos por e-mail, a entrega \u00e9 via link para download. \ud83d\udc47<\/h3>\n<p><img loading=\"lazy\" decoding=\"async\" class=\"alignnone wp-image-31375 size-full\" src=\"https:\/\/lojasosprofessoratividades.com.br\/wp-content\/uploads\/2024\/08\/Aviso-Loja.jpg\" alt=\"\" width=\"446\" height=\"251\" srcset=\"https:\/\/lojasosprofessoratividades.com.br\/wp-content\/uploads\/2024\/08\/Aviso-Loja.jpg 446w, https:\/\/lojasosprofessoratividades.com.br\/wp-content\/uploads\/2024\/08\/Aviso-Loja-300x169.jpg 300w, https:\/\/lojasosprofessoratividades.com.br\/wp-content\/uploads\/2024\/08\/Aviso-Loja-18x10.jpg 18w\" sizes=\"auto, (max-width: 446px) 100vw, 446px\" \/><\/p>","protected":false},"featured_media":31510,"comment_status":"open","ping_status":"closed","template":"","meta":[],"product_brand":[],"product_cat":[124,125,127,216,218,214,192,207,185,215,217,213],"product_tag":[274,253,248,579,2728,2724,459,2729,2730,245,2725,2726,2727,2733,2732,2731,387,617,564,656,2723],"class_list":{"0":"post-31508","1":"product","2":"type-product","3":"status-publish","4":"has-post-thumbnail","6":"product_cat-3o-ano","7":"product_cat-4o-ano","8":"product_cat-5o-ano","9":"product_cat-data-comemorativa-4-ano","10":"product_cat-data-comemorativa-5-ano","11":"product_cat-data-comemorativa-3-ano","12":"product_cat-historia-4-ano","13":"product_cat-historia-5-ano","14":"product_cat-historia-3-ano","15":"product_cat-recursos-didaticos-4-ano","16":"product_cat-recursos-didaticos-5-ano","17":"product_cat-recursos-didaticos-3-ano","18":"product_tag-3o-ano","19":"product_tag-4o-ano","20":"product_tag-5o-ano","21":"product_tag-atividades-educativas","22":"product_tag-atividades-educativas-brasil","23":"product_tag-atividades-simbolos-nacionais","24":"product_tag-brasil","25":"product_tag-caixa-tematica-simbolos-nacionais","26":"product_tag-desenhos-para-colorir-simbolos-nacionais","27":"product_tag-ensino-fundamental","28":"product_tag-ensino-fundamental-3o-ano","29":"product_tag-ensino-fundamental-4o-ano","30":"product_tag-ensino-fundamental-5o-ano","31":"product_tag-gabarito-pronto-atividades","32":"product_tag-material-pedagogico-ensino-fundamental","33":"product_tag-mural-educativo-brasil","34":"product_tag-mural-escolar","35":"product_tag-professores","36":"product_tag-recursos-pedagogicos","37":"product_tag-simbolos-nacionais","38":"product_tag-simbolos-nacionais-do-brasil","40":"first","41":"instock","42":"sale","43":"downloadable","44":"virtual","45":"sold-individually","46":"purchasable","47":"product-type-simple"},"yoast_head":"<!-- This site is optimized with the Yoast SEO plugin v27.5 - https:\/\/yoast.com\/product\/yoast-seo-wordpress\/ -->\n<title>S\u00edmbolos Nacionais do Brasil: Import\u00e2ncia e Significado - Loja SOS Professor Atividades<\/title>\n<meta name=\"description\" content=\"S\u00edmbolos Nacionais do Brasil: atividades completas para 3\u00ba ao 5\u00ba ano com caixa tem\u00e1tica, mural, desenhos para colorir e gabarito pronto.\" \/>\n<meta name=\"robots\" content=\"index, follow, max-snippet:-1, max-image-preview:large, max-video-preview:-1\" \/>\n<link rel=\"canonical\" href=\"https:\/\/lojasosprofessoratividades.com.br\/en\/product\/simbolos-nacionais-do-brasil-importancia-e-significado\/\" \/>\n<meta property=\"og:locale\" content=\"en_US\" \/>\n<meta property=\"og:type\" content=\"article\" \/>\n<meta property=\"og:title\" content=\"S\u00edmbolos Nacionais do Brasil: Import\u00e2ncia e Significado - Loja SOS Professor Atividades\" \/>\n<meta property=\"og:description\" content=\"S\u00edmbolos Nacionais do Brasil: atividades completas para 3\u00ba ao 5\u00ba ano com caixa tem\u00e1tica, mural, desenhos para colorir e gabarito pronto.\" \/>\n<meta property=\"og:url\" content=\"https:\/\/lojasosprofessoratividades.com.br\/en\/product\/simbolos-nacionais-do-brasil-importancia-e-significado\/\" \/>\n<meta property=\"og:site_name\" content=\"Loja SOS Professor Atividades\" \/>\n<meta property=\"article:publisher\" content=\"https:\/\/www.facebook.com\/sosprofessoratividades\" \/>\n<meta property=\"article:modified_time\" content=\"2026-05-08T19:02:47+00:00\" \/>\n<meta property=\"og:image\" content=\"https:\/\/lojasosprofessoratividades.com.br\/wp-content\/uploads\/2024\/08\/1-4.jpg\" \/>\n\t<meta property=\"og:image:width\" content=\"800\" \/>\n\t<meta property=\"og:image:height\" content=\"693\" \/>\n\t<meta property=\"og:image:type\" content=\"image\/jpeg\" \/>\n<meta name=\"twitter:card\" content=\"summary_large_image\" \/>\n<meta name=\"twitter:label1\" content=\"Est. reading time\" \/>\n\t<meta name=\"twitter:data1\" content=\"1 minute\" \/>\n<script type=\"application\/ld+json\" class=\"yoast-schema-graph\">{\"@context\":\"https:\\\/\\\/schema.org\",\"@graph\":[{\"@type\":\"WebPage\",\"@id\":\"https:\\\/\\\/lojasosprofessoratividades.com.br\\\/produto\\\/simbolos-nacionais-do-brasil-importancia-e-significado\\\/\",\"url\":\"https:\\\/\\\/lojasosprofessoratividades.com.br\\\/produto\\\/simbolos-nacionais-do-brasil-importancia-e-significado\\\/\",\"name\":\"S\u00edmbolos Nacionais do Brasil: Import\u00e2ncia e Significado - Loja SOS Professor Atividades\",\"isPartOf\":{\"@id\":\"https:\\\/\\\/lojasosprofessoratividades.com.br\\\/#website\"},\"primaryImageOfPage\":{\"@id\":\"https:\\\/\\\/lojasosprofessoratividades.com.br\\\/produto\\\/simbolos-nacionais-do-brasil-importancia-e-significado\\\/#primaryimage\"},\"image\":{\"@id\":\"https:\\\/\\\/lojasosprofessoratividades.com.br\\\/produto\\\/simbolos-nacionais-do-brasil-importancia-e-significado\\\/#primaryimage\"},\"thumbnailUrl\":\"https:\\\/\\\/lojasosprofessoratividades.com.br\\\/wp-content\\\/uploads\\\/2024\\\/08\\\/1-4.jpg\",\"datePublished\":\"2024-08-20T16:16:41+00:00\",\"dateModified\":\"2026-05-08T19:02:47+00:00\",\"description\":\"S\u00edmbolos Nacionais do Brasil: atividades completas para 3\u00ba ao 5\u00ba ano com caixa tem\u00e1tica, mural, desenhos para colorir e gabarito pronto.\",\"breadcrumb\":{\"@id\":\"https:\\\/\\\/lojasosprofessoratividades.com.br\\\/produto\\\/simbolos-nacionais-do-brasil-importancia-e-significado\\\/#breadcrumb\"},\"inLanguage\":\"en-US\",\"potentialAction\":[{\"@type\":\"ReadAction\",\"target\":[\"https:\\\/\\\/lojasosprofessoratividades.com.br\\\/produto\\\/simbolos-nacionais-do-brasil-importancia-e-significado\\\/\"]}]},{\"@type\":\"ImageObject\",\"inLanguage\":\"en-US\",\"@id\":\"https:\\\/\\\/lojasosprofessoratividades.com.br\\\/produto\\\/simbolos-nacionais-do-brasil-importancia-e-significado\\\/#primaryimage\",\"url\":\"https:\\\/\\\/lojasosprofessoratividades.com.br\\\/wp-content\\\/uploads\\\/2024\\\/08\\\/1-4.jpg\",\"contentUrl\":\"https:\\\/\\\/lojasosprofessoratividades.com.br\\\/wp-content\\\/uploads\\\/2024\\\/08\\\/1-4.jpg\",\"width\":800,\"height\":693,\"caption\":\"S\u00edmbolos Nacionais do Brasil: Import\u00e2ncia e Significado\"},{\"@type\":\"BreadcrumbList\",\"@id\":\"https:\\\/\\\/lojasosprofessoratividades.com.br\\\/produto\\\/simbolos-nacionais-do-brasil-importancia-e-significado\\\/#breadcrumb\",\"itemListElement\":[{\"@type\":\"ListItem\",\"position\":1,\"name\":\"In\u00edcio\",\"item\":\"https:\\\/\\\/lojasosprofessoratividades.com.br\\\/\"},{\"@type\":\"ListItem\",\"position\":2,\"name\":\"Loja\",\"item\":\"https:\\\/\\\/lojasosprofessoratividades.com.br\\\/loja\\\/\"},{\"@type\":\"ListItem\",\"position\":3,\"name\":\"S\u00edmbolos Nacionais do Brasil: Import\u00e2ncia e Significado\"}]},{\"@type\":\"WebSite\",\"@id\":\"https:\\\/\\\/lojasosprofessoratividades.com.br\\\/#website\",\"url\":\"https:\\\/\\\/lojasosprofessoratividades.com.br\\\/\",\"name\":\"Loja SOS Professor Atividades\",\"description\":\"Venda de material did\u00e1tico para o ensino fundamental\",\"publisher\":{\"@id\":\"https:\\\/\\\/lojasosprofessoratividades.com.br\\\/#organization\"},\"potentialAction\":[{\"@type\":\"SearchAction\",\"target\":{\"@type\":\"EntryPoint\",\"urlTemplate\":\"https:\\\/\\\/lojasosprofessoratividades.com.br\\\/?s={search_term_string}\"},\"query-input\":{\"@type\":\"PropertyValueSpecification\",\"valueRequired\":true,\"valueName\":\"search_term_string\"}}],\"inLanguage\":\"en-US\"},{\"@type\":\"Organization\",\"@id\":\"https:\\\/\\\/lojasosprofessoratividades.com.br\\\/#organization\",\"name\":\"Loja SOS Professor Atividades\",\"url\":\"https:\\\/\\\/lojasosprofessoratividades.com.br\\\/\",\"logo\":{\"@type\":\"ImageObject\",\"inLanguage\":\"en-US\",\"@id\":\"https:\\\/\\\/lojasosprofessoratividades.com.br\\\/#\\\/schema\\\/logo\\\/image\\\/\",\"url\":\"http:\\\/\\\/lojasosprofessoratividades.com.br\\\/wp-content\\\/uploads\\\/2022\\\/04\\\/Logo.png\",\"contentUrl\":\"http:\\\/\\\/lojasosprofessoratividades.com.br\\\/wp-content\\\/uploads\\\/2022\\\/04\\\/Logo.png\",\"width\":2000,\"height\":2000,\"caption\":\"Loja SOS Professor Atividades\"},\"image\":{\"@id\":\"https:\\\/\\\/lojasosprofessoratividades.com.br\\\/#\\\/schema\\\/logo\\\/image\\\/\"},\"sameAs\":[\"https:\\\/\\\/www.facebook.com\\\/sosprofessoratividades\",\"https:\\\/\\\/www.instagram.com\\\/sosprofessoratividades\\\/\"]}]}<\/script>\n<!-- \/ Yoast SEO plugin. -->","yoast_head_json":{"title":"S\u00edmbolos Nacionais do Brasil: Import\u00e2ncia e Significado - Loja SOS Professor Atividades","description":"S\u00edmbolos Nacionais do Brasil: atividades completas para 3\u00ba ao 5\u00ba ano com caixa tem\u00e1tica, mural, desenhos para colorir e gabarito pronto.","robots":{"index":"index","follow":"follow","max-snippet":"max-snippet:-1","max-image-preview":"max-image-preview:large","max-video-preview":"max-video-preview:-1"},"canonical":"https:\/\/lojasosprofessoratividades.com.br\/en\/product\/simbolos-nacionais-do-brasil-importancia-e-significado\/","og_locale":"en_US","og_type":"article","og_title":"S\u00edmbolos Nacionais do Brasil: Import\u00e2ncia e Significado - Loja SOS Professor Atividades","og_description":"S\u00edmbolos Nacionais do Brasil: atividades completas para 3\u00ba ao 5\u00ba ano com caixa tem\u00e1tica, mural, desenhos para colorir e gabarito pronto.","og_url":"https:\/\/lojasosprofessoratividades.com.br\/en\/product\/simbolos-nacionais-do-brasil-importancia-e-significado\/","og_site_name":"Loja SOS Professor Atividades","article_publisher":"https:\/\/www.facebook.com\/sosprofessoratividades","article_modified_time":"2026-05-08T19:02:47+00:00","og_image":[{"width":800,"height":693,"url":"https:\/\/lojasosprofessoratividades.com.br\/wp-content\/uploads\/2024\/08\/1-4.jpg","type":"image\/jpeg"}],"twitter_card":"summary_large_image","twitter_misc":{"Est. reading time":"1 minute"},"schema":{"@context":"https:\/\/schema.org","@graph":[{"@type":"WebPage","@id":"https:\/\/lojasosprofessoratividades.com.br\/produto\/simbolos-nacionais-do-brasil-importancia-e-significado\/","url":"https:\/\/lojasosprofessoratividades.com.br\/produto\/simbolos-nacionais-do-brasil-importancia-e-significado\/","name":"S\u00edmbolos Nacionais do Brasil: Import\u00e2ncia e Significado - Loja SOS Professor Atividades","isPartOf":{"@id":"https:\/\/lojasosprofessoratividades.com.br\/#website"},"primaryImageOfPage":{"@id":"https:\/\/lojasosprofessoratividades.com.br\/produto\/simbolos-nacionais-do-brasil-importancia-e-significado\/#primaryimage"},"image":{"@id":"https:\/\/lojasosprofessoratividades.com.br\/produto\/simbolos-nacionais-do-brasil-importancia-e-significado\/#primaryimage"},"thumbnailUrl":"https:\/\/lojasosprofessoratividades.com.br\/wp-content\/uploads\/2024\/08\/1-4.jpg","datePublished":"2024-08-20T16:16:41+00:00","dateModified":"2026-05-08T19:02:47+00:00","description":"S\u00edmbolos Nacionais do Brasil: atividades completas para 3\u00ba ao 5\u00ba ano com caixa tem\u00e1tica, mural, desenhos para colorir e gabarito pronto.","breadcrumb":{"@id":"https:\/\/lojasosprofessoratividades.com.br\/produto\/simbolos-nacionais-do-brasil-importancia-e-significado\/#breadcrumb"},"inLanguage":"en-US","potentialAction":[{"@type":"ReadAction","target":["https:\/\/lojasosprofessoratividades.com.br\/produto\/simbolos-nacionais-do-brasil-importancia-e-significado\/"]}]},{"@type":"ImageObject","inLanguage":"en-US","@id":"https:\/\/lojasosprofessoratividades.com.br\/produto\/simbolos-nacionais-do-brasil-importancia-e-significado\/#primaryimage","url":"https:\/\/lojasosprofessoratividades.com.br\/wp-content\/uploads\/2024\/08\/1-4.jpg","contentUrl":"https:\/\/lojasosprofessoratividades.com.br\/wp-content\/uploads\/2024\/08\/1-4.jpg","width":800,"height":693,"caption":"S\u00edmbolos Nacionais do Brasil: Import\u00e2ncia e Significado"},{"@type":"BreadcrumbList","@id":"https:\/\/lojasosprofessoratividades.com.br\/produto\/simbolos-nacionais-do-brasil-importancia-e-significado\/#breadcrumb","itemListElement":[{"@type":"ListItem","position":1,"name":"In\u00edcio","item":"https:\/\/lojasosprofessoratividades.com.br\/"},{"@type":"ListItem","position":2,"name":"Loja","item":"https:\/\/lojasosprofessoratividades.com.br\/loja\/"},{"@type":"ListItem","position":3,"name":"S\u00edmbolos Nacionais do Brasil: Import\u00e2ncia e Significado"}]},{"@type":"WebSite","@id":"https:\/\/lojasosprofessoratividades.com.br\/#website","url":"https:\/\/lojasosprofessoratividades.com.br\/","name":"Loja SOS Professor Atividades","description":"Venda de material did\u00e1tico para o ensino fundamental","publisher":{"@id":"https:\/\/lojasosprofessoratividades.com.br\/#organization"},"potentialAction":[{"@type":"SearchAction","target":{"@type":"EntryPoint","urlTemplate":"https:\/\/lojasosprofessoratividades.com.br\/?s={search_term_string}"},"query-input":{"@type":"PropertyValueSpecification","valueRequired":true,"valueName":"search_term_string"}}],"inLanguage":"en-US"},{"@type":"Organization","@id":"https:\/\/lojasosprofessoratividades.com.br\/#organization","name":"Loja SOS Professor Atividades","url":"https:\/\/lojasosprofessoratividades.com.br\/","logo":{"@type":"ImageObject","inLanguage":"en-US","@id":"https:\/\/lojasosprofessoratividades.com.br\/#\/schema\/logo\/image\/","url":"http:\/\/lojasosprofessoratividades.com.br\/wp-content\/uploads\/2022\/04\/Logo.png","contentUrl":"http:\/\/lojasosprofessoratividades.com.br\/wp-content\/uploads\/2022\/04\/Logo.png","width":2000,"height":2000,"caption":"Loja SOS Professor Atividades"},"image":{"@id":"https:\/\/lojasosprofessoratividades.com.br\/#\/schema\/logo\/image\/"},"sameAs":["https:\/\/www.facebook.com\/sosprofessoratividades","https:\/\/www.instagram.com\/sosprofessoratividades\/"]}]}},"_links":{"self":[{"href":"https:\/\/lojasosprofessoratividades.com.br\/en\/wp-json\/wp\/v2\/product\/31508","targetHints":{"allow":["GET"]}}],"collection":[{"href":"https:\/\/lojasosprofessoratividades.com.br\/en\/wp-json\/wp\/v2\/product"}],"about":[{"href":"https:\/\/lojasosprofessoratividades.com.br\/en\/wp-json\/wp\/v2\/types\/product"}],"replies":[{"embeddable":true,"href":"https:\/\/lojasosprofessoratividades.com.br\/en\/wp-json\/wp\/v2\/comments?post=31508"}],"wp:featuredmedia":[{"embeddable":true,"href":"https:\/\/lojasosprofessoratividades.com.br\/en\/wp-json\/wp\/v2\/media\/31510"}],"wp:attachment":[{"href":"https:\/\/lojasosprofessoratividades.com.br\/en\/wp-json\/wp\/v2\/media?parent=31508"}],"wp:term":[{"taxonomy":"product_brand","embeddable":true,"href":"https:\/\/lojasosprofessoratividades.com.br\/en\/wp-json\/wp\/v2\/product_brand?post=31508"},{"taxonomy":"product_cat","embeddable":true,"href":"https:\/\/lojasosprofessoratividades.com.br\/en\/wp-json\/wp\/v2\/product_cat?post=31508"},{"taxonomy":"product_tag","embeddable":true,"href":"https:\/\/lojasosprofessoratividades.com.br\/en\/wp-json\/wp\/v2\/product_tag?post=31508"}],"curies":[{"name":"wp","href":"https:\/\/api.w.org\/{rel}","templated":true}]}}