{"id":31716,"date":"2024-09-09T20:00:42","date_gmt":"2024-09-09T23:00:42","guid":{"rendered":"https:\/\/lojasosprofessoratividades.com.br\/?post_type=product&#038;p=31716"},"modified":"2026-05-08T16:03:10","modified_gmt":"2026-05-08T19:03:10","slug":"os-diferentes-tipos-de-energias-e-suas-utilidades","status":"publish","type":"product","link":"https:\/\/lojasosprofessoratividades.com.br\/en\/product\/os-diferentes-tipos-de-energias-e-suas-utilidades\/","title":{"rendered":"Os diferentes tipos de energias e suas utilidades"},"content":{"rendered":"","protected":false},"excerpt":{"rendered":"<p><strong>Explore o universo da energia de forma divertida e educativa com o arquivo &#8220;Os Diferentes Tipos de Energias e suas Utilidades&#8221;!<\/strong><\/p>\n<p>Este material completo foi desenvolvido especialmente para turmas do <strong>5\u00ba ano<\/strong>, proporcionando uma compreens\u00e3o profunda e interativa sobre os tipos de energias e suas aplica\u00e7\u00f5es no dia a dia.<\/p>\n<p>O arquivo cont\u00e9m:<\/p>\n<ul>\n<li><strong>Capas colorida e para colorir<\/strong>\u00a0\u2013 Visual atraente para iniciar o conte\u00fado.<\/li>\n<li><strong>Texto explicativo com atividades<\/strong> \u2013 Facilita a compreens\u00e3o dos conceitos.<\/li>\n<li><strong>Ca\u00e7a-Palavras<\/strong> para o caderno do aluno e um <strong>Ca\u00e7a-Palavras P\u00f4ster<\/strong> (tamanho 2&#215;2) \u2013 Ideal para fixa\u00e7\u00e3o dos temas.<\/li>\n<li><strong>Infogr\u00e1fico &#8220;Energias Renov\u00e1veis&#8221;<\/strong> \u2013 Nas vers\u00f5es colorida e para colorir, dispon\u00edvel nos tamanhos p\u00f4ster e A4.<\/li>\n<li><strong>Sugest\u00f5es de atividades pr\u00e1ticas<\/strong> \u2013 Para refor\u00e7ar o aprendizado sobre os diferentes tipos de energias com experi\u00eancias manuais.<\/li>\n<li><strong>Gabarito completo<\/strong> \u2013 Para facilitar a corre\u00e7\u00e3o das atividades.<\/li>\n<\/ul>\n<p>Perfeito para enriquecer as aulas de Ci\u00eancias e engajar os alunos em uma aprendizagem divertida e pr\u00e1tica! \ud83c\udf0d\u26a1<\/p>\n<p>Garanta j\u00e1 o seu material e traga mais energia para suas aulas!<\/p>\n<p><strong>N\u00e3o<\/strong> edit\u00e1vel.<\/p>\n<h3>N\u00e3o enviamos por e-mail, a entrega \u00e9 via link para download. \ud83d\udc47<\/h3>\n<p><img loading=\"lazy\" decoding=\"async\" class=\"alignnone wp-image-31375 size-full\" src=\"https:\/\/lojasosprofessoratividades.com.br\/wp-content\/uploads\/2024\/08\/Aviso-Loja.jpg\" alt=\"\" width=\"446\" height=\"251\" srcset=\"https:\/\/lojasosprofessoratividades.com.br\/wp-content\/uploads\/2024\/08\/Aviso-Loja.jpg 446w, https:\/\/lojasosprofessoratividades.com.br\/wp-content\/uploads\/2024\/08\/Aviso-Loja-300x169.jpg 300w, https:\/\/lojasosprofessoratividades.com.br\/wp-content\/uploads\/2024\/08\/Aviso-Loja-18x10.jpg 18w\" sizes=\"auto, (max-width: 446px) 100vw, 446px\" \/><\/p>","protected":false},"featured_media":31720,"comment_status":"open","ping_status":"closed","template":"","meta":[],"product_brand":[],"product_cat":[127,208,217],"product_tag":[688,684,687,691,685,245,689,686,690,692],"class_list":{"0":"post-31716","1":"product","2":"type-product","3":"status-publish","4":"has-post-thumbnail","6":"product_cat-5o-ano","7":"product_cat-geografia-5-ano","8":"product_cat-recursos-didaticos-5-ano","9":"product_tag-caca-palavras-educativo","10":"product_tag-diferentes-tipos-de-energia","11":"product_tag-educacao-sobre-energia","12":"product_tag-energias-na-sala-de-aula","13":"product_tag-energias-renovaveis","14":"product_tag-ensino-fundamental","15":"product_tag-infografico-sobre-energia","16":"product_tag-material-para-5o-ano","17":"product_tag-praticas-sobre-energia","18":"product_tag-utilidade-das-energias","20":"first","21":"instock","22":"downloadable","23":"virtual","24":"sold-individually","25":"purchasable","26":"product-type-simple"},"yoast_head":"<!-- This site is optimized with the Yoast SEO plugin v27.6 - https:\/\/yoast.com\/product\/yoast-seo-wordpress\/ -->\n<title>Os diferentes tipos de energias e suas utilidades - Loja SOS Professor Atividades<\/title>\n<meta name=\"description\" content=\"Aprenda sobre os diferentes tipos de energia e suas utilidades com este material completo para o 5\u00ba ano. Inclui atividades interativas, infogr\u00e1ficos, ca\u00e7a-palavras e sugest\u00f5es de pr\u00e1ticas sobre energias renov\u00e1veis e tradicionais.\" \/>\n<meta name=\"robots\" content=\"index, follow, max-snippet:-1, max-image-preview:large, max-video-preview:-1\" \/>\n<link rel=\"canonical\" href=\"https:\/\/lojasosprofessoratividades.com.br\/en\/product\/os-diferentes-tipos-de-energias-e-suas-utilidades\/\" \/>\n<meta property=\"og:locale\" content=\"en_US\" \/>\n<meta property=\"og:type\" content=\"article\" \/>\n<meta property=\"og:title\" content=\"Os diferentes tipos de energias e suas utilidades - Loja SOS Professor Atividades\" \/>\n<meta property=\"og:description\" content=\"Aprenda sobre os diferentes tipos de energia e suas utilidades com este material completo para o 5\u00ba ano. Inclui atividades interativas, infogr\u00e1ficos, ca\u00e7a-palavras e sugest\u00f5es de pr\u00e1ticas sobre energias renov\u00e1veis e tradicionais.\" \/>\n<meta property=\"og:url\" content=\"https:\/\/lojasosprofessoratividades.com.br\/en\/product\/os-diferentes-tipos-de-energias-e-suas-utilidades\/\" \/>\n<meta property=\"og:site_name\" content=\"Loja SOS Professor Atividades\" \/>\n<meta property=\"article:publisher\" content=\"https:\/\/www.facebook.com\/sosprofessoratividades\" \/>\n<meta property=\"article:modified_time\" content=\"2026-05-08T19:03:10+00:00\" \/>\n<meta property=\"og:image\" content=\"https:\/\/lojasosprofessoratividades.com.br\/wp-content\/uploads\/2024\/09\/1-1.jpg\" \/>\n\t<meta property=\"og:image:width\" content=\"800\" \/>\n\t<meta property=\"og:image:height\" content=\"693\" \/>\n\t<meta property=\"og:image:type\" content=\"image\/jpeg\" \/>\n<meta name=\"twitter:card\" content=\"summary_large_image\" \/>\n<meta name=\"twitter:label1\" content=\"Est. reading time\" \/>\n\t<meta name=\"twitter:data1\" content=\"1 minute\" \/>\n<script type=\"application\/ld+json\" class=\"yoast-schema-graph\">{\"@context\":\"https:\\\/\\\/schema.org\",\"@graph\":[{\"@type\":\"WebPage\",\"@id\":\"https:\\\/\\\/lojasosprofessoratividades.com.br\\\/produto\\\/os-diferentes-tipos-de-energias-e-suas-utilidades\\\/\",\"url\":\"https:\\\/\\\/lojasosprofessoratividades.com.br\\\/produto\\\/os-diferentes-tipos-de-energias-e-suas-utilidades\\\/\",\"name\":\"Os diferentes tipos de energias e suas utilidades - Loja SOS Professor Atividades\",\"isPartOf\":{\"@id\":\"https:\\\/\\\/lojasosprofessoratividades.com.br\\\/#website\"},\"primaryImageOfPage\":{\"@id\":\"https:\\\/\\\/lojasosprofessoratividades.com.br\\\/produto\\\/os-diferentes-tipos-de-energias-e-suas-utilidades\\\/#primaryimage\"},\"image\":{\"@id\":\"https:\\\/\\\/lojasosprofessoratividades.com.br\\\/produto\\\/os-diferentes-tipos-de-energias-e-suas-utilidades\\\/#primaryimage\"},\"thumbnailUrl\":\"https:\\\/\\\/lojasosprofessoratividades.com.br\\\/wp-content\\\/uploads\\\/2024\\\/09\\\/1-1.jpg\",\"datePublished\":\"2024-09-09T23:00:42+00:00\",\"dateModified\":\"2026-05-08T19:03:10+00:00\",\"description\":\"Aprenda sobre os diferentes tipos de energia e suas utilidades com este material completo para o 5\u00ba ano. Inclui atividades interativas, infogr\u00e1ficos, ca\u00e7a-palavras e sugest\u00f5es de pr\u00e1ticas sobre energias renov\u00e1veis e tradicionais.\",\"breadcrumb\":{\"@id\":\"https:\\\/\\\/lojasosprofessoratividades.com.br\\\/produto\\\/os-diferentes-tipos-de-energias-e-suas-utilidades\\\/#breadcrumb\"},\"inLanguage\":\"en-US\",\"potentialAction\":[{\"@type\":\"ReadAction\",\"target\":[\"https:\\\/\\\/lojasosprofessoratividades.com.br\\\/produto\\\/os-diferentes-tipos-de-energias-e-suas-utilidades\\\/\"]}]},{\"@type\":\"ImageObject\",\"inLanguage\":\"en-US\",\"@id\":\"https:\\\/\\\/lojasosprofessoratividades.com.br\\\/produto\\\/os-diferentes-tipos-de-energias-e-suas-utilidades\\\/#primaryimage\",\"url\":\"https:\\\/\\\/lojasosprofessoratividades.com.br\\\/wp-content\\\/uploads\\\/2024\\\/09\\\/1-1.jpg\",\"contentUrl\":\"https:\\\/\\\/lojasosprofessoratividades.com.br\\\/wp-content\\\/uploads\\\/2024\\\/09\\\/1-1.jpg\",\"width\":800,\"height\":693,\"caption\":\"Os diferentes tipos de energias e suas utilidades\"},{\"@type\":\"BreadcrumbList\",\"@id\":\"https:\\\/\\\/lojasosprofessoratividades.com.br\\\/produto\\\/os-diferentes-tipos-de-energias-e-suas-utilidades\\\/#breadcrumb\",\"itemListElement\":[{\"@type\":\"ListItem\",\"position\":1,\"name\":\"In\u00edcio\",\"item\":\"https:\\\/\\\/lojasosprofessoratividades.com.br\\\/\"},{\"@type\":\"ListItem\",\"position\":2,\"name\":\"Loja\",\"item\":\"https:\\\/\\\/lojasosprofessoratividades.com.br\\\/loja\\\/\"},{\"@type\":\"ListItem\",\"position\":3,\"name\":\"Os diferentes tipos de energias e suas utilidades\"}]},{\"@type\":\"WebSite\",\"@id\":\"https:\\\/\\\/lojasosprofessoratividades.com.br\\\/#website\",\"url\":\"https:\\\/\\\/lojasosprofessoratividades.com.br\\\/\",\"name\":\"Loja SOS Professor Atividades\",\"description\":\"Venda de material did\u00e1tico para o ensino fundamental\",\"publisher\":{\"@id\":\"https:\\\/\\\/lojasosprofessoratividades.com.br\\\/#organization\"},\"potentialAction\":[{\"@type\":\"SearchAction\",\"target\":{\"@type\":\"EntryPoint\",\"urlTemplate\":\"https:\\\/\\\/lojasosprofessoratividades.com.br\\\/?s={search_term_string}\"},\"query-input\":{\"@type\":\"PropertyValueSpecification\",\"valueRequired\":true,\"valueName\":\"search_term_string\"}}],\"inLanguage\":\"en-US\"},{\"@type\":\"Organization\",\"@id\":\"https:\\\/\\\/lojasosprofessoratividades.com.br\\\/#organization\",\"name\":\"Loja SOS Professor Atividades\",\"url\":\"https:\\\/\\\/lojasosprofessoratividades.com.br\\\/\",\"logo\":{\"@type\":\"ImageObject\",\"inLanguage\":\"en-US\",\"@id\":\"https:\\\/\\\/lojasosprofessoratividades.com.br\\\/#\\\/schema\\\/logo\\\/image\\\/\",\"url\":\"http:\\\/\\\/lojasosprofessoratividades.com.br\\\/wp-content\\\/uploads\\\/2022\\\/04\\\/Logo.png\",\"contentUrl\":\"http:\\\/\\\/lojasosprofessoratividades.com.br\\\/wp-content\\\/uploads\\\/2022\\\/04\\\/Logo.png\",\"width\":2000,\"height\":2000,\"caption\":\"Loja SOS Professor Atividades\"},\"image\":{\"@id\":\"https:\\\/\\\/lojasosprofessoratividades.com.br\\\/#\\\/schema\\\/logo\\\/image\\\/\"},\"sameAs\":[\"https:\\\/\\\/www.facebook.com\\\/sosprofessoratividades\",\"https:\\\/\\\/www.instagram.com\\\/sosprofessoratividades\\\/\"]}]}<\/script>\n<!-- \/ Yoast SEO plugin. -->","yoast_head_json":{"title":"Os diferentes tipos de energias e suas utilidades - Loja SOS Professor Atividades","description":"Aprenda sobre os diferentes tipos de energia e suas utilidades com este material completo para o 5\u00ba ano. Inclui atividades interativas, infogr\u00e1ficos, ca\u00e7a-palavras e sugest\u00f5es de pr\u00e1ticas sobre energias renov\u00e1veis e tradicionais.","robots":{"index":"index","follow":"follow","max-snippet":"max-snippet:-1","max-image-preview":"max-image-preview:large","max-video-preview":"max-video-preview:-1"},"canonical":"https:\/\/lojasosprofessoratividades.com.br\/en\/product\/os-diferentes-tipos-de-energias-e-suas-utilidades\/","og_locale":"en_US","og_type":"article","og_title":"Os diferentes tipos de energias e suas utilidades - Loja SOS Professor Atividades","og_description":"Aprenda sobre os diferentes tipos de energia e suas utilidades com este material completo para o 5\u00ba ano. Inclui atividades interativas, infogr\u00e1ficos, ca\u00e7a-palavras e sugest\u00f5es de pr\u00e1ticas sobre energias renov\u00e1veis e tradicionais.","og_url":"https:\/\/lojasosprofessoratividades.com.br\/en\/product\/os-diferentes-tipos-de-energias-e-suas-utilidades\/","og_site_name":"Loja SOS Professor Atividades","article_publisher":"https:\/\/www.facebook.com\/sosprofessoratividades","article_modified_time":"2026-05-08T19:03:10+00:00","og_image":[{"width":800,"height":693,"url":"https:\/\/lojasosprofessoratividades.com.br\/wp-content\/uploads\/2024\/09\/1-1.jpg","type":"image\/jpeg"}],"twitter_card":"summary_large_image","twitter_misc":{"Est. reading time":"1 minute"},"schema":{"@context":"https:\/\/schema.org","@graph":[{"@type":"WebPage","@id":"https:\/\/lojasosprofessoratividades.com.br\/produto\/os-diferentes-tipos-de-energias-e-suas-utilidades\/","url":"https:\/\/lojasosprofessoratividades.com.br\/produto\/os-diferentes-tipos-de-energias-e-suas-utilidades\/","name":"Os diferentes tipos de energias e suas utilidades - Loja SOS Professor Atividades","isPartOf":{"@id":"https:\/\/lojasosprofessoratividades.com.br\/#website"},"primaryImageOfPage":{"@id":"https:\/\/lojasosprofessoratividades.com.br\/produto\/os-diferentes-tipos-de-energias-e-suas-utilidades\/#primaryimage"},"image":{"@id":"https:\/\/lojasosprofessoratividades.com.br\/produto\/os-diferentes-tipos-de-energias-e-suas-utilidades\/#primaryimage"},"thumbnailUrl":"https:\/\/lojasosprofessoratividades.com.br\/wp-content\/uploads\/2024\/09\/1-1.jpg","datePublished":"2024-09-09T23:00:42+00:00","dateModified":"2026-05-08T19:03:10+00:00","description":"Aprenda sobre os diferentes tipos de energia e suas utilidades com este material completo para o 5\u00ba ano. Inclui atividades interativas, infogr\u00e1ficos, ca\u00e7a-palavras e sugest\u00f5es de pr\u00e1ticas sobre energias renov\u00e1veis e tradicionais.","breadcrumb":{"@id":"https:\/\/lojasosprofessoratividades.com.br\/produto\/os-diferentes-tipos-de-energias-e-suas-utilidades\/#breadcrumb"},"inLanguage":"en-US","potentialAction":[{"@type":"ReadAction","target":["https:\/\/lojasosprofessoratividades.com.br\/produto\/os-diferentes-tipos-de-energias-e-suas-utilidades\/"]}]},{"@type":"ImageObject","inLanguage":"en-US","@id":"https:\/\/lojasosprofessoratividades.com.br\/produto\/os-diferentes-tipos-de-energias-e-suas-utilidades\/#primaryimage","url":"https:\/\/lojasosprofessoratividades.com.br\/wp-content\/uploads\/2024\/09\/1-1.jpg","contentUrl":"https:\/\/lojasosprofessoratividades.com.br\/wp-content\/uploads\/2024\/09\/1-1.jpg","width":800,"height":693,"caption":"Os diferentes tipos de energias e suas utilidades"},{"@type":"BreadcrumbList","@id":"https:\/\/lojasosprofessoratividades.com.br\/produto\/os-diferentes-tipos-de-energias-e-suas-utilidades\/#breadcrumb","itemListElement":[{"@type":"ListItem","position":1,"name":"In\u00edcio","item":"https:\/\/lojasosprofessoratividades.com.br\/"},{"@type":"ListItem","position":2,"name":"Loja","item":"https:\/\/lojasosprofessoratividades.com.br\/loja\/"},{"@type":"ListItem","position":3,"name":"Os diferentes tipos de energias e suas utilidades"}]},{"@type":"WebSite","@id":"https:\/\/lojasosprofessoratividades.com.br\/#website","url":"https:\/\/lojasosprofessoratividades.com.br\/","name":"Loja SOS Professor Atividades","description":"Venda de material did\u00e1tico para o ensino fundamental","publisher":{"@id":"https:\/\/lojasosprofessoratividades.com.br\/#organization"},"potentialAction":[{"@type":"SearchAction","target":{"@type":"EntryPoint","urlTemplate":"https:\/\/lojasosprofessoratividades.com.br\/?s={search_term_string}"},"query-input":{"@type":"PropertyValueSpecification","valueRequired":true,"valueName":"search_term_string"}}],"inLanguage":"en-US"},{"@type":"Organization","@id":"https:\/\/lojasosprofessoratividades.com.br\/#organization","name":"Loja SOS Professor Atividades","url":"https:\/\/lojasosprofessoratividades.com.br\/","logo":{"@type":"ImageObject","inLanguage":"en-US","@id":"https:\/\/lojasosprofessoratividades.com.br\/#\/schema\/logo\/image\/","url":"http:\/\/lojasosprofessoratividades.com.br\/wp-content\/uploads\/2022\/04\/Logo.png","contentUrl":"http:\/\/lojasosprofessoratividades.com.br\/wp-content\/uploads\/2022\/04\/Logo.png","width":2000,"height":2000,"caption":"Loja SOS Professor Atividades"},"image":{"@id":"https:\/\/lojasosprofessoratividades.com.br\/#\/schema\/logo\/image\/"},"sameAs":["https:\/\/www.facebook.com\/sosprofessoratividades","https:\/\/www.instagram.com\/sosprofessoratividades\/"]}]}},"_links":{"self":[{"href":"https:\/\/lojasosprofessoratividades.com.br\/en\/wp-json\/wp\/v2\/product\/31716","targetHints":{"allow":["GET"]}}],"collection":[{"href":"https:\/\/lojasosprofessoratividades.com.br\/en\/wp-json\/wp\/v2\/product"}],"about":[{"href":"https:\/\/lojasosprofessoratividades.com.br\/en\/wp-json\/wp\/v2\/types\/product"}],"replies":[{"embeddable":true,"href":"https:\/\/lojasosprofessoratividades.com.br\/en\/wp-json\/wp\/v2\/comments?post=31716"}],"wp:featuredmedia":[{"embeddable":true,"href":"https:\/\/lojasosprofessoratividades.com.br\/en\/wp-json\/wp\/v2\/media\/31720"}],"wp:attachment":[{"href":"https:\/\/lojasosprofessoratividades.com.br\/en\/wp-json\/wp\/v2\/media?parent=31716"}],"wp:term":[{"taxonomy":"product_brand","embeddable":true,"href":"https:\/\/lojasosprofessoratividades.com.br\/en\/wp-json\/wp\/v2\/product_brand?post=31716"},{"taxonomy":"product_cat","embeddable":true,"href":"https:\/\/lojasosprofessoratividades.com.br\/en\/wp-json\/wp\/v2\/product_cat?post=31716"},{"taxonomy":"product_tag","embeddable":true,"href":"https:\/\/lojasosprofessoratividades.com.br\/en\/wp-json\/wp\/v2\/product_tag?post=31716"}],"curies":[{"name":"wp","href":"https:\/\/api.w.org\/{rel}","templated":true}]}}