{"id":31991,"date":"2024-10-01T12:47:23","date_gmt":"2024-10-01T15:47:23","guid":{"rendered":"https:\/\/lojasosprofessoratividades.com.br\/?post_type=product&#038;p=31991"},"modified":"2026-05-08T16:04:43","modified_gmt":"2026-05-08T19:04:43","slug":"maleta-bis-dia-dos-professores","status":"publish","type":"product","link":"https:\/\/lojasosprofessoratividades.com.br\/en\/product\/maleta-bis-dia-dos-professores\/","title":{"rendered":"Maleta Bis &#8211; Dia dos Professores"},"content":{"rendered":"","protected":false},"excerpt":{"rendered":"<p>Surpreenda seus professores com um presente especial! O arquivo <strong>Maleta Bis<\/strong> traz <strong>tr\u00eas lindos modelos<\/strong> de arte para personalizar embalagens de Bis, criando lembran\u00e7as \u00fanicas e encantadoras. \ud83c\udf81\ud83c\udf6b<\/p>\n<p>Com design pensado especialmente para o <strong>Dia dos Professores<\/strong>, s\u00e3o f\u00e1ceis de montar e ser\u00e1 um gesto de carinho que vai encantar.<\/p>\n<p>Um mimo pr\u00e1tico e criativo que transforma o simples em memor\u00e1vel!<\/p>\n<p>\ud83d\udcc2 <strong>Arquivo digital n\u00e3o edit\u00e1vel<\/strong><\/p>\n<p>\ud83d\udda8\ufe0f <strong>F\u00e1cil de imprimir e montar<\/strong><\/p>\n<p>Deixe seu presente ainda mais especial neste dia t\u00e3o importante!<\/p>\n<h3><em><strong>Entrega via link para download. \ud83d\udc47<\/strong><\/em><\/h3>\n<p><img loading=\"lazy\" decoding=\"async\" class=\"alignnone wp-image-31375 size-full\" src=\"https:\/\/lojasosprofessoratividades.com.br\/wp-content\/uploads\/2024\/08\/Aviso-Loja.jpg\" alt=\"\" width=\"446\" height=\"251\" srcset=\"https:\/\/lojasosprofessoratividades.com.br\/wp-content\/uploads\/2024\/08\/Aviso-Loja.jpg 446w, https:\/\/lojasosprofessoratividades.com.br\/wp-content\/uploads\/2024\/08\/Aviso-Loja-300x169.jpg 300w, https:\/\/lojasosprofessoratividades.com.br\/wp-content\/uploads\/2024\/08\/Aviso-Loja-18x10.jpg 18w\" sizes=\"auto, (max-width: 446px) 100vw, 446px\" \/><\/p>","protected":false},"featured_media":31993,"comment_status":"open","ping_status":"closed","template":"","meta":[],"product_brand":[],"product_cat":[122,123,124,125,127,214,216,218,210,212,126,220],"product_tag":[750,693,762,765,356,760,764,754,761,763],"class_list":{"0":"post-31991","1":"product","2":"type-product","3":"status-publish","4":"has-post-thumbnail","6":"product_cat-1o-ano","7":"product_cat-2o-ano","8":"product_cat-3o-ano","9":"product_cat-4o-ano","10":"product_cat-5o-ano","11":"product_cat-data-comemorativa-3-ano","12":"product_cat-data-comemorativa-4-ano","13":"product_cat-data-comemorativa-5-ano","14":"product_cat-data-comemorativa-1-ano","15":"product_cat-data-comemorativa-2-ano","16":"product_cat-educacao-infantil","17":"product_cat-o-eu-o-outro-o-nos","18":"product_tag-arquivo-digital","19":"product_tag-dia-dos-professores","20":"product_tag-embalagem-de-bis","21":"product_tag-lembranca-personalizada","22":"product_tag-lembrancinha","23":"product_tag-maleta-bis","24":"product_tag-mimo-para-professores","25":"product_tag-personalizacao","26":"product_tag-presente-criativo","27":"product_tag-presente-facil-de-fazer","29":"first","30":"instock","31":"downloadable","32":"virtual","33":"sold-individually","34":"purchasable","35":"product-type-simple"},"yoast_head":"<!-- This site is optimized with the Yoast SEO plugin v27.5 - https:\/\/yoast.com\/product\/yoast-seo-wordpress\/ -->\n<title>Maleta Bis - Dia dos Professores - Loja SOS Professor Atividades<\/title>\n<meta name=\"description\" content=\"Presenteie os professores com a Maleta Bis! O arquivo cont\u00e9m tr\u00eas modelos de arte para personalizar embalagens de Bis, criando lembran\u00e7as \u00fanicas e especiais para o Dia dos Professores. F\u00e1cil de montar e ideal para encantar com simplicidade.\" \/>\n<meta name=\"robots\" content=\"index, follow, max-snippet:-1, max-image-preview:large, max-video-preview:-1\" \/>\n<link rel=\"canonical\" href=\"https:\/\/lojasosprofessoratividades.com.br\/en\/product\/maleta-bis-dia-dos-professores\/\" \/>\n<meta property=\"og:locale\" content=\"en_US\" \/>\n<meta property=\"og:type\" content=\"article\" \/>\n<meta property=\"og:title\" content=\"Maleta Bis - Dia dos Professores - Loja SOS Professor Atividades\" \/>\n<meta property=\"og:description\" content=\"Presenteie os professores com a Maleta Bis! O arquivo cont\u00e9m tr\u00eas modelos de arte para personalizar embalagens de Bis, criando lembran\u00e7as \u00fanicas e especiais para o Dia dos Professores. F\u00e1cil de montar e ideal para encantar com simplicidade.\" \/>\n<meta property=\"og:url\" content=\"https:\/\/lojasosprofessoratividades.com.br\/en\/product\/maleta-bis-dia-dos-professores\/\" \/>\n<meta property=\"og:site_name\" content=\"Loja SOS Professor Atividades\" \/>\n<meta property=\"article:publisher\" content=\"https:\/\/www.facebook.com\/sosprofessoratividades\" \/>\n<meta property=\"article:modified_time\" content=\"2026-05-08T19:04:43+00:00\" \/>\n<meta property=\"og:image\" content=\"https:\/\/lojasosprofessoratividades.com.br\/wp-content\/uploads\/2024\/10\/1.jpg\" \/>\n\t<meta property=\"og:image:width\" content=\"800\" \/>\n\t<meta property=\"og:image:height\" content=\"693\" \/>\n\t<meta property=\"og:image:type\" content=\"image\/jpeg\" \/>\n<meta name=\"twitter:card\" content=\"summary_large_image\" \/>\n<meta name=\"twitter:label1\" content=\"Est. reading time\" \/>\n\t<meta name=\"twitter:data1\" content=\"1 minute\" \/>\n<script type=\"application\/ld+json\" class=\"yoast-schema-graph\">{\"@context\":\"https:\\\/\\\/schema.org\",\"@graph\":[{\"@type\":\"WebPage\",\"@id\":\"https:\\\/\\\/lojasosprofessoratividades.com.br\\\/produto\\\/maleta-bis-dia-dos-professores\\\/\",\"url\":\"https:\\\/\\\/lojasosprofessoratividades.com.br\\\/produto\\\/maleta-bis-dia-dos-professores\\\/\",\"name\":\"Maleta Bis - Dia dos Professores - Loja SOS Professor Atividades\",\"isPartOf\":{\"@id\":\"https:\\\/\\\/lojasosprofessoratividades.com.br\\\/#website\"},\"primaryImageOfPage\":{\"@id\":\"https:\\\/\\\/lojasosprofessoratividades.com.br\\\/produto\\\/maleta-bis-dia-dos-professores\\\/#primaryimage\"},\"image\":{\"@id\":\"https:\\\/\\\/lojasosprofessoratividades.com.br\\\/produto\\\/maleta-bis-dia-dos-professores\\\/#primaryimage\"},\"thumbnailUrl\":\"https:\\\/\\\/lojasosprofessoratividades.com.br\\\/wp-content\\\/uploads\\\/2024\\\/10\\\/1.jpg\",\"datePublished\":\"2024-10-01T15:47:23+00:00\",\"dateModified\":\"2026-05-08T19:04:43+00:00\",\"description\":\"Presenteie os professores com a Maleta Bis! O arquivo cont\u00e9m tr\u00eas modelos de arte para personalizar embalagens de Bis, criando lembran\u00e7as \u00fanicas e especiais para o Dia dos Professores. F\u00e1cil de montar e ideal para encantar com simplicidade.\",\"breadcrumb\":{\"@id\":\"https:\\\/\\\/lojasosprofessoratividades.com.br\\\/produto\\\/maleta-bis-dia-dos-professores\\\/#breadcrumb\"},\"inLanguage\":\"en-US\",\"potentialAction\":[{\"@type\":\"ReadAction\",\"target\":[\"https:\\\/\\\/lojasosprofessoratividades.com.br\\\/produto\\\/maleta-bis-dia-dos-professores\\\/\"]}]},{\"@type\":\"ImageObject\",\"inLanguage\":\"en-US\",\"@id\":\"https:\\\/\\\/lojasosprofessoratividades.com.br\\\/produto\\\/maleta-bis-dia-dos-professores\\\/#primaryimage\",\"url\":\"https:\\\/\\\/lojasosprofessoratividades.com.br\\\/wp-content\\\/uploads\\\/2024\\\/10\\\/1.jpg\",\"contentUrl\":\"https:\\\/\\\/lojasosprofessoratividades.com.br\\\/wp-content\\\/uploads\\\/2024\\\/10\\\/1.jpg\",\"width\":800,\"height\":693,\"caption\":\"Maleta Bis - Dia dos Professores\"},{\"@type\":\"BreadcrumbList\",\"@id\":\"https:\\\/\\\/lojasosprofessoratividades.com.br\\\/produto\\\/maleta-bis-dia-dos-professores\\\/#breadcrumb\",\"itemListElement\":[{\"@type\":\"ListItem\",\"position\":1,\"name\":\"In\u00edcio\",\"item\":\"https:\\\/\\\/lojasosprofessoratividades.com.br\\\/\"},{\"@type\":\"ListItem\",\"position\":2,\"name\":\"Loja\",\"item\":\"https:\\\/\\\/lojasosprofessoratividades.com.br\\\/loja\\\/\"},{\"@type\":\"ListItem\",\"position\":3,\"name\":\"Maleta Bis &#8211; Dia dos Professores\"}]},{\"@type\":\"WebSite\",\"@id\":\"https:\\\/\\\/lojasosprofessoratividades.com.br\\\/#website\",\"url\":\"https:\\\/\\\/lojasosprofessoratividades.com.br\\\/\",\"name\":\"Loja SOS Professor Atividades\",\"description\":\"Venda de material did\u00e1tico para o ensino fundamental\",\"publisher\":{\"@id\":\"https:\\\/\\\/lojasosprofessoratividades.com.br\\\/#organization\"},\"potentialAction\":[{\"@type\":\"SearchAction\",\"target\":{\"@type\":\"EntryPoint\",\"urlTemplate\":\"https:\\\/\\\/lojasosprofessoratividades.com.br\\\/?s={search_term_string}\"},\"query-input\":{\"@type\":\"PropertyValueSpecification\",\"valueRequired\":true,\"valueName\":\"search_term_string\"}}],\"inLanguage\":\"en-US\"},{\"@type\":\"Organization\",\"@id\":\"https:\\\/\\\/lojasosprofessoratividades.com.br\\\/#organization\",\"name\":\"Loja SOS Professor Atividades\",\"url\":\"https:\\\/\\\/lojasosprofessoratividades.com.br\\\/\",\"logo\":{\"@type\":\"ImageObject\",\"inLanguage\":\"en-US\",\"@id\":\"https:\\\/\\\/lojasosprofessoratividades.com.br\\\/#\\\/schema\\\/logo\\\/image\\\/\",\"url\":\"http:\\\/\\\/lojasosprofessoratividades.com.br\\\/wp-content\\\/uploads\\\/2022\\\/04\\\/Logo.png\",\"contentUrl\":\"http:\\\/\\\/lojasosprofessoratividades.com.br\\\/wp-content\\\/uploads\\\/2022\\\/04\\\/Logo.png\",\"width\":2000,\"height\":2000,\"caption\":\"Loja SOS Professor Atividades\"},\"image\":{\"@id\":\"https:\\\/\\\/lojasosprofessoratividades.com.br\\\/#\\\/schema\\\/logo\\\/image\\\/\"},\"sameAs\":[\"https:\\\/\\\/www.facebook.com\\\/sosprofessoratividades\",\"https:\\\/\\\/www.instagram.com\\\/sosprofessoratividades\\\/\"]}]}<\/script>\n<!-- \/ Yoast SEO plugin. -->","yoast_head_json":{"title":"Maleta Bis - Dia dos Professores - Loja SOS Professor Atividades","description":"Presenteie os professores com a Maleta Bis! O arquivo cont\u00e9m tr\u00eas modelos de arte para personalizar embalagens de Bis, criando lembran\u00e7as \u00fanicas e especiais para o Dia dos Professores. F\u00e1cil de montar e ideal para encantar com simplicidade.","robots":{"index":"index","follow":"follow","max-snippet":"max-snippet:-1","max-image-preview":"max-image-preview:large","max-video-preview":"max-video-preview:-1"},"canonical":"https:\/\/lojasosprofessoratividades.com.br\/en\/product\/maleta-bis-dia-dos-professores\/","og_locale":"en_US","og_type":"article","og_title":"Maleta Bis - Dia dos Professores - Loja SOS Professor Atividades","og_description":"Presenteie os professores com a Maleta Bis! O arquivo cont\u00e9m tr\u00eas modelos de arte para personalizar embalagens de Bis, criando lembran\u00e7as \u00fanicas e especiais para o Dia dos Professores. F\u00e1cil de montar e ideal para encantar com simplicidade.","og_url":"https:\/\/lojasosprofessoratividades.com.br\/en\/product\/maleta-bis-dia-dos-professores\/","og_site_name":"Loja SOS Professor Atividades","article_publisher":"https:\/\/www.facebook.com\/sosprofessoratividades","article_modified_time":"2026-05-08T19:04:43+00:00","og_image":[{"width":800,"height":693,"url":"https:\/\/lojasosprofessoratividades.com.br\/wp-content\/uploads\/2024\/10\/1.jpg","type":"image\/jpeg"}],"twitter_card":"summary_large_image","twitter_misc":{"Est. reading time":"1 minute"},"schema":{"@context":"https:\/\/schema.org","@graph":[{"@type":"WebPage","@id":"https:\/\/lojasosprofessoratividades.com.br\/produto\/maleta-bis-dia-dos-professores\/","url":"https:\/\/lojasosprofessoratividades.com.br\/produto\/maleta-bis-dia-dos-professores\/","name":"Maleta Bis - Dia dos Professores - Loja SOS Professor Atividades","isPartOf":{"@id":"https:\/\/lojasosprofessoratividades.com.br\/#website"},"primaryImageOfPage":{"@id":"https:\/\/lojasosprofessoratividades.com.br\/produto\/maleta-bis-dia-dos-professores\/#primaryimage"},"image":{"@id":"https:\/\/lojasosprofessoratividades.com.br\/produto\/maleta-bis-dia-dos-professores\/#primaryimage"},"thumbnailUrl":"https:\/\/lojasosprofessoratividades.com.br\/wp-content\/uploads\/2024\/10\/1.jpg","datePublished":"2024-10-01T15:47:23+00:00","dateModified":"2026-05-08T19:04:43+00:00","description":"Presenteie os professores com a Maleta Bis! O arquivo cont\u00e9m tr\u00eas modelos de arte para personalizar embalagens de Bis, criando lembran\u00e7as \u00fanicas e especiais para o Dia dos Professores. F\u00e1cil de montar e ideal para encantar com simplicidade.","breadcrumb":{"@id":"https:\/\/lojasosprofessoratividades.com.br\/produto\/maleta-bis-dia-dos-professores\/#breadcrumb"},"inLanguage":"en-US","potentialAction":[{"@type":"ReadAction","target":["https:\/\/lojasosprofessoratividades.com.br\/produto\/maleta-bis-dia-dos-professores\/"]}]},{"@type":"ImageObject","inLanguage":"en-US","@id":"https:\/\/lojasosprofessoratividades.com.br\/produto\/maleta-bis-dia-dos-professores\/#primaryimage","url":"https:\/\/lojasosprofessoratividades.com.br\/wp-content\/uploads\/2024\/10\/1.jpg","contentUrl":"https:\/\/lojasosprofessoratividades.com.br\/wp-content\/uploads\/2024\/10\/1.jpg","width":800,"height":693,"caption":"Maleta Bis - Dia dos Professores"},{"@type":"BreadcrumbList","@id":"https:\/\/lojasosprofessoratividades.com.br\/produto\/maleta-bis-dia-dos-professores\/#breadcrumb","itemListElement":[{"@type":"ListItem","position":1,"name":"In\u00edcio","item":"https:\/\/lojasosprofessoratividades.com.br\/"},{"@type":"ListItem","position":2,"name":"Loja","item":"https:\/\/lojasosprofessoratividades.com.br\/loja\/"},{"@type":"ListItem","position":3,"name":"Maleta Bis &#8211; Dia dos Professores"}]},{"@type":"WebSite","@id":"https:\/\/lojasosprofessoratividades.com.br\/#website","url":"https:\/\/lojasosprofessoratividades.com.br\/","name":"Loja SOS Professor Atividades","description":"Venda de material did\u00e1tico para o ensino fundamental","publisher":{"@id":"https:\/\/lojasosprofessoratividades.com.br\/#organization"},"potentialAction":[{"@type":"SearchAction","target":{"@type":"EntryPoint","urlTemplate":"https:\/\/lojasosprofessoratividades.com.br\/?s={search_term_string}"},"query-input":{"@type":"PropertyValueSpecification","valueRequired":true,"valueName":"search_term_string"}}],"inLanguage":"en-US"},{"@type":"Organization","@id":"https:\/\/lojasosprofessoratividades.com.br\/#organization","name":"Loja SOS Professor Atividades","url":"https:\/\/lojasosprofessoratividades.com.br\/","logo":{"@type":"ImageObject","inLanguage":"en-US","@id":"https:\/\/lojasosprofessoratividades.com.br\/#\/schema\/logo\/image\/","url":"http:\/\/lojasosprofessoratividades.com.br\/wp-content\/uploads\/2022\/04\/Logo.png","contentUrl":"http:\/\/lojasosprofessoratividades.com.br\/wp-content\/uploads\/2022\/04\/Logo.png","width":2000,"height":2000,"caption":"Loja SOS Professor Atividades"},"image":{"@id":"https:\/\/lojasosprofessoratividades.com.br\/#\/schema\/logo\/image\/"},"sameAs":["https:\/\/www.facebook.com\/sosprofessoratividades","https:\/\/www.instagram.com\/sosprofessoratividades\/"]}]}},"_links":{"self":[{"href":"https:\/\/lojasosprofessoratividades.com.br\/en\/wp-json\/wp\/v2\/product\/31991","targetHints":{"allow":["GET"]}}],"collection":[{"href":"https:\/\/lojasosprofessoratividades.com.br\/en\/wp-json\/wp\/v2\/product"}],"about":[{"href":"https:\/\/lojasosprofessoratividades.com.br\/en\/wp-json\/wp\/v2\/types\/product"}],"replies":[{"embeddable":true,"href":"https:\/\/lojasosprofessoratividades.com.br\/en\/wp-json\/wp\/v2\/comments?post=31991"}],"wp:featuredmedia":[{"embeddable":true,"href":"https:\/\/lojasosprofessoratividades.com.br\/en\/wp-json\/wp\/v2\/media\/31993"}],"wp:attachment":[{"href":"https:\/\/lojasosprofessoratividades.com.br\/en\/wp-json\/wp\/v2\/media?parent=31991"}],"wp:term":[{"taxonomy":"product_brand","embeddable":true,"href":"https:\/\/lojasosprofessoratividades.com.br\/en\/wp-json\/wp\/v2\/product_brand?post=31991"},{"taxonomy":"product_cat","embeddable":true,"href":"https:\/\/lojasosprofessoratividades.com.br\/en\/wp-json\/wp\/v2\/product_cat?post=31991"},{"taxonomy":"product_tag","embeddable":true,"href":"https:\/\/lojasosprofessoratividades.com.br\/en\/wp-json\/wp\/v2\/product_tag?post=31991"}],"curies":[{"name":"wp","href":"https:\/\/api.w.org\/{rel}","templated":true}]}}