{"id":32110,"date":"2024-10-11T11:27:30","date_gmt":"2024-10-11T14:27:30","guid":{"rendered":"https:\/\/lojasosprofessoratividades.com.br\/?post_type=product&#038;p=32110"},"modified":"2026-05-08T16:05:07","modified_gmt":"2026-05-08T19:05:07","slug":"o-lobisomem-que-tinha-medo-do-escuro","status":"publish","type":"product","link":"https:\/\/lojasosprofessoratividades.com.br\/en\/product\/o-lobisomem-que-tinha-medo-do-escuro\/","title":{"rendered":"O lobisomem que tinha medo do escuro"},"content":{"rendered":"","protected":false},"excerpt":{"rendered":"<p>Professores do <em><strong>3\u00ba ano<\/strong><\/em>, temos uma novidade especial para o Halloween! \ud83c\udf83\ud83d\udd78\ufe0f<\/p>\n<p>Apresentamos o arquivo <strong>&#8220;O Lobisomem que Tinha Medo do Escuro&#8221;<\/strong>, uma atividade l\u00fadica e educativa que vai encantar seus alunos!<\/p>\n<p>\ud83d\udc7b <strong>O que o arquivo cont\u00e9m?<\/strong><\/p>\n<ul>\n<li><strong>Texto envolvente<\/strong> com o tema Halloween.<\/li>\n<li><strong>Interpreta\u00e7\u00e3o de texto<\/strong> para desenvolver a compreens\u00e3o leitora.<\/li>\n<li><strong>Vocabul\u00e1rio<\/strong> com palavras do conto.<\/li>\n<li><strong>Atividade de formar frases<\/strong> para estimular a escrita criativa.<\/li>\n<li><strong>Ca\u00e7a-palavras<\/strong> e <strong>labirinto<\/strong> para tornar o aprendizado divertido.<\/li>\n<li><strong>Triorama<\/strong> para montar e trabalhar a hist\u00f3ria de forma interativa.<\/li>\n<li><strong>Gabarito<\/strong> para facilitar a corre\u00e7\u00e3o.<\/li>\n<\/ul>\n<p>\ud83e\uddd9\u200d\u2642\ufe0f Deixe suas aulas mais animadas e aproveite a tem\u00e1tica do Halloween para trabalhar habilidades importantes de forma divertida! \ud83c\udf83<\/p>\n<p>Ideal para usar em sala de aula ou como tarefa para casa. Os alunos v\u00e3o adorar!<\/p>\n<p>\ud83c\udf1f <strong>Garanta j\u00e1 o seu!<\/strong><\/p>\n<p><em><strong>N\u00e3o<\/strong><\/em> edit\u00e1vel.<\/p>\n<h3>N\u00e3o enviamos por e-mail, a entrega \u00e9 via link para download. \ud83d\udc47<\/h3>\n<p><img loading=\"lazy\" decoding=\"async\" class=\"alignnone wp-image-31375 size-full\" src=\"https:\/\/lojasosprofessoratividades.com.br\/wp-content\/uploads\/2024\/08\/Aviso-Loja.jpg\" alt=\"\" width=\"446\" height=\"251\" srcset=\"https:\/\/lojasosprofessoratividades.com.br\/wp-content\/uploads\/2024\/08\/Aviso-Loja.jpg 446w, https:\/\/lojasosprofessoratividades.com.br\/wp-content\/uploads\/2024\/08\/Aviso-Loja-300x169.jpg 300w, https:\/\/lojasosprofessoratividades.com.br\/wp-content\/uploads\/2024\/08\/Aviso-Loja-18x10.jpg 18w\" sizes=\"auto, (max-width: 446px) 100vw, 446px\" \/><\/p>","protected":false},"featured_media":32111,"comment_status":"open","ping_status":"closed","template":"","meta":[],"product_brand":[],"product_cat":[124,214,189,213],"product_tag":[788,2707,399,795,2713,2702,792,2710,797,245,2715,791,587,2665,250,793,2711,796,2708,789,2714,798,794,2712,790,2709],"class_list":{"0":"post-32110","1":"product","2":"type-product","3":"status-publish","4":"has-post-thumbnail","6":"product_cat-3o-ano","7":"product_cat-data-comemorativa-3-ano","8":"product_cat-portugues-3-ano","9":"product_cat-recursos-didaticos-3-ano","10":"product_tag-atividade-halloween","11":"product_tag-atividade-halloween-3o-ano","12":"product_tag-atividade-ludica","13":"product_tag-atividade-para-3o-ano","14":"product_tag-atividades-imprimir-halloween","15":"product_tag-atividades-ludicas-halloween","16":"product_tag-caca-palavras","17":"product_tag-caca-palavras-halloween","18":"product_tag-educacao-basica","19":"product_tag-ensino-fundamental","20":"product_tag-escrita-criativa-halloween","21":"product_tag-formar-frases","22":"product_tag-gabarito","23":"product_tag-halloween-ensino-fundamental","24":"product_tag-interpretacao-de-texto","25":"product_tag-labirinto","26":"product_tag-labirinto-halloween","27":"product_tag-leitura-divertida","28":"product_tag-leitura-e-interpretacao-3o-ano","29":"product_tag-lobisomem","30":"product_tag-material-educativo-halloween","31":"product_tag-tema-halloween","32":"product_tag-triorama","33":"product_tag-triorama-halloween","34":"product_tag-vocabulario","35":"product_tag-vocabulario-halloween","37":"first","38":"instock","39":"downloadable","40":"virtual","41":"sold-individually","42":"purchasable","43":"product-type-simple"},"yoast_head":"<!-- This site is optimized with the Yoast SEO plugin v27.6 - https:\/\/yoast.com\/product\/yoast-seo-wordpress\/ -->\n<title>O lobisomem que tinha medo do escuro - Loja SOS Professor Atividades<\/title>\n<meta name=\"description\" content=\"Atividade Halloween 3\u00ba ano: leitura, interpreta\u00e7\u00e3o, vocabul\u00e1rio, ca\u00e7a-palavras, labirinto e triorama. Arquivo com gabarito para imprimir.\" \/>\n<meta name=\"robots\" content=\"index, follow, max-snippet:-1, max-image-preview:large, max-video-preview:-1\" \/>\n<link rel=\"canonical\" href=\"https:\/\/lojasosprofessoratividades.com.br\/en\/product\/o-lobisomem-que-tinha-medo-do-escuro\/\" \/>\n<meta property=\"og:locale\" content=\"en_US\" \/>\n<meta property=\"og:type\" content=\"article\" \/>\n<meta property=\"og:title\" content=\"O lobisomem que tinha medo do escuro - Loja SOS Professor Atividades\" \/>\n<meta property=\"og:description\" content=\"Atividade Halloween 3\u00ba ano: leitura, interpreta\u00e7\u00e3o, vocabul\u00e1rio, ca\u00e7a-palavras, labirinto e triorama. Arquivo com gabarito para imprimir.\" \/>\n<meta property=\"og:url\" content=\"https:\/\/lojasosprofessoratividades.com.br\/en\/product\/o-lobisomem-que-tinha-medo-do-escuro\/\" \/>\n<meta property=\"og:site_name\" content=\"Loja SOS Professor Atividades\" \/>\n<meta property=\"article:publisher\" content=\"https:\/\/www.facebook.com\/sosprofessoratividades\" \/>\n<meta property=\"article:modified_time\" content=\"2026-05-08T19:05:07+00:00\" \/>\n<meta property=\"og:image\" content=\"https:\/\/lojasosprofessoratividades.com.br\/wp-content\/uploads\/2024\/10\/1-5.jpg\" \/>\n\t<meta property=\"og:image:width\" content=\"800\" \/>\n\t<meta property=\"og:image:height\" content=\"693\" \/>\n\t<meta property=\"og:image:type\" content=\"image\/jpeg\" \/>\n<meta name=\"twitter:card\" content=\"summary_large_image\" \/>\n<meta name=\"twitter:label1\" content=\"Est. reading time\" \/>\n\t<meta name=\"twitter:data1\" content=\"1 minute\" \/>\n<script type=\"application\/ld+json\" class=\"yoast-schema-graph\">{\"@context\":\"https:\\\/\\\/schema.org\",\"@graph\":[{\"@type\":\"WebPage\",\"@id\":\"https:\\\/\\\/lojasosprofessoratividades.com.br\\\/produto\\\/o-lobisomem-que-tinha-medo-do-escuro\\\/\",\"url\":\"https:\\\/\\\/lojasosprofessoratividades.com.br\\\/produto\\\/o-lobisomem-que-tinha-medo-do-escuro\\\/\",\"name\":\"O lobisomem que tinha medo do escuro - Loja SOS Professor Atividades\",\"isPartOf\":{\"@id\":\"https:\\\/\\\/lojasosprofessoratividades.com.br\\\/#website\"},\"primaryImageOfPage\":{\"@id\":\"https:\\\/\\\/lojasosprofessoratividades.com.br\\\/produto\\\/o-lobisomem-que-tinha-medo-do-escuro\\\/#primaryimage\"},\"image\":{\"@id\":\"https:\\\/\\\/lojasosprofessoratividades.com.br\\\/produto\\\/o-lobisomem-que-tinha-medo-do-escuro\\\/#primaryimage\"},\"thumbnailUrl\":\"https:\\\/\\\/lojasosprofessoratividades.com.br\\\/wp-content\\\/uploads\\\/2024\\\/10\\\/1-5.jpg\",\"datePublished\":\"2024-10-11T14:27:30+00:00\",\"dateModified\":\"2026-05-08T19:05:07+00:00\",\"description\":\"Atividade Halloween 3\u00ba ano: leitura, interpreta\u00e7\u00e3o, vocabul\u00e1rio, ca\u00e7a-palavras, labirinto e triorama. Arquivo com gabarito para imprimir.\",\"breadcrumb\":{\"@id\":\"https:\\\/\\\/lojasosprofessoratividades.com.br\\\/produto\\\/o-lobisomem-que-tinha-medo-do-escuro\\\/#breadcrumb\"},\"inLanguage\":\"en-US\",\"potentialAction\":[{\"@type\":\"ReadAction\",\"target\":[\"https:\\\/\\\/lojasosprofessoratividades.com.br\\\/produto\\\/o-lobisomem-que-tinha-medo-do-escuro\\\/\"]}]},{\"@type\":\"ImageObject\",\"inLanguage\":\"en-US\",\"@id\":\"https:\\\/\\\/lojasosprofessoratividades.com.br\\\/produto\\\/o-lobisomem-que-tinha-medo-do-escuro\\\/#primaryimage\",\"url\":\"https:\\\/\\\/lojasosprofessoratividades.com.br\\\/wp-content\\\/uploads\\\/2024\\\/10\\\/1-5.jpg\",\"contentUrl\":\"https:\\\/\\\/lojasosprofessoratividades.com.br\\\/wp-content\\\/uploads\\\/2024\\\/10\\\/1-5.jpg\",\"width\":800,\"height\":693,\"caption\":\"O lobisomem que tinha medo do escuro\"},{\"@type\":\"BreadcrumbList\",\"@id\":\"https:\\\/\\\/lojasosprofessoratividades.com.br\\\/produto\\\/o-lobisomem-que-tinha-medo-do-escuro\\\/#breadcrumb\",\"itemListElement\":[{\"@type\":\"ListItem\",\"position\":1,\"name\":\"In\u00edcio\",\"item\":\"https:\\\/\\\/lojasosprofessoratividades.com.br\\\/\"},{\"@type\":\"ListItem\",\"position\":2,\"name\":\"Loja\",\"item\":\"https:\\\/\\\/lojasosprofessoratividades.com.br\\\/loja\\\/\"},{\"@type\":\"ListItem\",\"position\":3,\"name\":\"O lobisomem que tinha medo do escuro\"}]},{\"@type\":\"WebSite\",\"@id\":\"https:\\\/\\\/lojasosprofessoratividades.com.br\\\/#website\",\"url\":\"https:\\\/\\\/lojasosprofessoratividades.com.br\\\/\",\"name\":\"Loja SOS Professor Atividades\",\"description\":\"Venda de material did\u00e1tico para o ensino fundamental\",\"publisher\":{\"@id\":\"https:\\\/\\\/lojasosprofessoratividades.com.br\\\/#organization\"},\"potentialAction\":[{\"@type\":\"SearchAction\",\"target\":{\"@type\":\"EntryPoint\",\"urlTemplate\":\"https:\\\/\\\/lojasosprofessoratividades.com.br\\\/?s={search_term_string}\"},\"query-input\":{\"@type\":\"PropertyValueSpecification\",\"valueRequired\":true,\"valueName\":\"search_term_string\"}}],\"inLanguage\":\"en-US\"},{\"@type\":\"Organization\",\"@id\":\"https:\\\/\\\/lojasosprofessoratividades.com.br\\\/#organization\",\"name\":\"Loja SOS Professor Atividades\",\"url\":\"https:\\\/\\\/lojasosprofessoratividades.com.br\\\/\",\"logo\":{\"@type\":\"ImageObject\",\"inLanguage\":\"en-US\",\"@id\":\"https:\\\/\\\/lojasosprofessoratividades.com.br\\\/#\\\/schema\\\/logo\\\/image\\\/\",\"url\":\"http:\\\/\\\/lojasosprofessoratividades.com.br\\\/wp-content\\\/uploads\\\/2022\\\/04\\\/Logo.png\",\"contentUrl\":\"http:\\\/\\\/lojasosprofessoratividades.com.br\\\/wp-content\\\/uploads\\\/2022\\\/04\\\/Logo.png\",\"width\":2000,\"height\":2000,\"caption\":\"Loja SOS Professor Atividades\"},\"image\":{\"@id\":\"https:\\\/\\\/lojasosprofessoratividades.com.br\\\/#\\\/schema\\\/logo\\\/image\\\/\"},\"sameAs\":[\"https:\\\/\\\/www.facebook.com\\\/sosprofessoratividades\",\"https:\\\/\\\/www.instagram.com\\\/sosprofessoratividades\\\/\"]}]}<\/script>\n<!-- \/ Yoast SEO plugin. -->","yoast_head_json":{"title":"O lobisomem que tinha medo do escuro - Loja SOS Professor Atividades","description":"Atividade Halloween 3\u00ba ano: leitura, interpreta\u00e7\u00e3o, vocabul\u00e1rio, ca\u00e7a-palavras, labirinto e triorama. Arquivo com gabarito para imprimir.","robots":{"index":"index","follow":"follow","max-snippet":"max-snippet:-1","max-image-preview":"max-image-preview:large","max-video-preview":"max-video-preview:-1"},"canonical":"https:\/\/lojasosprofessoratividades.com.br\/en\/product\/o-lobisomem-que-tinha-medo-do-escuro\/","og_locale":"en_US","og_type":"article","og_title":"O lobisomem que tinha medo do escuro - Loja SOS Professor Atividades","og_description":"Atividade Halloween 3\u00ba ano: leitura, interpreta\u00e7\u00e3o, vocabul\u00e1rio, ca\u00e7a-palavras, labirinto e triorama. Arquivo com gabarito para imprimir.","og_url":"https:\/\/lojasosprofessoratividades.com.br\/en\/product\/o-lobisomem-que-tinha-medo-do-escuro\/","og_site_name":"Loja SOS Professor Atividades","article_publisher":"https:\/\/www.facebook.com\/sosprofessoratividades","article_modified_time":"2026-05-08T19:05:07+00:00","og_image":[{"width":800,"height":693,"url":"https:\/\/lojasosprofessoratividades.com.br\/wp-content\/uploads\/2024\/10\/1-5.jpg","type":"image\/jpeg"}],"twitter_card":"summary_large_image","twitter_misc":{"Est. reading time":"1 minute"},"schema":{"@context":"https:\/\/schema.org","@graph":[{"@type":"WebPage","@id":"https:\/\/lojasosprofessoratividades.com.br\/produto\/o-lobisomem-que-tinha-medo-do-escuro\/","url":"https:\/\/lojasosprofessoratividades.com.br\/produto\/o-lobisomem-que-tinha-medo-do-escuro\/","name":"O lobisomem que tinha medo do escuro - Loja SOS Professor Atividades","isPartOf":{"@id":"https:\/\/lojasosprofessoratividades.com.br\/#website"},"primaryImageOfPage":{"@id":"https:\/\/lojasosprofessoratividades.com.br\/produto\/o-lobisomem-que-tinha-medo-do-escuro\/#primaryimage"},"image":{"@id":"https:\/\/lojasosprofessoratividades.com.br\/produto\/o-lobisomem-que-tinha-medo-do-escuro\/#primaryimage"},"thumbnailUrl":"https:\/\/lojasosprofessoratividades.com.br\/wp-content\/uploads\/2024\/10\/1-5.jpg","datePublished":"2024-10-11T14:27:30+00:00","dateModified":"2026-05-08T19:05:07+00:00","description":"Atividade Halloween 3\u00ba ano: leitura, interpreta\u00e7\u00e3o, vocabul\u00e1rio, ca\u00e7a-palavras, labirinto e triorama. Arquivo com gabarito para imprimir.","breadcrumb":{"@id":"https:\/\/lojasosprofessoratividades.com.br\/produto\/o-lobisomem-que-tinha-medo-do-escuro\/#breadcrumb"},"inLanguage":"en-US","potentialAction":[{"@type":"ReadAction","target":["https:\/\/lojasosprofessoratividades.com.br\/produto\/o-lobisomem-que-tinha-medo-do-escuro\/"]}]},{"@type":"ImageObject","inLanguage":"en-US","@id":"https:\/\/lojasosprofessoratividades.com.br\/produto\/o-lobisomem-que-tinha-medo-do-escuro\/#primaryimage","url":"https:\/\/lojasosprofessoratividades.com.br\/wp-content\/uploads\/2024\/10\/1-5.jpg","contentUrl":"https:\/\/lojasosprofessoratividades.com.br\/wp-content\/uploads\/2024\/10\/1-5.jpg","width":800,"height":693,"caption":"O lobisomem que tinha medo do escuro"},{"@type":"BreadcrumbList","@id":"https:\/\/lojasosprofessoratividades.com.br\/produto\/o-lobisomem-que-tinha-medo-do-escuro\/#breadcrumb","itemListElement":[{"@type":"ListItem","position":1,"name":"In\u00edcio","item":"https:\/\/lojasosprofessoratividades.com.br\/"},{"@type":"ListItem","position":2,"name":"Loja","item":"https:\/\/lojasosprofessoratividades.com.br\/loja\/"},{"@type":"ListItem","position":3,"name":"O lobisomem que tinha medo do escuro"}]},{"@type":"WebSite","@id":"https:\/\/lojasosprofessoratividades.com.br\/#website","url":"https:\/\/lojasosprofessoratividades.com.br\/","name":"Loja SOS Professor Atividades","description":"Venda de material did\u00e1tico para o ensino fundamental","publisher":{"@id":"https:\/\/lojasosprofessoratividades.com.br\/#organization"},"potentialAction":[{"@type":"SearchAction","target":{"@type":"EntryPoint","urlTemplate":"https:\/\/lojasosprofessoratividades.com.br\/?s={search_term_string}"},"query-input":{"@type":"PropertyValueSpecification","valueRequired":true,"valueName":"search_term_string"}}],"inLanguage":"en-US"},{"@type":"Organization","@id":"https:\/\/lojasosprofessoratividades.com.br\/#organization","name":"Loja SOS Professor Atividades","url":"https:\/\/lojasosprofessoratividades.com.br\/","logo":{"@type":"ImageObject","inLanguage":"en-US","@id":"https:\/\/lojasosprofessoratividades.com.br\/#\/schema\/logo\/image\/","url":"http:\/\/lojasosprofessoratividades.com.br\/wp-content\/uploads\/2022\/04\/Logo.png","contentUrl":"http:\/\/lojasosprofessoratividades.com.br\/wp-content\/uploads\/2022\/04\/Logo.png","width":2000,"height":2000,"caption":"Loja SOS Professor Atividades"},"image":{"@id":"https:\/\/lojasosprofessoratividades.com.br\/#\/schema\/logo\/image\/"},"sameAs":["https:\/\/www.facebook.com\/sosprofessoratividades","https:\/\/www.instagram.com\/sosprofessoratividades\/"]}]}},"_links":{"self":[{"href":"https:\/\/lojasosprofessoratividades.com.br\/en\/wp-json\/wp\/v2\/product\/32110","targetHints":{"allow":["GET"]}}],"collection":[{"href":"https:\/\/lojasosprofessoratividades.com.br\/en\/wp-json\/wp\/v2\/product"}],"about":[{"href":"https:\/\/lojasosprofessoratividades.com.br\/en\/wp-json\/wp\/v2\/types\/product"}],"replies":[{"embeddable":true,"href":"https:\/\/lojasosprofessoratividades.com.br\/en\/wp-json\/wp\/v2\/comments?post=32110"}],"wp:featuredmedia":[{"embeddable":true,"href":"https:\/\/lojasosprofessoratividades.com.br\/en\/wp-json\/wp\/v2\/media\/32111"}],"wp:attachment":[{"href":"https:\/\/lojasosprofessoratividades.com.br\/en\/wp-json\/wp\/v2\/media?parent=32110"}],"wp:term":[{"taxonomy":"product_brand","embeddable":true,"href":"https:\/\/lojasosprofessoratividades.com.br\/en\/wp-json\/wp\/v2\/product_brand?post=32110"},{"taxonomy":"product_cat","embeddable":true,"href":"https:\/\/lojasosprofessoratividades.com.br\/en\/wp-json\/wp\/v2\/product_cat?post=32110"},{"taxonomy":"product_tag","embeddable":true,"href":"https:\/\/lojasosprofessoratividades.com.br\/en\/wp-json\/wp\/v2\/product_tag?post=32110"}],"curies":[{"name":"wp","href":"https:\/\/api.w.org\/{rel}","templated":true}]}}