{"id":32344,"date":"2025-10-02T07:39:09","date_gmt":"2025-10-02T10:39:09","guid":{"rendered":"https:\/\/lojasosprofessoratividades.com.br\/?post_type=product&#038;p=32344"},"modified":"2026-05-08T15:03:57","modified_gmt":"2026-05-08T18:03:57","slug":"proclamacao-da-republica-lapbook","status":"publish","type":"product","link":"https:\/\/lojasosprofessoratividades.com.br\/en\/product\/proclamacao-da-republica-lapbook\/","title":{"rendered":"Proclama\u00e7\u00e3o da Rep\u00fablica &#8211; Lapbook"},"content":{"rendered":"<p>29<\/p>","protected":false},"excerpt":{"rendered":"<p><strong>\u201cProclama\u00e7\u00e3o da Rep\u00fablica &#8211; Lapbook\u201d<\/strong>, uma ferramenta interativa que leva a hist\u00f3ria do Brasil para o universo dos alunos de forma divertida e educativa!<\/p>\n<p>Para turmas do <strong>4\u00ba e 5\u00ba ano<\/strong><\/p>\n<p>Este material inclui:<\/p>\n<p>\u2728 <strong>Texto e interpreta\u00e7\u00e3o<\/strong> sobre Marechal Deodoro da Fonseca e a Proclama\u00e7\u00e3o da Rep\u00fablica;<\/p>\n<p>\u2728 <strong>Linha do tempo visual<\/strong> dos principais acontecimentos;<\/p>\n<p>\u2728 <strong>Ca\u00e7a-palavras tem\u00e1tico<\/strong> para refor\u00e7ar o vocabul\u00e1rio;<\/p>\n<p>\u2728 <strong>Texto informativo<\/strong> sobre o 2\u00ba Reinado e a figura de Dom Pedro II;<\/p>\n<p>\u2728 <strong>Lista completa dos Presidentes do Brasil<\/strong> de 1889 a 2024, promovendo o aprendizado cronol\u00f3gico;<\/p>\n<p>\u2728 <strong>Capas coloridas e em preto e branco<\/strong>, para personaliza\u00e7\u00e3o pelos alunos;<\/p>\n<p>\u2728 <strong>Gabarito completo<\/strong> para as atividades, facilitando a corre\u00e7\u00e3o e otimizando o tempo do professor.<\/p>\n<p>Esse lapbook \u00e9 ideal para aulas din\u00e2micas, facilitando a compreens\u00e3o dos eventos que transformaram o Brasil em uma Rep\u00fablica e ajudando os alunos a se conectarem com a nossa hist\u00f3ria. Traga mais cores e aprendizado para a sua turma com este material exclusivo!<\/p>\n<p><strong>N\u00e3o<\/strong> edit\u00e1vel.<\/p>\n<h3>N\u00e3o enviamos por e-mail, a entrega \u00e9 via link para download.\u00a0<img decoding=\"async\" class=\"emoji\" role=\"img\" draggable=\"false\" src=\"https:\/\/s.w.org\/images\/core\/emoji\/16.0.1\/svg\/1f447.svg\" alt=\"\ud83d\udc47\" \/><\/h3>\n<p><img loading=\"lazy\" decoding=\"async\" class=\"alignnone wp-image-32269 size-full\" src=\"https:\/\/lojasosprofessoratividades.com.br\/wp-content\/uploads\/2024\/10\/Aviso-Loja.jpg\" alt=\"\" width=\"446\" height=\"251\" srcset=\"https:\/\/lojasosprofessoratividades.com.br\/wp-content\/uploads\/2024\/10\/Aviso-Loja.jpg 446w, https:\/\/lojasosprofessoratividades.com.br\/wp-content\/uploads\/2024\/10\/Aviso-Loja-300x169.jpg 300w, https:\/\/lojasosprofessoratividades.com.br\/wp-content\/uploads\/2024\/10\/Aviso-Loja-18x10.jpg 18w\" sizes=\"auto, (max-width: 446px) 100vw, 446px\" \/><\/p>","protected":false},"featured_media":32345,"comment_status":"open","ping_status":"closed","template":"","meta":[],"product_brand":[],"product_cat":[125,127,199,191,218,216,207,192,217,215],"product_tag":[2635,253,248,2639,616,2631,792,2638,954,245,2642,280,2632,2633,250,937,2630,952,951,2634,643,955,2637,331,2640,2641,2636,953],"class_list":{"0":"post-32344","1":"product","2":"type-product","3":"status-publish","4":"has-post-thumbnail","6":"product_cat-4o-ano","7":"product_cat-5o-ano","8":"product_cat-atividades-interativas-5-anos","9":"product_cat-atividades-interativas-4-ano","10":"product_cat-data-comemorativa-5-ano","11":"product_cat-data-comemorativa-4-ano","12":"product_cat-historia-5-ano","13":"product_cat-historia-4-ano","14":"product_cat-recursos-didaticos-5-ano","15":"product_cat-recursos-didaticos-4-ano","16":"product_tag-2o-reinado","17":"product_tag-4o-ano","18":"product_tag-5o-ano","19":"product_tag-atividades-de-historia-ensino-fundamental","20":"product_tag-atividades-escolares","21":"product_tag-atividades-proclamacao-da-republica","22":"product_tag-caca-palavras","23":"product_tag-caca-palavras-proclamacao-da-republica","24":"product_tag-dom-pedro-ii","25":"product_tag-ensino-fundamental","26":"product_tag-gabarito-proclamacao-da-republica","27":"product_tag-historia-do-brasil","28":"product_tag-historia-do-brasil-4o-ano","29":"product_tag-historia-do-brasil-5o-ano","30":"product_tag-interpretacao-de-texto","31":"product_tag-lapbook-educativo","32":"product_tag-lapbook-historia","33":"product_tag-linha-do-tempo","34":"product_tag-marechal-deodoro","35":"product_tag-marechal-deodoro-da-fonseca","36":"product_tag-material-pedagogico","37":"product_tag-presidentes-do-brasil","38":"product_tag-presidentes-do-brasil-ate-2024","39":"product_tag-proclamacao-da-republica","40":"product_tag-proclamacao-da-republica-para-imprimir","41":"product_tag-recursos-pedagogicos-historia-do-brasil","42":"product_tag-republica-velha","43":"product_tag-segundo-reinado","45":"first","46":"instock","47":"downloadable","48":"virtual","49":"sold-individually","50":"purchasable","51":"product-type-simple"},"yoast_head":"<!-- This site is optimized with the Yoast SEO plugin v27.5 - https:\/\/yoast.com\/product\/yoast-seo-wordpress\/ -->\n<title>Proclama\u00e7\u00e3o da Rep\u00fablica - Lapbook - Loja SOS Professor Atividades<\/title>\n<meta name=\"description\" content=\"Lapbook Proclama\u00e7\u00e3o da Rep\u00fablica para 4\u00ba e 5\u00ba ano: atividades com textos, linha do tempo, presidentes at\u00e9 2024, ca\u00e7a-palavras e gabarito.\" \/>\n<meta name=\"robots\" content=\"index, follow, max-snippet:-1, max-image-preview:large, max-video-preview:-1\" \/>\n<link rel=\"canonical\" href=\"https:\/\/lojasosprofessoratividades.com.br\/en\/product\/proclamacao-da-republica-lapbook\/\" \/>\n<meta property=\"og:locale\" content=\"en_US\" \/>\n<meta property=\"og:type\" content=\"article\" \/>\n<meta property=\"og:title\" content=\"Proclama\u00e7\u00e3o da Rep\u00fablica - Lapbook - Loja SOS Professor Atividades\" \/>\n<meta property=\"og:description\" content=\"Lapbook Proclama\u00e7\u00e3o da Rep\u00fablica para 4\u00ba e 5\u00ba ano: atividades com textos, linha do tempo, presidentes at\u00e9 2024, ca\u00e7a-palavras e gabarito.\" \/>\n<meta property=\"og:url\" content=\"https:\/\/lojasosprofessoratividades.com.br\/en\/product\/proclamacao-da-republica-lapbook\/\" \/>\n<meta property=\"og:site_name\" content=\"Loja SOS Professor Atividades\" \/>\n<meta property=\"article:publisher\" content=\"https:\/\/www.facebook.com\/sosprofessoratividades\" \/>\n<meta property=\"article:modified_time\" content=\"2026-05-08T18:03:57+00:00\" \/>\n<meta property=\"og:image\" content=\"https:\/\/lojasosprofessoratividades.com.br\/wp-content\/uploads\/2024\/11\/1.jpg\" \/>\n\t<meta property=\"og:image:width\" content=\"800\" \/>\n\t<meta property=\"og:image:height\" content=\"693\" \/>\n\t<meta property=\"og:image:type\" content=\"image\/jpeg\" \/>\n<meta name=\"twitter:card\" content=\"summary_large_image\" \/>\n<meta name=\"twitter:label1\" content=\"Est. reading time\" \/>\n\t<meta name=\"twitter:data1\" content=\"1 minute\" \/>\n<script type=\"application\/ld+json\" class=\"yoast-schema-graph\">{\"@context\":\"https:\\\/\\\/schema.org\",\"@graph\":[{\"@type\":\"WebPage\",\"@id\":\"https:\\\/\\\/lojasosprofessoratividades.com.br\\\/produto\\\/proclamacao-da-republica-lapbook\\\/\",\"url\":\"https:\\\/\\\/lojasosprofessoratividades.com.br\\\/produto\\\/proclamacao-da-republica-lapbook\\\/\",\"name\":\"Proclama\u00e7\u00e3o da Rep\u00fablica - Lapbook - Loja SOS Professor Atividades\",\"isPartOf\":{\"@id\":\"https:\\\/\\\/lojasosprofessoratividades.com.br\\\/#website\"},\"primaryImageOfPage\":{\"@id\":\"https:\\\/\\\/lojasosprofessoratividades.com.br\\\/produto\\\/proclamacao-da-republica-lapbook\\\/#primaryimage\"},\"image\":{\"@id\":\"https:\\\/\\\/lojasosprofessoratividades.com.br\\\/produto\\\/proclamacao-da-republica-lapbook\\\/#primaryimage\"},\"thumbnailUrl\":\"https:\\\/\\\/lojasosprofessoratividades.com.br\\\/wp-content\\\/uploads\\\/2024\\\/11\\\/1.jpg\",\"datePublished\":\"2025-10-02T10:39:09+00:00\",\"dateModified\":\"2026-05-08T18:03:57+00:00\",\"description\":\"Lapbook Proclama\u00e7\u00e3o da Rep\u00fablica para 4\u00ba e 5\u00ba ano: atividades com textos, linha do tempo, presidentes at\u00e9 2024, ca\u00e7a-palavras e gabarito.\",\"breadcrumb\":{\"@id\":\"https:\\\/\\\/lojasosprofessoratividades.com.br\\\/produto\\\/proclamacao-da-republica-lapbook\\\/#breadcrumb\"},\"inLanguage\":\"en-US\",\"potentialAction\":[{\"@type\":\"ReadAction\",\"target\":[\"https:\\\/\\\/lojasosprofessoratividades.com.br\\\/produto\\\/proclamacao-da-republica-lapbook\\\/\"]}]},{\"@type\":\"ImageObject\",\"inLanguage\":\"en-US\",\"@id\":\"https:\\\/\\\/lojasosprofessoratividades.com.br\\\/produto\\\/proclamacao-da-republica-lapbook\\\/#primaryimage\",\"url\":\"https:\\\/\\\/lojasosprofessoratividades.com.br\\\/wp-content\\\/uploads\\\/2024\\\/11\\\/1.jpg\",\"contentUrl\":\"https:\\\/\\\/lojasosprofessoratividades.com.br\\\/wp-content\\\/uploads\\\/2024\\\/11\\\/1.jpg\",\"width\":800,\"height\":693,\"caption\":\"Proclama\u00e7\u00e3o da Rep\u00fablica - Lapbook\"},{\"@type\":\"BreadcrumbList\",\"@id\":\"https:\\\/\\\/lojasosprofessoratividades.com.br\\\/produto\\\/proclamacao-da-republica-lapbook\\\/#breadcrumb\",\"itemListElement\":[{\"@type\":\"ListItem\",\"position\":1,\"name\":\"In\u00edcio\",\"item\":\"https:\\\/\\\/lojasosprofessoratividades.com.br\\\/\"},{\"@type\":\"ListItem\",\"position\":2,\"name\":\"Loja\",\"item\":\"https:\\\/\\\/lojasosprofessoratividades.com.br\\\/loja\\\/\"},{\"@type\":\"ListItem\",\"position\":3,\"name\":\"Proclama\u00e7\u00e3o da Rep\u00fablica &#8211; Lapbook\"}]},{\"@type\":\"WebSite\",\"@id\":\"https:\\\/\\\/lojasosprofessoratividades.com.br\\\/#website\",\"url\":\"https:\\\/\\\/lojasosprofessoratividades.com.br\\\/\",\"name\":\"Loja SOS Professor Atividades\",\"description\":\"Venda de material did\u00e1tico para o ensino fundamental\",\"publisher\":{\"@id\":\"https:\\\/\\\/lojasosprofessoratividades.com.br\\\/#organization\"},\"potentialAction\":[{\"@type\":\"SearchAction\",\"target\":{\"@type\":\"EntryPoint\",\"urlTemplate\":\"https:\\\/\\\/lojasosprofessoratividades.com.br\\\/?s={search_term_string}\"},\"query-input\":{\"@type\":\"PropertyValueSpecification\",\"valueRequired\":true,\"valueName\":\"search_term_string\"}}],\"inLanguage\":\"en-US\"},{\"@type\":\"Organization\",\"@id\":\"https:\\\/\\\/lojasosprofessoratividades.com.br\\\/#organization\",\"name\":\"Loja SOS Professor Atividades\",\"url\":\"https:\\\/\\\/lojasosprofessoratividades.com.br\\\/\",\"logo\":{\"@type\":\"ImageObject\",\"inLanguage\":\"en-US\",\"@id\":\"https:\\\/\\\/lojasosprofessoratividades.com.br\\\/#\\\/schema\\\/logo\\\/image\\\/\",\"url\":\"http:\\\/\\\/lojasosprofessoratividades.com.br\\\/wp-content\\\/uploads\\\/2022\\\/04\\\/Logo.png\",\"contentUrl\":\"http:\\\/\\\/lojasosprofessoratividades.com.br\\\/wp-content\\\/uploads\\\/2022\\\/04\\\/Logo.png\",\"width\":2000,\"height\":2000,\"caption\":\"Loja SOS Professor Atividades\"},\"image\":{\"@id\":\"https:\\\/\\\/lojasosprofessoratividades.com.br\\\/#\\\/schema\\\/logo\\\/image\\\/\"},\"sameAs\":[\"https:\\\/\\\/www.facebook.com\\\/sosprofessoratividades\",\"https:\\\/\\\/www.instagram.com\\\/sosprofessoratividades\\\/\"]}]}<\/script>\n<!-- \/ Yoast SEO plugin. -->","yoast_head_json":{"title":"Proclama\u00e7\u00e3o da Rep\u00fablica - Lapbook - Loja SOS Professor Atividades","description":"Lapbook Proclama\u00e7\u00e3o da Rep\u00fablica para 4\u00ba e 5\u00ba ano: atividades com textos, linha do tempo, presidentes at\u00e9 2024, ca\u00e7a-palavras e gabarito.","robots":{"index":"index","follow":"follow","max-snippet":"max-snippet:-1","max-image-preview":"max-image-preview:large","max-video-preview":"max-video-preview:-1"},"canonical":"https:\/\/lojasosprofessoratividades.com.br\/en\/product\/proclamacao-da-republica-lapbook\/","og_locale":"en_US","og_type":"article","og_title":"Proclama\u00e7\u00e3o da Rep\u00fablica - Lapbook - Loja SOS Professor Atividades","og_description":"Lapbook Proclama\u00e7\u00e3o da Rep\u00fablica para 4\u00ba e 5\u00ba ano: atividades com textos, linha do tempo, presidentes at\u00e9 2024, ca\u00e7a-palavras e gabarito.","og_url":"https:\/\/lojasosprofessoratividades.com.br\/en\/product\/proclamacao-da-republica-lapbook\/","og_site_name":"Loja SOS Professor Atividades","article_publisher":"https:\/\/www.facebook.com\/sosprofessoratividades","article_modified_time":"2026-05-08T18:03:57+00:00","og_image":[{"width":800,"height":693,"url":"https:\/\/lojasosprofessoratividades.com.br\/wp-content\/uploads\/2024\/11\/1.jpg","type":"image\/jpeg"}],"twitter_card":"summary_large_image","twitter_misc":{"Est. reading time":"1 minute"},"schema":{"@context":"https:\/\/schema.org","@graph":[{"@type":"WebPage","@id":"https:\/\/lojasosprofessoratividades.com.br\/produto\/proclamacao-da-republica-lapbook\/","url":"https:\/\/lojasosprofessoratividades.com.br\/produto\/proclamacao-da-republica-lapbook\/","name":"Proclama\u00e7\u00e3o da Rep\u00fablica - Lapbook - Loja SOS Professor Atividades","isPartOf":{"@id":"https:\/\/lojasosprofessoratividades.com.br\/#website"},"primaryImageOfPage":{"@id":"https:\/\/lojasosprofessoratividades.com.br\/produto\/proclamacao-da-republica-lapbook\/#primaryimage"},"image":{"@id":"https:\/\/lojasosprofessoratividades.com.br\/produto\/proclamacao-da-republica-lapbook\/#primaryimage"},"thumbnailUrl":"https:\/\/lojasosprofessoratividades.com.br\/wp-content\/uploads\/2024\/11\/1.jpg","datePublished":"2025-10-02T10:39:09+00:00","dateModified":"2026-05-08T18:03:57+00:00","description":"Lapbook Proclama\u00e7\u00e3o da Rep\u00fablica para 4\u00ba e 5\u00ba ano: atividades com textos, linha do tempo, presidentes at\u00e9 2024, ca\u00e7a-palavras e gabarito.","breadcrumb":{"@id":"https:\/\/lojasosprofessoratividades.com.br\/produto\/proclamacao-da-republica-lapbook\/#breadcrumb"},"inLanguage":"en-US","potentialAction":[{"@type":"ReadAction","target":["https:\/\/lojasosprofessoratividades.com.br\/produto\/proclamacao-da-republica-lapbook\/"]}]},{"@type":"ImageObject","inLanguage":"en-US","@id":"https:\/\/lojasosprofessoratividades.com.br\/produto\/proclamacao-da-republica-lapbook\/#primaryimage","url":"https:\/\/lojasosprofessoratividades.com.br\/wp-content\/uploads\/2024\/11\/1.jpg","contentUrl":"https:\/\/lojasosprofessoratividades.com.br\/wp-content\/uploads\/2024\/11\/1.jpg","width":800,"height":693,"caption":"Proclama\u00e7\u00e3o da Rep\u00fablica - Lapbook"},{"@type":"BreadcrumbList","@id":"https:\/\/lojasosprofessoratividades.com.br\/produto\/proclamacao-da-republica-lapbook\/#breadcrumb","itemListElement":[{"@type":"ListItem","position":1,"name":"In\u00edcio","item":"https:\/\/lojasosprofessoratividades.com.br\/"},{"@type":"ListItem","position":2,"name":"Loja","item":"https:\/\/lojasosprofessoratividades.com.br\/loja\/"},{"@type":"ListItem","position":3,"name":"Proclama\u00e7\u00e3o da Rep\u00fablica &#8211; Lapbook"}]},{"@type":"WebSite","@id":"https:\/\/lojasosprofessoratividades.com.br\/#website","url":"https:\/\/lojasosprofessoratividades.com.br\/","name":"Loja SOS Professor Atividades","description":"Venda de material did\u00e1tico para o ensino fundamental","publisher":{"@id":"https:\/\/lojasosprofessoratividades.com.br\/#organization"},"potentialAction":[{"@type":"SearchAction","target":{"@type":"EntryPoint","urlTemplate":"https:\/\/lojasosprofessoratividades.com.br\/?s={search_term_string}"},"query-input":{"@type":"PropertyValueSpecification","valueRequired":true,"valueName":"search_term_string"}}],"inLanguage":"en-US"},{"@type":"Organization","@id":"https:\/\/lojasosprofessoratividades.com.br\/#organization","name":"Loja SOS Professor Atividades","url":"https:\/\/lojasosprofessoratividades.com.br\/","logo":{"@type":"ImageObject","inLanguage":"en-US","@id":"https:\/\/lojasosprofessoratividades.com.br\/#\/schema\/logo\/image\/","url":"http:\/\/lojasosprofessoratividades.com.br\/wp-content\/uploads\/2022\/04\/Logo.png","contentUrl":"http:\/\/lojasosprofessoratividades.com.br\/wp-content\/uploads\/2022\/04\/Logo.png","width":2000,"height":2000,"caption":"Loja SOS Professor Atividades"},"image":{"@id":"https:\/\/lojasosprofessoratividades.com.br\/#\/schema\/logo\/image\/"},"sameAs":["https:\/\/www.facebook.com\/sosprofessoratividades","https:\/\/www.instagram.com\/sosprofessoratividades\/"]}]}},"_links":{"self":[{"href":"https:\/\/lojasosprofessoratividades.com.br\/en\/wp-json\/wp\/v2\/product\/32344","targetHints":{"allow":["GET"]}}],"collection":[{"href":"https:\/\/lojasosprofessoratividades.com.br\/en\/wp-json\/wp\/v2\/product"}],"about":[{"href":"https:\/\/lojasosprofessoratividades.com.br\/en\/wp-json\/wp\/v2\/types\/product"}],"replies":[{"embeddable":true,"href":"https:\/\/lojasosprofessoratividades.com.br\/en\/wp-json\/wp\/v2\/comments?post=32344"}],"wp:featuredmedia":[{"embeddable":true,"href":"https:\/\/lojasosprofessoratividades.com.br\/en\/wp-json\/wp\/v2\/media\/32345"}],"wp:attachment":[{"href":"https:\/\/lojasosprofessoratividades.com.br\/en\/wp-json\/wp\/v2\/media?parent=32344"}],"wp:term":[{"taxonomy":"product_brand","embeddable":true,"href":"https:\/\/lojasosprofessoratividades.com.br\/en\/wp-json\/wp\/v2\/product_brand?post=32344"},{"taxonomy":"product_cat","embeddable":true,"href":"https:\/\/lojasosprofessoratividades.com.br\/en\/wp-json\/wp\/v2\/product_cat?post=32344"},{"taxonomy":"product_tag","embeddable":true,"href":"https:\/\/lojasosprofessoratividades.com.br\/en\/wp-json\/wp\/v2\/product_tag?post=32344"}],"curies":[{"name":"wp","href":"https:\/\/api.w.org\/{rel}","templated":true}]}}