{"id":32383,"date":"2024-11-05T20:48:14","date_gmt":"2024-11-05T23:48:14","guid":{"rendered":"https:\/\/lojasosprofessoratividades.com.br\/?post_type=product&#038;p=32383"},"modified":"2026-05-08T15:55:44","modified_gmt":"2026-05-08T18:55:44","slug":"painel-natalino-de-porta","status":"publish","type":"product","link":"https:\/\/lojasosprofessoratividades.com.br\/en\/product\/painel-natalino-de-porta\/","title":{"rendered":"Painel natalino de porta"},"content":{"rendered":"","protected":false},"excerpt":{"rendered":"<p>Prepare a escola para o clima natalino com o <strong>Painel Natalino de Porta<\/strong>!<\/p>\n<p>Esse lindo cartaz, ampliado em 12 folhas A4, mede aproximadamente 1,13 m x 60 cm, e vem acompanhado de um cartaz em A4 e uma frase em destaque, com cerca de 39 cm x 60 cm.<\/p>\n<p>\u00c9 perfeito para dar aquele toque especial na decora\u00e7\u00e3o de fim de ano!<\/p>\n<p>Basta <strong>imprimir, montar e encantar<\/strong> seus alunos, trazendo a magia do Natal para a sala de aula. \ud83e\uddd1\u200d\ud83c\udf84\ud83c\udf84<\/p>\n<p><strong>N\u00e3o<\/strong> edit\u00e1vel.<\/p>\n<h3>N\u00e3o enviamos por e-mail, a entrega \u00e9 via link para download.\u00a0<img decoding=\"async\" class=\"emoji\" role=\"img\" draggable=\"false\" src=\"https:\/\/s.w.org\/images\/core\/emoji\/16.0.1\/svg\/1f447.svg\" alt=\"\ud83d\udc47\" \/><\/h3>\n<p><img loading=\"lazy\" decoding=\"async\" class=\"alignnone wp-image-32269 size-full\" src=\"https:\/\/lojasosprofessoratividades.com.br\/wp-content\/uploads\/2024\/10\/Aviso-Loja.jpg\" alt=\"\" width=\"446\" height=\"251\" srcset=\"https:\/\/lojasosprofessoratividades.com.br\/wp-content\/uploads\/2024\/10\/Aviso-Loja.jpg 446w, https:\/\/lojasosprofessoratividades.com.br\/wp-content\/uploads\/2024\/10\/Aviso-Loja-300x169.jpg 300w, https:\/\/lojasosprofessoratividades.com.br\/wp-content\/uploads\/2024\/10\/Aviso-Loja-18x10.jpg 18w\" sizes=\"auto, (max-width: 446px) 100vw, 446px\" \/><\/p>","protected":false},"featured_media":32385,"comment_status":"open","ping_status":"closed","template":"","meta":[],"product_brand":[],"product_cat":[122,123,124,125,127,216,218,214,210,212,126,220,211,217,213,209,215],"product_tag":[3169,894,615,341,3177,3096,3101,381,3179,847,3167,3175,957,3174,3178,3176,956,348,3173,606],"class_list":{"0":"post-32383","1":"product","2":"type-product","3":"status-publish","4":"has-post-thumbnail","6":"product_cat-1o-ano","7":"product_cat-2o-ano","8":"product_cat-3o-ano","9":"product_cat-4o-ano","10":"product_cat-5o-ano","11":"product_cat-data-comemorativa-4-ano","12":"product_cat-data-comemorativa-5-ano","13":"product_cat-data-comemorativa-3-ano","14":"product_cat-data-comemorativa-1-ano","15":"product_cat-data-comemorativa-2-ano","16":"product_cat-educacao-infantil","17":"product_cat-o-eu-o-outro-o-nos","18":"product_cat-recursos-didaticos-2-ano","19":"product_cat-recursos-didaticos-5-ano","20":"product_cat-recursos-didaticos-3-ano","21":"product_cat-recursos-didaticos-1-ano","22":"product_cat-recursos-didaticos-4-ano","23":"product_tag-atividades-natal-escola","24":"product_tag-atividades-natalinas","25":"product_tag-cartaz-ampliado","26":"product_tag-cartaz-de-natal","27":"product_tag-cartaz-natal-sala-de-aula","28":"product_tag-cartaz-natalino","29":"product_tag-decoracao-de-natal-escolar","30":"product_tag-decoracao-de-porta","31":"product_tag-decoracao-natal-professor","32":"product_tag-decoracao-natalina","33":"product_tag-decoracao-pedagogica-natal","34":"product_tag-enfeite-natal-escola","35":"product_tag-fim-de-ano-escolar","36":"product_tag-mural-natal-escola","37":"product_tag-natal-educativo","38":"product_tag-natal-infantil","39":"product_tag-natal-na-escola","40":"product_tag-painel-natalino","41":"product_tag-painel-natalino-de-porta","42":"product_tag-sala-de-aula","44":"first","45":"instock","46":"downloadable","47":"virtual","48":"sold-individually","49":"purchasable","50":"product-type-simple"},"yoast_head":"<!-- This site is optimized with the Yoast SEO plugin v27.6 - https:\/\/yoast.com\/product\/yoast-seo-wordpress\/ -->\n<title>Painel natalino de porta - Loja SOS Professor Atividades<\/title>\n<meta name=\"description\" content=\"Transforme sua sala com o Painel Natalino de Porta! Um cartaz ampliado e encantador que traz a magia do Natal para a escola com praticidade e beleza.\" \/>\n<meta name=\"robots\" content=\"index, follow, max-snippet:-1, max-image-preview:large, max-video-preview:-1\" \/>\n<link rel=\"canonical\" href=\"https:\/\/lojasosprofessoratividades.com.br\/en\/product\/painel-natalino-de-porta\/\" \/>\n<meta property=\"og:locale\" content=\"en_US\" \/>\n<meta property=\"og:type\" content=\"article\" \/>\n<meta property=\"og:title\" content=\"Painel natalino de porta - Loja SOS Professor Atividades\" \/>\n<meta property=\"og:description\" content=\"Transforme sua sala com o Painel Natalino de Porta! Um cartaz ampliado e encantador que traz a magia do Natal para a escola com praticidade e beleza.\" \/>\n<meta property=\"og:url\" content=\"https:\/\/lojasosprofessoratividades.com.br\/en\/product\/painel-natalino-de-porta\/\" \/>\n<meta property=\"og:site_name\" content=\"Loja SOS Professor Atividades\" \/>\n<meta property=\"article:publisher\" content=\"https:\/\/www.facebook.com\/sosprofessoratividades\" \/>\n<meta property=\"article:modified_time\" content=\"2026-05-08T18:55:44+00:00\" \/>\n<meta property=\"og:image\" content=\"https:\/\/lojasosprofessoratividades.com.br\/wp-content\/uploads\/2024\/11\/1-1.jpg\" \/>\n\t<meta property=\"og:image:width\" content=\"800\" \/>\n\t<meta property=\"og:image:height\" content=\"693\" \/>\n\t<meta property=\"og:image:type\" content=\"image\/jpeg\" \/>\n<meta name=\"twitter:card\" content=\"summary_large_image\" \/>\n<meta name=\"twitter:label1\" content=\"Est. reading time\" \/>\n\t<meta name=\"twitter:data1\" content=\"1 minute\" \/>\n<script type=\"application\/ld+json\" class=\"yoast-schema-graph\">{\"@context\":\"https:\\\/\\\/schema.org\",\"@graph\":[{\"@type\":\"WebPage\",\"@id\":\"https:\\\/\\\/lojasosprofessoratividades.com.br\\\/produto\\\/painel-natalino-de-porta\\\/\",\"url\":\"https:\\\/\\\/lojasosprofessoratividades.com.br\\\/produto\\\/painel-natalino-de-porta\\\/\",\"name\":\"Painel natalino de porta - Loja SOS Professor Atividades\",\"isPartOf\":{\"@id\":\"https:\\\/\\\/lojasosprofessoratividades.com.br\\\/#website\"},\"primaryImageOfPage\":{\"@id\":\"https:\\\/\\\/lojasosprofessoratividades.com.br\\\/produto\\\/painel-natalino-de-porta\\\/#primaryimage\"},\"image\":{\"@id\":\"https:\\\/\\\/lojasosprofessoratividades.com.br\\\/produto\\\/painel-natalino-de-porta\\\/#primaryimage\"},\"thumbnailUrl\":\"https:\\\/\\\/lojasosprofessoratividades.com.br\\\/wp-content\\\/uploads\\\/2024\\\/11\\\/1-1.jpg\",\"datePublished\":\"2024-11-05T23:48:14+00:00\",\"dateModified\":\"2026-05-08T18:55:44+00:00\",\"description\":\"Transforme sua sala com o Painel Natalino de Porta! Um cartaz ampliado e encantador que traz a magia do Natal para a escola com praticidade e beleza.\",\"breadcrumb\":{\"@id\":\"https:\\\/\\\/lojasosprofessoratividades.com.br\\\/produto\\\/painel-natalino-de-porta\\\/#breadcrumb\"},\"inLanguage\":\"en-US\",\"potentialAction\":[{\"@type\":\"ReadAction\",\"target\":[\"https:\\\/\\\/lojasosprofessoratividades.com.br\\\/produto\\\/painel-natalino-de-porta\\\/\"]}]},{\"@type\":\"ImageObject\",\"inLanguage\":\"en-US\",\"@id\":\"https:\\\/\\\/lojasosprofessoratividades.com.br\\\/produto\\\/painel-natalino-de-porta\\\/#primaryimage\",\"url\":\"https:\\\/\\\/lojasosprofessoratividades.com.br\\\/wp-content\\\/uploads\\\/2024\\\/11\\\/1-1.jpg\",\"contentUrl\":\"https:\\\/\\\/lojasosprofessoratividades.com.br\\\/wp-content\\\/uploads\\\/2024\\\/11\\\/1-1.jpg\",\"width\":800,\"height\":693,\"caption\":\"Painel natalino de porta\"},{\"@type\":\"BreadcrumbList\",\"@id\":\"https:\\\/\\\/lojasosprofessoratividades.com.br\\\/produto\\\/painel-natalino-de-porta\\\/#breadcrumb\",\"itemListElement\":[{\"@type\":\"ListItem\",\"position\":1,\"name\":\"In\u00edcio\",\"item\":\"https:\\\/\\\/lojasosprofessoratividades.com.br\\\/\"},{\"@type\":\"ListItem\",\"position\":2,\"name\":\"Loja\",\"item\":\"https:\\\/\\\/lojasosprofessoratividades.com.br\\\/loja\\\/\"},{\"@type\":\"ListItem\",\"position\":3,\"name\":\"Painel natalino de porta\"}]},{\"@type\":\"WebSite\",\"@id\":\"https:\\\/\\\/lojasosprofessoratividades.com.br\\\/#website\",\"url\":\"https:\\\/\\\/lojasosprofessoratividades.com.br\\\/\",\"name\":\"Loja SOS Professor Atividades\",\"description\":\"Venda de material did\u00e1tico para o ensino fundamental\",\"publisher\":{\"@id\":\"https:\\\/\\\/lojasosprofessoratividades.com.br\\\/#organization\"},\"potentialAction\":[{\"@type\":\"SearchAction\",\"target\":{\"@type\":\"EntryPoint\",\"urlTemplate\":\"https:\\\/\\\/lojasosprofessoratividades.com.br\\\/?s={search_term_string}\"},\"query-input\":{\"@type\":\"PropertyValueSpecification\",\"valueRequired\":true,\"valueName\":\"search_term_string\"}}],\"inLanguage\":\"en-US\"},{\"@type\":\"Organization\",\"@id\":\"https:\\\/\\\/lojasosprofessoratividades.com.br\\\/#organization\",\"name\":\"Loja SOS Professor Atividades\",\"url\":\"https:\\\/\\\/lojasosprofessoratividades.com.br\\\/\",\"logo\":{\"@type\":\"ImageObject\",\"inLanguage\":\"en-US\",\"@id\":\"https:\\\/\\\/lojasosprofessoratividades.com.br\\\/#\\\/schema\\\/logo\\\/image\\\/\",\"url\":\"http:\\\/\\\/lojasosprofessoratividades.com.br\\\/wp-content\\\/uploads\\\/2022\\\/04\\\/Logo.png\",\"contentUrl\":\"http:\\\/\\\/lojasosprofessoratividades.com.br\\\/wp-content\\\/uploads\\\/2022\\\/04\\\/Logo.png\",\"width\":2000,\"height\":2000,\"caption\":\"Loja SOS Professor Atividades\"},\"image\":{\"@id\":\"https:\\\/\\\/lojasosprofessoratividades.com.br\\\/#\\\/schema\\\/logo\\\/image\\\/\"},\"sameAs\":[\"https:\\\/\\\/www.facebook.com\\\/sosprofessoratividades\",\"https:\\\/\\\/www.instagram.com\\\/sosprofessoratividades\\\/\"]}]}<\/script>\n<!-- \/ Yoast SEO plugin. -->","yoast_head_json":{"title":"Painel natalino de porta - Loja SOS Professor Atividades","description":"Transforme sua sala com o Painel Natalino de Porta! Um cartaz ampliado e encantador que traz a magia do Natal para a escola com praticidade e beleza.","robots":{"index":"index","follow":"follow","max-snippet":"max-snippet:-1","max-image-preview":"max-image-preview:large","max-video-preview":"max-video-preview:-1"},"canonical":"https:\/\/lojasosprofessoratividades.com.br\/en\/product\/painel-natalino-de-porta\/","og_locale":"en_US","og_type":"article","og_title":"Painel natalino de porta - Loja SOS Professor Atividades","og_description":"Transforme sua sala com o Painel Natalino de Porta! Um cartaz ampliado e encantador que traz a magia do Natal para a escola com praticidade e beleza.","og_url":"https:\/\/lojasosprofessoratividades.com.br\/en\/product\/painel-natalino-de-porta\/","og_site_name":"Loja SOS Professor Atividades","article_publisher":"https:\/\/www.facebook.com\/sosprofessoratividades","article_modified_time":"2026-05-08T18:55:44+00:00","og_image":[{"width":800,"height":693,"url":"https:\/\/lojasosprofessoratividades.com.br\/wp-content\/uploads\/2024\/11\/1-1.jpg","type":"image\/jpeg"}],"twitter_card":"summary_large_image","twitter_misc":{"Est. reading time":"1 minute"},"schema":{"@context":"https:\/\/schema.org","@graph":[{"@type":"WebPage","@id":"https:\/\/lojasosprofessoratividades.com.br\/produto\/painel-natalino-de-porta\/","url":"https:\/\/lojasosprofessoratividades.com.br\/produto\/painel-natalino-de-porta\/","name":"Painel natalino de porta - Loja SOS Professor Atividades","isPartOf":{"@id":"https:\/\/lojasosprofessoratividades.com.br\/#website"},"primaryImageOfPage":{"@id":"https:\/\/lojasosprofessoratividades.com.br\/produto\/painel-natalino-de-porta\/#primaryimage"},"image":{"@id":"https:\/\/lojasosprofessoratividades.com.br\/produto\/painel-natalino-de-porta\/#primaryimage"},"thumbnailUrl":"https:\/\/lojasosprofessoratividades.com.br\/wp-content\/uploads\/2024\/11\/1-1.jpg","datePublished":"2024-11-05T23:48:14+00:00","dateModified":"2026-05-08T18:55:44+00:00","description":"Transforme sua sala com o Painel Natalino de Porta! Um cartaz ampliado e encantador que traz a magia do Natal para a escola com praticidade e beleza.","breadcrumb":{"@id":"https:\/\/lojasosprofessoratividades.com.br\/produto\/painel-natalino-de-porta\/#breadcrumb"},"inLanguage":"en-US","potentialAction":[{"@type":"ReadAction","target":["https:\/\/lojasosprofessoratividades.com.br\/produto\/painel-natalino-de-porta\/"]}]},{"@type":"ImageObject","inLanguage":"en-US","@id":"https:\/\/lojasosprofessoratividades.com.br\/produto\/painel-natalino-de-porta\/#primaryimage","url":"https:\/\/lojasosprofessoratividades.com.br\/wp-content\/uploads\/2024\/11\/1-1.jpg","contentUrl":"https:\/\/lojasosprofessoratividades.com.br\/wp-content\/uploads\/2024\/11\/1-1.jpg","width":800,"height":693,"caption":"Painel natalino de porta"},{"@type":"BreadcrumbList","@id":"https:\/\/lojasosprofessoratividades.com.br\/produto\/painel-natalino-de-porta\/#breadcrumb","itemListElement":[{"@type":"ListItem","position":1,"name":"In\u00edcio","item":"https:\/\/lojasosprofessoratividades.com.br\/"},{"@type":"ListItem","position":2,"name":"Loja","item":"https:\/\/lojasosprofessoratividades.com.br\/loja\/"},{"@type":"ListItem","position":3,"name":"Painel natalino de porta"}]},{"@type":"WebSite","@id":"https:\/\/lojasosprofessoratividades.com.br\/#website","url":"https:\/\/lojasosprofessoratividades.com.br\/","name":"Loja SOS Professor Atividades","description":"Venda de material did\u00e1tico para o ensino fundamental","publisher":{"@id":"https:\/\/lojasosprofessoratividades.com.br\/#organization"},"potentialAction":[{"@type":"SearchAction","target":{"@type":"EntryPoint","urlTemplate":"https:\/\/lojasosprofessoratividades.com.br\/?s={search_term_string}"},"query-input":{"@type":"PropertyValueSpecification","valueRequired":true,"valueName":"search_term_string"}}],"inLanguage":"en-US"},{"@type":"Organization","@id":"https:\/\/lojasosprofessoratividades.com.br\/#organization","name":"Loja SOS Professor Atividades","url":"https:\/\/lojasosprofessoratividades.com.br\/","logo":{"@type":"ImageObject","inLanguage":"en-US","@id":"https:\/\/lojasosprofessoratividades.com.br\/#\/schema\/logo\/image\/","url":"http:\/\/lojasosprofessoratividades.com.br\/wp-content\/uploads\/2022\/04\/Logo.png","contentUrl":"http:\/\/lojasosprofessoratividades.com.br\/wp-content\/uploads\/2022\/04\/Logo.png","width":2000,"height":2000,"caption":"Loja SOS Professor Atividades"},"image":{"@id":"https:\/\/lojasosprofessoratividades.com.br\/#\/schema\/logo\/image\/"},"sameAs":["https:\/\/www.facebook.com\/sosprofessoratividades","https:\/\/www.instagram.com\/sosprofessoratividades\/"]}]}},"_links":{"self":[{"href":"https:\/\/lojasosprofessoratividades.com.br\/en\/wp-json\/wp\/v2\/product\/32383","targetHints":{"allow":["GET"]}}],"collection":[{"href":"https:\/\/lojasosprofessoratividades.com.br\/en\/wp-json\/wp\/v2\/product"}],"about":[{"href":"https:\/\/lojasosprofessoratividades.com.br\/en\/wp-json\/wp\/v2\/types\/product"}],"replies":[{"embeddable":true,"href":"https:\/\/lojasosprofessoratividades.com.br\/en\/wp-json\/wp\/v2\/comments?post=32383"}],"wp:featuredmedia":[{"embeddable":true,"href":"https:\/\/lojasosprofessoratividades.com.br\/en\/wp-json\/wp\/v2\/media\/32385"}],"wp:attachment":[{"href":"https:\/\/lojasosprofessoratividades.com.br\/en\/wp-json\/wp\/v2\/media?parent=32383"}],"wp:term":[{"taxonomy":"product_brand","embeddable":true,"href":"https:\/\/lojasosprofessoratividades.com.br\/en\/wp-json\/wp\/v2\/product_brand?post=32383"},{"taxonomy":"product_cat","embeddable":true,"href":"https:\/\/lojasosprofessoratividades.com.br\/en\/wp-json\/wp\/v2\/product_cat?post=32383"},{"taxonomy":"product_tag","embeddable":true,"href":"https:\/\/lojasosprofessoratividades.com.br\/en\/wp-json\/wp\/v2\/product_tag?post=32383"}],"curies":[{"name":"wp","href":"https:\/\/api.w.org\/{rel}","templated":true}]}}