{"id":32416,"date":"2025-11-12T18:21:14","date_gmt":"2025-11-12T21:21:14","guid":{"rendered":"https:\/\/lojasosprofessoratividades.com.br\/?post_type=product&#038;p=32416"},"modified":"2026-05-08T14:27:20","modified_gmt":"2026-05-08T17:27:20","slug":"painel-papai-noel-e-cartinhas-de-natal","status":"publish","type":"product","link":"https:\/\/lojasosprofessoratividades.com.br\/en\/product\/painel-papai-noel-e-cartinhas-de-natal\/","title":{"rendered":"Painel Papai Noel e cartinhas de Natal"},"content":{"rendered":"","protected":false},"excerpt":{"rendered":"<p>Prepare sua sala para o Natal com este lindo arquivo tem\u00e1tico!<\/p>\n<p>O &#8220;Painel Papai Noel e cartinhas de Natal&#8221; traz um painel central ampliado em 14 folhas A4 (mede aproximadamente 73 x 73 cm), formando uma imagem encantadora que vai transformar o ambiente.<\/p>\n<p>Acompanha uma frase t\u00edtulo em 9 folhas A4, que destaca o esp\u00edrito natalino e deixa o painel ainda mais especial!<\/p>\n<p>Al\u00e9m disso, inclu\u00edmos a arte para cartinha em duas vers\u00f5es: colorida e para colorir, permitindo que as crian\u00e7as expressem seus desejos e escrevam suas mensagens ao Papai Noel.<\/p>\n<p><strong>Vers\u00e1til e encantador:<\/strong> use o painel sozinho para criar um cen\u00e1rio natalino ou adicione as cartinhas para uma intera\u00e7\u00e3o especial com os alunos.<\/p>\n<p>Ideal para trazer o encanto do Natal para a sala de aula, incentivando a imagina\u00e7\u00e3o e o carinho entre os pequenos!<\/p>\n<p><em><strong>N\u00e3o<\/strong> <\/em>edit\u00e1vel.<\/p>\n<h3>N\u00e3o enviamos por e-mail, a entrega \u00e9 via link para download.\u00a0<img decoding=\"async\" class=\"emoji\" role=\"img\" draggable=\"false\" src=\"https:\/\/s.w.org\/images\/core\/emoji\/16.0.1\/svg\/1f447.svg\" alt=\"\ud83d\udc47\" \/><\/h3>\n<p><img loading=\"lazy\" decoding=\"async\" class=\"alignnone wp-image-32269 size-full\" src=\"https:\/\/lojasosprofessoratividades.com.br\/wp-content\/uploads\/2024\/10\/Aviso-Loja.jpg\" alt=\"\" width=\"446\" height=\"251\" srcset=\"https:\/\/lojasosprofessoratividades.com.br\/wp-content\/uploads\/2024\/10\/Aviso-Loja.jpg 446w, https:\/\/lojasosprofessoratividades.com.br\/wp-content\/uploads\/2024\/10\/Aviso-Loja-300x169.jpg 300w, https:\/\/lojasosprofessoratividades.com.br\/wp-content\/uploads\/2024\/10\/Aviso-Loja-18x10.jpg 18w\" sizes=\"auto, (max-width: 446px) 100vw, 446px\" \/><\/p>","protected":false},"featured_media":32419,"comment_status":"open","ping_status":"closed","template":"","meta":[],"product_brand":[],"product_cat":[122,123,124,214,210,212,211,213,209],"product_tag":[885,894,3096,959,3091,869,3092,246,245,962,961,3093,339,3094,3095,956,3097,960,856,545,3099,568,958,3098],"class_list":{"0":"post-32416","1":"product","2":"type-product","3":"status-publish","4":"has-post-thumbnail","6":"product_cat-1o-ano","7":"product_cat-2o-ano","8":"product_cat-3o-ano","9":"product_cat-data-comemorativa-3-ano","10":"product_cat-data-comemorativa-1-ano","11":"product_cat-data-comemorativa-2-ano","12":"product_cat-recursos-didaticos-2-ano","13":"product_cat-recursos-didaticos-3-ano","14":"product_cat-recursos-didaticos-1-ano","15":"product_tag-atividades-de-natal","16":"product_tag-atividades-natalinas","17":"product_tag-cartaz-natalino","18":"product_tag-cartinha-de-natal","19":"product_tag-cartinhas-de-natal","20":"product_tag-decoracao-de-natal","21":"product_tag-decoracao-escolar-natal","22":"product_tag-educacao-infantil","23":"product_tag-ensino-fundamental","24":"product_tag-epoca-natalina","25":"product_tag-interacao-com-alunos","26":"product_tag-material-pedagogico-natal","27":"product_tag-natal","28":"product_tag-natal-educacao-infantil","29":"product_tag-natal-ensino-fundamental","30":"product_tag-natal-na-escola","31":"product_tag-natal-para-imprimir","32":"product_tag-painel-ampliado","33":"product_tag-painel-de-natal","34":"product_tag-painel-educativo","35":"product_tag-painel-papai-noel","36":"product_tag-painel-para-sala-de-aula","37":"product_tag-papai-noel","38":"product_tag-projeto-natal-escolar","40":"first","41":"instock","42":"downloadable","43":"virtual","44":"sold-individually","45":"purchasable","46":"product-type-simple"},"yoast_head":"<!-- This site is optimized with the Yoast SEO plugin v27.5 - https:\/\/yoast.com\/product\/yoast-seo-wordpress\/ -->\n<title>Painel Papai Noel e cartinhas de Natal - Loja SOS Professor Atividades<\/title>\n<meta name=\"description\" content=\"Decore sua sala de aula com o Painel Papai Noel e Cartinhas de Natal! Material completo com frases, pain\u00e9is e cartinhas para um Natal m\u00e1gico e interativo!\" \/>\n<meta name=\"robots\" content=\"index, follow, max-snippet:-1, max-image-preview:large, max-video-preview:-1\" \/>\n<link rel=\"canonical\" href=\"https:\/\/lojasosprofessoratividades.com.br\/en\/product\/painel-papai-noel-e-cartinhas-de-natal\/\" \/>\n<meta property=\"og:locale\" content=\"en_US\" \/>\n<meta property=\"og:type\" content=\"article\" \/>\n<meta property=\"og:title\" content=\"Painel Papai Noel e cartinhas de Natal - Loja SOS Professor Atividades\" \/>\n<meta property=\"og:description\" content=\"Decore sua sala de aula com o Painel Papai Noel e Cartinhas de Natal! Material completo com frases, pain\u00e9is e cartinhas para um Natal m\u00e1gico e interativo!\" \/>\n<meta property=\"og:url\" content=\"https:\/\/lojasosprofessoratividades.com.br\/en\/product\/painel-papai-noel-e-cartinhas-de-natal\/\" \/>\n<meta property=\"og:site_name\" content=\"Loja SOS Professor Atividades\" \/>\n<meta property=\"article:publisher\" content=\"https:\/\/www.facebook.com\/sosprofessoratividades\" \/>\n<meta property=\"article:modified_time\" content=\"2026-05-08T17:27:20+00:00\" \/>\n<meta property=\"og:image\" content=\"https:\/\/lojasosprofessoratividades.com.br\/wp-content\/uploads\/2024\/11\/1-2.jpg\" \/>\n\t<meta property=\"og:image:width\" content=\"800\" \/>\n\t<meta property=\"og:image:height\" content=\"693\" \/>\n\t<meta property=\"og:image:type\" content=\"image\/jpeg\" \/>\n<meta name=\"twitter:card\" content=\"summary_large_image\" \/>\n<meta name=\"twitter:label1\" content=\"Est. reading time\" \/>\n\t<meta name=\"twitter:data1\" content=\"1 minute\" \/>\n<script type=\"application\/ld+json\" class=\"yoast-schema-graph\">{\"@context\":\"https:\\\/\\\/schema.org\",\"@graph\":[{\"@type\":\"WebPage\",\"@id\":\"https:\\\/\\\/lojasosprofessoratividades.com.br\\\/produto\\\/painel-papai-noel-e-cartinhas-de-natal\\\/\",\"url\":\"https:\\\/\\\/lojasosprofessoratividades.com.br\\\/produto\\\/painel-papai-noel-e-cartinhas-de-natal\\\/\",\"name\":\"Painel Papai Noel e cartinhas de Natal - Loja SOS Professor Atividades\",\"isPartOf\":{\"@id\":\"https:\\\/\\\/lojasosprofessoratividades.com.br\\\/#website\"},\"primaryImageOfPage\":{\"@id\":\"https:\\\/\\\/lojasosprofessoratividades.com.br\\\/produto\\\/painel-papai-noel-e-cartinhas-de-natal\\\/#primaryimage\"},\"image\":{\"@id\":\"https:\\\/\\\/lojasosprofessoratividades.com.br\\\/produto\\\/painel-papai-noel-e-cartinhas-de-natal\\\/#primaryimage\"},\"thumbnailUrl\":\"https:\\\/\\\/lojasosprofessoratividades.com.br\\\/wp-content\\\/uploads\\\/2024\\\/11\\\/1-2.jpg\",\"datePublished\":\"2025-11-12T21:21:14+00:00\",\"dateModified\":\"2026-05-08T17:27:20+00:00\",\"description\":\"Decore sua sala de aula com o Painel Papai Noel e Cartinhas de Natal! Material completo com frases, pain\u00e9is e cartinhas para um Natal m\u00e1gico e interativo!\",\"breadcrumb\":{\"@id\":\"https:\\\/\\\/lojasosprofessoratividades.com.br\\\/produto\\\/painel-papai-noel-e-cartinhas-de-natal\\\/#breadcrumb\"},\"inLanguage\":\"en-US\",\"potentialAction\":[{\"@type\":\"ReadAction\",\"target\":[\"https:\\\/\\\/lojasosprofessoratividades.com.br\\\/produto\\\/painel-papai-noel-e-cartinhas-de-natal\\\/\"]}]},{\"@type\":\"ImageObject\",\"inLanguage\":\"en-US\",\"@id\":\"https:\\\/\\\/lojasosprofessoratividades.com.br\\\/produto\\\/painel-papai-noel-e-cartinhas-de-natal\\\/#primaryimage\",\"url\":\"https:\\\/\\\/lojasosprofessoratividades.com.br\\\/wp-content\\\/uploads\\\/2024\\\/11\\\/1-2.jpg\",\"contentUrl\":\"https:\\\/\\\/lojasosprofessoratividades.com.br\\\/wp-content\\\/uploads\\\/2024\\\/11\\\/1-2.jpg\",\"width\":800,\"height\":693,\"caption\":\"Painel Papai Noel e cartinhas de Natal\"},{\"@type\":\"BreadcrumbList\",\"@id\":\"https:\\\/\\\/lojasosprofessoratividades.com.br\\\/produto\\\/painel-papai-noel-e-cartinhas-de-natal\\\/#breadcrumb\",\"itemListElement\":[{\"@type\":\"ListItem\",\"position\":1,\"name\":\"In\u00edcio\",\"item\":\"https:\\\/\\\/lojasosprofessoratividades.com.br\\\/\"},{\"@type\":\"ListItem\",\"position\":2,\"name\":\"Loja\",\"item\":\"https:\\\/\\\/lojasosprofessoratividades.com.br\\\/loja\\\/\"},{\"@type\":\"ListItem\",\"position\":3,\"name\":\"Painel Papai Noel e cartinhas de Natal\"}]},{\"@type\":\"WebSite\",\"@id\":\"https:\\\/\\\/lojasosprofessoratividades.com.br\\\/#website\",\"url\":\"https:\\\/\\\/lojasosprofessoratividades.com.br\\\/\",\"name\":\"Loja SOS Professor Atividades\",\"description\":\"Venda de material did\u00e1tico para o ensino fundamental\",\"publisher\":{\"@id\":\"https:\\\/\\\/lojasosprofessoratividades.com.br\\\/#organization\"},\"potentialAction\":[{\"@type\":\"SearchAction\",\"target\":{\"@type\":\"EntryPoint\",\"urlTemplate\":\"https:\\\/\\\/lojasosprofessoratividades.com.br\\\/?s={search_term_string}\"},\"query-input\":{\"@type\":\"PropertyValueSpecification\",\"valueRequired\":true,\"valueName\":\"search_term_string\"}}],\"inLanguage\":\"en-US\"},{\"@type\":\"Organization\",\"@id\":\"https:\\\/\\\/lojasosprofessoratividades.com.br\\\/#organization\",\"name\":\"Loja SOS Professor Atividades\",\"url\":\"https:\\\/\\\/lojasosprofessoratividades.com.br\\\/\",\"logo\":{\"@type\":\"ImageObject\",\"inLanguage\":\"en-US\",\"@id\":\"https:\\\/\\\/lojasosprofessoratividades.com.br\\\/#\\\/schema\\\/logo\\\/image\\\/\",\"url\":\"http:\\\/\\\/lojasosprofessoratividades.com.br\\\/wp-content\\\/uploads\\\/2022\\\/04\\\/Logo.png\",\"contentUrl\":\"http:\\\/\\\/lojasosprofessoratividades.com.br\\\/wp-content\\\/uploads\\\/2022\\\/04\\\/Logo.png\",\"width\":2000,\"height\":2000,\"caption\":\"Loja SOS Professor Atividades\"},\"image\":{\"@id\":\"https:\\\/\\\/lojasosprofessoratividades.com.br\\\/#\\\/schema\\\/logo\\\/image\\\/\"},\"sameAs\":[\"https:\\\/\\\/www.facebook.com\\\/sosprofessoratividades\",\"https:\\\/\\\/www.instagram.com\\\/sosprofessoratividades\\\/\"]}]}<\/script>\n<!-- \/ Yoast SEO plugin. -->","yoast_head_json":{"title":"Painel Papai Noel e cartinhas de Natal - Loja SOS Professor Atividades","description":"Decore sua sala de aula com o Painel Papai Noel e Cartinhas de Natal! Material completo com frases, pain\u00e9is e cartinhas para um Natal m\u00e1gico e interativo!","robots":{"index":"index","follow":"follow","max-snippet":"max-snippet:-1","max-image-preview":"max-image-preview:large","max-video-preview":"max-video-preview:-1"},"canonical":"https:\/\/lojasosprofessoratividades.com.br\/en\/product\/painel-papai-noel-e-cartinhas-de-natal\/","og_locale":"en_US","og_type":"article","og_title":"Painel Papai Noel e cartinhas de Natal - Loja SOS Professor Atividades","og_description":"Decore sua sala de aula com o Painel Papai Noel e Cartinhas de Natal! Material completo com frases, pain\u00e9is e cartinhas para um Natal m\u00e1gico e interativo!","og_url":"https:\/\/lojasosprofessoratividades.com.br\/en\/product\/painel-papai-noel-e-cartinhas-de-natal\/","og_site_name":"Loja SOS Professor Atividades","article_publisher":"https:\/\/www.facebook.com\/sosprofessoratividades","article_modified_time":"2026-05-08T17:27:20+00:00","og_image":[{"width":800,"height":693,"url":"https:\/\/lojasosprofessoratividades.com.br\/wp-content\/uploads\/2024\/11\/1-2.jpg","type":"image\/jpeg"}],"twitter_card":"summary_large_image","twitter_misc":{"Est. reading time":"1 minute"},"schema":{"@context":"https:\/\/schema.org","@graph":[{"@type":"WebPage","@id":"https:\/\/lojasosprofessoratividades.com.br\/produto\/painel-papai-noel-e-cartinhas-de-natal\/","url":"https:\/\/lojasosprofessoratividades.com.br\/produto\/painel-papai-noel-e-cartinhas-de-natal\/","name":"Painel Papai Noel e cartinhas de Natal - Loja SOS Professor Atividades","isPartOf":{"@id":"https:\/\/lojasosprofessoratividades.com.br\/#website"},"primaryImageOfPage":{"@id":"https:\/\/lojasosprofessoratividades.com.br\/produto\/painel-papai-noel-e-cartinhas-de-natal\/#primaryimage"},"image":{"@id":"https:\/\/lojasosprofessoratividades.com.br\/produto\/painel-papai-noel-e-cartinhas-de-natal\/#primaryimage"},"thumbnailUrl":"https:\/\/lojasosprofessoratividades.com.br\/wp-content\/uploads\/2024\/11\/1-2.jpg","datePublished":"2025-11-12T21:21:14+00:00","dateModified":"2026-05-08T17:27:20+00:00","description":"Decore sua sala de aula com o Painel Papai Noel e Cartinhas de Natal! Material completo com frases, pain\u00e9is e cartinhas para um Natal m\u00e1gico e interativo!","breadcrumb":{"@id":"https:\/\/lojasosprofessoratividades.com.br\/produto\/painel-papai-noel-e-cartinhas-de-natal\/#breadcrumb"},"inLanguage":"en-US","potentialAction":[{"@type":"ReadAction","target":["https:\/\/lojasosprofessoratividades.com.br\/produto\/painel-papai-noel-e-cartinhas-de-natal\/"]}]},{"@type":"ImageObject","inLanguage":"en-US","@id":"https:\/\/lojasosprofessoratividades.com.br\/produto\/painel-papai-noel-e-cartinhas-de-natal\/#primaryimage","url":"https:\/\/lojasosprofessoratividades.com.br\/wp-content\/uploads\/2024\/11\/1-2.jpg","contentUrl":"https:\/\/lojasosprofessoratividades.com.br\/wp-content\/uploads\/2024\/11\/1-2.jpg","width":800,"height":693,"caption":"Painel Papai Noel e cartinhas de Natal"},{"@type":"BreadcrumbList","@id":"https:\/\/lojasosprofessoratividades.com.br\/produto\/painel-papai-noel-e-cartinhas-de-natal\/#breadcrumb","itemListElement":[{"@type":"ListItem","position":1,"name":"In\u00edcio","item":"https:\/\/lojasosprofessoratividades.com.br\/"},{"@type":"ListItem","position":2,"name":"Loja","item":"https:\/\/lojasosprofessoratividades.com.br\/loja\/"},{"@type":"ListItem","position":3,"name":"Painel Papai Noel e cartinhas de Natal"}]},{"@type":"WebSite","@id":"https:\/\/lojasosprofessoratividades.com.br\/#website","url":"https:\/\/lojasosprofessoratividades.com.br\/","name":"Loja SOS Professor Atividades","description":"Venda de material did\u00e1tico para o ensino fundamental","publisher":{"@id":"https:\/\/lojasosprofessoratividades.com.br\/#organization"},"potentialAction":[{"@type":"SearchAction","target":{"@type":"EntryPoint","urlTemplate":"https:\/\/lojasosprofessoratividades.com.br\/?s={search_term_string}"},"query-input":{"@type":"PropertyValueSpecification","valueRequired":true,"valueName":"search_term_string"}}],"inLanguage":"en-US"},{"@type":"Organization","@id":"https:\/\/lojasosprofessoratividades.com.br\/#organization","name":"Loja SOS Professor Atividades","url":"https:\/\/lojasosprofessoratividades.com.br\/","logo":{"@type":"ImageObject","inLanguage":"en-US","@id":"https:\/\/lojasosprofessoratividades.com.br\/#\/schema\/logo\/image\/","url":"http:\/\/lojasosprofessoratividades.com.br\/wp-content\/uploads\/2022\/04\/Logo.png","contentUrl":"http:\/\/lojasosprofessoratividades.com.br\/wp-content\/uploads\/2022\/04\/Logo.png","width":2000,"height":2000,"caption":"Loja SOS Professor Atividades"},"image":{"@id":"https:\/\/lojasosprofessoratividades.com.br\/#\/schema\/logo\/image\/"},"sameAs":["https:\/\/www.facebook.com\/sosprofessoratividades","https:\/\/www.instagram.com\/sosprofessoratividades\/"]}]}},"_links":{"self":[{"href":"https:\/\/lojasosprofessoratividades.com.br\/en\/wp-json\/wp\/v2\/product\/32416","targetHints":{"allow":["GET"]}}],"collection":[{"href":"https:\/\/lojasosprofessoratividades.com.br\/en\/wp-json\/wp\/v2\/product"}],"about":[{"href":"https:\/\/lojasosprofessoratividades.com.br\/en\/wp-json\/wp\/v2\/types\/product"}],"replies":[{"embeddable":true,"href":"https:\/\/lojasosprofessoratividades.com.br\/en\/wp-json\/wp\/v2\/comments?post=32416"}],"wp:featuredmedia":[{"embeddable":true,"href":"https:\/\/lojasosprofessoratividades.com.br\/en\/wp-json\/wp\/v2\/media\/32419"}],"wp:attachment":[{"href":"https:\/\/lojasosprofessoratividades.com.br\/en\/wp-json\/wp\/v2\/media?parent=32416"}],"wp:term":[{"taxonomy":"product_brand","embeddable":true,"href":"https:\/\/lojasosprofessoratividades.com.br\/en\/wp-json\/wp\/v2\/product_brand?post=32416"},{"taxonomy":"product_cat","embeddable":true,"href":"https:\/\/lojasosprofessoratividades.com.br\/en\/wp-json\/wp\/v2\/product_cat?post=32416"},{"taxonomy":"product_tag","embeddable":true,"href":"https:\/\/lojasosprofessoratividades.com.br\/en\/wp-json\/wp\/v2\/product_tag?post=32416"}],"curies":[{"name":"wp","href":"https:\/\/api.w.org\/{rel}","templated":true}]}}