{"id":32467,"date":"2025-11-21T11:28:06","date_gmt":"2025-11-21T14:28:06","guid":{"rendered":"https:\/\/lojasosprofessoratividades.com.br\/?post_type=product&#038;p=32467"},"modified":"2026-05-08T14:16:15","modified_gmt":"2026-05-08T17:16:15","slug":"painel-natalino-nasceu-jesus-o-salvador","status":"publish","type":"product","link":"https:\/\/lojasosprofessoratividades.com.br\/en\/product\/painel-natalino-nasceu-jesus-o-salvador\/","title":{"rendered":"Painel Natalino: Nasceu Jesus, o Salvador"},"content":{"rendered":"","protected":false},"excerpt":{"rendered":"<p>Deixe sua escola repleta de encanto neste Natal com o lind\u00edssimo painel &#8220;Nasceu Jesus, o Salvador&#8221;!<\/p>\n<p>\ud83c\udf20 Composto por uma imagem central de aproximadamente 70 x 70 cm (12 folhas A4), uma frase de t\u00edtulo, estrelas e uma estrela 3D, ele cria um ambiente de paz e reflex\u00e3o, perfeito para essa \u00e9poca especial.<\/p>\n<p>\ud83c\udfa8 Ideal para enfeitar e inspirar o esp\u00edrito natalino em todos os cantinhos da escola, trazendo beleza e significado.<\/p>\n<p>A montagem \u00e9 f\u00e1cil, e o resultado, encantador!<\/p>\n<p><em><strong>N\u00e3o<\/strong><\/em> edit\u00e1vel.<\/p>\n<h3>N\u00e3o enviamos por e-mail, a entrega \u00e9 via link para download.\u00a0<img decoding=\"async\" class=\"emoji\" role=\"img\" draggable=\"false\" src=\"https:\/\/s.w.org\/images\/core\/emoji\/16.0.1\/svg\/1f447.svg\" alt=\"\ud83d\udc47\" \/><\/h3>\n<p><img loading=\"lazy\" decoding=\"async\" class=\"alignnone wp-image-32269 size-full\" src=\"https:\/\/lojasosprofessoratividades.com.br\/wp-content\/uploads\/2024\/10\/Aviso-Loja.jpg\" alt=\"\" width=\"446\" height=\"251\" srcset=\"https:\/\/lojasosprofessoratividades.com.br\/wp-content\/uploads\/2024\/10\/Aviso-Loja.jpg 446w, https:\/\/lojasosprofessoratividades.com.br\/wp-content\/uploads\/2024\/10\/Aviso-Loja-300x169.jpg 300w, https:\/\/lojasosprofessoratividades.com.br\/wp-content\/uploads\/2024\/10\/Aviso-Loja-18x10.jpg 18w\" sizes=\"auto, (max-width: 446px) 100vw, 446px\" \/><\/p>","protected":false},"featured_media":36968,"comment_status":"open","ping_status":"closed","template":"","meta":[],"product_brand":[],"product_cat":[122,123,124,125,127,214,216,218,210,212,126,220],"product_tag":[3172,3169,3101,975,847,3167,3163,357,977,979,974,3170,3168,3164,976,956,973,3171,3166,348,978,3165],"class_list":{"0":"post-32467","1":"product","2":"type-product","3":"status-publish","4":"has-post-thumbnail","6":"product_cat-1o-ano","7":"product_cat-2o-ano","8":"product_cat-3o-ano","9":"product_cat-4o-ano","10":"product_cat-5o-ano","11":"product_cat-data-comemorativa-3-ano","12":"product_cat-data-comemorativa-4-ano","13":"product_cat-data-comemorativa-5-ano","14":"product_cat-data-comemorativa-1-ano","15":"product_cat-data-comemorativa-2-ano","16":"product_cat-educacao-infantil","17":"product_cat-o-eu-o-outro-o-nos","18":"product_tag-arte-natal-escola","19":"product_tag-atividades-natal-escola","20":"product_tag-decoracao-de-natal-escolar","21":"product_tag-decoracao-escola","22":"product_tag-decoracao-natalina","23":"product_tag-decoracao-pedagogica-natal","24":"product_tag-enfeite-de-natal-sala-de-aula","25":"product_tag-enfeite-natalino","26":"product_tag-espirito-natalino","27":"product_tag-estrela-3d","28":"product_tag-jesus-salvador","29":"product_tag-kit-decoracao-natalina","30":"product_tag-mural-natalino-infantil","31":"product_tag-nasceu-jesus-o-salvador","32":"product_tag-natal-escolar","33":"product_tag-natal-na-escola","34":"product_tag-painel-natal","35":"product_tag-painel-natal-3d","36":"product_tag-painel-natal-jesus","37":"product_tag-painel-natalino","38":"product_tag-painel-religioso","39":"product_tag-painel-religioso-natal","41":"first","42":"instock","43":"downloadable","44":"virtual","45":"sold-individually","46":"purchasable","47":"product-type-simple"},"yoast_head":"<!-- This site is optimized with the Yoast SEO plugin v27.6 - https:\/\/yoast.com\/product\/yoast-seo-wordpress\/ -->\n<title>Painel Natalino: Nasceu Jesus, o Salvador - Loja SOS Professor Atividades<\/title>\n<meta name=\"description\" content=\"Decore sua escola com o painel natalino \u201cNasceu Jesus, o Salvador\u201d. Kit com imagem central, frase t\u00edtulo e estrelas 3D que encantam e inspiram o Natal.\" \/>\n<meta name=\"robots\" content=\"index, follow, max-snippet:-1, max-image-preview:large, max-video-preview:-1\" \/>\n<link rel=\"canonical\" href=\"https:\/\/lojasosprofessoratividades.com.br\/en\/product\/painel-natalino-nasceu-jesus-o-salvador\/\" \/>\n<meta property=\"og:locale\" content=\"en_US\" \/>\n<meta property=\"og:type\" content=\"article\" \/>\n<meta property=\"og:title\" content=\"Painel Natalino: Nasceu Jesus, o Salvador - Loja SOS Professor Atividades\" \/>\n<meta property=\"og:description\" content=\"Decore sua escola com o painel natalino \u201cNasceu Jesus, o Salvador\u201d. Kit com imagem central, frase t\u00edtulo e estrelas 3D que encantam e inspiram o Natal.\" \/>\n<meta property=\"og:url\" content=\"https:\/\/lojasosprofessoratividades.com.br\/en\/product\/painel-natalino-nasceu-jesus-o-salvador\/\" \/>\n<meta property=\"og:site_name\" content=\"Loja SOS Professor Atividades\" \/>\n<meta property=\"article:publisher\" content=\"https:\/\/www.facebook.com\/sosprofessoratividades\" \/>\n<meta property=\"article:modified_time\" content=\"2026-05-08T17:16:15+00:00\" \/>\n<meta property=\"og:image\" content=\"https:\/\/lojasosprofessoratividades.com.br\/wp-content\/uploads\/2025\/11\/7.jpg\" \/>\n\t<meta property=\"og:image:width\" content=\"800\" \/>\n\t<meta property=\"og:image:height\" content=\"693\" \/>\n\t<meta property=\"og:image:type\" content=\"image\/jpeg\" \/>\n<meta name=\"twitter:card\" content=\"summary_large_image\" \/>\n<meta name=\"twitter:label1\" content=\"Est. reading time\" \/>\n\t<meta name=\"twitter:data1\" content=\"1 minute\" \/>\n<script type=\"application\/ld+json\" class=\"yoast-schema-graph\">{\"@context\":\"https:\\\/\\\/schema.org\",\"@graph\":[{\"@type\":\"WebPage\",\"@id\":\"https:\\\/\\\/lojasosprofessoratividades.com.br\\\/produto\\\/painel-natalino-nasceu-jesus-o-salvador\\\/\",\"url\":\"https:\\\/\\\/lojasosprofessoratividades.com.br\\\/produto\\\/painel-natalino-nasceu-jesus-o-salvador\\\/\",\"name\":\"Painel Natalino: Nasceu Jesus, o Salvador - Loja SOS Professor Atividades\",\"isPartOf\":{\"@id\":\"https:\\\/\\\/lojasosprofessoratividades.com.br\\\/#website\"},\"primaryImageOfPage\":{\"@id\":\"https:\\\/\\\/lojasosprofessoratividades.com.br\\\/produto\\\/painel-natalino-nasceu-jesus-o-salvador\\\/#primaryimage\"},\"image\":{\"@id\":\"https:\\\/\\\/lojasosprofessoratividades.com.br\\\/produto\\\/painel-natalino-nasceu-jesus-o-salvador\\\/#primaryimage\"},\"thumbnailUrl\":\"https:\\\/\\\/lojasosprofessoratividades.com.br\\\/wp-content\\\/uploads\\\/2025\\\/11\\\/7.jpg\",\"datePublished\":\"2025-11-21T14:28:06+00:00\",\"dateModified\":\"2026-05-08T17:16:15+00:00\",\"description\":\"Decore sua escola com o painel natalino \u201cNasceu Jesus, o Salvador\u201d. Kit com imagem central, frase t\u00edtulo e estrelas 3D que encantam e inspiram o Natal.\",\"breadcrumb\":{\"@id\":\"https:\\\/\\\/lojasosprofessoratividades.com.br\\\/produto\\\/painel-natalino-nasceu-jesus-o-salvador\\\/#breadcrumb\"},\"inLanguage\":\"en-US\",\"potentialAction\":[{\"@type\":\"ReadAction\",\"target\":[\"https:\\\/\\\/lojasosprofessoratividades.com.br\\\/produto\\\/painel-natalino-nasceu-jesus-o-salvador\\\/\"]}]},{\"@type\":\"ImageObject\",\"inLanguage\":\"en-US\",\"@id\":\"https:\\\/\\\/lojasosprofessoratividades.com.br\\\/produto\\\/painel-natalino-nasceu-jesus-o-salvador\\\/#primaryimage\",\"url\":\"https:\\\/\\\/lojasosprofessoratividades.com.br\\\/wp-content\\\/uploads\\\/2025\\\/11\\\/7.jpg\",\"contentUrl\":\"https:\\\/\\\/lojasosprofessoratividades.com.br\\\/wp-content\\\/uploads\\\/2025\\\/11\\\/7.jpg\",\"width\":800,\"height\":693,\"caption\":\"Painel Natalino Nasceu Jesus, o Salvador7\"},{\"@type\":\"BreadcrumbList\",\"@id\":\"https:\\\/\\\/lojasosprofessoratividades.com.br\\\/produto\\\/painel-natalino-nasceu-jesus-o-salvador\\\/#breadcrumb\",\"itemListElement\":[{\"@type\":\"ListItem\",\"position\":1,\"name\":\"In\u00edcio\",\"item\":\"https:\\\/\\\/lojasosprofessoratividades.com.br\\\/\"},{\"@type\":\"ListItem\",\"position\":2,\"name\":\"Loja\",\"item\":\"https:\\\/\\\/lojasosprofessoratividades.com.br\\\/loja\\\/\"},{\"@type\":\"ListItem\",\"position\":3,\"name\":\"Painel Natalino: Nasceu Jesus, o Salvador\"}]},{\"@type\":\"WebSite\",\"@id\":\"https:\\\/\\\/lojasosprofessoratividades.com.br\\\/#website\",\"url\":\"https:\\\/\\\/lojasosprofessoratividades.com.br\\\/\",\"name\":\"Loja SOS Professor Atividades\",\"description\":\"Venda de material did\u00e1tico para o ensino fundamental\",\"publisher\":{\"@id\":\"https:\\\/\\\/lojasosprofessoratividades.com.br\\\/#organization\"},\"potentialAction\":[{\"@type\":\"SearchAction\",\"target\":{\"@type\":\"EntryPoint\",\"urlTemplate\":\"https:\\\/\\\/lojasosprofessoratividades.com.br\\\/?s={search_term_string}\"},\"query-input\":{\"@type\":\"PropertyValueSpecification\",\"valueRequired\":true,\"valueName\":\"search_term_string\"}}],\"inLanguage\":\"en-US\"},{\"@type\":\"Organization\",\"@id\":\"https:\\\/\\\/lojasosprofessoratividades.com.br\\\/#organization\",\"name\":\"Loja SOS Professor Atividades\",\"url\":\"https:\\\/\\\/lojasosprofessoratividades.com.br\\\/\",\"logo\":{\"@type\":\"ImageObject\",\"inLanguage\":\"en-US\",\"@id\":\"https:\\\/\\\/lojasosprofessoratividades.com.br\\\/#\\\/schema\\\/logo\\\/image\\\/\",\"url\":\"http:\\\/\\\/lojasosprofessoratividades.com.br\\\/wp-content\\\/uploads\\\/2022\\\/04\\\/Logo.png\",\"contentUrl\":\"http:\\\/\\\/lojasosprofessoratividades.com.br\\\/wp-content\\\/uploads\\\/2022\\\/04\\\/Logo.png\",\"width\":2000,\"height\":2000,\"caption\":\"Loja SOS Professor Atividades\"},\"image\":{\"@id\":\"https:\\\/\\\/lojasosprofessoratividades.com.br\\\/#\\\/schema\\\/logo\\\/image\\\/\"},\"sameAs\":[\"https:\\\/\\\/www.facebook.com\\\/sosprofessoratividades\",\"https:\\\/\\\/www.instagram.com\\\/sosprofessoratividades\\\/\"]}]}<\/script>\n<!-- \/ Yoast SEO plugin. -->","yoast_head_json":{"title":"Painel Natalino: Nasceu Jesus, o Salvador - Loja SOS Professor Atividades","description":"Decore sua escola com o painel natalino \u201cNasceu Jesus, o Salvador\u201d. Kit com imagem central, frase t\u00edtulo e estrelas 3D que encantam e inspiram o Natal.","robots":{"index":"index","follow":"follow","max-snippet":"max-snippet:-1","max-image-preview":"max-image-preview:large","max-video-preview":"max-video-preview:-1"},"canonical":"https:\/\/lojasosprofessoratividades.com.br\/en\/product\/painel-natalino-nasceu-jesus-o-salvador\/","og_locale":"en_US","og_type":"article","og_title":"Painel Natalino: Nasceu Jesus, o Salvador - Loja SOS Professor Atividades","og_description":"Decore sua escola com o painel natalino \u201cNasceu Jesus, o Salvador\u201d. Kit com imagem central, frase t\u00edtulo e estrelas 3D que encantam e inspiram o Natal.","og_url":"https:\/\/lojasosprofessoratividades.com.br\/en\/product\/painel-natalino-nasceu-jesus-o-salvador\/","og_site_name":"Loja SOS Professor Atividades","article_publisher":"https:\/\/www.facebook.com\/sosprofessoratividades","article_modified_time":"2026-05-08T17:16:15+00:00","og_image":[{"width":800,"height":693,"url":"https:\/\/lojasosprofessoratividades.com.br\/wp-content\/uploads\/2025\/11\/7.jpg","type":"image\/jpeg"}],"twitter_card":"summary_large_image","twitter_misc":{"Est. reading time":"1 minute"},"schema":{"@context":"https:\/\/schema.org","@graph":[{"@type":"WebPage","@id":"https:\/\/lojasosprofessoratividades.com.br\/produto\/painel-natalino-nasceu-jesus-o-salvador\/","url":"https:\/\/lojasosprofessoratividades.com.br\/produto\/painel-natalino-nasceu-jesus-o-salvador\/","name":"Painel Natalino: Nasceu Jesus, o Salvador - Loja SOS Professor Atividades","isPartOf":{"@id":"https:\/\/lojasosprofessoratividades.com.br\/#website"},"primaryImageOfPage":{"@id":"https:\/\/lojasosprofessoratividades.com.br\/produto\/painel-natalino-nasceu-jesus-o-salvador\/#primaryimage"},"image":{"@id":"https:\/\/lojasosprofessoratividades.com.br\/produto\/painel-natalino-nasceu-jesus-o-salvador\/#primaryimage"},"thumbnailUrl":"https:\/\/lojasosprofessoratividades.com.br\/wp-content\/uploads\/2025\/11\/7.jpg","datePublished":"2025-11-21T14:28:06+00:00","dateModified":"2026-05-08T17:16:15+00:00","description":"Decore sua escola com o painel natalino \u201cNasceu Jesus, o Salvador\u201d. Kit com imagem central, frase t\u00edtulo e estrelas 3D que encantam e inspiram o Natal.","breadcrumb":{"@id":"https:\/\/lojasosprofessoratividades.com.br\/produto\/painel-natalino-nasceu-jesus-o-salvador\/#breadcrumb"},"inLanguage":"en-US","potentialAction":[{"@type":"ReadAction","target":["https:\/\/lojasosprofessoratividades.com.br\/produto\/painel-natalino-nasceu-jesus-o-salvador\/"]}]},{"@type":"ImageObject","inLanguage":"en-US","@id":"https:\/\/lojasosprofessoratividades.com.br\/produto\/painel-natalino-nasceu-jesus-o-salvador\/#primaryimage","url":"https:\/\/lojasosprofessoratividades.com.br\/wp-content\/uploads\/2025\/11\/7.jpg","contentUrl":"https:\/\/lojasosprofessoratividades.com.br\/wp-content\/uploads\/2025\/11\/7.jpg","width":800,"height":693,"caption":"Painel Natalino Nasceu Jesus, o Salvador7"},{"@type":"BreadcrumbList","@id":"https:\/\/lojasosprofessoratividades.com.br\/produto\/painel-natalino-nasceu-jesus-o-salvador\/#breadcrumb","itemListElement":[{"@type":"ListItem","position":1,"name":"In\u00edcio","item":"https:\/\/lojasosprofessoratividades.com.br\/"},{"@type":"ListItem","position":2,"name":"Loja","item":"https:\/\/lojasosprofessoratividades.com.br\/loja\/"},{"@type":"ListItem","position":3,"name":"Painel Natalino: Nasceu Jesus, o Salvador"}]},{"@type":"WebSite","@id":"https:\/\/lojasosprofessoratividades.com.br\/#website","url":"https:\/\/lojasosprofessoratividades.com.br\/","name":"Loja SOS Professor Atividades","description":"Venda de material did\u00e1tico para o ensino fundamental","publisher":{"@id":"https:\/\/lojasosprofessoratividades.com.br\/#organization"},"potentialAction":[{"@type":"SearchAction","target":{"@type":"EntryPoint","urlTemplate":"https:\/\/lojasosprofessoratividades.com.br\/?s={search_term_string}"},"query-input":{"@type":"PropertyValueSpecification","valueRequired":true,"valueName":"search_term_string"}}],"inLanguage":"en-US"},{"@type":"Organization","@id":"https:\/\/lojasosprofessoratividades.com.br\/#organization","name":"Loja SOS Professor Atividades","url":"https:\/\/lojasosprofessoratividades.com.br\/","logo":{"@type":"ImageObject","inLanguage":"en-US","@id":"https:\/\/lojasosprofessoratividades.com.br\/#\/schema\/logo\/image\/","url":"http:\/\/lojasosprofessoratividades.com.br\/wp-content\/uploads\/2022\/04\/Logo.png","contentUrl":"http:\/\/lojasosprofessoratividades.com.br\/wp-content\/uploads\/2022\/04\/Logo.png","width":2000,"height":2000,"caption":"Loja SOS Professor Atividades"},"image":{"@id":"https:\/\/lojasosprofessoratividades.com.br\/#\/schema\/logo\/image\/"},"sameAs":["https:\/\/www.facebook.com\/sosprofessoratividades","https:\/\/www.instagram.com\/sosprofessoratividades\/"]}]}},"_links":{"self":[{"href":"https:\/\/lojasosprofessoratividades.com.br\/en\/wp-json\/wp\/v2\/product\/32467","targetHints":{"allow":["GET"]}}],"collection":[{"href":"https:\/\/lojasosprofessoratividades.com.br\/en\/wp-json\/wp\/v2\/product"}],"about":[{"href":"https:\/\/lojasosprofessoratividades.com.br\/en\/wp-json\/wp\/v2\/types\/product"}],"replies":[{"embeddable":true,"href":"https:\/\/lojasosprofessoratividades.com.br\/en\/wp-json\/wp\/v2\/comments?post=32467"}],"wp:featuredmedia":[{"embeddable":true,"href":"https:\/\/lojasosprofessoratividades.com.br\/en\/wp-json\/wp\/v2\/media\/36968"}],"wp:attachment":[{"href":"https:\/\/lojasosprofessoratividades.com.br\/en\/wp-json\/wp\/v2\/media?parent=32467"}],"wp:term":[{"taxonomy":"product_brand","embeddable":true,"href":"https:\/\/lojasosprofessoratividades.com.br\/en\/wp-json\/wp\/v2\/product_brand?post=32467"},{"taxonomy":"product_cat","embeddable":true,"href":"https:\/\/lojasosprofessoratividades.com.br\/en\/wp-json\/wp\/v2\/product_cat?post=32467"},{"taxonomy":"product_tag","embeddable":true,"href":"https:\/\/lojasosprofessoratividades.com.br\/en\/wp-json\/wp\/v2\/product_tag?post=32467"}],"curies":[{"name":"wp","href":"https:\/\/api.w.org\/{rel}","templated":true}]}}