{"id":32659,"date":"2025-12-18T07:36:25","date_gmt":"2025-12-18T10:36:25","guid":{"rendered":"https:\/\/lojasosprofessoratividades.com.br\/?post_type=product&#038;p=32659"},"modified":"2026-05-08T14:11:23","modified_gmt":"2026-05-08T17:11:23","slug":"kit-moana-volta-as-aulas","status":"publish","type":"product","link":"https:\/\/lojasosprofessoratividades.com.br\/en\/product\/kit-moana-volta-as-aulas\/","title":{"rendered":"Kit Moana &#8211; Volta \u00e0s aulas"},"content":{"rendered":"","protected":false},"excerpt":{"rendered":"<p>Transforme a sala de aula em um ambiente cheio de magia, cor e organiza\u00e7\u00e3o com o Kit Moana!<\/p>\n<p>\u2728 Ideal para turmas do 3\u00ba ao 5\u00ba ano<br \/>\n\ud83d\udd39 Arquivo digital, edit\u00e1vel <em><strong>somente<\/strong><\/em> a placa de porta.<br \/>\n\ud83d\udd39Com 31 recursos did\u00e1ticos<\/p>\n<p>\ud83d\udcdd Conte\u00fado do Kit:<\/p>\n<p>\u2705 Cartazes tamanho A4<\/p>\n<p>Quantos somos?<br \/>\nAniversariantes do m\u00eas<br \/>\nChamadinha<br \/>\nPalavras m\u00e1gicas<br \/>\nDias da semana<br \/>\nCores<br \/>\nCombinados prontos e em branco<br \/>\nAjudantes do dia<br \/>\nCantinho da leitura<br \/>\nComo est\u00e1 o tempo?<br \/>\nAlfabeto, formas geom\u00e9tricas e s\u00f3lidos<br \/>\nTermos das opera\u00e7\u00f5es e fra\u00e7\u00f5es<br \/>\nSinais de pontua\u00e7\u00e3o<br \/>\nOs quatro porqu\u00eas<br \/>\nMaterial dourado<br \/>\nSugest\u00f5es de produ\u00e7\u00e3o de texto (in\u00edcio, meio e fim)<br \/>\nN\u00fameros por extenso e tabuadas<br \/>\nCrach\u00e1 de mesa com tabuada<br \/>\nQue horas s\u00e3o?<\/p>\n<p>\u2705 Cartazes Ampliados<\/p>\n<p>Silab\u00e1rio<br \/>\nS\u00edlabas complexas<br \/>\nCalend\u00e1rio permanente<br \/>\nN\u00fameros de 1 a 100<br \/>\nN\u00fameros at\u00e9 1.000<\/p>\n<p>\u2705 Extras Ampliados:<\/p>\n<p>Placa de porta<br \/>\nBambol\u00ea para fotos<\/p>\n<p>Perfeito para come\u00e7ar o ano com tudo!<br \/>\nCrie um ambiente acolhedor, organizado e cheio de refer\u00eancias visuais com um toque l\u00fadico.<\/p>\n<p>Adquira agora e encante seus alunos!<\/p>\n<h3><em><strong>N\u00e3o enviamos por e-mail, a entrega \u00e9 via link para download.\u00a0<img decoding=\"async\" class=\"emoji\" role=\"img\" draggable=\"false\" src=\"https:\/\/s.w.org\/images\/core\/emoji\/16.0.1\/svg\/1f447.svg\" alt=\"\ud83d\udc47\" \/><\/strong><\/em><\/h3>\n<p><img loading=\"lazy\" decoding=\"async\" class=\"alignnone wp-image-32269 size-full\" src=\"https:\/\/lojasosprofessoratividades.com.br\/wp-content\/uploads\/2024\/10\/Aviso-Loja.jpg\" alt=\"\" width=\"446\" height=\"251\" srcset=\"https:\/\/lojasosprofessoratividades.com.br\/wp-content\/uploads\/2024\/10\/Aviso-Loja.jpg 446w, https:\/\/lojasosprofessoratividades.com.br\/wp-content\/uploads\/2024\/10\/Aviso-Loja-300x169.jpg 300w, https:\/\/lojasosprofessoratividades.com.br\/wp-content\/uploads\/2024\/10\/Aviso-Loja-18x10.jpg 18w\" sizes=\"auto, (max-width: 446px) 100vw, 446px\" \/><\/p>","protected":false},"featured_media":32660,"comment_status":"open","ping_status":"closed","template":"","meta":[],"product_brand":[],"product_cat":[124,125,127,215,217,213],"product_tag":[1003,750,1010,1004,1011,840,1008,1009,374,607,1005,1001,414,1002,1007,1006,996,236],"class_list":{"0":"post-32659","1":"product","2":"type-product","3":"status-publish","4":"has-post-thumbnail","6":"product_cat-3o-ano","7":"product_cat-4o-ano","8":"product_cat-5o-ano","9":"product_cat-recursos-didaticos-4-ano","10":"product_cat-recursos-didaticos-5-ano","11":"product_cat-recursos-didaticos-3-ano","12":"product_tag-alfabeto","13":"product_tag-arquivo-digital","14":"product_tag-bambole-para-fotos","15":"product_tag-calendario-permanente","16":"product_tag-cartazes-ampliados","17":"product_tag-cartazes-educativos","18":"product_tag-combinados","19":"product_tag-cracha-de-mesa","20":"product_tag-decoracao-de-sala","21":"product_tag-decoracao-escolar","22":"product_tag-fracoes","23":"product_tag-kit-moana","24":"product_tag-numerais","25":"product_tag-organizacao-escolar","26":"product_tag-silabas-complexas","27":"product_tag-tabuadas","28":"product_tag-turmas-3o-ao-5o-ano","29":"product_tag-volta-as-aulas","31":"first","32":"instock","33":"sale","34":"downloadable","35":"virtual","36":"sold-individually","37":"purchasable","38":"product-type-simple"},"yoast_head":"<!-- This site is optimized with the Yoast SEO plugin v27.5 - https:\/\/yoast.com\/product\/yoast-seo-wordpress\/ -->\n<title>Kit Moana - Volta \u00e0s aulas - Loja SOS Professor Atividades<\/title>\n<meta name=\"description\" content=\"Kit Moana Volta \u00e0s Aulas para 3\u00ba ao 5\u00ba ano: material pedag\u00f3gico digital com cartazes A4 e ampliados, alfabeto, numerais, tabuadas, calend\u00e1rio, fra\u00e7\u00f5es e ...\" \/>\n<meta name=\"robots\" content=\"index, follow, max-snippet:-1, max-image-preview:large, max-video-preview:-1\" \/>\n<link rel=\"canonical\" href=\"https:\/\/lojasosprofessoratividades.com.br\/en\/product\/kit-moana-volta-as-aulas\/\" \/>\n<meta property=\"og:locale\" content=\"en_US\" \/>\n<meta property=\"og:type\" content=\"article\" \/>\n<meta property=\"og:title\" content=\"Kit Moana - Volta \u00e0s aulas - Loja SOS Professor Atividades\" \/>\n<meta property=\"og:description\" content=\"Kit Moana Volta \u00e0s Aulas para 3\u00ba ao 5\u00ba ano: material pedag\u00f3gico digital com cartazes A4 e ampliados, alfabeto, numerais, tabuadas, calend\u00e1rio, fra\u00e7\u00f5es e ...\" \/>\n<meta property=\"og:url\" content=\"https:\/\/lojasosprofessoratividades.com.br\/en\/product\/kit-moana-volta-as-aulas\/\" \/>\n<meta property=\"og:site_name\" content=\"Loja SOS Professor Atividades\" \/>\n<meta property=\"article:publisher\" content=\"https:\/\/www.facebook.com\/sosprofessoratividades\" \/>\n<meta property=\"article:modified_time\" content=\"2026-05-08T17:11:23+00:00\" \/>\n<meta property=\"og:image\" content=\"https:\/\/lojasosprofessoratividades.com.br\/wp-content\/uploads\/2024\/12\/1.jpg\" \/>\n\t<meta property=\"og:image:width\" content=\"800\" \/>\n\t<meta property=\"og:image:height\" content=\"693\" \/>\n\t<meta property=\"og:image:type\" content=\"image\/jpeg\" \/>\n<meta name=\"twitter:card\" content=\"summary_large_image\" \/>\n<meta name=\"twitter:label1\" content=\"Est. reading time\" \/>\n\t<meta name=\"twitter:data1\" content=\"1 minute\" \/>\n<script type=\"application\/ld+json\" class=\"yoast-schema-graph\">{\"@context\":\"https:\\\/\\\/schema.org\",\"@graph\":[{\"@type\":\"WebPage\",\"@id\":\"https:\\\/\\\/lojasosprofessoratividades.com.br\\\/produto\\\/kit-moana-volta-as-aulas\\\/\",\"url\":\"https:\\\/\\\/lojasosprofessoratividades.com.br\\\/produto\\\/kit-moana-volta-as-aulas\\\/\",\"name\":\"Kit Moana - Volta \u00e0s aulas - Loja SOS Professor Atividades\",\"isPartOf\":{\"@id\":\"https:\\\/\\\/lojasosprofessoratividades.com.br\\\/#website\"},\"primaryImageOfPage\":{\"@id\":\"https:\\\/\\\/lojasosprofessoratividades.com.br\\\/produto\\\/kit-moana-volta-as-aulas\\\/#primaryimage\"},\"image\":{\"@id\":\"https:\\\/\\\/lojasosprofessoratividades.com.br\\\/produto\\\/kit-moana-volta-as-aulas\\\/#primaryimage\"},\"thumbnailUrl\":\"https:\\\/\\\/lojasosprofessoratividades.com.br\\\/wp-content\\\/uploads\\\/2024\\\/12\\\/1.jpg\",\"datePublished\":\"2025-12-18T10:36:25+00:00\",\"dateModified\":\"2026-05-08T17:11:23+00:00\",\"description\":\"Kit Moana Volta \u00e0s Aulas para 3\u00ba ao 5\u00ba ano: material pedag\u00f3gico digital com cartazes A4 e ampliados, alfabeto, numerais, tabuadas, calend\u00e1rio, fra\u00e7\u00f5es e ...\",\"breadcrumb\":{\"@id\":\"https:\\\/\\\/lojasosprofessoratividades.com.br\\\/produto\\\/kit-moana-volta-as-aulas\\\/#breadcrumb\"},\"inLanguage\":\"en-US\",\"potentialAction\":[{\"@type\":\"ReadAction\",\"target\":[\"https:\\\/\\\/lojasosprofessoratividades.com.br\\\/produto\\\/kit-moana-volta-as-aulas\\\/\"]}]},{\"@type\":\"ImageObject\",\"inLanguage\":\"en-US\",\"@id\":\"https:\\\/\\\/lojasosprofessoratividades.com.br\\\/produto\\\/kit-moana-volta-as-aulas\\\/#primaryimage\",\"url\":\"https:\\\/\\\/lojasosprofessoratividades.com.br\\\/wp-content\\\/uploads\\\/2024\\\/12\\\/1.jpg\",\"contentUrl\":\"https:\\\/\\\/lojasosprofessoratividades.com.br\\\/wp-content\\\/uploads\\\/2024\\\/12\\\/1.jpg\",\"width\":800,\"height\":693,\"caption\":\"kit Moana - Volta \u00e0s aulas\"},{\"@type\":\"BreadcrumbList\",\"@id\":\"https:\\\/\\\/lojasosprofessoratividades.com.br\\\/produto\\\/kit-moana-volta-as-aulas\\\/#breadcrumb\",\"itemListElement\":[{\"@type\":\"ListItem\",\"position\":1,\"name\":\"In\u00edcio\",\"item\":\"https:\\\/\\\/lojasosprofessoratividades.com.br\\\/\"},{\"@type\":\"ListItem\",\"position\":2,\"name\":\"Loja\",\"item\":\"https:\\\/\\\/lojasosprofessoratividades.com.br\\\/loja\\\/\"},{\"@type\":\"ListItem\",\"position\":3,\"name\":\"Kit Moana &#8211; Volta \u00e0s aulas\"}]},{\"@type\":\"WebSite\",\"@id\":\"https:\\\/\\\/lojasosprofessoratividades.com.br\\\/#website\",\"url\":\"https:\\\/\\\/lojasosprofessoratividades.com.br\\\/\",\"name\":\"Loja SOS Professor Atividades\",\"description\":\"Venda de material did\u00e1tico para o ensino fundamental\",\"publisher\":{\"@id\":\"https:\\\/\\\/lojasosprofessoratividades.com.br\\\/#organization\"},\"potentialAction\":[{\"@type\":\"SearchAction\",\"target\":{\"@type\":\"EntryPoint\",\"urlTemplate\":\"https:\\\/\\\/lojasosprofessoratividades.com.br\\\/?s={search_term_string}\"},\"query-input\":{\"@type\":\"PropertyValueSpecification\",\"valueRequired\":true,\"valueName\":\"search_term_string\"}}],\"inLanguage\":\"en-US\"},{\"@type\":\"Organization\",\"@id\":\"https:\\\/\\\/lojasosprofessoratividades.com.br\\\/#organization\",\"name\":\"Loja SOS Professor Atividades\",\"url\":\"https:\\\/\\\/lojasosprofessoratividades.com.br\\\/\",\"logo\":{\"@type\":\"ImageObject\",\"inLanguage\":\"en-US\",\"@id\":\"https:\\\/\\\/lojasosprofessoratividades.com.br\\\/#\\\/schema\\\/logo\\\/image\\\/\",\"url\":\"http:\\\/\\\/lojasosprofessoratividades.com.br\\\/wp-content\\\/uploads\\\/2022\\\/04\\\/Logo.png\",\"contentUrl\":\"http:\\\/\\\/lojasosprofessoratividades.com.br\\\/wp-content\\\/uploads\\\/2022\\\/04\\\/Logo.png\",\"width\":2000,\"height\":2000,\"caption\":\"Loja SOS Professor Atividades\"},\"image\":{\"@id\":\"https:\\\/\\\/lojasosprofessoratividades.com.br\\\/#\\\/schema\\\/logo\\\/image\\\/\"},\"sameAs\":[\"https:\\\/\\\/www.facebook.com\\\/sosprofessoratividades\",\"https:\\\/\\\/www.instagram.com\\\/sosprofessoratividades\\\/\"]}]}<\/script>\n<!-- \/ Yoast SEO plugin. -->","yoast_head_json":{"title":"Kit Moana - Volta \u00e0s aulas - Loja SOS Professor Atividades","description":"Kit Moana Volta \u00e0s Aulas para 3\u00ba ao 5\u00ba ano: material pedag\u00f3gico digital com cartazes A4 e ampliados, alfabeto, numerais, tabuadas, calend\u00e1rio, fra\u00e7\u00f5es e ...","robots":{"index":"index","follow":"follow","max-snippet":"max-snippet:-1","max-image-preview":"max-image-preview:large","max-video-preview":"max-video-preview:-1"},"canonical":"https:\/\/lojasosprofessoratividades.com.br\/en\/product\/kit-moana-volta-as-aulas\/","og_locale":"en_US","og_type":"article","og_title":"Kit Moana - Volta \u00e0s aulas - Loja SOS Professor Atividades","og_description":"Kit Moana Volta \u00e0s Aulas para 3\u00ba ao 5\u00ba ano: material pedag\u00f3gico digital com cartazes A4 e ampliados, alfabeto, numerais, tabuadas, calend\u00e1rio, fra\u00e7\u00f5es e ...","og_url":"https:\/\/lojasosprofessoratividades.com.br\/en\/product\/kit-moana-volta-as-aulas\/","og_site_name":"Loja SOS Professor Atividades","article_publisher":"https:\/\/www.facebook.com\/sosprofessoratividades","article_modified_time":"2026-05-08T17:11:23+00:00","og_image":[{"width":800,"height":693,"url":"https:\/\/lojasosprofessoratividades.com.br\/wp-content\/uploads\/2024\/12\/1.jpg","type":"image\/jpeg"}],"twitter_card":"summary_large_image","twitter_misc":{"Est. reading time":"1 minute"},"schema":{"@context":"https:\/\/schema.org","@graph":[{"@type":"WebPage","@id":"https:\/\/lojasosprofessoratividades.com.br\/produto\/kit-moana-volta-as-aulas\/","url":"https:\/\/lojasosprofessoratividades.com.br\/produto\/kit-moana-volta-as-aulas\/","name":"Kit Moana - Volta \u00e0s aulas - Loja SOS Professor Atividades","isPartOf":{"@id":"https:\/\/lojasosprofessoratividades.com.br\/#website"},"primaryImageOfPage":{"@id":"https:\/\/lojasosprofessoratividades.com.br\/produto\/kit-moana-volta-as-aulas\/#primaryimage"},"image":{"@id":"https:\/\/lojasosprofessoratividades.com.br\/produto\/kit-moana-volta-as-aulas\/#primaryimage"},"thumbnailUrl":"https:\/\/lojasosprofessoratividades.com.br\/wp-content\/uploads\/2024\/12\/1.jpg","datePublished":"2025-12-18T10:36:25+00:00","dateModified":"2026-05-08T17:11:23+00:00","description":"Kit Moana Volta \u00e0s Aulas para 3\u00ba ao 5\u00ba ano: material pedag\u00f3gico digital com cartazes A4 e ampliados, alfabeto, numerais, tabuadas, calend\u00e1rio, fra\u00e7\u00f5es e ...","breadcrumb":{"@id":"https:\/\/lojasosprofessoratividades.com.br\/produto\/kit-moana-volta-as-aulas\/#breadcrumb"},"inLanguage":"en-US","potentialAction":[{"@type":"ReadAction","target":["https:\/\/lojasosprofessoratividades.com.br\/produto\/kit-moana-volta-as-aulas\/"]}]},{"@type":"ImageObject","inLanguage":"en-US","@id":"https:\/\/lojasosprofessoratividades.com.br\/produto\/kit-moana-volta-as-aulas\/#primaryimage","url":"https:\/\/lojasosprofessoratividades.com.br\/wp-content\/uploads\/2024\/12\/1.jpg","contentUrl":"https:\/\/lojasosprofessoratividades.com.br\/wp-content\/uploads\/2024\/12\/1.jpg","width":800,"height":693,"caption":"kit Moana - Volta \u00e0s aulas"},{"@type":"BreadcrumbList","@id":"https:\/\/lojasosprofessoratividades.com.br\/produto\/kit-moana-volta-as-aulas\/#breadcrumb","itemListElement":[{"@type":"ListItem","position":1,"name":"In\u00edcio","item":"https:\/\/lojasosprofessoratividades.com.br\/"},{"@type":"ListItem","position":2,"name":"Loja","item":"https:\/\/lojasosprofessoratividades.com.br\/loja\/"},{"@type":"ListItem","position":3,"name":"Kit Moana &#8211; Volta \u00e0s aulas"}]},{"@type":"WebSite","@id":"https:\/\/lojasosprofessoratividades.com.br\/#website","url":"https:\/\/lojasosprofessoratividades.com.br\/","name":"Loja SOS Professor Atividades","description":"Venda de material did\u00e1tico para o ensino fundamental","publisher":{"@id":"https:\/\/lojasosprofessoratividades.com.br\/#organization"},"potentialAction":[{"@type":"SearchAction","target":{"@type":"EntryPoint","urlTemplate":"https:\/\/lojasosprofessoratividades.com.br\/?s={search_term_string}"},"query-input":{"@type":"PropertyValueSpecification","valueRequired":true,"valueName":"search_term_string"}}],"inLanguage":"en-US"},{"@type":"Organization","@id":"https:\/\/lojasosprofessoratividades.com.br\/#organization","name":"Loja SOS Professor Atividades","url":"https:\/\/lojasosprofessoratividades.com.br\/","logo":{"@type":"ImageObject","inLanguage":"en-US","@id":"https:\/\/lojasosprofessoratividades.com.br\/#\/schema\/logo\/image\/","url":"http:\/\/lojasosprofessoratividades.com.br\/wp-content\/uploads\/2022\/04\/Logo.png","contentUrl":"http:\/\/lojasosprofessoratividades.com.br\/wp-content\/uploads\/2022\/04\/Logo.png","width":2000,"height":2000,"caption":"Loja SOS Professor Atividades"},"image":{"@id":"https:\/\/lojasosprofessoratividades.com.br\/#\/schema\/logo\/image\/"},"sameAs":["https:\/\/www.facebook.com\/sosprofessoratividades","https:\/\/www.instagram.com\/sosprofessoratividades\/"]}]}},"_links":{"self":[{"href":"https:\/\/lojasosprofessoratividades.com.br\/en\/wp-json\/wp\/v2\/product\/32659","targetHints":{"allow":["GET"]}}],"collection":[{"href":"https:\/\/lojasosprofessoratividades.com.br\/en\/wp-json\/wp\/v2\/product"}],"about":[{"href":"https:\/\/lojasosprofessoratividades.com.br\/en\/wp-json\/wp\/v2\/types\/product"}],"replies":[{"embeddable":true,"href":"https:\/\/lojasosprofessoratividades.com.br\/en\/wp-json\/wp\/v2\/comments?post=32659"}],"wp:featuredmedia":[{"embeddable":true,"href":"https:\/\/lojasosprofessoratividades.com.br\/en\/wp-json\/wp\/v2\/media\/32660"}],"wp:attachment":[{"href":"https:\/\/lojasosprofessoratividades.com.br\/en\/wp-json\/wp\/v2\/media?parent=32659"}],"wp:term":[{"taxonomy":"product_brand","embeddable":true,"href":"https:\/\/lojasosprofessoratividades.com.br\/en\/wp-json\/wp\/v2\/product_brand?post=32659"},{"taxonomy":"product_cat","embeddable":true,"href":"https:\/\/lojasosprofessoratividades.com.br\/en\/wp-json\/wp\/v2\/product_cat?post=32659"},{"taxonomy":"product_tag","embeddable":true,"href":"https:\/\/lojasosprofessoratividades.com.br\/en\/wp-json\/wp\/v2\/product_tag?post=32659"}],"curies":[{"name":"wp","href":"https:\/\/api.w.org\/{rel}","templated":true}]}}