{"id":32731,"date":"2024-12-19T18:27:47","date_gmt":"2024-12-19T21:27:47","guid":{"rendered":"https:\/\/lojasosprofessoratividades.com.br\/?post_type=product&#038;p=32731"},"modified":"2026-05-08T15:58:07","modified_gmt":"2026-05-08T18:58:07","slug":"kit-volta-as-aulas-divertidamente","status":"publish","type":"product","link":"https:\/\/lojasosprofessoratividades.com.br\/en\/product\/kit-volta-as-aulas-divertidamente\/","title":{"rendered":"Kit Volta \u00e0s aulas &#8211; Divertidamente"},"content":{"rendered":"","protected":false},"excerpt":{"rendered":"<p>Prepare sua sala de aula com um <em>super Kit<\/em> que vai deixar o ambiente acolhedor, organizado e cheio de aprendizado!<\/p>\n<p>\u2728 Perfeito para turmas do <strong>3\u00ba ao 5\u00ba ano<\/strong>, este arquivo cont\u00e9m <strong>32 recursos did\u00e1ticos<\/strong> incr\u00edveis para afixar e facilitar a rotina escolar.<\/p>\n<p>\ud83c\udfa8 <strong>Cartazes tamanho A4:<\/strong><\/p>\n<ul>\n<li>Quantos somos?<\/li>\n<li>Aniversariantes do m\u00eas<\/li>\n<li>Chamadinha<\/li>\n<li>Palavras m\u00e1gicas<\/li>\n<li>Dias da semana<\/li>\n<li>Cores<\/li>\n<li>Combinados prontos e em branco<\/li>\n<li>Ajudantes do dia<\/li>\n<li>Cantinho da leitura<\/li>\n<li>Como est\u00e1 o tempo?<\/li>\n<li>Alfabeto<\/li>\n<li>Formas geom\u00e9tricas e s\u00f3lidos geom\u00e9tricos<\/li>\n<li>Termos das opera\u00e7\u00f5es<\/li>\n<li>Fra\u00e7\u00f5es<\/li>\n<li>Sinais de pontua\u00e7\u00e3o<\/li>\n<li>Os quatro porqu\u00eas<\/li>\n<li>Material dourado<\/li>\n<li>Sugest\u00f5es para produ\u00e7\u00e3o de texto (in\u00edcio, meio e fim)<\/li>\n<li>N\u00fameros por extenso<\/li>\n<li>Tabuadas<\/li>\n<li>Crach\u00e1 de mesa com tabuada e alfabeto<\/li>\n<li>Que horas s\u00e3o?<\/li>\n<li>Esta\u00e7\u00f5es do ano<\/li>\n<\/ul>\n<p>\ud83d\udd8d\ufe0f <strong>Cartazes ampliados:<\/strong><\/p>\n<ul>\n<li>Silab\u00e1rio<\/li>\n<li>S\u00edlabas complexas<\/li>\n<li>Calend\u00e1rio permanente<\/li>\n<li>N\u00fameros de 1 a 100<\/li>\n<li>N\u00fameros at\u00e9 1.000<\/li>\n<\/ul>\n<p>\ud83d\uddbc\ufe0f <strong>Ampliados especiais:<\/strong><\/p>\n<ul>\n<li>Placa de porta<\/li>\n<li>Moldura para fotos<\/li>\n<\/ul>\n<p>\ud83d\udccc <strong>Deixe sua sala completa e cheia de cor!<\/strong> Com recursos interativos e atrativos, o aprendizado ser\u00e1 mais din\u00e2mico e divertido. \ud83c\udf1f<\/p>\n<p><strong>Garanta j\u00e1 o seu Kit Volta \u00e0s Aulas &#8211; Divertidamente e comece o ano letivo com organiza\u00e7\u00e3o e alegria!<\/strong><\/p>\n<h3>Entrega via link para download.\ud83d\udc47<\/h3>\n<p><img loading=\"lazy\" decoding=\"async\" class=\"alignnone wp-image-32269 size-full\" src=\"https:\/\/lojasosprofessoratividades.com.br\/wp-content\/uploads\/2024\/10\/Aviso-Loja.jpg\" alt=\"\" width=\"446\" height=\"251\" srcset=\"https:\/\/lojasosprofessoratividades.com.br\/wp-content\/uploads\/2024\/10\/Aviso-Loja.jpg 446w, https:\/\/lojasosprofessoratividades.com.br\/wp-content\/uploads\/2024\/10\/Aviso-Loja-300x169.jpg 300w, https:\/\/lojasosprofessoratividades.com.br\/wp-content\/uploads\/2024\/10\/Aviso-Loja-18x10.jpg 18w\" sizes=\"auto, (max-width: 446px) 100vw, 446px\" \/><\/p>","protected":false},"featured_media":32735,"comment_status":"open","ping_status":"closed","template":"","meta":[],"product_brand":[],"product_cat":[122,123,124,125,127,215,217,209,211,213],"product_tag":[227,1062,1064,1065,840,724,493,1005,1059,1066,1061,1060,1067,234,1007,1006,1063,236],"class_list":{"0":"post-32731","1":"product","2":"type-product","3":"status-publish","4":"has-post-thumbnail","6":"product_cat-1o-ano","7":"product_cat-2o-ano","8":"product_cat-3o-ano","9":"product_cat-4o-ano","10":"product_cat-5o-ano","11":"product_cat-recursos-didaticos-4-ano","12":"product_cat-recursos-didaticos-5-ano","13":"product_cat-recursos-didaticos-1-ano","14":"product_cat-recursos-didaticos-2-ano","15":"product_cat-recursos-didaticos-3-ano","16":"product_tag-alfabetizacao","17":"product_tag-atividades-para-sala-de-aula","18":"product_tag-calendario-escolar","19":"product_tag-cartaz-para-imprimir","20":"product_tag-cartazes-educativos","21":"product_tag-decoracao-sala-de-aula","22":"product_tag-ensino-fundamental-1","23":"product_tag-fracoes","24":"product_tag-kit-volta-as-aulas","25":"product_tag-moldura-de-fotos","26":"product_tag-numeros-por-extenso","27":"product_tag-organizacao-sala-de-aula","28":"product_tag-placa-de-porta","29":"product_tag-recursos-didaticos","30":"product_tag-silabas-complexas","31":"product_tag-tabuadas","32":"product_tag-turmas-do-3o-ao-5o-ano","33":"product_tag-volta-as-aulas","35":"first","36":"instock","37":"sale","38":"downloadable","39":"virtual","40":"sold-individually","41":"purchasable","42":"product-type-simple"},"yoast_head":"<!-- This site is optimized with the Yoast SEO plugin v27.6 - https:\/\/yoast.com\/product\/yoast-seo-wordpress\/ -->\n<title>Kit Volta \u00e0s aulas - Divertidamente - Loja SOS Professor Atividades<\/title>\n<meta name=\"description\" content=\"Deixe sua sala de aula organizada e interativa com o Kit Volta \u00e0s Aulas - Divertidamente! Ideal para turmas do 3\u00ba ao 5\u00ba ano, o arquivo cont\u00e9m 32 recursos did\u00e1ticos como cartazes com alfabeto, n\u00fameros, tabuadas, fra\u00e7\u00f5es, s\u00edlabas e muito mais para afixar e enriquecer o ambiente escolar.\" \/>\n<meta name=\"robots\" content=\"index, follow, max-snippet:-1, max-image-preview:large, max-video-preview:-1\" \/>\n<link rel=\"canonical\" href=\"https:\/\/lojasosprofessoratividades.com.br\/en\/product\/kit-volta-as-aulas-divertidamente\/\" \/>\n<meta property=\"og:locale\" content=\"en_US\" \/>\n<meta property=\"og:type\" content=\"article\" \/>\n<meta property=\"og:title\" content=\"Kit Volta \u00e0s aulas - Divertidamente - Loja SOS Professor Atividades\" \/>\n<meta property=\"og:description\" content=\"Deixe sua sala de aula organizada e interativa com o Kit Volta \u00e0s Aulas - Divertidamente! Ideal para turmas do 3\u00ba ao 5\u00ba ano, o arquivo cont\u00e9m 32 recursos did\u00e1ticos como cartazes com alfabeto, n\u00fameros, tabuadas, fra\u00e7\u00f5es, s\u00edlabas e muito mais para afixar e enriquecer o ambiente escolar.\" \/>\n<meta property=\"og:url\" content=\"https:\/\/lojasosprofessoratividades.com.br\/en\/product\/kit-volta-as-aulas-divertidamente\/\" \/>\n<meta property=\"og:site_name\" content=\"Loja SOS Professor Atividades\" \/>\n<meta property=\"article:publisher\" content=\"https:\/\/www.facebook.com\/sosprofessoratividades\" \/>\n<meta property=\"article:modified_time\" content=\"2026-05-08T18:58:07+00:00\" \/>\n<meta property=\"og:image\" content=\"https:\/\/lojasosprofessoratividades.com.br\/wp-content\/uploads\/2024\/12\/7.jpg\" \/>\n\t<meta property=\"og:image:width\" content=\"800\" \/>\n\t<meta property=\"og:image:height\" content=\"693\" \/>\n\t<meta property=\"og:image:type\" content=\"image\/jpeg\" \/>\n<meta name=\"twitter:card\" content=\"summary_large_image\" \/>\n<meta name=\"twitter:label1\" content=\"Est. reading time\" \/>\n\t<meta name=\"twitter:data1\" content=\"1 minute\" \/>\n<script type=\"application\/ld+json\" class=\"yoast-schema-graph\">{\"@context\":\"https:\\\/\\\/schema.org\",\"@graph\":[{\"@type\":\"WebPage\",\"@id\":\"https:\\\/\\\/lojasosprofessoratividades.com.br\\\/produto\\\/kit-volta-as-aulas-divertidamente\\\/\",\"url\":\"https:\\\/\\\/lojasosprofessoratividades.com.br\\\/produto\\\/kit-volta-as-aulas-divertidamente\\\/\",\"name\":\"Kit Volta \u00e0s aulas - Divertidamente - Loja SOS Professor Atividades\",\"isPartOf\":{\"@id\":\"https:\\\/\\\/lojasosprofessoratividades.com.br\\\/#website\"},\"primaryImageOfPage\":{\"@id\":\"https:\\\/\\\/lojasosprofessoratividades.com.br\\\/produto\\\/kit-volta-as-aulas-divertidamente\\\/#primaryimage\"},\"image\":{\"@id\":\"https:\\\/\\\/lojasosprofessoratividades.com.br\\\/produto\\\/kit-volta-as-aulas-divertidamente\\\/#primaryimage\"},\"thumbnailUrl\":\"https:\\\/\\\/lojasosprofessoratividades.com.br\\\/wp-content\\\/uploads\\\/2024\\\/12\\\/7.jpg\",\"datePublished\":\"2024-12-19T21:27:47+00:00\",\"dateModified\":\"2026-05-08T18:58:07+00:00\",\"description\":\"Deixe sua sala de aula organizada e interativa com o Kit Volta \u00e0s Aulas - Divertidamente! Ideal para turmas do 3\u00ba ao 5\u00ba ano, o arquivo cont\u00e9m 32 recursos did\u00e1ticos como cartazes com alfabeto, n\u00fameros, tabuadas, fra\u00e7\u00f5es, s\u00edlabas e muito mais para afixar e enriquecer o ambiente escolar.\",\"breadcrumb\":{\"@id\":\"https:\\\/\\\/lojasosprofessoratividades.com.br\\\/produto\\\/kit-volta-as-aulas-divertidamente\\\/#breadcrumb\"},\"inLanguage\":\"en-US\",\"potentialAction\":[{\"@type\":\"ReadAction\",\"target\":[\"https:\\\/\\\/lojasosprofessoratividades.com.br\\\/produto\\\/kit-volta-as-aulas-divertidamente\\\/\"]}]},{\"@type\":\"ImageObject\",\"inLanguage\":\"en-US\",\"@id\":\"https:\\\/\\\/lojasosprofessoratividades.com.br\\\/produto\\\/kit-volta-as-aulas-divertidamente\\\/#primaryimage\",\"url\":\"https:\\\/\\\/lojasosprofessoratividades.com.br\\\/wp-content\\\/uploads\\\/2024\\\/12\\\/7.jpg\",\"contentUrl\":\"https:\\\/\\\/lojasosprofessoratividades.com.br\\\/wp-content\\\/uploads\\\/2024\\\/12\\\/7.jpg\",\"width\":800,\"height\":693,\"caption\":\"Kit Volta \u00e0s aulas - Divertidamente\"},{\"@type\":\"BreadcrumbList\",\"@id\":\"https:\\\/\\\/lojasosprofessoratividades.com.br\\\/produto\\\/kit-volta-as-aulas-divertidamente\\\/#breadcrumb\",\"itemListElement\":[{\"@type\":\"ListItem\",\"position\":1,\"name\":\"In\u00edcio\",\"item\":\"https:\\\/\\\/lojasosprofessoratividades.com.br\\\/\"},{\"@type\":\"ListItem\",\"position\":2,\"name\":\"Loja\",\"item\":\"https:\\\/\\\/lojasosprofessoratividades.com.br\\\/loja\\\/\"},{\"@type\":\"ListItem\",\"position\":3,\"name\":\"Kit Volta \u00e0s aulas &#8211; Divertidamente\"}]},{\"@type\":\"WebSite\",\"@id\":\"https:\\\/\\\/lojasosprofessoratividades.com.br\\\/#website\",\"url\":\"https:\\\/\\\/lojasosprofessoratividades.com.br\\\/\",\"name\":\"Loja SOS Professor Atividades\",\"description\":\"Venda de material did\u00e1tico para o ensino fundamental\",\"publisher\":{\"@id\":\"https:\\\/\\\/lojasosprofessoratividades.com.br\\\/#organization\"},\"potentialAction\":[{\"@type\":\"SearchAction\",\"target\":{\"@type\":\"EntryPoint\",\"urlTemplate\":\"https:\\\/\\\/lojasosprofessoratividades.com.br\\\/?s={search_term_string}\"},\"query-input\":{\"@type\":\"PropertyValueSpecification\",\"valueRequired\":true,\"valueName\":\"search_term_string\"}}],\"inLanguage\":\"en-US\"},{\"@type\":\"Organization\",\"@id\":\"https:\\\/\\\/lojasosprofessoratividades.com.br\\\/#organization\",\"name\":\"Loja SOS Professor Atividades\",\"url\":\"https:\\\/\\\/lojasosprofessoratividades.com.br\\\/\",\"logo\":{\"@type\":\"ImageObject\",\"inLanguage\":\"en-US\",\"@id\":\"https:\\\/\\\/lojasosprofessoratividades.com.br\\\/#\\\/schema\\\/logo\\\/image\\\/\",\"url\":\"http:\\\/\\\/lojasosprofessoratividades.com.br\\\/wp-content\\\/uploads\\\/2022\\\/04\\\/Logo.png\",\"contentUrl\":\"http:\\\/\\\/lojasosprofessoratividades.com.br\\\/wp-content\\\/uploads\\\/2022\\\/04\\\/Logo.png\",\"width\":2000,\"height\":2000,\"caption\":\"Loja SOS Professor Atividades\"},\"image\":{\"@id\":\"https:\\\/\\\/lojasosprofessoratividades.com.br\\\/#\\\/schema\\\/logo\\\/image\\\/\"},\"sameAs\":[\"https:\\\/\\\/www.facebook.com\\\/sosprofessoratividades\",\"https:\\\/\\\/www.instagram.com\\\/sosprofessoratividades\\\/\"]}]}<\/script>\n<!-- \/ Yoast SEO plugin. -->","yoast_head_json":{"title":"Kit Volta \u00e0s aulas - Divertidamente - Loja SOS Professor Atividades","description":"Deixe sua sala de aula organizada e interativa com o Kit Volta \u00e0s Aulas - Divertidamente! Ideal para turmas do 3\u00ba ao 5\u00ba ano, o arquivo cont\u00e9m 32 recursos did\u00e1ticos como cartazes com alfabeto, n\u00fameros, tabuadas, fra\u00e7\u00f5es, s\u00edlabas e muito mais para afixar e enriquecer o ambiente escolar.","robots":{"index":"index","follow":"follow","max-snippet":"max-snippet:-1","max-image-preview":"max-image-preview:large","max-video-preview":"max-video-preview:-1"},"canonical":"https:\/\/lojasosprofessoratividades.com.br\/en\/product\/kit-volta-as-aulas-divertidamente\/","og_locale":"en_US","og_type":"article","og_title":"Kit Volta \u00e0s aulas - Divertidamente - Loja SOS Professor Atividades","og_description":"Deixe sua sala de aula organizada e interativa com o Kit Volta \u00e0s Aulas - Divertidamente! Ideal para turmas do 3\u00ba ao 5\u00ba ano, o arquivo cont\u00e9m 32 recursos did\u00e1ticos como cartazes com alfabeto, n\u00fameros, tabuadas, fra\u00e7\u00f5es, s\u00edlabas e muito mais para afixar e enriquecer o ambiente escolar.","og_url":"https:\/\/lojasosprofessoratividades.com.br\/en\/product\/kit-volta-as-aulas-divertidamente\/","og_site_name":"Loja SOS Professor Atividades","article_publisher":"https:\/\/www.facebook.com\/sosprofessoratividades","article_modified_time":"2026-05-08T18:58:07+00:00","og_image":[{"width":800,"height":693,"url":"https:\/\/lojasosprofessoratividades.com.br\/wp-content\/uploads\/2024\/12\/7.jpg","type":"image\/jpeg"}],"twitter_card":"summary_large_image","twitter_misc":{"Est. reading time":"1 minute"},"schema":{"@context":"https:\/\/schema.org","@graph":[{"@type":"WebPage","@id":"https:\/\/lojasosprofessoratividades.com.br\/produto\/kit-volta-as-aulas-divertidamente\/","url":"https:\/\/lojasosprofessoratividades.com.br\/produto\/kit-volta-as-aulas-divertidamente\/","name":"Kit Volta \u00e0s aulas - Divertidamente - Loja SOS Professor Atividades","isPartOf":{"@id":"https:\/\/lojasosprofessoratividades.com.br\/#website"},"primaryImageOfPage":{"@id":"https:\/\/lojasosprofessoratividades.com.br\/produto\/kit-volta-as-aulas-divertidamente\/#primaryimage"},"image":{"@id":"https:\/\/lojasosprofessoratividades.com.br\/produto\/kit-volta-as-aulas-divertidamente\/#primaryimage"},"thumbnailUrl":"https:\/\/lojasosprofessoratividades.com.br\/wp-content\/uploads\/2024\/12\/7.jpg","datePublished":"2024-12-19T21:27:47+00:00","dateModified":"2026-05-08T18:58:07+00:00","description":"Deixe sua sala de aula organizada e interativa com o Kit Volta \u00e0s Aulas - Divertidamente! Ideal para turmas do 3\u00ba ao 5\u00ba ano, o arquivo cont\u00e9m 32 recursos did\u00e1ticos como cartazes com alfabeto, n\u00fameros, tabuadas, fra\u00e7\u00f5es, s\u00edlabas e muito mais para afixar e enriquecer o ambiente escolar.","breadcrumb":{"@id":"https:\/\/lojasosprofessoratividades.com.br\/produto\/kit-volta-as-aulas-divertidamente\/#breadcrumb"},"inLanguage":"en-US","potentialAction":[{"@type":"ReadAction","target":["https:\/\/lojasosprofessoratividades.com.br\/produto\/kit-volta-as-aulas-divertidamente\/"]}]},{"@type":"ImageObject","inLanguage":"en-US","@id":"https:\/\/lojasosprofessoratividades.com.br\/produto\/kit-volta-as-aulas-divertidamente\/#primaryimage","url":"https:\/\/lojasosprofessoratividades.com.br\/wp-content\/uploads\/2024\/12\/7.jpg","contentUrl":"https:\/\/lojasosprofessoratividades.com.br\/wp-content\/uploads\/2024\/12\/7.jpg","width":800,"height":693,"caption":"Kit Volta \u00e0s aulas - Divertidamente"},{"@type":"BreadcrumbList","@id":"https:\/\/lojasosprofessoratividades.com.br\/produto\/kit-volta-as-aulas-divertidamente\/#breadcrumb","itemListElement":[{"@type":"ListItem","position":1,"name":"In\u00edcio","item":"https:\/\/lojasosprofessoratividades.com.br\/"},{"@type":"ListItem","position":2,"name":"Loja","item":"https:\/\/lojasosprofessoratividades.com.br\/loja\/"},{"@type":"ListItem","position":3,"name":"Kit Volta \u00e0s aulas &#8211; Divertidamente"}]},{"@type":"WebSite","@id":"https:\/\/lojasosprofessoratividades.com.br\/#website","url":"https:\/\/lojasosprofessoratividades.com.br\/","name":"Loja SOS Professor Atividades","description":"Venda de material did\u00e1tico para o ensino fundamental","publisher":{"@id":"https:\/\/lojasosprofessoratividades.com.br\/#organization"},"potentialAction":[{"@type":"SearchAction","target":{"@type":"EntryPoint","urlTemplate":"https:\/\/lojasosprofessoratividades.com.br\/?s={search_term_string}"},"query-input":{"@type":"PropertyValueSpecification","valueRequired":true,"valueName":"search_term_string"}}],"inLanguage":"en-US"},{"@type":"Organization","@id":"https:\/\/lojasosprofessoratividades.com.br\/#organization","name":"Loja SOS Professor Atividades","url":"https:\/\/lojasosprofessoratividades.com.br\/","logo":{"@type":"ImageObject","inLanguage":"en-US","@id":"https:\/\/lojasosprofessoratividades.com.br\/#\/schema\/logo\/image\/","url":"http:\/\/lojasosprofessoratividades.com.br\/wp-content\/uploads\/2022\/04\/Logo.png","contentUrl":"http:\/\/lojasosprofessoratividades.com.br\/wp-content\/uploads\/2022\/04\/Logo.png","width":2000,"height":2000,"caption":"Loja SOS Professor Atividades"},"image":{"@id":"https:\/\/lojasosprofessoratividades.com.br\/#\/schema\/logo\/image\/"},"sameAs":["https:\/\/www.facebook.com\/sosprofessoratividades","https:\/\/www.instagram.com\/sosprofessoratividades\/"]}]}},"_links":{"self":[{"href":"https:\/\/lojasosprofessoratividades.com.br\/en\/wp-json\/wp\/v2\/product\/32731","targetHints":{"allow":["GET"]}}],"collection":[{"href":"https:\/\/lojasosprofessoratividades.com.br\/en\/wp-json\/wp\/v2\/product"}],"about":[{"href":"https:\/\/lojasosprofessoratividades.com.br\/en\/wp-json\/wp\/v2\/types\/product"}],"replies":[{"embeddable":true,"href":"https:\/\/lojasosprofessoratividades.com.br\/en\/wp-json\/wp\/v2\/comments?post=32731"}],"wp:featuredmedia":[{"embeddable":true,"href":"https:\/\/lojasosprofessoratividades.com.br\/en\/wp-json\/wp\/v2\/media\/32735"}],"wp:attachment":[{"href":"https:\/\/lojasosprofessoratividades.com.br\/en\/wp-json\/wp\/v2\/media?parent=32731"}],"wp:term":[{"taxonomy":"product_brand","embeddable":true,"href":"https:\/\/lojasosprofessoratividades.com.br\/en\/wp-json\/wp\/v2\/product_brand?post=32731"},{"taxonomy":"product_cat","embeddable":true,"href":"https:\/\/lojasosprofessoratividades.com.br\/en\/wp-json\/wp\/v2\/product_cat?post=32731"},{"taxonomy":"product_tag","embeddable":true,"href":"https:\/\/lojasosprofessoratividades.com.br\/en\/wp-json\/wp\/v2\/product_tag?post=32731"}],"curies":[{"name":"wp","href":"https:\/\/api.w.org\/{rel}","templated":true}]}}