{"id":32939,"date":"2025-01-08T23:10:28","date_gmt":"2025-01-09T02:10:28","guid":{"rendered":"https:\/\/lojasosprofessoratividades.com.br\/?post_type=product&#038;p=32939"},"modified":"2026-05-08T15:58:55","modified_gmt":"2026-05-08T18:58:55","slug":"a-historia-do-lapis","status":"publish","type":"product","link":"https:\/\/lojasosprofessoratividades.com.br\/en\/product\/a-historia-do-lapis\/","title":{"rendered":"A Hist\u00f3ria do L\u00e1pis"},"content":{"rendered":"","protected":false},"excerpt":{"rendered":"<p><strong>Transforme a sala de aula com o arquivo <em>&#8220;A Hist\u00f3ria do L\u00e1pis&#8221;!<\/em><\/strong><\/p>\n<p><strong>O que cont\u00e9m o arquivo?<\/strong><br \/>\n\u2714\ufe0f <strong>Plano de aula completo<\/strong>: 2h30 de atividades interativas e reflexivas.<br \/>\n\u2714\ufe0f <strong>Texto inspirador<\/strong>: <em>&#8220;A Hist\u00f3ria do L\u00e1pis&#8221;<\/em>, repleto de valores e ensinamentos.<br \/>\n\u2714\ufe0f <strong>Atividades diversificadas<\/strong>: Compreens\u00e3o textual, infer\u00eancia, ordena\u00e7\u00e3o, ditado e gram\u00e1tica.<br \/>\n\u2714\ufe0f <strong>Din\u00e2mica envolvente<\/strong>: Reflex\u00e3o e mural interativo.<br \/>\n\u2714\ufe0f <strong>Elementos e frase para mural<\/strong>: Material pronto para decorar e valorizar o aprendizado.<br \/>\n\u2714\ufe0f <strong>Gabarito<\/strong>: Corre\u00e7\u00e3o pr\u00e1tica para o professor.<\/p>\n<p>\ud83c\udfaf <strong>P\u00fablico-alvo:<\/strong> Turmas do 5\u00ba ano do Ensino Fundamental.<br \/>\n\ud83c\udfa8 <strong>Destaque especial:<\/strong> Acompanhe os alunos enquanto desenvolvem valores como empatia, resili\u00eancia e autoaperfei\u00e7oamento.<\/p>\n<p>\ud83c\udf1f Transforme o aprendizado em uma experi\u00eancia significativa e criativa!<\/p>\n<p><strong>Garanta j\u00e1 o seu arquivo &#8220;A Hist\u00f3ria do L\u00e1pis&#8221;!<\/strong><\/p>\n<p><em><strong>N\u00e3o<\/strong><\/em> edit\u00e1vel.<\/p>\n<h3>Entrega via link para download.\ud83d\udc47<\/h3>\n<p><img loading=\"lazy\" decoding=\"async\" class=\"alignnone wp-image-32744 size-full\" src=\"https:\/\/lojasosprofessoratividades.com.br\/wp-content\/uploads\/2024\/12\/Aviso-Loja.jpg\" alt=\"\" width=\"446\" height=\"251\" srcset=\"https:\/\/lojasosprofessoratividades.com.br\/wp-content\/uploads\/2024\/12\/Aviso-Loja.jpg 446w, https:\/\/lojasosprofessoratividades.com.br\/wp-content\/uploads\/2024\/12\/Aviso-Loja-300x169.jpg 300w, https:\/\/lojasosprofessoratividades.com.br\/wp-content\/uploads\/2024\/12\/Aviso-Loja-18x10.jpg 18w\" sizes=\"auto, (max-width: 446px) 100vw, 446px\" \/><\/p>","protected":false},"featured_media":32940,"comment_status":"open","ping_status":"closed","template":"","meta":[],"product_brand":[],"product_cat":[127,199,204],"product_tag":[248,579,1127,1126,245,1091,285,250,1016,398,1125],"class_list":{"0":"post-32939","1":"product","2":"type-product","3":"status-publish","4":"has-post-thumbnail","6":"product_cat-5o-ano","7":"product_cat-atividades-interativas-5-anos","8":"product_cat-portugues-5-anos","9":"product_tag-5o-ano","10":"product_tag-atividades-educativas","11":"product_tag-compreensao-textual","12":"product_tag-dinamica-em-grupo","13":"product_tag-ensino-fundamental","14":"product_tag-ensino-ludico","15":"product_tag-gramatica","16":"product_tag-interpretacao-de-texto","17":"product_tag-mural-interativo","18":"product_tag-plano-de-aula","19":"product_tag-valores-de-vida","21":"first","22":"instock","23":"sale","24":"downloadable","25":"virtual","26":"sold-individually","27":"purchasable","28":"product-type-simple"},"yoast_head":"<!-- This site is optimized with the Yoast SEO plugin v27.6 - https:\/\/yoast.com\/product\/yoast-seo-wordpress\/ -->\n<title>A Hist\u00f3ria do L\u00e1pis - Loja SOS Professor Atividades<\/title>\n<meta name=\"description\" content=\"A Hist\u00f3ria do L\u00e1pis, com plano de aula, atividades de interpreta\u00e7\u00e3o, infer\u00eancia, ordena\u00e7\u00e3o, gram\u00e1tica e ditado. Inclui din\u00e2mica com mural interativo, elementos decorativos e gabarito, ideal para turmas do 5\u00ba ano.\" \/>\n<meta name=\"robots\" content=\"index, follow, max-snippet:-1, max-image-preview:large, max-video-preview:-1\" \/>\n<link rel=\"canonical\" href=\"https:\/\/lojasosprofessoratividades.com.br\/en\/product\/a-historia-do-lapis\/\" \/>\n<meta property=\"og:locale\" content=\"en_US\" \/>\n<meta property=\"og:type\" content=\"article\" \/>\n<meta property=\"og:title\" content=\"A Hist\u00f3ria do L\u00e1pis - Loja SOS Professor Atividades\" \/>\n<meta property=\"og:description\" content=\"A Hist\u00f3ria do L\u00e1pis, com plano de aula, atividades de interpreta\u00e7\u00e3o, infer\u00eancia, ordena\u00e7\u00e3o, gram\u00e1tica e ditado. Inclui din\u00e2mica com mural interativo, elementos decorativos e gabarito, ideal para turmas do 5\u00ba ano.\" \/>\n<meta property=\"og:url\" content=\"https:\/\/lojasosprofessoratividades.com.br\/en\/product\/a-historia-do-lapis\/\" \/>\n<meta property=\"og:site_name\" content=\"Loja SOS Professor Atividades\" \/>\n<meta property=\"article:publisher\" content=\"https:\/\/www.facebook.com\/sosprofessoratividades\" \/>\n<meta property=\"article:modified_time\" content=\"2026-05-08T18:58:55+00:00\" \/>\n<meta property=\"og:image\" content=\"https:\/\/lojasosprofessoratividades.com.br\/wp-content\/uploads\/2025\/01\/1-2.jpg\" \/>\n\t<meta property=\"og:image:width\" content=\"800\" \/>\n\t<meta property=\"og:image:height\" content=\"693\" \/>\n\t<meta property=\"og:image:type\" content=\"image\/jpeg\" \/>\n<meta name=\"twitter:card\" content=\"summary_large_image\" \/>\n<meta name=\"twitter:label1\" content=\"Est. reading time\" \/>\n\t<meta name=\"twitter:data1\" content=\"1 minute\" \/>\n<script type=\"application\/ld+json\" class=\"yoast-schema-graph\">{\"@context\":\"https:\\\/\\\/schema.org\",\"@graph\":[{\"@type\":\"WebPage\",\"@id\":\"https:\\\/\\\/lojasosprofessoratividades.com.br\\\/produto\\\/a-historia-do-lapis\\\/\",\"url\":\"https:\\\/\\\/lojasosprofessoratividades.com.br\\\/produto\\\/a-historia-do-lapis\\\/\",\"name\":\"A Hist\u00f3ria do L\u00e1pis - Loja SOS Professor Atividades\",\"isPartOf\":{\"@id\":\"https:\\\/\\\/lojasosprofessoratividades.com.br\\\/#website\"},\"primaryImageOfPage\":{\"@id\":\"https:\\\/\\\/lojasosprofessoratividades.com.br\\\/produto\\\/a-historia-do-lapis\\\/#primaryimage\"},\"image\":{\"@id\":\"https:\\\/\\\/lojasosprofessoratividades.com.br\\\/produto\\\/a-historia-do-lapis\\\/#primaryimage\"},\"thumbnailUrl\":\"https:\\\/\\\/lojasosprofessoratividades.com.br\\\/wp-content\\\/uploads\\\/2025\\\/01\\\/1-2.jpg\",\"datePublished\":\"2025-01-09T02:10:28+00:00\",\"dateModified\":\"2026-05-08T18:58:55+00:00\",\"description\":\"A Hist\u00f3ria do L\u00e1pis, com plano de aula, atividades de interpreta\u00e7\u00e3o, infer\u00eancia, ordena\u00e7\u00e3o, gram\u00e1tica e ditado. Inclui din\u00e2mica com mural interativo, elementos decorativos e gabarito, ideal para turmas do 5\u00ba ano.\",\"breadcrumb\":{\"@id\":\"https:\\\/\\\/lojasosprofessoratividades.com.br\\\/produto\\\/a-historia-do-lapis\\\/#breadcrumb\"},\"inLanguage\":\"en-US\",\"potentialAction\":[{\"@type\":\"ReadAction\",\"target\":[\"https:\\\/\\\/lojasosprofessoratividades.com.br\\\/produto\\\/a-historia-do-lapis\\\/\"]}]},{\"@type\":\"ImageObject\",\"inLanguage\":\"en-US\",\"@id\":\"https:\\\/\\\/lojasosprofessoratividades.com.br\\\/produto\\\/a-historia-do-lapis\\\/#primaryimage\",\"url\":\"https:\\\/\\\/lojasosprofessoratividades.com.br\\\/wp-content\\\/uploads\\\/2025\\\/01\\\/1-2.jpg\",\"contentUrl\":\"https:\\\/\\\/lojasosprofessoratividades.com.br\\\/wp-content\\\/uploads\\\/2025\\\/01\\\/1-2.jpg\",\"width\":800,\"height\":693,\"caption\":\"A Hist\u00f3ria do L\u00e1pis\"},{\"@type\":\"BreadcrumbList\",\"@id\":\"https:\\\/\\\/lojasosprofessoratividades.com.br\\\/produto\\\/a-historia-do-lapis\\\/#breadcrumb\",\"itemListElement\":[{\"@type\":\"ListItem\",\"position\":1,\"name\":\"In\u00edcio\",\"item\":\"https:\\\/\\\/lojasosprofessoratividades.com.br\\\/\"},{\"@type\":\"ListItem\",\"position\":2,\"name\":\"Loja\",\"item\":\"https:\\\/\\\/lojasosprofessoratividades.com.br\\\/loja\\\/\"},{\"@type\":\"ListItem\",\"position\":3,\"name\":\"A Hist\u00f3ria do L\u00e1pis\"}]},{\"@type\":\"WebSite\",\"@id\":\"https:\\\/\\\/lojasosprofessoratividades.com.br\\\/#website\",\"url\":\"https:\\\/\\\/lojasosprofessoratividades.com.br\\\/\",\"name\":\"Loja SOS Professor Atividades\",\"description\":\"Venda de material did\u00e1tico para o ensino fundamental\",\"publisher\":{\"@id\":\"https:\\\/\\\/lojasosprofessoratividades.com.br\\\/#organization\"},\"potentialAction\":[{\"@type\":\"SearchAction\",\"target\":{\"@type\":\"EntryPoint\",\"urlTemplate\":\"https:\\\/\\\/lojasosprofessoratividades.com.br\\\/?s={search_term_string}\"},\"query-input\":{\"@type\":\"PropertyValueSpecification\",\"valueRequired\":true,\"valueName\":\"search_term_string\"}}],\"inLanguage\":\"en-US\"},{\"@type\":\"Organization\",\"@id\":\"https:\\\/\\\/lojasosprofessoratividades.com.br\\\/#organization\",\"name\":\"Loja SOS Professor Atividades\",\"url\":\"https:\\\/\\\/lojasosprofessoratividades.com.br\\\/\",\"logo\":{\"@type\":\"ImageObject\",\"inLanguage\":\"en-US\",\"@id\":\"https:\\\/\\\/lojasosprofessoratividades.com.br\\\/#\\\/schema\\\/logo\\\/image\\\/\",\"url\":\"http:\\\/\\\/lojasosprofessoratividades.com.br\\\/wp-content\\\/uploads\\\/2022\\\/04\\\/Logo.png\",\"contentUrl\":\"http:\\\/\\\/lojasosprofessoratividades.com.br\\\/wp-content\\\/uploads\\\/2022\\\/04\\\/Logo.png\",\"width\":2000,\"height\":2000,\"caption\":\"Loja SOS Professor Atividades\"},\"image\":{\"@id\":\"https:\\\/\\\/lojasosprofessoratividades.com.br\\\/#\\\/schema\\\/logo\\\/image\\\/\"},\"sameAs\":[\"https:\\\/\\\/www.facebook.com\\\/sosprofessoratividades\",\"https:\\\/\\\/www.instagram.com\\\/sosprofessoratividades\\\/\"]}]}<\/script>\n<!-- \/ Yoast SEO plugin. -->","yoast_head_json":{"title":"A Hist\u00f3ria do L\u00e1pis - Loja SOS Professor Atividades","description":"A Hist\u00f3ria do L\u00e1pis, com plano de aula, atividades de interpreta\u00e7\u00e3o, infer\u00eancia, ordena\u00e7\u00e3o, gram\u00e1tica e ditado. Inclui din\u00e2mica com mural interativo, elementos decorativos e gabarito, ideal para turmas do 5\u00ba ano.","robots":{"index":"index","follow":"follow","max-snippet":"max-snippet:-1","max-image-preview":"max-image-preview:large","max-video-preview":"max-video-preview:-1"},"canonical":"https:\/\/lojasosprofessoratividades.com.br\/en\/product\/a-historia-do-lapis\/","og_locale":"en_US","og_type":"article","og_title":"A Hist\u00f3ria do L\u00e1pis - Loja SOS Professor Atividades","og_description":"A Hist\u00f3ria do L\u00e1pis, com plano de aula, atividades de interpreta\u00e7\u00e3o, infer\u00eancia, ordena\u00e7\u00e3o, gram\u00e1tica e ditado. Inclui din\u00e2mica com mural interativo, elementos decorativos e gabarito, ideal para turmas do 5\u00ba ano.","og_url":"https:\/\/lojasosprofessoratividades.com.br\/en\/product\/a-historia-do-lapis\/","og_site_name":"Loja SOS Professor Atividades","article_publisher":"https:\/\/www.facebook.com\/sosprofessoratividades","article_modified_time":"2026-05-08T18:58:55+00:00","og_image":[{"width":800,"height":693,"url":"https:\/\/lojasosprofessoratividades.com.br\/wp-content\/uploads\/2025\/01\/1-2.jpg","type":"image\/jpeg"}],"twitter_card":"summary_large_image","twitter_misc":{"Est. reading time":"1 minute"},"schema":{"@context":"https:\/\/schema.org","@graph":[{"@type":"WebPage","@id":"https:\/\/lojasosprofessoratividades.com.br\/produto\/a-historia-do-lapis\/","url":"https:\/\/lojasosprofessoratividades.com.br\/produto\/a-historia-do-lapis\/","name":"A Hist\u00f3ria do L\u00e1pis - Loja SOS Professor Atividades","isPartOf":{"@id":"https:\/\/lojasosprofessoratividades.com.br\/#website"},"primaryImageOfPage":{"@id":"https:\/\/lojasosprofessoratividades.com.br\/produto\/a-historia-do-lapis\/#primaryimage"},"image":{"@id":"https:\/\/lojasosprofessoratividades.com.br\/produto\/a-historia-do-lapis\/#primaryimage"},"thumbnailUrl":"https:\/\/lojasosprofessoratividades.com.br\/wp-content\/uploads\/2025\/01\/1-2.jpg","datePublished":"2025-01-09T02:10:28+00:00","dateModified":"2026-05-08T18:58:55+00:00","description":"A Hist\u00f3ria do L\u00e1pis, com plano de aula, atividades de interpreta\u00e7\u00e3o, infer\u00eancia, ordena\u00e7\u00e3o, gram\u00e1tica e ditado. Inclui din\u00e2mica com mural interativo, elementos decorativos e gabarito, ideal para turmas do 5\u00ba ano.","breadcrumb":{"@id":"https:\/\/lojasosprofessoratividades.com.br\/produto\/a-historia-do-lapis\/#breadcrumb"},"inLanguage":"en-US","potentialAction":[{"@type":"ReadAction","target":["https:\/\/lojasosprofessoratividades.com.br\/produto\/a-historia-do-lapis\/"]}]},{"@type":"ImageObject","inLanguage":"en-US","@id":"https:\/\/lojasosprofessoratividades.com.br\/produto\/a-historia-do-lapis\/#primaryimage","url":"https:\/\/lojasosprofessoratividades.com.br\/wp-content\/uploads\/2025\/01\/1-2.jpg","contentUrl":"https:\/\/lojasosprofessoratividades.com.br\/wp-content\/uploads\/2025\/01\/1-2.jpg","width":800,"height":693,"caption":"A Hist\u00f3ria do L\u00e1pis"},{"@type":"BreadcrumbList","@id":"https:\/\/lojasosprofessoratividades.com.br\/produto\/a-historia-do-lapis\/#breadcrumb","itemListElement":[{"@type":"ListItem","position":1,"name":"In\u00edcio","item":"https:\/\/lojasosprofessoratividades.com.br\/"},{"@type":"ListItem","position":2,"name":"Loja","item":"https:\/\/lojasosprofessoratividades.com.br\/loja\/"},{"@type":"ListItem","position":3,"name":"A Hist\u00f3ria do L\u00e1pis"}]},{"@type":"WebSite","@id":"https:\/\/lojasosprofessoratividades.com.br\/#website","url":"https:\/\/lojasosprofessoratividades.com.br\/","name":"Loja SOS Professor Atividades","description":"Venda de material did\u00e1tico para o ensino fundamental","publisher":{"@id":"https:\/\/lojasosprofessoratividades.com.br\/#organization"},"potentialAction":[{"@type":"SearchAction","target":{"@type":"EntryPoint","urlTemplate":"https:\/\/lojasosprofessoratividades.com.br\/?s={search_term_string}"},"query-input":{"@type":"PropertyValueSpecification","valueRequired":true,"valueName":"search_term_string"}}],"inLanguage":"en-US"},{"@type":"Organization","@id":"https:\/\/lojasosprofessoratividades.com.br\/#organization","name":"Loja SOS Professor Atividades","url":"https:\/\/lojasosprofessoratividades.com.br\/","logo":{"@type":"ImageObject","inLanguage":"en-US","@id":"https:\/\/lojasosprofessoratividades.com.br\/#\/schema\/logo\/image\/","url":"http:\/\/lojasosprofessoratividades.com.br\/wp-content\/uploads\/2022\/04\/Logo.png","contentUrl":"http:\/\/lojasosprofessoratividades.com.br\/wp-content\/uploads\/2022\/04\/Logo.png","width":2000,"height":2000,"caption":"Loja SOS Professor Atividades"},"image":{"@id":"https:\/\/lojasosprofessoratividades.com.br\/#\/schema\/logo\/image\/"},"sameAs":["https:\/\/www.facebook.com\/sosprofessoratividades","https:\/\/www.instagram.com\/sosprofessoratividades\/"]}]}},"_links":{"self":[{"href":"https:\/\/lojasosprofessoratividades.com.br\/en\/wp-json\/wp\/v2\/product\/32939","targetHints":{"allow":["GET"]}}],"collection":[{"href":"https:\/\/lojasosprofessoratividades.com.br\/en\/wp-json\/wp\/v2\/product"}],"about":[{"href":"https:\/\/lojasosprofessoratividades.com.br\/en\/wp-json\/wp\/v2\/types\/product"}],"replies":[{"embeddable":true,"href":"https:\/\/lojasosprofessoratividades.com.br\/en\/wp-json\/wp\/v2\/comments?post=32939"}],"wp:featuredmedia":[{"embeddable":true,"href":"https:\/\/lojasosprofessoratividades.com.br\/en\/wp-json\/wp\/v2\/media\/32940"}],"wp:attachment":[{"href":"https:\/\/lojasosprofessoratividades.com.br\/en\/wp-json\/wp\/v2\/media?parent=32939"}],"wp:term":[{"taxonomy":"product_brand","embeddable":true,"href":"https:\/\/lojasosprofessoratividades.com.br\/en\/wp-json\/wp\/v2\/product_brand?post=32939"},{"taxonomy":"product_cat","embeddable":true,"href":"https:\/\/lojasosprofessoratividades.com.br\/en\/wp-json\/wp\/v2\/product_cat?post=32939"},{"taxonomy":"product_tag","embeddable":true,"href":"https:\/\/lojasosprofessoratividades.com.br\/en\/wp-json\/wp\/v2\/product_tag?post=32939"}],"curies":[{"name":"wp","href":"https:\/\/api.w.org\/{rel}","templated":true}]}}