{"id":33008,"date":"2025-01-18T12:24:34","date_gmt":"2025-01-18T15:24:34","guid":{"rendered":"https:\/\/lojasosprofessoratividades.com.br\/?post_type=product&#038;p=33008"},"modified":"2026-05-08T15:49:42","modified_gmt":"2026-05-08T18:49:42","slug":"capas-de-caderno-roblox","status":"publish","type":"product","link":"https:\/\/lojasosprofessoratividades.com.br\/en\/product\/capas-de-caderno-roblox\/","title":{"rendered":"Capas de caderno &#8211; Roblox"},"content":{"rendered":"","protected":false},"excerpt":{"rendered":"<p>Que tal deixar o material dos alunos ainda mais divertido?<\/p>\n<p>Apresentamos o <strong>arquivo digital \u201cCapas de Caderno &#8211; Roblox\u201d<\/strong>, perfeito para personalizar os cadernos do <strong>Ensino Fundamental 1<\/strong>!<\/p>\n<p>\ud83d\udd8d\ufe0f <strong>O que voc\u00ea encontra no arquivo?<\/strong><br \/>\n\u2705 <strong>14 capas tem\u00e1ticas<\/strong> para diferentes disciplinas: Casa, Sala, Ensino Religioso, Ci\u00eancias, Hist\u00f3ria, Geografia, Portugu\u00eas, Produ\u00e7\u00e3o de Texto, Matem\u00e1tica, Ed. F\u00edsica, L\u00edngua Inglesa, Arte, Inform\u00e1tica e Agenda.<br \/>\n\u2705 <strong>28 artes para escolher<\/strong> \u2013 com imagens incr\u00edveis dos personagens Roblox para colorir!<\/p>\n<p>\ud83d\udd39 Ideal para incentivar a organiza\u00e7\u00e3o e a criatividade dos alunos!<\/p>\n<p>Adquira agora e transforme os cadernos em uma experi\u00eancia \u00fanica! \ud83d\ude80\ud83d\udcda<\/p>\n<p><em><strong>N\u00e3o edit\u00e1vel.<\/strong><\/em><\/p>\n<h3>Entrega via link para download.\ud83d\udc47<\/h3>\n<p><img loading=\"lazy\" decoding=\"async\" class=\"alignnone wp-image-32744 size-full\" src=\"https:\/\/lojasosprofessoratividades.com.br\/wp-content\/uploads\/2024\/12\/Aviso-Loja.jpg\" alt=\"\" width=\"446\" height=\"251\" srcset=\"https:\/\/lojasosprofessoratividades.com.br\/wp-content\/uploads\/2024\/12\/Aviso-Loja.jpg 446w, https:\/\/lojasosprofessoratividades.com.br\/wp-content\/uploads\/2024\/12\/Aviso-Loja-300x169.jpg 300w, https:\/\/lojasosprofessoratividades.com.br\/wp-content\/uploads\/2024\/12\/Aviso-Loja-18x10.jpg 18w\" sizes=\"auto, (max-width: 446px) 100vw, 446px\" \/><\/p>","protected":false},"featured_media":33010,"comment_status":"open","ping_status":"closed","template":"","meta":[],"product_brand":[],"product_cat":[122,123,124,125,127,215,217,209,211,213],"product_tag":[1129,1130,1135,1137,1134,1139,493,1136,1002,1138],"class_list":{"0":"post-33008","1":"product","2":"type-product","3":"status-publish","4":"has-post-thumbnail","6":"product_cat-1o-ano","7":"product_cat-2o-ano","8":"product_cat-3o-ano","9":"product_cat-4o-ano","10":"product_cat-5o-ano","11":"product_cat-recursos-didaticos-4-ano","12":"product_cat-recursos-didaticos-5-ano","13":"product_cat-recursos-didaticos-1-ano","14":"product_cat-recursos-didaticos-2-ano","15":"product_cat-recursos-didaticos-3-ano","16":"product_tag-capas-de-caderno","17":"product_tag-capas-escolares","18":"product_tag-capas-para-colorir","19":"product_tag-capas-para-imprimir","20":"product_tag-capas-roblox","21":"product_tag-criatividade-na-educacao","22":"product_tag-ensino-fundamental-1","23":"product_tag-materiais-pedagogicos","24":"product_tag-organizacao-escolar","25":"product_tag-roblox-na-escola","27":"first","28":"instock","29":"downloadable","30":"virtual","31":"sold-individually","32":"purchasable","33":"product-type-simple"},"yoast_head":"<!-- This site is optimized with the Yoast SEO plugin v27.6 - https:\/\/yoast.com\/product\/yoast-seo-wordpress\/ -->\n<title>Capas de caderno - Roblox - Loja SOS Professor Atividades<\/title>\n<meta name=\"description\" content=\"Deixe os cadernos dos alunos mais divertidos com as Capas de Caderno - Roblox! O arquivo digital cont\u00e9m 14 capas para o Ensino Fundamental 1, totalizando 28 artes para escolher, com personagens Roblox para colorir. Ideal para disciplinas como Portugu\u00eas, Matem\u00e1tica, Ci\u00eancias, Hist\u00f3ria e muito mais.\" \/>\n<meta name=\"robots\" content=\"index, follow, max-snippet:-1, max-image-preview:large, max-video-preview:-1\" \/>\n<link rel=\"canonical\" href=\"https:\/\/lojasosprofessoratividades.com.br\/en\/product\/capas-de-caderno-roblox\/\" \/>\n<meta property=\"og:locale\" content=\"en_US\" \/>\n<meta property=\"og:type\" content=\"article\" \/>\n<meta property=\"og:title\" content=\"Capas de caderno - Roblox - Loja SOS Professor Atividades\" \/>\n<meta property=\"og:description\" content=\"Deixe os cadernos dos alunos mais divertidos com as Capas de Caderno - Roblox! O arquivo digital cont\u00e9m 14 capas para o Ensino Fundamental 1, totalizando 28 artes para escolher, com personagens Roblox para colorir. Ideal para disciplinas como Portugu\u00eas, Matem\u00e1tica, Ci\u00eancias, Hist\u00f3ria e muito mais.\" \/>\n<meta property=\"og:url\" content=\"https:\/\/lojasosprofessoratividades.com.br\/en\/product\/capas-de-caderno-roblox\/\" \/>\n<meta property=\"og:site_name\" content=\"Loja SOS Professor Atividades\" \/>\n<meta property=\"article:publisher\" content=\"https:\/\/www.facebook.com\/sosprofessoratividades\" \/>\n<meta property=\"article:modified_time\" content=\"2026-05-08T18:49:42+00:00\" \/>\n<meta property=\"og:image\" content=\"https:\/\/lojasosprofessoratividades.com.br\/wp-content\/uploads\/2025\/01\/1-4.jpg\" \/>\n\t<meta property=\"og:image:width\" content=\"800\" \/>\n\t<meta property=\"og:image:height\" content=\"693\" \/>\n\t<meta property=\"og:image:type\" content=\"image\/jpeg\" \/>\n<meta name=\"twitter:card\" content=\"summary_large_image\" \/>\n<meta name=\"twitter:label1\" content=\"Est. reading time\" \/>\n\t<meta name=\"twitter:data1\" content=\"1 minute\" \/>\n<script type=\"application\/ld+json\" class=\"yoast-schema-graph\">{\"@context\":\"https:\\\/\\\/schema.org\",\"@graph\":[{\"@type\":\"WebPage\",\"@id\":\"https:\\\/\\\/lojasosprofessoratividades.com.br\\\/produto\\\/capas-de-caderno-roblox\\\/\",\"url\":\"https:\\\/\\\/lojasosprofessoratividades.com.br\\\/produto\\\/capas-de-caderno-roblox\\\/\",\"name\":\"Capas de caderno - Roblox - Loja SOS Professor Atividades\",\"isPartOf\":{\"@id\":\"https:\\\/\\\/lojasosprofessoratividades.com.br\\\/#website\"},\"primaryImageOfPage\":{\"@id\":\"https:\\\/\\\/lojasosprofessoratividades.com.br\\\/produto\\\/capas-de-caderno-roblox\\\/#primaryimage\"},\"image\":{\"@id\":\"https:\\\/\\\/lojasosprofessoratividades.com.br\\\/produto\\\/capas-de-caderno-roblox\\\/#primaryimage\"},\"thumbnailUrl\":\"https:\\\/\\\/lojasosprofessoratividades.com.br\\\/wp-content\\\/uploads\\\/2025\\\/01\\\/1-4.jpg\",\"datePublished\":\"2025-01-18T15:24:34+00:00\",\"dateModified\":\"2026-05-08T18:49:42+00:00\",\"description\":\"Deixe os cadernos dos alunos mais divertidos com as Capas de Caderno - Roblox! O arquivo digital cont\u00e9m 14 capas para o Ensino Fundamental 1, totalizando 28 artes para escolher, com personagens Roblox para colorir. Ideal para disciplinas como Portugu\u00eas, Matem\u00e1tica, Ci\u00eancias, Hist\u00f3ria e muito mais.\",\"breadcrumb\":{\"@id\":\"https:\\\/\\\/lojasosprofessoratividades.com.br\\\/produto\\\/capas-de-caderno-roblox\\\/#breadcrumb\"},\"inLanguage\":\"en-US\",\"potentialAction\":[{\"@type\":\"ReadAction\",\"target\":[\"https:\\\/\\\/lojasosprofessoratividades.com.br\\\/produto\\\/capas-de-caderno-roblox\\\/\"]}]},{\"@type\":\"ImageObject\",\"inLanguage\":\"en-US\",\"@id\":\"https:\\\/\\\/lojasosprofessoratividades.com.br\\\/produto\\\/capas-de-caderno-roblox\\\/#primaryimage\",\"url\":\"https:\\\/\\\/lojasosprofessoratividades.com.br\\\/wp-content\\\/uploads\\\/2025\\\/01\\\/1-4.jpg\",\"contentUrl\":\"https:\\\/\\\/lojasosprofessoratividades.com.br\\\/wp-content\\\/uploads\\\/2025\\\/01\\\/1-4.jpg\",\"width\":800,\"height\":693,\"caption\":\"Capas de caderno - Roblox\"},{\"@type\":\"BreadcrumbList\",\"@id\":\"https:\\\/\\\/lojasosprofessoratividades.com.br\\\/produto\\\/capas-de-caderno-roblox\\\/#breadcrumb\",\"itemListElement\":[{\"@type\":\"ListItem\",\"position\":1,\"name\":\"In\u00edcio\",\"item\":\"https:\\\/\\\/lojasosprofessoratividades.com.br\\\/\"},{\"@type\":\"ListItem\",\"position\":2,\"name\":\"Loja\",\"item\":\"https:\\\/\\\/lojasosprofessoratividades.com.br\\\/loja\\\/\"},{\"@type\":\"ListItem\",\"position\":3,\"name\":\"Capas de caderno &#8211; Roblox\"}]},{\"@type\":\"WebSite\",\"@id\":\"https:\\\/\\\/lojasosprofessoratividades.com.br\\\/#website\",\"url\":\"https:\\\/\\\/lojasosprofessoratividades.com.br\\\/\",\"name\":\"Loja SOS Professor Atividades\",\"description\":\"Venda de material did\u00e1tico para o ensino fundamental\",\"publisher\":{\"@id\":\"https:\\\/\\\/lojasosprofessoratividades.com.br\\\/#organization\"},\"potentialAction\":[{\"@type\":\"SearchAction\",\"target\":{\"@type\":\"EntryPoint\",\"urlTemplate\":\"https:\\\/\\\/lojasosprofessoratividades.com.br\\\/?s={search_term_string}\"},\"query-input\":{\"@type\":\"PropertyValueSpecification\",\"valueRequired\":true,\"valueName\":\"search_term_string\"}}],\"inLanguage\":\"en-US\"},{\"@type\":\"Organization\",\"@id\":\"https:\\\/\\\/lojasosprofessoratividades.com.br\\\/#organization\",\"name\":\"Loja SOS Professor Atividades\",\"url\":\"https:\\\/\\\/lojasosprofessoratividades.com.br\\\/\",\"logo\":{\"@type\":\"ImageObject\",\"inLanguage\":\"en-US\",\"@id\":\"https:\\\/\\\/lojasosprofessoratividades.com.br\\\/#\\\/schema\\\/logo\\\/image\\\/\",\"url\":\"http:\\\/\\\/lojasosprofessoratividades.com.br\\\/wp-content\\\/uploads\\\/2022\\\/04\\\/Logo.png\",\"contentUrl\":\"http:\\\/\\\/lojasosprofessoratividades.com.br\\\/wp-content\\\/uploads\\\/2022\\\/04\\\/Logo.png\",\"width\":2000,\"height\":2000,\"caption\":\"Loja SOS Professor Atividades\"},\"image\":{\"@id\":\"https:\\\/\\\/lojasosprofessoratividades.com.br\\\/#\\\/schema\\\/logo\\\/image\\\/\"},\"sameAs\":[\"https:\\\/\\\/www.facebook.com\\\/sosprofessoratividades\",\"https:\\\/\\\/www.instagram.com\\\/sosprofessoratividades\\\/\"]}]}<\/script>\n<!-- \/ Yoast SEO plugin. -->","yoast_head_json":{"title":"Capas de caderno - Roblox - Loja SOS Professor Atividades","description":"Deixe os cadernos dos alunos mais divertidos com as Capas de Caderno - Roblox! O arquivo digital cont\u00e9m 14 capas para o Ensino Fundamental 1, totalizando 28 artes para escolher, com personagens Roblox para colorir. Ideal para disciplinas como Portugu\u00eas, Matem\u00e1tica, Ci\u00eancias, Hist\u00f3ria e muito mais.","robots":{"index":"index","follow":"follow","max-snippet":"max-snippet:-1","max-image-preview":"max-image-preview:large","max-video-preview":"max-video-preview:-1"},"canonical":"https:\/\/lojasosprofessoratividades.com.br\/en\/product\/capas-de-caderno-roblox\/","og_locale":"en_US","og_type":"article","og_title":"Capas de caderno - Roblox - Loja SOS Professor Atividades","og_description":"Deixe os cadernos dos alunos mais divertidos com as Capas de Caderno - Roblox! O arquivo digital cont\u00e9m 14 capas para o Ensino Fundamental 1, totalizando 28 artes para escolher, com personagens Roblox para colorir. Ideal para disciplinas como Portugu\u00eas, Matem\u00e1tica, Ci\u00eancias, Hist\u00f3ria e muito mais.","og_url":"https:\/\/lojasosprofessoratividades.com.br\/en\/product\/capas-de-caderno-roblox\/","og_site_name":"Loja SOS Professor Atividades","article_publisher":"https:\/\/www.facebook.com\/sosprofessoratividades","article_modified_time":"2026-05-08T18:49:42+00:00","og_image":[{"width":800,"height":693,"url":"https:\/\/lojasosprofessoratividades.com.br\/wp-content\/uploads\/2025\/01\/1-4.jpg","type":"image\/jpeg"}],"twitter_card":"summary_large_image","twitter_misc":{"Est. reading time":"1 minute"},"schema":{"@context":"https:\/\/schema.org","@graph":[{"@type":"WebPage","@id":"https:\/\/lojasosprofessoratividades.com.br\/produto\/capas-de-caderno-roblox\/","url":"https:\/\/lojasosprofessoratividades.com.br\/produto\/capas-de-caderno-roblox\/","name":"Capas de caderno - Roblox - Loja SOS Professor Atividades","isPartOf":{"@id":"https:\/\/lojasosprofessoratividades.com.br\/#website"},"primaryImageOfPage":{"@id":"https:\/\/lojasosprofessoratividades.com.br\/produto\/capas-de-caderno-roblox\/#primaryimage"},"image":{"@id":"https:\/\/lojasosprofessoratividades.com.br\/produto\/capas-de-caderno-roblox\/#primaryimage"},"thumbnailUrl":"https:\/\/lojasosprofessoratividades.com.br\/wp-content\/uploads\/2025\/01\/1-4.jpg","datePublished":"2025-01-18T15:24:34+00:00","dateModified":"2026-05-08T18:49:42+00:00","description":"Deixe os cadernos dos alunos mais divertidos com as Capas de Caderno - Roblox! O arquivo digital cont\u00e9m 14 capas para o Ensino Fundamental 1, totalizando 28 artes para escolher, com personagens Roblox para colorir. Ideal para disciplinas como Portugu\u00eas, Matem\u00e1tica, Ci\u00eancias, Hist\u00f3ria e muito mais.","breadcrumb":{"@id":"https:\/\/lojasosprofessoratividades.com.br\/produto\/capas-de-caderno-roblox\/#breadcrumb"},"inLanguage":"en-US","potentialAction":[{"@type":"ReadAction","target":["https:\/\/lojasosprofessoratividades.com.br\/produto\/capas-de-caderno-roblox\/"]}]},{"@type":"ImageObject","inLanguage":"en-US","@id":"https:\/\/lojasosprofessoratividades.com.br\/produto\/capas-de-caderno-roblox\/#primaryimage","url":"https:\/\/lojasosprofessoratividades.com.br\/wp-content\/uploads\/2025\/01\/1-4.jpg","contentUrl":"https:\/\/lojasosprofessoratividades.com.br\/wp-content\/uploads\/2025\/01\/1-4.jpg","width":800,"height":693,"caption":"Capas de caderno - Roblox"},{"@type":"BreadcrumbList","@id":"https:\/\/lojasosprofessoratividades.com.br\/produto\/capas-de-caderno-roblox\/#breadcrumb","itemListElement":[{"@type":"ListItem","position":1,"name":"In\u00edcio","item":"https:\/\/lojasosprofessoratividades.com.br\/"},{"@type":"ListItem","position":2,"name":"Loja","item":"https:\/\/lojasosprofessoratividades.com.br\/loja\/"},{"@type":"ListItem","position":3,"name":"Capas de caderno &#8211; Roblox"}]},{"@type":"WebSite","@id":"https:\/\/lojasosprofessoratividades.com.br\/#website","url":"https:\/\/lojasosprofessoratividades.com.br\/","name":"Loja SOS Professor Atividades","description":"Venda de material did\u00e1tico para o ensino fundamental","publisher":{"@id":"https:\/\/lojasosprofessoratividades.com.br\/#organization"},"potentialAction":[{"@type":"SearchAction","target":{"@type":"EntryPoint","urlTemplate":"https:\/\/lojasosprofessoratividades.com.br\/?s={search_term_string}"},"query-input":{"@type":"PropertyValueSpecification","valueRequired":true,"valueName":"search_term_string"}}],"inLanguage":"en-US"},{"@type":"Organization","@id":"https:\/\/lojasosprofessoratividades.com.br\/#organization","name":"Loja SOS Professor Atividades","url":"https:\/\/lojasosprofessoratividades.com.br\/","logo":{"@type":"ImageObject","inLanguage":"en-US","@id":"https:\/\/lojasosprofessoratividades.com.br\/#\/schema\/logo\/image\/","url":"http:\/\/lojasosprofessoratividades.com.br\/wp-content\/uploads\/2022\/04\/Logo.png","contentUrl":"http:\/\/lojasosprofessoratividades.com.br\/wp-content\/uploads\/2022\/04\/Logo.png","width":2000,"height":2000,"caption":"Loja SOS Professor Atividades"},"image":{"@id":"https:\/\/lojasosprofessoratividades.com.br\/#\/schema\/logo\/image\/"},"sameAs":["https:\/\/www.facebook.com\/sosprofessoratividades","https:\/\/www.instagram.com\/sosprofessoratividades\/"]}]}},"_links":{"self":[{"href":"https:\/\/lojasosprofessoratividades.com.br\/en\/wp-json\/wp\/v2\/product\/33008","targetHints":{"allow":["GET"]}}],"collection":[{"href":"https:\/\/lojasosprofessoratividades.com.br\/en\/wp-json\/wp\/v2\/product"}],"about":[{"href":"https:\/\/lojasosprofessoratividades.com.br\/en\/wp-json\/wp\/v2\/types\/product"}],"replies":[{"embeddable":true,"href":"https:\/\/lojasosprofessoratividades.com.br\/en\/wp-json\/wp\/v2\/comments?post=33008"}],"wp:featuredmedia":[{"embeddable":true,"href":"https:\/\/lojasosprofessoratividades.com.br\/en\/wp-json\/wp\/v2\/media\/33010"}],"wp:attachment":[{"href":"https:\/\/lojasosprofessoratividades.com.br\/en\/wp-json\/wp\/v2\/media?parent=33008"}],"wp:term":[{"taxonomy":"product_brand","embeddable":true,"href":"https:\/\/lojasosprofessoratividades.com.br\/en\/wp-json\/wp\/v2\/product_brand?post=33008"},{"taxonomy":"product_cat","embeddable":true,"href":"https:\/\/lojasosprofessoratividades.com.br\/en\/wp-json\/wp\/v2\/product_cat?post=33008"},{"taxonomy":"product_tag","embeddable":true,"href":"https:\/\/lojasosprofessoratividades.com.br\/en\/wp-json\/wp\/v2\/product_tag?post=33008"}],"curies":[{"name":"wp","href":"https:\/\/api.w.org\/{rel}","templated":true}]}}