{"id":33025,"date":"2025-01-20T11:38:16","date_gmt":"2025-01-20T14:38:16","guid":{"rendered":"https:\/\/lojasosprofessoratividades.com.br\/?post_type=product&#038;p=33025"},"modified":"2026-05-08T15:49:52","modified_gmt":"2026-05-08T18:49:52","slug":"roblox-painel-de-porta","status":"publish","type":"product","link":"https:\/\/lojasosprofessoratividades.com.br\/en\/product\/roblox-painel-de-porta\/","title":{"rendered":"Roblox &#8211; Painel de porta"},"content":{"rendered":"","protected":false},"excerpt":{"rendered":"<p><strong>Ideal para receber os alunos de maneira divertida e personalizada!<\/strong><\/p>\n<p><strong>Painel de Porta Roblox<\/strong><\/p>\n<p>\u2728 <strong>O que voc\u00ea encontra nesse arquivo:<\/strong><\/p>\n<ul>\n<li><strong>Painel ampliado em 40 folhas A4<\/strong>: Imagens<\/li>\n<li><strong>Arquivo extra para edi\u00e7\u00e3o\u00a0<strong>personalizada <\/strong>no Canva : <\/strong>Escreva os dados da turma e seu nome.<\/li>\n<\/ul>\n<p>\ud83d\udeaa <strong>Perfeito para:<\/strong><\/p>\n<ul>\n<li>Personalizar a entrada da sua sala de aula<\/li>\n<li>Estimular a imagina\u00e7\u00e3o e a paix\u00e3o dos estudantes<\/li>\n<li>Crie um ambiente de aprendizagem mais divertido e<\/li>\n<\/ul>\n<p>\ud83c\udfa8 <strong>Cores vibrantes, design encantador e possibilidade de personaliza\u00e7\u00e3o!<\/strong><\/p>\n<p>\ud83d\udce5 <strong>Adquira j\u00e1 o seu Painel de Porta Roblox e transforme o in\u00edcio de cada aula em uma experi\u00eancia \u00fanica!<\/strong><\/p>\n<h3>Entrega via link para download. \ud83d\udc47<\/h3>\n<p><img loading=\"lazy\" decoding=\"async\" class=\"alignnone wp-image-32744 size-full\" src=\"https:\/\/lojasosprofessoratividades.com.br\/wp-content\/uploads\/2024\/12\/Aviso-Loja.jpg\" alt=\"\" width=\"446\" height=\"251\" srcset=\"https:\/\/lojasosprofessoratividades.com.br\/wp-content\/uploads\/2024\/12\/Aviso-Loja.jpg 446w, https:\/\/lojasosprofessoratividades.com.br\/wp-content\/uploads\/2024\/12\/Aviso-Loja-300x169.jpg 300w, https:\/\/lojasosprofessoratividades.com.br\/wp-content\/uploads\/2024\/12\/Aviso-Loja-18x10.jpg 18w\" sizes=\"auto, (max-width: 446px) 100vw, 446px\" \/><\/p>","protected":false},"featured_media":33029,"comment_status":"open","ping_status":"closed","template":"","meta":[],"product_brand":[],"product_cat":[122,123,124,125,127,215,217,209,211,213],"product_tag":[750,1141,547,556,245,960,1040,1123,754,617,1113,1140,236],"class_list":{"0":"post-33025","1":"product","2":"type-product","3":"status-publish","4":"has-post-thumbnail","6":"product_cat-1o-ano","7":"product_cat-2o-ano","8":"product_cat-3o-ano","9":"product_cat-4o-ano","10":"product_cat-5o-ano","11":"product_cat-recursos-didaticos-4-ano","12":"product_cat-recursos-didaticos-5-ano","13":"product_cat-recursos-didaticos-1-ano","14":"product_cat-recursos-didaticos-2-ano","15":"product_cat-recursos-didaticos-3-ano","16":"product_tag-arquivo-digital","17":"product_tag-bem-vindos-a-sala","18":"product_tag-decoracao-de-sala-de-aula","19":"product_tag-educacao","20":"product_tag-ensino-fundamental","21":"product_tag-painel-ampliado","22":"product_tag-painel-de-porta","23":"product_tag-personagens-roblox","24":"product_tag-personalizacao","25":"product_tag-professores","26":"product_tag-roblox","27":"product_tag-sala-tematica","28":"product_tag-volta-as-aulas","30":"first","31":"instock","32":"downloadable","33":"virtual","34":"sold-individually","35":"purchasable","36":"product-type-simple"},"yoast_head":"<!-- This site is optimized with the Yoast SEO plugin v27.6 - https:\/\/yoast.com\/product\/yoast-seo-wordpress\/ -->\n<title>Roblox - Painel de porta - Loja SOS Professor Atividades<\/title>\n<meta name=\"description\" content=\"Decore a entrada da sua sala de aula com o Painel de Porta Roblox ! Colorido e ampliado em 40 folhas A4 , este painel traz os personagens favoritos dos alunos e inclui um arquivo extra para edi\u00e7\u00e3o personalizada da placa de porta. Um toque especial para receber a turma com divers\u00e3o e criatividade!\" \/>\n<meta name=\"robots\" content=\"index, follow, max-snippet:-1, max-image-preview:large, max-video-preview:-1\" \/>\n<link rel=\"canonical\" href=\"https:\/\/lojasosprofessoratividades.com.br\/en\/product\/roblox-painel-de-porta\/\" \/>\n<meta property=\"og:locale\" content=\"en_US\" \/>\n<meta property=\"og:type\" content=\"article\" \/>\n<meta property=\"og:title\" content=\"Roblox - Painel de porta - Loja SOS Professor Atividades\" \/>\n<meta property=\"og:description\" content=\"Decore a entrada da sua sala de aula com o Painel de Porta Roblox ! Colorido e ampliado em 40 folhas A4 , este painel traz os personagens favoritos dos alunos e inclui um arquivo extra para edi\u00e7\u00e3o personalizada da placa de porta. Um toque especial para receber a turma com divers\u00e3o e criatividade!\" \/>\n<meta property=\"og:url\" content=\"https:\/\/lojasosprofessoratividades.com.br\/en\/product\/roblox-painel-de-porta\/\" \/>\n<meta property=\"og:site_name\" content=\"Loja SOS Professor Atividades\" \/>\n<meta property=\"article:publisher\" content=\"https:\/\/www.facebook.com\/sosprofessoratividades\" \/>\n<meta property=\"article:modified_time\" content=\"2026-05-08T18:49:52+00:00\" \/>\n<meta property=\"og:image\" content=\"https:\/\/lojasosprofessoratividades.com.br\/wp-content\/uploads\/2025\/01\/9-1.jpg\" \/>\n\t<meta property=\"og:image:width\" content=\"800\" \/>\n\t<meta property=\"og:image:height\" content=\"693\" \/>\n\t<meta property=\"og:image:type\" content=\"image\/jpeg\" \/>\n<meta name=\"twitter:card\" content=\"summary_large_image\" \/>\n<meta name=\"twitter:label1\" content=\"Est. reading time\" \/>\n\t<meta name=\"twitter:data1\" content=\"1 minute\" \/>\n<script type=\"application\/ld+json\" class=\"yoast-schema-graph\">{\"@context\":\"https:\\\/\\\/schema.org\",\"@graph\":[{\"@type\":\"WebPage\",\"@id\":\"https:\\\/\\\/lojasosprofessoratividades.com.br\\\/produto\\\/roblox-painel-de-porta\\\/\",\"url\":\"https:\\\/\\\/lojasosprofessoratividades.com.br\\\/produto\\\/roblox-painel-de-porta\\\/\",\"name\":\"Roblox - Painel de porta - Loja SOS Professor Atividades\",\"isPartOf\":{\"@id\":\"https:\\\/\\\/lojasosprofessoratividades.com.br\\\/#website\"},\"primaryImageOfPage\":{\"@id\":\"https:\\\/\\\/lojasosprofessoratividades.com.br\\\/produto\\\/roblox-painel-de-porta\\\/#primaryimage\"},\"image\":{\"@id\":\"https:\\\/\\\/lojasosprofessoratividades.com.br\\\/produto\\\/roblox-painel-de-porta\\\/#primaryimage\"},\"thumbnailUrl\":\"https:\\\/\\\/lojasosprofessoratividades.com.br\\\/wp-content\\\/uploads\\\/2025\\\/01\\\/9-1.jpg\",\"datePublished\":\"2025-01-20T14:38:16+00:00\",\"dateModified\":\"2026-05-08T18:49:52+00:00\",\"description\":\"Decore a entrada da sua sala de aula com o Painel de Porta Roblox ! Colorido e ampliado em 40 folhas A4 , este painel traz os personagens favoritos dos alunos e inclui um arquivo extra para edi\u00e7\u00e3o personalizada da placa de porta. Um toque especial para receber a turma com divers\u00e3o e criatividade!\",\"breadcrumb\":{\"@id\":\"https:\\\/\\\/lojasosprofessoratividades.com.br\\\/produto\\\/roblox-painel-de-porta\\\/#breadcrumb\"},\"inLanguage\":\"en-US\",\"potentialAction\":[{\"@type\":\"ReadAction\",\"target\":[\"https:\\\/\\\/lojasosprofessoratividades.com.br\\\/produto\\\/roblox-painel-de-porta\\\/\"]}]},{\"@type\":\"ImageObject\",\"inLanguage\":\"en-US\",\"@id\":\"https:\\\/\\\/lojasosprofessoratividades.com.br\\\/produto\\\/roblox-painel-de-porta\\\/#primaryimage\",\"url\":\"https:\\\/\\\/lojasosprofessoratividades.com.br\\\/wp-content\\\/uploads\\\/2025\\\/01\\\/9-1.jpg\",\"contentUrl\":\"https:\\\/\\\/lojasosprofessoratividades.com.br\\\/wp-content\\\/uploads\\\/2025\\\/01\\\/9-1.jpg\",\"width\":800,\"height\":693,\"caption\":\"Roblox - Painel de porta\"},{\"@type\":\"BreadcrumbList\",\"@id\":\"https:\\\/\\\/lojasosprofessoratividades.com.br\\\/produto\\\/roblox-painel-de-porta\\\/#breadcrumb\",\"itemListElement\":[{\"@type\":\"ListItem\",\"position\":1,\"name\":\"In\u00edcio\",\"item\":\"https:\\\/\\\/lojasosprofessoratividades.com.br\\\/\"},{\"@type\":\"ListItem\",\"position\":2,\"name\":\"Loja\",\"item\":\"https:\\\/\\\/lojasosprofessoratividades.com.br\\\/loja\\\/\"},{\"@type\":\"ListItem\",\"position\":3,\"name\":\"Roblox &#8211; Painel de porta\"}]},{\"@type\":\"WebSite\",\"@id\":\"https:\\\/\\\/lojasosprofessoratividades.com.br\\\/#website\",\"url\":\"https:\\\/\\\/lojasosprofessoratividades.com.br\\\/\",\"name\":\"Loja SOS Professor Atividades\",\"description\":\"Venda de material did\u00e1tico para o ensino fundamental\",\"publisher\":{\"@id\":\"https:\\\/\\\/lojasosprofessoratividades.com.br\\\/#organization\"},\"potentialAction\":[{\"@type\":\"SearchAction\",\"target\":{\"@type\":\"EntryPoint\",\"urlTemplate\":\"https:\\\/\\\/lojasosprofessoratividades.com.br\\\/?s={search_term_string}\"},\"query-input\":{\"@type\":\"PropertyValueSpecification\",\"valueRequired\":true,\"valueName\":\"search_term_string\"}}],\"inLanguage\":\"en-US\"},{\"@type\":\"Organization\",\"@id\":\"https:\\\/\\\/lojasosprofessoratividades.com.br\\\/#organization\",\"name\":\"Loja SOS Professor Atividades\",\"url\":\"https:\\\/\\\/lojasosprofessoratividades.com.br\\\/\",\"logo\":{\"@type\":\"ImageObject\",\"inLanguage\":\"en-US\",\"@id\":\"https:\\\/\\\/lojasosprofessoratividades.com.br\\\/#\\\/schema\\\/logo\\\/image\\\/\",\"url\":\"http:\\\/\\\/lojasosprofessoratividades.com.br\\\/wp-content\\\/uploads\\\/2022\\\/04\\\/Logo.png\",\"contentUrl\":\"http:\\\/\\\/lojasosprofessoratividades.com.br\\\/wp-content\\\/uploads\\\/2022\\\/04\\\/Logo.png\",\"width\":2000,\"height\":2000,\"caption\":\"Loja SOS Professor Atividades\"},\"image\":{\"@id\":\"https:\\\/\\\/lojasosprofessoratividades.com.br\\\/#\\\/schema\\\/logo\\\/image\\\/\"},\"sameAs\":[\"https:\\\/\\\/www.facebook.com\\\/sosprofessoratividades\",\"https:\\\/\\\/www.instagram.com\\\/sosprofessoratividades\\\/\"]}]}<\/script>\n<!-- \/ Yoast SEO plugin. -->","yoast_head_json":{"title":"Roblox - Painel de porta - Loja SOS Professor Atividades","description":"Decore a entrada da sua sala de aula com o Painel de Porta Roblox ! Colorido e ampliado em 40 folhas A4 , este painel traz os personagens favoritos dos alunos e inclui um arquivo extra para edi\u00e7\u00e3o personalizada da placa de porta. Um toque especial para receber a turma com divers\u00e3o e criatividade!","robots":{"index":"index","follow":"follow","max-snippet":"max-snippet:-1","max-image-preview":"max-image-preview:large","max-video-preview":"max-video-preview:-1"},"canonical":"https:\/\/lojasosprofessoratividades.com.br\/en\/product\/roblox-painel-de-porta\/","og_locale":"en_US","og_type":"article","og_title":"Roblox - Painel de porta - Loja SOS Professor Atividades","og_description":"Decore a entrada da sua sala de aula com o Painel de Porta Roblox ! Colorido e ampliado em 40 folhas A4 , este painel traz os personagens favoritos dos alunos e inclui um arquivo extra para edi\u00e7\u00e3o personalizada da placa de porta. Um toque especial para receber a turma com divers\u00e3o e criatividade!","og_url":"https:\/\/lojasosprofessoratividades.com.br\/en\/product\/roblox-painel-de-porta\/","og_site_name":"Loja SOS Professor Atividades","article_publisher":"https:\/\/www.facebook.com\/sosprofessoratividades","article_modified_time":"2026-05-08T18:49:52+00:00","og_image":[{"width":800,"height":693,"url":"https:\/\/lojasosprofessoratividades.com.br\/wp-content\/uploads\/2025\/01\/9-1.jpg","type":"image\/jpeg"}],"twitter_card":"summary_large_image","twitter_misc":{"Est. reading time":"1 minute"},"schema":{"@context":"https:\/\/schema.org","@graph":[{"@type":"WebPage","@id":"https:\/\/lojasosprofessoratividades.com.br\/produto\/roblox-painel-de-porta\/","url":"https:\/\/lojasosprofessoratividades.com.br\/produto\/roblox-painel-de-porta\/","name":"Roblox - Painel de porta - Loja SOS Professor Atividades","isPartOf":{"@id":"https:\/\/lojasosprofessoratividades.com.br\/#website"},"primaryImageOfPage":{"@id":"https:\/\/lojasosprofessoratividades.com.br\/produto\/roblox-painel-de-porta\/#primaryimage"},"image":{"@id":"https:\/\/lojasosprofessoratividades.com.br\/produto\/roblox-painel-de-porta\/#primaryimage"},"thumbnailUrl":"https:\/\/lojasosprofessoratividades.com.br\/wp-content\/uploads\/2025\/01\/9-1.jpg","datePublished":"2025-01-20T14:38:16+00:00","dateModified":"2026-05-08T18:49:52+00:00","description":"Decore a entrada da sua sala de aula com o Painel de Porta Roblox ! Colorido e ampliado em 40 folhas A4 , este painel traz os personagens favoritos dos alunos e inclui um arquivo extra para edi\u00e7\u00e3o personalizada da placa de porta. Um toque especial para receber a turma com divers\u00e3o e criatividade!","breadcrumb":{"@id":"https:\/\/lojasosprofessoratividades.com.br\/produto\/roblox-painel-de-porta\/#breadcrumb"},"inLanguage":"en-US","potentialAction":[{"@type":"ReadAction","target":["https:\/\/lojasosprofessoratividades.com.br\/produto\/roblox-painel-de-porta\/"]}]},{"@type":"ImageObject","inLanguage":"en-US","@id":"https:\/\/lojasosprofessoratividades.com.br\/produto\/roblox-painel-de-porta\/#primaryimage","url":"https:\/\/lojasosprofessoratividades.com.br\/wp-content\/uploads\/2025\/01\/9-1.jpg","contentUrl":"https:\/\/lojasosprofessoratividades.com.br\/wp-content\/uploads\/2025\/01\/9-1.jpg","width":800,"height":693,"caption":"Roblox - Painel de porta"},{"@type":"BreadcrumbList","@id":"https:\/\/lojasosprofessoratividades.com.br\/produto\/roblox-painel-de-porta\/#breadcrumb","itemListElement":[{"@type":"ListItem","position":1,"name":"In\u00edcio","item":"https:\/\/lojasosprofessoratividades.com.br\/"},{"@type":"ListItem","position":2,"name":"Loja","item":"https:\/\/lojasosprofessoratividades.com.br\/loja\/"},{"@type":"ListItem","position":3,"name":"Roblox &#8211; Painel de porta"}]},{"@type":"WebSite","@id":"https:\/\/lojasosprofessoratividades.com.br\/#website","url":"https:\/\/lojasosprofessoratividades.com.br\/","name":"Loja SOS Professor Atividades","description":"Venda de material did\u00e1tico para o ensino fundamental","publisher":{"@id":"https:\/\/lojasosprofessoratividades.com.br\/#organization"},"potentialAction":[{"@type":"SearchAction","target":{"@type":"EntryPoint","urlTemplate":"https:\/\/lojasosprofessoratividades.com.br\/?s={search_term_string}"},"query-input":{"@type":"PropertyValueSpecification","valueRequired":true,"valueName":"search_term_string"}}],"inLanguage":"en-US"},{"@type":"Organization","@id":"https:\/\/lojasosprofessoratividades.com.br\/#organization","name":"Loja SOS Professor Atividades","url":"https:\/\/lojasosprofessoratividades.com.br\/","logo":{"@type":"ImageObject","inLanguage":"en-US","@id":"https:\/\/lojasosprofessoratividades.com.br\/#\/schema\/logo\/image\/","url":"http:\/\/lojasosprofessoratividades.com.br\/wp-content\/uploads\/2022\/04\/Logo.png","contentUrl":"http:\/\/lojasosprofessoratividades.com.br\/wp-content\/uploads\/2022\/04\/Logo.png","width":2000,"height":2000,"caption":"Loja SOS Professor Atividades"},"image":{"@id":"https:\/\/lojasosprofessoratividades.com.br\/#\/schema\/logo\/image\/"},"sameAs":["https:\/\/www.facebook.com\/sosprofessoratividades","https:\/\/www.instagram.com\/sosprofessoratividades\/"]}]}},"_links":{"self":[{"href":"https:\/\/lojasosprofessoratividades.com.br\/en\/wp-json\/wp\/v2\/product\/33025","targetHints":{"allow":["GET"]}}],"collection":[{"href":"https:\/\/lojasosprofessoratividades.com.br\/en\/wp-json\/wp\/v2\/product"}],"about":[{"href":"https:\/\/lojasosprofessoratividades.com.br\/en\/wp-json\/wp\/v2\/types\/product"}],"replies":[{"embeddable":true,"href":"https:\/\/lojasosprofessoratividades.com.br\/en\/wp-json\/wp\/v2\/comments?post=33025"}],"wp:featuredmedia":[{"embeddable":true,"href":"https:\/\/lojasosprofessoratividades.com.br\/en\/wp-json\/wp\/v2\/media\/33029"}],"wp:attachment":[{"href":"https:\/\/lojasosprofessoratividades.com.br\/en\/wp-json\/wp\/v2\/media?parent=33025"}],"wp:term":[{"taxonomy":"product_brand","embeddable":true,"href":"https:\/\/lojasosprofessoratividades.com.br\/en\/wp-json\/wp\/v2\/product_brand?post=33025"},{"taxonomy":"product_cat","embeddable":true,"href":"https:\/\/lojasosprofessoratividades.com.br\/en\/wp-json\/wp\/v2\/product_cat?post=33025"},{"taxonomy":"product_tag","embeddable":true,"href":"https:\/\/lojasosprofessoratividades.com.br\/en\/wp-json\/wp\/v2\/product_tag?post=33025"}],"curies":[{"name":"wp","href":"https:\/\/api.w.org\/{rel}","templated":true}]}}