{"id":33040,"date":"2025-01-21T13:20:46","date_gmt":"2025-01-21T16:20:46","guid":{"rendered":"https:\/\/lojasosprofessoratividades.com.br\/?post_type=product&#038;p=33040"},"modified":"2026-05-08T15:50:00","modified_gmt":"2026-05-08T18:50:00","slug":"stitch-capas-de-caderno","status":"publish","type":"product","link":"https:\/\/lojasosprofessoratividades.com.br\/en\/product\/stitch-capas-de-caderno\/","title":{"rendered":"Stitch &#8211; Capas de caderno"},"content":{"rendered":"","protected":false},"excerpt":{"rendered":"<p>Deixe os cadernos dos seus alunos ainda mais fofos e organizados com o arquivo <strong>&#8220;Stitch &#8211; Capas de Caderno&#8221;!<\/strong> \ud83c\udf1f\ud83d\udc99<\/p>\n<p>S\u00e3o <strong>14 capas para o Ensino Fundamental 1<\/strong> , incluindo:<\/p>\n<p>\u2705 Casa \ud83c\udfe1<br \/>\n\u2705 Sala \ud83c\udfeb<br \/>\n\u2705 Ensino Religioso \u2728<br \/>\n\u2705 Ci\u00eancias \ud83d\udd2c<br \/>\n\u2705 Hist\u00f3ria \ud83d\udcdc<br \/>\n\u2705 Geografia \ud83c\udf0d<br \/>\n\u2705 Portugu\u00eas \ud83d\udcd6<br \/>\n\u2705 Produ\u00e7\u00e3o de Texto \u270d\ufe0f<br \/>\n\u2705 Matem\u00e1tica \u2797<br \/>\n\u2705 Educa\u00e7\u00e3o F\u00edsica \ud83c\udfc3\u200d\u2642\ufe0f<br \/>\n\u2705 L\u00edngua Inglesa \ud83c\uddfa\ud83c\uddf8<br \/>\n\u2705 Arte \ud83c\udfad<br \/>\n\u2705 Inform\u00e1tica \ud83d\udcbb<br \/>\n\u2705 Agenda \ud83d\udcc5<\/p>\n<p>\ud83c\udf81 <strong>B\u00d4NUS ESPECIAL:<\/strong> Al\u00e9m das vers\u00f5es para colorir, voc\u00ea recebe <strong>as capas coloridas prontinhas para uso!<\/strong> \ud83c\udf08\ud83d\udc96<\/p>\n<p>\ud83d\udd17 <strong>Garanta j\u00e1 o seu arquivo e transforme a rotina escolar com muita divers\u00e3o e cor!<\/strong> \ud83c\udf89<\/p>\n<h3>N\u00e3o enviamos por e-mail, a entrega \u00e9 via link para download. \ud83d\udc47<\/h3>\n<p><img loading=\"lazy\" decoding=\"async\" class=\"alignnone wp-image-32744 size-full\" src=\"https:\/\/lojasosprofessoratividades.com.br\/wp-content\/uploads\/2024\/12\/Aviso-Loja.jpg\" alt=\"\" width=\"446\" height=\"251\" srcset=\"https:\/\/lojasosprofessoratividades.com.br\/wp-content\/uploads\/2024\/12\/Aviso-Loja.jpg 446w, https:\/\/lojasosprofessoratividades.com.br\/wp-content\/uploads\/2024\/12\/Aviso-Loja-300x169.jpg 300w, https:\/\/lojasosprofessoratividades.com.br\/wp-content\/uploads\/2024\/12\/Aviso-Loja-18x10.jpg 18w\" sizes=\"auto, (max-width: 446px) 100vw, 446px\" \/><\/p>","protected":false},"featured_media":33042,"comment_status":"open","ping_status":"closed","template":"","meta":[],"product_brand":[],"product_cat":[122,123,124,125,127,215,217,209,211,213],"product_tag":[1144,616,1145,1129,1130,1135,1137,556,1143,493,786,1002,1081,681,606,1142],"class_list":{"0":"post-33040","1":"product","2":"type-product","3":"status-publish","4":"has-post-thumbnail","6":"product_cat-1o-ano","7":"product_cat-2o-ano","8":"product_cat-3o-ano","9":"product_cat-4o-ano","10":"product_cat-5o-ano","11":"product_cat-recursos-didaticos-4-ano","12":"product_cat-recursos-didaticos-5-ano","13":"product_cat-recursos-didaticos-1-ano","14":"product_cat-recursos-didaticos-2-ano","15":"product_cat-recursos-didaticos-3-ano","16":"product_tag-arquivos-pedagogicos","17":"product_tag-atividades-escolares","18":"product_tag-bonus-capas-coloridas","19":"product_tag-capas-de-caderno","20":"product_tag-capas-escolares","21":"product_tag-capas-para-colorir","22":"product_tag-capas-para-imprimir","23":"product_tag-educacao","24":"product_tag-ensino","25":"product_tag-ensino-fundamental-1","26":"product_tag-material-escolar","27":"product_tag-organizacao-escolar","28":"product_tag-planejamento-escolar","29":"product_tag-professor","30":"product_tag-sala-de-aula","31":"product_tag-stitch","33":"first","34":"instock","35":"sale","36":"downloadable","37":"virtual","38":"sold-individually","39":"purchasable","40":"product-type-simple"},"yoast_head":"<!-- This site is optimized with the Yoast SEO plugin v27.6 - https:\/\/yoast.com\/product\/yoast-seo-wordpress\/ -->\n<title>Stitch - Capas de caderno - Loja SOS Professor Atividades<\/title>\n<meta name=\"description\" content=\"Deixe os cadernos dos alunos mais organizados e encantadores com o arquivo &quot;Stitch - Capas de Caderno&quot; ! S\u00e3o 14 capas para o Ensino Fundamental 1 , incluindo vers\u00f5es para colorir e um b\u00f4nus especial com as capas j\u00e1 coloridas. Ideal para um material escolar mais divertido e personalizado!\" \/>\n<meta name=\"robots\" content=\"index, follow, max-snippet:-1, max-image-preview:large, max-video-preview:-1\" \/>\n<link rel=\"canonical\" href=\"https:\/\/lojasosprofessoratividades.com.br\/en\/product\/stitch-capas-de-caderno\/\" \/>\n<meta property=\"og:locale\" content=\"en_US\" \/>\n<meta property=\"og:type\" content=\"article\" \/>\n<meta property=\"og:title\" content=\"Stitch - Capas de caderno - Loja SOS Professor Atividades\" \/>\n<meta property=\"og:description\" content=\"Deixe os cadernos dos alunos mais organizados e encantadores com o arquivo &quot;Stitch - Capas de Caderno&quot; ! S\u00e3o 14 capas para o Ensino Fundamental 1 , incluindo vers\u00f5es para colorir e um b\u00f4nus especial com as capas j\u00e1 coloridas. Ideal para um material escolar mais divertido e personalizado!\" \/>\n<meta property=\"og:url\" content=\"https:\/\/lojasosprofessoratividades.com.br\/en\/product\/stitch-capas-de-caderno\/\" \/>\n<meta property=\"og:site_name\" content=\"Loja SOS Professor Atividades\" \/>\n<meta property=\"article:publisher\" content=\"https:\/\/www.facebook.com\/sosprofessoratividades\" \/>\n<meta property=\"article:modified_time\" content=\"2026-05-08T18:50:00+00:00\" \/>\n<meta property=\"og:image\" content=\"https:\/\/lojasosprofessoratividades.com.br\/wp-content\/uploads\/2025\/01\/1-5.jpg\" \/>\n\t<meta property=\"og:image:width\" content=\"800\" \/>\n\t<meta property=\"og:image:height\" content=\"693\" \/>\n\t<meta property=\"og:image:type\" content=\"image\/jpeg\" \/>\n<meta name=\"twitter:card\" content=\"summary_large_image\" \/>\n<meta name=\"twitter:label1\" content=\"Est. reading time\" \/>\n\t<meta name=\"twitter:data1\" content=\"1 minute\" \/>\n<script type=\"application\/ld+json\" class=\"yoast-schema-graph\">{\"@context\":\"https:\\\/\\\/schema.org\",\"@graph\":[{\"@type\":\"WebPage\",\"@id\":\"https:\\\/\\\/lojasosprofessoratividades.com.br\\\/produto\\\/stitch-capas-de-caderno\\\/\",\"url\":\"https:\\\/\\\/lojasosprofessoratividades.com.br\\\/produto\\\/stitch-capas-de-caderno\\\/\",\"name\":\"Stitch - Capas de caderno - Loja SOS Professor Atividades\",\"isPartOf\":{\"@id\":\"https:\\\/\\\/lojasosprofessoratividades.com.br\\\/#website\"},\"primaryImageOfPage\":{\"@id\":\"https:\\\/\\\/lojasosprofessoratividades.com.br\\\/produto\\\/stitch-capas-de-caderno\\\/#primaryimage\"},\"image\":{\"@id\":\"https:\\\/\\\/lojasosprofessoratividades.com.br\\\/produto\\\/stitch-capas-de-caderno\\\/#primaryimage\"},\"thumbnailUrl\":\"https:\\\/\\\/lojasosprofessoratividades.com.br\\\/wp-content\\\/uploads\\\/2025\\\/01\\\/1-5.jpg\",\"datePublished\":\"2025-01-21T16:20:46+00:00\",\"dateModified\":\"2026-05-08T18:50:00+00:00\",\"description\":\"Deixe os cadernos dos alunos mais organizados e encantadores com o arquivo \\\"Stitch - Capas de Caderno\\\" ! S\u00e3o 14 capas para o Ensino Fundamental 1 , incluindo vers\u00f5es para colorir e um b\u00f4nus especial com as capas j\u00e1 coloridas. Ideal para um material escolar mais divertido e personalizado!\",\"breadcrumb\":{\"@id\":\"https:\\\/\\\/lojasosprofessoratividades.com.br\\\/produto\\\/stitch-capas-de-caderno\\\/#breadcrumb\"},\"inLanguage\":\"en-US\",\"potentialAction\":[{\"@type\":\"ReadAction\",\"target\":[\"https:\\\/\\\/lojasosprofessoratividades.com.br\\\/produto\\\/stitch-capas-de-caderno\\\/\"]}]},{\"@type\":\"ImageObject\",\"inLanguage\":\"en-US\",\"@id\":\"https:\\\/\\\/lojasosprofessoratividades.com.br\\\/produto\\\/stitch-capas-de-caderno\\\/#primaryimage\",\"url\":\"https:\\\/\\\/lojasosprofessoratividades.com.br\\\/wp-content\\\/uploads\\\/2025\\\/01\\\/1-5.jpg\",\"contentUrl\":\"https:\\\/\\\/lojasosprofessoratividades.com.br\\\/wp-content\\\/uploads\\\/2025\\\/01\\\/1-5.jpg\",\"width\":800,\"height\":693,\"caption\":\"Stitch - Capas de caderno\"},{\"@type\":\"BreadcrumbList\",\"@id\":\"https:\\\/\\\/lojasosprofessoratividades.com.br\\\/produto\\\/stitch-capas-de-caderno\\\/#breadcrumb\",\"itemListElement\":[{\"@type\":\"ListItem\",\"position\":1,\"name\":\"In\u00edcio\",\"item\":\"https:\\\/\\\/lojasosprofessoratividades.com.br\\\/\"},{\"@type\":\"ListItem\",\"position\":2,\"name\":\"Loja\",\"item\":\"https:\\\/\\\/lojasosprofessoratividades.com.br\\\/loja\\\/\"},{\"@type\":\"ListItem\",\"position\":3,\"name\":\"Stitch &#8211; Capas de caderno\"}]},{\"@type\":\"WebSite\",\"@id\":\"https:\\\/\\\/lojasosprofessoratividades.com.br\\\/#website\",\"url\":\"https:\\\/\\\/lojasosprofessoratividades.com.br\\\/\",\"name\":\"Loja SOS Professor Atividades\",\"description\":\"Venda de material did\u00e1tico para o ensino fundamental\",\"publisher\":{\"@id\":\"https:\\\/\\\/lojasosprofessoratividades.com.br\\\/#organization\"},\"potentialAction\":[{\"@type\":\"SearchAction\",\"target\":{\"@type\":\"EntryPoint\",\"urlTemplate\":\"https:\\\/\\\/lojasosprofessoratividades.com.br\\\/?s={search_term_string}\"},\"query-input\":{\"@type\":\"PropertyValueSpecification\",\"valueRequired\":true,\"valueName\":\"search_term_string\"}}],\"inLanguage\":\"en-US\"},{\"@type\":\"Organization\",\"@id\":\"https:\\\/\\\/lojasosprofessoratividades.com.br\\\/#organization\",\"name\":\"Loja SOS Professor Atividades\",\"url\":\"https:\\\/\\\/lojasosprofessoratividades.com.br\\\/\",\"logo\":{\"@type\":\"ImageObject\",\"inLanguage\":\"en-US\",\"@id\":\"https:\\\/\\\/lojasosprofessoratividades.com.br\\\/#\\\/schema\\\/logo\\\/image\\\/\",\"url\":\"http:\\\/\\\/lojasosprofessoratividades.com.br\\\/wp-content\\\/uploads\\\/2022\\\/04\\\/Logo.png\",\"contentUrl\":\"http:\\\/\\\/lojasosprofessoratividades.com.br\\\/wp-content\\\/uploads\\\/2022\\\/04\\\/Logo.png\",\"width\":2000,\"height\":2000,\"caption\":\"Loja SOS Professor Atividades\"},\"image\":{\"@id\":\"https:\\\/\\\/lojasosprofessoratividades.com.br\\\/#\\\/schema\\\/logo\\\/image\\\/\"},\"sameAs\":[\"https:\\\/\\\/www.facebook.com\\\/sosprofessoratividades\",\"https:\\\/\\\/www.instagram.com\\\/sosprofessoratividades\\\/\"]}]}<\/script>\n<!-- \/ Yoast SEO plugin. -->","yoast_head_json":{"title":"Stitch - Capas de caderno - Loja SOS Professor Atividades","description":"Deixe os cadernos dos alunos mais organizados e encantadores com o arquivo \"Stitch - Capas de Caderno\" ! S\u00e3o 14 capas para o Ensino Fundamental 1 , incluindo vers\u00f5es para colorir e um b\u00f4nus especial com as capas j\u00e1 coloridas. Ideal para um material escolar mais divertido e personalizado!","robots":{"index":"index","follow":"follow","max-snippet":"max-snippet:-1","max-image-preview":"max-image-preview:large","max-video-preview":"max-video-preview:-1"},"canonical":"https:\/\/lojasosprofessoratividades.com.br\/en\/product\/stitch-capas-de-caderno\/","og_locale":"en_US","og_type":"article","og_title":"Stitch - Capas de caderno - Loja SOS Professor Atividades","og_description":"Deixe os cadernos dos alunos mais organizados e encantadores com o arquivo \"Stitch - Capas de Caderno\" ! S\u00e3o 14 capas para o Ensino Fundamental 1 , incluindo vers\u00f5es para colorir e um b\u00f4nus especial com as capas j\u00e1 coloridas. Ideal para um material escolar mais divertido e personalizado!","og_url":"https:\/\/lojasosprofessoratividades.com.br\/en\/product\/stitch-capas-de-caderno\/","og_site_name":"Loja SOS Professor Atividades","article_publisher":"https:\/\/www.facebook.com\/sosprofessoratividades","article_modified_time":"2026-05-08T18:50:00+00:00","og_image":[{"width":800,"height":693,"url":"https:\/\/lojasosprofessoratividades.com.br\/wp-content\/uploads\/2025\/01\/1-5.jpg","type":"image\/jpeg"}],"twitter_card":"summary_large_image","twitter_misc":{"Est. reading time":"1 minute"},"schema":{"@context":"https:\/\/schema.org","@graph":[{"@type":"WebPage","@id":"https:\/\/lojasosprofessoratividades.com.br\/produto\/stitch-capas-de-caderno\/","url":"https:\/\/lojasosprofessoratividades.com.br\/produto\/stitch-capas-de-caderno\/","name":"Stitch - Capas de caderno - Loja SOS Professor Atividades","isPartOf":{"@id":"https:\/\/lojasosprofessoratividades.com.br\/#website"},"primaryImageOfPage":{"@id":"https:\/\/lojasosprofessoratividades.com.br\/produto\/stitch-capas-de-caderno\/#primaryimage"},"image":{"@id":"https:\/\/lojasosprofessoratividades.com.br\/produto\/stitch-capas-de-caderno\/#primaryimage"},"thumbnailUrl":"https:\/\/lojasosprofessoratividades.com.br\/wp-content\/uploads\/2025\/01\/1-5.jpg","datePublished":"2025-01-21T16:20:46+00:00","dateModified":"2026-05-08T18:50:00+00:00","description":"Deixe os cadernos dos alunos mais organizados e encantadores com o arquivo \"Stitch - Capas de Caderno\" ! S\u00e3o 14 capas para o Ensino Fundamental 1 , incluindo vers\u00f5es para colorir e um b\u00f4nus especial com as capas j\u00e1 coloridas. Ideal para um material escolar mais divertido e personalizado!","breadcrumb":{"@id":"https:\/\/lojasosprofessoratividades.com.br\/produto\/stitch-capas-de-caderno\/#breadcrumb"},"inLanguage":"en-US","potentialAction":[{"@type":"ReadAction","target":["https:\/\/lojasosprofessoratividades.com.br\/produto\/stitch-capas-de-caderno\/"]}]},{"@type":"ImageObject","inLanguage":"en-US","@id":"https:\/\/lojasosprofessoratividades.com.br\/produto\/stitch-capas-de-caderno\/#primaryimage","url":"https:\/\/lojasosprofessoratividades.com.br\/wp-content\/uploads\/2025\/01\/1-5.jpg","contentUrl":"https:\/\/lojasosprofessoratividades.com.br\/wp-content\/uploads\/2025\/01\/1-5.jpg","width":800,"height":693,"caption":"Stitch - Capas de caderno"},{"@type":"BreadcrumbList","@id":"https:\/\/lojasosprofessoratividades.com.br\/produto\/stitch-capas-de-caderno\/#breadcrumb","itemListElement":[{"@type":"ListItem","position":1,"name":"In\u00edcio","item":"https:\/\/lojasosprofessoratividades.com.br\/"},{"@type":"ListItem","position":2,"name":"Loja","item":"https:\/\/lojasosprofessoratividades.com.br\/loja\/"},{"@type":"ListItem","position":3,"name":"Stitch &#8211; Capas de caderno"}]},{"@type":"WebSite","@id":"https:\/\/lojasosprofessoratividades.com.br\/#website","url":"https:\/\/lojasosprofessoratividades.com.br\/","name":"Loja SOS Professor Atividades","description":"Venda de material did\u00e1tico para o ensino fundamental","publisher":{"@id":"https:\/\/lojasosprofessoratividades.com.br\/#organization"},"potentialAction":[{"@type":"SearchAction","target":{"@type":"EntryPoint","urlTemplate":"https:\/\/lojasosprofessoratividades.com.br\/?s={search_term_string}"},"query-input":{"@type":"PropertyValueSpecification","valueRequired":true,"valueName":"search_term_string"}}],"inLanguage":"en-US"},{"@type":"Organization","@id":"https:\/\/lojasosprofessoratividades.com.br\/#organization","name":"Loja SOS Professor Atividades","url":"https:\/\/lojasosprofessoratividades.com.br\/","logo":{"@type":"ImageObject","inLanguage":"en-US","@id":"https:\/\/lojasosprofessoratividades.com.br\/#\/schema\/logo\/image\/","url":"http:\/\/lojasosprofessoratividades.com.br\/wp-content\/uploads\/2022\/04\/Logo.png","contentUrl":"http:\/\/lojasosprofessoratividades.com.br\/wp-content\/uploads\/2022\/04\/Logo.png","width":2000,"height":2000,"caption":"Loja SOS Professor Atividades"},"image":{"@id":"https:\/\/lojasosprofessoratividades.com.br\/#\/schema\/logo\/image\/"},"sameAs":["https:\/\/www.facebook.com\/sosprofessoratividades","https:\/\/www.instagram.com\/sosprofessoratividades\/"]}]}},"_links":{"self":[{"href":"https:\/\/lojasosprofessoratividades.com.br\/en\/wp-json\/wp\/v2\/product\/33040","targetHints":{"allow":["GET"]}}],"collection":[{"href":"https:\/\/lojasosprofessoratividades.com.br\/en\/wp-json\/wp\/v2\/product"}],"about":[{"href":"https:\/\/lojasosprofessoratividades.com.br\/en\/wp-json\/wp\/v2\/types\/product"}],"replies":[{"embeddable":true,"href":"https:\/\/lojasosprofessoratividades.com.br\/en\/wp-json\/wp\/v2\/comments?post=33040"}],"wp:featuredmedia":[{"embeddable":true,"href":"https:\/\/lojasosprofessoratividades.com.br\/en\/wp-json\/wp\/v2\/media\/33042"}],"wp:attachment":[{"href":"https:\/\/lojasosprofessoratividades.com.br\/en\/wp-json\/wp\/v2\/media?parent=33040"}],"wp:term":[{"taxonomy":"product_brand","embeddable":true,"href":"https:\/\/lojasosprofessoratividades.com.br\/en\/wp-json\/wp\/v2\/product_brand?post=33040"},{"taxonomy":"product_cat","embeddable":true,"href":"https:\/\/lojasosprofessoratividades.com.br\/en\/wp-json\/wp\/v2\/product_cat?post=33040"},{"taxonomy":"product_tag","embeddable":true,"href":"https:\/\/lojasosprofessoratividades.com.br\/en\/wp-json\/wp\/v2\/product_tag?post=33040"}],"curies":[{"name":"wp","href":"https:\/\/api.w.org\/{rel}","templated":true}]}}