{"id":33125,"date":"2025-12-10T14:50:48","date_gmt":"2025-12-10T17:50:48","guid":{"rendered":"https:\/\/lojasosprofessoratividades.com.br\/?post_type=product&#038;p=33125"},"modified":"2026-05-08T14:10:58","modified_gmt":"2026-05-08T17:10:58","slug":"atividades-diagnosticas-3o-ano-primeira-semana","status":"publish","type":"product","link":"https:\/\/lojasosprofessoratividades.com.br\/en\/product\/atividades-diagnosticas-3o-ano-primeira-semana\/","title":{"rendered":"\u00a0Atividades Diagn\u00f3sticas \u2013 3\u00ba Ano \u2013 Primeira Semana\u00a0"},"content":{"rendered":"","protected":false},"excerpt":{"rendered":"<p>A volta \u00e0s aulas fica mais f\u00e1cil com este material completo para avaliar seus alunos!<\/p>\n<p>\ud83d\udcddO <strong>que cont\u00e9m?<\/strong><br \/>\n\ud83d\udd39 <strong>10 folhas de atividades:<\/strong><br \/>\n\ud83d\udcd6 <strong>Portugu\u00eas:<\/strong> compreens\u00e3o de texto, ortografia, escrita (ditado de palavras e frases), produ\u00e7\u00e3o de texto, separa\u00e7\u00e3o sil\u00e1bica e ordena\u00e7\u00e3o de s\u00edlabas.<br \/>\n\u2795 <strong>Matem\u00e1tica:<\/strong> valor posicional, compara\u00e7\u00e3o e ordena\u00e7\u00e3o de n\u00fameros, sinais de compara\u00e7\u00e3o, adi\u00e7\u00e3o e subtra\u00e7\u00e3o, c\u00e1lculos com reagrupamento, problemas matem\u00e1ticos simples, multiplica\u00e7\u00e3o, tabuadas do 2 e 5, unidades de medida, figuras geom\u00e9tricas planas, gr\u00e1ficos simples e an\u00e1lise de dados .<\/p>\n<p>\ud83d\uddc2\ufe0f <strong>Extras:<\/strong><br \/>\n\u2705 <strong>Fichas Avaliativas<\/strong> para registrar o n\u00edvel do aluno em cada disciplina (PDF edit\u00e1vel no Canva).<br \/>\n\u2705 <strong>Gabarito<\/strong> para facilitar a corre\u00e7\u00e3o.<\/p>\n<p><strong>Ideal para a primeira semana de aula!<\/strong><\/p>\n<p>Um recurso essencial para identificar o que os alunos j\u00e1 sabem e planejam o pr\u00f3ximo passo com seguran\u00e7a.<\/p>\n<p>\ud83d\uded2 Garanta j\u00e1 o seu e comece o ano letivo com o p\u00e9 direito!<\/p>\n<h3>N\u00e3o enviamos por e-mail, a entrega \u00e9 via link para download. \ud83d\udc47<\/h3>\n<p><img loading=\"lazy\" decoding=\"async\" class=\"alignnone wp-image-38009 size-full\" src=\"https:\/\/lojasosprofessoratividades.com.br\/wp-content\/uploads\/2026\/02\/Como-baixar-2.jpg\" alt=\"\" width=\"446\" height=\"251\" srcset=\"https:\/\/lojasosprofessoratividades.com.br\/wp-content\/uploads\/2026\/02\/Como-baixar-2.jpg 446w, https:\/\/lojasosprofessoratividades.com.br\/wp-content\/uploads\/2026\/02\/Como-baixar-2-300x169.jpg 300w, https:\/\/lojasosprofessoratividades.com.br\/wp-content\/uploads\/2026\/02\/Como-baixar-2-18x10.jpg 18w\" sizes=\"auto, (max-width: 446px) 100vw, 446px\" \/><\/p>","protected":false},"featured_media":33153,"comment_status":"open","ping_status":"closed","template":"","meta":[],"product_brand":[],"product_cat":[124,188,189],"product_tag":[274,1161,579,1162,245,1163,587,247,643,1081,231,1164,236],"class_list":{"0":"post-33125","1":"product","2":"type-product","3":"status-publish","4":"has-post-thumbnail","6":"product_cat-3o-ano","7":"product_cat-matematica-3-ano","8":"product_cat-portugues-3-ano","9":"product_tag-3o-ano","10":"product_tag-atividades-diagnosticas","11":"product_tag-atividades-educativas","12":"product_tag-avaliacao-diagnostica","13":"product_tag-ensino-fundamental","14":"product_tag-fichas-avaliativas","15":"product_tag-gabarito","16":"product_tag-matematica","17":"product_tag-material-pedagogico","18":"product_tag-planejamento-escolar","19":"product_tag-portugues","20":"product_tag-primeiros-dias-de-aula","21":"product_tag-volta-as-aulas","23":"first","24":"instock","25":"downloadable","26":"virtual","27":"sold-individually","28":"purchasable","29":"product-type-simple"},"yoast_head":"<!-- This site is optimized with the Yoast SEO plugin v27.6 - https:\/\/yoast.com\/product\/yoast-seo-wordpress\/ -->\n<title>\u00a0Atividades Diagn\u00f3sticas \u2013 3\u00ba Ano \u2013 Primeira Semana\u00a0 - Loja SOS Professor Atividades<\/title>\n<meta name=\"description\" content=\"Atividades Diagn\u00f3sticas 3\u00ba Ano: Portugu\u00eas e Matem\u00e1tica, com fichas avaliativas e gabarito. Avalie habilidades do 2\u00ba ano na primeira semana de aula.\" \/>\n<meta name=\"robots\" content=\"index, follow, max-snippet:-1, max-image-preview:large, max-video-preview:-1\" \/>\n<link rel=\"canonical\" href=\"https:\/\/lojasosprofessoratividades.com.br\/en\/product\/atividades-diagnosticas-3o-ano-primeira-semana\/\" \/>\n<meta property=\"og:locale\" content=\"en_US\" \/>\n<meta property=\"og:type\" content=\"article\" \/>\n<meta property=\"og:title\" content=\"\u00a0Atividades Diagn\u00f3sticas \u2013 3\u00ba Ano \u2013 Primeira Semana\u00a0 - Loja SOS Professor Atividades\" \/>\n<meta property=\"og:description\" content=\"Atividades Diagn\u00f3sticas 3\u00ba Ano: Portugu\u00eas e Matem\u00e1tica, com fichas avaliativas e gabarito. Avalie habilidades do 2\u00ba ano na primeira semana de aula.\" \/>\n<meta property=\"og:url\" content=\"https:\/\/lojasosprofessoratividades.com.br\/en\/product\/atividades-diagnosticas-3o-ano-primeira-semana\/\" \/>\n<meta property=\"og:site_name\" content=\"Loja SOS Professor Atividades\" \/>\n<meta property=\"article:publisher\" content=\"https:\/\/www.facebook.com\/sosprofessoratividades\" \/>\n<meta property=\"article:modified_time\" content=\"2026-05-08T17:10:58+00:00\" \/>\n<meta property=\"og:image\" content=\"https:\/\/lojasosprofessoratividades.com.br\/wp-content\/uploads\/2025\/01\/2-6.jpg\" \/>\n\t<meta property=\"og:image:width\" content=\"800\" \/>\n\t<meta property=\"og:image:height\" content=\"693\" \/>\n\t<meta property=\"og:image:type\" content=\"image\/jpeg\" \/>\n<meta name=\"twitter:card\" content=\"summary_large_image\" \/>\n<meta name=\"twitter:label1\" content=\"Est. reading time\" \/>\n\t<meta name=\"twitter:data1\" content=\"1 minute\" \/>\n<script type=\"application\/ld+json\" class=\"yoast-schema-graph\">{\"@context\":\"https:\\\/\\\/schema.org\",\"@graph\":[{\"@type\":\"WebPage\",\"@id\":\"https:\\\/\\\/lojasosprofessoratividades.com.br\\\/produto\\\/atividades-diagnosticas-3o-ano-primeira-semana\\\/\",\"url\":\"https:\\\/\\\/lojasosprofessoratividades.com.br\\\/produto\\\/atividades-diagnosticas-3o-ano-primeira-semana\\\/\",\"name\":\"\u00a0Atividades Diagn\u00f3sticas \u2013 3\u00ba Ano \u2013 Primeira Semana\u00a0 - Loja SOS Professor Atividades\",\"isPartOf\":{\"@id\":\"https:\\\/\\\/lojasosprofessoratividades.com.br\\\/#website\"},\"primaryImageOfPage\":{\"@id\":\"https:\\\/\\\/lojasosprofessoratividades.com.br\\\/produto\\\/atividades-diagnosticas-3o-ano-primeira-semana\\\/#primaryimage\"},\"image\":{\"@id\":\"https:\\\/\\\/lojasosprofessoratividades.com.br\\\/produto\\\/atividades-diagnosticas-3o-ano-primeira-semana\\\/#primaryimage\"},\"thumbnailUrl\":\"https:\\\/\\\/lojasosprofessoratividades.com.br\\\/wp-content\\\/uploads\\\/2025\\\/01\\\/2-6.jpg\",\"datePublished\":\"2025-12-10T17:50:48+00:00\",\"dateModified\":\"2026-05-08T17:10:58+00:00\",\"description\":\"Atividades Diagn\u00f3sticas 3\u00ba Ano: Portugu\u00eas e Matem\u00e1tica, com fichas avaliativas e gabarito. Avalie habilidades do 2\u00ba ano na primeira semana de aula.\",\"breadcrumb\":{\"@id\":\"https:\\\/\\\/lojasosprofessoratividades.com.br\\\/produto\\\/atividades-diagnosticas-3o-ano-primeira-semana\\\/#breadcrumb\"},\"inLanguage\":\"en-US\",\"potentialAction\":[{\"@type\":\"ReadAction\",\"target\":[\"https:\\\/\\\/lojasosprofessoratividades.com.br\\\/produto\\\/atividades-diagnosticas-3o-ano-primeira-semana\\\/\"]}]},{\"@type\":\"ImageObject\",\"inLanguage\":\"en-US\",\"@id\":\"https:\\\/\\\/lojasosprofessoratividades.com.br\\\/produto\\\/atividades-diagnosticas-3o-ano-primeira-semana\\\/#primaryimage\",\"url\":\"https:\\\/\\\/lojasosprofessoratividades.com.br\\\/wp-content\\\/uploads\\\/2025\\\/01\\\/2-6.jpg\",\"contentUrl\":\"https:\\\/\\\/lojasosprofessoratividades.com.br\\\/wp-content\\\/uploads\\\/2025\\\/01\\\/2-6.jpg\",\"width\":800,\"height\":693,\"caption\":\"\u00a0Atividades Diagn\u00f3sticas \u2013 3\u00ba Ano \u2013 Primeira Semana\u00a0\"},{\"@type\":\"BreadcrumbList\",\"@id\":\"https:\\\/\\\/lojasosprofessoratividades.com.br\\\/produto\\\/atividades-diagnosticas-3o-ano-primeira-semana\\\/#breadcrumb\",\"itemListElement\":[{\"@type\":\"ListItem\",\"position\":1,\"name\":\"In\u00edcio\",\"item\":\"https:\\\/\\\/lojasosprofessoratividades.com.br\\\/\"},{\"@type\":\"ListItem\",\"position\":2,\"name\":\"Loja\",\"item\":\"https:\\\/\\\/lojasosprofessoratividades.com.br\\\/loja\\\/\"},{\"@type\":\"ListItem\",\"position\":3,\"name\":\"\u00a0Atividades Diagn\u00f3sticas \u2013 3\u00ba Ano \u2013 Primeira Semana\u00a0\"}]},{\"@type\":\"WebSite\",\"@id\":\"https:\\\/\\\/lojasosprofessoratividades.com.br\\\/#website\",\"url\":\"https:\\\/\\\/lojasosprofessoratividades.com.br\\\/\",\"name\":\"Loja SOS Professor Atividades\",\"description\":\"Venda de material did\u00e1tico para o ensino fundamental\",\"publisher\":{\"@id\":\"https:\\\/\\\/lojasosprofessoratividades.com.br\\\/#organization\"},\"potentialAction\":[{\"@type\":\"SearchAction\",\"target\":{\"@type\":\"EntryPoint\",\"urlTemplate\":\"https:\\\/\\\/lojasosprofessoratividades.com.br\\\/?s={search_term_string}\"},\"query-input\":{\"@type\":\"PropertyValueSpecification\",\"valueRequired\":true,\"valueName\":\"search_term_string\"}}],\"inLanguage\":\"en-US\"},{\"@type\":\"Organization\",\"@id\":\"https:\\\/\\\/lojasosprofessoratividades.com.br\\\/#organization\",\"name\":\"Loja SOS Professor Atividades\",\"url\":\"https:\\\/\\\/lojasosprofessoratividades.com.br\\\/\",\"logo\":{\"@type\":\"ImageObject\",\"inLanguage\":\"en-US\",\"@id\":\"https:\\\/\\\/lojasosprofessoratividades.com.br\\\/#\\\/schema\\\/logo\\\/image\\\/\",\"url\":\"http:\\\/\\\/lojasosprofessoratividades.com.br\\\/wp-content\\\/uploads\\\/2022\\\/04\\\/Logo.png\",\"contentUrl\":\"http:\\\/\\\/lojasosprofessoratividades.com.br\\\/wp-content\\\/uploads\\\/2022\\\/04\\\/Logo.png\",\"width\":2000,\"height\":2000,\"caption\":\"Loja SOS Professor Atividades\"},\"image\":{\"@id\":\"https:\\\/\\\/lojasosprofessoratividades.com.br\\\/#\\\/schema\\\/logo\\\/image\\\/\"},\"sameAs\":[\"https:\\\/\\\/www.facebook.com\\\/sosprofessoratividades\",\"https:\\\/\\\/www.instagram.com\\\/sosprofessoratividades\\\/\"]}]}<\/script>\n<!-- \/ Yoast SEO plugin. -->","yoast_head_json":{"title":"\u00a0Atividades Diagn\u00f3sticas \u2013 3\u00ba Ano \u2013 Primeira Semana\u00a0 - Loja SOS Professor Atividades","description":"Atividades Diagn\u00f3sticas 3\u00ba Ano: Portugu\u00eas e Matem\u00e1tica, com fichas avaliativas e gabarito. Avalie habilidades do 2\u00ba ano na primeira semana de aula.","robots":{"index":"index","follow":"follow","max-snippet":"max-snippet:-1","max-image-preview":"max-image-preview:large","max-video-preview":"max-video-preview:-1"},"canonical":"https:\/\/lojasosprofessoratividades.com.br\/en\/product\/atividades-diagnosticas-3o-ano-primeira-semana\/","og_locale":"en_US","og_type":"article","og_title":"\u00a0Atividades Diagn\u00f3sticas \u2013 3\u00ba Ano \u2013 Primeira Semana\u00a0 - Loja SOS Professor Atividades","og_description":"Atividades Diagn\u00f3sticas 3\u00ba Ano: Portugu\u00eas e Matem\u00e1tica, com fichas avaliativas e gabarito. Avalie habilidades do 2\u00ba ano na primeira semana de aula.","og_url":"https:\/\/lojasosprofessoratividades.com.br\/en\/product\/atividades-diagnosticas-3o-ano-primeira-semana\/","og_site_name":"Loja SOS Professor Atividades","article_publisher":"https:\/\/www.facebook.com\/sosprofessoratividades","article_modified_time":"2026-05-08T17:10:58+00:00","og_image":[{"width":800,"height":693,"url":"https:\/\/lojasosprofessoratividades.com.br\/wp-content\/uploads\/2025\/01\/2-6.jpg","type":"image\/jpeg"}],"twitter_card":"summary_large_image","twitter_misc":{"Est. reading time":"1 minute"},"schema":{"@context":"https:\/\/schema.org","@graph":[{"@type":"WebPage","@id":"https:\/\/lojasosprofessoratividades.com.br\/produto\/atividades-diagnosticas-3o-ano-primeira-semana\/","url":"https:\/\/lojasosprofessoratividades.com.br\/produto\/atividades-diagnosticas-3o-ano-primeira-semana\/","name":"\u00a0Atividades Diagn\u00f3sticas \u2013 3\u00ba Ano \u2013 Primeira Semana\u00a0 - Loja SOS Professor Atividades","isPartOf":{"@id":"https:\/\/lojasosprofessoratividades.com.br\/#website"},"primaryImageOfPage":{"@id":"https:\/\/lojasosprofessoratividades.com.br\/produto\/atividades-diagnosticas-3o-ano-primeira-semana\/#primaryimage"},"image":{"@id":"https:\/\/lojasosprofessoratividades.com.br\/produto\/atividades-diagnosticas-3o-ano-primeira-semana\/#primaryimage"},"thumbnailUrl":"https:\/\/lojasosprofessoratividades.com.br\/wp-content\/uploads\/2025\/01\/2-6.jpg","datePublished":"2025-12-10T17:50:48+00:00","dateModified":"2026-05-08T17:10:58+00:00","description":"Atividades Diagn\u00f3sticas 3\u00ba Ano: Portugu\u00eas e Matem\u00e1tica, com fichas avaliativas e gabarito. Avalie habilidades do 2\u00ba ano na primeira semana de aula.","breadcrumb":{"@id":"https:\/\/lojasosprofessoratividades.com.br\/produto\/atividades-diagnosticas-3o-ano-primeira-semana\/#breadcrumb"},"inLanguage":"en-US","potentialAction":[{"@type":"ReadAction","target":["https:\/\/lojasosprofessoratividades.com.br\/produto\/atividades-diagnosticas-3o-ano-primeira-semana\/"]}]},{"@type":"ImageObject","inLanguage":"en-US","@id":"https:\/\/lojasosprofessoratividades.com.br\/produto\/atividades-diagnosticas-3o-ano-primeira-semana\/#primaryimage","url":"https:\/\/lojasosprofessoratividades.com.br\/wp-content\/uploads\/2025\/01\/2-6.jpg","contentUrl":"https:\/\/lojasosprofessoratividades.com.br\/wp-content\/uploads\/2025\/01\/2-6.jpg","width":800,"height":693,"caption":"\u00a0Atividades Diagn\u00f3sticas \u2013 3\u00ba Ano \u2013 Primeira Semana\u00a0"},{"@type":"BreadcrumbList","@id":"https:\/\/lojasosprofessoratividades.com.br\/produto\/atividades-diagnosticas-3o-ano-primeira-semana\/#breadcrumb","itemListElement":[{"@type":"ListItem","position":1,"name":"In\u00edcio","item":"https:\/\/lojasosprofessoratividades.com.br\/"},{"@type":"ListItem","position":2,"name":"Loja","item":"https:\/\/lojasosprofessoratividades.com.br\/loja\/"},{"@type":"ListItem","position":3,"name":"\u00a0Atividades Diagn\u00f3sticas \u2013 3\u00ba Ano \u2013 Primeira Semana\u00a0"}]},{"@type":"WebSite","@id":"https:\/\/lojasosprofessoratividades.com.br\/#website","url":"https:\/\/lojasosprofessoratividades.com.br\/","name":"Loja SOS Professor Atividades","description":"Venda de material did\u00e1tico para o ensino fundamental","publisher":{"@id":"https:\/\/lojasosprofessoratividades.com.br\/#organization"},"potentialAction":[{"@type":"SearchAction","target":{"@type":"EntryPoint","urlTemplate":"https:\/\/lojasosprofessoratividades.com.br\/?s={search_term_string}"},"query-input":{"@type":"PropertyValueSpecification","valueRequired":true,"valueName":"search_term_string"}}],"inLanguage":"en-US"},{"@type":"Organization","@id":"https:\/\/lojasosprofessoratividades.com.br\/#organization","name":"Loja SOS Professor Atividades","url":"https:\/\/lojasosprofessoratividades.com.br\/","logo":{"@type":"ImageObject","inLanguage":"en-US","@id":"https:\/\/lojasosprofessoratividades.com.br\/#\/schema\/logo\/image\/","url":"http:\/\/lojasosprofessoratividades.com.br\/wp-content\/uploads\/2022\/04\/Logo.png","contentUrl":"http:\/\/lojasosprofessoratividades.com.br\/wp-content\/uploads\/2022\/04\/Logo.png","width":2000,"height":2000,"caption":"Loja SOS Professor Atividades"},"image":{"@id":"https:\/\/lojasosprofessoratividades.com.br\/#\/schema\/logo\/image\/"},"sameAs":["https:\/\/www.facebook.com\/sosprofessoratividades","https:\/\/www.instagram.com\/sosprofessoratividades\/"]}]}},"_links":{"self":[{"href":"https:\/\/lojasosprofessoratividades.com.br\/en\/wp-json\/wp\/v2\/product\/33125","targetHints":{"allow":["GET"]}}],"collection":[{"href":"https:\/\/lojasosprofessoratividades.com.br\/en\/wp-json\/wp\/v2\/product"}],"about":[{"href":"https:\/\/lojasosprofessoratividades.com.br\/en\/wp-json\/wp\/v2\/types\/product"}],"replies":[{"embeddable":true,"href":"https:\/\/lojasosprofessoratividades.com.br\/en\/wp-json\/wp\/v2\/comments?post=33125"}],"wp:featuredmedia":[{"embeddable":true,"href":"https:\/\/lojasosprofessoratividades.com.br\/en\/wp-json\/wp\/v2\/media\/33153"}],"wp:attachment":[{"href":"https:\/\/lojasosprofessoratividades.com.br\/en\/wp-json\/wp\/v2\/media?parent=33125"}],"wp:term":[{"taxonomy":"product_brand","embeddable":true,"href":"https:\/\/lojasosprofessoratividades.com.br\/en\/wp-json\/wp\/v2\/product_brand?post=33125"},{"taxonomy":"product_cat","embeddable":true,"href":"https:\/\/lojasosprofessoratividades.com.br\/en\/wp-json\/wp\/v2\/product_cat?post=33125"},{"taxonomy":"product_tag","embeddable":true,"href":"https:\/\/lojasosprofessoratividades.com.br\/en\/wp-json\/wp\/v2\/product_tag?post=33125"}],"curies":[{"name":"wp","href":"https:\/\/api.w.org\/{rel}","templated":true}]}}