{"id":33211,"date":"2025-12-10T07:07:43","date_gmt":"2025-12-10T10:07:43","guid":{"rendered":"https:\/\/lojasosprofessoratividades.com.br\/?post_type=product&#038;p=33211"},"modified":"2026-05-08T14:23:52","modified_gmt":"2026-05-08T17:23:52","slug":"atividades-diagnosticas-5o-ano-primeira-semana","status":"publish","type":"product","link":"https:\/\/lojasosprofessoratividades.com.br\/en\/product\/atividades-diagnosticas-5o-ano-primeira-semana\/","title":{"rendered":"Atividades Diagn\u00f3sticas 5\u00ba Ano &#8211; Primeira Semana"},"content":{"rendered":"","protected":false},"excerpt":{"rendered":"<p><strong>Chegou o arquivo essencial para a volta \u00e0s aulas!<\/strong><\/p>\n<p>Garanta um in\u00edcio de ano letivo organizado e eficiente com este <strong>arquivo completo<\/strong>, contendo <strong>10 folhas de atividades<\/strong> para avaliar os conhecimentos essenciais adquiridos no <strong>4\u00ba ano<\/strong>.<\/p>\n<p>\u2705 <strong>5\u00a0 folhas com atividades de Portugu\u00eas<\/strong> para avaliar:<br \/>\n\ud83d\udcd6 Compreens\u00e3o e interpreta\u00e7\u00e3o de texto<br \/>\n\u270d\ufe0f Ortografia e uso da escrita<br \/>\n\ud83d\udcda Gram\u00e1tica \u2013 Classes de palavras<br \/>\n\ud83d\udcdd Produ\u00e7\u00e3o de texto<br \/>\n\ud83d\udcd1 Reconhecimento de g\u00eaneros textuais<\/p>\n<p>\u2705 <strong>5 folhas com atividades de Matem\u00e1tica<\/strong> para testar:<br \/>\n\ud83d\udd22 N\u00fameros e opera\u00e7\u00f5es<br \/>\n\ud83d\udd04 Sistema de numera\u00e7\u00e3o e valor posicional<br \/>\n\ud83c\udf55 Fra\u00e7\u00f5es e n\u00fameros decimais<br \/>\n\ud83d\udcd0 Geometria e medidas<br \/>\n\ud83e\udd14 Problemas matem\u00e1ticos e racioc\u00ednio l\u00f3gico<\/p>\n<p>\ud83d\udca1 <strong>Extras para facilitar sua rotina:<\/strong><br \/>\n\u2714 <strong>Fichas Avaliativas edit\u00e1veis no Canva<\/strong> \u2013 Registre o n\u00edvel de cada aluno em Portugu\u00eas e Matem\u00e1tica<br \/>\n\u2714 <strong>Gabarito<\/strong> \u2013 Corrija rapidamente e tenha um diagn\u00f3stico preciso<\/p>\n<p><strong>Ideal para a primeira semana de aula!<\/strong> D\u00ea um retorno pedag\u00f3gico eficiente e identifique os pontos que precisam ser refor\u00e7ados.<\/p>\n<h3>N\u00e3o enviamos por e-mail, a entrega \u00e9 via link para download. \ud83d\udc47<\/h3>\n<p><img loading=\"lazy\" decoding=\"async\" class=\"alignnone wp-image-38009 size-full\" src=\"https:\/\/lojasosprofessoratividades.com.br\/wp-content\/uploads\/2026\/02\/Como-baixar-2.jpg\" alt=\"\" width=\"446\" height=\"251\" srcset=\"https:\/\/lojasosprofessoratividades.com.br\/wp-content\/uploads\/2026\/02\/Como-baixar-2.jpg 446w, https:\/\/lojasosprofessoratividades.com.br\/wp-content\/uploads\/2026\/02\/Como-baixar-2-300x169.jpg 300w, https:\/\/lojasosprofessoratividades.com.br\/wp-content\/uploads\/2026\/02\/Como-baixar-2-18x10.jpg 18w\" sizes=\"auto, (max-width: 446px) 100vw, 446px\" \/><\/p>","protected":false},"featured_media":33214,"comment_status":"open","ping_status":"closed","template":"","meta":[],"product_brand":[],"product_cat":[127,205,204],"product_tag":[1166,1165,1161,1171,1168,1170,375,1169,245,1163,718,1081,564,236],"class_list":{"0":"post-33211","1":"product","2":"type-product","3":"status-publish","4":"has-post-thumbnail","6":"product_cat-5o-ano","7":"product_cat-matematica-5-ano","8":"product_cat-portugues-5-anos","9":"product_tag-atividades-de-matematica","10":"product_tag-atividades-de-portugues","11":"product_tag-atividades-diagnosticas","12":"product_tag-atividades-para-imprimir","13":"product_tag-avaliacao-5o-ano","14":"product_tag-avaliacao-inicial","15":"product_tag-bncc","16":"product_tag-diagnostico-educacional","17":"product_tag-ensino-fundamental","18":"product_tag-fichas-avaliativas","19":"product_tag-material-para-professores","20":"product_tag-planejamento-escolar","21":"product_tag-recursos-pedagogicos","22":"product_tag-volta-as-aulas","24":"first","25":"instock","26":"downloadable","27":"virtual","28":"sold-individually","29":"purchasable","30":"product-type-simple"},"yoast_head":"<!-- This site is optimized with the Yoast SEO plugin v27.6 - https:\/\/yoast.com\/product\/yoast-seo-wordpress\/ -->\n<title>Atividades Diagn\u00f3sticas 5\u00ba Ano - Primeira Semana - Loja SOS Professor Atividades<\/title>\n<meta name=\"description\" content=\"Atividades Diagn\u00f3sticas 5\u00ba Ano: Portugu\u00eas e Matem\u00e1tica, fichas edit\u00e1veis no Canva e gabarito. Ideal para avaliar o que o aluno reteve do 4\u00ba ano.\" \/>\n<meta name=\"robots\" content=\"index, follow, max-snippet:-1, max-image-preview:large, max-video-preview:-1\" \/>\n<link rel=\"canonical\" href=\"https:\/\/lojasosprofessoratividades.com.br\/en\/product\/atividades-diagnosticas-5o-ano-primeira-semana\/\" \/>\n<meta property=\"og:locale\" content=\"en_US\" \/>\n<meta property=\"og:type\" content=\"article\" \/>\n<meta property=\"og:title\" content=\"Atividades Diagn\u00f3sticas 5\u00ba Ano - Primeira Semana - Loja SOS Professor Atividades\" \/>\n<meta property=\"og:description\" content=\"Atividades Diagn\u00f3sticas 5\u00ba Ano: Portugu\u00eas e Matem\u00e1tica, fichas edit\u00e1veis no Canva e gabarito. Ideal para avaliar o que o aluno reteve do 4\u00ba ano.\" \/>\n<meta property=\"og:url\" content=\"https:\/\/lojasosprofessoratividades.com.br\/en\/product\/atividades-diagnosticas-5o-ano-primeira-semana\/\" \/>\n<meta property=\"og:site_name\" content=\"Loja SOS Professor Atividades\" \/>\n<meta property=\"article:publisher\" content=\"https:\/\/www.facebook.com\/sosprofessoratividades\" \/>\n<meta property=\"article:modified_time\" content=\"2026-05-08T17:23:52+00:00\" \/>\n<meta property=\"og:image\" content=\"https:\/\/lojasosprofessoratividades.com.br\/wp-content\/uploads\/2025\/01\/2-8.jpg\" \/>\n\t<meta property=\"og:image:width\" content=\"800\" \/>\n\t<meta property=\"og:image:height\" content=\"693\" \/>\n\t<meta property=\"og:image:type\" content=\"image\/jpeg\" \/>\n<meta name=\"twitter:card\" content=\"summary_large_image\" \/>\n<meta name=\"twitter:label1\" content=\"Est. reading time\" \/>\n\t<meta name=\"twitter:data1\" content=\"1 minute\" \/>\n<script type=\"application\/ld+json\" class=\"yoast-schema-graph\">{\"@context\":\"https:\\\/\\\/schema.org\",\"@graph\":[{\"@type\":\"WebPage\",\"@id\":\"https:\\\/\\\/lojasosprofessoratividades.com.br\\\/produto\\\/atividades-diagnosticas-5o-ano-primeira-semana\\\/\",\"url\":\"https:\\\/\\\/lojasosprofessoratividades.com.br\\\/produto\\\/atividades-diagnosticas-5o-ano-primeira-semana\\\/\",\"name\":\"Atividades Diagn\u00f3sticas 5\u00ba Ano - Primeira Semana - Loja SOS Professor Atividades\",\"isPartOf\":{\"@id\":\"https:\\\/\\\/lojasosprofessoratividades.com.br\\\/#website\"},\"primaryImageOfPage\":{\"@id\":\"https:\\\/\\\/lojasosprofessoratividades.com.br\\\/produto\\\/atividades-diagnosticas-5o-ano-primeira-semana\\\/#primaryimage\"},\"image\":{\"@id\":\"https:\\\/\\\/lojasosprofessoratividades.com.br\\\/produto\\\/atividades-diagnosticas-5o-ano-primeira-semana\\\/#primaryimage\"},\"thumbnailUrl\":\"https:\\\/\\\/lojasosprofessoratividades.com.br\\\/wp-content\\\/uploads\\\/2025\\\/01\\\/2-8.jpg\",\"datePublished\":\"2025-12-10T10:07:43+00:00\",\"dateModified\":\"2026-05-08T17:23:52+00:00\",\"description\":\"Atividades Diagn\u00f3sticas 5\u00ba Ano: Portugu\u00eas e Matem\u00e1tica, fichas edit\u00e1veis no Canva e gabarito. Ideal para avaliar o que o aluno reteve do 4\u00ba ano.\",\"breadcrumb\":{\"@id\":\"https:\\\/\\\/lojasosprofessoratividades.com.br\\\/produto\\\/atividades-diagnosticas-5o-ano-primeira-semana\\\/#breadcrumb\"},\"inLanguage\":\"en-US\",\"potentialAction\":[{\"@type\":\"ReadAction\",\"target\":[\"https:\\\/\\\/lojasosprofessoratividades.com.br\\\/produto\\\/atividades-diagnosticas-5o-ano-primeira-semana\\\/\"]}]},{\"@type\":\"ImageObject\",\"inLanguage\":\"en-US\",\"@id\":\"https:\\\/\\\/lojasosprofessoratividades.com.br\\\/produto\\\/atividades-diagnosticas-5o-ano-primeira-semana\\\/#primaryimage\",\"url\":\"https:\\\/\\\/lojasosprofessoratividades.com.br\\\/wp-content\\\/uploads\\\/2025\\\/01\\\/2-8.jpg\",\"contentUrl\":\"https:\\\/\\\/lojasosprofessoratividades.com.br\\\/wp-content\\\/uploads\\\/2025\\\/01\\\/2-8.jpg\",\"width\":800,\"height\":693,\"caption\":\"Atividades Diagn\u00f3sticas 5\u00ba Ano - Primeira Semana\"},{\"@type\":\"BreadcrumbList\",\"@id\":\"https:\\\/\\\/lojasosprofessoratividades.com.br\\\/produto\\\/atividades-diagnosticas-5o-ano-primeira-semana\\\/#breadcrumb\",\"itemListElement\":[{\"@type\":\"ListItem\",\"position\":1,\"name\":\"In\u00edcio\",\"item\":\"https:\\\/\\\/lojasosprofessoratividades.com.br\\\/\"},{\"@type\":\"ListItem\",\"position\":2,\"name\":\"Loja\",\"item\":\"https:\\\/\\\/lojasosprofessoratividades.com.br\\\/loja\\\/\"},{\"@type\":\"ListItem\",\"position\":3,\"name\":\"Atividades Diagn\u00f3sticas 5\u00ba Ano &#8211; Primeira Semana\"}]},{\"@type\":\"WebSite\",\"@id\":\"https:\\\/\\\/lojasosprofessoratividades.com.br\\\/#website\",\"url\":\"https:\\\/\\\/lojasosprofessoratividades.com.br\\\/\",\"name\":\"Loja SOS Professor Atividades\",\"description\":\"Venda de material did\u00e1tico para o ensino fundamental\",\"publisher\":{\"@id\":\"https:\\\/\\\/lojasosprofessoratividades.com.br\\\/#organization\"},\"potentialAction\":[{\"@type\":\"SearchAction\",\"target\":{\"@type\":\"EntryPoint\",\"urlTemplate\":\"https:\\\/\\\/lojasosprofessoratividades.com.br\\\/?s={search_term_string}\"},\"query-input\":{\"@type\":\"PropertyValueSpecification\",\"valueRequired\":true,\"valueName\":\"search_term_string\"}}],\"inLanguage\":\"en-US\"},{\"@type\":\"Organization\",\"@id\":\"https:\\\/\\\/lojasosprofessoratividades.com.br\\\/#organization\",\"name\":\"Loja SOS Professor Atividades\",\"url\":\"https:\\\/\\\/lojasosprofessoratividades.com.br\\\/\",\"logo\":{\"@type\":\"ImageObject\",\"inLanguage\":\"en-US\",\"@id\":\"https:\\\/\\\/lojasosprofessoratividades.com.br\\\/#\\\/schema\\\/logo\\\/image\\\/\",\"url\":\"http:\\\/\\\/lojasosprofessoratividades.com.br\\\/wp-content\\\/uploads\\\/2022\\\/04\\\/Logo.png\",\"contentUrl\":\"http:\\\/\\\/lojasosprofessoratividades.com.br\\\/wp-content\\\/uploads\\\/2022\\\/04\\\/Logo.png\",\"width\":2000,\"height\":2000,\"caption\":\"Loja SOS Professor Atividades\"},\"image\":{\"@id\":\"https:\\\/\\\/lojasosprofessoratividades.com.br\\\/#\\\/schema\\\/logo\\\/image\\\/\"},\"sameAs\":[\"https:\\\/\\\/www.facebook.com\\\/sosprofessoratividades\",\"https:\\\/\\\/www.instagram.com\\\/sosprofessoratividades\\\/\"]}]}<\/script>\n<!-- \/ Yoast SEO plugin. -->","yoast_head_json":{"title":"Atividades Diagn\u00f3sticas 5\u00ba Ano - Primeira Semana - Loja SOS Professor Atividades","description":"Atividades Diagn\u00f3sticas 5\u00ba Ano: Portugu\u00eas e Matem\u00e1tica, fichas edit\u00e1veis no Canva e gabarito. Ideal para avaliar o que o aluno reteve do 4\u00ba ano.","robots":{"index":"index","follow":"follow","max-snippet":"max-snippet:-1","max-image-preview":"max-image-preview:large","max-video-preview":"max-video-preview:-1"},"canonical":"https:\/\/lojasosprofessoratividades.com.br\/en\/product\/atividades-diagnosticas-5o-ano-primeira-semana\/","og_locale":"en_US","og_type":"article","og_title":"Atividades Diagn\u00f3sticas 5\u00ba Ano - Primeira Semana - Loja SOS Professor Atividades","og_description":"Atividades Diagn\u00f3sticas 5\u00ba Ano: Portugu\u00eas e Matem\u00e1tica, fichas edit\u00e1veis no Canva e gabarito. Ideal para avaliar o que o aluno reteve do 4\u00ba ano.","og_url":"https:\/\/lojasosprofessoratividades.com.br\/en\/product\/atividades-diagnosticas-5o-ano-primeira-semana\/","og_site_name":"Loja SOS Professor Atividades","article_publisher":"https:\/\/www.facebook.com\/sosprofessoratividades","article_modified_time":"2026-05-08T17:23:52+00:00","og_image":[{"width":800,"height":693,"url":"https:\/\/lojasosprofessoratividades.com.br\/wp-content\/uploads\/2025\/01\/2-8.jpg","type":"image\/jpeg"}],"twitter_card":"summary_large_image","twitter_misc":{"Est. reading time":"1 minute"},"schema":{"@context":"https:\/\/schema.org","@graph":[{"@type":"WebPage","@id":"https:\/\/lojasosprofessoratividades.com.br\/produto\/atividades-diagnosticas-5o-ano-primeira-semana\/","url":"https:\/\/lojasosprofessoratividades.com.br\/produto\/atividades-diagnosticas-5o-ano-primeira-semana\/","name":"Atividades Diagn\u00f3sticas 5\u00ba Ano - Primeira Semana - Loja SOS Professor Atividades","isPartOf":{"@id":"https:\/\/lojasosprofessoratividades.com.br\/#website"},"primaryImageOfPage":{"@id":"https:\/\/lojasosprofessoratividades.com.br\/produto\/atividades-diagnosticas-5o-ano-primeira-semana\/#primaryimage"},"image":{"@id":"https:\/\/lojasosprofessoratividades.com.br\/produto\/atividades-diagnosticas-5o-ano-primeira-semana\/#primaryimage"},"thumbnailUrl":"https:\/\/lojasosprofessoratividades.com.br\/wp-content\/uploads\/2025\/01\/2-8.jpg","datePublished":"2025-12-10T10:07:43+00:00","dateModified":"2026-05-08T17:23:52+00:00","description":"Atividades Diagn\u00f3sticas 5\u00ba Ano: Portugu\u00eas e Matem\u00e1tica, fichas edit\u00e1veis no Canva e gabarito. Ideal para avaliar o que o aluno reteve do 4\u00ba ano.","breadcrumb":{"@id":"https:\/\/lojasosprofessoratividades.com.br\/produto\/atividades-diagnosticas-5o-ano-primeira-semana\/#breadcrumb"},"inLanguage":"en-US","potentialAction":[{"@type":"ReadAction","target":["https:\/\/lojasosprofessoratividades.com.br\/produto\/atividades-diagnosticas-5o-ano-primeira-semana\/"]}]},{"@type":"ImageObject","inLanguage":"en-US","@id":"https:\/\/lojasosprofessoratividades.com.br\/produto\/atividades-diagnosticas-5o-ano-primeira-semana\/#primaryimage","url":"https:\/\/lojasosprofessoratividades.com.br\/wp-content\/uploads\/2025\/01\/2-8.jpg","contentUrl":"https:\/\/lojasosprofessoratividades.com.br\/wp-content\/uploads\/2025\/01\/2-8.jpg","width":800,"height":693,"caption":"Atividades Diagn\u00f3sticas 5\u00ba Ano - Primeira Semana"},{"@type":"BreadcrumbList","@id":"https:\/\/lojasosprofessoratividades.com.br\/produto\/atividades-diagnosticas-5o-ano-primeira-semana\/#breadcrumb","itemListElement":[{"@type":"ListItem","position":1,"name":"In\u00edcio","item":"https:\/\/lojasosprofessoratividades.com.br\/"},{"@type":"ListItem","position":2,"name":"Loja","item":"https:\/\/lojasosprofessoratividades.com.br\/loja\/"},{"@type":"ListItem","position":3,"name":"Atividades Diagn\u00f3sticas 5\u00ba Ano &#8211; Primeira Semana"}]},{"@type":"WebSite","@id":"https:\/\/lojasosprofessoratividades.com.br\/#website","url":"https:\/\/lojasosprofessoratividades.com.br\/","name":"Loja SOS Professor Atividades","description":"Venda de material did\u00e1tico para o ensino fundamental","publisher":{"@id":"https:\/\/lojasosprofessoratividades.com.br\/#organization"},"potentialAction":[{"@type":"SearchAction","target":{"@type":"EntryPoint","urlTemplate":"https:\/\/lojasosprofessoratividades.com.br\/?s={search_term_string}"},"query-input":{"@type":"PropertyValueSpecification","valueRequired":true,"valueName":"search_term_string"}}],"inLanguage":"en-US"},{"@type":"Organization","@id":"https:\/\/lojasosprofessoratividades.com.br\/#organization","name":"Loja SOS Professor Atividades","url":"https:\/\/lojasosprofessoratividades.com.br\/","logo":{"@type":"ImageObject","inLanguage":"en-US","@id":"https:\/\/lojasosprofessoratividades.com.br\/#\/schema\/logo\/image\/","url":"http:\/\/lojasosprofessoratividades.com.br\/wp-content\/uploads\/2022\/04\/Logo.png","contentUrl":"http:\/\/lojasosprofessoratividades.com.br\/wp-content\/uploads\/2022\/04\/Logo.png","width":2000,"height":2000,"caption":"Loja SOS Professor Atividades"},"image":{"@id":"https:\/\/lojasosprofessoratividades.com.br\/#\/schema\/logo\/image\/"},"sameAs":["https:\/\/www.facebook.com\/sosprofessoratividades","https:\/\/www.instagram.com\/sosprofessoratividades\/"]}]}},"_links":{"self":[{"href":"https:\/\/lojasosprofessoratividades.com.br\/en\/wp-json\/wp\/v2\/product\/33211","targetHints":{"allow":["GET"]}}],"collection":[{"href":"https:\/\/lojasosprofessoratividades.com.br\/en\/wp-json\/wp\/v2\/product"}],"about":[{"href":"https:\/\/lojasosprofessoratividades.com.br\/en\/wp-json\/wp\/v2\/types\/product"}],"replies":[{"embeddable":true,"href":"https:\/\/lojasosprofessoratividades.com.br\/en\/wp-json\/wp\/v2\/comments?post=33211"}],"wp:featuredmedia":[{"embeddable":true,"href":"https:\/\/lojasosprofessoratividades.com.br\/en\/wp-json\/wp\/v2\/media\/33214"}],"wp:attachment":[{"href":"https:\/\/lojasosprofessoratividades.com.br\/en\/wp-json\/wp\/v2\/media?parent=33211"}],"wp:term":[{"taxonomy":"product_brand","embeddable":true,"href":"https:\/\/lojasosprofessoratividades.com.br\/en\/wp-json\/wp\/v2\/product_brand?post=33211"},{"taxonomy":"product_cat","embeddable":true,"href":"https:\/\/lojasosprofessoratividades.com.br\/en\/wp-json\/wp\/v2\/product_cat?post=33211"},{"taxonomy":"product_tag","embeddable":true,"href":"https:\/\/lojasosprofessoratividades.com.br\/en\/wp-json\/wp\/v2\/product_tag?post=33211"}],"curies":[{"name":"wp","href":"https:\/\/api.w.org\/{rel}","templated":true}]}}