{"id":33449,"date":"2026-01-22T08:36:48","date_gmt":"2026-01-22T11:36:48","guid":{"rendered":"https:\/\/lojasosprofessoratividades.com.br\/?post_type=product&#038;p=33449"},"modified":"2026-05-08T14:07:13","modified_gmt":"2026-05-08T17:07:13","slug":"o-carnaval","status":"publish","type":"product","link":"https:\/\/lojasosprofessoratividades.com.br\/en\/product\/o-carnaval\/","title":{"rendered":"O Carnaval"},"content":{"rendered":"","protected":false},"excerpt":{"rendered":"<p data-start=\"75\" data-end=\"171\">Que tal levar a alegria do Carnaval para sua sala de aula de forma educativa e divertida?<\/p>\n<p data-start=\"173\" data-end=\"308\">Nosso arquivo <strong data-start=\"187\" data-end=\"211\">&#8220;O Carnaval&#8221;<\/strong> foi cuidadosamente planejado para turmas do <strong data-start=\"256\" data-end=\"296\">3\u00ba ao 5\u00ba ano do Ensino Fundamental 1<\/strong> e cont\u00e9m:<\/p>\n<p data-start=\"310\" data-end=\"610\">\u2705 <strong data-start=\"312\" data-end=\"342\">Texto &#8220;O Carnaval&#8221;<\/strong><br data-start=\"345\" data-end=\"348\" \/>\u2705 <strong data-start=\"350\" data-end=\"390\">Atividades de interpreta\u00e7\u00e3o de texto<\/strong>\u00a0<br data-start=\"393\" data-end=\"396\" \/>\u2705 <strong data-start=\"398\" data-end=\"424\">Ca\u00e7a-palavras tem\u00e1ticas<\/strong>\u00a0<br data-start=\"427\" data-end=\"430\" \/>\u2705 <strong data-start=\"432\" data-end=\"471\">Produ\u00e7\u00e3o textual (completar o texto)<\/strong>\u00a0<br data-start=\"474\" data-end=\"477\" \/>\u2705 <strong data-start=\"479\" data-end=\"515\">Tr\u00eas artes para o Lan\u00e7a Confetes<\/strong> (QR Code com o passo a passo!) <br data-start=\"554\" data-end=\"557\" \/>\u2705 <strong data-start=\"559\" data-end=\"585\">Plano de aula completo<\/strong>\u00a0<br data-start=\"588\" data-end=\"591\" \/>\u2705 <strong data-start=\"593\" data-end=\"605\">Gabarito<\/strong><\/p>\n<p data-start=\"310\" data-end=\"610\">\u00a0Uma proposta l\u00fadica que \u00e9 uma <strong data-start=\"643\" data-end=\"678\">leitura, escrita e criatividade<\/strong>, tornando a aprendizagem ainda mais envolvente!<\/p>\n<p data-start=\"730\" data-end=\"800\" data-is-last-node=\"\">\u00a0Garanta esse material e leve a magia do Carnaval para sua turma!<\/p>\n<h3>N\u00e3o enviamos por e-mail, a entrega \u00e9 via link para download.\u00a0<img decoding=\"async\" class=\"emoji\" role=\"img\" draggable=\"false\" src=\"https:\/\/s.w.org\/images\/core\/emoji\/17.0.2\/svg\/1f447.svg\" alt=\"\ud83d\udc47\" \/><\/h3>\n<p><img loading=\"lazy\" decoding=\"async\" class=\"alignnone wp-image-33408 size-full\" src=\"https:\/\/lojasosprofessoratividades.com.br\/wp-content\/uploads\/2025\/02\/Aviso-Loja.jpg\" alt=\"\" width=\"446\" height=\"251\" srcset=\"https:\/\/lojasosprofessoratividades.com.br\/wp-content\/uploads\/2025\/02\/Aviso-Loja.jpg 446w, https:\/\/lojasosprofessoratividades.com.br\/wp-content\/uploads\/2025\/02\/Aviso-Loja-300x169.jpg 300w, https:\/\/lojasosprofessoratividades.com.br\/wp-content\/uploads\/2025\/02\/Aviso-Loja-18x10.jpg 18w\" sizes=\"auto, (max-width: 446px) 100vw, 446px\" \/><\/p>","protected":false},"featured_media":33489,"comment_status":"open","ping_status":"closed","template":"","meta":[],"product_brand":[],"product_cat":[124,125,127,218,214,216,195,204,189],"product_tag":[274,253,248,3509,1178,554,1182,792,1179,3472,1177,551,245,493,250,1181,1136,643,2188,1180,338,3506],"class_list":{"0":"post-33449","1":"product","2":"type-product","3":"status-publish","4":"has-post-thumbnail","6":"product_cat-3o-ano","7":"product_cat-4o-ano","8":"product_cat-5o-ano","9":"product_cat-data-comemorativa-5-ano","10":"product_cat-data-comemorativa-3-ano","11":"product_cat-data-comemorativa-4-ano","12":"product_cat-portugues-4-ano","13":"product_cat-portugues-5-anos","14":"product_cat-portugues-3-ano","15":"product_tag-3o-ano","16":"product_tag-4o-ano","17":"product_tag-5o-ano","18":"product_tag-artes-na-escola","19":"product_tag-atividades-de-carnaval","20":"product_tag-atividades-ludicas","21":"product_tag-aula-divertida","22":"product_tag-caca-palavras","23":"product_tag-caca-palavras-de-carnaval","24":"product_tag-carnaval-escolar","25":"product_tag-carnaval-na-escola","26":"product_tag-cultura-brasileira","27":"product_tag-ensino-fundamental","28":"product_tag-ensino-fundamental-1","29":"product_tag-interpretacao-de-texto","30":"product_tag-lanca-confetes","31":"product_tag-materiais-pedagogicos","32":"product_tag-material-pedagogico","33":"product_tag-plano-de-aula-pronto","34":"product_tag-planos-de-aula","35":"product_tag-producao-textual","36":"product_tag-projeto-carnaval","38":"first","39":"instock","40":"downloadable","41":"virtual","42":"sold-individually","43":"purchasable","44":"product-type-simple"},"yoast_head":"<!-- This site is optimized with the Yoast SEO plugin v27.5 - https:\/\/yoast.com\/product\/yoast-seo-wordpress\/ -->\n<title>O Carnaval - Loja SOS Professor Atividades<\/title>\n<meta name=\"description\" content=\"Arquivo pedag\u00f3gico Carnaval para 3\u00ba ao 5\u00ba ano com texto, interpreta\u00e7\u00e3o, produ\u00e7\u00e3o textual, artes, plano de aula e gabarito. Pronto para imprimir.\" \/>\n<meta name=\"robots\" content=\"index, follow, max-snippet:-1, max-image-preview:large, max-video-preview:-1\" \/>\n<link rel=\"canonical\" href=\"https:\/\/lojasosprofessoratividades.com.br\/en\/product\/o-carnaval\/\" \/>\n<meta property=\"og:locale\" content=\"en_US\" \/>\n<meta property=\"og:type\" content=\"article\" \/>\n<meta property=\"og:title\" content=\"O Carnaval - Loja SOS Professor Atividades\" \/>\n<meta property=\"og:description\" content=\"Arquivo pedag\u00f3gico Carnaval para 3\u00ba ao 5\u00ba ano com texto, interpreta\u00e7\u00e3o, produ\u00e7\u00e3o textual, artes, plano de aula e gabarito. Pronto para imprimir.\" \/>\n<meta property=\"og:url\" content=\"https:\/\/lojasosprofessoratividades.com.br\/en\/product\/o-carnaval\/\" \/>\n<meta property=\"og:site_name\" content=\"Loja SOS Professor Atividades\" \/>\n<meta property=\"article:publisher\" content=\"https:\/\/www.facebook.com\/sosprofessoratividades\" \/>\n<meta property=\"article:modified_time\" content=\"2026-05-08T17:07:13+00:00\" \/>\n<meta property=\"og:image\" content=\"https:\/\/lojasosprofessoratividades.com.br\/wp-content\/uploads\/2025\/02\/1.jpg\" \/>\n\t<meta property=\"og:image:width\" content=\"800\" \/>\n\t<meta property=\"og:image:height\" content=\"693\" \/>\n\t<meta property=\"og:image:type\" content=\"image\/jpeg\" \/>\n<meta name=\"twitter:card\" content=\"summary_large_image\" \/>\n<meta name=\"twitter:label1\" content=\"Est. reading time\" \/>\n\t<meta name=\"twitter:data1\" content=\"1 minute\" \/>\n<script type=\"application\/ld+json\" class=\"yoast-schema-graph\">{\"@context\":\"https:\\\/\\\/schema.org\",\"@graph\":[{\"@type\":\"WebPage\",\"@id\":\"https:\\\/\\\/lojasosprofessoratividades.com.br\\\/produto\\\/o-carnaval\\\/\",\"url\":\"https:\\\/\\\/lojasosprofessoratividades.com.br\\\/produto\\\/o-carnaval\\\/\",\"name\":\"O Carnaval - Loja SOS Professor Atividades\",\"isPartOf\":{\"@id\":\"https:\\\/\\\/lojasosprofessoratividades.com.br\\\/#website\"},\"primaryImageOfPage\":{\"@id\":\"https:\\\/\\\/lojasosprofessoratividades.com.br\\\/produto\\\/o-carnaval\\\/#primaryimage\"},\"image\":{\"@id\":\"https:\\\/\\\/lojasosprofessoratividades.com.br\\\/produto\\\/o-carnaval\\\/#primaryimage\"},\"thumbnailUrl\":\"https:\\\/\\\/lojasosprofessoratividades.com.br\\\/wp-content\\\/uploads\\\/2025\\\/02\\\/1.jpg\",\"datePublished\":\"2026-01-22T11:36:48+00:00\",\"dateModified\":\"2026-05-08T17:07:13+00:00\",\"description\":\"Arquivo pedag\u00f3gico Carnaval para 3\u00ba ao 5\u00ba ano com texto, interpreta\u00e7\u00e3o, produ\u00e7\u00e3o textual, artes, plano de aula e gabarito. Pronto para imprimir.\",\"breadcrumb\":{\"@id\":\"https:\\\/\\\/lojasosprofessoratividades.com.br\\\/produto\\\/o-carnaval\\\/#breadcrumb\"},\"inLanguage\":\"en-US\",\"potentialAction\":[{\"@type\":\"ReadAction\",\"target\":[\"https:\\\/\\\/lojasosprofessoratividades.com.br\\\/produto\\\/o-carnaval\\\/\"]}]},{\"@type\":\"ImageObject\",\"inLanguage\":\"en-US\",\"@id\":\"https:\\\/\\\/lojasosprofessoratividades.com.br\\\/produto\\\/o-carnaval\\\/#primaryimage\",\"url\":\"https:\\\/\\\/lojasosprofessoratividades.com.br\\\/wp-content\\\/uploads\\\/2025\\\/02\\\/1.jpg\",\"contentUrl\":\"https:\\\/\\\/lojasosprofessoratividades.com.br\\\/wp-content\\\/uploads\\\/2025\\\/02\\\/1.jpg\",\"width\":800,\"height\":693,\"caption\":\"O Carnaval\"},{\"@type\":\"BreadcrumbList\",\"@id\":\"https:\\\/\\\/lojasosprofessoratividades.com.br\\\/produto\\\/o-carnaval\\\/#breadcrumb\",\"itemListElement\":[{\"@type\":\"ListItem\",\"position\":1,\"name\":\"In\u00edcio\",\"item\":\"https:\\\/\\\/lojasosprofessoratividades.com.br\\\/\"},{\"@type\":\"ListItem\",\"position\":2,\"name\":\"Loja\",\"item\":\"https:\\\/\\\/lojasosprofessoratividades.com.br\\\/loja\\\/\"},{\"@type\":\"ListItem\",\"position\":3,\"name\":\"O Carnaval\"}]},{\"@type\":\"WebSite\",\"@id\":\"https:\\\/\\\/lojasosprofessoratividades.com.br\\\/#website\",\"url\":\"https:\\\/\\\/lojasosprofessoratividades.com.br\\\/\",\"name\":\"Loja SOS Professor Atividades\",\"description\":\"Venda de material did\u00e1tico para o ensino fundamental\",\"publisher\":{\"@id\":\"https:\\\/\\\/lojasosprofessoratividades.com.br\\\/#organization\"},\"potentialAction\":[{\"@type\":\"SearchAction\",\"target\":{\"@type\":\"EntryPoint\",\"urlTemplate\":\"https:\\\/\\\/lojasosprofessoratividades.com.br\\\/?s={search_term_string}\"},\"query-input\":{\"@type\":\"PropertyValueSpecification\",\"valueRequired\":true,\"valueName\":\"search_term_string\"}}],\"inLanguage\":\"en-US\"},{\"@type\":\"Organization\",\"@id\":\"https:\\\/\\\/lojasosprofessoratividades.com.br\\\/#organization\",\"name\":\"Loja SOS Professor Atividades\",\"url\":\"https:\\\/\\\/lojasosprofessoratividades.com.br\\\/\",\"logo\":{\"@type\":\"ImageObject\",\"inLanguage\":\"en-US\",\"@id\":\"https:\\\/\\\/lojasosprofessoratividades.com.br\\\/#\\\/schema\\\/logo\\\/image\\\/\",\"url\":\"http:\\\/\\\/lojasosprofessoratividades.com.br\\\/wp-content\\\/uploads\\\/2022\\\/04\\\/Logo.png\",\"contentUrl\":\"http:\\\/\\\/lojasosprofessoratividades.com.br\\\/wp-content\\\/uploads\\\/2022\\\/04\\\/Logo.png\",\"width\":2000,\"height\":2000,\"caption\":\"Loja SOS Professor Atividades\"},\"image\":{\"@id\":\"https:\\\/\\\/lojasosprofessoratividades.com.br\\\/#\\\/schema\\\/logo\\\/image\\\/\"},\"sameAs\":[\"https:\\\/\\\/www.facebook.com\\\/sosprofessoratividades\",\"https:\\\/\\\/www.instagram.com\\\/sosprofessoratividades\\\/\"]}]}<\/script>\n<!-- \/ Yoast SEO plugin. -->","yoast_head_json":{"title":"O Carnaval - Loja SOS Professor Atividades","description":"Arquivo pedag\u00f3gico Carnaval para 3\u00ba ao 5\u00ba ano com texto, interpreta\u00e7\u00e3o, produ\u00e7\u00e3o textual, artes, plano de aula e gabarito. Pronto para imprimir.","robots":{"index":"index","follow":"follow","max-snippet":"max-snippet:-1","max-image-preview":"max-image-preview:large","max-video-preview":"max-video-preview:-1"},"canonical":"https:\/\/lojasosprofessoratividades.com.br\/en\/product\/o-carnaval\/","og_locale":"en_US","og_type":"article","og_title":"O Carnaval - Loja SOS Professor Atividades","og_description":"Arquivo pedag\u00f3gico Carnaval para 3\u00ba ao 5\u00ba ano com texto, interpreta\u00e7\u00e3o, produ\u00e7\u00e3o textual, artes, plano de aula e gabarito. Pronto para imprimir.","og_url":"https:\/\/lojasosprofessoratividades.com.br\/en\/product\/o-carnaval\/","og_site_name":"Loja SOS Professor Atividades","article_publisher":"https:\/\/www.facebook.com\/sosprofessoratividades","article_modified_time":"2026-05-08T17:07:13+00:00","og_image":[{"width":800,"height":693,"url":"https:\/\/lojasosprofessoratividades.com.br\/wp-content\/uploads\/2025\/02\/1.jpg","type":"image\/jpeg"}],"twitter_card":"summary_large_image","twitter_misc":{"Est. reading time":"1 minute"},"schema":{"@context":"https:\/\/schema.org","@graph":[{"@type":"WebPage","@id":"https:\/\/lojasosprofessoratividades.com.br\/produto\/o-carnaval\/","url":"https:\/\/lojasosprofessoratividades.com.br\/produto\/o-carnaval\/","name":"O Carnaval - Loja SOS Professor Atividades","isPartOf":{"@id":"https:\/\/lojasosprofessoratividades.com.br\/#website"},"primaryImageOfPage":{"@id":"https:\/\/lojasosprofessoratividades.com.br\/produto\/o-carnaval\/#primaryimage"},"image":{"@id":"https:\/\/lojasosprofessoratividades.com.br\/produto\/o-carnaval\/#primaryimage"},"thumbnailUrl":"https:\/\/lojasosprofessoratividades.com.br\/wp-content\/uploads\/2025\/02\/1.jpg","datePublished":"2026-01-22T11:36:48+00:00","dateModified":"2026-05-08T17:07:13+00:00","description":"Arquivo pedag\u00f3gico Carnaval para 3\u00ba ao 5\u00ba ano com texto, interpreta\u00e7\u00e3o, produ\u00e7\u00e3o textual, artes, plano de aula e gabarito. Pronto para imprimir.","breadcrumb":{"@id":"https:\/\/lojasosprofessoratividades.com.br\/produto\/o-carnaval\/#breadcrumb"},"inLanguage":"en-US","potentialAction":[{"@type":"ReadAction","target":["https:\/\/lojasosprofessoratividades.com.br\/produto\/o-carnaval\/"]}]},{"@type":"ImageObject","inLanguage":"en-US","@id":"https:\/\/lojasosprofessoratividades.com.br\/produto\/o-carnaval\/#primaryimage","url":"https:\/\/lojasosprofessoratividades.com.br\/wp-content\/uploads\/2025\/02\/1.jpg","contentUrl":"https:\/\/lojasosprofessoratividades.com.br\/wp-content\/uploads\/2025\/02\/1.jpg","width":800,"height":693,"caption":"O Carnaval"},{"@type":"BreadcrumbList","@id":"https:\/\/lojasosprofessoratividades.com.br\/produto\/o-carnaval\/#breadcrumb","itemListElement":[{"@type":"ListItem","position":1,"name":"In\u00edcio","item":"https:\/\/lojasosprofessoratividades.com.br\/"},{"@type":"ListItem","position":2,"name":"Loja","item":"https:\/\/lojasosprofessoratividades.com.br\/loja\/"},{"@type":"ListItem","position":3,"name":"O Carnaval"}]},{"@type":"WebSite","@id":"https:\/\/lojasosprofessoratividades.com.br\/#website","url":"https:\/\/lojasosprofessoratividades.com.br\/","name":"Loja SOS Professor Atividades","description":"Venda de material did\u00e1tico para o ensino fundamental","publisher":{"@id":"https:\/\/lojasosprofessoratividades.com.br\/#organization"},"potentialAction":[{"@type":"SearchAction","target":{"@type":"EntryPoint","urlTemplate":"https:\/\/lojasosprofessoratividades.com.br\/?s={search_term_string}"},"query-input":{"@type":"PropertyValueSpecification","valueRequired":true,"valueName":"search_term_string"}}],"inLanguage":"en-US"},{"@type":"Organization","@id":"https:\/\/lojasosprofessoratividades.com.br\/#organization","name":"Loja SOS Professor Atividades","url":"https:\/\/lojasosprofessoratividades.com.br\/","logo":{"@type":"ImageObject","inLanguage":"en-US","@id":"https:\/\/lojasosprofessoratividades.com.br\/#\/schema\/logo\/image\/","url":"http:\/\/lojasosprofessoratividades.com.br\/wp-content\/uploads\/2022\/04\/Logo.png","contentUrl":"http:\/\/lojasosprofessoratividades.com.br\/wp-content\/uploads\/2022\/04\/Logo.png","width":2000,"height":2000,"caption":"Loja SOS Professor Atividades"},"image":{"@id":"https:\/\/lojasosprofessoratividades.com.br\/#\/schema\/logo\/image\/"},"sameAs":["https:\/\/www.facebook.com\/sosprofessoratividades","https:\/\/www.instagram.com\/sosprofessoratividades\/"]}]}},"_links":{"self":[{"href":"https:\/\/lojasosprofessoratividades.com.br\/en\/wp-json\/wp\/v2\/product\/33449","targetHints":{"allow":["GET"]}}],"collection":[{"href":"https:\/\/lojasosprofessoratividades.com.br\/en\/wp-json\/wp\/v2\/product"}],"about":[{"href":"https:\/\/lojasosprofessoratividades.com.br\/en\/wp-json\/wp\/v2\/types\/product"}],"replies":[{"embeddable":true,"href":"https:\/\/lojasosprofessoratividades.com.br\/en\/wp-json\/wp\/v2\/comments?post=33449"}],"wp:featuredmedia":[{"embeddable":true,"href":"https:\/\/lojasosprofessoratividades.com.br\/en\/wp-json\/wp\/v2\/media\/33489"}],"wp:attachment":[{"href":"https:\/\/lojasosprofessoratividades.com.br\/en\/wp-json\/wp\/v2\/media?parent=33449"}],"wp:term":[{"taxonomy":"product_brand","embeddable":true,"href":"https:\/\/lojasosprofessoratividades.com.br\/en\/wp-json\/wp\/v2\/product_brand?post=33449"},{"taxonomy":"product_cat","embeddable":true,"href":"https:\/\/lojasosprofessoratividades.com.br\/en\/wp-json\/wp\/v2\/product_cat?post=33449"},{"taxonomy":"product_tag","embeddable":true,"href":"https:\/\/lojasosprofessoratividades.com.br\/en\/wp-json\/wp\/v2\/product_tag?post=33449"}],"curies":[{"name":"wp","href":"https:\/\/api.w.org\/{rel}","templated":true}]}}