{"id":33495,"date":"2026-01-13T10:35:09","date_gmt":"2026-01-13T13:35:09","guid":{"rendered":"https:\/\/lojasosprofessoratividades.com.br\/?post_type=product&#038;p=33495"},"modified":"2026-05-08T14:05:53","modified_gmt":"2026-05-08T17:05:53","slug":"painel-carnaval-na-escola-e-so-alegria","status":"publish","type":"product","link":"https:\/\/lojasosprofessoratividades.com.br\/en\/product\/painel-carnaval-na-escola-e-so-alegria\/","title":{"rendered":"Painel &#8211; Carnaval na escola \u00e9 s\u00f3 alegria!"},"content":{"rendered":"","protected":false},"excerpt":{"rendered":"<p data-start=\"56\" data-end=\"177\">Transforme sua sala de aula em um verdadeiro baile de Carnaval com o nosso <strong data-start=\"131\" data-end=\"172\">Painel Tem\u00e1tico &#8211; Carnaval na Escola \u00e9 s\u00f3 alegria!<\/strong><\/p>\n<p data-start=\"179\" data-end=\"466\">\ud83d\udccc <strong data-start=\"182\" data-end=\"206\">Detalhes do Arquivo:<\/strong><br data-start=\"206\" data-end=\"209\" \/>\u2705 <strong data-start=\"211\" data-end=\"223\">Tamanho:<\/strong> Aproximadamente <strong data-start=\"240\" data-end=\"259\">112 cm x 100 cm<\/strong><br data-start=\"259\" data-end=\"262\" \/>\u2705 <strong data-start=\"264\" data-end=\"279\">Composi\u00e7\u00e3o: <\/strong> <strong data-start=\"280\" data-end=\"296\">20 folhas A4<\/strong> para facilitar a impress\u00e3o e montagem <br data-start=\"334\" data-end=\"337\" \/>\u2705 <strong data-start=\"339\" data-end=\"365\">Ilustra\u00e7\u00f5es vibrantes:<\/strong> Personagens carnavalescos fofos e coloridos <br data-start=\"409\" data-end=\"412\" \/>\u2705 <strong data-start=\"414\" data-end=\"436\">Bordas decorativas<\/strong> para um acabamento incr\u00edvel<\/p>\n<p data-start=\"468\" data-end=\"651\"><strong data-start=\"471\" data-end=\"535\">Perfeito para decorar sua escola e entrar no ritmo da festa!<\/strong> Use o painel para complementar suas atividades sobre o Carnaval e traga ainda mais anima\u00e7\u00e3o para os alunos!<\/p>\n<p data-start=\"653\" data-end=\"713\" data-is-last-node=\"\"><strong data-start=\"656\" data-end=\"713\" data-is-last-node=\"\">Adquira j\u00e1 e leve essa alegria para sua sala de aula!<\/strong><\/p>\n<h3><em><strong>N\u00e3o enviamos por e-mail, a entrega \u00e9 via link para download.\u00a0<img decoding=\"async\" class=\"emoji\" role=\"img\" draggable=\"false\" src=\"https:\/\/s.w.org\/images\/core\/emoji\/16.0.1\/svg\/1f447.svg\" alt=\"\ud83d\udc47\" \/><\/strong><\/em><\/h3>\n<p><img loading=\"lazy\" decoding=\"async\" class=\"alignnone wp-image-33408 size-full\" src=\"https:\/\/lojasosprofessoratividades.com.br\/wp-content\/uploads\/2025\/02\/Aviso-Loja.jpg\" alt=\"\" width=\"446\" height=\"251\" srcset=\"https:\/\/lojasosprofessoratividades.com.br\/wp-content\/uploads\/2025\/02\/Aviso-Loja.jpg 446w, https:\/\/lojasosprofessoratividades.com.br\/wp-content\/uploads\/2025\/02\/Aviso-Loja-300x169.jpg 300w, https:\/\/lojasosprofessoratividades.com.br\/wp-content\/uploads\/2025\/02\/Aviso-Loja-18x10.jpg 18w\" sizes=\"auto, (max-width: 446px) 100vw, 446px\" \/><\/p>","protected":false},"featured_media":33497,"comment_status":"open","ping_status":"closed","template":"","meta":[],"product_brand":[],"product_cat":[122,123,124,125,127,216,218,214,210,212,126,220,211,217,213,209,215],"product_tag":[1178,383,1177,3477,2213,551,1363,547,607,3481,1195,246,245,1193,1194,540,643,3480,1192,1121,714],"class_list":{"0":"post-33495","1":"product","2":"type-product","3":"status-publish","4":"has-post-thumbnail","6":"product_cat-1o-ano","7":"product_cat-2o-ano","8":"product_cat-3o-ano","9":"product_cat-4o-ano","10":"product_cat-5o-ano","11":"product_cat-data-comemorativa-4-ano","12":"product_cat-data-comemorativa-5-ano","13":"product_cat-data-comemorativa-3-ano","14":"product_cat-data-comemorativa-1-ano","15":"product_cat-data-comemorativa-2-ano","16":"product_cat-educacao-infantil","17":"product_cat-o-eu-o-outro-o-nos","18":"product_cat-recursos-didaticos-2-ano","19":"product_cat-recursos-didaticos-5-ano","20":"product_cat-recursos-didaticos-3-ano","21":"product_cat-recursos-didaticos-1-ano","22":"product_cat-recursos-didaticos-4-ano","23":"product_tag-atividades-de-carnaval","24":"product_tag-carnaval","25":"product_tag-carnaval-na-escola","26":"product_tag-carnaval-pedagogico","27":"product_tag-cartaz-para-mural-escolar","28":"product_tag-cultura-brasileira","29":"product_tag-datas-comemorativas","30":"product_tag-decoracao-de-sala-de-aula","31":"product_tag-decoracao-escolar","32":"product_tag-decoracao-escolar-carnaval","33":"product_tag-decoracao-pedagogica","34":"product_tag-educacao-infantil","35":"product_tag-ensino-fundamental","36":"product_tag-festa-na-escola","37":"product_tag-folia-infantil","38":"product_tag-material-educativo","39":"product_tag-material-pedagogico","40":"product_tag-painel-carnaval","41":"product_tag-painel-de-carnaval","42":"product_tag-painel-tematico","43":"product_tag-sala-de-aula-decorada","45":"first","46":"instock","47":"downloadable","48":"virtual","49":"sold-individually","50":"purchasable","51":"product-type-simple"},"yoast_head":"<!-- This site is optimized with the Yoast SEO plugin v27.5 - https:\/\/yoast.com\/product\/yoast-seo-wordpress\/ -->\n<title>Painel - Carnaval na escola \u00e9 s\u00f3 alegria! - Loja SOS Professor Atividades<\/title>\n<meta name=\"description\" content=\"Painel Carnaval na Escola \u00e9 s\u00f3 Alegria com 20 folhas A4, 112x100 cm. Decora\u00e7\u00e3o pedag\u00f3gica colorida para trabalhar o Carnaval com anima\u00e7\u00e3o na sala.\" \/>\n<meta name=\"robots\" content=\"index, follow, max-snippet:-1, max-image-preview:large, max-video-preview:-1\" \/>\n<link rel=\"canonical\" href=\"https:\/\/lojasosprofessoratividades.com.br\/en\/product\/painel-carnaval-na-escola-e-so-alegria\/\" \/>\n<meta property=\"og:locale\" content=\"en_US\" \/>\n<meta property=\"og:type\" content=\"article\" \/>\n<meta property=\"og:title\" content=\"Painel - Carnaval na escola \u00e9 s\u00f3 alegria! - Loja SOS Professor Atividades\" \/>\n<meta property=\"og:description\" content=\"Painel Carnaval na Escola \u00e9 s\u00f3 Alegria com 20 folhas A4, 112x100 cm. Decora\u00e7\u00e3o pedag\u00f3gica colorida para trabalhar o Carnaval com anima\u00e7\u00e3o na sala.\" \/>\n<meta property=\"og:url\" content=\"https:\/\/lojasosprofessoratividades.com.br\/en\/product\/painel-carnaval-na-escola-e-so-alegria\/\" \/>\n<meta property=\"og:site_name\" content=\"Loja SOS Professor Atividades\" \/>\n<meta property=\"article:publisher\" content=\"https:\/\/www.facebook.com\/sosprofessoratividades\" \/>\n<meta property=\"article:modified_time\" content=\"2026-05-08T17:05:53+00:00\" \/>\n<meta property=\"og:image\" content=\"https:\/\/lojasosprofessoratividades.com.br\/wp-content\/uploads\/2025\/02\/1-1.jpg\" \/>\n\t<meta property=\"og:image:width\" content=\"800\" \/>\n\t<meta property=\"og:image:height\" content=\"693\" \/>\n\t<meta property=\"og:image:type\" content=\"image\/jpeg\" \/>\n<meta name=\"twitter:card\" content=\"summary_large_image\" \/>\n<meta name=\"twitter:label1\" content=\"Est. reading time\" \/>\n\t<meta name=\"twitter:data1\" content=\"1 minute\" \/>\n<script type=\"application\/ld+json\" class=\"yoast-schema-graph\">{\"@context\":\"https:\\\/\\\/schema.org\",\"@graph\":[{\"@type\":\"WebPage\",\"@id\":\"https:\\\/\\\/lojasosprofessoratividades.com.br\\\/produto\\\/painel-carnaval-na-escola-e-so-alegria\\\/\",\"url\":\"https:\\\/\\\/lojasosprofessoratividades.com.br\\\/produto\\\/painel-carnaval-na-escola-e-so-alegria\\\/\",\"name\":\"Painel - Carnaval na escola \u00e9 s\u00f3 alegria! - Loja SOS Professor Atividades\",\"isPartOf\":{\"@id\":\"https:\\\/\\\/lojasosprofessoratividades.com.br\\\/#website\"},\"primaryImageOfPage\":{\"@id\":\"https:\\\/\\\/lojasosprofessoratividades.com.br\\\/produto\\\/painel-carnaval-na-escola-e-so-alegria\\\/#primaryimage\"},\"image\":{\"@id\":\"https:\\\/\\\/lojasosprofessoratividades.com.br\\\/produto\\\/painel-carnaval-na-escola-e-so-alegria\\\/#primaryimage\"},\"thumbnailUrl\":\"https:\\\/\\\/lojasosprofessoratividades.com.br\\\/wp-content\\\/uploads\\\/2025\\\/02\\\/1-1.jpg\",\"datePublished\":\"2026-01-13T13:35:09+00:00\",\"dateModified\":\"2026-05-08T17:05:53+00:00\",\"description\":\"Painel Carnaval na Escola \u00e9 s\u00f3 Alegria com 20 folhas A4, 112x100 cm. Decora\u00e7\u00e3o pedag\u00f3gica colorida para trabalhar o Carnaval com anima\u00e7\u00e3o na sala.\",\"breadcrumb\":{\"@id\":\"https:\\\/\\\/lojasosprofessoratividades.com.br\\\/produto\\\/painel-carnaval-na-escola-e-so-alegria\\\/#breadcrumb\"},\"inLanguage\":\"en-US\",\"potentialAction\":[{\"@type\":\"ReadAction\",\"target\":[\"https:\\\/\\\/lojasosprofessoratividades.com.br\\\/produto\\\/painel-carnaval-na-escola-e-so-alegria\\\/\"]}]},{\"@type\":\"ImageObject\",\"inLanguage\":\"en-US\",\"@id\":\"https:\\\/\\\/lojasosprofessoratividades.com.br\\\/produto\\\/painel-carnaval-na-escola-e-so-alegria\\\/#primaryimage\",\"url\":\"https:\\\/\\\/lojasosprofessoratividades.com.br\\\/wp-content\\\/uploads\\\/2025\\\/02\\\/1-1.jpg\",\"contentUrl\":\"https:\\\/\\\/lojasosprofessoratividades.com.br\\\/wp-content\\\/uploads\\\/2025\\\/02\\\/1-1.jpg\",\"width\":800,\"height\":693,\"caption\":\"Painel - Carnaval na escola \u00e9 s\u00f3 alegria\"},{\"@type\":\"BreadcrumbList\",\"@id\":\"https:\\\/\\\/lojasosprofessoratividades.com.br\\\/produto\\\/painel-carnaval-na-escola-e-so-alegria\\\/#breadcrumb\",\"itemListElement\":[{\"@type\":\"ListItem\",\"position\":1,\"name\":\"In\u00edcio\",\"item\":\"https:\\\/\\\/lojasosprofessoratividades.com.br\\\/\"},{\"@type\":\"ListItem\",\"position\":2,\"name\":\"Loja\",\"item\":\"https:\\\/\\\/lojasosprofessoratividades.com.br\\\/loja\\\/\"},{\"@type\":\"ListItem\",\"position\":3,\"name\":\"Painel &#8211; Carnaval na escola \u00e9 s\u00f3 alegria!\"}]},{\"@type\":\"WebSite\",\"@id\":\"https:\\\/\\\/lojasosprofessoratividades.com.br\\\/#website\",\"url\":\"https:\\\/\\\/lojasosprofessoratividades.com.br\\\/\",\"name\":\"Loja SOS Professor Atividades\",\"description\":\"Venda de material did\u00e1tico para o ensino fundamental\",\"publisher\":{\"@id\":\"https:\\\/\\\/lojasosprofessoratividades.com.br\\\/#organization\"},\"potentialAction\":[{\"@type\":\"SearchAction\",\"target\":{\"@type\":\"EntryPoint\",\"urlTemplate\":\"https:\\\/\\\/lojasosprofessoratividades.com.br\\\/?s={search_term_string}\"},\"query-input\":{\"@type\":\"PropertyValueSpecification\",\"valueRequired\":true,\"valueName\":\"search_term_string\"}}],\"inLanguage\":\"en-US\"},{\"@type\":\"Organization\",\"@id\":\"https:\\\/\\\/lojasosprofessoratividades.com.br\\\/#organization\",\"name\":\"Loja SOS Professor Atividades\",\"url\":\"https:\\\/\\\/lojasosprofessoratividades.com.br\\\/\",\"logo\":{\"@type\":\"ImageObject\",\"inLanguage\":\"en-US\",\"@id\":\"https:\\\/\\\/lojasosprofessoratividades.com.br\\\/#\\\/schema\\\/logo\\\/image\\\/\",\"url\":\"http:\\\/\\\/lojasosprofessoratividades.com.br\\\/wp-content\\\/uploads\\\/2022\\\/04\\\/Logo.png\",\"contentUrl\":\"http:\\\/\\\/lojasosprofessoratividades.com.br\\\/wp-content\\\/uploads\\\/2022\\\/04\\\/Logo.png\",\"width\":2000,\"height\":2000,\"caption\":\"Loja SOS Professor Atividades\"},\"image\":{\"@id\":\"https:\\\/\\\/lojasosprofessoratividades.com.br\\\/#\\\/schema\\\/logo\\\/image\\\/\"},\"sameAs\":[\"https:\\\/\\\/www.facebook.com\\\/sosprofessoratividades\",\"https:\\\/\\\/www.instagram.com\\\/sosprofessoratividades\\\/\"]}]}<\/script>\n<!-- \/ Yoast SEO plugin. -->","yoast_head_json":{"title":"Painel - Carnaval na escola \u00e9 s\u00f3 alegria! - Loja SOS Professor Atividades","description":"Painel Carnaval na Escola \u00e9 s\u00f3 Alegria com 20 folhas A4, 112x100 cm. Decora\u00e7\u00e3o pedag\u00f3gica colorida para trabalhar o Carnaval com anima\u00e7\u00e3o na sala.","robots":{"index":"index","follow":"follow","max-snippet":"max-snippet:-1","max-image-preview":"max-image-preview:large","max-video-preview":"max-video-preview:-1"},"canonical":"https:\/\/lojasosprofessoratividades.com.br\/en\/product\/painel-carnaval-na-escola-e-so-alegria\/","og_locale":"en_US","og_type":"article","og_title":"Painel - Carnaval na escola \u00e9 s\u00f3 alegria! - Loja SOS Professor Atividades","og_description":"Painel Carnaval na Escola \u00e9 s\u00f3 Alegria com 20 folhas A4, 112x100 cm. Decora\u00e7\u00e3o pedag\u00f3gica colorida para trabalhar o Carnaval com anima\u00e7\u00e3o na sala.","og_url":"https:\/\/lojasosprofessoratividades.com.br\/en\/product\/painel-carnaval-na-escola-e-so-alegria\/","og_site_name":"Loja SOS Professor Atividades","article_publisher":"https:\/\/www.facebook.com\/sosprofessoratividades","article_modified_time":"2026-05-08T17:05:53+00:00","og_image":[{"width":800,"height":693,"url":"https:\/\/lojasosprofessoratividades.com.br\/wp-content\/uploads\/2025\/02\/1-1.jpg","type":"image\/jpeg"}],"twitter_card":"summary_large_image","twitter_misc":{"Est. reading time":"1 minute"},"schema":{"@context":"https:\/\/schema.org","@graph":[{"@type":"WebPage","@id":"https:\/\/lojasosprofessoratividades.com.br\/produto\/painel-carnaval-na-escola-e-so-alegria\/","url":"https:\/\/lojasosprofessoratividades.com.br\/produto\/painel-carnaval-na-escola-e-so-alegria\/","name":"Painel - Carnaval na escola \u00e9 s\u00f3 alegria! - Loja SOS Professor Atividades","isPartOf":{"@id":"https:\/\/lojasosprofessoratividades.com.br\/#website"},"primaryImageOfPage":{"@id":"https:\/\/lojasosprofessoratividades.com.br\/produto\/painel-carnaval-na-escola-e-so-alegria\/#primaryimage"},"image":{"@id":"https:\/\/lojasosprofessoratividades.com.br\/produto\/painel-carnaval-na-escola-e-so-alegria\/#primaryimage"},"thumbnailUrl":"https:\/\/lojasosprofessoratividades.com.br\/wp-content\/uploads\/2025\/02\/1-1.jpg","datePublished":"2026-01-13T13:35:09+00:00","dateModified":"2026-05-08T17:05:53+00:00","description":"Painel Carnaval na Escola \u00e9 s\u00f3 Alegria com 20 folhas A4, 112x100 cm. Decora\u00e7\u00e3o pedag\u00f3gica colorida para trabalhar o Carnaval com anima\u00e7\u00e3o na sala.","breadcrumb":{"@id":"https:\/\/lojasosprofessoratividades.com.br\/produto\/painel-carnaval-na-escola-e-so-alegria\/#breadcrumb"},"inLanguage":"en-US","potentialAction":[{"@type":"ReadAction","target":["https:\/\/lojasosprofessoratividades.com.br\/produto\/painel-carnaval-na-escola-e-so-alegria\/"]}]},{"@type":"ImageObject","inLanguage":"en-US","@id":"https:\/\/lojasosprofessoratividades.com.br\/produto\/painel-carnaval-na-escola-e-so-alegria\/#primaryimage","url":"https:\/\/lojasosprofessoratividades.com.br\/wp-content\/uploads\/2025\/02\/1-1.jpg","contentUrl":"https:\/\/lojasosprofessoratividades.com.br\/wp-content\/uploads\/2025\/02\/1-1.jpg","width":800,"height":693,"caption":"Painel - Carnaval na escola \u00e9 s\u00f3 alegria"},{"@type":"BreadcrumbList","@id":"https:\/\/lojasosprofessoratividades.com.br\/produto\/painel-carnaval-na-escola-e-so-alegria\/#breadcrumb","itemListElement":[{"@type":"ListItem","position":1,"name":"In\u00edcio","item":"https:\/\/lojasosprofessoratividades.com.br\/"},{"@type":"ListItem","position":2,"name":"Loja","item":"https:\/\/lojasosprofessoratividades.com.br\/loja\/"},{"@type":"ListItem","position":3,"name":"Painel &#8211; Carnaval na escola \u00e9 s\u00f3 alegria!"}]},{"@type":"WebSite","@id":"https:\/\/lojasosprofessoratividades.com.br\/#website","url":"https:\/\/lojasosprofessoratividades.com.br\/","name":"Loja SOS Professor Atividades","description":"Venda de material did\u00e1tico para o ensino fundamental","publisher":{"@id":"https:\/\/lojasosprofessoratividades.com.br\/#organization"},"potentialAction":[{"@type":"SearchAction","target":{"@type":"EntryPoint","urlTemplate":"https:\/\/lojasosprofessoratividades.com.br\/?s={search_term_string}"},"query-input":{"@type":"PropertyValueSpecification","valueRequired":true,"valueName":"search_term_string"}}],"inLanguage":"en-US"},{"@type":"Organization","@id":"https:\/\/lojasosprofessoratividades.com.br\/#organization","name":"Loja SOS Professor Atividades","url":"https:\/\/lojasosprofessoratividades.com.br\/","logo":{"@type":"ImageObject","inLanguage":"en-US","@id":"https:\/\/lojasosprofessoratividades.com.br\/#\/schema\/logo\/image\/","url":"http:\/\/lojasosprofessoratividades.com.br\/wp-content\/uploads\/2022\/04\/Logo.png","contentUrl":"http:\/\/lojasosprofessoratividades.com.br\/wp-content\/uploads\/2022\/04\/Logo.png","width":2000,"height":2000,"caption":"Loja SOS Professor Atividades"},"image":{"@id":"https:\/\/lojasosprofessoratividades.com.br\/#\/schema\/logo\/image\/"},"sameAs":["https:\/\/www.facebook.com\/sosprofessoratividades","https:\/\/www.instagram.com\/sosprofessoratividades\/"]}]}},"_links":{"self":[{"href":"https:\/\/lojasosprofessoratividades.com.br\/en\/wp-json\/wp\/v2\/product\/33495","targetHints":{"allow":["GET"]}}],"collection":[{"href":"https:\/\/lojasosprofessoratividades.com.br\/en\/wp-json\/wp\/v2\/product"}],"about":[{"href":"https:\/\/lojasosprofessoratividades.com.br\/en\/wp-json\/wp\/v2\/types\/product"}],"replies":[{"embeddable":true,"href":"https:\/\/lojasosprofessoratividades.com.br\/en\/wp-json\/wp\/v2\/comments?post=33495"}],"wp:featuredmedia":[{"embeddable":true,"href":"https:\/\/lojasosprofessoratividades.com.br\/en\/wp-json\/wp\/v2\/media\/33497"}],"wp:attachment":[{"href":"https:\/\/lojasosprofessoratividades.com.br\/en\/wp-json\/wp\/v2\/media?parent=33495"}],"wp:term":[{"taxonomy":"product_brand","embeddable":true,"href":"https:\/\/lojasosprofessoratividades.com.br\/en\/wp-json\/wp\/v2\/product_brand?post=33495"},{"taxonomy":"product_cat","embeddable":true,"href":"https:\/\/lojasosprofessoratividades.com.br\/en\/wp-json\/wp\/v2\/product_cat?post=33495"},{"taxonomy":"product_tag","embeddable":true,"href":"https:\/\/lojasosprofessoratividades.com.br\/en\/wp-json\/wp\/v2\/product_tag?post=33495"}],"curies":[{"name":"wp","href":"https:\/\/api.w.org\/{rel}","templated":true}]}}