{"id":33550,"date":"2026-03-23T07:00:15","date_gmt":"2026-03-23T10:00:15","guid":{"rendered":"https:\/\/lojasosprofessoratividades.com.br\/?post_type=product&#038;p=33550"},"modified":"2026-05-08T13:54:04","modified_gmt":"2026-05-08T16:54:04","slug":"agua-atividade-interativa","status":"publish","type":"product","link":"https:\/\/lojasosprofessoratividades.com.br\/en\/product\/agua-atividade-interativa\/","title":{"rendered":"\u00c1gua &#8211; atividade interativa"},"content":{"rendered":"","protected":false},"excerpt":{"rendered":"<p data-start=\"58\" data-end=\"380\">Que tal ensinar a import\u00e2ncia da \u00e1gua de forma <strong data-start=\"105\" data-end=\"130\">din\u00e2mica e envolvente<\/strong>?<\/p>\n<p data-start=\"58\" data-end=\"380\">Nossa atividade interativa em formato de <strong data-start=\"173\" data-end=\"201\">Squeeze (garrafa d&#8217;\u00e1gua)<\/strong> incentiva os alunos a refletirem sobre: <br data-start=\"241\" data-end=\"244\" \/>\u200b\u200b\u2705 As utilidades da \u00e1gua\u00a0<br data-start=\"270\" data-end=\"273\" \/>\u2705 Formas de economia\u00a0<br data-start=\"298\" data-end=\"301\" \/>\u2705 O que \u00e9 desperd\u00edcio\u00a0<br data-start=\"325\" data-end=\"328\" \/>\u2705 Como sua fam\u00edlia contribui para a preserva\u00e7\u00e3o<\/p>\n<p data-start=\"382\" data-end=\"560\">E para tornar tudo ainda mais especial, <strong data-start=\"422\" data-end=\"445\">um r\u00f3tulo exclusivo<\/strong> para colar no tubete de <strong data-start=\"470\" data-end=\"491\">bolinhas de sab\u00e3o<\/strong>, transformando a aula em um momento de aprendizado e divers\u00e3o!<\/p>\n<p data-start=\"382\" data-end=\"560\"><em><strong>N\u00e3o<\/strong><\/em> edit\u00e1vel.<\/p>\n<p data-start=\"562\" data-end=\"720\">Imagine seus alunos no p\u00e1tio, soltando bolinhas e explorando a <strong data-start=\"625\" data-end=\"643\">m\u00e1gica da \u00e1gua<\/strong> de um jeito leve e inesquec\u00edvel! Perfeito para o <strong data-start=\"693\" data-end=\"717\">Ensino Fundamental 1<\/strong> !<\/p>\n<p data-start=\"722\" data-end=\"783\" data-is-last-node=\"\"><strong data-start=\"725\" data-end=\"780\">Professores, garantam j\u00e1 essa experi\u00eancia incr\u00edvel!<\/strong><\/p>\n<h3>N\u00e3o enviamos por e-mail, a entrega \u00e9 via link para download. \ud83d\udc47<\/h3>\n<p data-start=\"722\" data-end=\"783\" data-is-last-node=\"\"><img loading=\"lazy\" decoding=\"async\" class=\"alignnone wp-image-38009 size-full\" src=\"https:\/\/lojasosprofessoratividades.com.br\/wp-content\/uploads\/2026\/02\/Como-baixar-2.jpg\" alt=\"\" width=\"446\" height=\"251\" srcset=\"https:\/\/lojasosprofessoratividades.com.br\/wp-content\/uploads\/2026\/02\/Como-baixar-2.jpg 446w, https:\/\/lojasosprofessoratividades.com.br\/wp-content\/uploads\/2026\/02\/Como-baixar-2-300x169.jpg 300w, https:\/\/lojasosprofessoratividades.com.br\/wp-content\/uploads\/2026\/02\/Como-baixar-2-18x10.jpg 18w\" sizes=\"auto, (max-width: 446px) 100vw, 446px\" \/><\/p>","protected":false},"featured_media":33551,"comment_status":"open","ping_status":"closed","template":"","meta":[],"product_brand":[],"product_cat":[122,123,124,125,127,180,191,199,135,187],"product_tag":[1205,333,399,1211,1207,1208,1210,245,1206,1209],"class_list":{"0":"post-33550","1":"product","2":"type-product","3":"status-publish","4":"has-post-thumbnail","6":"product_cat-1o-ano","7":"product_cat-2o-ano","8":"product_cat-3o-ano","9":"product_cat-4o-ano","10":"product_cat-5o-ano","11":"product_cat-atividades-interativas-2-ano","12":"product_cat-atividades-interativas-4-ano","13":"product_cat-atividades-interativas-5-anos","14":"product_cat-atividades-interativas-1-ano","15":"product_cat-atividades-interativas-3-ano","16":"product_tag-agua","17":"product_tag-atividade-interativa","18":"product_tag-atividade-ludica","19":"product_tag-bolinhas-de-sabao","20":"product_tag-consumo-consciente","21":"product_tag-desperdicio-de-agua","22":"product_tag-educacao-ambiental","23":"product_tag-ensino-fundamental","24":"product_tag-meio-ambiente","25":"product_tag-preservacao-da-agua","27":"first","28":"instock","29":"downloadable","30":"virtual","31":"sold-individually","32":"purchasable","33":"product-type-simple"},"yoast_head":"<!-- This site is optimized with the Yoast SEO plugin v27.5 - https:\/\/yoast.com\/product\/yoast-seo-wordpress\/ -->\n<title>\u00c1gua - atividade interativa - Loja SOS Professor Atividades<\/title>\n<meta name=\"description\" content=\"Ensine a import\u00e2ncia da \u00e1gua com atividade interativa em formato de squeeze. Alunos escrevem sobre uso consciente. Inclui r\u00f3tulo para bolinhas de sab\u00e3o.\" \/>\n<meta name=\"robots\" content=\"index, follow, max-snippet:-1, max-image-preview:large, max-video-preview:-1\" \/>\n<link rel=\"canonical\" href=\"https:\/\/lojasosprofessoratividades.com.br\/en\/product\/agua-atividade-interativa\/\" \/>\n<meta property=\"og:locale\" content=\"en_US\" \/>\n<meta property=\"og:type\" content=\"article\" \/>\n<meta property=\"og:title\" content=\"\u00c1gua - atividade interativa - Loja SOS Professor Atividades\" \/>\n<meta property=\"og:description\" content=\"Ensine a import\u00e2ncia da \u00e1gua com atividade interativa em formato de squeeze. Alunos escrevem sobre uso consciente. Inclui r\u00f3tulo para bolinhas de sab\u00e3o.\" \/>\n<meta property=\"og:url\" content=\"https:\/\/lojasosprofessoratividades.com.br\/en\/product\/agua-atividade-interativa\/\" \/>\n<meta property=\"og:site_name\" content=\"Loja SOS Professor Atividades\" \/>\n<meta property=\"article:publisher\" content=\"https:\/\/www.facebook.com\/sosprofessoratividades\" \/>\n<meta property=\"article:modified_time\" content=\"2026-05-08T16:54:04+00:00\" \/>\n<meta property=\"og:image\" content=\"https:\/\/lojasosprofessoratividades.com.br\/wp-content\/uploads\/2025\/02\/1-3.jpg\" \/>\n\t<meta property=\"og:image:width\" content=\"800\" \/>\n\t<meta property=\"og:image:height\" content=\"693\" \/>\n\t<meta property=\"og:image:type\" content=\"image\/jpeg\" \/>\n<meta name=\"twitter:card\" content=\"summary_large_image\" \/>\n<meta name=\"twitter:label1\" content=\"Est. reading time\" \/>\n\t<meta name=\"twitter:data1\" content=\"1 minute\" \/>\n<script type=\"application\/ld+json\" class=\"yoast-schema-graph\">{\"@context\":\"https:\\\/\\\/schema.org\",\"@graph\":[{\"@type\":\"WebPage\",\"@id\":\"https:\\\/\\\/lojasosprofessoratividades.com.br\\\/produto\\\/agua-atividade-interativa\\\/\",\"url\":\"https:\\\/\\\/lojasosprofessoratividades.com.br\\\/produto\\\/agua-atividade-interativa\\\/\",\"name\":\"\u00c1gua - atividade interativa - Loja SOS Professor Atividades\",\"isPartOf\":{\"@id\":\"https:\\\/\\\/lojasosprofessoratividades.com.br\\\/#website\"},\"primaryImageOfPage\":{\"@id\":\"https:\\\/\\\/lojasosprofessoratividades.com.br\\\/produto\\\/agua-atividade-interativa\\\/#primaryimage\"},\"image\":{\"@id\":\"https:\\\/\\\/lojasosprofessoratividades.com.br\\\/produto\\\/agua-atividade-interativa\\\/#primaryimage\"},\"thumbnailUrl\":\"https:\\\/\\\/lojasosprofessoratividades.com.br\\\/wp-content\\\/uploads\\\/2025\\\/02\\\/1-3.jpg\",\"datePublished\":\"2026-03-23T10:00:15+00:00\",\"dateModified\":\"2026-05-08T16:54:04+00:00\",\"description\":\"Ensine a import\u00e2ncia da \u00e1gua com atividade interativa em formato de squeeze. Alunos escrevem sobre uso consciente. Inclui r\u00f3tulo para bolinhas de sab\u00e3o.\",\"breadcrumb\":{\"@id\":\"https:\\\/\\\/lojasosprofessoratividades.com.br\\\/produto\\\/agua-atividade-interativa\\\/#breadcrumb\"},\"inLanguage\":\"en-US\",\"potentialAction\":[{\"@type\":\"ReadAction\",\"target\":[\"https:\\\/\\\/lojasosprofessoratividades.com.br\\\/produto\\\/agua-atividade-interativa\\\/\"]}]},{\"@type\":\"ImageObject\",\"inLanguage\":\"en-US\",\"@id\":\"https:\\\/\\\/lojasosprofessoratividades.com.br\\\/produto\\\/agua-atividade-interativa\\\/#primaryimage\",\"url\":\"https:\\\/\\\/lojasosprofessoratividades.com.br\\\/wp-content\\\/uploads\\\/2025\\\/02\\\/1-3.jpg\",\"contentUrl\":\"https:\\\/\\\/lojasosprofessoratividades.com.br\\\/wp-content\\\/uploads\\\/2025\\\/02\\\/1-3.jpg\",\"width\":800,\"height\":693,\"caption\":\"\u00c1gua - atividade interativa\"},{\"@type\":\"BreadcrumbList\",\"@id\":\"https:\\\/\\\/lojasosprofessoratividades.com.br\\\/produto\\\/agua-atividade-interativa\\\/#breadcrumb\",\"itemListElement\":[{\"@type\":\"ListItem\",\"position\":1,\"name\":\"In\u00edcio\",\"item\":\"https:\\\/\\\/lojasosprofessoratividades.com.br\\\/\"},{\"@type\":\"ListItem\",\"position\":2,\"name\":\"Loja\",\"item\":\"https:\\\/\\\/lojasosprofessoratividades.com.br\\\/loja\\\/\"},{\"@type\":\"ListItem\",\"position\":3,\"name\":\"\u00c1gua &#8211; atividade interativa\"}]},{\"@type\":\"WebSite\",\"@id\":\"https:\\\/\\\/lojasosprofessoratividades.com.br\\\/#website\",\"url\":\"https:\\\/\\\/lojasosprofessoratividades.com.br\\\/\",\"name\":\"Loja SOS Professor Atividades\",\"description\":\"Venda de material did\u00e1tico para o ensino fundamental\",\"publisher\":{\"@id\":\"https:\\\/\\\/lojasosprofessoratividades.com.br\\\/#organization\"},\"potentialAction\":[{\"@type\":\"SearchAction\",\"target\":{\"@type\":\"EntryPoint\",\"urlTemplate\":\"https:\\\/\\\/lojasosprofessoratividades.com.br\\\/?s={search_term_string}\"},\"query-input\":{\"@type\":\"PropertyValueSpecification\",\"valueRequired\":true,\"valueName\":\"search_term_string\"}}],\"inLanguage\":\"en-US\"},{\"@type\":\"Organization\",\"@id\":\"https:\\\/\\\/lojasosprofessoratividades.com.br\\\/#organization\",\"name\":\"Loja SOS Professor Atividades\",\"url\":\"https:\\\/\\\/lojasosprofessoratividades.com.br\\\/\",\"logo\":{\"@type\":\"ImageObject\",\"inLanguage\":\"en-US\",\"@id\":\"https:\\\/\\\/lojasosprofessoratividades.com.br\\\/#\\\/schema\\\/logo\\\/image\\\/\",\"url\":\"http:\\\/\\\/lojasosprofessoratividades.com.br\\\/wp-content\\\/uploads\\\/2022\\\/04\\\/Logo.png\",\"contentUrl\":\"http:\\\/\\\/lojasosprofessoratividades.com.br\\\/wp-content\\\/uploads\\\/2022\\\/04\\\/Logo.png\",\"width\":2000,\"height\":2000,\"caption\":\"Loja SOS Professor Atividades\"},\"image\":{\"@id\":\"https:\\\/\\\/lojasosprofessoratividades.com.br\\\/#\\\/schema\\\/logo\\\/image\\\/\"},\"sameAs\":[\"https:\\\/\\\/www.facebook.com\\\/sosprofessoratividades\",\"https:\\\/\\\/www.instagram.com\\\/sosprofessoratividades\\\/\"]}]}<\/script>\n<!-- \/ Yoast SEO plugin. -->","yoast_head_json":{"title":"\u00c1gua - atividade interativa - Loja SOS Professor Atividades","description":"Ensine a import\u00e2ncia da \u00e1gua com atividade interativa em formato de squeeze. Alunos escrevem sobre uso consciente. Inclui r\u00f3tulo para bolinhas de sab\u00e3o.","robots":{"index":"index","follow":"follow","max-snippet":"max-snippet:-1","max-image-preview":"max-image-preview:large","max-video-preview":"max-video-preview:-1"},"canonical":"https:\/\/lojasosprofessoratividades.com.br\/en\/product\/agua-atividade-interativa\/","og_locale":"en_US","og_type":"article","og_title":"\u00c1gua - atividade interativa - Loja SOS Professor Atividades","og_description":"Ensine a import\u00e2ncia da \u00e1gua com atividade interativa em formato de squeeze. Alunos escrevem sobre uso consciente. Inclui r\u00f3tulo para bolinhas de sab\u00e3o.","og_url":"https:\/\/lojasosprofessoratividades.com.br\/en\/product\/agua-atividade-interativa\/","og_site_name":"Loja SOS Professor Atividades","article_publisher":"https:\/\/www.facebook.com\/sosprofessoratividades","article_modified_time":"2026-05-08T16:54:04+00:00","og_image":[{"width":800,"height":693,"url":"https:\/\/lojasosprofessoratividades.com.br\/wp-content\/uploads\/2025\/02\/1-3.jpg","type":"image\/jpeg"}],"twitter_card":"summary_large_image","twitter_misc":{"Est. reading time":"1 minute"},"schema":{"@context":"https:\/\/schema.org","@graph":[{"@type":"WebPage","@id":"https:\/\/lojasosprofessoratividades.com.br\/produto\/agua-atividade-interativa\/","url":"https:\/\/lojasosprofessoratividades.com.br\/produto\/agua-atividade-interativa\/","name":"\u00c1gua - atividade interativa - Loja SOS Professor Atividades","isPartOf":{"@id":"https:\/\/lojasosprofessoratividades.com.br\/#website"},"primaryImageOfPage":{"@id":"https:\/\/lojasosprofessoratividades.com.br\/produto\/agua-atividade-interativa\/#primaryimage"},"image":{"@id":"https:\/\/lojasosprofessoratividades.com.br\/produto\/agua-atividade-interativa\/#primaryimage"},"thumbnailUrl":"https:\/\/lojasosprofessoratividades.com.br\/wp-content\/uploads\/2025\/02\/1-3.jpg","datePublished":"2026-03-23T10:00:15+00:00","dateModified":"2026-05-08T16:54:04+00:00","description":"Ensine a import\u00e2ncia da \u00e1gua com atividade interativa em formato de squeeze. Alunos escrevem sobre uso consciente. Inclui r\u00f3tulo para bolinhas de sab\u00e3o.","breadcrumb":{"@id":"https:\/\/lojasosprofessoratividades.com.br\/produto\/agua-atividade-interativa\/#breadcrumb"},"inLanguage":"en-US","potentialAction":[{"@type":"ReadAction","target":["https:\/\/lojasosprofessoratividades.com.br\/produto\/agua-atividade-interativa\/"]}]},{"@type":"ImageObject","inLanguage":"en-US","@id":"https:\/\/lojasosprofessoratividades.com.br\/produto\/agua-atividade-interativa\/#primaryimage","url":"https:\/\/lojasosprofessoratividades.com.br\/wp-content\/uploads\/2025\/02\/1-3.jpg","contentUrl":"https:\/\/lojasosprofessoratividades.com.br\/wp-content\/uploads\/2025\/02\/1-3.jpg","width":800,"height":693,"caption":"\u00c1gua - atividade interativa"},{"@type":"BreadcrumbList","@id":"https:\/\/lojasosprofessoratividades.com.br\/produto\/agua-atividade-interativa\/#breadcrumb","itemListElement":[{"@type":"ListItem","position":1,"name":"In\u00edcio","item":"https:\/\/lojasosprofessoratividades.com.br\/"},{"@type":"ListItem","position":2,"name":"Loja","item":"https:\/\/lojasosprofessoratividades.com.br\/loja\/"},{"@type":"ListItem","position":3,"name":"\u00c1gua &#8211; atividade interativa"}]},{"@type":"WebSite","@id":"https:\/\/lojasosprofessoratividades.com.br\/#website","url":"https:\/\/lojasosprofessoratividades.com.br\/","name":"Loja SOS Professor Atividades","description":"Venda de material did\u00e1tico para o ensino fundamental","publisher":{"@id":"https:\/\/lojasosprofessoratividades.com.br\/#organization"},"potentialAction":[{"@type":"SearchAction","target":{"@type":"EntryPoint","urlTemplate":"https:\/\/lojasosprofessoratividades.com.br\/?s={search_term_string}"},"query-input":{"@type":"PropertyValueSpecification","valueRequired":true,"valueName":"search_term_string"}}],"inLanguage":"en-US"},{"@type":"Organization","@id":"https:\/\/lojasosprofessoratividades.com.br\/#organization","name":"Loja SOS Professor Atividades","url":"https:\/\/lojasosprofessoratividades.com.br\/","logo":{"@type":"ImageObject","inLanguage":"en-US","@id":"https:\/\/lojasosprofessoratividades.com.br\/#\/schema\/logo\/image\/","url":"http:\/\/lojasosprofessoratividades.com.br\/wp-content\/uploads\/2022\/04\/Logo.png","contentUrl":"http:\/\/lojasosprofessoratividades.com.br\/wp-content\/uploads\/2022\/04\/Logo.png","width":2000,"height":2000,"caption":"Loja SOS Professor Atividades"},"image":{"@id":"https:\/\/lojasosprofessoratividades.com.br\/#\/schema\/logo\/image\/"},"sameAs":["https:\/\/www.facebook.com\/sosprofessoratividades","https:\/\/www.instagram.com\/sosprofessoratividades\/"]}]}},"_links":{"self":[{"href":"https:\/\/lojasosprofessoratividades.com.br\/en\/wp-json\/wp\/v2\/product\/33550","targetHints":{"allow":["GET"]}}],"collection":[{"href":"https:\/\/lojasosprofessoratividades.com.br\/en\/wp-json\/wp\/v2\/product"}],"about":[{"href":"https:\/\/lojasosprofessoratividades.com.br\/en\/wp-json\/wp\/v2\/types\/product"}],"replies":[{"embeddable":true,"href":"https:\/\/lojasosprofessoratividades.com.br\/en\/wp-json\/wp\/v2\/comments?post=33550"}],"wp:featuredmedia":[{"embeddable":true,"href":"https:\/\/lojasosprofessoratividades.com.br\/en\/wp-json\/wp\/v2\/media\/33551"}],"wp:attachment":[{"href":"https:\/\/lojasosprofessoratividades.com.br\/en\/wp-json\/wp\/v2\/media?parent=33550"}],"wp:term":[{"taxonomy":"product_brand","embeddable":true,"href":"https:\/\/lojasosprofessoratividades.com.br\/en\/wp-json\/wp\/v2\/product_brand?post=33550"},{"taxonomy":"product_cat","embeddable":true,"href":"https:\/\/lojasosprofessoratividades.com.br\/en\/wp-json\/wp\/v2\/product_cat?post=33550"},{"taxonomy":"product_tag","embeddable":true,"href":"https:\/\/lojasosprofessoratividades.com.br\/en\/wp-json\/wp\/v2\/product_tag?post=33550"}],"curies":[{"name":"wp","href":"https:\/\/api.w.org\/{rel}","templated":true}]}}