{"id":33572,"date":"2026-01-25T13:57:24","date_gmt":"2026-01-25T16:57:24","guid":{"rendered":"https:\/\/lojasosprofessoratividades.com.br\/?post_type=product&#038;p=33572"},"modified":"2026-05-08T14:07:38","modified_gmt":"2026-05-08T17:07:38","slug":"rei-momo","status":"publish","type":"product","link":"https:\/\/lojasosprofessoratividades.com.br\/en\/product\/rei-momo\/","title":{"rendered":"Rei Momo"},"content":{"rendered":"","protected":false},"excerpt":{"rendered":"<p data-start=\"50\" data-end=\"342\">Que tal levar para sua turma do <strong data-start=\"85\" data-end=\"95\">5\u00ba ano<\/strong> um material completo sobre o <strong data-start=\"125\" data-end=\"137\">Rei Momo<\/strong>, figura ic\u00f4nica do Carnaval?<\/p>\n<p data-start=\"50\" data-end=\"342\">Este arquivo (n\u00e3o edit\u00e1vel) riqu\u00edssimo traz atividades que unem <strong data-start=\"216\" data-end=\"284\">hist\u00f3ria, interpreta\u00e7\u00e3o, produ\u00e7\u00e3o de texto e an\u00e1lise de folheto<\/strong>, promovendo aprendizado de forma din\u00e2mica e envolvente!<\/p>\n<p data-start=\"344\" data-end=\"753\">\ud83d\udcccO <strong data-start=\"347\" data-end=\"383\">que voc\u00ea encontra no material?<\/strong><br data-start=\"383\" data-end=\"386\" \/>\u2705 <strong data-start=\"461\" data-end=\"490\">Plano de aula estruturado<\/strong> para dois dias de atividades <br data-start=\"519\" data-end=\"522\" \/>\u2705 <strong data-start=\"524\" data-end=\"545\">Texto informativo<\/strong> sobre a origem do Rei Momo <br data-start=\"572\" data-end=\"575\" \/>\u2705 <strong data-start=\"577\" data-end=\"617\">Atividades de interpreta\u00e7\u00e3o de texto<\/strong><br data-start=\"617\" data-end=\"620\" \/>\u2705 <strong data-start=\"622\" data-end=\"668\">Uso do dicion\u00e1rio e sequenciamento textual<\/strong><br data-start=\"668\" data-end=\"671\" \/>\u2705 <strong data-start=\"673\" data-end=\"718\">Produ\u00e7\u00e3o de texto e cria\u00e7\u00e3o de um folheto<\/strong><br data-start=\"718\" data-end=\"721\" \/>\u2705 <strong data-start=\"723\" data-end=\"767\">An\u00e1lise da linguagem verbal e n\u00e3o verbal<\/strong> em materiais gr\u00e1ficos <br data-start=\"789\" data-end=\"792\" \/>\u2705 <strong data-start=\"794\" data-end=\"815\">Cartaz do folheto<\/strong> para uso interativo com a turma<br data-start=\"708\" data-end=\"711\" \/>\u2705 <strong data-start=\"713\" data-end=\"725\">Gabarito<\/strong> para facilitar a corre\u00e7\u00e3o<\/p>\n<p data-start=\"755\" data-end=\"851\">\ud83d\udcda <strong data-start=\"899\" data-end=\"963\">Um recurso completo para ensinar com divers\u00e3o e significado!<\/strong><\/p>\n<h3>N\u00e3o enviamos por e-mail, a entrega \u00e9 via link para download.\u00a0<img decoding=\"async\" class=\"emoji\" role=\"img\" draggable=\"false\" src=\"https:\/\/s.w.org\/images\/core\/emoji\/17.0.2\/svg\/1f447.svg\" alt=\"\ud83d\udc47\" \/><\/h3>\n<p><img loading=\"lazy\" decoding=\"async\" class=\"alignnone wp-image-33408 size-full\" src=\"https:\/\/lojasosprofessoratividades.com.br\/wp-content\/uploads\/2025\/02\/Aviso-Loja.jpg\" alt=\"\" width=\"446\" height=\"251\" srcset=\"https:\/\/lojasosprofessoratividades.com.br\/wp-content\/uploads\/2025\/02\/Aviso-Loja.jpg 446w, https:\/\/lojasosprofessoratividades.com.br\/wp-content\/uploads\/2025\/02\/Aviso-Loja-300x169.jpg 300w, https:\/\/lojasosprofessoratividades.com.br\/wp-content\/uploads\/2025\/02\/Aviso-Loja-18x10.jpg 18w\" sizes=\"auto, (max-width: 446px) 100vw, 446px\" \/><\/p>","protected":false},"featured_media":33573,"comment_status":"open","ping_status":"closed","template":"","meta":[],"product_brand":[],"product_cat":[127,218,204,217],"product_tag":[248,2184,1551,1221,383,3477,746,1363,1222,245,1219,1218,250,1220,643,398,251,1217],"class_list":{"0":"post-33572","1":"product","2":"type-product","3":"status-publish","4":"has-post-thumbnail","6":"product_cat-5o-ano","7":"product_cat-data-comemorativa-5-ano","8":"product_cat-portugues-5-anos","9":"product_cat-recursos-didaticos-5-ano","10":"product_tag-5o-ano","11":"product_tag-arte-e-cultura-brasileira","12":"product_tag-atividades-5o-ano","13":"product_tag-atividades-de-leitura-e-escrita","14":"product_tag-carnaval","15":"product_tag-carnaval-pedagogico","16":"product_tag-cartaz-educativo","17":"product_tag-datas-comemorativas","18":"product_tag-educacao-criativa","19":"product_tag-ensino-fundamental","20":"product_tag-folheto","21":"product_tag-historia-do-rei-momo","22":"product_tag-interpretacao-de-texto","23":"product_tag-linguagem-verbal-e-nao-verbal","24":"product_tag-material-pedagogico","25":"product_tag-plano-de-aula","26":"product_tag-producao-de-texto","27":"product_tag-rei-momo","29":"first","30":"instock","31":"downloadable","32":"virtual","33":"sold-individually","34":"purchasable","35":"product-type-simple"},"yoast_head":"<!-- This site is optimized with the Yoast SEO plugin v27.5 - https:\/\/yoast.com\/product\/yoast-seo-wordpress\/ -->\n<title>Rei Momo - Loja SOS Professor Atividades<\/title>\n<meta name=\"description\" content=\"Arquivo sobre o Rei Momo para 5\u00ba ano com plano de aula, texto, interpreta\u00e7\u00e3o, produ\u00e7\u00e3o escrita, linguagem verbal e cartaz interativo.\" \/>\n<meta name=\"robots\" content=\"index, follow, max-snippet:-1, max-image-preview:large, max-video-preview:-1\" \/>\n<link rel=\"canonical\" href=\"https:\/\/lojasosprofessoratividades.com.br\/en\/product\/rei-momo\/\" \/>\n<meta property=\"og:locale\" content=\"en_US\" \/>\n<meta property=\"og:type\" content=\"article\" \/>\n<meta property=\"og:title\" content=\"Rei Momo - Loja SOS Professor Atividades\" \/>\n<meta property=\"og:description\" content=\"Arquivo sobre o Rei Momo para 5\u00ba ano com plano de aula, texto, interpreta\u00e7\u00e3o, produ\u00e7\u00e3o escrita, linguagem verbal e cartaz interativo.\" \/>\n<meta property=\"og:url\" content=\"https:\/\/lojasosprofessoratividades.com.br\/en\/product\/rei-momo\/\" \/>\n<meta property=\"og:site_name\" content=\"Loja SOS Professor Atividades\" \/>\n<meta property=\"article:publisher\" content=\"https:\/\/www.facebook.com\/sosprofessoratividades\" \/>\n<meta property=\"article:modified_time\" content=\"2026-05-08T17:07:38+00:00\" \/>\n<meta property=\"og:image\" content=\"https:\/\/lojasosprofessoratividades.com.br\/wp-content\/uploads\/2025\/02\/1-4.jpg\" \/>\n\t<meta property=\"og:image:width\" content=\"800\" \/>\n\t<meta property=\"og:image:height\" content=\"693\" \/>\n\t<meta property=\"og:image:type\" content=\"image\/jpeg\" \/>\n<meta name=\"twitter:card\" content=\"summary_large_image\" \/>\n<meta name=\"twitter:label1\" content=\"Est. reading time\" \/>\n\t<meta name=\"twitter:data1\" content=\"1 minute\" \/>\n<script type=\"application\/ld+json\" class=\"yoast-schema-graph\">{\"@context\":\"https:\\\/\\\/schema.org\",\"@graph\":[{\"@type\":\"WebPage\",\"@id\":\"https:\\\/\\\/lojasosprofessoratividades.com.br\\\/produto\\\/rei-momo\\\/\",\"url\":\"https:\\\/\\\/lojasosprofessoratividades.com.br\\\/produto\\\/rei-momo\\\/\",\"name\":\"Rei Momo - Loja SOS Professor Atividades\",\"isPartOf\":{\"@id\":\"https:\\\/\\\/lojasosprofessoratividades.com.br\\\/#website\"},\"primaryImageOfPage\":{\"@id\":\"https:\\\/\\\/lojasosprofessoratividades.com.br\\\/produto\\\/rei-momo\\\/#primaryimage\"},\"image\":{\"@id\":\"https:\\\/\\\/lojasosprofessoratividades.com.br\\\/produto\\\/rei-momo\\\/#primaryimage\"},\"thumbnailUrl\":\"https:\\\/\\\/lojasosprofessoratividades.com.br\\\/wp-content\\\/uploads\\\/2025\\\/02\\\/1-4.jpg\",\"datePublished\":\"2026-01-25T16:57:24+00:00\",\"dateModified\":\"2026-05-08T17:07:38+00:00\",\"description\":\"Arquivo sobre o Rei Momo para 5\u00ba ano com plano de aula, texto, interpreta\u00e7\u00e3o, produ\u00e7\u00e3o escrita, linguagem verbal e cartaz interativo.\",\"breadcrumb\":{\"@id\":\"https:\\\/\\\/lojasosprofessoratividades.com.br\\\/produto\\\/rei-momo\\\/#breadcrumb\"},\"inLanguage\":\"en-US\",\"potentialAction\":[{\"@type\":\"ReadAction\",\"target\":[\"https:\\\/\\\/lojasosprofessoratividades.com.br\\\/produto\\\/rei-momo\\\/\"]}]},{\"@type\":\"ImageObject\",\"inLanguage\":\"en-US\",\"@id\":\"https:\\\/\\\/lojasosprofessoratividades.com.br\\\/produto\\\/rei-momo\\\/#primaryimage\",\"url\":\"https:\\\/\\\/lojasosprofessoratividades.com.br\\\/wp-content\\\/uploads\\\/2025\\\/02\\\/1-4.jpg\",\"contentUrl\":\"https:\\\/\\\/lojasosprofessoratividades.com.br\\\/wp-content\\\/uploads\\\/2025\\\/02\\\/1-4.jpg\",\"width\":800,\"height\":693,\"caption\":\"Rei Momo\"},{\"@type\":\"BreadcrumbList\",\"@id\":\"https:\\\/\\\/lojasosprofessoratividades.com.br\\\/produto\\\/rei-momo\\\/#breadcrumb\",\"itemListElement\":[{\"@type\":\"ListItem\",\"position\":1,\"name\":\"In\u00edcio\",\"item\":\"https:\\\/\\\/lojasosprofessoratividades.com.br\\\/\"},{\"@type\":\"ListItem\",\"position\":2,\"name\":\"Loja\",\"item\":\"https:\\\/\\\/lojasosprofessoratividades.com.br\\\/loja\\\/\"},{\"@type\":\"ListItem\",\"position\":3,\"name\":\"Rei Momo\"}]},{\"@type\":\"WebSite\",\"@id\":\"https:\\\/\\\/lojasosprofessoratividades.com.br\\\/#website\",\"url\":\"https:\\\/\\\/lojasosprofessoratividades.com.br\\\/\",\"name\":\"Loja SOS Professor Atividades\",\"description\":\"Venda de material did\u00e1tico para o ensino fundamental\",\"publisher\":{\"@id\":\"https:\\\/\\\/lojasosprofessoratividades.com.br\\\/#organization\"},\"potentialAction\":[{\"@type\":\"SearchAction\",\"target\":{\"@type\":\"EntryPoint\",\"urlTemplate\":\"https:\\\/\\\/lojasosprofessoratividades.com.br\\\/?s={search_term_string}\"},\"query-input\":{\"@type\":\"PropertyValueSpecification\",\"valueRequired\":true,\"valueName\":\"search_term_string\"}}],\"inLanguage\":\"en-US\"},{\"@type\":\"Organization\",\"@id\":\"https:\\\/\\\/lojasosprofessoratividades.com.br\\\/#organization\",\"name\":\"Loja SOS Professor Atividades\",\"url\":\"https:\\\/\\\/lojasosprofessoratividades.com.br\\\/\",\"logo\":{\"@type\":\"ImageObject\",\"inLanguage\":\"en-US\",\"@id\":\"https:\\\/\\\/lojasosprofessoratividades.com.br\\\/#\\\/schema\\\/logo\\\/image\\\/\",\"url\":\"http:\\\/\\\/lojasosprofessoratividades.com.br\\\/wp-content\\\/uploads\\\/2022\\\/04\\\/Logo.png\",\"contentUrl\":\"http:\\\/\\\/lojasosprofessoratividades.com.br\\\/wp-content\\\/uploads\\\/2022\\\/04\\\/Logo.png\",\"width\":2000,\"height\":2000,\"caption\":\"Loja SOS Professor Atividades\"},\"image\":{\"@id\":\"https:\\\/\\\/lojasosprofessoratividades.com.br\\\/#\\\/schema\\\/logo\\\/image\\\/\"},\"sameAs\":[\"https:\\\/\\\/www.facebook.com\\\/sosprofessoratividades\",\"https:\\\/\\\/www.instagram.com\\\/sosprofessoratividades\\\/\"]}]}<\/script>\n<!-- \/ Yoast SEO plugin. -->","yoast_head_json":{"title":"Rei Momo - Loja SOS Professor Atividades","description":"Arquivo sobre o Rei Momo para 5\u00ba ano com plano de aula, texto, interpreta\u00e7\u00e3o, produ\u00e7\u00e3o escrita, linguagem verbal e cartaz interativo.","robots":{"index":"index","follow":"follow","max-snippet":"max-snippet:-1","max-image-preview":"max-image-preview:large","max-video-preview":"max-video-preview:-1"},"canonical":"https:\/\/lojasosprofessoratividades.com.br\/en\/product\/rei-momo\/","og_locale":"en_US","og_type":"article","og_title":"Rei Momo - Loja SOS Professor Atividades","og_description":"Arquivo sobre o Rei Momo para 5\u00ba ano com plano de aula, texto, interpreta\u00e7\u00e3o, produ\u00e7\u00e3o escrita, linguagem verbal e cartaz interativo.","og_url":"https:\/\/lojasosprofessoratividades.com.br\/en\/product\/rei-momo\/","og_site_name":"Loja SOS Professor Atividades","article_publisher":"https:\/\/www.facebook.com\/sosprofessoratividades","article_modified_time":"2026-05-08T17:07:38+00:00","og_image":[{"width":800,"height":693,"url":"https:\/\/lojasosprofessoratividades.com.br\/wp-content\/uploads\/2025\/02\/1-4.jpg","type":"image\/jpeg"}],"twitter_card":"summary_large_image","twitter_misc":{"Est. reading time":"1 minute"},"schema":{"@context":"https:\/\/schema.org","@graph":[{"@type":"WebPage","@id":"https:\/\/lojasosprofessoratividades.com.br\/produto\/rei-momo\/","url":"https:\/\/lojasosprofessoratividades.com.br\/produto\/rei-momo\/","name":"Rei Momo - Loja SOS Professor Atividades","isPartOf":{"@id":"https:\/\/lojasosprofessoratividades.com.br\/#website"},"primaryImageOfPage":{"@id":"https:\/\/lojasosprofessoratividades.com.br\/produto\/rei-momo\/#primaryimage"},"image":{"@id":"https:\/\/lojasosprofessoratividades.com.br\/produto\/rei-momo\/#primaryimage"},"thumbnailUrl":"https:\/\/lojasosprofessoratividades.com.br\/wp-content\/uploads\/2025\/02\/1-4.jpg","datePublished":"2026-01-25T16:57:24+00:00","dateModified":"2026-05-08T17:07:38+00:00","description":"Arquivo sobre o Rei Momo para 5\u00ba ano com plano de aula, texto, interpreta\u00e7\u00e3o, produ\u00e7\u00e3o escrita, linguagem verbal e cartaz interativo.","breadcrumb":{"@id":"https:\/\/lojasosprofessoratividades.com.br\/produto\/rei-momo\/#breadcrumb"},"inLanguage":"en-US","potentialAction":[{"@type":"ReadAction","target":["https:\/\/lojasosprofessoratividades.com.br\/produto\/rei-momo\/"]}]},{"@type":"ImageObject","inLanguage":"en-US","@id":"https:\/\/lojasosprofessoratividades.com.br\/produto\/rei-momo\/#primaryimage","url":"https:\/\/lojasosprofessoratividades.com.br\/wp-content\/uploads\/2025\/02\/1-4.jpg","contentUrl":"https:\/\/lojasosprofessoratividades.com.br\/wp-content\/uploads\/2025\/02\/1-4.jpg","width":800,"height":693,"caption":"Rei Momo"},{"@type":"BreadcrumbList","@id":"https:\/\/lojasosprofessoratividades.com.br\/produto\/rei-momo\/#breadcrumb","itemListElement":[{"@type":"ListItem","position":1,"name":"In\u00edcio","item":"https:\/\/lojasosprofessoratividades.com.br\/"},{"@type":"ListItem","position":2,"name":"Loja","item":"https:\/\/lojasosprofessoratividades.com.br\/loja\/"},{"@type":"ListItem","position":3,"name":"Rei Momo"}]},{"@type":"WebSite","@id":"https:\/\/lojasosprofessoratividades.com.br\/#website","url":"https:\/\/lojasosprofessoratividades.com.br\/","name":"Loja SOS Professor Atividades","description":"Venda de material did\u00e1tico para o ensino fundamental","publisher":{"@id":"https:\/\/lojasosprofessoratividades.com.br\/#organization"},"potentialAction":[{"@type":"SearchAction","target":{"@type":"EntryPoint","urlTemplate":"https:\/\/lojasosprofessoratividades.com.br\/?s={search_term_string}"},"query-input":{"@type":"PropertyValueSpecification","valueRequired":true,"valueName":"search_term_string"}}],"inLanguage":"en-US"},{"@type":"Organization","@id":"https:\/\/lojasosprofessoratividades.com.br\/#organization","name":"Loja SOS Professor Atividades","url":"https:\/\/lojasosprofessoratividades.com.br\/","logo":{"@type":"ImageObject","inLanguage":"en-US","@id":"https:\/\/lojasosprofessoratividades.com.br\/#\/schema\/logo\/image\/","url":"http:\/\/lojasosprofessoratividades.com.br\/wp-content\/uploads\/2022\/04\/Logo.png","contentUrl":"http:\/\/lojasosprofessoratividades.com.br\/wp-content\/uploads\/2022\/04\/Logo.png","width":2000,"height":2000,"caption":"Loja SOS Professor Atividades"},"image":{"@id":"https:\/\/lojasosprofessoratividades.com.br\/#\/schema\/logo\/image\/"},"sameAs":["https:\/\/www.facebook.com\/sosprofessoratividades","https:\/\/www.instagram.com\/sosprofessoratividades\/"]}]}},"_links":{"self":[{"href":"https:\/\/lojasosprofessoratividades.com.br\/en\/wp-json\/wp\/v2\/product\/33572","targetHints":{"allow":["GET"]}}],"collection":[{"href":"https:\/\/lojasosprofessoratividades.com.br\/en\/wp-json\/wp\/v2\/product"}],"about":[{"href":"https:\/\/lojasosprofessoratividades.com.br\/en\/wp-json\/wp\/v2\/types\/product"}],"replies":[{"embeddable":true,"href":"https:\/\/lojasosprofessoratividades.com.br\/en\/wp-json\/wp\/v2\/comments?post=33572"}],"wp:featuredmedia":[{"embeddable":true,"href":"https:\/\/lojasosprofessoratividades.com.br\/en\/wp-json\/wp\/v2\/media\/33573"}],"wp:attachment":[{"href":"https:\/\/lojasosprofessoratividades.com.br\/en\/wp-json\/wp\/v2\/media?parent=33572"}],"wp:term":[{"taxonomy":"product_brand","embeddable":true,"href":"https:\/\/lojasosprofessoratividades.com.br\/en\/wp-json\/wp\/v2\/product_brand?post=33572"},{"taxonomy":"product_cat","embeddable":true,"href":"https:\/\/lojasosprofessoratividades.com.br\/en\/wp-json\/wp\/v2\/product_cat?post=33572"},{"taxonomy":"product_tag","embeddable":true,"href":"https:\/\/lojasosprofessoratividades.com.br\/en\/wp-json\/wp\/v2\/product_tag?post=33572"}],"curies":[{"name":"wp","href":"https:\/\/api.w.org\/{rel}","templated":true}]}}