{"id":33724,"date":"2025-04-10T14:00:10","date_gmt":"2025-04-10T17:00:10","guid":{"rendered":"https:\/\/lojasosprofessoratividades.com.br\/?post_type=product&#038;p=33724"},"modified":"2026-05-08T15:45:21","modified_gmt":"2026-05-08T18:45:21","slug":"folder-1a-reuniao-bimestral","status":"publish","type":"product","link":"https:\/\/lojasosprofessoratividades.com.br\/en\/product\/folder-1a-reuniao-bimestral\/","title":{"rendered":"Folder 1\u00aa reuni\u00e3o bimestral."},"content":{"rendered":"","protected":false},"excerpt":{"rendered":"<p data-start=\"58\" data-end=\"152\">Facilite sua organiza\u00e7\u00e3o e impress\u00e3o dos pais com uma <strong data-start=\"115\" data-end=\"149\">pasta profissional e edit\u00e1vel<\/strong>!<\/p>\n<p data-start=\"154\" data-end=\"497\">\u2705 <strong data-start=\"156\" data-end=\"178\">O que voc\u00ea recebe?<\/strong><br data-start=\"178\" data-end=\"181\" \/>\ud83d\udccc <strong data-start=\"184\" data-end=\"201\">Capa <\/strong>para causar uma \u00f3tima primeira impress\u00e3o <br data-start=\"242\" data-end=\"245\" \/>\ud83d\udccc <strong data-start=\"248\" data-end=\"282\" data-is-only-node=\"\">Mensagem sugerida para os pais<\/strong>, refor\u00e7ando a parceria escola-fam\u00edlia <br data-start=\"320\" data-end=\"323\" \/>\ud83d\udccc <strong data-start=\"326\" data-end=\"347\">Espa\u00e7os dedicados<\/strong> para: <br data-start=\"353\" data-end=\"356\" \/>\ud83d\udd39 <strong data-start=\"362\" data-end=\"383\">Datas importantes<\/strong> do bimestre <br data-start=\"395\" data-end=\"398\" \/>\ud83d\udd39 <strong data-start=\"404\" data-end=\"417\">Anota\u00e7\u00f5es<\/strong> personalizadas <br data-start=\"432\" data-end=\"435\" \/>\ud83d\udd39 <strong data-start=\"441\" data-end=\"461\">Pauta da reuni\u00e3o<\/strong>, garantindo um encontro produtivo<\/p>\n<p data-start=\"499\" data-end=\"582\">\ud83d\udcc2 Formato <strong data-start=\"510\" data-end=\"535\">PDF edit\u00e1vel no Canva<\/strong>, super pr\u00e1tico para personalizar e imprimir!<\/p>\n<p data-start=\"584\" data-end=\"671\">\u00a0Ideal para professores que desejam otimizar seu ritmo e manter tudo bem organizado.<\/p>\n<h3 data-start=\"584\" data-end=\"671\"><strong>N\u00e3o enviamos por e-mail, a <\/strong>entrega \u00e9 via link para download. \ud83d\udc47<\/h3>\n<p><img loading=\"lazy\" decoding=\"async\" class=\"alignnone wp-image-34064 size-full\" src=\"https:\/\/lojasosprofessoratividades.com.br\/wp-content\/uploads\/2023\/08\/Aviso-Loja-atual.jpg\" alt=\"\" width=\"446\" height=\"251\" srcset=\"https:\/\/lojasosprofessoratividades.com.br\/wp-content\/uploads\/2023\/08\/Aviso-Loja-atual.jpg 446w, https:\/\/lojasosprofessoratividades.com.br\/wp-content\/uploads\/2023\/08\/Aviso-Loja-atual-300x169.jpg 300w, https:\/\/lojasosprofessoratividades.com.br\/wp-content\/uploads\/2023\/08\/Aviso-Loja-atual-18x10.jpg 18w\" sizes=\"auto, (max-width: 446px) 100vw, 446px\" \/><\/p>\n<p>&nbsp;<\/p>","protected":false},"featured_media":33727,"comment_status":"open","ping_status":"closed","template":"","meta":[],"product_brand":[],"product_cat":[122,123,124,125,127,215,217,209,211,213],"product_tag":[1236,1237,1239,556,1143,1240,1238,718,1081,681,1235,1234],"class_list":{"0":"post-33724","1":"product","2":"type-product","3":"status-publish","4":"has-post-thumbnail","6":"product_cat-1o-ano","7":"product_cat-2o-ano","8":"product_cat-3o-ano","9":"product_cat-4o-ano","10":"product_cat-5o-ano","11":"product_cat-recursos-didaticos-4-ano","12":"product_cat-recursos-didaticos-5-ano","13":"product_cat-recursos-didaticos-1-ano","14":"product_cat-recursos-didaticos-2-ano","15":"product_cat-recursos-didaticos-3-ano","16":"product_tag-arquivo-editavel","17":"product_tag-canva","18":"product_tag-comunicacao-com-os-pais","19":"product_tag-educacao","20":"product_tag-ensino","21":"product_tag-folder","22":"product_tag-gestao-escolar","23":"product_tag-material-para-professores","24":"product_tag-planejamento-escolar","25":"product_tag-professor","26":"product_tag-reuniao-bimestral","27":"product_tag-reuniao-de-pais","29":"first","30":"instock","31":"downloadable","32":"virtual","33":"sold-individually","34":"purchasable","35":"product-type-simple"},"yoast_head":"<!-- This site is optimized with the Yoast SEO plugin v27.6 - https:\/\/yoast.com\/product\/yoast-seo-wordpress\/ -->\n<title>Folder 1\u00aa reuni\u00e3o bimestral. - Loja SOS Professor Atividades<\/title>\n<meta name=\"description\" content=\"Facilite sua organiza\u00e7\u00e3o com o arquivo: 1\u00aa Reuni\u00e3o Bimestral \u2013 um folder edit\u00e1vel no Canva com capa, mensagem para os pais, espa\u00e7os para datas importantes, anota\u00e7\u00f5es e pautas. Ideal para professores que querem praticidade e efici\u00eancia!\" \/>\n<meta name=\"robots\" content=\"index, follow, max-snippet:-1, max-image-preview:large, max-video-preview:-1\" \/>\n<link rel=\"canonical\" href=\"https:\/\/lojasosprofessoratividades.com.br\/en\/product\/folder-1a-reuniao-bimestral\/\" \/>\n<meta property=\"og:locale\" content=\"en_US\" \/>\n<meta property=\"og:type\" content=\"article\" \/>\n<meta property=\"og:title\" content=\"Folder 1\u00aa reuni\u00e3o bimestral. - Loja SOS Professor Atividades\" \/>\n<meta property=\"og:description\" content=\"Facilite sua organiza\u00e7\u00e3o com o arquivo: 1\u00aa Reuni\u00e3o Bimestral \u2013 um folder edit\u00e1vel no Canva com capa, mensagem para os pais, espa\u00e7os para datas importantes, anota\u00e7\u00f5es e pautas. Ideal para professores que querem praticidade e efici\u00eancia!\" \/>\n<meta property=\"og:url\" content=\"https:\/\/lojasosprofessoratividades.com.br\/en\/product\/folder-1a-reuniao-bimestral\/\" \/>\n<meta property=\"og:site_name\" content=\"Loja SOS Professor Atividades\" \/>\n<meta property=\"article:publisher\" content=\"https:\/\/www.facebook.com\/sosprofessoratividades\" \/>\n<meta property=\"article:modified_time\" content=\"2026-05-08T18:45:21+00:00\" \/>\n<meta property=\"og:image\" content=\"https:\/\/lojasosprofessoratividades.com.br\/wp-content\/uploads\/2025\/02\/1-7.jpg\" \/>\n\t<meta property=\"og:image:width\" content=\"800\" \/>\n\t<meta property=\"og:image:height\" content=\"693\" \/>\n\t<meta property=\"og:image:type\" content=\"image\/jpeg\" \/>\n<meta name=\"twitter:card\" content=\"summary_large_image\" \/>\n<meta name=\"twitter:label1\" content=\"Est. reading time\" \/>\n\t<meta name=\"twitter:data1\" content=\"1 minute\" \/>\n<script type=\"application\/ld+json\" class=\"yoast-schema-graph\">{\"@context\":\"https:\\\/\\\/schema.org\",\"@graph\":[{\"@type\":\"WebPage\",\"@id\":\"https:\\\/\\\/lojasosprofessoratividades.com.br\\\/produto\\\/folder-1a-reuniao-bimestral\\\/\",\"url\":\"https:\\\/\\\/lojasosprofessoratividades.com.br\\\/produto\\\/folder-1a-reuniao-bimestral\\\/\",\"name\":\"Folder 1\u00aa reuni\u00e3o bimestral. - Loja SOS Professor Atividades\",\"isPartOf\":{\"@id\":\"https:\\\/\\\/lojasosprofessoratividades.com.br\\\/#website\"},\"primaryImageOfPage\":{\"@id\":\"https:\\\/\\\/lojasosprofessoratividades.com.br\\\/produto\\\/folder-1a-reuniao-bimestral\\\/#primaryimage\"},\"image\":{\"@id\":\"https:\\\/\\\/lojasosprofessoratividades.com.br\\\/produto\\\/folder-1a-reuniao-bimestral\\\/#primaryimage\"},\"thumbnailUrl\":\"https:\\\/\\\/lojasosprofessoratividades.com.br\\\/wp-content\\\/uploads\\\/2025\\\/02\\\/1-7.jpg\",\"datePublished\":\"2025-04-10T17:00:10+00:00\",\"dateModified\":\"2026-05-08T18:45:21+00:00\",\"description\":\"Facilite sua organiza\u00e7\u00e3o com o arquivo: 1\u00aa Reuni\u00e3o Bimestral \u2013 um folder edit\u00e1vel no Canva com capa, mensagem para os pais, espa\u00e7os para datas importantes, anota\u00e7\u00f5es e pautas. Ideal para professores que querem praticidade e efici\u00eancia!\",\"breadcrumb\":{\"@id\":\"https:\\\/\\\/lojasosprofessoratividades.com.br\\\/produto\\\/folder-1a-reuniao-bimestral\\\/#breadcrumb\"},\"inLanguage\":\"en-US\",\"potentialAction\":[{\"@type\":\"ReadAction\",\"target\":[\"https:\\\/\\\/lojasosprofessoratividades.com.br\\\/produto\\\/folder-1a-reuniao-bimestral\\\/\"]}]},{\"@type\":\"ImageObject\",\"inLanguage\":\"en-US\",\"@id\":\"https:\\\/\\\/lojasosprofessoratividades.com.br\\\/produto\\\/folder-1a-reuniao-bimestral\\\/#primaryimage\",\"url\":\"https:\\\/\\\/lojasosprofessoratividades.com.br\\\/wp-content\\\/uploads\\\/2025\\\/02\\\/1-7.jpg\",\"contentUrl\":\"https:\\\/\\\/lojasosprofessoratividades.com.br\\\/wp-content\\\/uploads\\\/2025\\\/02\\\/1-7.jpg\",\"width\":800,\"height\":693,\"caption\":\"Folder 1\u00aa reuni\u00e3o bimestral.\"},{\"@type\":\"BreadcrumbList\",\"@id\":\"https:\\\/\\\/lojasosprofessoratividades.com.br\\\/produto\\\/folder-1a-reuniao-bimestral\\\/#breadcrumb\",\"itemListElement\":[{\"@type\":\"ListItem\",\"position\":1,\"name\":\"In\u00edcio\",\"item\":\"https:\\\/\\\/lojasosprofessoratividades.com.br\\\/\"},{\"@type\":\"ListItem\",\"position\":2,\"name\":\"Loja\",\"item\":\"https:\\\/\\\/lojasosprofessoratividades.com.br\\\/loja\\\/\"},{\"@type\":\"ListItem\",\"position\":3,\"name\":\"Folder 1\u00aa reuni\u00e3o bimestral.\"}]},{\"@type\":\"WebSite\",\"@id\":\"https:\\\/\\\/lojasosprofessoratividades.com.br\\\/#website\",\"url\":\"https:\\\/\\\/lojasosprofessoratividades.com.br\\\/\",\"name\":\"Loja SOS Professor Atividades\",\"description\":\"Venda de material did\u00e1tico para o ensino fundamental\",\"publisher\":{\"@id\":\"https:\\\/\\\/lojasosprofessoratividades.com.br\\\/#organization\"},\"potentialAction\":[{\"@type\":\"SearchAction\",\"target\":{\"@type\":\"EntryPoint\",\"urlTemplate\":\"https:\\\/\\\/lojasosprofessoratividades.com.br\\\/?s={search_term_string}\"},\"query-input\":{\"@type\":\"PropertyValueSpecification\",\"valueRequired\":true,\"valueName\":\"search_term_string\"}}],\"inLanguage\":\"en-US\"},{\"@type\":\"Organization\",\"@id\":\"https:\\\/\\\/lojasosprofessoratividades.com.br\\\/#organization\",\"name\":\"Loja SOS Professor Atividades\",\"url\":\"https:\\\/\\\/lojasosprofessoratividades.com.br\\\/\",\"logo\":{\"@type\":\"ImageObject\",\"inLanguage\":\"en-US\",\"@id\":\"https:\\\/\\\/lojasosprofessoratividades.com.br\\\/#\\\/schema\\\/logo\\\/image\\\/\",\"url\":\"http:\\\/\\\/lojasosprofessoratividades.com.br\\\/wp-content\\\/uploads\\\/2022\\\/04\\\/Logo.png\",\"contentUrl\":\"http:\\\/\\\/lojasosprofessoratividades.com.br\\\/wp-content\\\/uploads\\\/2022\\\/04\\\/Logo.png\",\"width\":2000,\"height\":2000,\"caption\":\"Loja SOS Professor Atividades\"},\"image\":{\"@id\":\"https:\\\/\\\/lojasosprofessoratividades.com.br\\\/#\\\/schema\\\/logo\\\/image\\\/\"},\"sameAs\":[\"https:\\\/\\\/www.facebook.com\\\/sosprofessoratividades\",\"https:\\\/\\\/www.instagram.com\\\/sosprofessoratividades\\\/\"]}]}<\/script>\n<!-- \/ Yoast SEO plugin. -->","yoast_head_json":{"title":"Folder 1\u00aa reuni\u00e3o bimestral. - Loja SOS Professor Atividades","description":"Facilite sua organiza\u00e7\u00e3o com o arquivo: 1\u00aa Reuni\u00e3o Bimestral \u2013 um folder edit\u00e1vel no Canva com capa, mensagem para os pais, espa\u00e7os para datas importantes, anota\u00e7\u00f5es e pautas. Ideal para professores que querem praticidade e efici\u00eancia!","robots":{"index":"index","follow":"follow","max-snippet":"max-snippet:-1","max-image-preview":"max-image-preview:large","max-video-preview":"max-video-preview:-1"},"canonical":"https:\/\/lojasosprofessoratividades.com.br\/en\/product\/folder-1a-reuniao-bimestral\/","og_locale":"en_US","og_type":"article","og_title":"Folder 1\u00aa reuni\u00e3o bimestral. - Loja SOS Professor Atividades","og_description":"Facilite sua organiza\u00e7\u00e3o com o arquivo: 1\u00aa Reuni\u00e3o Bimestral \u2013 um folder edit\u00e1vel no Canva com capa, mensagem para os pais, espa\u00e7os para datas importantes, anota\u00e7\u00f5es e pautas. Ideal para professores que querem praticidade e efici\u00eancia!","og_url":"https:\/\/lojasosprofessoratividades.com.br\/en\/product\/folder-1a-reuniao-bimestral\/","og_site_name":"Loja SOS Professor Atividades","article_publisher":"https:\/\/www.facebook.com\/sosprofessoratividades","article_modified_time":"2026-05-08T18:45:21+00:00","og_image":[{"width":800,"height":693,"url":"https:\/\/lojasosprofessoratividades.com.br\/wp-content\/uploads\/2025\/02\/1-7.jpg","type":"image\/jpeg"}],"twitter_card":"summary_large_image","twitter_misc":{"Est. reading time":"1 minute"},"schema":{"@context":"https:\/\/schema.org","@graph":[{"@type":"WebPage","@id":"https:\/\/lojasosprofessoratividades.com.br\/produto\/folder-1a-reuniao-bimestral\/","url":"https:\/\/lojasosprofessoratividades.com.br\/produto\/folder-1a-reuniao-bimestral\/","name":"Folder 1\u00aa reuni\u00e3o bimestral. - Loja SOS Professor Atividades","isPartOf":{"@id":"https:\/\/lojasosprofessoratividades.com.br\/#website"},"primaryImageOfPage":{"@id":"https:\/\/lojasosprofessoratividades.com.br\/produto\/folder-1a-reuniao-bimestral\/#primaryimage"},"image":{"@id":"https:\/\/lojasosprofessoratividades.com.br\/produto\/folder-1a-reuniao-bimestral\/#primaryimage"},"thumbnailUrl":"https:\/\/lojasosprofessoratividades.com.br\/wp-content\/uploads\/2025\/02\/1-7.jpg","datePublished":"2025-04-10T17:00:10+00:00","dateModified":"2026-05-08T18:45:21+00:00","description":"Facilite sua organiza\u00e7\u00e3o com o arquivo: 1\u00aa Reuni\u00e3o Bimestral \u2013 um folder edit\u00e1vel no Canva com capa, mensagem para os pais, espa\u00e7os para datas importantes, anota\u00e7\u00f5es e pautas. Ideal para professores que querem praticidade e efici\u00eancia!","breadcrumb":{"@id":"https:\/\/lojasosprofessoratividades.com.br\/produto\/folder-1a-reuniao-bimestral\/#breadcrumb"},"inLanguage":"en-US","potentialAction":[{"@type":"ReadAction","target":["https:\/\/lojasosprofessoratividades.com.br\/produto\/folder-1a-reuniao-bimestral\/"]}]},{"@type":"ImageObject","inLanguage":"en-US","@id":"https:\/\/lojasosprofessoratividades.com.br\/produto\/folder-1a-reuniao-bimestral\/#primaryimage","url":"https:\/\/lojasosprofessoratividades.com.br\/wp-content\/uploads\/2025\/02\/1-7.jpg","contentUrl":"https:\/\/lojasosprofessoratividades.com.br\/wp-content\/uploads\/2025\/02\/1-7.jpg","width":800,"height":693,"caption":"Folder 1\u00aa reuni\u00e3o bimestral."},{"@type":"BreadcrumbList","@id":"https:\/\/lojasosprofessoratividades.com.br\/produto\/folder-1a-reuniao-bimestral\/#breadcrumb","itemListElement":[{"@type":"ListItem","position":1,"name":"In\u00edcio","item":"https:\/\/lojasosprofessoratividades.com.br\/"},{"@type":"ListItem","position":2,"name":"Loja","item":"https:\/\/lojasosprofessoratividades.com.br\/loja\/"},{"@type":"ListItem","position":3,"name":"Folder 1\u00aa reuni\u00e3o bimestral."}]},{"@type":"WebSite","@id":"https:\/\/lojasosprofessoratividades.com.br\/#website","url":"https:\/\/lojasosprofessoratividades.com.br\/","name":"Loja SOS Professor Atividades","description":"Venda de material did\u00e1tico para o ensino fundamental","publisher":{"@id":"https:\/\/lojasosprofessoratividades.com.br\/#organization"},"potentialAction":[{"@type":"SearchAction","target":{"@type":"EntryPoint","urlTemplate":"https:\/\/lojasosprofessoratividades.com.br\/?s={search_term_string}"},"query-input":{"@type":"PropertyValueSpecification","valueRequired":true,"valueName":"search_term_string"}}],"inLanguage":"en-US"},{"@type":"Organization","@id":"https:\/\/lojasosprofessoratividades.com.br\/#organization","name":"Loja SOS Professor Atividades","url":"https:\/\/lojasosprofessoratividades.com.br\/","logo":{"@type":"ImageObject","inLanguage":"en-US","@id":"https:\/\/lojasosprofessoratividades.com.br\/#\/schema\/logo\/image\/","url":"http:\/\/lojasosprofessoratividades.com.br\/wp-content\/uploads\/2022\/04\/Logo.png","contentUrl":"http:\/\/lojasosprofessoratividades.com.br\/wp-content\/uploads\/2022\/04\/Logo.png","width":2000,"height":2000,"caption":"Loja SOS Professor Atividades"},"image":{"@id":"https:\/\/lojasosprofessoratividades.com.br\/#\/schema\/logo\/image\/"},"sameAs":["https:\/\/www.facebook.com\/sosprofessoratividades","https:\/\/www.instagram.com\/sosprofessoratividades\/"]}]}},"_links":{"self":[{"href":"https:\/\/lojasosprofessoratividades.com.br\/en\/wp-json\/wp\/v2\/product\/33724","targetHints":{"allow":["GET"]}}],"collection":[{"href":"https:\/\/lojasosprofessoratividades.com.br\/en\/wp-json\/wp\/v2\/product"}],"about":[{"href":"https:\/\/lojasosprofessoratividades.com.br\/en\/wp-json\/wp\/v2\/types\/product"}],"replies":[{"embeddable":true,"href":"https:\/\/lojasosprofessoratividades.com.br\/en\/wp-json\/wp\/v2\/comments?post=33724"}],"wp:featuredmedia":[{"embeddable":true,"href":"https:\/\/lojasosprofessoratividades.com.br\/en\/wp-json\/wp\/v2\/media\/33727"}],"wp:attachment":[{"href":"https:\/\/lojasosprofessoratividades.com.br\/en\/wp-json\/wp\/v2\/media?parent=33724"}],"wp:term":[{"taxonomy":"product_brand","embeddable":true,"href":"https:\/\/lojasosprofessoratividades.com.br\/en\/wp-json\/wp\/v2\/product_brand?post=33724"},{"taxonomy":"product_cat","embeddable":true,"href":"https:\/\/lojasosprofessoratividades.com.br\/en\/wp-json\/wp\/v2\/product_cat?post=33724"},{"taxonomy":"product_tag","embeddable":true,"href":"https:\/\/lojasosprofessoratividades.com.br\/en\/wp-json\/wp\/v2\/product_tag?post=33724"}],"curies":[{"name":"wp","href":"https:\/\/api.w.org\/{rel}","templated":true}]}}