{"id":33733,"date":"2026-03-05T18:44:26","date_gmt":"2026-03-05T21:44:26","guid":{"rendered":"https:\/\/lojasosprofessoratividades.com.br\/?post_type=product&#038;p=33733"},"modified":"2026-05-08T14:04:06","modified_gmt":"2026-05-08T17:04:06","slug":"cartaz-dia-da-escola","status":"publish","type":"product","link":"https:\/\/lojasosprofessoratividades.com.br\/en\/product\/cartaz-dia-da-escola\/","title":{"rendered":"Cartaz &#8211; Dia da Escola"},"content":{"rendered":"","protected":false},"excerpt":{"rendered":"<p data-start=\"62\" data-end=\"150\">Que tal tornar o <strong data-start=\"79\" data-end=\"96\">Dia da Escola<\/strong> ainda mais especial?<\/p>\n<p data-start=\"62\" data-end=\"150\">Este arquivo exclusivo cont\u00e9m:<\/p>\n<p data-start=\"152\" data-end=\"277\">\u2705 <strong data-start=\"154\" data-end=\"173\">Cartaz Tem\u00e1tico<\/strong> \u2013 <em data-start=\"176\" data-end=\"227\">&#8220;Juntos na escola, constru\u00edmos um amanh\u00e3 melhor!&#8221;<\/em>\u00a0<br data-start=\"230\" data-end=\"233\" \/>\ud83d\udccf Tamanho: <strong data-start=\"245\" data-end=\"260\">110 x 95 cm<\/strong> (20 folhas A4)<\/p>\n<p data-start=\"279\" data-end=\"406\">\u2705 <strong data-start=\"281\" data-end=\"302\">Cartaz Interativo<\/strong> \u2013 Para os alunos escreverem o que mais gostam na escola.\u00a0<br data-start=\"361\" data-end=\"364\" \/>\ud83d\udccf Tamanho: <strong data-start=\"376\" data-end=\"390\">38 x 55 cm<\/strong> (4 folhas A4)<\/p>\n<p data-start=\"408\" data-end=\"463\">\ud83d\udccc <strong data-start=\"411\" data-end=\"461\">Op\u00e7\u00e3o em tamanho A4 dispon\u00edvel para amplia\u00e7\u00e3o!<\/strong><\/p>\n<p data-start=\"465\" data-end=\"572\">\u2705 <strong data-start=\"467\" data-end=\"490\">Orienta\u00e7\u00e3o para Uso<\/strong> \u2013 Passo a passo para envolver a turma em uma atividade reflexiva e divertida.<\/p>\n<p data-start=\"574\" data-end=\"712\">\ud83d\udca1 <strong data-start=\"577\" data-end=\"625\">Perfeito para turmas do Ensino Fundamental 1<\/strong>, promovendo a valoriza\u00e7\u00e3o da escola e do aprendizado de forma din\u00e2mica e interativa!<\/p>\n<h3>N\u00e3o enviamos por e-mail, a entrega \u00e9 via link para download. \ud83d\udc47<\/h3>\n<p><img loading=\"lazy\" decoding=\"async\" class=\"alignnone wp-image-38009 size-full\" src=\"https:\/\/lojasosprofessoratividades.com.br\/wp-content\/uploads\/2026\/02\/Como-baixar-2.jpg\" alt=\"\" width=\"446\" height=\"251\" srcset=\"https:\/\/lojasosprofessoratividades.com.br\/wp-content\/uploads\/2026\/02\/Como-baixar-2.jpg 446w, https:\/\/lojasosprofessoratividades.com.br\/wp-content\/uploads\/2026\/02\/Como-baixar-2-300x169.jpg 300w, https:\/\/lojasosprofessoratividades.com.br\/wp-content\/uploads\/2026\/02\/Como-baixar-2-18x10.jpg 18w\" sizes=\"auto, (max-width: 446px) 100vw, 446px\" \/><\/p>","protected":false},"featured_media":33734,"comment_status":"open","ping_status":"closed","template":"","meta":[],"product_brand":[],"product_cat":[123,124,125,127,180,187,191,199,216,218,214,212,211,217,213,215],"product_tag":[1242,333,1243,746,662,440,556,493,1244,1241],"class_list":{"0":"post-33733","1":"product","2":"type-product","3":"status-publish","4":"has-post-thumbnail","6":"product_cat-2o-ano","7":"product_cat-3o-ano","8":"product_cat-4o-ano","9":"product_cat-5o-ano","10":"product_cat-atividades-interativas-2-ano","11":"product_cat-atividades-interativas-3-ano","12":"product_cat-atividades-interativas-4-ano","13":"product_cat-atividades-interativas-5-anos","14":"product_cat-data-comemorativa-4-ano","15":"product_cat-data-comemorativa-5-ano","16":"product_cat-data-comemorativa-3-ano","17":"product_cat-data-comemorativa-2-ano","18":"product_cat-recursos-didaticos-2-ano","19":"product_cat-recursos-didaticos-5-ano","20":"product_cat-recursos-didaticos-3-ano","21":"product_cat-recursos-didaticos-4-ano","22":"product_tag-aprendizagem","23":"product_tag-atividade-interativa","24":"product_tag-atividade-para-alunos","25":"product_tag-cartaz-educativo","26":"product_tag-cartaz-escolar","27":"product_tag-dia-da-escola","28":"product_tag-educacao","29":"product_tag-ensino-fundamental-1","30":"product_tag-escola-e-futuro","31":"product_tag-valorizacao-da-escola","33":"first","34":"instock","35":"sale","36":"downloadable","37":"virtual","38":"sold-individually","39":"purchasable","40":"product-type-simple"},"yoast_head":"<!-- This site is optimized with the Yoast SEO plugin v27.5 - https:\/\/yoast.com\/product\/yoast-seo-wordpress\/ -->\n<title>Cartaz - Dia da Escola - Loja SOS Professor Atividades<\/title>\n<meta name=\"description\" content=\"Arquivo para o Dia da Escola com cartaz tem\u00e1tico e cartaz interativo. Atividade para os alunos refletirem sobre a import\u00e2ncia da escola.\" \/>\n<meta name=\"robots\" content=\"index, follow, max-snippet:-1, max-image-preview:large, max-video-preview:-1\" \/>\n<link rel=\"canonical\" href=\"https:\/\/lojasosprofessoratividades.com.br\/en\/product\/cartaz-dia-da-escola\/\" \/>\n<meta property=\"og:locale\" content=\"en_US\" \/>\n<meta property=\"og:type\" content=\"article\" \/>\n<meta property=\"og:title\" content=\"Cartaz - Dia da Escola - Loja SOS Professor Atividades\" \/>\n<meta property=\"og:description\" content=\"Arquivo para o Dia da Escola com cartaz tem\u00e1tico e cartaz interativo. Atividade para os alunos refletirem sobre a import\u00e2ncia da escola.\" \/>\n<meta property=\"og:url\" content=\"https:\/\/lojasosprofessoratividades.com.br\/en\/product\/cartaz-dia-da-escola\/\" \/>\n<meta property=\"og:site_name\" content=\"Loja SOS Professor Atividades\" \/>\n<meta property=\"article:publisher\" content=\"https:\/\/www.facebook.com\/sosprofessoratividades\" \/>\n<meta property=\"article:modified_time\" content=\"2026-05-08T17:04:06+00:00\" \/>\n<meta property=\"og:image\" content=\"https:\/\/lojasosprofessoratividades.com.br\/wp-content\/uploads\/2025\/02\/1-8.jpg\" \/>\n\t<meta property=\"og:image:width\" content=\"800\" \/>\n\t<meta property=\"og:image:height\" content=\"693\" \/>\n\t<meta property=\"og:image:type\" content=\"image\/jpeg\" \/>\n<meta name=\"twitter:card\" content=\"summary_large_image\" \/>\n<meta name=\"twitter:label1\" content=\"Est. reading time\" \/>\n\t<meta name=\"twitter:data1\" content=\"1 minute\" \/>\n<script type=\"application\/ld+json\" class=\"yoast-schema-graph\">{\"@context\":\"https:\\\/\\\/schema.org\",\"@graph\":[{\"@type\":\"WebPage\",\"@id\":\"https:\\\/\\\/lojasosprofessoratividades.com.br\\\/produto\\\/cartaz-dia-da-escola\\\/\",\"url\":\"https:\\\/\\\/lojasosprofessoratividades.com.br\\\/produto\\\/cartaz-dia-da-escola\\\/\",\"name\":\"Cartaz - Dia da Escola - Loja SOS Professor Atividades\",\"isPartOf\":{\"@id\":\"https:\\\/\\\/lojasosprofessoratividades.com.br\\\/#website\"},\"primaryImageOfPage\":{\"@id\":\"https:\\\/\\\/lojasosprofessoratividades.com.br\\\/produto\\\/cartaz-dia-da-escola\\\/#primaryimage\"},\"image\":{\"@id\":\"https:\\\/\\\/lojasosprofessoratividades.com.br\\\/produto\\\/cartaz-dia-da-escola\\\/#primaryimage\"},\"thumbnailUrl\":\"https:\\\/\\\/lojasosprofessoratividades.com.br\\\/wp-content\\\/uploads\\\/2025\\\/02\\\/1-8.jpg\",\"datePublished\":\"2026-03-05T21:44:26+00:00\",\"dateModified\":\"2026-05-08T17:04:06+00:00\",\"description\":\"Arquivo para o Dia da Escola com cartaz tem\u00e1tico e cartaz interativo. Atividade para os alunos refletirem sobre a import\u00e2ncia da escola.\",\"breadcrumb\":{\"@id\":\"https:\\\/\\\/lojasosprofessoratividades.com.br\\\/produto\\\/cartaz-dia-da-escola\\\/#breadcrumb\"},\"inLanguage\":\"en-US\",\"potentialAction\":[{\"@type\":\"ReadAction\",\"target\":[\"https:\\\/\\\/lojasosprofessoratividades.com.br\\\/produto\\\/cartaz-dia-da-escola\\\/\"]}]},{\"@type\":\"ImageObject\",\"inLanguage\":\"en-US\",\"@id\":\"https:\\\/\\\/lojasosprofessoratividades.com.br\\\/produto\\\/cartaz-dia-da-escola\\\/#primaryimage\",\"url\":\"https:\\\/\\\/lojasosprofessoratividades.com.br\\\/wp-content\\\/uploads\\\/2025\\\/02\\\/1-8.jpg\",\"contentUrl\":\"https:\\\/\\\/lojasosprofessoratividades.com.br\\\/wp-content\\\/uploads\\\/2025\\\/02\\\/1-8.jpg\",\"width\":800,\"height\":693,\"caption\":\"Cartaz - Dia da Escola\"},{\"@type\":\"BreadcrumbList\",\"@id\":\"https:\\\/\\\/lojasosprofessoratividades.com.br\\\/produto\\\/cartaz-dia-da-escola\\\/#breadcrumb\",\"itemListElement\":[{\"@type\":\"ListItem\",\"position\":1,\"name\":\"In\u00edcio\",\"item\":\"https:\\\/\\\/lojasosprofessoratividades.com.br\\\/\"},{\"@type\":\"ListItem\",\"position\":2,\"name\":\"Loja\",\"item\":\"https:\\\/\\\/lojasosprofessoratividades.com.br\\\/loja\\\/\"},{\"@type\":\"ListItem\",\"position\":3,\"name\":\"Cartaz &#8211; Dia da Escola\"}]},{\"@type\":\"WebSite\",\"@id\":\"https:\\\/\\\/lojasosprofessoratividades.com.br\\\/#website\",\"url\":\"https:\\\/\\\/lojasosprofessoratividades.com.br\\\/\",\"name\":\"Loja SOS Professor Atividades\",\"description\":\"Venda de material did\u00e1tico para o ensino fundamental\",\"publisher\":{\"@id\":\"https:\\\/\\\/lojasosprofessoratividades.com.br\\\/#organization\"},\"potentialAction\":[{\"@type\":\"SearchAction\",\"target\":{\"@type\":\"EntryPoint\",\"urlTemplate\":\"https:\\\/\\\/lojasosprofessoratividades.com.br\\\/?s={search_term_string}\"},\"query-input\":{\"@type\":\"PropertyValueSpecification\",\"valueRequired\":true,\"valueName\":\"search_term_string\"}}],\"inLanguage\":\"en-US\"},{\"@type\":\"Organization\",\"@id\":\"https:\\\/\\\/lojasosprofessoratividades.com.br\\\/#organization\",\"name\":\"Loja SOS Professor Atividades\",\"url\":\"https:\\\/\\\/lojasosprofessoratividades.com.br\\\/\",\"logo\":{\"@type\":\"ImageObject\",\"inLanguage\":\"en-US\",\"@id\":\"https:\\\/\\\/lojasosprofessoratividades.com.br\\\/#\\\/schema\\\/logo\\\/image\\\/\",\"url\":\"http:\\\/\\\/lojasosprofessoratividades.com.br\\\/wp-content\\\/uploads\\\/2022\\\/04\\\/Logo.png\",\"contentUrl\":\"http:\\\/\\\/lojasosprofessoratividades.com.br\\\/wp-content\\\/uploads\\\/2022\\\/04\\\/Logo.png\",\"width\":2000,\"height\":2000,\"caption\":\"Loja SOS Professor Atividades\"},\"image\":{\"@id\":\"https:\\\/\\\/lojasosprofessoratividades.com.br\\\/#\\\/schema\\\/logo\\\/image\\\/\"},\"sameAs\":[\"https:\\\/\\\/www.facebook.com\\\/sosprofessoratividades\",\"https:\\\/\\\/www.instagram.com\\\/sosprofessoratividades\\\/\"]}]}<\/script>\n<!-- \/ Yoast SEO plugin. -->","yoast_head_json":{"title":"Cartaz - Dia da Escola - Loja SOS Professor Atividades","description":"Arquivo para o Dia da Escola com cartaz tem\u00e1tico e cartaz interativo. Atividade para os alunos refletirem sobre a import\u00e2ncia da escola.","robots":{"index":"index","follow":"follow","max-snippet":"max-snippet:-1","max-image-preview":"max-image-preview:large","max-video-preview":"max-video-preview:-1"},"canonical":"https:\/\/lojasosprofessoratividades.com.br\/en\/product\/cartaz-dia-da-escola\/","og_locale":"en_US","og_type":"article","og_title":"Cartaz - Dia da Escola - Loja SOS Professor Atividades","og_description":"Arquivo para o Dia da Escola com cartaz tem\u00e1tico e cartaz interativo. Atividade para os alunos refletirem sobre a import\u00e2ncia da escola.","og_url":"https:\/\/lojasosprofessoratividades.com.br\/en\/product\/cartaz-dia-da-escola\/","og_site_name":"Loja SOS Professor Atividades","article_publisher":"https:\/\/www.facebook.com\/sosprofessoratividades","article_modified_time":"2026-05-08T17:04:06+00:00","og_image":[{"width":800,"height":693,"url":"https:\/\/lojasosprofessoratividades.com.br\/wp-content\/uploads\/2025\/02\/1-8.jpg","type":"image\/jpeg"}],"twitter_card":"summary_large_image","twitter_misc":{"Est. reading time":"1 minute"},"schema":{"@context":"https:\/\/schema.org","@graph":[{"@type":"WebPage","@id":"https:\/\/lojasosprofessoratividades.com.br\/produto\/cartaz-dia-da-escola\/","url":"https:\/\/lojasosprofessoratividades.com.br\/produto\/cartaz-dia-da-escola\/","name":"Cartaz - Dia da Escola - Loja SOS Professor Atividades","isPartOf":{"@id":"https:\/\/lojasosprofessoratividades.com.br\/#website"},"primaryImageOfPage":{"@id":"https:\/\/lojasosprofessoratividades.com.br\/produto\/cartaz-dia-da-escola\/#primaryimage"},"image":{"@id":"https:\/\/lojasosprofessoratividades.com.br\/produto\/cartaz-dia-da-escola\/#primaryimage"},"thumbnailUrl":"https:\/\/lojasosprofessoratividades.com.br\/wp-content\/uploads\/2025\/02\/1-8.jpg","datePublished":"2026-03-05T21:44:26+00:00","dateModified":"2026-05-08T17:04:06+00:00","description":"Arquivo para o Dia da Escola com cartaz tem\u00e1tico e cartaz interativo. Atividade para os alunos refletirem sobre a import\u00e2ncia da escola.","breadcrumb":{"@id":"https:\/\/lojasosprofessoratividades.com.br\/produto\/cartaz-dia-da-escola\/#breadcrumb"},"inLanguage":"en-US","potentialAction":[{"@type":"ReadAction","target":["https:\/\/lojasosprofessoratividades.com.br\/produto\/cartaz-dia-da-escola\/"]}]},{"@type":"ImageObject","inLanguage":"en-US","@id":"https:\/\/lojasosprofessoratividades.com.br\/produto\/cartaz-dia-da-escola\/#primaryimage","url":"https:\/\/lojasosprofessoratividades.com.br\/wp-content\/uploads\/2025\/02\/1-8.jpg","contentUrl":"https:\/\/lojasosprofessoratividades.com.br\/wp-content\/uploads\/2025\/02\/1-8.jpg","width":800,"height":693,"caption":"Cartaz - Dia da Escola"},{"@type":"BreadcrumbList","@id":"https:\/\/lojasosprofessoratividades.com.br\/produto\/cartaz-dia-da-escola\/#breadcrumb","itemListElement":[{"@type":"ListItem","position":1,"name":"In\u00edcio","item":"https:\/\/lojasosprofessoratividades.com.br\/"},{"@type":"ListItem","position":2,"name":"Loja","item":"https:\/\/lojasosprofessoratividades.com.br\/loja\/"},{"@type":"ListItem","position":3,"name":"Cartaz &#8211; Dia da Escola"}]},{"@type":"WebSite","@id":"https:\/\/lojasosprofessoratividades.com.br\/#website","url":"https:\/\/lojasosprofessoratividades.com.br\/","name":"Loja SOS Professor Atividades","description":"Venda de material did\u00e1tico para o ensino fundamental","publisher":{"@id":"https:\/\/lojasosprofessoratividades.com.br\/#organization"},"potentialAction":[{"@type":"SearchAction","target":{"@type":"EntryPoint","urlTemplate":"https:\/\/lojasosprofessoratividades.com.br\/?s={search_term_string}"},"query-input":{"@type":"PropertyValueSpecification","valueRequired":true,"valueName":"search_term_string"}}],"inLanguage":"en-US"},{"@type":"Organization","@id":"https:\/\/lojasosprofessoratividades.com.br\/#organization","name":"Loja SOS Professor Atividades","url":"https:\/\/lojasosprofessoratividades.com.br\/","logo":{"@type":"ImageObject","inLanguage":"en-US","@id":"https:\/\/lojasosprofessoratividades.com.br\/#\/schema\/logo\/image\/","url":"http:\/\/lojasosprofessoratividades.com.br\/wp-content\/uploads\/2022\/04\/Logo.png","contentUrl":"http:\/\/lojasosprofessoratividades.com.br\/wp-content\/uploads\/2022\/04\/Logo.png","width":2000,"height":2000,"caption":"Loja SOS Professor Atividades"},"image":{"@id":"https:\/\/lojasosprofessoratividades.com.br\/#\/schema\/logo\/image\/"},"sameAs":["https:\/\/www.facebook.com\/sosprofessoratividades","https:\/\/www.instagram.com\/sosprofessoratividades\/"]}]}},"_links":{"self":[{"href":"https:\/\/lojasosprofessoratividades.com.br\/en\/wp-json\/wp\/v2\/product\/33733","targetHints":{"allow":["GET"]}}],"collection":[{"href":"https:\/\/lojasosprofessoratividades.com.br\/en\/wp-json\/wp\/v2\/product"}],"about":[{"href":"https:\/\/lojasosprofessoratividades.com.br\/en\/wp-json\/wp\/v2\/types\/product"}],"replies":[{"embeddable":true,"href":"https:\/\/lojasosprofessoratividades.com.br\/en\/wp-json\/wp\/v2\/comments?post=33733"}],"wp:featuredmedia":[{"embeddable":true,"href":"https:\/\/lojasosprofessoratividades.com.br\/en\/wp-json\/wp\/v2\/media\/33734"}],"wp:attachment":[{"href":"https:\/\/lojasosprofessoratividades.com.br\/en\/wp-json\/wp\/v2\/media?parent=33733"}],"wp:term":[{"taxonomy":"product_brand","embeddable":true,"href":"https:\/\/lojasosprofessoratividades.com.br\/en\/wp-json\/wp\/v2\/product_brand?post=33733"},{"taxonomy":"product_cat","embeddable":true,"href":"https:\/\/lojasosprofessoratividades.com.br\/en\/wp-json\/wp\/v2\/product_cat?post=33733"},{"taxonomy":"product_tag","embeddable":true,"href":"https:\/\/lojasosprofessoratividades.com.br\/en\/wp-json\/wp\/v2\/product_tag?post=33733"}],"curies":[{"name":"wp","href":"https:\/\/api.w.org\/{rel}","templated":true}]}}