{"id":33767,"date":"2026-03-23T08:22:45","date_gmt":"2026-03-23T11:22:45","guid":{"rendered":"https:\/\/lojasosprofessoratividades.com.br\/?post_type=product&#038;p=33767"},"modified":"2026-05-08T13:53:42","modified_gmt":"2026-05-08T16:53:42","slug":"misterio-no-circo","status":"publish","type":"product","link":"https:\/\/lojasosprofessoratividades.com.br\/en\/product\/misterio-no-circo\/","title":{"rendered":"Mist\u00e9rio no Circo"},"content":{"rendered":"","protected":false},"excerpt":{"rendered":"<p data-start=\"0\" data-end=\"77\"><strong data-start=\"9\" data-end=\"70\">Material Completo para o 4\u00ba e 5\u00ba Ano!<\/strong> \ud83c\udfad\ud83d\udd0e<\/p>\n<p data-start=\"79\" data-end=\"275\">Tudo o que voc\u00ea precisa para trabalhar o g\u00eanero textual <strong data-start=\"178\" data-end=\"190\">mist\u00e9rio<\/strong> e a <strong data-start=\"195\" data-end=\"233\">resolu\u00e7\u00e3o de problemas matem\u00e1ticos<\/strong> de forma envolvente e interdisciplinar!<\/p>\n<p data-start=\"277\" data-end=\"659\">\ud83d\udcddO <strong data-start=\"280\" data-end=\"297\">que cont\u00e9m?<\/strong><br data-start=\"297\" data-end=\"300\" \/>\u2705 <strong data-start=\"302\" data-end=\"328\" data-is-only-node=\"\">Plano de aula completo<\/strong> para turmas do <strong data-start=\"344\" data-end=\"359\">4\u00ba e 5\u00ba ano<\/strong><br data-start=\"359\" data-end=\"362\" \/>\u2705 <strong data-start=\"364\" data-end=\"390\">Interpreta\u00e7\u00e3o de texto<\/strong> baseada no g\u00eanero <strong data-start=\"409\" data-end=\"421\">mist\u00e9rio<\/strong><br data-start=\"421\" data-end=\"424\" \/>\u2705 <strong data-start=\"426\" data-end=\"491\">Atividade de identifica\u00e7\u00e3o das etapas de um texto de mist\u00e9rio<\/strong><br data-start=\"491\" data-end=\"494\" \/>\u2705 <strong data-start=\"496\" data-end=\"516\">Produ\u00e7\u00e3o textual<\/strong> \u2013 Criando um novo final para a hist\u00f3ria <br data-start=\"556\" data-end=\"559\" \/>\u2705 <strong data-start=\"561\" data-end=\"595\">Situa\u00e7\u00f5es-problema matem\u00e1ticas<\/strong> com as 4 opera\u00e7\u00f5es <br data-start=\"614\" data-end=\"617\" \/>\u2705 <strong data-start=\"619\" data-end=\"631\">Gabarito<\/strong> para facilitar a corre\u00e7\u00e3o<\/p>\n<p data-start=\"661\" data-end=\"872\">\ud83c\udf81 <strong data-start=\"664\" data-end=\"683\">B\u00d4NUS ESPECIAL:<\/strong><br data-start=\"683\" data-end=\"686\" \/>\ud83c\udfb2 <strong data-start=\"689\" data-end=\"715\" data-is-only-node=\"\">Quebra-cabe\u00e7a tem\u00e1tico<\/strong> para envolver ainda mais os alunos <br data-start=\"750\" data-end=\"753\" \/>\ud83d\udccc <strong data-start=\"756\" data-end=\"769\">Cartaz A4<\/strong> para ampliar e decorar a sala <br data-start=\"799\" data-end=\"802\" \/>\ud83d\udccc <strong data-start=\"805\" data-end=\"844\">Cartaz ampliado (9 folhas A4) \u2013 <\/strong>medindo aproximadamente 83cm x 57cm<\/p>\n<p data-start=\"874\" data-end=\"960\" data-is-last-node=\"\" data-is-only-node=\"\">\u00a0Adquira j\u00e1 e transforme suas aulas com <strong data-start=\"916\" data-end=\"956\">suspense, investiga\u00e7\u00e3o e aprendizado<\/strong>!<\/p>\n<h3>N\u00e3o enviamos por e-mail, a entrega \u00e9 via link para download. \ud83d\udc47<\/h3>\n<p><img loading=\"lazy\" decoding=\"async\" class=\"alignnone wp-image-38009 size-full\" src=\"https:\/\/lojasosprofessoratividades.com.br\/wp-content\/uploads\/2026\/02\/Como-baixar-2.jpg\" alt=\"\" width=\"446\" height=\"251\" srcset=\"https:\/\/lojasosprofessoratividades.com.br\/wp-content\/uploads\/2026\/02\/Como-baixar-2.jpg 446w, https:\/\/lojasosprofessoratividades.com.br\/wp-content\/uploads\/2026\/02\/Como-baixar-2-300x169.jpg 300w, https:\/\/lojasosprofessoratividades.com.br\/wp-content\/uploads\/2026\/02\/Como-baixar-2-18x10.jpg 18w\" sizes=\"auto, (max-width: 446px) 100vw, 446px\" \/><\/p>","protected":false},"featured_media":33770,"comment_status":"open","ping_status":"closed","template":"","meta":[],"product_brand":[],"product_cat":[125,127,218,216,205,194,204,195,217,215],"product_tag":[253,248,616,840,556,245,250,247,643,1245,398,338,343],"class_list":{"0":"post-33767","1":"product","2":"type-product","3":"status-publish","4":"has-post-thumbnail","6":"product_cat-4o-ano","7":"product_cat-5o-ano","8":"product_cat-data-comemorativa-5-ano","9":"product_cat-data-comemorativa-4-ano","10":"product_cat-matematica-5-ano","11":"product_cat-matematica-4-ano","12":"product_cat-portugues-5-anos","13":"product_cat-portugues-4-ano","14":"product_cat-recursos-didaticos-5-ano","15":"product_cat-recursos-didaticos-4-ano","16":"product_tag-4o-ano","17":"product_tag-5o-ano","18":"product_tag-atividades-escolares","19":"product_tag-cartazes-educativos","20":"product_tag-educacao","21":"product_tag-ensino-fundamental","22":"product_tag-interpretacao-de-texto","23":"product_tag-matematica","24":"product_tag-material-pedagogico","25":"product_tag-misterio","26":"product_tag-plano-de-aula","27":"product_tag-producao-textual","28":"product_tag-situacoes-problema","30":"first","31":"instock","32":"sale","33":"downloadable","34":"virtual","35":"purchasable","36":"product-type-simple"},"yoast_head":"<!-- This site is optimized with the Yoast SEO plugin v27.5 - https:\/\/yoast.com\/product\/yoast-seo-wordpress\/ -->\n<title>Mist\u00e9rio no Circo - Loja SOS Professor Atividades<\/title>\n<meta name=\"description\" content=\"Material completo para 4\u00ba e 5\u00ba ano: plano de aula, interpreta\u00e7\u00e3o e produ\u00e7\u00e3o de texto de mist\u00e9rio, situa\u00e7\u00f5es-problema de Matem\u00e1tica e b\u00f4nus exclusivos.\" \/>\n<meta name=\"robots\" content=\"index, follow, max-snippet:-1, max-image-preview:large, max-video-preview:-1\" \/>\n<link rel=\"canonical\" href=\"https:\/\/lojasosprofessoratividades.com.br\/en\/product\/misterio-no-circo\/\" \/>\n<meta property=\"og:locale\" content=\"en_US\" \/>\n<meta property=\"og:type\" content=\"article\" \/>\n<meta property=\"og:title\" content=\"Mist\u00e9rio no Circo - Loja SOS Professor Atividades\" \/>\n<meta property=\"og:description\" content=\"Material completo para 4\u00ba e 5\u00ba ano: plano de aula, interpreta\u00e7\u00e3o e produ\u00e7\u00e3o de texto de mist\u00e9rio, situa\u00e7\u00f5es-problema de Matem\u00e1tica e b\u00f4nus exclusivos.\" \/>\n<meta property=\"og:url\" content=\"https:\/\/lojasosprofessoratividades.com.br\/en\/product\/misterio-no-circo\/\" \/>\n<meta property=\"og:site_name\" content=\"Loja SOS Professor Atividades\" \/>\n<meta property=\"article:publisher\" content=\"https:\/\/www.facebook.com\/sosprofessoratividades\" \/>\n<meta property=\"article:modified_time\" content=\"2026-05-08T16:53:42+00:00\" \/>\n<meta property=\"og:image\" content=\"https:\/\/lojasosprofessoratividades.com.br\/wp-content\/uploads\/2025\/03\/1.jpg\" \/>\n\t<meta property=\"og:image:width\" content=\"800\" \/>\n\t<meta property=\"og:image:height\" content=\"693\" \/>\n\t<meta property=\"og:image:type\" content=\"image\/jpeg\" \/>\n<meta name=\"twitter:card\" content=\"summary_large_image\" \/>\n<meta name=\"twitter:label1\" content=\"Est. reading time\" \/>\n\t<meta name=\"twitter:data1\" content=\"1 minute\" \/>\n<script type=\"application\/ld+json\" class=\"yoast-schema-graph\">{\"@context\":\"https:\\\/\\\/schema.org\",\"@graph\":[{\"@type\":\"WebPage\",\"@id\":\"https:\\\/\\\/lojasosprofessoratividades.com.br\\\/produto\\\/misterio-no-circo\\\/\",\"url\":\"https:\\\/\\\/lojasosprofessoratividades.com.br\\\/produto\\\/misterio-no-circo\\\/\",\"name\":\"Mist\u00e9rio no Circo - Loja SOS Professor Atividades\",\"isPartOf\":{\"@id\":\"https:\\\/\\\/lojasosprofessoratividades.com.br\\\/#website\"},\"primaryImageOfPage\":{\"@id\":\"https:\\\/\\\/lojasosprofessoratividades.com.br\\\/produto\\\/misterio-no-circo\\\/#primaryimage\"},\"image\":{\"@id\":\"https:\\\/\\\/lojasosprofessoratividades.com.br\\\/produto\\\/misterio-no-circo\\\/#primaryimage\"},\"thumbnailUrl\":\"https:\\\/\\\/lojasosprofessoratividades.com.br\\\/wp-content\\\/uploads\\\/2025\\\/03\\\/1.jpg\",\"datePublished\":\"2026-03-23T11:22:45+00:00\",\"dateModified\":\"2026-05-08T16:53:42+00:00\",\"description\":\"Material completo para 4\u00ba e 5\u00ba ano: plano de aula, interpreta\u00e7\u00e3o e produ\u00e7\u00e3o de texto de mist\u00e9rio, situa\u00e7\u00f5es-problema de Matem\u00e1tica e b\u00f4nus exclusivos.\",\"breadcrumb\":{\"@id\":\"https:\\\/\\\/lojasosprofessoratividades.com.br\\\/produto\\\/misterio-no-circo\\\/#breadcrumb\"},\"inLanguage\":\"en-US\",\"potentialAction\":[{\"@type\":\"ReadAction\",\"target\":[\"https:\\\/\\\/lojasosprofessoratividades.com.br\\\/produto\\\/misterio-no-circo\\\/\"]}]},{\"@type\":\"ImageObject\",\"inLanguage\":\"en-US\",\"@id\":\"https:\\\/\\\/lojasosprofessoratividades.com.br\\\/produto\\\/misterio-no-circo\\\/#primaryimage\",\"url\":\"https:\\\/\\\/lojasosprofessoratividades.com.br\\\/wp-content\\\/uploads\\\/2025\\\/03\\\/1.jpg\",\"contentUrl\":\"https:\\\/\\\/lojasosprofessoratividades.com.br\\\/wp-content\\\/uploads\\\/2025\\\/03\\\/1.jpg\",\"width\":800,\"height\":693,\"caption\":\"Mist\u00e9rio no Circo\"},{\"@type\":\"BreadcrumbList\",\"@id\":\"https:\\\/\\\/lojasosprofessoratividades.com.br\\\/produto\\\/misterio-no-circo\\\/#breadcrumb\",\"itemListElement\":[{\"@type\":\"ListItem\",\"position\":1,\"name\":\"In\u00edcio\",\"item\":\"https:\\\/\\\/lojasosprofessoratividades.com.br\\\/\"},{\"@type\":\"ListItem\",\"position\":2,\"name\":\"Loja\",\"item\":\"https:\\\/\\\/lojasosprofessoratividades.com.br\\\/loja\\\/\"},{\"@type\":\"ListItem\",\"position\":3,\"name\":\"Mist\u00e9rio no Circo\"}]},{\"@type\":\"WebSite\",\"@id\":\"https:\\\/\\\/lojasosprofessoratividades.com.br\\\/#website\",\"url\":\"https:\\\/\\\/lojasosprofessoratividades.com.br\\\/\",\"name\":\"Loja SOS Professor Atividades\",\"description\":\"Venda de material did\u00e1tico para o ensino fundamental\",\"publisher\":{\"@id\":\"https:\\\/\\\/lojasosprofessoratividades.com.br\\\/#organization\"},\"potentialAction\":[{\"@type\":\"SearchAction\",\"target\":{\"@type\":\"EntryPoint\",\"urlTemplate\":\"https:\\\/\\\/lojasosprofessoratividades.com.br\\\/?s={search_term_string}\"},\"query-input\":{\"@type\":\"PropertyValueSpecification\",\"valueRequired\":true,\"valueName\":\"search_term_string\"}}],\"inLanguage\":\"en-US\"},{\"@type\":\"Organization\",\"@id\":\"https:\\\/\\\/lojasosprofessoratividades.com.br\\\/#organization\",\"name\":\"Loja SOS Professor Atividades\",\"url\":\"https:\\\/\\\/lojasosprofessoratividades.com.br\\\/\",\"logo\":{\"@type\":\"ImageObject\",\"inLanguage\":\"en-US\",\"@id\":\"https:\\\/\\\/lojasosprofessoratividades.com.br\\\/#\\\/schema\\\/logo\\\/image\\\/\",\"url\":\"http:\\\/\\\/lojasosprofessoratividades.com.br\\\/wp-content\\\/uploads\\\/2022\\\/04\\\/Logo.png\",\"contentUrl\":\"http:\\\/\\\/lojasosprofessoratividades.com.br\\\/wp-content\\\/uploads\\\/2022\\\/04\\\/Logo.png\",\"width\":2000,\"height\":2000,\"caption\":\"Loja SOS Professor Atividades\"},\"image\":{\"@id\":\"https:\\\/\\\/lojasosprofessoratividades.com.br\\\/#\\\/schema\\\/logo\\\/image\\\/\"},\"sameAs\":[\"https:\\\/\\\/www.facebook.com\\\/sosprofessoratividades\",\"https:\\\/\\\/www.instagram.com\\\/sosprofessoratividades\\\/\"]}]}<\/script>\n<!-- \/ Yoast SEO plugin. -->","yoast_head_json":{"title":"Mist\u00e9rio no Circo - Loja SOS Professor Atividades","description":"Material completo para 4\u00ba e 5\u00ba ano: plano de aula, interpreta\u00e7\u00e3o e produ\u00e7\u00e3o de texto de mist\u00e9rio, situa\u00e7\u00f5es-problema de Matem\u00e1tica e b\u00f4nus exclusivos.","robots":{"index":"index","follow":"follow","max-snippet":"max-snippet:-1","max-image-preview":"max-image-preview:large","max-video-preview":"max-video-preview:-1"},"canonical":"https:\/\/lojasosprofessoratividades.com.br\/en\/product\/misterio-no-circo\/","og_locale":"en_US","og_type":"article","og_title":"Mist\u00e9rio no Circo - Loja SOS Professor Atividades","og_description":"Material completo para 4\u00ba e 5\u00ba ano: plano de aula, interpreta\u00e7\u00e3o e produ\u00e7\u00e3o de texto de mist\u00e9rio, situa\u00e7\u00f5es-problema de Matem\u00e1tica e b\u00f4nus exclusivos.","og_url":"https:\/\/lojasosprofessoratividades.com.br\/en\/product\/misterio-no-circo\/","og_site_name":"Loja SOS Professor Atividades","article_publisher":"https:\/\/www.facebook.com\/sosprofessoratividades","article_modified_time":"2026-05-08T16:53:42+00:00","og_image":[{"width":800,"height":693,"url":"https:\/\/lojasosprofessoratividades.com.br\/wp-content\/uploads\/2025\/03\/1.jpg","type":"image\/jpeg"}],"twitter_card":"summary_large_image","twitter_misc":{"Est. reading time":"1 minute"},"schema":{"@context":"https:\/\/schema.org","@graph":[{"@type":"WebPage","@id":"https:\/\/lojasosprofessoratividades.com.br\/produto\/misterio-no-circo\/","url":"https:\/\/lojasosprofessoratividades.com.br\/produto\/misterio-no-circo\/","name":"Mist\u00e9rio no Circo - Loja SOS Professor Atividades","isPartOf":{"@id":"https:\/\/lojasosprofessoratividades.com.br\/#website"},"primaryImageOfPage":{"@id":"https:\/\/lojasosprofessoratividades.com.br\/produto\/misterio-no-circo\/#primaryimage"},"image":{"@id":"https:\/\/lojasosprofessoratividades.com.br\/produto\/misterio-no-circo\/#primaryimage"},"thumbnailUrl":"https:\/\/lojasosprofessoratividades.com.br\/wp-content\/uploads\/2025\/03\/1.jpg","datePublished":"2026-03-23T11:22:45+00:00","dateModified":"2026-05-08T16:53:42+00:00","description":"Material completo para 4\u00ba e 5\u00ba ano: plano de aula, interpreta\u00e7\u00e3o e produ\u00e7\u00e3o de texto de mist\u00e9rio, situa\u00e7\u00f5es-problema de Matem\u00e1tica e b\u00f4nus exclusivos.","breadcrumb":{"@id":"https:\/\/lojasosprofessoratividades.com.br\/produto\/misterio-no-circo\/#breadcrumb"},"inLanguage":"en-US","potentialAction":[{"@type":"ReadAction","target":["https:\/\/lojasosprofessoratividades.com.br\/produto\/misterio-no-circo\/"]}]},{"@type":"ImageObject","inLanguage":"en-US","@id":"https:\/\/lojasosprofessoratividades.com.br\/produto\/misterio-no-circo\/#primaryimage","url":"https:\/\/lojasosprofessoratividades.com.br\/wp-content\/uploads\/2025\/03\/1.jpg","contentUrl":"https:\/\/lojasosprofessoratividades.com.br\/wp-content\/uploads\/2025\/03\/1.jpg","width":800,"height":693,"caption":"Mist\u00e9rio no Circo"},{"@type":"BreadcrumbList","@id":"https:\/\/lojasosprofessoratividades.com.br\/produto\/misterio-no-circo\/#breadcrumb","itemListElement":[{"@type":"ListItem","position":1,"name":"In\u00edcio","item":"https:\/\/lojasosprofessoratividades.com.br\/"},{"@type":"ListItem","position":2,"name":"Loja","item":"https:\/\/lojasosprofessoratividades.com.br\/loja\/"},{"@type":"ListItem","position":3,"name":"Mist\u00e9rio no Circo"}]},{"@type":"WebSite","@id":"https:\/\/lojasosprofessoratividades.com.br\/#website","url":"https:\/\/lojasosprofessoratividades.com.br\/","name":"Loja SOS Professor Atividades","description":"Venda de material did\u00e1tico para o ensino fundamental","publisher":{"@id":"https:\/\/lojasosprofessoratividades.com.br\/#organization"},"potentialAction":[{"@type":"SearchAction","target":{"@type":"EntryPoint","urlTemplate":"https:\/\/lojasosprofessoratividades.com.br\/?s={search_term_string}"},"query-input":{"@type":"PropertyValueSpecification","valueRequired":true,"valueName":"search_term_string"}}],"inLanguage":"en-US"},{"@type":"Organization","@id":"https:\/\/lojasosprofessoratividades.com.br\/#organization","name":"Loja SOS Professor Atividades","url":"https:\/\/lojasosprofessoratividades.com.br\/","logo":{"@type":"ImageObject","inLanguage":"en-US","@id":"https:\/\/lojasosprofessoratividades.com.br\/#\/schema\/logo\/image\/","url":"http:\/\/lojasosprofessoratividades.com.br\/wp-content\/uploads\/2022\/04\/Logo.png","contentUrl":"http:\/\/lojasosprofessoratividades.com.br\/wp-content\/uploads\/2022\/04\/Logo.png","width":2000,"height":2000,"caption":"Loja SOS Professor Atividades"},"image":{"@id":"https:\/\/lojasosprofessoratividades.com.br\/#\/schema\/logo\/image\/"},"sameAs":["https:\/\/www.facebook.com\/sosprofessoratividades","https:\/\/www.instagram.com\/sosprofessoratividades\/"]}]}},"_links":{"self":[{"href":"https:\/\/lojasosprofessoratividades.com.br\/en\/wp-json\/wp\/v2\/product\/33767","targetHints":{"allow":["GET"]}}],"collection":[{"href":"https:\/\/lojasosprofessoratividades.com.br\/en\/wp-json\/wp\/v2\/product"}],"about":[{"href":"https:\/\/lojasosprofessoratividades.com.br\/en\/wp-json\/wp\/v2\/types\/product"}],"replies":[{"embeddable":true,"href":"https:\/\/lojasosprofessoratividades.com.br\/en\/wp-json\/wp\/v2\/comments?post=33767"}],"wp:featuredmedia":[{"embeddable":true,"href":"https:\/\/lojasosprofessoratividades.com.br\/en\/wp-json\/wp\/v2\/media\/33770"}],"wp:attachment":[{"href":"https:\/\/lojasosprofessoratividades.com.br\/en\/wp-json\/wp\/v2\/media?parent=33767"}],"wp:term":[{"taxonomy":"product_brand","embeddable":true,"href":"https:\/\/lojasosprofessoratividades.com.br\/en\/wp-json\/wp\/v2\/product_brand?post=33767"},{"taxonomy":"product_cat","embeddable":true,"href":"https:\/\/lojasosprofessoratividades.com.br\/en\/wp-json\/wp\/v2\/product_cat?post=33767"},{"taxonomy":"product_tag","embeddable":true,"href":"https:\/\/lojasosprofessoratividades.com.br\/en\/wp-json\/wp\/v2\/product_tag?post=33767"}],"curies":[{"name":"wp","href":"https:\/\/api.w.org\/{rel}","templated":true}]}}