{"id":33795,"date":"2026-02-27T07:48:26","date_gmt":"2026-02-27T10:48:26","guid":{"rendered":"https:\/\/lojasosprofessoratividades.com.br\/?post_type=product&#038;p=33795"},"modified":"2026-05-08T14:03:01","modified_gmt":"2026-05-08T17:03:01","slug":"dia-da-agua-preservacao-das-geleiras","status":"publish","type":"product","link":"https:\/\/lojasosprofessoratividades.com.br\/en\/product\/dia-da-agua-preservacao-das-geleiras\/","title":{"rendered":"Dia da \u00c1gua &#8211; Preserva\u00e7\u00e3o das Geleiras"},"content":{"rendered":"","protected":false},"excerpt":{"rendered":"<p data-start=\"0\" data-end=\"38\"><strong data-start=\"0\" data-end=\"36\">Arquivo Educativo n\u00e3o edit\u00e1vel \u2013 5\u00ba Ano\u00a0<\/strong><\/p>\n<p data-start=\"102\" data-end=\"157\">\u00a0<strong data-start=\"105\" data-end=\"129\">Vers\u00f5es dispon\u00edveis:<\/strong> Colorida e para colorir.<\/p>\n<p data-start=\"159\" data-end=\"596\"><strong data-start=\"162\" data-end=\"203\">O que voc\u00ea encontrar\u00e1 neste material?<\/strong><br data-start=\"203\" data-end=\"206\" \/>\u2705 Texto informativo sobre o Dia Mundial da \u00c1gua e a import\u00e2ncia da preserva\u00e7\u00e3o das geleiras. <br data-start=\"298\" data-end=\"301\" \/>\u2705 Atividades de interpreta\u00e7\u00e3o textual para fortalecer a compreens\u00e3o. <br data-start=\"367\" data-end=\"370\" \/>\u2705 <strong data-start=\"372\" data-end=\"389\">Ciclo da \u00c1gua<\/strong> ilustrado para facilitar o aprendizado. <br data-start=\"429\" data-end=\"432\" \/>\u2705 <strong data-start=\"434\" data-end=\"451\">Plano de Aula<\/strong> estruturado para professores. <br data-start=\"481\" data-end=\"484\" \/>\u2705 <strong data-start=\"486\" data-end=\"510\">Atividade interativa<\/strong> para criar um mural com os alunos. <br data-start=\"545\" data-end=\"548\" \/>\u2705 <strong data-start=\"550\" data-end=\"562\">Gabarito<\/strong> para corre\u00e7\u00e3o r\u00e1pida e pr\u00e1tica.<\/p>\n<p data-start=\"598\" data-end=\"677\">\u00a0Ideal para promover a consci\u00eancia ambiental e o uso respons\u00e1vel da \u00e1gua!<\/p>\n<h3>N\u00e3o enviamos por e-mail, a entrega \u00e9 via link para download. \ud83d\udc47<\/h3>\n<p>&nbsp;<\/p>\n<p><img loading=\"lazy\" decoding=\"async\" class=\"alignnone wp-image-38009 size-full\" src=\"https:\/\/lojasosprofessoratividades.com.br\/wp-content\/uploads\/2026\/02\/Como-baixar-2.jpg\" alt=\"\" width=\"446\" height=\"251\" srcset=\"https:\/\/lojasosprofessoratividades.com.br\/wp-content\/uploads\/2026\/02\/Como-baixar-2.jpg 446w, https:\/\/lojasosprofessoratividades.com.br\/wp-content\/uploads\/2026\/02\/Como-baixar-2-300x169.jpg 300w, https:\/\/lojasosprofessoratividades.com.br\/wp-content\/uploads\/2026\/02\/Como-baixar-2-18x10.jpg 18w\" sizes=\"auto, (max-width: 446px) 100vw, 446px\" \/><\/p>","protected":false},"featured_media":33797,"comment_status":"open","ping_status":"closed","template":"","meta":[],"product_brand":[],"product_cat":[127,199,206,218],"product_tag":[248,333,579,1201,1275,1280,1283,245,250,1206,398,1281,1282],"class_list":{"0":"post-33795","1":"product","2":"type-product","3":"status-publish","4":"has-post-thumbnail","6":"product_cat-5o-ano","7":"product_cat-atividades-interativas-5-anos","8":"product_cat-ciencias-5-ano","9":"product_cat-data-comemorativa-5-ano","10":"product_tag-5o-ano","11":"product_tag-atividade-interativa","12":"product_tag-atividades-educativas","13":"product_tag-ciclo-da-agua","14":"product_tag-conscientizacao-ambiental","15":"product_tag-dia-mundial-da-agua","16":"product_tag-economia-de-agua","17":"product_tag-ensino-fundamental","18":"product_tag-interpretacao-de-texto","19":"product_tag-meio-ambiente","20":"product_tag-plano-de-aula","21":"product_tag-preservacao-das-geleiras","22":"product_tag-recursos-hidricos","24":"first","25":"instock","26":"downloadable","27":"virtual","28":"sold-individually","29":"purchasable","30":"product-type-simple"},"yoast_head":"<!-- This site is optimized with the Yoast SEO plugin v27.5 - https:\/\/yoast.com\/product\/yoast-seo-wordpress\/ -->\n<title>Dia da \u00c1gua - Preserva\u00e7\u00e3o das Geleiras - Loja SOS Professor Atividades<\/title>\n<meta name=\"description\" content=\"Dia Mundial da \u00c1gua 5\u00ba ano sobre preserva\u00e7\u00e3o das geleiras. Texto, interpreta\u00e7\u00e3o, ciclo da \u00e1gua, plano de aula, mural interativo e gabarito.\" \/>\n<meta name=\"robots\" content=\"index, follow, max-snippet:-1, max-image-preview:large, max-video-preview:-1\" \/>\n<link rel=\"canonical\" href=\"https:\/\/lojasosprofessoratividades.com.br\/en\/product\/dia-da-agua-preservacao-das-geleiras\/\" \/>\n<meta property=\"og:locale\" content=\"en_US\" \/>\n<meta property=\"og:type\" content=\"article\" \/>\n<meta property=\"og:title\" content=\"Dia da \u00c1gua - Preserva\u00e7\u00e3o das Geleiras - Loja SOS Professor Atividades\" \/>\n<meta property=\"og:description\" content=\"Dia Mundial da \u00c1gua 5\u00ba ano sobre preserva\u00e7\u00e3o das geleiras. Texto, interpreta\u00e7\u00e3o, ciclo da \u00e1gua, plano de aula, mural interativo e gabarito.\" \/>\n<meta property=\"og:url\" content=\"https:\/\/lojasosprofessoratividades.com.br\/en\/product\/dia-da-agua-preservacao-das-geleiras\/\" \/>\n<meta property=\"og:site_name\" content=\"Loja SOS Professor Atividades\" \/>\n<meta property=\"article:publisher\" content=\"https:\/\/www.facebook.com\/sosprofessoratividades\" \/>\n<meta property=\"article:modified_time\" content=\"2026-05-08T17:03:01+00:00\" \/>\n<meta property=\"og:image\" content=\"https:\/\/lojasosprofessoratividades.com.br\/wp-content\/uploads\/2025\/03\/1-1.jpg\" \/>\n\t<meta property=\"og:image:width\" content=\"800\" \/>\n\t<meta property=\"og:image:height\" content=\"693\" \/>\n\t<meta property=\"og:image:type\" content=\"image\/jpeg\" \/>\n<meta name=\"twitter:card\" content=\"summary_large_image\" \/>\n<meta name=\"twitter:label1\" content=\"Est. reading time\" \/>\n\t<meta name=\"twitter:data1\" content=\"1 minute\" \/>\n<script type=\"application\/ld+json\" class=\"yoast-schema-graph\">{\"@context\":\"https:\\\/\\\/schema.org\",\"@graph\":[{\"@type\":\"WebPage\",\"@id\":\"https:\\\/\\\/lojasosprofessoratividades.com.br\\\/produto\\\/dia-da-agua-preservacao-das-geleiras\\\/\",\"url\":\"https:\\\/\\\/lojasosprofessoratividades.com.br\\\/produto\\\/dia-da-agua-preservacao-das-geleiras\\\/\",\"name\":\"Dia da \u00c1gua - Preserva\u00e7\u00e3o das Geleiras - Loja SOS Professor Atividades\",\"isPartOf\":{\"@id\":\"https:\\\/\\\/lojasosprofessoratividades.com.br\\\/#website\"},\"primaryImageOfPage\":{\"@id\":\"https:\\\/\\\/lojasosprofessoratividades.com.br\\\/produto\\\/dia-da-agua-preservacao-das-geleiras\\\/#primaryimage\"},\"image\":{\"@id\":\"https:\\\/\\\/lojasosprofessoratividades.com.br\\\/produto\\\/dia-da-agua-preservacao-das-geleiras\\\/#primaryimage\"},\"thumbnailUrl\":\"https:\\\/\\\/lojasosprofessoratividades.com.br\\\/wp-content\\\/uploads\\\/2025\\\/03\\\/1-1.jpg\",\"datePublished\":\"2026-02-27T10:48:26+00:00\",\"dateModified\":\"2026-05-08T17:03:01+00:00\",\"description\":\"Dia Mundial da \u00c1gua 5\u00ba ano sobre preserva\u00e7\u00e3o das geleiras. Texto, interpreta\u00e7\u00e3o, ciclo da \u00e1gua, plano de aula, mural interativo e gabarito.\",\"breadcrumb\":{\"@id\":\"https:\\\/\\\/lojasosprofessoratividades.com.br\\\/produto\\\/dia-da-agua-preservacao-das-geleiras\\\/#breadcrumb\"},\"inLanguage\":\"en-US\",\"potentialAction\":[{\"@type\":\"ReadAction\",\"target\":[\"https:\\\/\\\/lojasosprofessoratividades.com.br\\\/produto\\\/dia-da-agua-preservacao-das-geleiras\\\/\"]}]},{\"@type\":\"ImageObject\",\"inLanguage\":\"en-US\",\"@id\":\"https:\\\/\\\/lojasosprofessoratividades.com.br\\\/produto\\\/dia-da-agua-preservacao-das-geleiras\\\/#primaryimage\",\"url\":\"https:\\\/\\\/lojasosprofessoratividades.com.br\\\/wp-content\\\/uploads\\\/2025\\\/03\\\/1-1.jpg\",\"contentUrl\":\"https:\\\/\\\/lojasosprofessoratividades.com.br\\\/wp-content\\\/uploads\\\/2025\\\/03\\\/1-1.jpg\",\"width\":800,\"height\":693,\"caption\":\"Dia da \u00c1gua - Preserva\u00e7\u00e3o das Geleiras\"},{\"@type\":\"BreadcrumbList\",\"@id\":\"https:\\\/\\\/lojasosprofessoratividades.com.br\\\/produto\\\/dia-da-agua-preservacao-das-geleiras\\\/#breadcrumb\",\"itemListElement\":[{\"@type\":\"ListItem\",\"position\":1,\"name\":\"In\u00edcio\",\"item\":\"https:\\\/\\\/lojasosprofessoratividades.com.br\\\/\"},{\"@type\":\"ListItem\",\"position\":2,\"name\":\"Loja\",\"item\":\"https:\\\/\\\/lojasosprofessoratividades.com.br\\\/loja\\\/\"},{\"@type\":\"ListItem\",\"position\":3,\"name\":\"Dia da \u00c1gua &#8211; Preserva\u00e7\u00e3o das Geleiras\"}]},{\"@type\":\"WebSite\",\"@id\":\"https:\\\/\\\/lojasosprofessoratividades.com.br\\\/#website\",\"url\":\"https:\\\/\\\/lojasosprofessoratividades.com.br\\\/\",\"name\":\"Loja SOS Professor Atividades\",\"description\":\"Venda de material did\u00e1tico para o ensino fundamental\",\"publisher\":{\"@id\":\"https:\\\/\\\/lojasosprofessoratividades.com.br\\\/#organization\"},\"potentialAction\":[{\"@type\":\"SearchAction\",\"target\":{\"@type\":\"EntryPoint\",\"urlTemplate\":\"https:\\\/\\\/lojasosprofessoratividades.com.br\\\/?s={search_term_string}\"},\"query-input\":{\"@type\":\"PropertyValueSpecification\",\"valueRequired\":true,\"valueName\":\"search_term_string\"}}],\"inLanguage\":\"en-US\"},{\"@type\":\"Organization\",\"@id\":\"https:\\\/\\\/lojasosprofessoratividades.com.br\\\/#organization\",\"name\":\"Loja SOS Professor Atividades\",\"url\":\"https:\\\/\\\/lojasosprofessoratividades.com.br\\\/\",\"logo\":{\"@type\":\"ImageObject\",\"inLanguage\":\"en-US\",\"@id\":\"https:\\\/\\\/lojasosprofessoratividades.com.br\\\/#\\\/schema\\\/logo\\\/image\\\/\",\"url\":\"http:\\\/\\\/lojasosprofessoratividades.com.br\\\/wp-content\\\/uploads\\\/2022\\\/04\\\/Logo.png\",\"contentUrl\":\"http:\\\/\\\/lojasosprofessoratividades.com.br\\\/wp-content\\\/uploads\\\/2022\\\/04\\\/Logo.png\",\"width\":2000,\"height\":2000,\"caption\":\"Loja SOS Professor Atividades\"},\"image\":{\"@id\":\"https:\\\/\\\/lojasosprofessoratividades.com.br\\\/#\\\/schema\\\/logo\\\/image\\\/\"},\"sameAs\":[\"https:\\\/\\\/www.facebook.com\\\/sosprofessoratividades\",\"https:\\\/\\\/www.instagram.com\\\/sosprofessoratividades\\\/\"]}]}<\/script>\n<!-- \/ Yoast SEO plugin. -->","yoast_head_json":{"title":"Dia da \u00c1gua - Preserva\u00e7\u00e3o das Geleiras - Loja SOS Professor Atividades","description":"Dia Mundial da \u00c1gua 5\u00ba ano sobre preserva\u00e7\u00e3o das geleiras. Texto, interpreta\u00e7\u00e3o, ciclo da \u00e1gua, plano de aula, mural interativo e gabarito.","robots":{"index":"index","follow":"follow","max-snippet":"max-snippet:-1","max-image-preview":"max-image-preview:large","max-video-preview":"max-video-preview:-1"},"canonical":"https:\/\/lojasosprofessoratividades.com.br\/en\/product\/dia-da-agua-preservacao-das-geleiras\/","og_locale":"en_US","og_type":"article","og_title":"Dia da \u00c1gua - Preserva\u00e7\u00e3o das Geleiras - Loja SOS Professor Atividades","og_description":"Dia Mundial da \u00c1gua 5\u00ba ano sobre preserva\u00e7\u00e3o das geleiras. Texto, interpreta\u00e7\u00e3o, ciclo da \u00e1gua, plano de aula, mural interativo e gabarito.","og_url":"https:\/\/lojasosprofessoratividades.com.br\/en\/product\/dia-da-agua-preservacao-das-geleiras\/","og_site_name":"Loja SOS Professor Atividades","article_publisher":"https:\/\/www.facebook.com\/sosprofessoratividades","article_modified_time":"2026-05-08T17:03:01+00:00","og_image":[{"width":800,"height":693,"url":"https:\/\/lojasosprofessoratividades.com.br\/wp-content\/uploads\/2025\/03\/1-1.jpg","type":"image\/jpeg"}],"twitter_card":"summary_large_image","twitter_misc":{"Est. reading time":"1 minute"},"schema":{"@context":"https:\/\/schema.org","@graph":[{"@type":"WebPage","@id":"https:\/\/lojasosprofessoratividades.com.br\/produto\/dia-da-agua-preservacao-das-geleiras\/","url":"https:\/\/lojasosprofessoratividades.com.br\/produto\/dia-da-agua-preservacao-das-geleiras\/","name":"Dia da \u00c1gua - Preserva\u00e7\u00e3o das Geleiras - Loja SOS Professor Atividades","isPartOf":{"@id":"https:\/\/lojasosprofessoratividades.com.br\/#website"},"primaryImageOfPage":{"@id":"https:\/\/lojasosprofessoratividades.com.br\/produto\/dia-da-agua-preservacao-das-geleiras\/#primaryimage"},"image":{"@id":"https:\/\/lojasosprofessoratividades.com.br\/produto\/dia-da-agua-preservacao-das-geleiras\/#primaryimage"},"thumbnailUrl":"https:\/\/lojasosprofessoratividades.com.br\/wp-content\/uploads\/2025\/03\/1-1.jpg","datePublished":"2026-02-27T10:48:26+00:00","dateModified":"2026-05-08T17:03:01+00:00","description":"Dia Mundial da \u00c1gua 5\u00ba ano sobre preserva\u00e7\u00e3o das geleiras. Texto, interpreta\u00e7\u00e3o, ciclo da \u00e1gua, plano de aula, mural interativo e gabarito.","breadcrumb":{"@id":"https:\/\/lojasosprofessoratividades.com.br\/produto\/dia-da-agua-preservacao-das-geleiras\/#breadcrumb"},"inLanguage":"en-US","potentialAction":[{"@type":"ReadAction","target":["https:\/\/lojasosprofessoratividades.com.br\/produto\/dia-da-agua-preservacao-das-geleiras\/"]}]},{"@type":"ImageObject","inLanguage":"en-US","@id":"https:\/\/lojasosprofessoratividades.com.br\/produto\/dia-da-agua-preservacao-das-geleiras\/#primaryimage","url":"https:\/\/lojasosprofessoratividades.com.br\/wp-content\/uploads\/2025\/03\/1-1.jpg","contentUrl":"https:\/\/lojasosprofessoratividades.com.br\/wp-content\/uploads\/2025\/03\/1-1.jpg","width":800,"height":693,"caption":"Dia da \u00c1gua - Preserva\u00e7\u00e3o das Geleiras"},{"@type":"BreadcrumbList","@id":"https:\/\/lojasosprofessoratividades.com.br\/produto\/dia-da-agua-preservacao-das-geleiras\/#breadcrumb","itemListElement":[{"@type":"ListItem","position":1,"name":"In\u00edcio","item":"https:\/\/lojasosprofessoratividades.com.br\/"},{"@type":"ListItem","position":2,"name":"Loja","item":"https:\/\/lojasosprofessoratividades.com.br\/loja\/"},{"@type":"ListItem","position":3,"name":"Dia da \u00c1gua &#8211; Preserva\u00e7\u00e3o das Geleiras"}]},{"@type":"WebSite","@id":"https:\/\/lojasosprofessoratividades.com.br\/#website","url":"https:\/\/lojasosprofessoratividades.com.br\/","name":"Loja SOS Professor Atividades","description":"Venda de material did\u00e1tico para o ensino fundamental","publisher":{"@id":"https:\/\/lojasosprofessoratividades.com.br\/#organization"},"potentialAction":[{"@type":"SearchAction","target":{"@type":"EntryPoint","urlTemplate":"https:\/\/lojasosprofessoratividades.com.br\/?s={search_term_string}"},"query-input":{"@type":"PropertyValueSpecification","valueRequired":true,"valueName":"search_term_string"}}],"inLanguage":"en-US"},{"@type":"Organization","@id":"https:\/\/lojasosprofessoratividades.com.br\/#organization","name":"Loja SOS Professor Atividades","url":"https:\/\/lojasosprofessoratividades.com.br\/","logo":{"@type":"ImageObject","inLanguage":"en-US","@id":"https:\/\/lojasosprofessoratividades.com.br\/#\/schema\/logo\/image\/","url":"http:\/\/lojasosprofessoratividades.com.br\/wp-content\/uploads\/2022\/04\/Logo.png","contentUrl":"http:\/\/lojasosprofessoratividades.com.br\/wp-content\/uploads\/2022\/04\/Logo.png","width":2000,"height":2000,"caption":"Loja SOS Professor Atividades"},"image":{"@id":"https:\/\/lojasosprofessoratividades.com.br\/#\/schema\/logo\/image\/"},"sameAs":["https:\/\/www.facebook.com\/sosprofessoratividades","https:\/\/www.instagram.com\/sosprofessoratividades\/"]}]}},"_links":{"self":[{"href":"https:\/\/lojasosprofessoratividades.com.br\/en\/wp-json\/wp\/v2\/product\/33795","targetHints":{"allow":["GET"]}}],"collection":[{"href":"https:\/\/lojasosprofessoratividades.com.br\/en\/wp-json\/wp\/v2\/product"}],"about":[{"href":"https:\/\/lojasosprofessoratividades.com.br\/en\/wp-json\/wp\/v2\/types\/product"}],"replies":[{"embeddable":true,"href":"https:\/\/lojasosprofessoratividades.com.br\/en\/wp-json\/wp\/v2\/comments?post=33795"}],"wp:featuredmedia":[{"embeddable":true,"href":"https:\/\/lojasosprofessoratividades.com.br\/en\/wp-json\/wp\/v2\/media\/33797"}],"wp:attachment":[{"href":"https:\/\/lojasosprofessoratividades.com.br\/en\/wp-json\/wp\/v2\/media?parent=33795"}],"wp:term":[{"taxonomy":"product_brand","embeddable":true,"href":"https:\/\/lojasosprofessoratividades.com.br\/en\/wp-json\/wp\/v2\/product_brand?post=33795"},{"taxonomy":"product_cat","embeddable":true,"href":"https:\/\/lojasosprofessoratividades.com.br\/en\/wp-json\/wp\/v2\/product_cat?post=33795"},{"taxonomy":"product_tag","embeddable":true,"href":"https:\/\/lojasosprofessoratividades.com.br\/en\/wp-json\/wp\/v2\/product_tag?post=33795"}],"curies":[{"name":"wp","href":"https:\/\/api.w.org\/{rel}","templated":true}]}}