{"id":33844,"date":"2025-03-10T21:10:10","date_gmt":"2025-03-11T00:10:10","guid":{"rendered":"https:\/\/lojasosprofessoratividades.com.br\/?post_type=product&#038;p=33844"},"modified":"2026-05-08T15:51:28","modified_gmt":"2026-05-08T18:51:28","slug":"cartaz-cuidar-da-agua-e-preservar-a-vida","status":"publish","type":"product","link":"https:\/\/lojasosprofessoratividades.com.br\/en\/product\/cartaz-cuidar-da-agua-e-preservar-a-vida\/","title":{"rendered":"Cartaz &#8211; Cuidar da \u00e1gua \u00e9 preservar a vida"},"content":{"rendered":"","protected":false},"excerpt":{"rendered":"<p data-start=\"53\" data-end=\"188\"><strong data-start=\"56\" data-end=\"95\">Inspire a conscientiza\u00e7\u00e3o ambiental<\/strong> com este lindo cartaz educativo! Ideal para escolas, eventos ou a\u00e7\u00f5es de sustentabilidade.<\/p>\n<p data-start=\"190\" data-end=\"533\">\ud83d\uddbc\ufe0f <strong data-start=\"194\" data-end=\"207\">Conte\u00fado:<\/strong><br data-start=\"207\" data-end=\"210\" \/>\u2705 Cartaz ampliado em <strong data-start=\"231\" data-end=\"247\">24 folhas A4<\/strong>, formando uma imagem impactante de aproximadamente <strong data-start=\"299\" data-end=\"317\">166 cm x 76 cm<\/strong>. <br data-start=\"318\" data-end=\"321\" \/>\u2705 <strong data-start=\"323\" data-end=\"347\" data-is-only-node=\"\">Imagem em tamanho A4<\/strong> para facilitar amplia\u00e7\u00f5es adicionais. <br data-start=\"385\" data-end=\"388\" \/>\ud83c\udf81 <strong data-start=\"391\" data-end=\"401\">B\u00f4nus:<\/strong> Inclui um <strong data-start=\"412\" data-end=\"443\">marcador de p\u00e1gina tem\u00e1tico<\/strong> e uma <strong data-start=\"450\" data-end=\"472\">folha para colorir<\/strong>, tornando o aprendizado ainda mais divertido e interativo.<\/p>\n<p data-start=\"535\" data-end=\"624\">\ud83c\udf0dIncentivo a pr\u00e1ticas sustent\u00e1veis \u200b\u200be ajude a preservar nosso bem mais precioso: a \u00e1gua!<\/p>\n<h3>N\u00e3o enviamos por e-mail, a entrega \u00e9 via link para download. \ud83d\udc47<\/h3>\n<p><img loading=\"lazy\" decoding=\"async\" class=\"alignnone wp-image-38009 size-full\" src=\"https:\/\/lojasosprofessoratividades.com.br\/wp-content\/uploads\/2026\/02\/Como-baixar-2.jpg\" alt=\"\" width=\"446\" height=\"251\" srcset=\"https:\/\/lojasosprofessoratividades.com.br\/wp-content\/uploads\/2026\/02\/Como-baixar-2.jpg 446w, https:\/\/lojasosprofessoratividades.com.br\/wp-content\/uploads\/2026\/02\/Como-baixar-2-300x169.jpg 300w, https:\/\/lojasosprofessoratividades.com.br\/wp-content\/uploads\/2026\/02\/Como-baixar-2-18x10.jpg 18w\" sizes=\"auto, (max-width: 446px) 100vw, 446px\" \/><\/p>","protected":false},"featured_media":33850,"comment_status":"open","ping_status":"closed","template":"","meta":[],"product_brand":[],"product_cat":[122,123,124,125,127,216,218,210,214,212],"product_tag":[1205,1295,615,746,1294,1292,1199,1210,643,1293,1296,1204],"class_list":{"0":"post-33844","1":"product","2":"type-product","3":"status-publish","4":"has-post-thumbnail","6":"product_cat-1o-ano","7":"product_cat-2o-ano","8":"product_cat-3o-ano","9":"product_cat-4o-ano","10":"product_cat-5o-ano","11":"product_cat-data-comemorativa-4-ano","12":"product_cat-data-comemorativa-5-ano","13":"product_cat-data-comemorativa-1-ano","14":"product_cat-data-comemorativa-3-ano","15":"product_cat-data-comemorativa-2-ano","16":"product_tag-agua","17":"product_tag-atividade-para-criancas","18":"product_tag-cartaz-ampliado","19":"product_tag-cartaz-educativo","20":"product_tag-conscientizacao-ecologica","21":"product_tag-cuidado-com-a-agua","22":"product_tag-dia-da-agua","23":"product_tag-educacao-ambiental","24":"product_tag-material-pedagogico","25":"product_tag-preservacao-ambiental","26":"product_tag-preservacao-da-vida","27":"product_tag-sustentabilidade","29":"first","30":"instock","31":"downloadable","32":"virtual","33":"sold-individually","34":"purchasable","35":"product-type-simple"},"yoast_head":"<!-- This site is optimized with the Yoast SEO plugin v27.6 - https:\/\/yoast.com\/product\/yoast-seo-wordpress\/ -->\n<title>Cartaz - Cuidar da \u00e1gua \u00e9 preservar a vida - Loja SOS Professor Atividades<\/title>\n<meta name=\"description\" content=\"Cartaz Dia da \u00c1gua \u201cCuidar da \u00c1gua \u00e9 Preservar a Vida\u201d em 24 folhas A4. Inclui vers\u00e3o A4, marcador de p\u00e1gina e atividade para colorir.\" \/>\n<meta name=\"robots\" content=\"index, follow, max-snippet:-1, max-image-preview:large, max-video-preview:-1\" \/>\n<link rel=\"canonical\" href=\"https:\/\/lojasosprofessoratividades.com.br\/en\/product\/cartaz-cuidar-da-agua-e-preservar-a-vida\/\" \/>\n<meta property=\"og:locale\" content=\"en_US\" \/>\n<meta property=\"og:type\" content=\"article\" \/>\n<meta property=\"og:title\" content=\"Cartaz - Cuidar da \u00e1gua \u00e9 preservar a vida - Loja SOS Professor Atividades\" \/>\n<meta property=\"og:description\" content=\"Cartaz Dia da \u00c1gua \u201cCuidar da \u00c1gua \u00e9 Preservar a Vida\u201d em 24 folhas A4. Inclui vers\u00e3o A4, marcador de p\u00e1gina e atividade para colorir.\" \/>\n<meta property=\"og:url\" content=\"https:\/\/lojasosprofessoratividades.com.br\/en\/product\/cartaz-cuidar-da-agua-e-preservar-a-vida\/\" \/>\n<meta property=\"og:site_name\" content=\"Loja SOS Professor Atividades\" \/>\n<meta property=\"article:publisher\" content=\"https:\/\/www.facebook.com\/sosprofessoratividades\" \/>\n<meta property=\"article:modified_time\" content=\"2026-05-08T18:51:28+00:00\" \/>\n<meta property=\"og:image\" content=\"https:\/\/lojasosprofessoratividades.com.br\/wp-content\/uploads\/2025\/03\/1-3.jpg\" \/>\n\t<meta property=\"og:image:width\" content=\"800\" \/>\n\t<meta property=\"og:image:height\" content=\"693\" \/>\n\t<meta property=\"og:image:type\" content=\"image\/jpeg\" \/>\n<meta name=\"twitter:card\" content=\"summary_large_image\" \/>\n<meta name=\"twitter:label1\" content=\"Est. reading time\" \/>\n\t<meta name=\"twitter:data1\" content=\"1 minute\" \/>\n<script type=\"application\/ld+json\" class=\"yoast-schema-graph\">{\"@context\":\"https:\\\/\\\/schema.org\",\"@graph\":[{\"@type\":\"WebPage\",\"@id\":\"https:\\\/\\\/lojasosprofessoratividades.com.br\\\/produto\\\/cartaz-cuidar-da-agua-e-preservar-a-vida\\\/\",\"url\":\"https:\\\/\\\/lojasosprofessoratividades.com.br\\\/produto\\\/cartaz-cuidar-da-agua-e-preservar-a-vida\\\/\",\"name\":\"Cartaz - Cuidar da \u00e1gua \u00e9 preservar a vida - Loja SOS Professor Atividades\",\"isPartOf\":{\"@id\":\"https:\\\/\\\/lojasosprofessoratividades.com.br\\\/#website\"},\"primaryImageOfPage\":{\"@id\":\"https:\\\/\\\/lojasosprofessoratividades.com.br\\\/produto\\\/cartaz-cuidar-da-agua-e-preservar-a-vida\\\/#primaryimage\"},\"image\":{\"@id\":\"https:\\\/\\\/lojasosprofessoratividades.com.br\\\/produto\\\/cartaz-cuidar-da-agua-e-preservar-a-vida\\\/#primaryimage\"},\"thumbnailUrl\":\"https:\\\/\\\/lojasosprofessoratividades.com.br\\\/wp-content\\\/uploads\\\/2025\\\/03\\\/1-3.jpg\",\"datePublished\":\"2025-03-11T00:10:10+00:00\",\"dateModified\":\"2026-05-08T18:51:28+00:00\",\"description\":\"Cartaz Dia da \u00c1gua \u201cCuidar da \u00c1gua \u00e9 Preservar a Vida\u201d em 24 folhas A4. Inclui vers\u00e3o A4, marcador de p\u00e1gina e atividade para colorir.\",\"breadcrumb\":{\"@id\":\"https:\\\/\\\/lojasosprofessoratividades.com.br\\\/produto\\\/cartaz-cuidar-da-agua-e-preservar-a-vida\\\/#breadcrumb\"},\"inLanguage\":\"en-US\",\"potentialAction\":[{\"@type\":\"ReadAction\",\"target\":[\"https:\\\/\\\/lojasosprofessoratividades.com.br\\\/produto\\\/cartaz-cuidar-da-agua-e-preservar-a-vida\\\/\"]}]},{\"@type\":\"ImageObject\",\"inLanguage\":\"en-US\",\"@id\":\"https:\\\/\\\/lojasosprofessoratividades.com.br\\\/produto\\\/cartaz-cuidar-da-agua-e-preservar-a-vida\\\/#primaryimage\",\"url\":\"https:\\\/\\\/lojasosprofessoratividades.com.br\\\/wp-content\\\/uploads\\\/2025\\\/03\\\/1-3.jpg\",\"contentUrl\":\"https:\\\/\\\/lojasosprofessoratividades.com.br\\\/wp-content\\\/uploads\\\/2025\\\/03\\\/1-3.jpg\",\"width\":800,\"height\":693,\"caption\":\"Cartaz - Cuidar da \u00e1gua \u00e9 preservar a vida\"},{\"@type\":\"BreadcrumbList\",\"@id\":\"https:\\\/\\\/lojasosprofessoratividades.com.br\\\/produto\\\/cartaz-cuidar-da-agua-e-preservar-a-vida\\\/#breadcrumb\",\"itemListElement\":[{\"@type\":\"ListItem\",\"position\":1,\"name\":\"In\u00edcio\",\"item\":\"https:\\\/\\\/lojasosprofessoratividades.com.br\\\/\"},{\"@type\":\"ListItem\",\"position\":2,\"name\":\"Loja\",\"item\":\"https:\\\/\\\/lojasosprofessoratividades.com.br\\\/loja\\\/\"},{\"@type\":\"ListItem\",\"position\":3,\"name\":\"Cartaz &#8211; Cuidar da \u00e1gua \u00e9 preservar a vida\"}]},{\"@type\":\"WebSite\",\"@id\":\"https:\\\/\\\/lojasosprofessoratividades.com.br\\\/#website\",\"url\":\"https:\\\/\\\/lojasosprofessoratividades.com.br\\\/\",\"name\":\"Loja SOS Professor Atividades\",\"description\":\"Venda de material did\u00e1tico para o ensino fundamental\",\"publisher\":{\"@id\":\"https:\\\/\\\/lojasosprofessoratividades.com.br\\\/#organization\"},\"potentialAction\":[{\"@type\":\"SearchAction\",\"target\":{\"@type\":\"EntryPoint\",\"urlTemplate\":\"https:\\\/\\\/lojasosprofessoratividades.com.br\\\/?s={search_term_string}\"},\"query-input\":{\"@type\":\"PropertyValueSpecification\",\"valueRequired\":true,\"valueName\":\"search_term_string\"}}],\"inLanguage\":\"en-US\"},{\"@type\":\"Organization\",\"@id\":\"https:\\\/\\\/lojasosprofessoratividades.com.br\\\/#organization\",\"name\":\"Loja SOS Professor Atividades\",\"url\":\"https:\\\/\\\/lojasosprofessoratividades.com.br\\\/\",\"logo\":{\"@type\":\"ImageObject\",\"inLanguage\":\"en-US\",\"@id\":\"https:\\\/\\\/lojasosprofessoratividades.com.br\\\/#\\\/schema\\\/logo\\\/image\\\/\",\"url\":\"http:\\\/\\\/lojasosprofessoratividades.com.br\\\/wp-content\\\/uploads\\\/2022\\\/04\\\/Logo.png\",\"contentUrl\":\"http:\\\/\\\/lojasosprofessoratividades.com.br\\\/wp-content\\\/uploads\\\/2022\\\/04\\\/Logo.png\",\"width\":2000,\"height\":2000,\"caption\":\"Loja SOS Professor Atividades\"},\"image\":{\"@id\":\"https:\\\/\\\/lojasosprofessoratividades.com.br\\\/#\\\/schema\\\/logo\\\/image\\\/\"},\"sameAs\":[\"https:\\\/\\\/www.facebook.com\\\/sosprofessoratividades\",\"https:\\\/\\\/www.instagram.com\\\/sosprofessoratividades\\\/\"]}]}<\/script>\n<!-- \/ Yoast SEO plugin. -->","yoast_head_json":{"title":"Cartaz - Cuidar da \u00e1gua \u00e9 preservar a vida - Loja SOS Professor Atividades","description":"Cartaz Dia da \u00c1gua \u201cCuidar da \u00c1gua \u00e9 Preservar a Vida\u201d em 24 folhas A4. Inclui vers\u00e3o A4, marcador de p\u00e1gina e atividade para colorir.","robots":{"index":"index","follow":"follow","max-snippet":"max-snippet:-1","max-image-preview":"max-image-preview:large","max-video-preview":"max-video-preview:-1"},"canonical":"https:\/\/lojasosprofessoratividades.com.br\/en\/product\/cartaz-cuidar-da-agua-e-preservar-a-vida\/","og_locale":"en_US","og_type":"article","og_title":"Cartaz - Cuidar da \u00e1gua \u00e9 preservar a vida - Loja SOS Professor Atividades","og_description":"Cartaz Dia da \u00c1gua \u201cCuidar da \u00c1gua \u00e9 Preservar a Vida\u201d em 24 folhas A4. Inclui vers\u00e3o A4, marcador de p\u00e1gina e atividade para colorir.","og_url":"https:\/\/lojasosprofessoratividades.com.br\/en\/product\/cartaz-cuidar-da-agua-e-preservar-a-vida\/","og_site_name":"Loja SOS Professor Atividades","article_publisher":"https:\/\/www.facebook.com\/sosprofessoratividades","article_modified_time":"2026-05-08T18:51:28+00:00","og_image":[{"width":800,"height":693,"url":"https:\/\/lojasosprofessoratividades.com.br\/wp-content\/uploads\/2025\/03\/1-3.jpg","type":"image\/jpeg"}],"twitter_card":"summary_large_image","twitter_misc":{"Est. reading time":"1 minute"},"schema":{"@context":"https:\/\/schema.org","@graph":[{"@type":"WebPage","@id":"https:\/\/lojasosprofessoratividades.com.br\/produto\/cartaz-cuidar-da-agua-e-preservar-a-vida\/","url":"https:\/\/lojasosprofessoratividades.com.br\/produto\/cartaz-cuidar-da-agua-e-preservar-a-vida\/","name":"Cartaz - Cuidar da \u00e1gua \u00e9 preservar a vida - Loja SOS Professor Atividades","isPartOf":{"@id":"https:\/\/lojasosprofessoratividades.com.br\/#website"},"primaryImageOfPage":{"@id":"https:\/\/lojasosprofessoratividades.com.br\/produto\/cartaz-cuidar-da-agua-e-preservar-a-vida\/#primaryimage"},"image":{"@id":"https:\/\/lojasosprofessoratividades.com.br\/produto\/cartaz-cuidar-da-agua-e-preservar-a-vida\/#primaryimage"},"thumbnailUrl":"https:\/\/lojasosprofessoratividades.com.br\/wp-content\/uploads\/2025\/03\/1-3.jpg","datePublished":"2025-03-11T00:10:10+00:00","dateModified":"2026-05-08T18:51:28+00:00","description":"Cartaz Dia da \u00c1gua \u201cCuidar da \u00c1gua \u00e9 Preservar a Vida\u201d em 24 folhas A4. Inclui vers\u00e3o A4, marcador de p\u00e1gina e atividade para colorir.","breadcrumb":{"@id":"https:\/\/lojasosprofessoratividades.com.br\/produto\/cartaz-cuidar-da-agua-e-preservar-a-vida\/#breadcrumb"},"inLanguage":"en-US","potentialAction":[{"@type":"ReadAction","target":["https:\/\/lojasosprofessoratividades.com.br\/produto\/cartaz-cuidar-da-agua-e-preservar-a-vida\/"]}]},{"@type":"ImageObject","inLanguage":"en-US","@id":"https:\/\/lojasosprofessoratividades.com.br\/produto\/cartaz-cuidar-da-agua-e-preservar-a-vida\/#primaryimage","url":"https:\/\/lojasosprofessoratividades.com.br\/wp-content\/uploads\/2025\/03\/1-3.jpg","contentUrl":"https:\/\/lojasosprofessoratividades.com.br\/wp-content\/uploads\/2025\/03\/1-3.jpg","width":800,"height":693,"caption":"Cartaz - Cuidar da \u00e1gua \u00e9 preservar a vida"},{"@type":"BreadcrumbList","@id":"https:\/\/lojasosprofessoratividades.com.br\/produto\/cartaz-cuidar-da-agua-e-preservar-a-vida\/#breadcrumb","itemListElement":[{"@type":"ListItem","position":1,"name":"In\u00edcio","item":"https:\/\/lojasosprofessoratividades.com.br\/"},{"@type":"ListItem","position":2,"name":"Loja","item":"https:\/\/lojasosprofessoratividades.com.br\/loja\/"},{"@type":"ListItem","position":3,"name":"Cartaz &#8211; Cuidar da \u00e1gua \u00e9 preservar a vida"}]},{"@type":"WebSite","@id":"https:\/\/lojasosprofessoratividades.com.br\/#website","url":"https:\/\/lojasosprofessoratividades.com.br\/","name":"Loja SOS Professor Atividades","description":"Venda de material did\u00e1tico para o ensino fundamental","publisher":{"@id":"https:\/\/lojasosprofessoratividades.com.br\/#organization"},"potentialAction":[{"@type":"SearchAction","target":{"@type":"EntryPoint","urlTemplate":"https:\/\/lojasosprofessoratividades.com.br\/?s={search_term_string}"},"query-input":{"@type":"PropertyValueSpecification","valueRequired":true,"valueName":"search_term_string"}}],"inLanguage":"en-US"},{"@type":"Organization","@id":"https:\/\/lojasosprofessoratividades.com.br\/#organization","name":"Loja SOS Professor Atividades","url":"https:\/\/lojasosprofessoratividades.com.br\/","logo":{"@type":"ImageObject","inLanguage":"en-US","@id":"https:\/\/lojasosprofessoratividades.com.br\/#\/schema\/logo\/image\/","url":"http:\/\/lojasosprofessoratividades.com.br\/wp-content\/uploads\/2022\/04\/Logo.png","contentUrl":"http:\/\/lojasosprofessoratividades.com.br\/wp-content\/uploads\/2022\/04\/Logo.png","width":2000,"height":2000,"caption":"Loja SOS Professor Atividades"},"image":{"@id":"https:\/\/lojasosprofessoratividades.com.br\/#\/schema\/logo\/image\/"},"sameAs":["https:\/\/www.facebook.com\/sosprofessoratividades","https:\/\/www.instagram.com\/sosprofessoratividades\/"]}]}},"_links":{"self":[{"href":"https:\/\/lojasosprofessoratividades.com.br\/en\/wp-json\/wp\/v2\/product\/33844","targetHints":{"allow":["GET"]}}],"collection":[{"href":"https:\/\/lojasosprofessoratividades.com.br\/en\/wp-json\/wp\/v2\/product"}],"about":[{"href":"https:\/\/lojasosprofessoratividades.com.br\/en\/wp-json\/wp\/v2\/types\/product"}],"replies":[{"embeddable":true,"href":"https:\/\/lojasosprofessoratividades.com.br\/en\/wp-json\/wp\/v2\/comments?post=33844"}],"wp:featuredmedia":[{"embeddable":true,"href":"https:\/\/lojasosprofessoratividades.com.br\/en\/wp-json\/wp\/v2\/media\/33850"}],"wp:attachment":[{"href":"https:\/\/lojasosprofessoratividades.com.br\/en\/wp-json\/wp\/v2\/media?parent=33844"}],"wp:term":[{"taxonomy":"product_brand","embeddable":true,"href":"https:\/\/lojasosprofessoratividades.com.br\/en\/wp-json\/wp\/v2\/product_brand?post=33844"},{"taxonomy":"product_cat","embeddable":true,"href":"https:\/\/lojasosprofessoratividades.com.br\/en\/wp-json\/wp\/v2\/product_cat?post=33844"},{"taxonomy":"product_tag","embeddable":true,"href":"https:\/\/lojasosprofessoratividades.com.br\/en\/wp-json\/wp\/v2\/product_tag?post=33844"}],"curies":[{"name":"wp","href":"https:\/\/api.w.org\/{rel}","templated":true}]}}