{"id":33988,"date":"2026-03-16T09:08:55","date_gmt":"2026-03-16T12:08:55","guid":{"rendered":"https:\/\/lojasosprofessoratividades.com.br\/?post_type=product&#038;p=33988"},"modified":"2026-05-08T13:55:38","modified_gmt":"2026-05-08T16:55:38","slug":"a-historia-de-jesus-da-ultima-ceia-a-ascensao","status":"publish","type":"product","link":"https:\/\/lojasosprofessoratividades.com.br\/en\/product\/a-historia-de-jesus-da-ultima-ceia-a-ascensao\/","title":{"rendered":"A Hist\u00f3ria de Jesus, da \u00daltima Ceia \u00e0 Ascens\u00e3o"},"content":{"rendered":"","protected":false},"excerpt":{"rendered":"<p data-start=\"72\" data-end=\"241\">Explore os momentos mais marcantes da vida de Jesus com este material completo e educativo.<\/p>\n<p data-start=\"72\" data-end=\"241\">Ideal para catequese, escolas e atividades religiosas, este recurso inclui:<\/p>\n<p data-start=\"243\" data-end=\"603\">\u2705 <strong data-start=\"245\" data-end=\"262\">Texto b\u00edblico<\/strong> com passagens essenciais; <br data-start=\"288\" data-end=\"291\" \/>\u2705 <strong data-start=\"293\" data-end=\"310\">Interpreta\u00e7\u00e3o<\/strong> clara e did\u00e1tica para facilitar o aprendizado; <br data-start=\"357\" data-end=\"360\" \/>\u2705 <strong data-start=\"362\" data-end=\"379\">Plano de aula<\/strong> para orientar professores e catequistas; <br data-start=\"420\" data-end=\"423\" \/>\u2705 <strong data-start=\"425\" data-end=\"438\">Cartaz A4<\/strong> pronto para ampliar; <br data-start=\"459\" data-end=\"462\" \/>\u2705 <strong data-start=\"464\" data-end=\"483\">Cartaz ampliado<\/strong> (76 cm x 83 cm) dividido em 12 folhas para f\u00e1cil montagem; <br data-start=\"542\" data-end=\"545\" \/>\u2705 <strong data-start=\"547\" data-end=\"559\">Gabarito<\/strong> para auxiliar na corre\u00e7\u00e3o das atividades.<\/p>\n<p data-start=\"605\" data-end=\"697\">Transforme suas aulas e momentos de reflex\u00e3o com este poderoso recurso visual e educativo!<\/p>\n<p data-start=\"699\" data-end=\"788\"><strong data-start=\"702\" data-end=\"786\">Garanta j\u00e1 esse material e leve a mensagem de Jesus de forma clara e envolvente!<\/strong><\/p>\n<h3>N\u00e3o enviamos por e-mail, a entrega \u00e9 via link para download. \ud83d\udc47<\/h3>\n<p>&nbsp;<\/p>\n<p><img loading=\"lazy\" decoding=\"async\" class=\"alignnone wp-image-38009 size-full\" src=\"https:\/\/lojasosprofessoratividades.com.br\/wp-content\/uploads\/2026\/02\/Como-baixar-2.jpg\" alt=\"\" width=\"446\" height=\"251\" srcset=\"https:\/\/lojasosprofessoratividades.com.br\/wp-content\/uploads\/2026\/02\/Como-baixar-2.jpg 446w, https:\/\/lojasosprofessoratividades.com.br\/wp-content\/uploads\/2026\/02\/Como-baixar-2-300x169.jpg 300w, https:\/\/lojasosprofessoratividades.com.br\/wp-content\/uploads\/2026\/02\/Como-baixar-2-18x10.jpg 18w\" sizes=\"auto, (max-width: 446px) 100vw, 446px\" \/><\/p>","protected":false},"featured_media":33993,"comment_status":"open","ping_status":"closed","template":"","meta":[],"product_brand":[],"product_cat":[124,125,127,218,214,216,215,217,213],"product_tag":[1410,1414,1413,1411,1399,587,1409,540,432,1264,1412,1398],"class_list":{"0":"post-33988","1":"product","2":"type-product","3":"status-publish","4":"has-post-thumbnail","6":"product_cat-3o-ano","7":"product_cat-4o-ano","8":"product_cat-5o-ano","9":"product_cat-data-comemorativa-5-ano","10":"product_cat-data-comemorativa-3-ano","11":"product_cat-data-comemorativa-4-ano","12":"product_cat-recursos-didaticos-4-ano","13":"product_cat-recursos-didaticos-5-ano","14":"product_cat-recursos-didaticos-3-ano","15":"product_tag-ascensao-de-jesus","16":"product_tag-atividades-biblicas","17":"product_tag-cartaz-religioso","18":"product_tag-catequese","19":"product_tag-ensino-religioso","20":"product_tag-gabarito","21":"product_tag-historia-de-jesus","22":"product_tag-material-educativo","23":"product_tag-pascoa","24":"product_tag-pascoa-crista","25":"product_tag-plano-de-aula-biblica","26":"product_tag-ultima-ceia","28":"first","29":"instock","30":"downloadable","31":"virtual","32":"sold-individually","33":"purchasable","34":"product-type-simple"},"yoast_head":"<!-- This site is optimized with the Yoast SEO plugin v27.6 - https:\/\/yoast.com\/product\/yoast-seo-wordpress\/ -->\n<title>A Hist\u00f3ria de Jesus, da \u00daltima Ceia \u00e0 Ascens\u00e3o - Loja SOS Professor Atividades<\/title>\n<meta name=\"description\" content=\"Material educativo sobre a Hist\u00f3ria de Jesus, da \u00daltima Ceia \u00e0 Ascens\u00e3o. Inclui texto b\u00edblico, interpreta\u00e7\u00e3o, plano de aula e cartaz ampliado.\" \/>\n<meta name=\"robots\" content=\"index, follow, max-snippet:-1, max-image-preview:large, max-video-preview:-1\" \/>\n<link rel=\"canonical\" href=\"https:\/\/lojasosprofessoratividades.com.br\/en\/product\/a-historia-de-jesus-da-ultima-ceia-a-ascensao\/\" \/>\n<meta property=\"og:locale\" content=\"en_US\" \/>\n<meta property=\"og:type\" content=\"article\" \/>\n<meta property=\"og:title\" content=\"A Hist\u00f3ria de Jesus, da \u00daltima Ceia \u00e0 Ascens\u00e3o - Loja SOS Professor Atividades\" \/>\n<meta property=\"og:description\" content=\"Material educativo sobre a Hist\u00f3ria de Jesus, da \u00daltima Ceia \u00e0 Ascens\u00e3o. Inclui texto b\u00edblico, interpreta\u00e7\u00e3o, plano de aula e cartaz ampliado.\" \/>\n<meta property=\"og:url\" content=\"https:\/\/lojasosprofessoratividades.com.br\/en\/product\/a-historia-de-jesus-da-ultima-ceia-a-ascensao\/\" \/>\n<meta property=\"og:site_name\" content=\"Loja SOS Professor Atividades\" \/>\n<meta property=\"article:publisher\" content=\"https:\/\/www.facebook.com\/sosprofessoratividades\" \/>\n<meta property=\"article:modified_time\" content=\"2026-05-08T16:55:38+00:00\" \/>\n<meta property=\"og:image\" content=\"https:\/\/lojasosprofessoratividades.com.br\/wp-content\/uploads\/2025\/03\/A-Historia-de-Jesus-da-Ultima-Ceia-a-Ascensao1-1.jpg\" \/>\n\t<meta property=\"og:image:width\" content=\"800\" \/>\n\t<meta property=\"og:image:height\" content=\"693\" \/>\n\t<meta property=\"og:image:type\" content=\"image\/jpeg\" \/>\n<meta name=\"twitter:card\" content=\"summary_large_image\" \/>\n<meta name=\"twitter:label1\" content=\"Est. reading time\" \/>\n\t<meta name=\"twitter:data1\" content=\"1 minute\" \/>\n<script type=\"application\/ld+json\" class=\"yoast-schema-graph\">{\"@context\":\"https:\\\/\\\/schema.org\",\"@graph\":[{\"@type\":\"WebPage\",\"@id\":\"https:\\\/\\\/lojasosprofessoratividades.com.br\\\/produto\\\/a-historia-de-jesus-da-ultima-ceia-a-ascensao\\\/\",\"url\":\"https:\\\/\\\/lojasosprofessoratividades.com.br\\\/produto\\\/a-historia-de-jesus-da-ultima-ceia-a-ascensao\\\/\",\"name\":\"A Hist\u00f3ria de Jesus, da \u00daltima Ceia \u00e0 Ascens\u00e3o - Loja SOS Professor Atividades\",\"isPartOf\":{\"@id\":\"https:\\\/\\\/lojasosprofessoratividades.com.br\\\/#website\"},\"primaryImageOfPage\":{\"@id\":\"https:\\\/\\\/lojasosprofessoratividades.com.br\\\/produto\\\/a-historia-de-jesus-da-ultima-ceia-a-ascensao\\\/#primaryimage\"},\"image\":{\"@id\":\"https:\\\/\\\/lojasosprofessoratividades.com.br\\\/produto\\\/a-historia-de-jesus-da-ultima-ceia-a-ascensao\\\/#primaryimage\"},\"thumbnailUrl\":\"https:\\\/\\\/lojasosprofessoratividades.com.br\\\/wp-content\\\/uploads\\\/2025\\\/03\\\/A-Historia-de-Jesus-da-Ultima-Ceia-a-Ascensao1-1.jpg\",\"datePublished\":\"2026-03-16T12:08:55+00:00\",\"dateModified\":\"2026-05-08T16:55:38+00:00\",\"description\":\"Material educativo sobre a Hist\u00f3ria de Jesus, da \u00daltima Ceia \u00e0 Ascens\u00e3o. Inclui texto b\u00edblico, interpreta\u00e7\u00e3o, plano de aula e cartaz ampliado.\",\"breadcrumb\":{\"@id\":\"https:\\\/\\\/lojasosprofessoratividades.com.br\\\/produto\\\/a-historia-de-jesus-da-ultima-ceia-a-ascensao\\\/#breadcrumb\"},\"inLanguage\":\"en-US\",\"potentialAction\":[{\"@type\":\"ReadAction\",\"target\":[\"https:\\\/\\\/lojasosprofessoratividades.com.br\\\/produto\\\/a-historia-de-jesus-da-ultima-ceia-a-ascensao\\\/\"]}]},{\"@type\":\"ImageObject\",\"inLanguage\":\"en-US\",\"@id\":\"https:\\\/\\\/lojasosprofessoratividades.com.br\\\/produto\\\/a-historia-de-jesus-da-ultima-ceia-a-ascensao\\\/#primaryimage\",\"url\":\"https:\\\/\\\/lojasosprofessoratividades.com.br\\\/wp-content\\\/uploads\\\/2025\\\/03\\\/A-Historia-de-Jesus-da-Ultima-Ceia-a-Ascensao1-1.jpg\",\"contentUrl\":\"https:\\\/\\\/lojasosprofessoratividades.com.br\\\/wp-content\\\/uploads\\\/2025\\\/03\\\/A-Historia-de-Jesus-da-Ultima-Ceia-a-Ascensao1-1.jpg\",\"width\":800,\"height\":693,\"caption\":\"A Hist\u00f3ria de Jesus, da \u00daltima Ceia \u00e0 Ascens\u00e3o\"},{\"@type\":\"BreadcrumbList\",\"@id\":\"https:\\\/\\\/lojasosprofessoratividades.com.br\\\/produto\\\/a-historia-de-jesus-da-ultima-ceia-a-ascensao\\\/#breadcrumb\",\"itemListElement\":[{\"@type\":\"ListItem\",\"position\":1,\"name\":\"In\u00edcio\",\"item\":\"https:\\\/\\\/lojasosprofessoratividades.com.br\\\/\"},{\"@type\":\"ListItem\",\"position\":2,\"name\":\"Loja\",\"item\":\"https:\\\/\\\/lojasosprofessoratividades.com.br\\\/loja\\\/\"},{\"@type\":\"ListItem\",\"position\":3,\"name\":\"A Hist\u00f3ria de Jesus, da \u00daltima Ceia \u00e0 Ascens\u00e3o\"}]},{\"@type\":\"WebSite\",\"@id\":\"https:\\\/\\\/lojasosprofessoratividades.com.br\\\/#website\",\"url\":\"https:\\\/\\\/lojasosprofessoratividades.com.br\\\/\",\"name\":\"Loja SOS Professor Atividades\",\"description\":\"Venda de material did\u00e1tico para o ensino fundamental\",\"publisher\":{\"@id\":\"https:\\\/\\\/lojasosprofessoratividades.com.br\\\/#organization\"},\"potentialAction\":[{\"@type\":\"SearchAction\",\"target\":{\"@type\":\"EntryPoint\",\"urlTemplate\":\"https:\\\/\\\/lojasosprofessoratividades.com.br\\\/?s={search_term_string}\"},\"query-input\":{\"@type\":\"PropertyValueSpecification\",\"valueRequired\":true,\"valueName\":\"search_term_string\"}}],\"inLanguage\":\"en-US\"},{\"@type\":\"Organization\",\"@id\":\"https:\\\/\\\/lojasosprofessoratividades.com.br\\\/#organization\",\"name\":\"Loja SOS Professor Atividades\",\"url\":\"https:\\\/\\\/lojasosprofessoratividades.com.br\\\/\",\"logo\":{\"@type\":\"ImageObject\",\"inLanguage\":\"en-US\",\"@id\":\"https:\\\/\\\/lojasosprofessoratividades.com.br\\\/#\\\/schema\\\/logo\\\/image\\\/\",\"url\":\"http:\\\/\\\/lojasosprofessoratividades.com.br\\\/wp-content\\\/uploads\\\/2022\\\/04\\\/Logo.png\",\"contentUrl\":\"http:\\\/\\\/lojasosprofessoratividades.com.br\\\/wp-content\\\/uploads\\\/2022\\\/04\\\/Logo.png\",\"width\":2000,\"height\":2000,\"caption\":\"Loja SOS Professor Atividades\"},\"image\":{\"@id\":\"https:\\\/\\\/lojasosprofessoratividades.com.br\\\/#\\\/schema\\\/logo\\\/image\\\/\"},\"sameAs\":[\"https:\\\/\\\/www.facebook.com\\\/sosprofessoratividades\",\"https:\\\/\\\/www.instagram.com\\\/sosprofessoratividades\\\/\"]}]}<\/script>\n<!-- \/ Yoast SEO plugin. -->","yoast_head_json":{"title":"A Hist\u00f3ria de Jesus, da \u00daltima Ceia \u00e0 Ascens\u00e3o - Loja SOS Professor Atividades","description":"Material educativo sobre a Hist\u00f3ria de Jesus, da \u00daltima Ceia \u00e0 Ascens\u00e3o. Inclui texto b\u00edblico, interpreta\u00e7\u00e3o, plano de aula e cartaz ampliado.","robots":{"index":"index","follow":"follow","max-snippet":"max-snippet:-1","max-image-preview":"max-image-preview:large","max-video-preview":"max-video-preview:-1"},"canonical":"https:\/\/lojasosprofessoratividades.com.br\/en\/product\/a-historia-de-jesus-da-ultima-ceia-a-ascensao\/","og_locale":"en_US","og_type":"article","og_title":"A Hist\u00f3ria de Jesus, da \u00daltima Ceia \u00e0 Ascens\u00e3o - Loja SOS Professor Atividades","og_description":"Material educativo sobre a Hist\u00f3ria de Jesus, da \u00daltima Ceia \u00e0 Ascens\u00e3o. Inclui texto b\u00edblico, interpreta\u00e7\u00e3o, plano de aula e cartaz ampliado.","og_url":"https:\/\/lojasosprofessoratividades.com.br\/en\/product\/a-historia-de-jesus-da-ultima-ceia-a-ascensao\/","og_site_name":"Loja SOS Professor Atividades","article_publisher":"https:\/\/www.facebook.com\/sosprofessoratividades","article_modified_time":"2026-05-08T16:55:38+00:00","og_image":[{"width":800,"height":693,"url":"https:\/\/lojasosprofessoratividades.com.br\/wp-content\/uploads\/2025\/03\/A-Historia-de-Jesus-da-Ultima-Ceia-a-Ascensao1-1.jpg","type":"image\/jpeg"}],"twitter_card":"summary_large_image","twitter_misc":{"Est. reading time":"1 minute"},"schema":{"@context":"https:\/\/schema.org","@graph":[{"@type":"WebPage","@id":"https:\/\/lojasosprofessoratividades.com.br\/produto\/a-historia-de-jesus-da-ultima-ceia-a-ascensao\/","url":"https:\/\/lojasosprofessoratividades.com.br\/produto\/a-historia-de-jesus-da-ultima-ceia-a-ascensao\/","name":"A Hist\u00f3ria de Jesus, da \u00daltima Ceia \u00e0 Ascens\u00e3o - Loja SOS Professor Atividades","isPartOf":{"@id":"https:\/\/lojasosprofessoratividades.com.br\/#website"},"primaryImageOfPage":{"@id":"https:\/\/lojasosprofessoratividades.com.br\/produto\/a-historia-de-jesus-da-ultima-ceia-a-ascensao\/#primaryimage"},"image":{"@id":"https:\/\/lojasosprofessoratividades.com.br\/produto\/a-historia-de-jesus-da-ultima-ceia-a-ascensao\/#primaryimage"},"thumbnailUrl":"https:\/\/lojasosprofessoratividades.com.br\/wp-content\/uploads\/2025\/03\/A-Historia-de-Jesus-da-Ultima-Ceia-a-Ascensao1-1.jpg","datePublished":"2026-03-16T12:08:55+00:00","dateModified":"2026-05-08T16:55:38+00:00","description":"Material educativo sobre a Hist\u00f3ria de Jesus, da \u00daltima Ceia \u00e0 Ascens\u00e3o. Inclui texto b\u00edblico, interpreta\u00e7\u00e3o, plano de aula e cartaz ampliado.","breadcrumb":{"@id":"https:\/\/lojasosprofessoratividades.com.br\/produto\/a-historia-de-jesus-da-ultima-ceia-a-ascensao\/#breadcrumb"},"inLanguage":"en-US","potentialAction":[{"@type":"ReadAction","target":["https:\/\/lojasosprofessoratividades.com.br\/produto\/a-historia-de-jesus-da-ultima-ceia-a-ascensao\/"]}]},{"@type":"ImageObject","inLanguage":"en-US","@id":"https:\/\/lojasosprofessoratividades.com.br\/produto\/a-historia-de-jesus-da-ultima-ceia-a-ascensao\/#primaryimage","url":"https:\/\/lojasosprofessoratividades.com.br\/wp-content\/uploads\/2025\/03\/A-Historia-de-Jesus-da-Ultima-Ceia-a-Ascensao1-1.jpg","contentUrl":"https:\/\/lojasosprofessoratividades.com.br\/wp-content\/uploads\/2025\/03\/A-Historia-de-Jesus-da-Ultima-Ceia-a-Ascensao1-1.jpg","width":800,"height":693,"caption":"A Hist\u00f3ria de Jesus, da \u00daltima Ceia \u00e0 Ascens\u00e3o"},{"@type":"BreadcrumbList","@id":"https:\/\/lojasosprofessoratividades.com.br\/produto\/a-historia-de-jesus-da-ultima-ceia-a-ascensao\/#breadcrumb","itemListElement":[{"@type":"ListItem","position":1,"name":"In\u00edcio","item":"https:\/\/lojasosprofessoratividades.com.br\/"},{"@type":"ListItem","position":2,"name":"Loja","item":"https:\/\/lojasosprofessoratividades.com.br\/loja\/"},{"@type":"ListItem","position":3,"name":"A Hist\u00f3ria de Jesus, da \u00daltima Ceia \u00e0 Ascens\u00e3o"}]},{"@type":"WebSite","@id":"https:\/\/lojasosprofessoratividades.com.br\/#website","url":"https:\/\/lojasosprofessoratividades.com.br\/","name":"Loja SOS Professor Atividades","description":"Venda de material did\u00e1tico para o ensino fundamental","publisher":{"@id":"https:\/\/lojasosprofessoratividades.com.br\/#organization"},"potentialAction":[{"@type":"SearchAction","target":{"@type":"EntryPoint","urlTemplate":"https:\/\/lojasosprofessoratividades.com.br\/?s={search_term_string}"},"query-input":{"@type":"PropertyValueSpecification","valueRequired":true,"valueName":"search_term_string"}}],"inLanguage":"en-US"},{"@type":"Organization","@id":"https:\/\/lojasosprofessoratividades.com.br\/#organization","name":"Loja SOS Professor Atividades","url":"https:\/\/lojasosprofessoratividades.com.br\/","logo":{"@type":"ImageObject","inLanguage":"en-US","@id":"https:\/\/lojasosprofessoratividades.com.br\/#\/schema\/logo\/image\/","url":"http:\/\/lojasosprofessoratividades.com.br\/wp-content\/uploads\/2022\/04\/Logo.png","contentUrl":"http:\/\/lojasosprofessoratividades.com.br\/wp-content\/uploads\/2022\/04\/Logo.png","width":2000,"height":2000,"caption":"Loja SOS Professor Atividades"},"image":{"@id":"https:\/\/lojasosprofessoratividades.com.br\/#\/schema\/logo\/image\/"},"sameAs":["https:\/\/www.facebook.com\/sosprofessoratividades","https:\/\/www.instagram.com\/sosprofessoratividades\/"]}]}},"_links":{"self":[{"href":"https:\/\/lojasosprofessoratividades.com.br\/en\/wp-json\/wp\/v2\/product\/33988","targetHints":{"allow":["GET"]}}],"collection":[{"href":"https:\/\/lojasosprofessoratividades.com.br\/en\/wp-json\/wp\/v2\/product"}],"about":[{"href":"https:\/\/lojasosprofessoratividades.com.br\/en\/wp-json\/wp\/v2\/types\/product"}],"replies":[{"embeddable":true,"href":"https:\/\/lojasosprofessoratividades.com.br\/en\/wp-json\/wp\/v2\/comments?post=33988"}],"wp:featuredmedia":[{"embeddable":true,"href":"https:\/\/lojasosprofessoratividades.com.br\/en\/wp-json\/wp\/v2\/media\/33993"}],"wp:attachment":[{"href":"https:\/\/lojasosprofessoratividades.com.br\/en\/wp-json\/wp\/v2\/media?parent=33988"}],"wp:term":[{"taxonomy":"product_brand","embeddable":true,"href":"https:\/\/lojasosprofessoratividades.com.br\/en\/wp-json\/wp\/v2\/product_brand?post=33988"},{"taxonomy":"product_cat","embeddable":true,"href":"https:\/\/lojasosprofessoratividades.com.br\/en\/wp-json\/wp\/v2\/product_cat?post=33988"},{"taxonomy":"product_tag","embeddable":true,"href":"https:\/\/lojasosprofessoratividades.com.br\/en\/wp-json\/wp\/v2\/product_tag?post=33988"}],"curies":[{"name":"wp","href":"https:\/\/api.w.org\/{rel}","templated":true}]}}