{"id":34008,"date":"2026-03-18T15:46:36","date_gmt":"2026-03-18T18:46:36","guid":{"rendered":"https:\/\/lojasosprofessoratividades.com.br\/?post_type=product&#038;p=34008"},"modified":"2026-05-08T13:54:29","modified_gmt":"2026-05-08T16:54:29","slug":"compreendendo-e-acolhendo-colegas-autistas-inclusao-com-empatia","status":"publish","type":"product","link":"https:\/\/lojasosprofessoratividades.com.br\/en\/product\/compreendendo-e-acolhendo-colegas-autistas-inclusao-com-empatia\/","title":{"rendered":"Colegas Autistas \u2013 Inclus\u00e3o com Empatia"},"content":{"rendered":"","protected":false},"excerpt":{"rendered":"<p data-start=\"252\" data-end=\"425\">Torne sua sala de aula em um espa\u00e7o mais emp\u00e1tico, respeitoso e inclusivo com este <strong data-start=\"340\" data-end=\"369\">kit completo e envolvente<\/strong>, especialmente desenvolvido para alunos do 4\u00ba e 5\u00ba ano!<\/p>\n<p data-start=\"427\" data-end=\"1146\">\ud83d\udcda <strong data-start=\"430\" data-end=\"466\">O que voc\u00ea encontra no material:<\/strong><br data-start=\"466\" data-end=\"469\" \/>\u2705 <strong data-start=\"471\" data-end=\"500\">Cartaz tem\u00e1tico ampliado:<\/strong> 34 folhas A4 para montagem de um p\u00f4ster gigante, perfeito para murais;<br data-start=\"571\" data-end=\"574\" \/>\u2705 <strong data-start=\"576\" data-end=\"593\">Vers\u00e3o em A4:<\/strong> Ideal para atividades individuais ou para ampliar conforme a necessidade;<br data-start=\"667\" data-end=\"670\" \/>\u2705 <strong data-start=\"672\" data-end=\"711\">Texto exclusivo &#8220;Uma Nova Amizade&#8221;:<\/strong> Uma hist\u00f3ria tocante e acess\u00edvel que aborda o autismo de forma sens\u00edvel e compreens\u00edvel;<br data-start=\"800\" data-end=\"803\" \/>\u2705 <strong data-start=\"805\" data-end=\"832\">Interpreta\u00e7\u00e3o de texto:<\/strong> Atividades para desenvolver leitura cr\u00edtica e compreens\u00e3o;<br data-start=\"891\" data-end=\"894\" \/>\u2705 <strong data-start=\"896\" data-end=\"936\">Propostas de resolu\u00e7\u00e3o de conflitos:<\/strong> Trabalhe empatia e respeito na pr\u00e1tica;<br data-start=\"976\" data-end=\"979\" \/>\u2705 <strong data-start=\"981\" data-end=\"1009\">Orienta\u00e7\u00f5es pedag\u00f3gicas:<\/strong> Guia completo para o professor conduzir as atividades com seguran\u00e7a e intencionalidade;<br data-start=\"1097\" data-end=\"1100\" \/>\u2705 <strong data-start=\"1102\" data-end=\"1115\">Gabarito:<\/strong> Corre\u00e7\u00e3o facilitada e pr\u00e1tica.<\/p>\n<p data-start=\"1148\" data-end=\"1281\"><strong data-start=\"1151\" data-end=\"1166\">Ideal para:<\/strong> Projetos de inclus\u00e3o, Semana da Pessoa com Defici\u00eancia, aulas de valores, projetos de leitura e rodas de conversa.<\/p>\n<p data-start=\"1283\" data-end=\"1402\">Um recurso pedag\u00f3gico essencial para educadores comprometidos com uma educa\u00e7\u00e3o mais humana, acolhedora e consciente!<\/p>\n<h3>N\u00e3o enviamos por e-mail, a entrega \u00e9 via link para download. \ud83d\udc47<\/h3>\n<p>&nbsp;<\/p>\n<p><img loading=\"lazy\" decoding=\"async\" class=\"alignnone wp-image-38009 size-full\" src=\"https:\/\/lojasosprofessoratividades.com.br\/wp-content\/uploads\/2026\/02\/Como-baixar-2.jpg\" alt=\"\" width=\"446\" height=\"251\" srcset=\"https:\/\/lojasosprofessoratividades.com.br\/wp-content\/uploads\/2026\/02\/Como-baixar-2.jpg 446w, https:\/\/lojasosprofessoratividades.com.br\/wp-content\/uploads\/2026\/02\/Como-baixar-2-300x169.jpg 300w, https:\/\/lojasosprofessoratividades.com.br\/wp-content\/uploads\/2026\/02\/Como-baixar-2-18x10.jpg 18w\" sizes=\"auto, (max-width: 446px) 100vw, 446px\" \/><\/p>","protected":false},"featured_media":34010,"comment_status":"open","ping_status":"closed","template":"","meta":[],"product_brand":[],"product_cat":[125,127,216,218,195,204,215,217],"product_tag":[3650,2255,579,2247,1415,746,1789,1417,1419,732,614,322,2250,245,1418,926,612,250,2251,2253,2254,643,2249,617,1416,2248,2252],"class_list":{"0":"post-34008","1":"product","2":"type-product","3":"status-publish","4":"has-post-thumbnail","6":"product_cat-4o-ano","7":"product_cat-5o-ano","8":"product_cat-data-comemorativa-4-ano","9":"product_cat-data-comemorativa-5-ano","10":"product_cat-portugues-4-ano","11":"product_cat-portugues-5-anos","12":"product_cat-recursos-didaticos-4-ano","13":"product_cat-recursos-didaticos-5-ano","14":"product_tag-abril-azul","15":"product_tag-atividades-de-valores","16":"product_tag-atividades-educativas","17":"product_tag-atividades-sobre-autismo","18":"product_tag-autismo","19":"product_tag-cartaz-educativo","20":"product_tag-cartaz-para-mural","21":"product_tag-compreensao","22":"product_tag-convivencia-escolar","23":"product_tag-diversidade","24":"product_tag-educacao-inclusiva","25":"product_tag-empatia","26":"product_tag-empatia-na-sala-de-aula","27":"product_tag-ensino-fundamental","28":"product_tag-historia-infantil","29":"product_tag-inclusao","30":"product_tag-inclusao-escolar","31":"product_tag-interpretacao-de-texto","32":"product_tag-interpretacao-de-texto-inclusao","33":"product_tag-kit-educativo-4o-ano","34":"product_tag-kit-educativo-5o-ano","35":"product_tag-material-pedagogico","36":"product_tag-material-pedagogico-inclusao","37":"product_tag-professores","38":"product_tag-respeito-as-diferencas","39":"product_tag-semana-da-inclusao","40":"product_tag-texto-sobre-autismo-para-criancas","42":"first","43":"instock","44":"downloadable","45":"virtual","46":"sold-individually","47":"purchasable","48":"product-type-simple"},"yoast_head":"<!-- This site is optimized with the Yoast SEO plugin v27.5 - https:\/\/yoast.com\/product\/yoast-seo-wordpress\/ -->\n<title>Colegas Autistas \u2013 Inclus\u00e3o com Empatia - Loja SOS Professor Atividades<\/title>\n<meta name=\"description\" content=\"Kit educativo sobre inclus\u00e3o para 4\u00ba e 5\u00ba ano com cartaz, texto sobre autismo, atividades de interpreta\u00e7\u00e3o, empatia e gabarito.\" \/>\n<meta name=\"robots\" content=\"index, follow, max-snippet:-1, max-image-preview:large, max-video-preview:-1\" \/>\n<link rel=\"canonical\" href=\"https:\/\/lojasosprofessoratividades.com.br\/en\/product\/compreendendo-e-acolhendo-colegas-autistas-inclusao-com-empatia\/\" \/>\n<meta property=\"og:locale\" content=\"en_US\" \/>\n<meta property=\"og:type\" content=\"article\" \/>\n<meta property=\"og:title\" content=\"Colegas Autistas \u2013 Inclus\u00e3o com Empatia - Loja SOS Professor Atividades\" \/>\n<meta property=\"og:description\" content=\"Kit educativo sobre inclus\u00e3o para 4\u00ba e 5\u00ba ano com cartaz, texto sobre autismo, atividades de interpreta\u00e7\u00e3o, empatia e gabarito.\" \/>\n<meta property=\"og:url\" content=\"https:\/\/lojasosprofessoratividades.com.br\/en\/product\/compreendendo-e-acolhendo-colegas-autistas-inclusao-com-empatia\/\" \/>\n<meta property=\"og:site_name\" content=\"Loja SOS Professor Atividades\" \/>\n<meta property=\"article:publisher\" content=\"https:\/\/www.facebook.com\/sosprofessoratividades\" \/>\n<meta property=\"article:modified_time\" content=\"2026-05-08T16:54:29+00:00\" \/>\n<meta property=\"og:image\" content=\"https:\/\/lojasosprofessoratividades.com.br\/wp-content\/uploads\/2025\/03\/1-7.jpg\" \/>\n\t<meta property=\"og:image:width\" content=\"800\" \/>\n\t<meta property=\"og:image:height\" content=\"693\" \/>\n\t<meta property=\"og:image:type\" content=\"image\/jpeg\" \/>\n<meta name=\"twitter:card\" content=\"summary_large_image\" \/>\n<meta name=\"twitter:label1\" content=\"Est. reading time\" \/>\n\t<meta name=\"twitter:data1\" content=\"1 minute\" \/>\n<script type=\"application\/ld+json\" class=\"yoast-schema-graph\">{\"@context\":\"https:\\\/\\\/schema.org\",\"@graph\":[{\"@type\":\"WebPage\",\"@id\":\"https:\\\/\\\/lojasosprofessoratividades.com.br\\\/produto\\\/compreendendo-e-acolhendo-colegas-autistas-inclusao-com-empatia\\\/\",\"url\":\"https:\\\/\\\/lojasosprofessoratividades.com.br\\\/produto\\\/compreendendo-e-acolhendo-colegas-autistas-inclusao-com-empatia\\\/\",\"name\":\"Colegas Autistas \u2013 Inclus\u00e3o com Empatia - Loja SOS Professor Atividades\",\"isPartOf\":{\"@id\":\"https:\\\/\\\/lojasosprofessoratividades.com.br\\\/#website\"},\"primaryImageOfPage\":{\"@id\":\"https:\\\/\\\/lojasosprofessoratividades.com.br\\\/produto\\\/compreendendo-e-acolhendo-colegas-autistas-inclusao-com-empatia\\\/#primaryimage\"},\"image\":{\"@id\":\"https:\\\/\\\/lojasosprofessoratividades.com.br\\\/produto\\\/compreendendo-e-acolhendo-colegas-autistas-inclusao-com-empatia\\\/#primaryimage\"},\"thumbnailUrl\":\"https:\\\/\\\/lojasosprofessoratividades.com.br\\\/wp-content\\\/uploads\\\/2025\\\/03\\\/1-7.jpg\",\"datePublished\":\"2026-03-18T18:46:36+00:00\",\"dateModified\":\"2026-05-08T16:54:29+00:00\",\"description\":\"Kit educativo sobre inclus\u00e3o para 4\u00ba e 5\u00ba ano com cartaz, texto sobre autismo, atividades de interpreta\u00e7\u00e3o, empatia e gabarito.\",\"breadcrumb\":{\"@id\":\"https:\\\/\\\/lojasosprofessoratividades.com.br\\\/produto\\\/compreendendo-e-acolhendo-colegas-autistas-inclusao-com-empatia\\\/#breadcrumb\"},\"inLanguage\":\"en-US\",\"potentialAction\":[{\"@type\":\"ReadAction\",\"target\":[\"https:\\\/\\\/lojasosprofessoratividades.com.br\\\/produto\\\/compreendendo-e-acolhendo-colegas-autistas-inclusao-com-empatia\\\/\"]}]},{\"@type\":\"ImageObject\",\"inLanguage\":\"en-US\",\"@id\":\"https:\\\/\\\/lojasosprofessoratividades.com.br\\\/produto\\\/compreendendo-e-acolhendo-colegas-autistas-inclusao-com-empatia\\\/#primaryimage\",\"url\":\"https:\\\/\\\/lojasosprofessoratividades.com.br\\\/wp-content\\\/uploads\\\/2025\\\/03\\\/1-7.jpg\",\"contentUrl\":\"https:\\\/\\\/lojasosprofessoratividades.com.br\\\/wp-content\\\/uploads\\\/2025\\\/03\\\/1-7.jpg\",\"width\":800,\"height\":693,\"caption\":\"Compreendendo e Acolhendo Colegas Autistas \u2013 Inclus\u00e3o com Empatia\"},{\"@type\":\"BreadcrumbList\",\"@id\":\"https:\\\/\\\/lojasosprofessoratividades.com.br\\\/produto\\\/compreendendo-e-acolhendo-colegas-autistas-inclusao-com-empatia\\\/#breadcrumb\",\"itemListElement\":[{\"@type\":\"ListItem\",\"position\":1,\"name\":\"In\u00edcio\",\"item\":\"https:\\\/\\\/lojasosprofessoratividades.com.br\\\/\"},{\"@type\":\"ListItem\",\"position\":2,\"name\":\"Loja\",\"item\":\"https:\\\/\\\/lojasosprofessoratividades.com.br\\\/loja\\\/\"},{\"@type\":\"ListItem\",\"position\":3,\"name\":\"Colegas Autistas \u2013 Inclus\u00e3o com Empatia\"}]},{\"@type\":\"WebSite\",\"@id\":\"https:\\\/\\\/lojasosprofessoratividades.com.br\\\/#website\",\"url\":\"https:\\\/\\\/lojasosprofessoratividades.com.br\\\/\",\"name\":\"Loja SOS Professor Atividades\",\"description\":\"Venda de material did\u00e1tico para o ensino fundamental\",\"publisher\":{\"@id\":\"https:\\\/\\\/lojasosprofessoratividades.com.br\\\/#organization\"},\"potentialAction\":[{\"@type\":\"SearchAction\",\"target\":{\"@type\":\"EntryPoint\",\"urlTemplate\":\"https:\\\/\\\/lojasosprofessoratividades.com.br\\\/?s={search_term_string}\"},\"query-input\":{\"@type\":\"PropertyValueSpecification\",\"valueRequired\":true,\"valueName\":\"search_term_string\"}}],\"inLanguage\":\"en-US\"},{\"@type\":\"Organization\",\"@id\":\"https:\\\/\\\/lojasosprofessoratividades.com.br\\\/#organization\",\"name\":\"Loja SOS Professor Atividades\",\"url\":\"https:\\\/\\\/lojasosprofessoratividades.com.br\\\/\",\"logo\":{\"@type\":\"ImageObject\",\"inLanguage\":\"en-US\",\"@id\":\"https:\\\/\\\/lojasosprofessoratividades.com.br\\\/#\\\/schema\\\/logo\\\/image\\\/\",\"url\":\"http:\\\/\\\/lojasosprofessoratividades.com.br\\\/wp-content\\\/uploads\\\/2022\\\/04\\\/Logo.png\",\"contentUrl\":\"http:\\\/\\\/lojasosprofessoratividades.com.br\\\/wp-content\\\/uploads\\\/2022\\\/04\\\/Logo.png\",\"width\":2000,\"height\":2000,\"caption\":\"Loja SOS Professor Atividades\"},\"image\":{\"@id\":\"https:\\\/\\\/lojasosprofessoratividades.com.br\\\/#\\\/schema\\\/logo\\\/image\\\/\"},\"sameAs\":[\"https:\\\/\\\/www.facebook.com\\\/sosprofessoratividades\",\"https:\\\/\\\/www.instagram.com\\\/sosprofessoratividades\\\/\"]}]}<\/script>\n<!-- \/ Yoast SEO plugin. -->","yoast_head_json":{"title":"Colegas Autistas \u2013 Inclus\u00e3o com Empatia - Loja SOS Professor Atividades","description":"Kit educativo sobre inclus\u00e3o para 4\u00ba e 5\u00ba ano com cartaz, texto sobre autismo, atividades de interpreta\u00e7\u00e3o, empatia e gabarito.","robots":{"index":"index","follow":"follow","max-snippet":"max-snippet:-1","max-image-preview":"max-image-preview:large","max-video-preview":"max-video-preview:-1"},"canonical":"https:\/\/lojasosprofessoratividades.com.br\/en\/product\/compreendendo-e-acolhendo-colegas-autistas-inclusao-com-empatia\/","og_locale":"en_US","og_type":"article","og_title":"Colegas Autistas \u2013 Inclus\u00e3o com Empatia - Loja SOS Professor Atividades","og_description":"Kit educativo sobre inclus\u00e3o para 4\u00ba e 5\u00ba ano com cartaz, texto sobre autismo, atividades de interpreta\u00e7\u00e3o, empatia e gabarito.","og_url":"https:\/\/lojasosprofessoratividades.com.br\/en\/product\/compreendendo-e-acolhendo-colegas-autistas-inclusao-com-empatia\/","og_site_name":"Loja SOS Professor Atividades","article_publisher":"https:\/\/www.facebook.com\/sosprofessoratividades","article_modified_time":"2026-05-08T16:54:29+00:00","og_image":[{"width":800,"height":693,"url":"https:\/\/lojasosprofessoratividades.com.br\/wp-content\/uploads\/2025\/03\/1-7.jpg","type":"image\/jpeg"}],"twitter_card":"summary_large_image","twitter_misc":{"Est. reading time":"1 minute"},"schema":{"@context":"https:\/\/schema.org","@graph":[{"@type":"WebPage","@id":"https:\/\/lojasosprofessoratividades.com.br\/produto\/compreendendo-e-acolhendo-colegas-autistas-inclusao-com-empatia\/","url":"https:\/\/lojasosprofessoratividades.com.br\/produto\/compreendendo-e-acolhendo-colegas-autistas-inclusao-com-empatia\/","name":"Colegas Autistas \u2013 Inclus\u00e3o com Empatia - Loja SOS Professor Atividades","isPartOf":{"@id":"https:\/\/lojasosprofessoratividades.com.br\/#website"},"primaryImageOfPage":{"@id":"https:\/\/lojasosprofessoratividades.com.br\/produto\/compreendendo-e-acolhendo-colegas-autistas-inclusao-com-empatia\/#primaryimage"},"image":{"@id":"https:\/\/lojasosprofessoratividades.com.br\/produto\/compreendendo-e-acolhendo-colegas-autistas-inclusao-com-empatia\/#primaryimage"},"thumbnailUrl":"https:\/\/lojasosprofessoratividades.com.br\/wp-content\/uploads\/2025\/03\/1-7.jpg","datePublished":"2026-03-18T18:46:36+00:00","dateModified":"2026-05-08T16:54:29+00:00","description":"Kit educativo sobre inclus\u00e3o para 4\u00ba e 5\u00ba ano com cartaz, texto sobre autismo, atividades de interpreta\u00e7\u00e3o, empatia e gabarito.","breadcrumb":{"@id":"https:\/\/lojasosprofessoratividades.com.br\/produto\/compreendendo-e-acolhendo-colegas-autistas-inclusao-com-empatia\/#breadcrumb"},"inLanguage":"en-US","potentialAction":[{"@type":"ReadAction","target":["https:\/\/lojasosprofessoratividades.com.br\/produto\/compreendendo-e-acolhendo-colegas-autistas-inclusao-com-empatia\/"]}]},{"@type":"ImageObject","inLanguage":"en-US","@id":"https:\/\/lojasosprofessoratividades.com.br\/produto\/compreendendo-e-acolhendo-colegas-autistas-inclusao-com-empatia\/#primaryimage","url":"https:\/\/lojasosprofessoratividades.com.br\/wp-content\/uploads\/2025\/03\/1-7.jpg","contentUrl":"https:\/\/lojasosprofessoratividades.com.br\/wp-content\/uploads\/2025\/03\/1-7.jpg","width":800,"height":693,"caption":"Compreendendo e Acolhendo Colegas Autistas \u2013 Inclus\u00e3o com Empatia"},{"@type":"BreadcrumbList","@id":"https:\/\/lojasosprofessoratividades.com.br\/produto\/compreendendo-e-acolhendo-colegas-autistas-inclusao-com-empatia\/#breadcrumb","itemListElement":[{"@type":"ListItem","position":1,"name":"In\u00edcio","item":"https:\/\/lojasosprofessoratividades.com.br\/"},{"@type":"ListItem","position":2,"name":"Loja","item":"https:\/\/lojasosprofessoratividades.com.br\/loja\/"},{"@type":"ListItem","position":3,"name":"Colegas Autistas \u2013 Inclus\u00e3o com Empatia"}]},{"@type":"WebSite","@id":"https:\/\/lojasosprofessoratividades.com.br\/#website","url":"https:\/\/lojasosprofessoratividades.com.br\/","name":"Loja SOS Professor Atividades","description":"Venda de material did\u00e1tico para o ensino fundamental","publisher":{"@id":"https:\/\/lojasosprofessoratividades.com.br\/#organization"},"potentialAction":[{"@type":"SearchAction","target":{"@type":"EntryPoint","urlTemplate":"https:\/\/lojasosprofessoratividades.com.br\/?s={search_term_string}"},"query-input":{"@type":"PropertyValueSpecification","valueRequired":true,"valueName":"search_term_string"}}],"inLanguage":"en-US"},{"@type":"Organization","@id":"https:\/\/lojasosprofessoratividades.com.br\/#organization","name":"Loja SOS Professor Atividades","url":"https:\/\/lojasosprofessoratividades.com.br\/","logo":{"@type":"ImageObject","inLanguage":"en-US","@id":"https:\/\/lojasosprofessoratividades.com.br\/#\/schema\/logo\/image\/","url":"http:\/\/lojasosprofessoratividades.com.br\/wp-content\/uploads\/2022\/04\/Logo.png","contentUrl":"http:\/\/lojasosprofessoratividades.com.br\/wp-content\/uploads\/2022\/04\/Logo.png","width":2000,"height":2000,"caption":"Loja SOS Professor Atividades"},"image":{"@id":"https:\/\/lojasosprofessoratividades.com.br\/#\/schema\/logo\/image\/"},"sameAs":["https:\/\/www.facebook.com\/sosprofessoratividades","https:\/\/www.instagram.com\/sosprofessoratividades\/"]}]}},"_links":{"self":[{"href":"https:\/\/lojasosprofessoratividades.com.br\/en\/wp-json\/wp\/v2\/product\/34008","targetHints":{"allow":["GET"]}}],"collection":[{"href":"https:\/\/lojasosprofessoratividades.com.br\/en\/wp-json\/wp\/v2\/product"}],"about":[{"href":"https:\/\/lojasosprofessoratividades.com.br\/en\/wp-json\/wp\/v2\/types\/product"}],"replies":[{"embeddable":true,"href":"https:\/\/lojasosprofessoratividades.com.br\/en\/wp-json\/wp\/v2\/comments?post=34008"}],"wp:featuredmedia":[{"embeddable":true,"href":"https:\/\/lojasosprofessoratividades.com.br\/en\/wp-json\/wp\/v2\/media\/34010"}],"wp:attachment":[{"href":"https:\/\/lojasosprofessoratividades.com.br\/en\/wp-json\/wp\/v2\/media?parent=34008"}],"wp:term":[{"taxonomy":"product_brand","embeddable":true,"href":"https:\/\/lojasosprofessoratividades.com.br\/en\/wp-json\/wp\/v2\/product_brand?post=34008"},{"taxonomy":"product_cat","embeddable":true,"href":"https:\/\/lojasosprofessoratividades.com.br\/en\/wp-json\/wp\/v2\/product_cat?post=34008"},{"taxonomy":"product_tag","embeddable":true,"href":"https:\/\/lojasosprofessoratividades.com.br\/en\/wp-json\/wp\/v2\/product_tag?post=34008"}],"curies":[{"name":"wp","href":"https:\/\/api.w.org\/{rel}","templated":true}]}}