{"id":34039,"date":"2025-03-20T15:24:36","date_gmt":"2025-03-20T18:24:36","guid":{"rendered":"https:\/\/lojasosprofessoratividades.com.br\/?post_type=product&#038;p=34039"},"modified":"2026-05-08T15:52:36","modified_gmt":"2026-05-08T18:52:36","slug":"registros-da-historia-linguagens-e-culturas","status":"publish","type":"product","link":"https:\/\/lojasosprofessoratividades.com.br\/en\/product\/registros-da-historia-linguagens-e-culturas\/","title":{"rendered":"Registros da Hist\u00f3ria Linguagens e Culturas"},"content":{"rendered":"","protected":false},"excerpt":{"rendered":"<p data-start=\"90\" data-end=\"426\">Voc\u00ea j\u00e1 parou para pensar como a hist\u00f3ria da humanidade foi registrada antes da escrita? Como os povos antigos transmitiam seus conhecimentos e tradi\u00e7\u00f5es?<\/p>\n<p data-start=\"90\" data-end=\"426\">Este material <strong data-start=\"259\" data-end=\"284\">completo e interativo<\/strong> vai levar alunos e educadores a uma verdadeira viagem no tempo, explorando <strong data-start=\"360\" data-end=\"423\">a evolu\u00e7\u00e3o da escrita e a import\u00e2ncia dos marcos de mem\u00f3ria<\/strong>.<\/p>\n<p data-start=\"428\" data-end=\"1075\">\ud83d\udd39 <strong data-start=\"431\" data-end=\"472\">O que voc\u00ea encontrar\u00e1 neste material?<\/strong><br data-start=\"472\" data-end=\"475\" \/>\u2705 <strong data-start=\"477\" data-end=\"500\">Textos informativos<\/strong> sobre tradi\u00e7\u00e3o oral, surgimento e evolu\u00e7\u00e3o da escrita.<br data-start=\"555\" data-end=\"558\" \/>\u2705 <strong data-start=\"560\" data-end=\"598\" data-is-only-node=\"\">Atividades de compreens\u00e3o de texto<\/strong> para aprofundar o aprendizado.<br data-start=\"629\" data-end=\"632\" \/>\u2705 <strong data-start=\"634\" data-end=\"670\">Explora\u00e7\u00e3o dos marcos de mem\u00f3ria<\/strong> com atividades pr\u00e1ticas e reflexivas.<br data-start=\"708\" data-end=\"711\" \/>\u2705 <strong data-start=\"713\" data-end=\"755\">Atividade l\u00fadica de pinturas rupestres<\/strong> para estimular a criatividade.<br data-start=\"786\" data-end=\"789\" \/>\u2705 <strong data-start=\"791\" data-end=\"844\">Infogr\u00e1fico detalhado sobre a hist\u00f3ria da escrita<\/strong>, dispon\u00edvel no tamanho A4 e ampliado em 4 folhas A4.<br data-start=\"897\" data-end=\"900\" \/>\u2705 <strong data-start=\"902\" data-end=\"953\">Cartaz da linha do tempo da evolu\u00e7\u00e3o da escrita<\/strong>, no formato A4 e ampliado em 6 folhas A4.<br data-start=\"995\" data-end=\"998\" \/>\u2705 <strong data-start=\"1000\" data-end=\"1020\">Gabarito incluso<\/strong>, facilitando a corre\u00e7\u00e3o e acompanhamento pedag\u00f3gico.<\/p>\n<p data-start=\"1077\" data-end=\"1269\"><em>Ideal para turmas do 5\u00ba ano do Ensino Fundamental 1.<\/em><\/p>\n<p data-start=\"1271\" data-end=\"1345\" data-is-last-node=\"\" data-is-only-node=\"\">Adquira e mergulhe na fascinante jornada dos registros hist\u00f3ricos!<\/p>\n<h3>N\u00e3o enviamos por e-mail, a entrega \u00e9 via link para download. \ud83d\udc47<\/h3>\n<p><img loading=\"lazy\" decoding=\"async\" class=\"alignnone wp-image-33408 size-full\" src=\"https:\/\/lojasosprofessoratividades.com.br\/wp-content\/uploads\/2025\/02\/Aviso-Loja.jpg\" alt=\"\" width=\"446\" height=\"251\" srcset=\"https:\/\/lojasosprofessoratividades.com.br\/wp-content\/uploads\/2025\/02\/Aviso-Loja.jpg 446w, https:\/\/lojasosprofessoratividades.com.br\/wp-content\/uploads\/2025\/02\/Aviso-Loja-300x169.jpg 300w, https:\/\/lojasosprofessoratividades.com.br\/wp-content\/uploads\/2025\/02\/Aviso-Loja-18x10.jpg 18w\" sizes=\"auto, (max-width: 446px) 100vw, 446px\" \/><\/p>","protected":false},"featured_media":34044,"comment_status":"open","ping_status":"closed","template":"","meta":[],"product_brand":[],"product_cat":[127,199,207,217],"product_tag":[248,884,579,1440,1441,556,245,1435,1433,1438,1439,1436,643,1437,1432,1434],"class_list":{"0":"post-34039","1":"product","2":"type-product","3":"status-publish","4":"has-post-thumbnail","6":"product_cat-5o-ano","7":"product_cat-atividades-interativas-5-anos","8":"product_cat-historia-5-ano","9":"product_cat-recursos-didaticos-5-ano","10":"product_tag-5o-ano","11":"product_tag-aprendizado-divertido","12":"product_tag-atividades-educativas","13":"product_tag-compreensao-de-texto","14":"product_tag-didatica","15":"product_tag-educacao","16":"product_tag-ensino-fundamental","17":"product_tag-evolucao-da-escrita","18":"product_tag-historia-da-escrita","19":"product_tag-infografico-historia-da-escrita","20":"product_tag-linha-do-tempo-escrita","21":"product_tag-marcos-de-memoria","22":"product_tag-material-pedagogico","23":"product_tag-pinturas-rupestres","24":"product_tag-registros-historicos","25":"product_tag-tradicao-oral","27":"first","28":"instock","29":"sale","30":"downloadable","31":"virtual","32":"sold-individually","33":"purchasable","34":"product-type-simple"},"yoast_head":"<!-- This site is optimized with the Yoast SEO plugin v27.6 - https:\/\/yoast.com\/product\/yoast-seo-wordpress\/ -->\n<title>Registros da Hist\u00f3ria Linguagens e Culturas - Loja SOS Professor Atividades<\/title>\n<meta name=\"description\" content=\"Material did\u00e1tico completo sobre Registros da Hist\u00f3ria: Linguagens e Culturas! Inclui textos, atividades interativas, infogr\u00e1ficos, cartazes ampli\u00e1veis e gabarito. Perfeito para explorar a evolu\u00e7\u00e3o da escrita e os marcos de mem\u00f3ria!\" \/>\n<meta name=\"robots\" content=\"index, follow, max-snippet:-1, max-image-preview:large, max-video-preview:-1\" \/>\n<link rel=\"canonical\" href=\"https:\/\/lojasosprofessoratividades.com.br\/en\/product\/registros-da-historia-linguagens-e-culturas\/\" \/>\n<meta property=\"og:locale\" content=\"en_US\" \/>\n<meta property=\"og:type\" content=\"article\" \/>\n<meta property=\"og:title\" content=\"Registros da Hist\u00f3ria Linguagens e Culturas - Loja SOS Professor Atividades\" \/>\n<meta property=\"og:description\" content=\"Material did\u00e1tico completo sobre Registros da Hist\u00f3ria: Linguagens e Culturas! Inclui textos, atividades interativas, infogr\u00e1ficos, cartazes ampli\u00e1veis e gabarito. Perfeito para explorar a evolu\u00e7\u00e3o da escrita e os marcos de mem\u00f3ria!\" \/>\n<meta property=\"og:url\" content=\"https:\/\/lojasosprofessoratividades.com.br\/en\/product\/registros-da-historia-linguagens-e-culturas\/\" \/>\n<meta property=\"og:site_name\" content=\"Loja SOS Professor Atividades\" \/>\n<meta property=\"article:publisher\" content=\"https:\/\/www.facebook.com\/sosprofessoratividades\" \/>\n<meta property=\"article:modified_time\" content=\"2026-05-08T18:52:36+00:00\" \/>\n<meta property=\"og:image\" content=\"https:\/\/lojasosprofessoratividades.com.br\/wp-content\/uploads\/2025\/03\/1registro-1.jpg\" \/>\n\t<meta property=\"og:image:width\" content=\"800\" \/>\n\t<meta property=\"og:image:height\" content=\"693\" \/>\n\t<meta property=\"og:image:type\" content=\"image\/jpeg\" \/>\n<meta name=\"twitter:card\" content=\"summary_large_image\" \/>\n<meta name=\"twitter:label1\" content=\"Est. reading time\" \/>\n\t<meta name=\"twitter:data1\" content=\"1 minute\" \/>\n<script type=\"application\/ld+json\" class=\"yoast-schema-graph\">{\"@context\":\"https:\\\/\\\/schema.org\",\"@graph\":[{\"@type\":\"WebPage\",\"@id\":\"https:\\\/\\\/lojasosprofessoratividades.com.br\\\/produto\\\/registros-da-historia-linguagens-e-culturas\\\/\",\"url\":\"https:\\\/\\\/lojasosprofessoratividades.com.br\\\/produto\\\/registros-da-historia-linguagens-e-culturas\\\/\",\"name\":\"Registros da Hist\u00f3ria Linguagens e Culturas - Loja SOS Professor Atividades\",\"isPartOf\":{\"@id\":\"https:\\\/\\\/lojasosprofessoratividades.com.br\\\/#website\"},\"primaryImageOfPage\":{\"@id\":\"https:\\\/\\\/lojasosprofessoratividades.com.br\\\/produto\\\/registros-da-historia-linguagens-e-culturas\\\/#primaryimage\"},\"image\":{\"@id\":\"https:\\\/\\\/lojasosprofessoratividades.com.br\\\/produto\\\/registros-da-historia-linguagens-e-culturas\\\/#primaryimage\"},\"thumbnailUrl\":\"https:\\\/\\\/lojasosprofessoratividades.com.br\\\/wp-content\\\/uploads\\\/2025\\\/03\\\/1registro-1.jpg\",\"datePublished\":\"2025-03-20T18:24:36+00:00\",\"dateModified\":\"2026-05-08T18:52:36+00:00\",\"description\":\"Material did\u00e1tico completo sobre Registros da Hist\u00f3ria: Linguagens e Culturas! Inclui textos, atividades interativas, infogr\u00e1ficos, cartazes ampli\u00e1veis e gabarito. Perfeito para explorar a evolu\u00e7\u00e3o da escrita e os marcos de mem\u00f3ria!\",\"breadcrumb\":{\"@id\":\"https:\\\/\\\/lojasosprofessoratividades.com.br\\\/produto\\\/registros-da-historia-linguagens-e-culturas\\\/#breadcrumb\"},\"inLanguage\":\"en-US\",\"potentialAction\":[{\"@type\":\"ReadAction\",\"target\":[\"https:\\\/\\\/lojasosprofessoratividades.com.br\\\/produto\\\/registros-da-historia-linguagens-e-culturas\\\/\"]}]},{\"@type\":\"ImageObject\",\"inLanguage\":\"en-US\",\"@id\":\"https:\\\/\\\/lojasosprofessoratividades.com.br\\\/produto\\\/registros-da-historia-linguagens-e-culturas\\\/#primaryimage\",\"url\":\"https:\\\/\\\/lojasosprofessoratividades.com.br\\\/wp-content\\\/uploads\\\/2025\\\/03\\\/1registro-1.jpg\",\"contentUrl\":\"https:\\\/\\\/lojasosprofessoratividades.com.br\\\/wp-content\\\/uploads\\\/2025\\\/03\\\/1registro-1.jpg\",\"width\":800,\"height\":693,\"caption\":\"Registros da Hist\u00f3ria Linguagens e Culturas\"},{\"@type\":\"BreadcrumbList\",\"@id\":\"https:\\\/\\\/lojasosprofessoratividades.com.br\\\/produto\\\/registros-da-historia-linguagens-e-culturas\\\/#breadcrumb\",\"itemListElement\":[{\"@type\":\"ListItem\",\"position\":1,\"name\":\"In\u00edcio\",\"item\":\"https:\\\/\\\/lojasosprofessoratividades.com.br\\\/\"},{\"@type\":\"ListItem\",\"position\":2,\"name\":\"Loja\",\"item\":\"https:\\\/\\\/lojasosprofessoratividades.com.br\\\/loja\\\/\"},{\"@type\":\"ListItem\",\"position\":3,\"name\":\"Registros da Hist\u00f3ria Linguagens e Culturas\"}]},{\"@type\":\"WebSite\",\"@id\":\"https:\\\/\\\/lojasosprofessoratividades.com.br\\\/#website\",\"url\":\"https:\\\/\\\/lojasosprofessoratividades.com.br\\\/\",\"name\":\"Loja SOS Professor Atividades\",\"description\":\"Venda de material did\u00e1tico para o ensino fundamental\",\"publisher\":{\"@id\":\"https:\\\/\\\/lojasosprofessoratividades.com.br\\\/#organization\"},\"potentialAction\":[{\"@type\":\"SearchAction\",\"target\":{\"@type\":\"EntryPoint\",\"urlTemplate\":\"https:\\\/\\\/lojasosprofessoratividades.com.br\\\/?s={search_term_string}\"},\"query-input\":{\"@type\":\"PropertyValueSpecification\",\"valueRequired\":true,\"valueName\":\"search_term_string\"}}],\"inLanguage\":\"en-US\"},{\"@type\":\"Organization\",\"@id\":\"https:\\\/\\\/lojasosprofessoratividades.com.br\\\/#organization\",\"name\":\"Loja SOS Professor Atividades\",\"url\":\"https:\\\/\\\/lojasosprofessoratividades.com.br\\\/\",\"logo\":{\"@type\":\"ImageObject\",\"inLanguage\":\"en-US\",\"@id\":\"https:\\\/\\\/lojasosprofessoratividades.com.br\\\/#\\\/schema\\\/logo\\\/image\\\/\",\"url\":\"http:\\\/\\\/lojasosprofessoratividades.com.br\\\/wp-content\\\/uploads\\\/2022\\\/04\\\/Logo.png\",\"contentUrl\":\"http:\\\/\\\/lojasosprofessoratividades.com.br\\\/wp-content\\\/uploads\\\/2022\\\/04\\\/Logo.png\",\"width\":2000,\"height\":2000,\"caption\":\"Loja SOS Professor Atividades\"},\"image\":{\"@id\":\"https:\\\/\\\/lojasosprofessoratividades.com.br\\\/#\\\/schema\\\/logo\\\/image\\\/\"},\"sameAs\":[\"https:\\\/\\\/www.facebook.com\\\/sosprofessoratividades\",\"https:\\\/\\\/www.instagram.com\\\/sosprofessoratividades\\\/\"]}]}<\/script>\n<!-- \/ Yoast SEO plugin. -->","yoast_head_json":{"title":"Registros da Hist\u00f3ria Linguagens e Culturas - Loja SOS Professor Atividades","description":"Material did\u00e1tico completo sobre Registros da Hist\u00f3ria: Linguagens e Culturas! Inclui textos, atividades interativas, infogr\u00e1ficos, cartazes ampli\u00e1veis e gabarito. Perfeito para explorar a evolu\u00e7\u00e3o da escrita e os marcos de mem\u00f3ria!","robots":{"index":"index","follow":"follow","max-snippet":"max-snippet:-1","max-image-preview":"max-image-preview:large","max-video-preview":"max-video-preview:-1"},"canonical":"https:\/\/lojasosprofessoratividades.com.br\/en\/product\/registros-da-historia-linguagens-e-culturas\/","og_locale":"en_US","og_type":"article","og_title":"Registros da Hist\u00f3ria Linguagens e Culturas - Loja SOS Professor Atividades","og_description":"Material did\u00e1tico completo sobre Registros da Hist\u00f3ria: Linguagens e Culturas! Inclui textos, atividades interativas, infogr\u00e1ficos, cartazes ampli\u00e1veis e gabarito. Perfeito para explorar a evolu\u00e7\u00e3o da escrita e os marcos de mem\u00f3ria!","og_url":"https:\/\/lojasosprofessoratividades.com.br\/en\/product\/registros-da-historia-linguagens-e-culturas\/","og_site_name":"Loja SOS Professor Atividades","article_publisher":"https:\/\/www.facebook.com\/sosprofessoratividades","article_modified_time":"2026-05-08T18:52:36+00:00","og_image":[{"width":800,"height":693,"url":"https:\/\/lojasosprofessoratividades.com.br\/wp-content\/uploads\/2025\/03\/1registro-1.jpg","type":"image\/jpeg"}],"twitter_card":"summary_large_image","twitter_misc":{"Est. reading time":"1 minute"},"schema":{"@context":"https:\/\/schema.org","@graph":[{"@type":"WebPage","@id":"https:\/\/lojasosprofessoratividades.com.br\/produto\/registros-da-historia-linguagens-e-culturas\/","url":"https:\/\/lojasosprofessoratividades.com.br\/produto\/registros-da-historia-linguagens-e-culturas\/","name":"Registros da Hist\u00f3ria Linguagens e Culturas - Loja SOS Professor Atividades","isPartOf":{"@id":"https:\/\/lojasosprofessoratividades.com.br\/#website"},"primaryImageOfPage":{"@id":"https:\/\/lojasosprofessoratividades.com.br\/produto\/registros-da-historia-linguagens-e-culturas\/#primaryimage"},"image":{"@id":"https:\/\/lojasosprofessoratividades.com.br\/produto\/registros-da-historia-linguagens-e-culturas\/#primaryimage"},"thumbnailUrl":"https:\/\/lojasosprofessoratividades.com.br\/wp-content\/uploads\/2025\/03\/1registro-1.jpg","datePublished":"2025-03-20T18:24:36+00:00","dateModified":"2026-05-08T18:52:36+00:00","description":"Material did\u00e1tico completo sobre Registros da Hist\u00f3ria: Linguagens e Culturas! Inclui textos, atividades interativas, infogr\u00e1ficos, cartazes ampli\u00e1veis e gabarito. Perfeito para explorar a evolu\u00e7\u00e3o da escrita e os marcos de mem\u00f3ria!","breadcrumb":{"@id":"https:\/\/lojasosprofessoratividades.com.br\/produto\/registros-da-historia-linguagens-e-culturas\/#breadcrumb"},"inLanguage":"en-US","potentialAction":[{"@type":"ReadAction","target":["https:\/\/lojasosprofessoratividades.com.br\/produto\/registros-da-historia-linguagens-e-culturas\/"]}]},{"@type":"ImageObject","inLanguage":"en-US","@id":"https:\/\/lojasosprofessoratividades.com.br\/produto\/registros-da-historia-linguagens-e-culturas\/#primaryimage","url":"https:\/\/lojasosprofessoratividades.com.br\/wp-content\/uploads\/2025\/03\/1registro-1.jpg","contentUrl":"https:\/\/lojasosprofessoratividades.com.br\/wp-content\/uploads\/2025\/03\/1registro-1.jpg","width":800,"height":693,"caption":"Registros da Hist\u00f3ria Linguagens e Culturas"},{"@type":"BreadcrumbList","@id":"https:\/\/lojasosprofessoratividades.com.br\/produto\/registros-da-historia-linguagens-e-culturas\/#breadcrumb","itemListElement":[{"@type":"ListItem","position":1,"name":"In\u00edcio","item":"https:\/\/lojasosprofessoratividades.com.br\/"},{"@type":"ListItem","position":2,"name":"Loja","item":"https:\/\/lojasosprofessoratividades.com.br\/loja\/"},{"@type":"ListItem","position":3,"name":"Registros da Hist\u00f3ria Linguagens e Culturas"}]},{"@type":"WebSite","@id":"https:\/\/lojasosprofessoratividades.com.br\/#website","url":"https:\/\/lojasosprofessoratividades.com.br\/","name":"Loja SOS Professor Atividades","description":"Venda de material did\u00e1tico para o ensino fundamental","publisher":{"@id":"https:\/\/lojasosprofessoratividades.com.br\/#organization"},"potentialAction":[{"@type":"SearchAction","target":{"@type":"EntryPoint","urlTemplate":"https:\/\/lojasosprofessoratividades.com.br\/?s={search_term_string}"},"query-input":{"@type":"PropertyValueSpecification","valueRequired":true,"valueName":"search_term_string"}}],"inLanguage":"en-US"},{"@type":"Organization","@id":"https:\/\/lojasosprofessoratividades.com.br\/#organization","name":"Loja SOS Professor Atividades","url":"https:\/\/lojasosprofessoratividades.com.br\/","logo":{"@type":"ImageObject","inLanguage":"en-US","@id":"https:\/\/lojasosprofessoratividades.com.br\/#\/schema\/logo\/image\/","url":"http:\/\/lojasosprofessoratividades.com.br\/wp-content\/uploads\/2022\/04\/Logo.png","contentUrl":"http:\/\/lojasosprofessoratividades.com.br\/wp-content\/uploads\/2022\/04\/Logo.png","width":2000,"height":2000,"caption":"Loja SOS Professor Atividades"},"image":{"@id":"https:\/\/lojasosprofessoratividades.com.br\/#\/schema\/logo\/image\/"},"sameAs":["https:\/\/www.facebook.com\/sosprofessoratividades","https:\/\/www.instagram.com\/sosprofessoratividades\/"]}]}},"_links":{"self":[{"href":"https:\/\/lojasosprofessoratividades.com.br\/en\/wp-json\/wp\/v2\/product\/34039","targetHints":{"allow":["GET"]}}],"collection":[{"href":"https:\/\/lojasosprofessoratividades.com.br\/en\/wp-json\/wp\/v2\/product"}],"about":[{"href":"https:\/\/lojasosprofessoratividades.com.br\/en\/wp-json\/wp\/v2\/types\/product"}],"replies":[{"embeddable":true,"href":"https:\/\/lojasosprofessoratividades.com.br\/en\/wp-json\/wp\/v2\/comments?post=34039"}],"wp:featuredmedia":[{"embeddable":true,"href":"https:\/\/lojasosprofessoratividades.com.br\/en\/wp-json\/wp\/v2\/media\/34044"}],"wp:attachment":[{"href":"https:\/\/lojasosprofessoratividades.com.br\/en\/wp-json\/wp\/v2\/media?parent=34039"}],"wp:term":[{"taxonomy":"product_brand","embeddable":true,"href":"https:\/\/lojasosprofessoratividades.com.br\/en\/wp-json\/wp\/v2\/product_brand?post=34039"},{"taxonomy":"product_cat","embeddable":true,"href":"https:\/\/lojasosprofessoratividades.com.br\/en\/wp-json\/wp\/v2\/product_cat?post=34039"},{"taxonomy":"product_tag","embeddable":true,"href":"https:\/\/lojasosprofessoratividades.com.br\/en\/wp-json\/wp\/v2\/product_tag?post=34039"}],"curies":[{"name":"wp","href":"https:\/\/api.w.org\/{rel}","templated":true}]}}