{"id":34065,"date":"2025-03-23T12:51:03","date_gmt":"2025-03-23T15:51:03","guid":{"rendered":"https:\/\/lojasosprofessoratividades.com.br\/?post_type=product&#038;p=34065"},"modified":"2025-08-04T10:38:07","modified_gmt":"2025-08-04T13:38:07","slug":"filme-luca-sequencia-didatica","status":"publish","type":"product","link":"https:\/\/lojasosprofessoratividades.com.br\/en\/product\/filme-luca-sequencia-didatica\/","title":{"rendered":"FILME LUCA &#8211; sequ\u00eancia did\u00e1tica"},"content":{"rendered":"","protected":false},"excerpt":{"rendered":"<p data-start=\"61\" data-end=\"116\"><strong data-start=\"64\" data-end=\"114\">Material para turmas do 3\u00ba ao 5\u00ba ano<\/strong><\/p>\n<p data-start=\"118\" data-end=\"300\">Este arquivo completo traz uma abordagem divertida e educativa do filme <em data-start=\"190\" data-end=\"196\">Luca<\/em>, da Disney e Pixar.<\/p>\n<p data-start=\"118\" data-end=\"300\">Ideal para trabalhar inclus\u00e3o, amizade e diferen\u00e7as culturais, o material inclui:<\/p>\n<p data-start=\"302\" data-end=\"685\">\u2705 <strong data-start=\"304\" data-end=\"323\">Resumo do filme<\/strong> &#8211; F\u00e1cil de entender e envolvente para as crian\u00e7as.<br data-start=\"374\" data-end=\"377\" \/>\u2705 <strong data-start=\"379\" data-end=\"404\">Interpreta\u00e7\u00e3o textual<\/strong> &#8211; Perguntas que incentivam a compreens\u00e3o e a reflex\u00e3o.<br data-start=\"459\" data-end=\"462\" \/>\u2705 <strong data-start=\"464\" data-end=\"489\">Explora\u00e7\u00e3o geogr\u00e1fica<\/strong> &#8211; Uso de mapas para localizar a Riviera Italiana.<br data-start=\"539\" data-end=\"542\" \/>\u2705 <strong data-start=\"544\" data-end=\"566\" data-is-only-node=\"\">Situa\u00e7\u00f5es-problema<\/strong> &#8211; Desafios matem\u00e1ticos baseados nas cenas do filme.<br data-start=\"618\" data-end=\"621\" \/>\u2705 <strong data-start=\"623\" data-end=\"644\">Gabarito completo<\/strong> &#8211; Para facilitar a corre\u00e7\u00e3o e revis\u00e3o.<\/p>\n<p data-start=\"687\" data-end=\"828\"><strong data-start=\"690\" data-end=\"709\">B\u00d4NUS ESPECIAL:<\/strong> Mapas ampliados em tamanho <strong data-start=\"737\" data-end=\"743\">A4<\/strong> para facilitar a visualiza\u00e7\u00e3o e tornar o aprendizado ainda mais claro e acess\u00edvel.<\/p>\n<p data-start=\"830\" data-end=\"934\"><strong data-start=\"833\" data-end=\"888\">Dispon\u00edvel nas vers\u00f5es colorida e em preto e branco<\/strong> para melhor adapta\u00e7\u00e3o \u00e0s suas necessidades.<\/p>\n<p data-start=\"936\" data-end=\"1009\">Perfeito para aulas interativas e projetos sobre inclus\u00e3o e empatia!<\/p>\n<p data-start=\"1011\" data-end=\"1069\"><strong data-start=\"1011\" data-end=\"1027\">N\u00e3o edit\u00e1vel<\/strong> \u2013 pronto para impress\u00e3o e uso imediato.<\/p>\n<p data-start=\"1071\" data-end=\"1163\" data-is-last-node=\"\" data-is-only-node=\"\"><em>Garanta j\u00e1 e celebre a amizade e as diferen\u00e7as em sua sala de aula!<\/em><\/p>\n<h3>N\u00e3o enviamos por e-mail, a entrega \u00e9 via link para download. \ud83d\udc47<\/h3>\n<p><img loading=\"lazy\" decoding=\"async\" class=\"alignnone wp-image-34064 size-full\" src=\"https:\/\/lojasosprofessoratividades.com.br\/wp-content\/uploads\/2023\/08\/Aviso-Loja-atual.jpg\" alt=\"\" width=\"446\" height=\"251\" srcset=\"https:\/\/lojasosprofessoratividades.com.br\/wp-content\/uploads\/2023\/08\/Aviso-Loja-atual.jpg 446w, https:\/\/lojasosprofessoratividades.com.br\/wp-content\/uploads\/2023\/08\/Aviso-Loja-atual-300x169.jpg 300w, https:\/\/lojasosprofessoratividades.com.br\/wp-content\/uploads\/2023\/08\/Aviso-Loja-atual-18x10.jpg 18w\" sizes=\"auto, (max-width: 446px) 100vw, 446px\" \/><\/p>","protected":false},"featured_media":34066,"comment_status":"open","ping_status":"closed","template":"","meta":[],"product_brand":[],"product_cat":[124,125,127,205,194,188,189,195,204],"product_tag":[274,253,248,239,2374,1448,826,1598,1599,1551,616,2371,1446,2373,245,416,2380,293,2376,926,612,250,2375,1445,2372,1447,2377,247,643,2379,2378],"class_list":{"0":"post-34065","1":"product","2":"type-product","3":"status-publish","4":"has-post-thumbnail","6":"product_cat-3o-ano","7":"product_cat-4o-ano","8":"product_cat-5o-ano","9":"product_cat-matematica-5-ano","10":"product_cat-matematica-4-ano","11":"product_cat-matematica-3-ano","12":"product_cat-portugues-3-ano","13":"product_cat-portugues-4-ano","14":"product_cat-portugues-5-anos","15":"product_tag-3o-ano","16":"product_tag-4o-ano","17":"product_tag-5o-ano","18":"product_tag-amizade","19":"product_tag-amizade-e-diversidade","20":"product_tag-animacao","21":"product_tag-atividade-educativa","22":"product_tag-atividades-3o-ano","23":"product_tag-atividades-4o-ano","24":"product_tag-atividades-5o-ano","25":"product_tag-atividades-escolares","26":"product_tag-atividades-filme-luca","27":"product_tag-disney-pixar","28":"product_tag-empatia-na-escola","29":"product_tag-ensino-fundamental","30":"product_tag-filme","31":"product_tag-filme-educativo-sala-de-aula","32":"product_tag-geografia","33":"product_tag-geografia-infantil","34":"product_tag-inclusao","35":"product_tag-inclusao-escolar","36":"product_tag-interpretacao-de-texto","37":"product_tag-interpretacao-de-texto-luca","38":"product_tag-luca","39":"product_tag-luca-disney-pixar","40":"product_tag-mapas-ampliados","41":"product_tag-mapas-educativos","42":"product_tag-matematica","43":"product_tag-material-pedagogico","44":"product_tag-projeto-sobre-inclusao","45":"product_tag-situacoes-problema-luca","47":"first","48":"instock","49":"downloadable","50":"sold-individually","51":"shipping-taxable","52":"purchasable","53":"product-type-simple"},"yoast_head":"<!-- This site is optimized with the Yoast SEO plugin v27.5 - https:\/\/yoast.com\/product\/yoast-seo-wordpress\/ -->\n<title>FILME LUCA - sequ\u00eancia did\u00e1tica - Loja SOS Professor Atividades<\/title>\n<meta name=\"description\" content=\"Atividades educativas com o filme Luca para o 3\u00ba ao 5\u00ba ano. Inclui interpreta\u00e7\u00e3o, geografia, matem\u00e1tica, mapas e gabarito. Promove inclus\u00e3o e empatia.\" \/>\n<meta name=\"robots\" content=\"index, follow, max-snippet:-1, max-image-preview:large, max-video-preview:-1\" \/>\n<link rel=\"canonical\" href=\"https:\/\/lojasosprofessoratividades.com.br\/en\/product\/filme-luca-sequencia-didatica\/\" \/>\n<meta property=\"og:locale\" content=\"en_US\" \/>\n<meta property=\"og:type\" content=\"article\" \/>\n<meta property=\"og:title\" content=\"FILME LUCA - sequ\u00eancia did\u00e1tica - Loja SOS Professor Atividades\" \/>\n<meta property=\"og:description\" content=\"Atividades educativas com o filme Luca para o 3\u00ba ao 5\u00ba ano. Inclui interpreta\u00e7\u00e3o, geografia, matem\u00e1tica, mapas e gabarito. Promove inclus\u00e3o e empatia.\" \/>\n<meta property=\"og:url\" content=\"https:\/\/lojasosprofessoratividades.com.br\/en\/product\/filme-luca-sequencia-didatica\/\" \/>\n<meta property=\"og:site_name\" content=\"Loja SOS Professor Atividades\" \/>\n<meta property=\"article:publisher\" content=\"https:\/\/www.facebook.com\/sosprofessoratividades\" \/>\n<meta property=\"article:modified_time\" content=\"2025-08-04T13:38:07+00:00\" \/>\n<meta property=\"og:image\" content=\"https:\/\/lojasosprofessoratividades.com.br\/wp-content\/uploads\/2025\/03\/FILME-LUCA-1.jpg\" \/>\n\t<meta property=\"og:image:width\" content=\"800\" \/>\n\t<meta property=\"og:image:height\" content=\"693\" \/>\n\t<meta property=\"og:image:type\" content=\"image\/jpeg\" \/>\n<meta name=\"twitter:card\" content=\"summary_large_image\" \/>\n<meta name=\"twitter:label1\" content=\"Est. reading time\" \/>\n\t<meta name=\"twitter:data1\" content=\"1 minute\" \/>\n<script type=\"application\/ld+json\" class=\"yoast-schema-graph\">{\"@context\":\"https:\\\/\\\/schema.org\",\"@graph\":[{\"@type\":\"WebPage\",\"@id\":\"https:\\\/\\\/lojasosprofessoratividades.com.br\\\/produto\\\/filme-luca-sequencia-didatica\\\/\",\"url\":\"https:\\\/\\\/lojasosprofessoratividades.com.br\\\/produto\\\/filme-luca-sequencia-didatica\\\/\",\"name\":\"FILME LUCA - sequ\u00eancia did\u00e1tica - Loja SOS Professor Atividades\",\"isPartOf\":{\"@id\":\"https:\\\/\\\/lojasosprofessoratividades.com.br\\\/#website\"},\"primaryImageOfPage\":{\"@id\":\"https:\\\/\\\/lojasosprofessoratividades.com.br\\\/produto\\\/filme-luca-sequencia-didatica\\\/#primaryimage\"},\"image\":{\"@id\":\"https:\\\/\\\/lojasosprofessoratividades.com.br\\\/produto\\\/filme-luca-sequencia-didatica\\\/#primaryimage\"},\"thumbnailUrl\":\"https:\\\/\\\/lojasosprofessoratividades.com.br\\\/wp-content\\\/uploads\\\/2025\\\/03\\\/FILME-LUCA-1.jpg\",\"datePublished\":\"2025-03-23T15:51:03+00:00\",\"dateModified\":\"2025-08-04T13:38:07+00:00\",\"description\":\"Atividades educativas com o filme Luca para o 3\u00ba ao 5\u00ba ano. Inclui interpreta\u00e7\u00e3o, geografia, matem\u00e1tica, mapas e gabarito. Promove inclus\u00e3o e empatia.\",\"breadcrumb\":{\"@id\":\"https:\\\/\\\/lojasosprofessoratividades.com.br\\\/produto\\\/filme-luca-sequencia-didatica\\\/#breadcrumb\"},\"inLanguage\":\"en-US\",\"potentialAction\":[{\"@type\":\"ReadAction\",\"target\":[\"https:\\\/\\\/lojasosprofessoratividades.com.br\\\/produto\\\/filme-luca-sequencia-didatica\\\/\"]}]},{\"@type\":\"ImageObject\",\"inLanguage\":\"en-US\",\"@id\":\"https:\\\/\\\/lojasosprofessoratividades.com.br\\\/produto\\\/filme-luca-sequencia-didatica\\\/#primaryimage\",\"url\":\"https:\\\/\\\/lojasosprofessoratividades.com.br\\\/wp-content\\\/uploads\\\/2025\\\/03\\\/FILME-LUCA-1.jpg\",\"contentUrl\":\"https:\\\/\\\/lojasosprofessoratividades.com.br\\\/wp-content\\\/uploads\\\/2025\\\/03\\\/FILME-LUCA-1.jpg\",\"width\":800,\"height\":693,\"caption\":\"FILME LUCA\"},{\"@type\":\"BreadcrumbList\",\"@id\":\"https:\\\/\\\/lojasosprofessoratividades.com.br\\\/produto\\\/filme-luca-sequencia-didatica\\\/#breadcrumb\",\"itemListElement\":[{\"@type\":\"ListItem\",\"position\":1,\"name\":\"In\u00edcio\",\"item\":\"https:\\\/\\\/lojasosprofessoratividades.com.br\\\/\"},{\"@type\":\"ListItem\",\"position\":2,\"name\":\"Loja\",\"item\":\"https:\\\/\\\/lojasosprofessoratividades.com.br\\\/loja\\\/\"},{\"@type\":\"ListItem\",\"position\":3,\"name\":\"FILME LUCA &#8211; sequ\u00eancia did\u00e1tica\"}]},{\"@type\":\"WebSite\",\"@id\":\"https:\\\/\\\/lojasosprofessoratividades.com.br\\\/#website\",\"url\":\"https:\\\/\\\/lojasosprofessoratividades.com.br\\\/\",\"name\":\"Loja SOS Professor Atividades\",\"description\":\"Venda de material did\u00e1tico para o ensino fundamental\",\"publisher\":{\"@id\":\"https:\\\/\\\/lojasosprofessoratividades.com.br\\\/#organization\"},\"potentialAction\":[{\"@type\":\"SearchAction\",\"target\":{\"@type\":\"EntryPoint\",\"urlTemplate\":\"https:\\\/\\\/lojasosprofessoratividades.com.br\\\/?s={search_term_string}\"},\"query-input\":{\"@type\":\"PropertyValueSpecification\",\"valueRequired\":true,\"valueName\":\"search_term_string\"}}],\"inLanguage\":\"en-US\"},{\"@type\":\"Organization\",\"@id\":\"https:\\\/\\\/lojasosprofessoratividades.com.br\\\/#organization\",\"name\":\"Loja SOS Professor Atividades\",\"url\":\"https:\\\/\\\/lojasosprofessoratividades.com.br\\\/\",\"logo\":{\"@type\":\"ImageObject\",\"inLanguage\":\"en-US\",\"@id\":\"https:\\\/\\\/lojasosprofessoratividades.com.br\\\/#\\\/schema\\\/logo\\\/image\\\/\",\"url\":\"http:\\\/\\\/lojasosprofessoratividades.com.br\\\/wp-content\\\/uploads\\\/2022\\\/04\\\/Logo.png\",\"contentUrl\":\"http:\\\/\\\/lojasosprofessoratividades.com.br\\\/wp-content\\\/uploads\\\/2022\\\/04\\\/Logo.png\",\"width\":2000,\"height\":2000,\"caption\":\"Loja SOS Professor Atividades\"},\"image\":{\"@id\":\"https:\\\/\\\/lojasosprofessoratividades.com.br\\\/#\\\/schema\\\/logo\\\/image\\\/\"},\"sameAs\":[\"https:\\\/\\\/www.facebook.com\\\/sosprofessoratividades\",\"https:\\\/\\\/www.instagram.com\\\/sosprofessoratividades\\\/\"]}]}<\/script>\n<!-- \/ Yoast SEO plugin. -->","yoast_head_json":{"title":"FILME LUCA - sequ\u00eancia did\u00e1tica - Loja SOS Professor Atividades","description":"Atividades educativas com o filme Luca para o 3\u00ba ao 5\u00ba ano. Inclui interpreta\u00e7\u00e3o, geografia, matem\u00e1tica, mapas e gabarito. Promove inclus\u00e3o e empatia.","robots":{"index":"index","follow":"follow","max-snippet":"max-snippet:-1","max-image-preview":"max-image-preview:large","max-video-preview":"max-video-preview:-1"},"canonical":"https:\/\/lojasosprofessoratividades.com.br\/en\/product\/filme-luca-sequencia-didatica\/","og_locale":"en_US","og_type":"article","og_title":"FILME LUCA - sequ\u00eancia did\u00e1tica - Loja SOS Professor Atividades","og_description":"Atividades educativas com o filme Luca para o 3\u00ba ao 5\u00ba ano. Inclui interpreta\u00e7\u00e3o, geografia, matem\u00e1tica, mapas e gabarito. Promove inclus\u00e3o e empatia.","og_url":"https:\/\/lojasosprofessoratividades.com.br\/en\/product\/filme-luca-sequencia-didatica\/","og_site_name":"Loja SOS Professor Atividades","article_publisher":"https:\/\/www.facebook.com\/sosprofessoratividades","article_modified_time":"2025-08-04T13:38:07+00:00","og_image":[{"width":800,"height":693,"url":"https:\/\/lojasosprofessoratividades.com.br\/wp-content\/uploads\/2025\/03\/FILME-LUCA-1.jpg","type":"image\/jpeg"}],"twitter_card":"summary_large_image","twitter_misc":{"Est. reading time":"1 minute"},"schema":{"@context":"https:\/\/schema.org","@graph":[{"@type":"WebPage","@id":"https:\/\/lojasosprofessoratividades.com.br\/produto\/filme-luca-sequencia-didatica\/","url":"https:\/\/lojasosprofessoratividades.com.br\/produto\/filme-luca-sequencia-didatica\/","name":"FILME LUCA - sequ\u00eancia did\u00e1tica - Loja SOS Professor Atividades","isPartOf":{"@id":"https:\/\/lojasosprofessoratividades.com.br\/#website"},"primaryImageOfPage":{"@id":"https:\/\/lojasosprofessoratividades.com.br\/produto\/filme-luca-sequencia-didatica\/#primaryimage"},"image":{"@id":"https:\/\/lojasosprofessoratividades.com.br\/produto\/filme-luca-sequencia-didatica\/#primaryimage"},"thumbnailUrl":"https:\/\/lojasosprofessoratividades.com.br\/wp-content\/uploads\/2025\/03\/FILME-LUCA-1.jpg","datePublished":"2025-03-23T15:51:03+00:00","dateModified":"2025-08-04T13:38:07+00:00","description":"Atividades educativas com o filme Luca para o 3\u00ba ao 5\u00ba ano. Inclui interpreta\u00e7\u00e3o, geografia, matem\u00e1tica, mapas e gabarito. Promove inclus\u00e3o e empatia.","breadcrumb":{"@id":"https:\/\/lojasosprofessoratividades.com.br\/produto\/filme-luca-sequencia-didatica\/#breadcrumb"},"inLanguage":"en-US","potentialAction":[{"@type":"ReadAction","target":["https:\/\/lojasosprofessoratividades.com.br\/produto\/filme-luca-sequencia-didatica\/"]}]},{"@type":"ImageObject","inLanguage":"en-US","@id":"https:\/\/lojasosprofessoratividades.com.br\/produto\/filme-luca-sequencia-didatica\/#primaryimage","url":"https:\/\/lojasosprofessoratividades.com.br\/wp-content\/uploads\/2025\/03\/FILME-LUCA-1.jpg","contentUrl":"https:\/\/lojasosprofessoratividades.com.br\/wp-content\/uploads\/2025\/03\/FILME-LUCA-1.jpg","width":800,"height":693,"caption":"FILME LUCA"},{"@type":"BreadcrumbList","@id":"https:\/\/lojasosprofessoratividades.com.br\/produto\/filme-luca-sequencia-didatica\/#breadcrumb","itemListElement":[{"@type":"ListItem","position":1,"name":"In\u00edcio","item":"https:\/\/lojasosprofessoratividades.com.br\/"},{"@type":"ListItem","position":2,"name":"Loja","item":"https:\/\/lojasosprofessoratividades.com.br\/loja\/"},{"@type":"ListItem","position":3,"name":"FILME LUCA &#8211; sequ\u00eancia did\u00e1tica"}]},{"@type":"WebSite","@id":"https:\/\/lojasosprofessoratividades.com.br\/#website","url":"https:\/\/lojasosprofessoratividades.com.br\/","name":"Loja SOS Professor Atividades","description":"Venda de material did\u00e1tico para o ensino fundamental","publisher":{"@id":"https:\/\/lojasosprofessoratividades.com.br\/#organization"},"potentialAction":[{"@type":"SearchAction","target":{"@type":"EntryPoint","urlTemplate":"https:\/\/lojasosprofessoratividades.com.br\/?s={search_term_string}"},"query-input":{"@type":"PropertyValueSpecification","valueRequired":true,"valueName":"search_term_string"}}],"inLanguage":"en-US"},{"@type":"Organization","@id":"https:\/\/lojasosprofessoratividades.com.br\/#organization","name":"Loja SOS Professor Atividades","url":"https:\/\/lojasosprofessoratividades.com.br\/","logo":{"@type":"ImageObject","inLanguage":"en-US","@id":"https:\/\/lojasosprofessoratividades.com.br\/#\/schema\/logo\/image\/","url":"http:\/\/lojasosprofessoratividades.com.br\/wp-content\/uploads\/2022\/04\/Logo.png","contentUrl":"http:\/\/lojasosprofessoratividades.com.br\/wp-content\/uploads\/2022\/04\/Logo.png","width":2000,"height":2000,"caption":"Loja SOS Professor Atividades"},"image":{"@id":"https:\/\/lojasosprofessoratividades.com.br\/#\/schema\/logo\/image\/"},"sameAs":["https:\/\/www.facebook.com\/sosprofessoratividades","https:\/\/www.instagram.com\/sosprofessoratividades\/"]}]}},"_links":{"self":[{"href":"https:\/\/lojasosprofessoratividades.com.br\/en\/wp-json\/wp\/v2\/product\/34065","targetHints":{"allow":["GET"]}}],"collection":[{"href":"https:\/\/lojasosprofessoratividades.com.br\/en\/wp-json\/wp\/v2\/product"}],"about":[{"href":"https:\/\/lojasosprofessoratividades.com.br\/en\/wp-json\/wp\/v2\/types\/product"}],"replies":[{"embeddable":true,"href":"https:\/\/lojasosprofessoratividades.com.br\/en\/wp-json\/wp\/v2\/comments?post=34065"}],"wp:featuredmedia":[{"embeddable":true,"href":"https:\/\/lojasosprofessoratividades.com.br\/en\/wp-json\/wp\/v2\/media\/34066"}],"wp:attachment":[{"href":"https:\/\/lojasosprofessoratividades.com.br\/en\/wp-json\/wp\/v2\/media?parent=34065"}],"wp:term":[{"taxonomy":"product_brand","embeddable":true,"href":"https:\/\/lojasosprofessoratividades.com.br\/en\/wp-json\/wp\/v2\/product_brand?post=34065"},{"taxonomy":"product_cat","embeddable":true,"href":"https:\/\/lojasosprofessoratividades.com.br\/en\/wp-json\/wp\/v2\/product_cat?post=34065"},{"taxonomy":"product_tag","embeddable":true,"href":"https:\/\/lojasosprofessoratividades.com.br\/en\/wp-json\/wp\/v2\/product_tag?post=34065"}],"curies":[{"name":"wp","href":"https:\/\/api.w.org\/{rel}","templated":true}]}}