{"id":34172,"date":"2026-03-16T10:18:35","date_gmt":"2026-03-16T13:18:35","guid":{"rendered":"https:\/\/lojasosprofessoratividades.com.br\/?post_type=product&#038;p=34172"},"modified":"2026-05-08T13:55:18","modified_gmt":"2026-05-08T16:55:18","slug":"o-dia-dos-povos-indigenas-atividades-e-cartaz","status":"publish","type":"product","link":"https:\/\/lojasosprofessoratividades.com.br\/en\/product\/o-dia-dos-povos-indigenas-atividades-e-cartaz\/","title":{"rendered":"O Dia dos Povos Ind\u00edgenas \u2013 Atividades e Cartaz"},"content":{"rendered":"","protected":false},"excerpt":{"rendered":"<p class=\"\" data-start=\"70\" data-end=\"106\"><strong data-start=\"73\" data-end=\"104\">Para turmas do 4\u00ba e 5\u00ba ano! N\u00e3o edit\u00e1vel.<\/strong><\/p>\n<p class=\"\" data-start=\"108\" data-end=\"190\">Explore o <strong data-start=\"118\" data-end=\"145\">Dia dos Povos Ind\u00edgenas<\/strong> com um material completo e interativo!<\/p>\n<p class=\"\" data-start=\"192\" data-end=\"504\"><strong data-start=\"195\" data-end=\"212\">O que cont\u00e9m?<\/strong><br data-start=\"212\" data-end=\"215\" \/>\u2705 <strong data-start=\"217\" data-end=\"238\">Texto informativo<\/strong> sobre a origem e a import\u00e2ncia da data<br data-start=\"277\" data-end=\"280\" \/>\u2705 <strong data-start=\"282\" data-end=\"322\">Atividades de interpreta\u00e7\u00e3o de texto<\/strong>\u00a0<br data-start=\"325\" data-end=\"328\" data-is-only-node=\"\" \/>\u2705 <strong data-start=\"330\" data-end=\"351\">Uso do dicion\u00e1rio<\/strong> para ampliar o vocabul\u00e1rio\u00a0<br data-start=\"381\" data-end=\"384\" \/>\u2705 <strong data-start=\"386\" data-end=\"448\">Pesquisa sobre l\u00ednguas, dan\u00e7as, comidas e lendas ind\u00edgenas<\/strong>\u00a0<br data-start=\"451\" data-end=\"454\" \/>\u2705 <strong data-start=\"456\" data-end=\"476\">Gabarito incluso<\/strong> para facilitar a corre\u00e7\u00e3o<\/p>\n<p class=\"\" data-start=\"506\" data-end=\"685\"><strong data-start=\"510\" data-end=\"542\">Acompanha um incr\u00edvel cartaz<\/strong> para exposi\u00e7\u00e3o!<br data-start=\"558\" data-end=\"561\" \/><strong data-start=\"564\" data-end=\"583\">\u2705Tamanho<\/strong>: 32 folhas A4 (aprox. <strong data-start=\"606\" data-end=\"625\">150 cm x 110 cm<\/strong>)<br data-start=\"626\" data-end=\"629\" \/><strong data-start=\"632\" data-end=\"656\">\u2705Vers\u00e3o A4 dispon\u00edvel<\/strong> para impress\u00e3o e amplia\u00e7\u00e3o<\/p>\n<p class=\"\" data-start=\"687\" data-end=\"794\">\u00a0Ideal para ensinar de forma envolvente e respeitosa sobre a cultura e os direitos dos povos ind\u00edgenas!<\/p>\n<h3>N\u00e3o enviamos por e-mail, a entrega \u00e9 via link para download. \ud83d\udc47<\/h3>\n<p data-start=\"687\" data-end=\"794\"><img loading=\"lazy\" decoding=\"async\" class=\"alignnone wp-image-38009 size-full\" src=\"https:\/\/lojasosprofessoratividades.com.br\/wp-content\/uploads\/2026\/02\/Como-baixar-2.jpg\" alt=\"\" width=\"446\" height=\"251\" srcset=\"https:\/\/lojasosprofessoratividades.com.br\/wp-content\/uploads\/2026\/02\/Como-baixar-2.jpg 446w, https:\/\/lojasosprofessoratividades.com.br\/wp-content\/uploads\/2026\/02\/Como-baixar-2-300x169.jpg 300w, https:\/\/lojasosprofessoratividades.com.br\/wp-content\/uploads\/2026\/02\/Como-baixar-2-18x10.jpg 18w\" sizes=\"auto, (max-width: 446px) 100vw, 446px\" \/><\/p>","protected":false},"featured_media":34173,"comment_status":"open","ping_status":"closed","template":"","meta":[],"product_brand":[],"product_cat":[125,127,216,218,195,204,215,217],"product_tag":[1515,546,746,1315,449,452,245,1514,926,453,250,1429,450],"class_list":{"0":"post-34172","1":"product","2":"type-product","3":"status-publish","4":"has-post-thumbnail","6":"product_cat-4o-ano","7":"product_cat-5o-ano","8":"product_cat-data-comemorativa-4-ano","9":"product_cat-data-comemorativa-5-ano","10":"product_cat-portugues-4-ano","11":"product_cat-portugues-5-anos","12":"product_cat-recursos-didaticos-4-ano","13":"product_cat-recursos-didaticos-5-ano","14":"product_tag-19-de-aril","15":"product_tag-atividades-pedagogicas","16":"product_tag-cartaz-educativo","17":"product_tag-cultura-indigena","18":"product_tag-dia-dos-indigenas","19":"product_tag-dia-dos-povos-indigenas","20":"product_tag-ensino-fundamental","21":"product_tag-historia-e-cultura","22":"product_tag-inclusao","23":"product_tag-indigenas","24":"product_tag-interpretacao-de-texto","25":"product_tag-pesquisa-escolar","26":"product_tag-povos-originarios","28":"first","29":"instock","30":"downloadable","31":"virtual","32":"sold-individually","33":"purchasable","34":"product-type-simple"},"yoast_head":"<!-- This site is optimized with the Yoast SEO plugin v27.6 - https:\/\/yoast.com\/product\/yoast-seo-wordpress\/ -->\n<title>O Dia dos Povos Ind\u00edgenas \u2013 Atividades e Cartaz - Loja SOS Professor Atividades<\/title>\n<meta name=\"description\" content=\"Atividades sobre o Dia dos Povos Ind\u00edgenas para 4\u00ba e 5\u00ba ano: texto informativo, interpreta\u00e7\u00e3o, pesquisa, uso do dicion\u00e1rio, gabarito e cartaz.\" \/>\n<meta name=\"robots\" content=\"index, follow, max-snippet:-1, max-image-preview:large, max-video-preview:-1\" \/>\n<link rel=\"canonical\" href=\"https:\/\/lojasosprofessoratividades.com.br\/en\/product\/o-dia-dos-povos-indigenas-atividades-e-cartaz\/\" \/>\n<meta property=\"og:locale\" content=\"en_US\" \/>\n<meta property=\"og:type\" content=\"article\" \/>\n<meta property=\"og:title\" content=\"O Dia dos Povos Ind\u00edgenas \u2013 Atividades e Cartaz - Loja SOS Professor Atividades\" \/>\n<meta property=\"og:description\" content=\"Atividades sobre o Dia dos Povos Ind\u00edgenas para 4\u00ba e 5\u00ba ano: texto informativo, interpreta\u00e7\u00e3o, pesquisa, uso do dicion\u00e1rio, gabarito e cartaz.\" \/>\n<meta property=\"og:url\" content=\"https:\/\/lojasosprofessoratividades.com.br\/en\/product\/o-dia-dos-povos-indigenas-atividades-e-cartaz\/\" \/>\n<meta property=\"og:site_name\" content=\"Loja SOS Professor Atividades\" \/>\n<meta property=\"article:publisher\" content=\"https:\/\/www.facebook.com\/sosprofessoratividades\" \/>\n<meta property=\"article:modified_time\" content=\"2026-05-08T16:55:18+00:00\" \/>\n<meta property=\"og:image\" content=\"https:\/\/lojasosprofessoratividades.com.br\/wp-content\/uploads\/2025\/04\/1.jpg\" \/>\n\t<meta property=\"og:image:width\" content=\"800\" \/>\n\t<meta property=\"og:image:height\" content=\"693\" \/>\n\t<meta property=\"og:image:type\" content=\"image\/jpeg\" \/>\n<meta name=\"twitter:card\" content=\"summary_large_image\" \/>\n<meta name=\"twitter:label1\" content=\"Est. reading time\" \/>\n\t<meta name=\"twitter:data1\" content=\"1 minute\" \/>\n<script type=\"application\/ld+json\" class=\"yoast-schema-graph\">{\"@context\":\"https:\\\/\\\/schema.org\",\"@graph\":[{\"@type\":\"WebPage\",\"@id\":\"https:\\\/\\\/lojasosprofessoratividades.com.br\\\/produto\\\/o-dia-dos-povos-indigenas-atividades-e-cartaz\\\/\",\"url\":\"https:\\\/\\\/lojasosprofessoratividades.com.br\\\/produto\\\/o-dia-dos-povos-indigenas-atividades-e-cartaz\\\/\",\"name\":\"O Dia dos Povos Ind\u00edgenas \u2013 Atividades e Cartaz - Loja SOS Professor Atividades\",\"isPartOf\":{\"@id\":\"https:\\\/\\\/lojasosprofessoratividades.com.br\\\/#website\"},\"primaryImageOfPage\":{\"@id\":\"https:\\\/\\\/lojasosprofessoratividades.com.br\\\/produto\\\/o-dia-dos-povos-indigenas-atividades-e-cartaz\\\/#primaryimage\"},\"image\":{\"@id\":\"https:\\\/\\\/lojasosprofessoratividades.com.br\\\/produto\\\/o-dia-dos-povos-indigenas-atividades-e-cartaz\\\/#primaryimage\"},\"thumbnailUrl\":\"https:\\\/\\\/lojasosprofessoratividades.com.br\\\/wp-content\\\/uploads\\\/2025\\\/04\\\/1.jpg\",\"datePublished\":\"2026-03-16T13:18:35+00:00\",\"dateModified\":\"2026-05-08T16:55:18+00:00\",\"description\":\"Atividades sobre o Dia dos Povos Ind\u00edgenas para 4\u00ba e 5\u00ba ano: texto informativo, interpreta\u00e7\u00e3o, pesquisa, uso do dicion\u00e1rio, gabarito e cartaz.\",\"breadcrumb\":{\"@id\":\"https:\\\/\\\/lojasosprofessoratividades.com.br\\\/produto\\\/o-dia-dos-povos-indigenas-atividades-e-cartaz\\\/#breadcrumb\"},\"inLanguage\":\"en-US\",\"potentialAction\":[{\"@type\":\"ReadAction\",\"target\":[\"https:\\\/\\\/lojasosprofessoratividades.com.br\\\/produto\\\/o-dia-dos-povos-indigenas-atividades-e-cartaz\\\/\"]}]},{\"@type\":\"ImageObject\",\"inLanguage\":\"en-US\",\"@id\":\"https:\\\/\\\/lojasosprofessoratividades.com.br\\\/produto\\\/o-dia-dos-povos-indigenas-atividades-e-cartaz\\\/#primaryimage\",\"url\":\"https:\\\/\\\/lojasosprofessoratividades.com.br\\\/wp-content\\\/uploads\\\/2025\\\/04\\\/1.jpg\",\"contentUrl\":\"https:\\\/\\\/lojasosprofessoratividades.com.br\\\/wp-content\\\/uploads\\\/2025\\\/04\\\/1.jpg\",\"width\":800,\"height\":693,\"caption\":\"O Dia dos Povos Ind\u00edgenas \u2013 Atividades e Cartaz\"},{\"@type\":\"BreadcrumbList\",\"@id\":\"https:\\\/\\\/lojasosprofessoratividades.com.br\\\/produto\\\/o-dia-dos-povos-indigenas-atividades-e-cartaz\\\/#breadcrumb\",\"itemListElement\":[{\"@type\":\"ListItem\",\"position\":1,\"name\":\"In\u00edcio\",\"item\":\"https:\\\/\\\/lojasosprofessoratividades.com.br\\\/\"},{\"@type\":\"ListItem\",\"position\":2,\"name\":\"Loja\",\"item\":\"https:\\\/\\\/lojasosprofessoratividades.com.br\\\/loja\\\/\"},{\"@type\":\"ListItem\",\"position\":3,\"name\":\"O Dia dos Povos Ind\u00edgenas \u2013 Atividades e Cartaz\"}]},{\"@type\":\"WebSite\",\"@id\":\"https:\\\/\\\/lojasosprofessoratividades.com.br\\\/#website\",\"url\":\"https:\\\/\\\/lojasosprofessoratividades.com.br\\\/\",\"name\":\"Loja SOS Professor Atividades\",\"description\":\"Venda de material did\u00e1tico para o ensino fundamental\",\"publisher\":{\"@id\":\"https:\\\/\\\/lojasosprofessoratividades.com.br\\\/#organization\"},\"potentialAction\":[{\"@type\":\"SearchAction\",\"target\":{\"@type\":\"EntryPoint\",\"urlTemplate\":\"https:\\\/\\\/lojasosprofessoratividades.com.br\\\/?s={search_term_string}\"},\"query-input\":{\"@type\":\"PropertyValueSpecification\",\"valueRequired\":true,\"valueName\":\"search_term_string\"}}],\"inLanguage\":\"en-US\"},{\"@type\":\"Organization\",\"@id\":\"https:\\\/\\\/lojasosprofessoratividades.com.br\\\/#organization\",\"name\":\"Loja SOS Professor Atividades\",\"url\":\"https:\\\/\\\/lojasosprofessoratividades.com.br\\\/\",\"logo\":{\"@type\":\"ImageObject\",\"inLanguage\":\"en-US\",\"@id\":\"https:\\\/\\\/lojasosprofessoratividades.com.br\\\/#\\\/schema\\\/logo\\\/image\\\/\",\"url\":\"http:\\\/\\\/lojasosprofessoratividades.com.br\\\/wp-content\\\/uploads\\\/2022\\\/04\\\/Logo.png\",\"contentUrl\":\"http:\\\/\\\/lojasosprofessoratividades.com.br\\\/wp-content\\\/uploads\\\/2022\\\/04\\\/Logo.png\",\"width\":2000,\"height\":2000,\"caption\":\"Loja SOS Professor Atividades\"},\"image\":{\"@id\":\"https:\\\/\\\/lojasosprofessoratividades.com.br\\\/#\\\/schema\\\/logo\\\/image\\\/\"},\"sameAs\":[\"https:\\\/\\\/www.facebook.com\\\/sosprofessoratividades\",\"https:\\\/\\\/www.instagram.com\\\/sosprofessoratividades\\\/\"]}]}<\/script>\n<!-- \/ Yoast SEO plugin. -->","yoast_head_json":{"title":"O Dia dos Povos Ind\u00edgenas \u2013 Atividades e Cartaz - Loja SOS Professor Atividades","description":"Atividades sobre o Dia dos Povos Ind\u00edgenas para 4\u00ba e 5\u00ba ano: texto informativo, interpreta\u00e7\u00e3o, pesquisa, uso do dicion\u00e1rio, gabarito e cartaz.","robots":{"index":"index","follow":"follow","max-snippet":"max-snippet:-1","max-image-preview":"max-image-preview:large","max-video-preview":"max-video-preview:-1"},"canonical":"https:\/\/lojasosprofessoratividades.com.br\/en\/product\/o-dia-dos-povos-indigenas-atividades-e-cartaz\/","og_locale":"en_US","og_type":"article","og_title":"O Dia dos Povos Ind\u00edgenas \u2013 Atividades e Cartaz - Loja SOS Professor Atividades","og_description":"Atividades sobre o Dia dos Povos Ind\u00edgenas para 4\u00ba e 5\u00ba ano: texto informativo, interpreta\u00e7\u00e3o, pesquisa, uso do dicion\u00e1rio, gabarito e cartaz.","og_url":"https:\/\/lojasosprofessoratividades.com.br\/en\/product\/o-dia-dos-povos-indigenas-atividades-e-cartaz\/","og_site_name":"Loja SOS Professor Atividades","article_publisher":"https:\/\/www.facebook.com\/sosprofessoratividades","article_modified_time":"2026-05-08T16:55:18+00:00","og_image":[{"width":800,"height":693,"url":"https:\/\/lojasosprofessoratividades.com.br\/wp-content\/uploads\/2025\/04\/1.jpg","type":"image\/jpeg"}],"twitter_card":"summary_large_image","twitter_misc":{"Est. reading time":"1 minute"},"schema":{"@context":"https:\/\/schema.org","@graph":[{"@type":"WebPage","@id":"https:\/\/lojasosprofessoratividades.com.br\/produto\/o-dia-dos-povos-indigenas-atividades-e-cartaz\/","url":"https:\/\/lojasosprofessoratividades.com.br\/produto\/o-dia-dos-povos-indigenas-atividades-e-cartaz\/","name":"O Dia dos Povos Ind\u00edgenas \u2013 Atividades e Cartaz - Loja SOS Professor Atividades","isPartOf":{"@id":"https:\/\/lojasosprofessoratividades.com.br\/#website"},"primaryImageOfPage":{"@id":"https:\/\/lojasosprofessoratividades.com.br\/produto\/o-dia-dos-povos-indigenas-atividades-e-cartaz\/#primaryimage"},"image":{"@id":"https:\/\/lojasosprofessoratividades.com.br\/produto\/o-dia-dos-povos-indigenas-atividades-e-cartaz\/#primaryimage"},"thumbnailUrl":"https:\/\/lojasosprofessoratividades.com.br\/wp-content\/uploads\/2025\/04\/1.jpg","datePublished":"2026-03-16T13:18:35+00:00","dateModified":"2026-05-08T16:55:18+00:00","description":"Atividades sobre o Dia dos Povos Ind\u00edgenas para 4\u00ba e 5\u00ba ano: texto informativo, interpreta\u00e7\u00e3o, pesquisa, uso do dicion\u00e1rio, gabarito e cartaz.","breadcrumb":{"@id":"https:\/\/lojasosprofessoratividades.com.br\/produto\/o-dia-dos-povos-indigenas-atividades-e-cartaz\/#breadcrumb"},"inLanguage":"en-US","potentialAction":[{"@type":"ReadAction","target":["https:\/\/lojasosprofessoratividades.com.br\/produto\/o-dia-dos-povos-indigenas-atividades-e-cartaz\/"]}]},{"@type":"ImageObject","inLanguage":"en-US","@id":"https:\/\/lojasosprofessoratividades.com.br\/produto\/o-dia-dos-povos-indigenas-atividades-e-cartaz\/#primaryimage","url":"https:\/\/lojasosprofessoratividades.com.br\/wp-content\/uploads\/2025\/04\/1.jpg","contentUrl":"https:\/\/lojasosprofessoratividades.com.br\/wp-content\/uploads\/2025\/04\/1.jpg","width":800,"height":693,"caption":"O Dia dos Povos Ind\u00edgenas \u2013 Atividades e Cartaz"},{"@type":"BreadcrumbList","@id":"https:\/\/lojasosprofessoratividades.com.br\/produto\/o-dia-dos-povos-indigenas-atividades-e-cartaz\/#breadcrumb","itemListElement":[{"@type":"ListItem","position":1,"name":"In\u00edcio","item":"https:\/\/lojasosprofessoratividades.com.br\/"},{"@type":"ListItem","position":2,"name":"Loja","item":"https:\/\/lojasosprofessoratividades.com.br\/loja\/"},{"@type":"ListItem","position":3,"name":"O Dia dos Povos Ind\u00edgenas \u2013 Atividades e Cartaz"}]},{"@type":"WebSite","@id":"https:\/\/lojasosprofessoratividades.com.br\/#website","url":"https:\/\/lojasosprofessoratividades.com.br\/","name":"Loja SOS Professor Atividades","description":"Venda de material did\u00e1tico para o ensino fundamental","publisher":{"@id":"https:\/\/lojasosprofessoratividades.com.br\/#organization"},"potentialAction":[{"@type":"SearchAction","target":{"@type":"EntryPoint","urlTemplate":"https:\/\/lojasosprofessoratividades.com.br\/?s={search_term_string}"},"query-input":{"@type":"PropertyValueSpecification","valueRequired":true,"valueName":"search_term_string"}}],"inLanguage":"en-US"},{"@type":"Organization","@id":"https:\/\/lojasosprofessoratividades.com.br\/#organization","name":"Loja SOS Professor Atividades","url":"https:\/\/lojasosprofessoratividades.com.br\/","logo":{"@type":"ImageObject","inLanguage":"en-US","@id":"https:\/\/lojasosprofessoratividades.com.br\/#\/schema\/logo\/image\/","url":"http:\/\/lojasosprofessoratividades.com.br\/wp-content\/uploads\/2022\/04\/Logo.png","contentUrl":"http:\/\/lojasosprofessoratividades.com.br\/wp-content\/uploads\/2022\/04\/Logo.png","width":2000,"height":2000,"caption":"Loja SOS Professor Atividades"},"image":{"@id":"https:\/\/lojasosprofessoratividades.com.br\/#\/schema\/logo\/image\/"},"sameAs":["https:\/\/www.facebook.com\/sosprofessoratividades","https:\/\/www.instagram.com\/sosprofessoratividades\/"]}]}},"_links":{"self":[{"href":"https:\/\/lojasosprofessoratividades.com.br\/en\/wp-json\/wp\/v2\/product\/34172","targetHints":{"allow":["GET"]}}],"collection":[{"href":"https:\/\/lojasosprofessoratividades.com.br\/en\/wp-json\/wp\/v2\/product"}],"about":[{"href":"https:\/\/lojasosprofessoratividades.com.br\/en\/wp-json\/wp\/v2\/types\/product"}],"replies":[{"embeddable":true,"href":"https:\/\/lojasosprofessoratividades.com.br\/en\/wp-json\/wp\/v2\/comments?post=34172"}],"wp:featuredmedia":[{"embeddable":true,"href":"https:\/\/lojasosprofessoratividades.com.br\/en\/wp-json\/wp\/v2\/media\/34173"}],"wp:attachment":[{"href":"https:\/\/lojasosprofessoratividades.com.br\/en\/wp-json\/wp\/v2\/media?parent=34172"}],"wp:term":[{"taxonomy":"product_brand","embeddable":true,"href":"https:\/\/lojasosprofessoratividades.com.br\/en\/wp-json\/wp\/v2\/product_brand?post=34172"},{"taxonomy":"product_cat","embeddable":true,"href":"https:\/\/lojasosprofessoratividades.com.br\/en\/wp-json\/wp\/v2\/product_cat?post=34172"},{"taxonomy":"product_tag","embeddable":true,"href":"https:\/\/lojasosprofessoratividades.com.br\/en\/wp-json\/wp\/v2\/product_tag?post=34172"}],"curies":[{"name":"wp","href":"https:\/\/api.w.org\/{rel}","templated":true}]}}