{"id":34204,"date":"2025-04-10T16:14:57","date_gmt":"2025-04-10T19:14:57","guid":{"rendered":"https:\/\/lojasosprofessoratividades.com.br\/?post_type=product&#038;p=34204"},"modified":"2026-05-08T15:45:33","modified_gmt":"2026-05-08T18:45:33","slug":"explorando-o-solo","status":"publish","type":"product","link":"https:\/\/lojasosprofessoratividades.com.br\/en\/product\/explorando-o-solo\/","title":{"rendered":"Explorando o Solo"},"content":{"rendered":"","protected":false},"excerpt":{"rendered":"<p class=\"\" data-start=\"67\" data-end=\"277\">Que tal transformar o aprendizado sobre o solo em uma experi\u00eancia envolvente e interativa? O material <strong data-start=\"169\" data-end=\"192\">&#8220;Explorando o Solo&#8221;<\/strong> traz tudo o que voc\u00ea precisa para ensinar esse tema de forma did\u00e1tica e divertida!<\/p>\n<p class=\"\" data-start=\"279\" data-end=\"850\"><strong data-start=\"281\" data-end=\"318\">O que voc\u00ea encontrar\u00e1 no arquivo?<\/strong><br data-start=\"318\" data-end=\"321\" \/><strong data-start=\"324\" data-end=\"345\">\u2705Texto informativo<\/strong> sobre os tipos de solo, suas caracter\u00edsticas, usos, cuidados e t\u00e9cnicas para preserva\u00e7\u00e3o.<br data-start=\"435\" data-end=\"438\" \/><strong data-start=\"441\" data-end=\"465\">\u2705Atividade interativa<\/strong> \u2013 Camadas do solo em 3D (vers\u00e3o colorida e para colorir).<br data-start=\"523\" data-end=\"526\" \/><strong data-start=\"529\" data-end=\"554\">\u2705Gr\u00e1ficos ilustrativos<\/strong> \u2013 Composi\u00e7\u00e3o do solo (coloridos e para colorir).<br data-start=\"603\" data-end=\"606\" \/><strong data-start=\"610\" data-end=\"630\">\u2705Cartaz ampli\u00e1vel<\/strong> \u2013 Tipos de solo para expor na sala.<br data-start=\"666\" data-end=\"669\" \/><strong data-start=\"672\" data-end=\"692\">\u2705Elementos soltos<\/strong> para a produ\u00e7\u00e3o de um <strong data-start=\"715\" data-end=\"734\">cartaz coletivo<\/strong> com os alunos.<br data-start=\"749\" data-end=\"752\" \/><strong data-start=\"758\" data-end=\"790\">\u2705Orienta\u00e7\u00f5es para o professor<\/strong> + <strong data-start=\"793\" data-end=\"805\">Gabarito<\/strong> para facilitar a aplica\u00e7\u00e3o das atividades.<\/p>\n<p class=\"\" data-start=\"852\" data-end=\"964\"><strong data-start=\"855\" data-end=\"908\">Ideal para turmas do 3\u00ba ano do Ensino Fundamental 1<\/strong> e dispon\u00edvel nas vers\u00f5es <strong data-start=\"934\" data-end=\"961\">colorida e para colorir<\/strong>!<\/p>\n<p class=\"\" data-start=\"966\" data-end=\"1069\"><strong data-start=\"969\" data-end=\"1065\">Deixe suas aulas mais din\u00e2micas e torne o aprendizado sobre o solo ainda mais significativo!<\/strong><\/p>\n<h3>N\u00e3o enviamos por e-mail, a entrega \u00e9 via link para download. \ud83d\udc47<\/h3>\n<p><img loading=\"lazy\" decoding=\"async\" class=\"alignnone wp-image-34064 size-full\" src=\"https:\/\/lojasosprofessoratividades.com.br\/wp-content\/uploads\/2023\/08\/Aviso-Loja-atual.jpg\" alt=\"\" width=\"446\" height=\"251\" srcset=\"https:\/\/lojasosprofessoratividades.com.br\/wp-content\/uploads\/2023\/08\/Aviso-Loja-atual.jpg 446w, https:\/\/lojasosprofessoratividades.com.br\/wp-content\/uploads\/2023\/08\/Aviso-Loja-atual-300x169.jpg 300w, https:\/\/lojasosprofessoratividades.com.br\/wp-content\/uploads\/2023\/08\/Aviso-Loja-atual-18x10.jpg 18w\" sizes=\"auto, (max-width: 446px) 100vw, 446px\" \/><\/p>","protected":false},"featured_media":34205,"comment_status":"open","ping_status":"closed","template":"","meta":[],"product_brand":[],"product_cat":[124,187,190,213],"product_tag":[1519,1518,746,1520,1210,245,550,1521,1516,1517],"class_list":{"0":"post-34204","1":"product","2":"type-product","3":"status-publish","4":"has-post-thumbnail","6":"product_cat-3o-ano","7":"product_cat-atividades-interativas-3-ano","8":"product_cat-ciencias-3-ano","9":"product_cat-recursos-didaticos-3-ano","10":"product_tag-atividades-sobre-o-solo","11":"product_tag-camadas-do-solo","12":"product_tag-cartaz-educativo","13":"product_tag-ciencias-3o-ano","14":"product_tag-educacao-ambiental","15":"product_tag-ensino-fundamental","16":"product_tag-material-didatico","17":"product_tag-preservacao-do-solo","18":"product_tag-solo","19":"product_tag-tipos-de-solo","21":"first","22":"instock","23":"sale","24":"downloadable","25":"virtual","26":"sold-individually","27":"purchasable","28":"product-type-simple"},"yoast_head":"<!-- This site is optimized with the Yoast SEO plugin v27.6 - https:\/\/yoast.com\/product\/yoast-seo-wordpress\/ -->\n<title>Explorando o Solo - Loja SOS Professor Atividades<\/title>\n<meta name=\"description\" content=\"Explore o solo de forma interativa com este material completo para o 3\u00ba ano do Ensino Fundamental! Inclui texto informativo, gr\u00e1ficos, atividades 3D, cartazes e recursos para cartaz coletivo. Dispon\u00edvel em vers\u00f5es colorida e para colorir.\" \/>\n<meta name=\"robots\" content=\"index, follow, max-snippet:-1, max-image-preview:large, max-video-preview:-1\" \/>\n<link rel=\"canonical\" href=\"https:\/\/lojasosprofessoratividades.com.br\/en\/product\/explorando-o-solo\/\" \/>\n<meta property=\"og:locale\" content=\"en_US\" \/>\n<meta property=\"og:type\" content=\"article\" \/>\n<meta property=\"og:title\" content=\"Explorando o Solo - Loja SOS Professor Atividades\" \/>\n<meta property=\"og:description\" content=\"Explore o solo de forma interativa com este material completo para o 3\u00ba ano do Ensino Fundamental! Inclui texto informativo, gr\u00e1ficos, atividades 3D, cartazes e recursos para cartaz coletivo. Dispon\u00edvel em vers\u00f5es colorida e para colorir.\" \/>\n<meta property=\"og:url\" content=\"https:\/\/lojasosprofessoratividades.com.br\/en\/product\/explorando-o-solo\/\" \/>\n<meta property=\"og:site_name\" content=\"Loja SOS Professor Atividades\" \/>\n<meta property=\"article:publisher\" content=\"https:\/\/www.facebook.com\/sosprofessoratividades\" \/>\n<meta property=\"article:modified_time\" content=\"2026-05-08T18:45:33+00:00\" \/>\n<meta property=\"og:image\" content=\"https:\/\/lojasosprofessoratividades.com.br\/wp-content\/uploads\/2025\/04\/5.jpg\" \/>\n\t<meta property=\"og:image:width\" content=\"800\" \/>\n\t<meta property=\"og:image:height\" content=\"693\" \/>\n\t<meta property=\"og:image:type\" content=\"image\/jpeg\" \/>\n<meta name=\"twitter:card\" content=\"summary_large_image\" \/>\n<meta name=\"twitter:label1\" content=\"Est. reading time\" \/>\n\t<meta name=\"twitter:data1\" content=\"1 minute\" \/>\n<script type=\"application\/ld+json\" class=\"yoast-schema-graph\">{\"@context\":\"https:\\\/\\\/schema.org\",\"@graph\":[{\"@type\":\"WebPage\",\"@id\":\"https:\\\/\\\/lojasosprofessoratividades.com.br\\\/produto\\\/explorando-o-solo\\\/\",\"url\":\"https:\\\/\\\/lojasosprofessoratividades.com.br\\\/produto\\\/explorando-o-solo\\\/\",\"name\":\"Explorando o Solo - Loja SOS Professor Atividades\",\"isPartOf\":{\"@id\":\"https:\\\/\\\/lojasosprofessoratividades.com.br\\\/#website\"},\"primaryImageOfPage\":{\"@id\":\"https:\\\/\\\/lojasosprofessoratividades.com.br\\\/produto\\\/explorando-o-solo\\\/#primaryimage\"},\"image\":{\"@id\":\"https:\\\/\\\/lojasosprofessoratividades.com.br\\\/produto\\\/explorando-o-solo\\\/#primaryimage\"},\"thumbnailUrl\":\"https:\\\/\\\/lojasosprofessoratividades.com.br\\\/wp-content\\\/uploads\\\/2025\\\/04\\\/5.jpg\",\"datePublished\":\"2025-04-10T19:14:57+00:00\",\"dateModified\":\"2026-05-08T18:45:33+00:00\",\"description\":\"Explore o solo de forma interativa com este material completo para o 3\u00ba ano do Ensino Fundamental! Inclui texto informativo, gr\u00e1ficos, atividades 3D, cartazes e recursos para cartaz coletivo. Dispon\u00edvel em vers\u00f5es colorida e para colorir.\",\"breadcrumb\":{\"@id\":\"https:\\\/\\\/lojasosprofessoratividades.com.br\\\/produto\\\/explorando-o-solo\\\/#breadcrumb\"},\"inLanguage\":\"en-US\",\"potentialAction\":[{\"@type\":\"ReadAction\",\"target\":[\"https:\\\/\\\/lojasosprofessoratividades.com.br\\\/produto\\\/explorando-o-solo\\\/\"]}]},{\"@type\":\"ImageObject\",\"inLanguage\":\"en-US\",\"@id\":\"https:\\\/\\\/lojasosprofessoratividades.com.br\\\/produto\\\/explorando-o-solo\\\/#primaryimage\",\"url\":\"https:\\\/\\\/lojasosprofessoratividades.com.br\\\/wp-content\\\/uploads\\\/2025\\\/04\\\/5.jpg\",\"contentUrl\":\"https:\\\/\\\/lojasosprofessoratividades.com.br\\\/wp-content\\\/uploads\\\/2025\\\/04\\\/5.jpg\",\"width\":800,\"height\":693,\"caption\":\"Explorando o solo\"},{\"@type\":\"BreadcrumbList\",\"@id\":\"https:\\\/\\\/lojasosprofessoratividades.com.br\\\/produto\\\/explorando-o-solo\\\/#breadcrumb\",\"itemListElement\":[{\"@type\":\"ListItem\",\"position\":1,\"name\":\"In\u00edcio\",\"item\":\"https:\\\/\\\/lojasosprofessoratividades.com.br\\\/\"},{\"@type\":\"ListItem\",\"position\":2,\"name\":\"Loja\",\"item\":\"https:\\\/\\\/lojasosprofessoratividades.com.br\\\/loja\\\/\"},{\"@type\":\"ListItem\",\"position\":3,\"name\":\"Explorando o Solo\"}]},{\"@type\":\"WebSite\",\"@id\":\"https:\\\/\\\/lojasosprofessoratividades.com.br\\\/#website\",\"url\":\"https:\\\/\\\/lojasosprofessoratividades.com.br\\\/\",\"name\":\"Loja SOS Professor Atividades\",\"description\":\"Venda de material did\u00e1tico para o ensino fundamental\",\"publisher\":{\"@id\":\"https:\\\/\\\/lojasosprofessoratividades.com.br\\\/#organization\"},\"potentialAction\":[{\"@type\":\"SearchAction\",\"target\":{\"@type\":\"EntryPoint\",\"urlTemplate\":\"https:\\\/\\\/lojasosprofessoratividades.com.br\\\/?s={search_term_string}\"},\"query-input\":{\"@type\":\"PropertyValueSpecification\",\"valueRequired\":true,\"valueName\":\"search_term_string\"}}],\"inLanguage\":\"en-US\"},{\"@type\":\"Organization\",\"@id\":\"https:\\\/\\\/lojasosprofessoratividades.com.br\\\/#organization\",\"name\":\"Loja SOS Professor Atividades\",\"url\":\"https:\\\/\\\/lojasosprofessoratividades.com.br\\\/\",\"logo\":{\"@type\":\"ImageObject\",\"inLanguage\":\"en-US\",\"@id\":\"https:\\\/\\\/lojasosprofessoratividades.com.br\\\/#\\\/schema\\\/logo\\\/image\\\/\",\"url\":\"http:\\\/\\\/lojasosprofessoratividades.com.br\\\/wp-content\\\/uploads\\\/2022\\\/04\\\/Logo.png\",\"contentUrl\":\"http:\\\/\\\/lojasosprofessoratividades.com.br\\\/wp-content\\\/uploads\\\/2022\\\/04\\\/Logo.png\",\"width\":2000,\"height\":2000,\"caption\":\"Loja SOS Professor Atividades\"},\"image\":{\"@id\":\"https:\\\/\\\/lojasosprofessoratividades.com.br\\\/#\\\/schema\\\/logo\\\/image\\\/\"},\"sameAs\":[\"https:\\\/\\\/www.facebook.com\\\/sosprofessoratividades\",\"https:\\\/\\\/www.instagram.com\\\/sosprofessoratividades\\\/\"]}]}<\/script>\n<!-- \/ Yoast SEO plugin. -->","yoast_head_json":{"title":"Explorando o Solo - Loja SOS Professor Atividades","description":"Explore o solo de forma interativa com este material completo para o 3\u00ba ano do Ensino Fundamental! Inclui texto informativo, gr\u00e1ficos, atividades 3D, cartazes e recursos para cartaz coletivo. Dispon\u00edvel em vers\u00f5es colorida e para colorir.","robots":{"index":"index","follow":"follow","max-snippet":"max-snippet:-1","max-image-preview":"max-image-preview:large","max-video-preview":"max-video-preview:-1"},"canonical":"https:\/\/lojasosprofessoratividades.com.br\/en\/product\/explorando-o-solo\/","og_locale":"en_US","og_type":"article","og_title":"Explorando o Solo - Loja SOS Professor Atividades","og_description":"Explore o solo de forma interativa com este material completo para o 3\u00ba ano do Ensino Fundamental! Inclui texto informativo, gr\u00e1ficos, atividades 3D, cartazes e recursos para cartaz coletivo. Dispon\u00edvel em vers\u00f5es colorida e para colorir.","og_url":"https:\/\/lojasosprofessoratividades.com.br\/en\/product\/explorando-o-solo\/","og_site_name":"Loja SOS Professor Atividades","article_publisher":"https:\/\/www.facebook.com\/sosprofessoratividades","article_modified_time":"2026-05-08T18:45:33+00:00","og_image":[{"width":800,"height":693,"url":"https:\/\/lojasosprofessoratividades.com.br\/wp-content\/uploads\/2025\/04\/5.jpg","type":"image\/jpeg"}],"twitter_card":"summary_large_image","twitter_misc":{"Est. reading time":"1 minute"},"schema":{"@context":"https:\/\/schema.org","@graph":[{"@type":"WebPage","@id":"https:\/\/lojasosprofessoratividades.com.br\/produto\/explorando-o-solo\/","url":"https:\/\/lojasosprofessoratividades.com.br\/produto\/explorando-o-solo\/","name":"Explorando o Solo - Loja SOS Professor Atividades","isPartOf":{"@id":"https:\/\/lojasosprofessoratividades.com.br\/#website"},"primaryImageOfPage":{"@id":"https:\/\/lojasosprofessoratividades.com.br\/produto\/explorando-o-solo\/#primaryimage"},"image":{"@id":"https:\/\/lojasosprofessoratividades.com.br\/produto\/explorando-o-solo\/#primaryimage"},"thumbnailUrl":"https:\/\/lojasosprofessoratividades.com.br\/wp-content\/uploads\/2025\/04\/5.jpg","datePublished":"2025-04-10T19:14:57+00:00","dateModified":"2026-05-08T18:45:33+00:00","description":"Explore o solo de forma interativa com este material completo para o 3\u00ba ano do Ensino Fundamental! Inclui texto informativo, gr\u00e1ficos, atividades 3D, cartazes e recursos para cartaz coletivo. Dispon\u00edvel em vers\u00f5es colorida e para colorir.","breadcrumb":{"@id":"https:\/\/lojasosprofessoratividades.com.br\/produto\/explorando-o-solo\/#breadcrumb"},"inLanguage":"en-US","potentialAction":[{"@type":"ReadAction","target":["https:\/\/lojasosprofessoratividades.com.br\/produto\/explorando-o-solo\/"]}]},{"@type":"ImageObject","inLanguage":"en-US","@id":"https:\/\/lojasosprofessoratividades.com.br\/produto\/explorando-o-solo\/#primaryimage","url":"https:\/\/lojasosprofessoratividades.com.br\/wp-content\/uploads\/2025\/04\/5.jpg","contentUrl":"https:\/\/lojasosprofessoratividades.com.br\/wp-content\/uploads\/2025\/04\/5.jpg","width":800,"height":693,"caption":"Explorando o solo"},{"@type":"BreadcrumbList","@id":"https:\/\/lojasosprofessoratividades.com.br\/produto\/explorando-o-solo\/#breadcrumb","itemListElement":[{"@type":"ListItem","position":1,"name":"In\u00edcio","item":"https:\/\/lojasosprofessoratividades.com.br\/"},{"@type":"ListItem","position":2,"name":"Loja","item":"https:\/\/lojasosprofessoratividades.com.br\/loja\/"},{"@type":"ListItem","position":3,"name":"Explorando o Solo"}]},{"@type":"WebSite","@id":"https:\/\/lojasosprofessoratividades.com.br\/#website","url":"https:\/\/lojasosprofessoratividades.com.br\/","name":"Loja SOS Professor Atividades","description":"Venda de material did\u00e1tico para o ensino fundamental","publisher":{"@id":"https:\/\/lojasosprofessoratividades.com.br\/#organization"},"potentialAction":[{"@type":"SearchAction","target":{"@type":"EntryPoint","urlTemplate":"https:\/\/lojasosprofessoratividades.com.br\/?s={search_term_string}"},"query-input":{"@type":"PropertyValueSpecification","valueRequired":true,"valueName":"search_term_string"}}],"inLanguage":"en-US"},{"@type":"Organization","@id":"https:\/\/lojasosprofessoratividades.com.br\/#organization","name":"Loja SOS Professor Atividades","url":"https:\/\/lojasosprofessoratividades.com.br\/","logo":{"@type":"ImageObject","inLanguage":"en-US","@id":"https:\/\/lojasosprofessoratividades.com.br\/#\/schema\/logo\/image\/","url":"http:\/\/lojasosprofessoratividades.com.br\/wp-content\/uploads\/2022\/04\/Logo.png","contentUrl":"http:\/\/lojasosprofessoratividades.com.br\/wp-content\/uploads\/2022\/04\/Logo.png","width":2000,"height":2000,"caption":"Loja SOS Professor Atividades"},"image":{"@id":"https:\/\/lojasosprofessoratividades.com.br\/#\/schema\/logo\/image\/"},"sameAs":["https:\/\/www.facebook.com\/sosprofessoratividades","https:\/\/www.instagram.com\/sosprofessoratividades\/"]}]}},"_links":{"self":[{"href":"https:\/\/lojasosprofessoratividades.com.br\/en\/wp-json\/wp\/v2\/product\/34204","targetHints":{"allow":["GET"]}}],"collection":[{"href":"https:\/\/lojasosprofessoratividades.com.br\/en\/wp-json\/wp\/v2\/product"}],"about":[{"href":"https:\/\/lojasosprofessoratividades.com.br\/en\/wp-json\/wp\/v2\/types\/product"}],"replies":[{"embeddable":true,"href":"https:\/\/lojasosprofessoratividades.com.br\/en\/wp-json\/wp\/v2\/comments?post=34204"}],"wp:featuredmedia":[{"embeddable":true,"href":"https:\/\/lojasosprofessoratividades.com.br\/en\/wp-json\/wp\/v2\/media\/34205"}],"wp:attachment":[{"href":"https:\/\/lojasosprofessoratividades.com.br\/en\/wp-json\/wp\/v2\/media?parent=34204"}],"wp:term":[{"taxonomy":"product_brand","embeddable":true,"href":"https:\/\/lojasosprofessoratividades.com.br\/en\/wp-json\/wp\/v2\/product_brand?post=34204"},{"taxonomy":"product_cat","embeddable":true,"href":"https:\/\/lojasosprofessoratividades.com.br\/en\/wp-json\/wp\/v2\/product_cat?post=34204"},{"taxonomy":"product_tag","embeddable":true,"href":"https:\/\/lojasosprofessoratividades.com.br\/en\/wp-json\/wp\/v2\/product_tag?post=34204"}],"curies":[{"name":"wp","href":"https:\/\/api.w.org\/{rel}","templated":true}]}}