{"id":34244,"date":"2025-04-07T18:10:55","date_gmt":"2025-04-07T21:10:55","guid":{"rendered":"https:\/\/lojasosprofessoratividades.com.br\/?post_type=product&#038;p=34244"},"modified":"2026-05-08T15:45:15","modified_gmt":"2026-05-08T18:45:15","slug":"simbolos-da-pascoa-flipbook","status":"publish","type":"product","link":"https:\/\/lojasosprofessoratividades.com.br\/en\/product\/simbolos-da-pascoa-flipbook\/","title":{"rendered":"S\u00edmbolos da P\u00e1scoa &#8211; Flipbook"},"content":{"rendered":"","protected":false},"excerpt":{"rendered":"<p class=\"\" data-start=\"103\" data-end=\"263\">Ideal para turmas do <strong data-start=\"178\" data-end=\"194\">3\u00ba ao 5\u00ba ano<\/strong>, essa atividade torna o aprendizado mais interativo e significativo!<\/p>\n<p class=\"\" data-start=\"265\" data-end=\"546\">Este recurso cont\u00e9m <strong data-start=\"285\" data-end=\"298\">5 p\u00e1ginas<\/strong> que incentivam os alunos a <strong data-start=\"326\" data-end=\"363\">pesquisar e registrar informa\u00e7\u00f5es<\/strong> sobre os principais <strong data-start=\"384\" data-end=\"406\">s\u00edmbolos da P\u00e1scoa<\/strong>. Depois da pesquisa, os estudantes escrevem e colam os <strong data-start=\"462\" data-end=\"490\">desenhos correspondentes<\/strong> a cada s\u00edmbolo, criando um flipbook fofo e informativo!<\/p>\n<p class=\"\" data-start=\"548\" data-end=\"675\"><strong data-start=\"551\" data-end=\"564\">Objetivo:<\/strong> Desenvolver habilidades de pesquisa, leitura e escrita, al\u00e9m de conhecer o significado de cada s\u00edmbolo pascal.<\/p>\n<p class=\"\" data-start=\"677\" data-end=\"756\">\u2728 Uma forma divertida e criativa de trabalhar o tema da P\u00e1scoa em sala de aula!<\/p>\n<p class=\"\" data-start=\"758\" data-end=\"789\">\ud83d\udcce Pronto para imprimir e usar!<\/p>\n<h3>N\u00e3o enviamos por e-mail, a entrega \u00e9 via link para download. \ud83d\udc47<\/h3>\n<p><img loading=\"lazy\" decoding=\"async\" class=\"alignnone wp-image-38009 size-full\" src=\"https:\/\/lojasosprofessoratividades.com.br\/wp-content\/uploads\/2026\/02\/Como-baixar-2.jpg\" alt=\"\" width=\"446\" height=\"251\" srcset=\"https:\/\/lojasosprofessoratividades.com.br\/wp-content\/uploads\/2026\/02\/Como-baixar-2.jpg 446w, https:\/\/lojasosprofessoratividades.com.br\/wp-content\/uploads\/2026\/02\/Como-baixar-2-300x169.jpg 300w, https:\/\/lojasosprofessoratividades.com.br\/wp-content\/uploads\/2026\/02\/Como-baixar-2-18x10.jpg 18w\" sizes=\"auto, (max-width: 446px) 100vw, 446px\" \/><\/p>","protected":false},"featured_media":34245,"comment_status":"open","ping_status":"closed","template":"","meta":[],"product_brand":[],"product_cat":[124,125,127,191,199,187,218,214,216],"product_tag":[1534,1531,2716,2396,2397,394,2717,2720,2719,245,2721,1532,2722,1533,1535,2718,1429,223,1530],"class_list":{"0":"post-34244","1":"product","2":"type-product","3":"status-publish","4":"has-post-thumbnail","6":"product_cat-3o-ano","7":"product_cat-4o-ano","8":"product_cat-5o-ano","9":"product_cat-atividades-interativas-4-ano","10":"product_cat-atividades-interativas-5-anos","11":"product_cat-atividades-interativas-3-ano","12":"product_cat-data-comemorativa-5-ano","13":"product_cat-data-comemorativa-3-ano","14":"product_cat-data-comemorativa-4-ano","15":"product_tag-atividade-imprimivel","16":"product_tag-atividade-pascoa","17":"product_tag-atividade-pascoa-3o-ano","18":"product_tag-atividade-pascoa-4o-ano","19":"product_tag-atividade-pascoa-5o-ano","20":"product_tag-atividade-pedagogica","21":"product_tag-atividades-educativas-pascoa","22":"product_tag-atividades-imprimir-pascoa","23":"product_tag-cultura-e-tradicao-pascoa","24":"product_tag-ensino-fundamental","25":"product_tag-ensino-fundamental-pascoa","26":"product_tag-flipbook-pascoa","27":"product_tag-material-pedagogico-pascoa","28":"product_tag-pascoa-educacao","29":"product_tag-pascoa-em-sala-de-aula","30":"product_tag-pesquisa-e-escrita-pascoa","31":"product_tag-pesquisa-escolar","32":"product_tag-recurso-pedagogico","33":"product_tag-simbolos-da-pascoa","35":"first","36":"instock","37":"downloadable","38":"virtual","39":"sold-individually","40":"purchasable","41":"product-type-simple"},"yoast_head":"<!-- This site is optimized with the Yoast SEO plugin v27.6 - https:\/\/yoast.com\/product\/yoast-seo-wordpress\/ -->\n<title>S\u00edmbolos da P\u00e1scoa - Flipbook - Loja SOS Professor Atividades<\/title>\n<meta name=\"description\" content=\"Atividade P\u00e1scoa em flipbook: s\u00edmbolos da P\u00e1scoa para alunos do 3\u00ba ao 5\u00ba ano, incentivando pesquisa, escrita e aprendizado cultural.\" \/>\n<meta name=\"robots\" content=\"index, follow, max-snippet:-1, max-image-preview:large, max-video-preview:-1\" \/>\n<link rel=\"canonical\" href=\"https:\/\/lojasosprofessoratividades.com.br\/en\/product\/simbolos-da-pascoa-flipbook\/\" \/>\n<meta property=\"og:locale\" content=\"en_US\" \/>\n<meta property=\"og:type\" content=\"article\" \/>\n<meta property=\"og:title\" content=\"S\u00edmbolos da P\u00e1scoa - Flipbook - Loja SOS Professor Atividades\" \/>\n<meta property=\"og:description\" content=\"Atividade P\u00e1scoa em flipbook: s\u00edmbolos da P\u00e1scoa para alunos do 3\u00ba ao 5\u00ba ano, incentivando pesquisa, escrita e aprendizado cultural.\" \/>\n<meta property=\"og:url\" content=\"https:\/\/lojasosprofessoratividades.com.br\/en\/product\/simbolos-da-pascoa-flipbook\/\" \/>\n<meta property=\"og:site_name\" content=\"Loja SOS Professor Atividades\" \/>\n<meta property=\"article:publisher\" content=\"https:\/\/www.facebook.com\/sosprofessoratividades\" \/>\n<meta property=\"article:modified_time\" content=\"2026-05-08T18:45:15+00:00\" \/>\n<meta property=\"og:image\" content=\"https:\/\/lojasosprofessoratividades.com.br\/wp-content\/uploads\/2025\/04\/1-1.jpg\" \/>\n\t<meta property=\"og:image:width\" content=\"800\" \/>\n\t<meta property=\"og:image:height\" content=\"693\" \/>\n\t<meta property=\"og:image:type\" content=\"image\/jpeg\" \/>\n<meta name=\"twitter:card\" content=\"summary_large_image\" \/>\n<meta name=\"twitter:label1\" content=\"Est. reading time\" \/>\n\t<meta name=\"twitter:data1\" content=\"1 minute\" \/>\n<script type=\"application\/ld+json\" class=\"yoast-schema-graph\">{\"@context\":\"https:\\\/\\\/schema.org\",\"@graph\":[{\"@type\":\"WebPage\",\"@id\":\"https:\\\/\\\/lojasosprofessoratividades.com.br\\\/produto\\\/simbolos-da-pascoa-flipbook\\\/\",\"url\":\"https:\\\/\\\/lojasosprofessoratividades.com.br\\\/produto\\\/simbolos-da-pascoa-flipbook\\\/\",\"name\":\"S\u00edmbolos da P\u00e1scoa - Flipbook - Loja SOS Professor Atividades\",\"isPartOf\":{\"@id\":\"https:\\\/\\\/lojasosprofessoratividades.com.br\\\/#website\"},\"primaryImageOfPage\":{\"@id\":\"https:\\\/\\\/lojasosprofessoratividades.com.br\\\/produto\\\/simbolos-da-pascoa-flipbook\\\/#primaryimage\"},\"image\":{\"@id\":\"https:\\\/\\\/lojasosprofessoratividades.com.br\\\/produto\\\/simbolos-da-pascoa-flipbook\\\/#primaryimage\"},\"thumbnailUrl\":\"https:\\\/\\\/lojasosprofessoratividades.com.br\\\/wp-content\\\/uploads\\\/2025\\\/04\\\/1-1.jpg\",\"datePublished\":\"2025-04-07T21:10:55+00:00\",\"dateModified\":\"2026-05-08T18:45:15+00:00\",\"description\":\"Atividade P\u00e1scoa em flipbook: s\u00edmbolos da P\u00e1scoa para alunos do 3\u00ba ao 5\u00ba ano, incentivando pesquisa, escrita e aprendizado cultural.\",\"breadcrumb\":{\"@id\":\"https:\\\/\\\/lojasosprofessoratividades.com.br\\\/produto\\\/simbolos-da-pascoa-flipbook\\\/#breadcrumb\"},\"inLanguage\":\"en-US\",\"potentialAction\":[{\"@type\":\"ReadAction\",\"target\":[\"https:\\\/\\\/lojasosprofessoratividades.com.br\\\/produto\\\/simbolos-da-pascoa-flipbook\\\/\"]}]},{\"@type\":\"ImageObject\",\"inLanguage\":\"en-US\",\"@id\":\"https:\\\/\\\/lojasosprofessoratividades.com.br\\\/produto\\\/simbolos-da-pascoa-flipbook\\\/#primaryimage\",\"url\":\"https:\\\/\\\/lojasosprofessoratividades.com.br\\\/wp-content\\\/uploads\\\/2025\\\/04\\\/1-1.jpg\",\"contentUrl\":\"https:\\\/\\\/lojasosprofessoratividades.com.br\\\/wp-content\\\/uploads\\\/2025\\\/04\\\/1-1.jpg\",\"width\":800,\"height\":693,\"caption\":\"S\u00edmbolos da P\u00e1scoa - Flipbook\"},{\"@type\":\"BreadcrumbList\",\"@id\":\"https:\\\/\\\/lojasosprofessoratividades.com.br\\\/produto\\\/simbolos-da-pascoa-flipbook\\\/#breadcrumb\",\"itemListElement\":[{\"@type\":\"ListItem\",\"position\":1,\"name\":\"In\u00edcio\",\"item\":\"https:\\\/\\\/lojasosprofessoratividades.com.br\\\/\"},{\"@type\":\"ListItem\",\"position\":2,\"name\":\"Loja\",\"item\":\"https:\\\/\\\/lojasosprofessoratividades.com.br\\\/loja\\\/\"},{\"@type\":\"ListItem\",\"position\":3,\"name\":\"S\u00edmbolos da P\u00e1scoa &#8211; Flipbook\"}]},{\"@type\":\"WebSite\",\"@id\":\"https:\\\/\\\/lojasosprofessoratividades.com.br\\\/#website\",\"url\":\"https:\\\/\\\/lojasosprofessoratividades.com.br\\\/\",\"name\":\"Loja SOS Professor Atividades\",\"description\":\"Venda de material did\u00e1tico para o ensino fundamental\",\"publisher\":{\"@id\":\"https:\\\/\\\/lojasosprofessoratividades.com.br\\\/#organization\"},\"potentialAction\":[{\"@type\":\"SearchAction\",\"target\":{\"@type\":\"EntryPoint\",\"urlTemplate\":\"https:\\\/\\\/lojasosprofessoratividades.com.br\\\/?s={search_term_string}\"},\"query-input\":{\"@type\":\"PropertyValueSpecification\",\"valueRequired\":true,\"valueName\":\"search_term_string\"}}],\"inLanguage\":\"en-US\"},{\"@type\":\"Organization\",\"@id\":\"https:\\\/\\\/lojasosprofessoratividades.com.br\\\/#organization\",\"name\":\"Loja SOS Professor Atividades\",\"url\":\"https:\\\/\\\/lojasosprofessoratividades.com.br\\\/\",\"logo\":{\"@type\":\"ImageObject\",\"inLanguage\":\"en-US\",\"@id\":\"https:\\\/\\\/lojasosprofessoratividades.com.br\\\/#\\\/schema\\\/logo\\\/image\\\/\",\"url\":\"http:\\\/\\\/lojasosprofessoratividades.com.br\\\/wp-content\\\/uploads\\\/2022\\\/04\\\/Logo.png\",\"contentUrl\":\"http:\\\/\\\/lojasosprofessoratividades.com.br\\\/wp-content\\\/uploads\\\/2022\\\/04\\\/Logo.png\",\"width\":2000,\"height\":2000,\"caption\":\"Loja SOS Professor Atividades\"},\"image\":{\"@id\":\"https:\\\/\\\/lojasosprofessoratividades.com.br\\\/#\\\/schema\\\/logo\\\/image\\\/\"},\"sameAs\":[\"https:\\\/\\\/www.facebook.com\\\/sosprofessoratividades\",\"https:\\\/\\\/www.instagram.com\\\/sosprofessoratividades\\\/\"]}]}<\/script>\n<!-- \/ Yoast SEO plugin. -->","yoast_head_json":{"title":"S\u00edmbolos da P\u00e1scoa - Flipbook - Loja SOS Professor Atividades","description":"Atividade P\u00e1scoa em flipbook: s\u00edmbolos da P\u00e1scoa para alunos do 3\u00ba ao 5\u00ba ano, incentivando pesquisa, escrita e aprendizado cultural.","robots":{"index":"index","follow":"follow","max-snippet":"max-snippet:-1","max-image-preview":"max-image-preview:large","max-video-preview":"max-video-preview:-1"},"canonical":"https:\/\/lojasosprofessoratividades.com.br\/en\/product\/simbolos-da-pascoa-flipbook\/","og_locale":"en_US","og_type":"article","og_title":"S\u00edmbolos da P\u00e1scoa - Flipbook - Loja SOS Professor Atividades","og_description":"Atividade P\u00e1scoa em flipbook: s\u00edmbolos da P\u00e1scoa para alunos do 3\u00ba ao 5\u00ba ano, incentivando pesquisa, escrita e aprendizado cultural.","og_url":"https:\/\/lojasosprofessoratividades.com.br\/en\/product\/simbolos-da-pascoa-flipbook\/","og_site_name":"Loja SOS Professor Atividades","article_publisher":"https:\/\/www.facebook.com\/sosprofessoratividades","article_modified_time":"2026-05-08T18:45:15+00:00","og_image":[{"width":800,"height":693,"url":"https:\/\/lojasosprofessoratividades.com.br\/wp-content\/uploads\/2025\/04\/1-1.jpg","type":"image\/jpeg"}],"twitter_card":"summary_large_image","twitter_misc":{"Est. reading time":"1 minute"},"schema":{"@context":"https:\/\/schema.org","@graph":[{"@type":"WebPage","@id":"https:\/\/lojasosprofessoratividades.com.br\/produto\/simbolos-da-pascoa-flipbook\/","url":"https:\/\/lojasosprofessoratividades.com.br\/produto\/simbolos-da-pascoa-flipbook\/","name":"S\u00edmbolos da P\u00e1scoa - Flipbook - Loja SOS Professor Atividades","isPartOf":{"@id":"https:\/\/lojasosprofessoratividades.com.br\/#website"},"primaryImageOfPage":{"@id":"https:\/\/lojasosprofessoratividades.com.br\/produto\/simbolos-da-pascoa-flipbook\/#primaryimage"},"image":{"@id":"https:\/\/lojasosprofessoratividades.com.br\/produto\/simbolos-da-pascoa-flipbook\/#primaryimage"},"thumbnailUrl":"https:\/\/lojasosprofessoratividades.com.br\/wp-content\/uploads\/2025\/04\/1-1.jpg","datePublished":"2025-04-07T21:10:55+00:00","dateModified":"2026-05-08T18:45:15+00:00","description":"Atividade P\u00e1scoa em flipbook: s\u00edmbolos da P\u00e1scoa para alunos do 3\u00ba ao 5\u00ba ano, incentivando pesquisa, escrita e aprendizado cultural.","breadcrumb":{"@id":"https:\/\/lojasosprofessoratividades.com.br\/produto\/simbolos-da-pascoa-flipbook\/#breadcrumb"},"inLanguage":"en-US","potentialAction":[{"@type":"ReadAction","target":["https:\/\/lojasosprofessoratividades.com.br\/produto\/simbolos-da-pascoa-flipbook\/"]}]},{"@type":"ImageObject","inLanguage":"en-US","@id":"https:\/\/lojasosprofessoratividades.com.br\/produto\/simbolos-da-pascoa-flipbook\/#primaryimage","url":"https:\/\/lojasosprofessoratividades.com.br\/wp-content\/uploads\/2025\/04\/1-1.jpg","contentUrl":"https:\/\/lojasosprofessoratividades.com.br\/wp-content\/uploads\/2025\/04\/1-1.jpg","width":800,"height":693,"caption":"S\u00edmbolos da P\u00e1scoa - Flipbook"},{"@type":"BreadcrumbList","@id":"https:\/\/lojasosprofessoratividades.com.br\/produto\/simbolos-da-pascoa-flipbook\/#breadcrumb","itemListElement":[{"@type":"ListItem","position":1,"name":"In\u00edcio","item":"https:\/\/lojasosprofessoratividades.com.br\/"},{"@type":"ListItem","position":2,"name":"Loja","item":"https:\/\/lojasosprofessoratividades.com.br\/loja\/"},{"@type":"ListItem","position":3,"name":"S\u00edmbolos da P\u00e1scoa &#8211; Flipbook"}]},{"@type":"WebSite","@id":"https:\/\/lojasosprofessoratividades.com.br\/#website","url":"https:\/\/lojasosprofessoratividades.com.br\/","name":"Loja SOS Professor Atividades","description":"Venda de material did\u00e1tico para o ensino fundamental","publisher":{"@id":"https:\/\/lojasosprofessoratividades.com.br\/#organization"},"potentialAction":[{"@type":"SearchAction","target":{"@type":"EntryPoint","urlTemplate":"https:\/\/lojasosprofessoratividades.com.br\/?s={search_term_string}"},"query-input":{"@type":"PropertyValueSpecification","valueRequired":true,"valueName":"search_term_string"}}],"inLanguage":"en-US"},{"@type":"Organization","@id":"https:\/\/lojasosprofessoratividades.com.br\/#organization","name":"Loja SOS Professor Atividades","url":"https:\/\/lojasosprofessoratividades.com.br\/","logo":{"@type":"ImageObject","inLanguage":"en-US","@id":"https:\/\/lojasosprofessoratividades.com.br\/#\/schema\/logo\/image\/","url":"http:\/\/lojasosprofessoratividades.com.br\/wp-content\/uploads\/2022\/04\/Logo.png","contentUrl":"http:\/\/lojasosprofessoratividades.com.br\/wp-content\/uploads\/2022\/04\/Logo.png","width":2000,"height":2000,"caption":"Loja SOS Professor Atividades"},"image":{"@id":"https:\/\/lojasosprofessoratividades.com.br\/#\/schema\/logo\/image\/"},"sameAs":["https:\/\/www.facebook.com\/sosprofessoratividades","https:\/\/www.instagram.com\/sosprofessoratividades\/"]}]}},"_links":{"self":[{"href":"https:\/\/lojasosprofessoratividades.com.br\/en\/wp-json\/wp\/v2\/product\/34244","targetHints":{"allow":["GET"]}}],"collection":[{"href":"https:\/\/lojasosprofessoratividades.com.br\/en\/wp-json\/wp\/v2\/product"}],"about":[{"href":"https:\/\/lojasosprofessoratividades.com.br\/en\/wp-json\/wp\/v2\/types\/product"}],"replies":[{"embeddable":true,"href":"https:\/\/lojasosprofessoratividades.com.br\/en\/wp-json\/wp\/v2\/comments?post=34244"}],"wp:featuredmedia":[{"embeddable":true,"href":"https:\/\/lojasosprofessoratividades.com.br\/en\/wp-json\/wp\/v2\/media\/34245"}],"wp:attachment":[{"href":"https:\/\/lojasosprofessoratividades.com.br\/en\/wp-json\/wp\/v2\/media?parent=34244"}],"wp:term":[{"taxonomy":"product_brand","embeddable":true,"href":"https:\/\/lojasosprofessoratividades.com.br\/en\/wp-json\/wp\/v2\/product_brand?post=34244"},{"taxonomy":"product_cat","embeddable":true,"href":"https:\/\/lojasosprofessoratividades.com.br\/en\/wp-json\/wp\/v2\/product_cat?post=34244"},{"taxonomy":"product_tag","embeddable":true,"href":"https:\/\/lojasosprofessoratividades.com.br\/en\/wp-json\/wp\/v2\/product_tag?post=34244"}],"curies":[{"name":"wp","href":"https:\/\/api.w.org\/{rel}","templated":true}]}}