{"id":34304,"date":"2025-04-16T21:32:18","date_gmt":"2025-04-17T00:32:18","guid":{"rendered":"https:\/\/lojasosprofessoratividades.com.br\/?post_type=product&#038;p=34304"},"modified":"2026-05-08T15:45:57","modified_gmt":"2026-05-08T18:45:57","slug":"filme-robo-selvagem-sequencia-didatica","status":"publish","type":"product","link":"https:\/\/lojasosprofessoratividades.com.br\/en\/product\/filme-robo-selvagem-sequencia-didatica\/","title":{"rendered":"Filme Rob\u00f4 Selvagem &#8211; sequ\u00eancia did\u00e1tica"},"content":{"rendered":"","protected":false},"excerpt":{"rendered":"<p class=\"\" data-start=\"100\" data-end=\"225\"><strong data-start=\"157\" data-end=\"225\">Material completo e interdisciplinar para turmas do 4\u00ba e 5\u00ba ano!<\/strong><\/p>\n<p class=\"\" data-start=\"227\" data-end=\"426\">\ud83d\udcd8 Este recurso pedag\u00f3gico incr\u00edvel foi criado com base no emocionante filme <em data-start=\"304\" data-end=\"319\">Rob\u00f4 Selvagem<\/em> e oferece uma jornada de aprendizagem envolvente que integra <strong data-start=\"381\" data-end=\"425\">L\u00edngua Portuguesa, Ci\u00eancias e Matem\u00e1tica<\/strong>.<\/p>\n<p class=\"\" data-start=\"428\" data-end=\"471\">\ud83d\udd0d <strong data-start=\"431\" data-end=\"471\">O que voc\u00ea vai encontrar no arquivo?<\/strong><\/p>\n<p class=\"\" data-start=\"473\" data-end=\"863\">\u2705 Resumo do filme<br data-start=\"490\" data-end=\"493\" \/>\u2705 Atividade de interpreta\u00e7\u00e3o textual<br data-start=\"529\" data-end=\"532\" \/>\u2705 Cruzadinha e ca\u00e7a-palavras ilustrativos<br data-start=\"573\" data-end=\"576\" \/>\u2705 Texto informativo: <em data-start=\"597\" data-end=\"620\">\u201cO que \u00e9 hiberna\u00e7\u00e3o?\u201d<\/em><br data-start=\"620\" data-end=\"623\" \/>\u2705 Ficha de pesquisa dirigida sobre animais que hibernam<br data-start=\"678\" data-end=\"681\" \/>\u2705 Situa\u00e7\u00f5es-problema contextualizadas (com as 4 opera\u00e7\u00f5es, express\u00f5es num\u00e9ricas e n\u00fameros at\u00e9 6 ordens)<br data-start=\"784\" data-end=\"787\" \/>\u2705 Plano de aula completo dividido em 3 aulas<br data-start=\"835\" data-end=\"838\" \/>\u2705 Gabarito das atividades<\/p>\n<p class=\"\" data-start=\"865\" data-end=\"966\">Ideal para aulas significativas, criativas e com foco no desenvolvimento de m\u00faltiplas habilidades!<\/p>\n<p class=\"\" data-start=\"968\" data-end=\"1087\"><em><strong>N\u00e3o<\/strong><\/em> edit\u00e1vel, pronto para imprimir e usar na sala de aula!<br data-start=\"1016\" data-end=\"1019\" \/>Perfeito para projetos interdisciplinares e sequ\u00eancias tem\u00e1ticas.<\/p>\n<h3>N\u00e3o enviamos por e-mail, a entrega \u00e9 via link para download. \ud83d\udc47<\/h3>\n<p><img loading=\"lazy\" decoding=\"async\" class=\"alignnone wp-image-34064 size-full\" src=\"https:\/\/lojasosprofessoratividades.com.br\/wp-content\/uploads\/2023\/08\/Aviso-Loja-atual.jpg\" alt=\"\" width=\"446\" height=\"251\" srcset=\"https:\/\/lojasosprofessoratividades.com.br\/wp-content\/uploads\/2023\/08\/Aviso-Loja-atual.jpg 446w, https:\/\/lojasosprofessoratividades.com.br\/wp-content\/uploads\/2023\/08\/Aviso-Loja-atual-300x169.jpg 300w, https:\/\/lojasosprofessoratividades.com.br\/wp-content\/uploads\/2023\/08\/Aviso-Loja-atual-18x10.jpg 18w\" sizes=\"auto, (max-width: 446px) 100vw, 446px\" \/><\/p>","protected":false},"featured_media":34306,"comment_status":"open","ping_status":"closed","template":"","meta":[],"product_brand":[],"product_cat":[125,127,196,206,205,194,204,195],"product_tag":[253,248,1541,1543,1540,792,1542,845,797,245,587,1537,1539,250,1405,1081,398,1544,1536,342,343,1538],"class_list":{"0":"post-34304","1":"product","2":"type-product","3":"status-publish","4":"has-post-thumbnail","6":"product_cat-4o-ano","7":"product_cat-5o-ano","8":"product_cat-ciencias-4-ano","9":"product_cat-ciencias-5-ano","10":"product_cat-matematica-5-ano","11":"product_cat-matematica-4-ano","12":"product_cat-portugues-5-anos","13":"product_cat-portugues-4-ano","14":"product_tag-4o-ano","15":"product_tag-5o-ano","16":"product_tag-atividades-prontas","17":"product_tag-atividades-sobre-filmes","18":"product_tag-aula-criativa","19":"product_tag-caca-palavras","20":"product_tag-ciencias-e-matematica","21":"product_tag-cruzadinha","22":"product_tag-educacao-basica","23":"product_tag-ensino-fundamental","24":"product_tag-gabarito","25":"product_tag-hibernacao","26":"product_tag-interdisciplinar","27":"product_tag-interpretacao-de-texto","28":"product_tag-leitura-e-escrita","29":"product_tag-planejamento-escolar","30":"product_tag-plano-de-aula","31":"product_tag-projeto-pedagogico","32":"product_tag-robo-selvagem","33":"product_tag-sequencia-didatica","34":"product_tag-situacoes-problema","35":"product_tag-texto-informativo","37":"first","38":"instock","39":"sale","40":"downloadable","41":"virtual","42":"sold-individually","43":"purchasable","44":"product-type-simple"},"yoast_head":"<!-- This site is optimized with the Yoast SEO plugin v27.5 - https:\/\/yoast.com\/product\/yoast-seo-wordpress\/ -->\n<title>Filme Rob\u00f4 Selvagem - sequ\u00eancia did\u00e1tica - Loja SOS Professor Atividades<\/title>\n<meta name=\"description\" content=\"Sequ\u00eancia did\u00e1tica completa baseada no filme Rob\u00f4 Selvagem, ideal para turmas do 4\u00ba e 5\u00ba ano. Inclui atividades de leitura, interpreta\u00e7\u00e3o, ci\u00eancias e matem\u00e1tica, com plano de aula, jogos educativos e gabarito.\" \/>\n<meta name=\"robots\" content=\"index, follow, max-snippet:-1, max-image-preview:large, max-video-preview:-1\" \/>\n<link rel=\"canonical\" href=\"https:\/\/lojasosprofessoratividades.com.br\/en\/product\/filme-robo-selvagem-sequencia-didatica\/\" \/>\n<meta property=\"og:locale\" content=\"en_US\" \/>\n<meta property=\"og:type\" content=\"article\" \/>\n<meta property=\"og:title\" content=\"Filme Rob\u00f4 Selvagem - sequ\u00eancia did\u00e1tica - Loja SOS Professor Atividades\" \/>\n<meta property=\"og:description\" content=\"Sequ\u00eancia did\u00e1tica completa baseada no filme Rob\u00f4 Selvagem, ideal para turmas do 4\u00ba e 5\u00ba ano. Inclui atividades de leitura, interpreta\u00e7\u00e3o, ci\u00eancias e matem\u00e1tica, com plano de aula, jogos educativos e gabarito.\" \/>\n<meta property=\"og:url\" content=\"https:\/\/lojasosprofessoratividades.com.br\/en\/product\/filme-robo-selvagem-sequencia-didatica\/\" \/>\n<meta property=\"og:site_name\" content=\"Loja SOS Professor Atividades\" \/>\n<meta property=\"article:publisher\" content=\"https:\/\/www.facebook.com\/sosprofessoratividades\" \/>\n<meta property=\"article:modified_time\" content=\"2026-05-08T18:45:57+00:00\" \/>\n<meta property=\"og:image\" content=\"https:\/\/lojasosprofessoratividades.com.br\/wp-content\/uploads\/2025\/04\/1-2.jpg\" \/>\n\t<meta property=\"og:image:width\" content=\"800\" \/>\n\t<meta property=\"og:image:height\" content=\"693\" \/>\n\t<meta property=\"og:image:type\" content=\"image\/jpeg\" \/>\n<meta name=\"twitter:card\" content=\"summary_large_image\" \/>\n<meta name=\"twitter:label1\" content=\"Est. reading time\" \/>\n\t<meta name=\"twitter:data1\" content=\"1 minute\" \/>\n<script type=\"application\/ld+json\" class=\"yoast-schema-graph\">{\"@context\":\"https:\\\/\\\/schema.org\",\"@graph\":[{\"@type\":\"WebPage\",\"@id\":\"https:\\\/\\\/lojasosprofessoratividades.com.br\\\/produto\\\/filme-robo-selvagem-sequencia-didatica\\\/\",\"url\":\"https:\\\/\\\/lojasosprofessoratividades.com.br\\\/produto\\\/filme-robo-selvagem-sequencia-didatica\\\/\",\"name\":\"Filme Rob\u00f4 Selvagem - sequ\u00eancia did\u00e1tica - Loja SOS Professor Atividades\",\"isPartOf\":{\"@id\":\"https:\\\/\\\/lojasosprofessoratividades.com.br\\\/#website\"},\"primaryImageOfPage\":{\"@id\":\"https:\\\/\\\/lojasosprofessoratividades.com.br\\\/produto\\\/filme-robo-selvagem-sequencia-didatica\\\/#primaryimage\"},\"image\":{\"@id\":\"https:\\\/\\\/lojasosprofessoratividades.com.br\\\/produto\\\/filme-robo-selvagem-sequencia-didatica\\\/#primaryimage\"},\"thumbnailUrl\":\"https:\\\/\\\/lojasosprofessoratividades.com.br\\\/wp-content\\\/uploads\\\/2025\\\/04\\\/1-2.jpg\",\"datePublished\":\"2025-04-17T00:32:18+00:00\",\"dateModified\":\"2026-05-08T18:45:57+00:00\",\"description\":\"Sequ\u00eancia did\u00e1tica completa baseada no filme Rob\u00f4 Selvagem, ideal para turmas do 4\u00ba e 5\u00ba ano. Inclui atividades de leitura, interpreta\u00e7\u00e3o, ci\u00eancias e matem\u00e1tica, com plano de aula, jogos educativos e gabarito.\",\"breadcrumb\":{\"@id\":\"https:\\\/\\\/lojasosprofessoratividades.com.br\\\/produto\\\/filme-robo-selvagem-sequencia-didatica\\\/#breadcrumb\"},\"inLanguage\":\"en-US\",\"potentialAction\":[{\"@type\":\"ReadAction\",\"target\":[\"https:\\\/\\\/lojasosprofessoratividades.com.br\\\/produto\\\/filme-robo-selvagem-sequencia-didatica\\\/\"]}]},{\"@type\":\"ImageObject\",\"inLanguage\":\"en-US\",\"@id\":\"https:\\\/\\\/lojasosprofessoratividades.com.br\\\/produto\\\/filme-robo-selvagem-sequencia-didatica\\\/#primaryimage\",\"url\":\"https:\\\/\\\/lojasosprofessoratividades.com.br\\\/wp-content\\\/uploads\\\/2025\\\/04\\\/1-2.jpg\",\"contentUrl\":\"https:\\\/\\\/lojasosprofessoratividades.com.br\\\/wp-content\\\/uploads\\\/2025\\\/04\\\/1-2.jpg\",\"width\":800,\"height\":693,\"caption\":\"Filme Rob\u00f4 Selvagem - sequ\u00eancia did\u00e1tica\"},{\"@type\":\"BreadcrumbList\",\"@id\":\"https:\\\/\\\/lojasosprofessoratividades.com.br\\\/produto\\\/filme-robo-selvagem-sequencia-didatica\\\/#breadcrumb\",\"itemListElement\":[{\"@type\":\"ListItem\",\"position\":1,\"name\":\"In\u00edcio\",\"item\":\"https:\\\/\\\/lojasosprofessoratividades.com.br\\\/\"},{\"@type\":\"ListItem\",\"position\":2,\"name\":\"Loja\",\"item\":\"https:\\\/\\\/lojasosprofessoratividades.com.br\\\/loja\\\/\"},{\"@type\":\"ListItem\",\"position\":3,\"name\":\"Filme Rob\u00f4 Selvagem &#8211; sequ\u00eancia did\u00e1tica\"}]},{\"@type\":\"WebSite\",\"@id\":\"https:\\\/\\\/lojasosprofessoratividades.com.br\\\/#website\",\"url\":\"https:\\\/\\\/lojasosprofessoratividades.com.br\\\/\",\"name\":\"Loja SOS Professor Atividades\",\"description\":\"Venda de material did\u00e1tico para o ensino fundamental\",\"publisher\":{\"@id\":\"https:\\\/\\\/lojasosprofessoratividades.com.br\\\/#organization\"},\"potentialAction\":[{\"@type\":\"SearchAction\",\"target\":{\"@type\":\"EntryPoint\",\"urlTemplate\":\"https:\\\/\\\/lojasosprofessoratividades.com.br\\\/?s={search_term_string}\"},\"query-input\":{\"@type\":\"PropertyValueSpecification\",\"valueRequired\":true,\"valueName\":\"search_term_string\"}}],\"inLanguage\":\"en-US\"},{\"@type\":\"Organization\",\"@id\":\"https:\\\/\\\/lojasosprofessoratividades.com.br\\\/#organization\",\"name\":\"Loja SOS Professor Atividades\",\"url\":\"https:\\\/\\\/lojasosprofessoratividades.com.br\\\/\",\"logo\":{\"@type\":\"ImageObject\",\"inLanguage\":\"en-US\",\"@id\":\"https:\\\/\\\/lojasosprofessoratividades.com.br\\\/#\\\/schema\\\/logo\\\/image\\\/\",\"url\":\"http:\\\/\\\/lojasosprofessoratividades.com.br\\\/wp-content\\\/uploads\\\/2022\\\/04\\\/Logo.png\",\"contentUrl\":\"http:\\\/\\\/lojasosprofessoratividades.com.br\\\/wp-content\\\/uploads\\\/2022\\\/04\\\/Logo.png\",\"width\":2000,\"height\":2000,\"caption\":\"Loja SOS Professor Atividades\"},\"image\":{\"@id\":\"https:\\\/\\\/lojasosprofessoratividades.com.br\\\/#\\\/schema\\\/logo\\\/image\\\/\"},\"sameAs\":[\"https:\\\/\\\/www.facebook.com\\\/sosprofessoratividades\",\"https:\\\/\\\/www.instagram.com\\\/sosprofessoratividades\\\/\"]}]}<\/script>\n<!-- \/ Yoast SEO plugin. -->","yoast_head_json":{"title":"Filme Rob\u00f4 Selvagem - sequ\u00eancia did\u00e1tica - Loja SOS Professor Atividades","description":"Sequ\u00eancia did\u00e1tica completa baseada no filme Rob\u00f4 Selvagem, ideal para turmas do 4\u00ba e 5\u00ba ano. Inclui atividades de leitura, interpreta\u00e7\u00e3o, ci\u00eancias e matem\u00e1tica, com plano de aula, jogos educativos e gabarito.","robots":{"index":"index","follow":"follow","max-snippet":"max-snippet:-1","max-image-preview":"max-image-preview:large","max-video-preview":"max-video-preview:-1"},"canonical":"https:\/\/lojasosprofessoratividades.com.br\/en\/product\/filme-robo-selvagem-sequencia-didatica\/","og_locale":"en_US","og_type":"article","og_title":"Filme Rob\u00f4 Selvagem - sequ\u00eancia did\u00e1tica - Loja SOS Professor Atividades","og_description":"Sequ\u00eancia did\u00e1tica completa baseada no filme Rob\u00f4 Selvagem, ideal para turmas do 4\u00ba e 5\u00ba ano. Inclui atividades de leitura, interpreta\u00e7\u00e3o, ci\u00eancias e matem\u00e1tica, com plano de aula, jogos educativos e gabarito.","og_url":"https:\/\/lojasosprofessoratividades.com.br\/en\/product\/filme-robo-selvagem-sequencia-didatica\/","og_site_name":"Loja SOS Professor Atividades","article_publisher":"https:\/\/www.facebook.com\/sosprofessoratividades","article_modified_time":"2026-05-08T18:45:57+00:00","og_image":[{"width":800,"height":693,"url":"https:\/\/lojasosprofessoratividades.com.br\/wp-content\/uploads\/2025\/04\/1-2.jpg","type":"image\/jpeg"}],"twitter_card":"summary_large_image","twitter_misc":{"Est. reading time":"1 minute"},"schema":{"@context":"https:\/\/schema.org","@graph":[{"@type":"WebPage","@id":"https:\/\/lojasosprofessoratividades.com.br\/produto\/filme-robo-selvagem-sequencia-didatica\/","url":"https:\/\/lojasosprofessoratividades.com.br\/produto\/filme-robo-selvagem-sequencia-didatica\/","name":"Filme Rob\u00f4 Selvagem - sequ\u00eancia did\u00e1tica - Loja SOS Professor Atividades","isPartOf":{"@id":"https:\/\/lojasosprofessoratividades.com.br\/#website"},"primaryImageOfPage":{"@id":"https:\/\/lojasosprofessoratividades.com.br\/produto\/filme-robo-selvagem-sequencia-didatica\/#primaryimage"},"image":{"@id":"https:\/\/lojasosprofessoratividades.com.br\/produto\/filme-robo-selvagem-sequencia-didatica\/#primaryimage"},"thumbnailUrl":"https:\/\/lojasosprofessoratividades.com.br\/wp-content\/uploads\/2025\/04\/1-2.jpg","datePublished":"2025-04-17T00:32:18+00:00","dateModified":"2026-05-08T18:45:57+00:00","description":"Sequ\u00eancia did\u00e1tica completa baseada no filme Rob\u00f4 Selvagem, ideal para turmas do 4\u00ba e 5\u00ba ano. Inclui atividades de leitura, interpreta\u00e7\u00e3o, ci\u00eancias e matem\u00e1tica, com plano de aula, jogos educativos e gabarito.","breadcrumb":{"@id":"https:\/\/lojasosprofessoratividades.com.br\/produto\/filme-robo-selvagem-sequencia-didatica\/#breadcrumb"},"inLanguage":"en-US","potentialAction":[{"@type":"ReadAction","target":["https:\/\/lojasosprofessoratividades.com.br\/produto\/filme-robo-selvagem-sequencia-didatica\/"]}]},{"@type":"ImageObject","inLanguage":"en-US","@id":"https:\/\/lojasosprofessoratividades.com.br\/produto\/filme-robo-selvagem-sequencia-didatica\/#primaryimage","url":"https:\/\/lojasosprofessoratividades.com.br\/wp-content\/uploads\/2025\/04\/1-2.jpg","contentUrl":"https:\/\/lojasosprofessoratividades.com.br\/wp-content\/uploads\/2025\/04\/1-2.jpg","width":800,"height":693,"caption":"Filme Rob\u00f4 Selvagem - sequ\u00eancia did\u00e1tica"},{"@type":"BreadcrumbList","@id":"https:\/\/lojasosprofessoratividades.com.br\/produto\/filme-robo-selvagem-sequencia-didatica\/#breadcrumb","itemListElement":[{"@type":"ListItem","position":1,"name":"In\u00edcio","item":"https:\/\/lojasosprofessoratividades.com.br\/"},{"@type":"ListItem","position":2,"name":"Loja","item":"https:\/\/lojasosprofessoratividades.com.br\/loja\/"},{"@type":"ListItem","position":3,"name":"Filme Rob\u00f4 Selvagem &#8211; sequ\u00eancia did\u00e1tica"}]},{"@type":"WebSite","@id":"https:\/\/lojasosprofessoratividades.com.br\/#website","url":"https:\/\/lojasosprofessoratividades.com.br\/","name":"Loja SOS Professor Atividades","description":"Venda de material did\u00e1tico para o ensino fundamental","publisher":{"@id":"https:\/\/lojasosprofessoratividades.com.br\/#organization"},"potentialAction":[{"@type":"SearchAction","target":{"@type":"EntryPoint","urlTemplate":"https:\/\/lojasosprofessoratividades.com.br\/?s={search_term_string}"},"query-input":{"@type":"PropertyValueSpecification","valueRequired":true,"valueName":"search_term_string"}}],"inLanguage":"en-US"},{"@type":"Organization","@id":"https:\/\/lojasosprofessoratividades.com.br\/#organization","name":"Loja SOS Professor Atividades","url":"https:\/\/lojasosprofessoratividades.com.br\/","logo":{"@type":"ImageObject","inLanguage":"en-US","@id":"https:\/\/lojasosprofessoratividades.com.br\/#\/schema\/logo\/image\/","url":"http:\/\/lojasosprofessoratividades.com.br\/wp-content\/uploads\/2022\/04\/Logo.png","contentUrl":"http:\/\/lojasosprofessoratividades.com.br\/wp-content\/uploads\/2022\/04\/Logo.png","width":2000,"height":2000,"caption":"Loja SOS Professor Atividades"},"image":{"@id":"https:\/\/lojasosprofessoratividades.com.br\/#\/schema\/logo\/image\/"},"sameAs":["https:\/\/www.facebook.com\/sosprofessoratividades","https:\/\/www.instagram.com\/sosprofessoratividades\/"]}]}},"_links":{"self":[{"href":"https:\/\/lojasosprofessoratividades.com.br\/en\/wp-json\/wp\/v2\/product\/34304","targetHints":{"allow":["GET"]}}],"collection":[{"href":"https:\/\/lojasosprofessoratividades.com.br\/en\/wp-json\/wp\/v2\/product"}],"about":[{"href":"https:\/\/lojasosprofessoratividades.com.br\/en\/wp-json\/wp\/v2\/types\/product"}],"replies":[{"embeddable":true,"href":"https:\/\/lojasosprofessoratividades.com.br\/en\/wp-json\/wp\/v2\/comments?post=34304"}],"wp:featuredmedia":[{"embeddable":true,"href":"https:\/\/lojasosprofessoratividades.com.br\/en\/wp-json\/wp\/v2\/media\/34306"}],"wp:attachment":[{"href":"https:\/\/lojasosprofessoratividades.com.br\/en\/wp-json\/wp\/v2\/media?parent=34304"}],"wp:term":[{"taxonomy":"product_brand","embeddable":true,"href":"https:\/\/lojasosprofessoratividades.com.br\/en\/wp-json\/wp\/v2\/product_brand?post=34304"},{"taxonomy":"product_cat","embeddable":true,"href":"https:\/\/lojasosprofessoratividades.com.br\/en\/wp-json\/wp\/v2\/product_cat?post=34304"},{"taxonomy":"product_tag","embeddable":true,"href":"https:\/\/lojasosprofessoratividades.com.br\/en\/wp-json\/wp\/v2\/product_tag?post=34304"}],"curies":[{"name":"wp","href":"https:\/\/api.w.org\/{rel}","templated":true}]}}