{"id":34328,"date":"2025-04-12T11:24:04","date_gmt":"2025-04-12T14:24:04","guid":{"rendered":"https:\/\/lojasosprofessoratividades.com.br\/?post_type=product&#038;p=34328"},"modified":"2026-05-08T15:45:41","modified_gmt":"2026-05-08T18:45:41","slug":"pilulas-falantes-dia-nacional-do-livro-infantil","status":"publish","type":"product","link":"https:\/\/lojasosprofessoratividades.com.br\/en\/product\/pilulas-falantes-dia-nacional-do-livro-infantil\/","title":{"rendered":"P\u00edlulas Falantes &#8211; Dia Nacional do Livro Infantil"},"content":{"rendered":"","protected":false},"excerpt":{"rendered":"<p class=\"\" data-start=\"136\" data-end=\"227\"><strong data-start=\"140\" data-end=\"227\">Comemore o Dia Nacional do Livro Infantil com as divertidas <em data-start=\"202\" data-end=\"220\">P\u00edlulas Falantes<\/em>!\u00a0<\/strong><\/p>\n<p class=\"\" data-start=\"229\" data-end=\"394\">No dia <strong data-start=\"236\" data-end=\"251\">18 de abril<\/strong>, celebramos o encantador mundo da literatura infantil, que desperta a imagina\u00e7\u00e3o, ensina valores e leva nossas crian\u00e7as a incr\u00edveis aventuras!<\/p>\n<p class=\"\" data-start=\"396\" data-end=\"521\">E para deixar essa data ainda mais especial, temos uma lembrancinha supercolorida e divertida: as <strong data-start=\"495\" data-end=\"515\">P\u00edlulas Falantes<\/strong>!<\/p>\n<p class=\"\" data-start=\"523\" data-end=\"574\">Elas v\u00eam recheadas de alegria e s\u00e3o perfeitas para:<\/p>\n<p class=\"\" data-start=\"576\" data-end=\"710\">\ud83c\udf92 Distribuir nas escolas<br data-start=\"601\" data-end=\"604\" \/>\ud83c\udf89 Presentear em eventos infantis<br data-start=\"637\" data-end=\"640\" \/>\ud83d\udcd6 Acompanhar conta\u00e7\u00f5es de hist\u00f3rias<br data-start=\"676\" data-end=\"679\" \/>\ud83c\udf6d Alegrar os pequenos leitores<\/p>\n<p class=\"\" data-start=\"712\" data-end=\"810\"><strong data-start=\"712\" data-end=\"754\">Leitura e divers\u00e3o combinam muito bem!<\/strong> Vamos espalhar a magia dos livros com sabor e cor!<\/p>\n<h3>N\u00e3o enviamos por e-mail, a entrega \u00e9 via link para download. \ud83d\udc47<\/h3>\n<p><img loading=\"lazy\" decoding=\"async\" class=\"alignnone wp-image-34064 size-full\" src=\"https:\/\/lojasosprofessoratividades.com.br\/wp-content\/uploads\/2023\/08\/Aviso-Loja-atual.jpg\" alt=\"\" width=\"446\" height=\"251\" srcset=\"https:\/\/lojasosprofessoratividades.com.br\/wp-content\/uploads\/2023\/08\/Aviso-Loja-atual.jpg 446w, https:\/\/lojasosprofessoratividades.com.br\/wp-content\/uploads\/2023\/08\/Aviso-Loja-atual-300x169.jpg 300w, https:\/\/lojasosprofessoratividades.com.br\/wp-content\/uploads\/2023\/08\/Aviso-Loja-atual-18x10.jpg 18w\" sizes=\"auto, (max-width: 446px) 100vw, 446px\" \/><\/p>","protected":false},"featured_media":34331,"comment_status":"open","ping_status":"closed","template":"","meta":[],"product_brand":[],"product_cat":[122,123,124,125,127,216,218,210,214,212],"product_tag":[2383,1854,616,2384,2385,2388,456,455,1222,246,1549,1394,796,1547,2386,699,1548,1546,2381,1550,1545,2389,2382,2387],"class_list":{"0":"post-34328","1":"product","2":"type-product","3":"status-publish","4":"has-post-thumbnail","6":"product_cat-1o-ano","7":"product_cat-2o-ano","8":"product_cat-3o-ano","9":"product_cat-4o-ano","10":"product_cat-5o-ano","11":"product_cat-data-comemorativa-4-ano","12":"product_cat-data-comemorativa-5-ano","13":"product_cat-data-comemorativa-1-ano","14":"product_cat-data-comemorativa-3-ano","15":"product_cat-data-comemorativa-2-ano","16":"product_tag-18-de-abril","17":"product_tag-alfabetizacao-divertida","18":"product_tag-atividades-escolares","19":"product_tag-atividades-literatura-infantil","20":"product_tag-contacao-de-historias","21":"product_tag-datas-comemorativas-escolares","22":"product_tag-dia-do-livro","23":"product_tag-dia-do-livro-infantil","24":"product_tag-educacao-criativa","25":"product_tag-educacao-infantil","26":"product_tag-ideias-para-professores","27":"product_tag-incentivo-a-leitura","28":"product_tag-leitura-divertida","29":"product_tag-leitura-na-infancia","30":"product_tag-leitura-nas-escolas","31":"product_tag-lembrancinha-criativa","32":"product_tag-lembrancinha-dia-do-livro-infantil","33":"product_tag-lembrancinha-educativa","34":"product_tag-lembrancinha-livro-infantil","35":"product_tag-lembrancinhas-escolares","36":"product_tag-livro-infantil","37":"product_tag-livro-infantil-na-escola","38":"product_tag-pilulas-falantes","39":"product_tag-presente-para-criancas","41":"first","42":"instock","43":"sale","44":"downloadable","45":"virtual","46":"sold-individually","47":"purchasable","48":"product-type-simple"},"yoast_head":"<!-- This site is optimized with the Yoast SEO plugin v27.6 - https:\/\/yoast.com\/product\/yoast-seo-wordpress\/ -->\n<title>P\u00edlulas Falantes - Dia Nacional do Livro Infantil - Loja SOS Professor Atividades<\/title>\n<meta name=\"description\" content=\"Celebre o Dia do Livro Infantil com as P\u00edlulas Falantes! Lembrancinha divertida para escolas, eventos, leitura e conta\u00e7\u00e3o de hist\u00f3rias.\" \/>\n<meta name=\"robots\" content=\"index, follow, max-snippet:-1, max-image-preview:large, max-video-preview:-1\" \/>\n<link rel=\"canonical\" href=\"https:\/\/lojasosprofessoratividades.com.br\/en\/product\/pilulas-falantes-dia-nacional-do-livro-infantil\/\" \/>\n<meta property=\"og:locale\" content=\"en_US\" \/>\n<meta property=\"og:type\" content=\"article\" \/>\n<meta property=\"og:title\" content=\"P\u00edlulas Falantes - Dia Nacional do Livro Infantil - Loja SOS Professor Atividades\" \/>\n<meta property=\"og:description\" content=\"Celebre o Dia do Livro Infantil com as P\u00edlulas Falantes! Lembrancinha divertida para escolas, eventos, leitura e conta\u00e7\u00e3o de hist\u00f3rias.\" \/>\n<meta property=\"og:url\" content=\"https:\/\/lojasosprofessoratividades.com.br\/en\/product\/pilulas-falantes-dia-nacional-do-livro-infantil\/\" \/>\n<meta property=\"og:site_name\" content=\"Loja SOS Professor Atividades\" \/>\n<meta property=\"article:publisher\" content=\"https:\/\/www.facebook.com\/sosprofessoratividades\" \/>\n<meta property=\"article:modified_time\" content=\"2026-05-08T18:45:41+00:00\" \/>\n<meta property=\"og:image\" content=\"https:\/\/lojasosprofessoratividades.com.br\/wp-content\/uploads\/2025\/04\/Loja-Pilulas-Falantes.jpg\" \/>\n\t<meta property=\"og:image:width\" content=\"800\" \/>\n\t<meta property=\"og:image:height\" content=\"693\" \/>\n\t<meta property=\"og:image:type\" content=\"image\/jpeg\" \/>\n<meta name=\"twitter:card\" content=\"summary_large_image\" \/>\n<meta name=\"twitter:label1\" content=\"Est. reading time\" \/>\n\t<meta name=\"twitter:data1\" content=\"1 minute\" \/>\n<script type=\"application\/ld+json\" class=\"yoast-schema-graph\">{\"@context\":\"https:\\\/\\\/schema.org\",\"@graph\":[{\"@type\":\"WebPage\",\"@id\":\"https:\\\/\\\/lojasosprofessoratividades.com.br\\\/produto\\\/pilulas-falantes-dia-nacional-do-livro-infantil\\\/\",\"url\":\"https:\\\/\\\/lojasosprofessoratividades.com.br\\\/produto\\\/pilulas-falantes-dia-nacional-do-livro-infantil\\\/\",\"name\":\"P\u00edlulas Falantes - Dia Nacional do Livro Infantil - Loja SOS Professor Atividades\",\"isPartOf\":{\"@id\":\"https:\\\/\\\/lojasosprofessoratividades.com.br\\\/#website\"},\"primaryImageOfPage\":{\"@id\":\"https:\\\/\\\/lojasosprofessoratividades.com.br\\\/produto\\\/pilulas-falantes-dia-nacional-do-livro-infantil\\\/#primaryimage\"},\"image\":{\"@id\":\"https:\\\/\\\/lojasosprofessoratividades.com.br\\\/produto\\\/pilulas-falantes-dia-nacional-do-livro-infantil\\\/#primaryimage\"},\"thumbnailUrl\":\"https:\\\/\\\/lojasosprofessoratividades.com.br\\\/wp-content\\\/uploads\\\/2025\\\/04\\\/Loja-Pilulas-Falantes.jpg\",\"datePublished\":\"2025-04-12T14:24:04+00:00\",\"dateModified\":\"2026-05-08T18:45:41+00:00\",\"description\":\"Celebre o Dia do Livro Infantil com as P\u00edlulas Falantes! Lembrancinha divertida para escolas, eventos, leitura e conta\u00e7\u00e3o de hist\u00f3rias.\",\"breadcrumb\":{\"@id\":\"https:\\\/\\\/lojasosprofessoratividades.com.br\\\/produto\\\/pilulas-falantes-dia-nacional-do-livro-infantil\\\/#breadcrumb\"},\"inLanguage\":\"en-US\",\"potentialAction\":[{\"@type\":\"ReadAction\",\"target\":[\"https:\\\/\\\/lojasosprofessoratividades.com.br\\\/produto\\\/pilulas-falantes-dia-nacional-do-livro-infantil\\\/\"]}]},{\"@type\":\"ImageObject\",\"inLanguage\":\"en-US\",\"@id\":\"https:\\\/\\\/lojasosprofessoratividades.com.br\\\/produto\\\/pilulas-falantes-dia-nacional-do-livro-infantil\\\/#primaryimage\",\"url\":\"https:\\\/\\\/lojasosprofessoratividades.com.br\\\/wp-content\\\/uploads\\\/2025\\\/04\\\/Loja-Pilulas-Falantes.jpg\",\"contentUrl\":\"https:\\\/\\\/lojasosprofessoratividades.com.br\\\/wp-content\\\/uploads\\\/2025\\\/04\\\/Loja-Pilulas-Falantes.jpg\",\"width\":800,\"height\":693,\"caption\":\"P\u00edlulas Falantes - Dia Nacional do Livro Infantil\"},{\"@type\":\"BreadcrumbList\",\"@id\":\"https:\\\/\\\/lojasosprofessoratividades.com.br\\\/produto\\\/pilulas-falantes-dia-nacional-do-livro-infantil\\\/#breadcrumb\",\"itemListElement\":[{\"@type\":\"ListItem\",\"position\":1,\"name\":\"In\u00edcio\",\"item\":\"https:\\\/\\\/lojasosprofessoratividades.com.br\\\/\"},{\"@type\":\"ListItem\",\"position\":2,\"name\":\"Loja\",\"item\":\"https:\\\/\\\/lojasosprofessoratividades.com.br\\\/loja\\\/\"},{\"@type\":\"ListItem\",\"position\":3,\"name\":\"P\u00edlulas Falantes &#8211; Dia Nacional do Livro Infantil\"}]},{\"@type\":\"WebSite\",\"@id\":\"https:\\\/\\\/lojasosprofessoratividades.com.br\\\/#website\",\"url\":\"https:\\\/\\\/lojasosprofessoratividades.com.br\\\/\",\"name\":\"Loja SOS Professor Atividades\",\"description\":\"Venda de material did\u00e1tico para o ensino fundamental\",\"publisher\":{\"@id\":\"https:\\\/\\\/lojasosprofessoratividades.com.br\\\/#organization\"},\"potentialAction\":[{\"@type\":\"SearchAction\",\"target\":{\"@type\":\"EntryPoint\",\"urlTemplate\":\"https:\\\/\\\/lojasosprofessoratividades.com.br\\\/?s={search_term_string}\"},\"query-input\":{\"@type\":\"PropertyValueSpecification\",\"valueRequired\":true,\"valueName\":\"search_term_string\"}}],\"inLanguage\":\"en-US\"},{\"@type\":\"Organization\",\"@id\":\"https:\\\/\\\/lojasosprofessoratividades.com.br\\\/#organization\",\"name\":\"Loja SOS Professor Atividades\",\"url\":\"https:\\\/\\\/lojasosprofessoratividades.com.br\\\/\",\"logo\":{\"@type\":\"ImageObject\",\"inLanguage\":\"en-US\",\"@id\":\"https:\\\/\\\/lojasosprofessoratividades.com.br\\\/#\\\/schema\\\/logo\\\/image\\\/\",\"url\":\"http:\\\/\\\/lojasosprofessoratividades.com.br\\\/wp-content\\\/uploads\\\/2022\\\/04\\\/Logo.png\",\"contentUrl\":\"http:\\\/\\\/lojasosprofessoratividades.com.br\\\/wp-content\\\/uploads\\\/2022\\\/04\\\/Logo.png\",\"width\":2000,\"height\":2000,\"caption\":\"Loja SOS Professor Atividades\"},\"image\":{\"@id\":\"https:\\\/\\\/lojasosprofessoratividades.com.br\\\/#\\\/schema\\\/logo\\\/image\\\/\"},\"sameAs\":[\"https:\\\/\\\/www.facebook.com\\\/sosprofessoratividades\",\"https:\\\/\\\/www.instagram.com\\\/sosprofessoratividades\\\/\"]}]}<\/script>\n<!-- \/ Yoast SEO plugin. -->","yoast_head_json":{"title":"P\u00edlulas Falantes - Dia Nacional do Livro Infantil - Loja SOS Professor Atividades","description":"Celebre o Dia do Livro Infantil com as P\u00edlulas Falantes! Lembrancinha divertida para escolas, eventos, leitura e conta\u00e7\u00e3o de hist\u00f3rias.","robots":{"index":"index","follow":"follow","max-snippet":"max-snippet:-1","max-image-preview":"max-image-preview:large","max-video-preview":"max-video-preview:-1"},"canonical":"https:\/\/lojasosprofessoratividades.com.br\/en\/product\/pilulas-falantes-dia-nacional-do-livro-infantil\/","og_locale":"en_US","og_type":"article","og_title":"P\u00edlulas Falantes - Dia Nacional do Livro Infantil - Loja SOS Professor Atividades","og_description":"Celebre o Dia do Livro Infantil com as P\u00edlulas Falantes! Lembrancinha divertida para escolas, eventos, leitura e conta\u00e7\u00e3o de hist\u00f3rias.","og_url":"https:\/\/lojasosprofessoratividades.com.br\/en\/product\/pilulas-falantes-dia-nacional-do-livro-infantil\/","og_site_name":"Loja SOS Professor Atividades","article_publisher":"https:\/\/www.facebook.com\/sosprofessoratividades","article_modified_time":"2026-05-08T18:45:41+00:00","og_image":[{"width":800,"height":693,"url":"https:\/\/lojasosprofessoratividades.com.br\/wp-content\/uploads\/2025\/04\/Loja-Pilulas-Falantes.jpg","type":"image\/jpeg"}],"twitter_card":"summary_large_image","twitter_misc":{"Est. reading time":"1 minute"},"schema":{"@context":"https:\/\/schema.org","@graph":[{"@type":"WebPage","@id":"https:\/\/lojasosprofessoratividades.com.br\/produto\/pilulas-falantes-dia-nacional-do-livro-infantil\/","url":"https:\/\/lojasosprofessoratividades.com.br\/produto\/pilulas-falantes-dia-nacional-do-livro-infantil\/","name":"P\u00edlulas Falantes - Dia Nacional do Livro Infantil - Loja SOS Professor Atividades","isPartOf":{"@id":"https:\/\/lojasosprofessoratividades.com.br\/#website"},"primaryImageOfPage":{"@id":"https:\/\/lojasosprofessoratividades.com.br\/produto\/pilulas-falantes-dia-nacional-do-livro-infantil\/#primaryimage"},"image":{"@id":"https:\/\/lojasosprofessoratividades.com.br\/produto\/pilulas-falantes-dia-nacional-do-livro-infantil\/#primaryimage"},"thumbnailUrl":"https:\/\/lojasosprofessoratividades.com.br\/wp-content\/uploads\/2025\/04\/Loja-Pilulas-Falantes.jpg","datePublished":"2025-04-12T14:24:04+00:00","dateModified":"2026-05-08T18:45:41+00:00","description":"Celebre o Dia do Livro Infantil com as P\u00edlulas Falantes! Lembrancinha divertida para escolas, eventos, leitura e conta\u00e7\u00e3o de hist\u00f3rias.","breadcrumb":{"@id":"https:\/\/lojasosprofessoratividades.com.br\/produto\/pilulas-falantes-dia-nacional-do-livro-infantil\/#breadcrumb"},"inLanguage":"en-US","potentialAction":[{"@type":"ReadAction","target":["https:\/\/lojasosprofessoratividades.com.br\/produto\/pilulas-falantes-dia-nacional-do-livro-infantil\/"]}]},{"@type":"ImageObject","inLanguage":"en-US","@id":"https:\/\/lojasosprofessoratividades.com.br\/produto\/pilulas-falantes-dia-nacional-do-livro-infantil\/#primaryimage","url":"https:\/\/lojasosprofessoratividades.com.br\/wp-content\/uploads\/2025\/04\/Loja-Pilulas-Falantes.jpg","contentUrl":"https:\/\/lojasosprofessoratividades.com.br\/wp-content\/uploads\/2025\/04\/Loja-Pilulas-Falantes.jpg","width":800,"height":693,"caption":"P\u00edlulas Falantes - Dia Nacional do Livro Infantil"},{"@type":"BreadcrumbList","@id":"https:\/\/lojasosprofessoratividades.com.br\/produto\/pilulas-falantes-dia-nacional-do-livro-infantil\/#breadcrumb","itemListElement":[{"@type":"ListItem","position":1,"name":"In\u00edcio","item":"https:\/\/lojasosprofessoratividades.com.br\/"},{"@type":"ListItem","position":2,"name":"Loja","item":"https:\/\/lojasosprofessoratividades.com.br\/loja\/"},{"@type":"ListItem","position":3,"name":"P\u00edlulas Falantes &#8211; Dia Nacional do Livro Infantil"}]},{"@type":"WebSite","@id":"https:\/\/lojasosprofessoratividades.com.br\/#website","url":"https:\/\/lojasosprofessoratividades.com.br\/","name":"Loja SOS Professor Atividades","description":"Venda de material did\u00e1tico para o ensino fundamental","publisher":{"@id":"https:\/\/lojasosprofessoratividades.com.br\/#organization"},"potentialAction":[{"@type":"SearchAction","target":{"@type":"EntryPoint","urlTemplate":"https:\/\/lojasosprofessoratividades.com.br\/?s={search_term_string}"},"query-input":{"@type":"PropertyValueSpecification","valueRequired":true,"valueName":"search_term_string"}}],"inLanguage":"en-US"},{"@type":"Organization","@id":"https:\/\/lojasosprofessoratividades.com.br\/#organization","name":"Loja SOS Professor Atividades","url":"https:\/\/lojasosprofessoratividades.com.br\/","logo":{"@type":"ImageObject","inLanguage":"en-US","@id":"https:\/\/lojasosprofessoratividades.com.br\/#\/schema\/logo\/image\/","url":"http:\/\/lojasosprofessoratividades.com.br\/wp-content\/uploads\/2022\/04\/Logo.png","contentUrl":"http:\/\/lojasosprofessoratividades.com.br\/wp-content\/uploads\/2022\/04\/Logo.png","width":2000,"height":2000,"caption":"Loja SOS Professor Atividades"},"image":{"@id":"https:\/\/lojasosprofessoratividades.com.br\/#\/schema\/logo\/image\/"},"sameAs":["https:\/\/www.facebook.com\/sosprofessoratividades","https:\/\/www.instagram.com\/sosprofessoratividades\/"]}]}},"_links":{"self":[{"href":"https:\/\/lojasosprofessoratividades.com.br\/en\/wp-json\/wp\/v2\/product\/34328","targetHints":{"allow":["GET"]}}],"collection":[{"href":"https:\/\/lojasosprofessoratividades.com.br\/en\/wp-json\/wp\/v2\/product"}],"about":[{"href":"https:\/\/lojasosprofessoratividades.com.br\/en\/wp-json\/wp\/v2\/types\/product"}],"replies":[{"embeddable":true,"href":"https:\/\/lojasosprofessoratividades.com.br\/en\/wp-json\/wp\/v2\/comments?post=34328"}],"wp:featuredmedia":[{"embeddable":true,"href":"https:\/\/lojasosprofessoratividades.com.br\/en\/wp-json\/wp\/v2\/media\/34331"}],"wp:attachment":[{"href":"https:\/\/lojasosprofessoratividades.com.br\/en\/wp-json\/wp\/v2\/media?parent=34328"}],"wp:term":[{"taxonomy":"product_brand","embeddable":true,"href":"https:\/\/lojasosprofessoratividades.com.br\/en\/wp-json\/wp\/v2\/product_brand?post=34328"},{"taxonomy":"product_cat","embeddable":true,"href":"https:\/\/lojasosprofessoratividades.com.br\/en\/wp-json\/wp\/v2\/product_cat?post=34328"},{"taxonomy":"product_tag","embeddable":true,"href":"https:\/\/lojasosprofessoratividades.com.br\/en\/wp-json\/wp\/v2\/product_tag?post=34328"}],"curies":[{"name":"wp","href":"https:\/\/api.w.org\/{rel}","templated":true}]}}