{"id":34466,"date":"2026-05-05T14:57:34","date_gmt":"2026-05-05T17:57:34","guid":{"rendered":"https:\/\/lojasosprofessoratividades.com.br\/?post_type=product&#038;p=34466"},"modified":"2026-05-07T15:05:34","modified_gmt":"2026-05-07T18:05:34","slug":"cartaz-dia-das-maes-para-imprimir-mae-meu-amor-eterno","status":"publish","type":"product","link":"https:\/\/lojasosprofessoratividades.com.br\/en\/product\/cartaz-dia-das-maes-para-imprimir-mae-meu-amor-eterno\/","title":{"rendered":"Cartaz Dia das M\u00e3es para imprimir \u2013 M\u00e3e, meu amor eterno"},"content":{"rendered":"","protected":false},"excerpt":{"rendered":"<p class=\"\" data-start=\"103\" data-end=\"150\"><strong>Cartaz Dia das M\u00e3es para imprimir \u2013 M\u00e3e, meu amor eterno <\/strong><\/p>\n<p class=\"\" data-start=\"152\" data-end=\"323\">\ud83c\udf38 Deixe o Dia das M\u00e3es ainda mais especial com este lindo cartaz decorativo!<br data-start=\"229\" data-end=\"232\" \/>Perfeito para murais escolares, homenagens e decora\u00e7\u00e3o de ambientes educativos ou afetivos.<\/p>\n<p class=\"\" data-start=\"325\" data-end=\"567\"><strong data-start=\"325\" data-end=\"352\">O que voc\u00ea vai receber:<\/strong><\/p>\n<p class=\"\" data-start=\"325\" data-end=\"567\">\ud83d\udccc 1 cartaz ampliado em <strong data-start=\"377\" data-end=\"393\">25 folhas A4<\/strong> para montagem de um p\u00f4ster gigante (aproximadamente <strong data-start=\"446\" data-end=\"464\">138 cm x 95 cm<\/strong>);<br data-start=\"466\" data-end=\"469\" \/>\ud83d\udccc 1 cartaz em tamanho <strong data-start=\"492\" data-end=\"498\">A4<\/strong>, ideal para impress\u00e3o simples ou amplia\u00e7\u00e3o conforme sua necessidade.<\/p>\n<p class=\"\" data-start=\"569\" data-end=\"727\">\u2728 Arte colorida, delicada e com mensagem afetiva: <strong data-start=\"619\" data-end=\"645\">\u201cM\u00e3e, meu amor eterno\u201d<\/strong><br data-start=\"645\" data-end=\"648\" \/>\ud83c\udfa8 Estilo fofo, com ilustra\u00e7\u00e3o de m\u00e3e e filho, cores suaves e detalhes florais.<\/p>\n<p class=\"\" data-start=\"729\" data-end=\"923\"><strong data-start=\"729\" data-end=\"752\">Formato do arquivo:<\/strong> PDF digital, pronto para imprimir.<br data-start=\"787\" data-end=\"790\" \/><strong data-start=\"790\" data-end=\"807\">Uso indicado:<\/strong> murais escolares, salas de aula, eventos, pain\u00e9is de homenagem, lembrancinhas, atividades pedag\u00f3gicas e muito mais.<\/p>\n<p class=\"\" data-start=\"925\" data-end=\"1031\">\ud83d\udca1 <strong data-start=\"928\" data-end=\"937\">Dica:<\/strong> Para melhor resultado, imprima em papel de maior gramatura.<\/p>\n<h3>N\u00e3o enviamos por e-mail, a entrega \u00e9 via link para download. \ud83d\udc47<\/h3>\n<p><img loading=\"lazy\" decoding=\"async\" class=\"alignnone wp-image-38009 size-full\" src=\"https:\/\/lojasosprofessoratividades.com.br\/wp-content\/uploads\/2026\/02\/Como-baixar-2.jpg\" alt=\"\" width=\"446\" height=\"251\" srcset=\"https:\/\/lojasosprofessoratividades.com.br\/wp-content\/uploads\/2026\/02\/Como-baixar-2.jpg 446w, https:\/\/lojasosprofessoratividades.com.br\/wp-content\/uploads\/2026\/02\/Como-baixar-2-300x169.jpg 300w, https:\/\/lojasosprofessoratividades.com.br\/wp-content\/uploads\/2026\/02\/Como-baixar-2-18x10.jpg 18w\" sizes=\"auto, (max-width: 446px) 100vw, 446px\" \/><\/p>","protected":false},"featured_media":34467,"comment_status":"open","ping_status":"closed","template":"","meta":[],"product_brand":[],"product_cat":[122,123,124,125,127,214,216,218,210,212,126,220],"product_tag":[1569,1566,1567,746,1570,1563,1564,1561,1565,1562,1568],"class_list":{"0":"post-34466","1":"product","2":"type-product","3":"status-publish","4":"has-post-thumbnail","6":"product_cat-1o-ano","7":"product_cat-2o-ano","8":"product_cat-3o-ano","9":"product_cat-4o-ano","10":"product_cat-5o-ano","11":"product_cat-data-comemorativa-3-ano","12":"product_cat-data-comemorativa-4-ano","13":"product_cat-data-comemorativa-5-ano","14":"product_cat-data-comemorativa-1-ano","15":"product_cat-data-comemorativa-2-ano","16":"product_cat-educacao-infantil","17":"product_cat-o-eu-o-outro-o-nos","18":"product_tag-arquivo-pdf-dia-das-maes","19":"product_tag-atividade-dia-das-maes","20":"product_tag-cartaz-digital","21":"product_tag-cartaz-educativo","22":"product_tag-cartaz-mae-amor-eterno","23":"product_tag-cartaz-para-escola","24":"product_tag-decoracao-dia-das-maes","25":"product_tag-e-aqui-estao-sugestoes-de-tags-sem-hashtags-para-acompanhar-o-produto-cartaz-dia-das-maes","26":"product_tag-homenagem-para-mae","27":"product_tag-painel-dia-das-maes","28":"product_tag-poster-para-imprimir","30":"first","31":"instock","32":"downloadable","33":"virtual","34":"sold-individually","35":"purchasable","36":"product-type-simple"},"yoast_head":"<!-- This site is optimized with the Yoast SEO plugin v27.6 - https:\/\/yoast.com\/product\/yoast-seo-wordpress\/ -->\n<title>Cartaz Dia das M\u00e3es para imprimir \u2013 M\u00e3e, meu amor eterno - Loja SOS Professor Atividades<\/title>\n<meta name=\"description\" content=\"Cartaz Dia das M\u00e3es para imprimir com p\u00f4ster gigante (138x95 cm) e vers\u00e3o A4. Arquivo digital ideal para escolas, murais e homenagens especiais.\" \/>\n<meta name=\"robots\" content=\"index, follow, max-snippet:-1, max-image-preview:large, max-video-preview:-1\" \/>\n<link rel=\"canonical\" href=\"https:\/\/lojasosprofessoratividades.com.br\/en\/product\/cartaz-dia-das-maes-para-imprimir-mae-meu-amor-eterno\/\" \/>\n<meta property=\"og:locale\" content=\"en_US\" \/>\n<meta property=\"og:type\" content=\"article\" \/>\n<meta property=\"og:title\" content=\"Cartaz Dia das M\u00e3es para imprimir \u2013 M\u00e3e, meu amor eterno - Loja SOS Professor Atividades\" \/>\n<meta property=\"og:description\" content=\"Cartaz Dia das M\u00e3es para imprimir com p\u00f4ster gigante (138x95 cm) e vers\u00e3o A4. Arquivo digital ideal para escolas, murais e homenagens especiais.\" \/>\n<meta property=\"og:url\" content=\"https:\/\/lojasosprofessoratividades.com.br\/en\/product\/cartaz-dia-das-maes-para-imprimir-mae-meu-amor-eterno\/\" \/>\n<meta property=\"og:site_name\" content=\"Loja SOS Professor Atividades\" \/>\n<meta property=\"article:publisher\" content=\"https:\/\/www.facebook.com\/sosprofessoratividades\" \/>\n<meta property=\"article:modified_time\" content=\"2026-05-07T18:05:34+00:00\" \/>\n<meta property=\"og:image\" content=\"https:\/\/lojasosprofessoratividades.com.br\/wp-content\/uploads\/2025\/04\/1-4.jpg\" \/>\n\t<meta property=\"og:image:width\" content=\"800\" \/>\n\t<meta property=\"og:image:height\" content=\"693\" \/>\n\t<meta property=\"og:image:type\" content=\"image\/jpeg\" \/>\n<meta name=\"twitter:card\" content=\"summary_large_image\" \/>\n<meta name=\"twitter:label1\" content=\"Est. reading time\" \/>\n\t<meta name=\"twitter:data1\" content=\"1 minute\" \/>\n<script type=\"application\/ld+json\" class=\"yoast-schema-graph\">{\"@context\":\"https:\\\/\\\/schema.org\",\"@graph\":[{\"@type\":\"WebPage\",\"@id\":\"https:\\\/\\\/lojasosprofessoratividades.com.br\\\/produto\\\/cartaz-dia-das-maes-para-imprimir-mae-meu-amor-eterno\\\/\",\"url\":\"https:\\\/\\\/lojasosprofessoratividades.com.br\\\/produto\\\/cartaz-dia-das-maes-para-imprimir-mae-meu-amor-eterno\\\/\",\"name\":\"Cartaz Dia das M\u00e3es para imprimir \u2013 M\u00e3e, meu amor eterno - Loja SOS Professor Atividades\",\"isPartOf\":{\"@id\":\"https:\\\/\\\/lojasosprofessoratividades.com.br\\\/#website\"},\"primaryImageOfPage\":{\"@id\":\"https:\\\/\\\/lojasosprofessoratividades.com.br\\\/produto\\\/cartaz-dia-das-maes-para-imprimir-mae-meu-amor-eterno\\\/#primaryimage\"},\"image\":{\"@id\":\"https:\\\/\\\/lojasosprofessoratividades.com.br\\\/produto\\\/cartaz-dia-das-maes-para-imprimir-mae-meu-amor-eterno\\\/#primaryimage\"},\"thumbnailUrl\":\"https:\\\/\\\/lojasosprofessoratividades.com.br\\\/wp-content\\\/uploads\\\/2025\\\/04\\\/1-4.jpg\",\"datePublished\":\"2026-05-05T17:57:34+00:00\",\"dateModified\":\"2026-05-07T18:05:34+00:00\",\"description\":\"Cartaz Dia das M\u00e3es para imprimir com p\u00f4ster gigante (138x95 cm) e vers\u00e3o A4. Arquivo digital ideal para escolas, murais e homenagens especiais.\",\"breadcrumb\":{\"@id\":\"https:\\\/\\\/lojasosprofessoratividades.com.br\\\/produto\\\/cartaz-dia-das-maes-para-imprimir-mae-meu-amor-eterno\\\/#breadcrumb\"},\"inLanguage\":\"en-US\",\"potentialAction\":[{\"@type\":\"ReadAction\",\"target\":[\"https:\\\/\\\/lojasosprofessoratividades.com.br\\\/produto\\\/cartaz-dia-das-maes-para-imprimir-mae-meu-amor-eterno\\\/\"]}]},{\"@type\":\"ImageObject\",\"inLanguage\":\"en-US\",\"@id\":\"https:\\\/\\\/lojasosprofessoratividades.com.br\\\/produto\\\/cartaz-dia-das-maes-para-imprimir-mae-meu-amor-eterno\\\/#primaryimage\",\"url\":\"https:\\\/\\\/lojasosprofessoratividades.com.br\\\/wp-content\\\/uploads\\\/2025\\\/04\\\/1-4.jpg\",\"contentUrl\":\"https:\\\/\\\/lojasosprofessoratividades.com.br\\\/wp-content\\\/uploads\\\/2025\\\/04\\\/1-4.jpg\",\"width\":800,\"height\":693,\"caption\":\"Cartaz Dia das M\u00e3es para imprimir \u2013 M\u00e3e, meu amor eterno\"},{\"@type\":\"BreadcrumbList\",\"@id\":\"https:\\\/\\\/lojasosprofessoratividades.com.br\\\/produto\\\/cartaz-dia-das-maes-para-imprimir-mae-meu-amor-eterno\\\/#breadcrumb\",\"itemListElement\":[{\"@type\":\"ListItem\",\"position\":1,\"name\":\"In\u00edcio\",\"item\":\"https:\\\/\\\/lojasosprofessoratividades.com.br\\\/\"},{\"@type\":\"ListItem\",\"position\":2,\"name\":\"Loja\",\"item\":\"https:\\\/\\\/lojasosprofessoratividades.com.br\\\/loja\\\/\"},{\"@type\":\"ListItem\",\"position\":3,\"name\":\"Cartaz Dia das M\u00e3es para imprimir \u2013 M\u00e3e, meu amor eterno\"}]},{\"@type\":\"WebSite\",\"@id\":\"https:\\\/\\\/lojasosprofessoratividades.com.br\\\/#website\",\"url\":\"https:\\\/\\\/lojasosprofessoratividades.com.br\\\/\",\"name\":\"Loja SOS Professor Atividades\",\"description\":\"Venda de material did\u00e1tico para o ensino fundamental\",\"publisher\":{\"@id\":\"https:\\\/\\\/lojasosprofessoratividades.com.br\\\/#organization\"},\"potentialAction\":[{\"@type\":\"SearchAction\",\"target\":{\"@type\":\"EntryPoint\",\"urlTemplate\":\"https:\\\/\\\/lojasosprofessoratividades.com.br\\\/?s={search_term_string}\"},\"query-input\":{\"@type\":\"PropertyValueSpecification\",\"valueRequired\":true,\"valueName\":\"search_term_string\"}}],\"inLanguage\":\"en-US\"},{\"@type\":\"Organization\",\"@id\":\"https:\\\/\\\/lojasosprofessoratividades.com.br\\\/#organization\",\"name\":\"Loja SOS Professor Atividades\",\"url\":\"https:\\\/\\\/lojasosprofessoratividades.com.br\\\/\",\"logo\":{\"@type\":\"ImageObject\",\"inLanguage\":\"en-US\",\"@id\":\"https:\\\/\\\/lojasosprofessoratividades.com.br\\\/#\\\/schema\\\/logo\\\/image\\\/\",\"url\":\"http:\\\/\\\/lojasosprofessoratividades.com.br\\\/wp-content\\\/uploads\\\/2022\\\/04\\\/Logo.png\",\"contentUrl\":\"http:\\\/\\\/lojasosprofessoratividades.com.br\\\/wp-content\\\/uploads\\\/2022\\\/04\\\/Logo.png\",\"width\":2000,\"height\":2000,\"caption\":\"Loja SOS Professor Atividades\"},\"image\":{\"@id\":\"https:\\\/\\\/lojasosprofessoratividades.com.br\\\/#\\\/schema\\\/logo\\\/image\\\/\"},\"sameAs\":[\"https:\\\/\\\/www.facebook.com\\\/sosprofessoratividades\",\"https:\\\/\\\/www.instagram.com\\\/sosprofessoratividades\\\/\"]}]}<\/script>\n<!-- \/ Yoast SEO plugin. -->","yoast_head_json":{"title":"Cartaz Dia das M\u00e3es para imprimir \u2013 M\u00e3e, meu amor eterno - Loja SOS Professor Atividades","description":"Cartaz Dia das M\u00e3es para imprimir com p\u00f4ster gigante (138x95 cm) e vers\u00e3o A4. Arquivo digital ideal para escolas, murais e homenagens especiais.","robots":{"index":"index","follow":"follow","max-snippet":"max-snippet:-1","max-image-preview":"max-image-preview:large","max-video-preview":"max-video-preview:-1"},"canonical":"https:\/\/lojasosprofessoratividades.com.br\/en\/product\/cartaz-dia-das-maes-para-imprimir-mae-meu-amor-eterno\/","og_locale":"en_US","og_type":"article","og_title":"Cartaz Dia das M\u00e3es para imprimir \u2013 M\u00e3e, meu amor eterno - Loja SOS Professor Atividades","og_description":"Cartaz Dia das M\u00e3es para imprimir com p\u00f4ster gigante (138x95 cm) e vers\u00e3o A4. Arquivo digital ideal para escolas, murais e homenagens especiais.","og_url":"https:\/\/lojasosprofessoratividades.com.br\/en\/product\/cartaz-dia-das-maes-para-imprimir-mae-meu-amor-eterno\/","og_site_name":"Loja SOS Professor Atividades","article_publisher":"https:\/\/www.facebook.com\/sosprofessoratividades","article_modified_time":"2026-05-07T18:05:34+00:00","og_image":[{"width":800,"height":693,"url":"https:\/\/lojasosprofessoratividades.com.br\/wp-content\/uploads\/2025\/04\/1-4.jpg","type":"image\/jpeg"}],"twitter_card":"summary_large_image","twitter_misc":{"Est. reading time":"1 minute"},"schema":{"@context":"https:\/\/schema.org","@graph":[{"@type":"WebPage","@id":"https:\/\/lojasosprofessoratividades.com.br\/produto\/cartaz-dia-das-maes-para-imprimir-mae-meu-amor-eterno\/","url":"https:\/\/lojasosprofessoratividades.com.br\/produto\/cartaz-dia-das-maes-para-imprimir-mae-meu-amor-eterno\/","name":"Cartaz Dia das M\u00e3es para imprimir \u2013 M\u00e3e, meu amor eterno - Loja SOS Professor Atividades","isPartOf":{"@id":"https:\/\/lojasosprofessoratividades.com.br\/#website"},"primaryImageOfPage":{"@id":"https:\/\/lojasosprofessoratividades.com.br\/produto\/cartaz-dia-das-maes-para-imprimir-mae-meu-amor-eterno\/#primaryimage"},"image":{"@id":"https:\/\/lojasosprofessoratividades.com.br\/produto\/cartaz-dia-das-maes-para-imprimir-mae-meu-amor-eterno\/#primaryimage"},"thumbnailUrl":"https:\/\/lojasosprofessoratividades.com.br\/wp-content\/uploads\/2025\/04\/1-4.jpg","datePublished":"2026-05-05T17:57:34+00:00","dateModified":"2026-05-07T18:05:34+00:00","description":"Cartaz Dia das M\u00e3es para imprimir com p\u00f4ster gigante (138x95 cm) e vers\u00e3o A4. Arquivo digital ideal para escolas, murais e homenagens especiais.","breadcrumb":{"@id":"https:\/\/lojasosprofessoratividades.com.br\/produto\/cartaz-dia-das-maes-para-imprimir-mae-meu-amor-eterno\/#breadcrumb"},"inLanguage":"en-US","potentialAction":[{"@type":"ReadAction","target":["https:\/\/lojasosprofessoratividades.com.br\/produto\/cartaz-dia-das-maes-para-imprimir-mae-meu-amor-eterno\/"]}]},{"@type":"ImageObject","inLanguage":"en-US","@id":"https:\/\/lojasosprofessoratividades.com.br\/produto\/cartaz-dia-das-maes-para-imprimir-mae-meu-amor-eterno\/#primaryimage","url":"https:\/\/lojasosprofessoratividades.com.br\/wp-content\/uploads\/2025\/04\/1-4.jpg","contentUrl":"https:\/\/lojasosprofessoratividades.com.br\/wp-content\/uploads\/2025\/04\/1-4.jpg","width":800,"height":693,"caption":"Cartaz Dia das M\u00e3es para imprimir \u2013 M\u00e3e, meu amor eterno"},{"@type":"BreadcrumbList","@id":"https:\/\/lojasosprofessoratividades.com.br\/produto\/cartaz-dia-das-maes-para-imprimir-mae-meu-amor-eterno\/#breadcrumb","itemListElement":[{"@type":"ListItem","position":1,"name":"In\u00edcio","item":"https:\/\/lojasosprofessoratividades.com.br\/"},{"@type":"ListItem","position":2,"name":"Loja","item":"https:\/\/lojasosprofessoratividades.com.br\/loja\/"},{"@type":"ListItem","position":3,"name":"Cartaz Dia das M\u00e3es para imprimir \u2013 M\u00e3e, meu amor eterno"}]},{"@type":"WebSite","@id":"https:\/\/lojasosprofessoratividades.com.br\/#website","url":"https:\/\/lojasosprofessoratividades.com.br\/","name":"Loja SOS Professor Atividades","description":"Venda de material did\u00e1tico para o ensino fundamental","publisher":{"@id":"https:\/\/lojasosprofessoratividades.com.br\/#organization"},"potentialAction":[{"@type":"SearchAction","target":{"@type":"EntryPoint","urlTemplate":"https:\/\/lojasosprofessoratividades.com.br\/?s={search_term_string}"},"query-input":{"@type":"PropertyValueSpecification","valueRequired":true,"valueName":"search_term_string"}}],"inLanguage":"en-US"},{"@type":"Organization","@id":"https:\/\/lojasosprofessoratividades.com.br\/#organization","name":"Loja SOS Professor Atividades","url":"https:\/\/lojasosprofessoratividades.com.br\/","logo":{"@type":"ImageObject","inLanguage":"en-US","@id":"https:\/\/lojasosprofessoratividades.com.br\/#\/schema\/logo\/image\/","url":"http:\/\/lojasosprofessoratividades.com.br\/wp-content\/uploads\/2022\/04\/Logo.png","contentUrl":"http:\/\/lojasosprofessoratividades.com.br\/wp-content\/uploads\/2022\/04\/Logo.png","width":2000,"height":2000,"caption":"Loja SOS Professor Atividades"},"image":{"@id":"https:\/\/lojasosprofessoratividades.com.br\/#\/schema\/logo\/image\/"},"sameAs":["https:\/\/www.facebook.com\/sosprofessoratividades","https:\/\/www.instagram.com\/sosprofessoratividades\/"]}]}},"_links":{"self":[{"href":"https:\/\/lojasosprofessoratividades.com.br\/en\/wp-json\/wp\/v2\/product\/34466","targetHints":{"allow":["GET"]}}],"collection":[{"href":"https:\/\/lojasosprofessoratividades.com.br\/en\/wp-json\/wp\/v2\/product"}],"about":[{"href":"https:\/\/lojasosprofessoratividades.com.br\/en\/wp-json\/wp\/v2\/types\/product"}],"replies":[{"embeddable":true,"href":"https:\/\/lojasosprofessoratividades.com.br\/en\/wp-json\/wp\/v2\/comments?post=34466"}],"wp:featuredmedia":[{"embeddable":true,"href":"https:\/\/lojasosprofessoratividades.com.br\/en\/wp-json\/wp\/v2\/media\/34467"}],"wp:attachment":[{"href":"https:\/\/lojasosprofessoratividades.com.br\/en\/wp-json\/wp\/v2\/media?parent=34466"}],"wp:term":[{"taxonomy":"product_brand","embeddable":true,"href":"https:\/\/lojasosprofessoratividades.com.br\/en\/wp-json\/wp\/v2\/product_brand?post=34466"},{"taxonomy":"product_cat","embeddable":true,"href":"https:\/\/lojasosprofessoratividades.com.br\/en\/wp-json\/wp\/v2\/product_cat?post=34466"},{"taxonomy":"product_tag","embeddable":true,"href":"https:\/\/lojasosprofessoratividades.com.br\/en\/wp-json\/wp\/v2\/product_tag?post=34466"}],"curies":[{"name":"wp","href":"https:\/\/api.w.org\/{rel}","templated":true}]}}