{"id":34477,"date":"2026-03-29T10:36:54","date_gmt":"2026-03-29T13:36:54","guid":{"rendered":"https:\/\/lojasosprofessoratividades.com.br\/?post_type=product&#038;p=34477"},"modified":"2026-05-08T13:51:51","modified_gmt":"2026-05-08T16:51:51","slug":"costumes-dos-colonizadores-e-povos-indigenas-em-1500","status":"publish","type":"product","link":"https:\/\/lojasosprofessoratividades.com.br\/en\/product\/costumes-dos-colonizadores-e-povos-indigenas-em-1500\/","title":{"rendered":"Costumes dos Colonizadores e Povos Ind\u00edgenas em 1500"},"content":{"rendered":"","protected":false},"excerpt":{"rendered":"<h3 data-start=\"388\" data-end=\"421\"><em>O encontro de dois mundos.<\/em><\/h3>\n<h3 class=\"\" data-start=\"388\" data-end=\"421\"><strong data-start=\"394\" data-end=\"421\">O que cont\u00e9m o arquivo:<\/strong><\/h3>\n<ul data-start=\"423\" data-end=\"1129\">\n<li class=\"\" data-start=\"423\" data-end=\"542\">\n<p class=\"\" data-start=\"425\" data-end=\"542\"><strong data-start=\"428\" data-end=\"449\">Texto informativo<\/strong> sobre o encontro e costumes dos colonizadores portugueses e dos povos ind\u00edgenas brasileiros em 1500.<\/p>\n<\/li>\n<li class=\"\" data-start=\"543\" data-end=\"627\">\n<p class=\"\" data-start=\"545\" data-end=\"627\"><strong data-start=\"548\" data-end=\"587\">Atividade de interpreta\u00e7\u00e3o de texto<\/strong> com perguntas objetivas e reflexivas.<\/p>\n<\/li>\n<li class=\"\" data-start=\"628\" data-end=\"778\">\n<p class=\"\" data-start=\"630\" data-end=\"778\"><strong data-start=\"633\" data-end=\"665\">Tabela comparativa ilustrada<\/strong> sobre os principais costumes: vestimentas, alimenta\u00e7\u00e3o, habita\u00e7\u00e3o, religi\u00e3o, organiza\u00e7\u00e3o social, entre outros.<\/p>\n<\/li>\n<li class=\"\" data-start=\"779\" data-end=\"892\">\n<p class=\"\" data-start=\"781\" data-end=\"892\"><strong data-start=\"785\" data-end=\"823\">Cartaz colorido ampliado da tabela<\/strong> (formato para 4 folhas A4), ideal para murais e exposi\u00e7\u00e3o em sala.<\/p>\n<\/li>\n<li class=\"\" data-start=\"893\" data-end=\"1019\">\n<p class=\"\" data-start=\"895\" data-end=\"1019\"><strong data-start=\"898\" data-end=\"939\">Jogo da trilha \u201cCaminhos da Hist\u00f3ria\u201d<\/strong>, que trabalha as diferen\u00e7as culturais por meio de cartas de perguntas e dado.<\/p>\n<\/li>\n<li class=\"\" data-start=\"1020\" data-end=\"1087\">\n<p class=\"\" data-start=\"1022\" data-end=\"1087\"><strong data-start=\"1025\" data-end=\"1085\">Cartas de perguntas prontas para recorte e uso imediato.<\/strong><\/p>\n<\/li>\n<li class=\"\" data-start=\"1088\" data-end=\"1129\">\n<p class=\"\" data-start=\"1090\" data-end=\"1129\"><strong data-start=\"1093\" data-end=\"1120\">Gabarito das atividades<\/strong> incluso.<\/p>\n<\/li>\n<\/ul>\n<p>Material completo e pronto para imprimir, ideal para trabalhar Hist\u00f3ria de forma din\u00e2mica e divertida com turmas do Ensino Fundamental!<\/p>\n<h3>N\u00e3o enviamos por e-mail, a entrega \u00e9 via link para download. \ud83d\udc47<\/h3>\n<p><img loading=\"lazy\" decoding=\"async\" class=\"alignnone wp-image-38009 size-full\" src=\"https:\/\/lojasosprofessoratividades.com.br\/wp-content\/uploads\/2026\/02\/Como-baixar-2.jpg\" alt=\"\" width=\"446\" height=\"251\" srcset=\"https:\/\/lojasosprofessoratividades.com.br\/wp-content\/uploads\/2026\/02\/Como-baixar-2.jpg 446w, https:\/\/lojasosprofessoratividades.com.br\/wp-content\/uploads\/2026\/02\/Como-baixar-2-300x169.jpg 300w, https:\/\/lojasosprofessoratividades.com.br\/wp-content\/uploads\/2026\/02\/Como-baixar-2-18x10.jpg 18w\" sizes=\"auto, (max-width: 446px) 100vw, 446px\" \/><\/p>","protected":false},"featured_media":34479,"comment_status":"open","ping_status":"closed","template":"","meta":[],"product_brand":[],"product_cat":[125,127,216,218,192,207],"product_tag":[1572,1574,1575,1571,1573,1576,1577],"class_list":{"0":"post-34477","1":"product","2":"type-product","3":"status-publish","4":"has-post-thumbnail","6":"product_cat-4o-ano","7":"product_cat-5o-ano","8":"product_cat-data-comemorativa-4-ano","9":"product_cat-data-comemorativa-5-ano","10":"product_cat-historia-4-ano","11":"product_cat-historia-5-ano","12":"product_tag-atividade-historia-1500","13":"product_tag-atividades-4o-e-5o-ano-historia","14":"product_tag-colonizadores-e-indigenas-diferencas","15":"product_tag-costumes-coloniais-e-indigenas","16":"product_tag-jogo-pedagogico-historia","17":"product_tag-recurso-didatico-historia-ef1","18":"product_tag-trilha-pedagogica-historia-brasil","20":"first","21":"instock","22":"downloadable","23":"virtual","24":"sold-individually","25":"purchasable","26":"product-type-simple"},"yoast_head":"<!-- This site is optimized with the Yoast SEO plugin v27.6 - https:\/\/yoast.com\/product\/yoast-seo-wordpress\/ -->\n<title>Costumes dos Colonizadores e Povos Ind\u00edgenas em 1500 - Loja SOS Professor Atividades<\/title>\n<meta name=\"description\" content=\"Atividades sobre costumes de colonizadores e ind\u00edgenas em 1500. Inclui texto, tabela, cartaz, jogo da trilha, cartas e gabarito. Ideal para 4\u00ba e 5\u00ba ano.\" \/>\n<meta name=\"robots\" content=\"index, follow, max-snippet:-1, max-image-preview:large, max-video-preview:-1\" \/>\n<link rel=\"canonical\" href=\"https:\/\/lojasosprofessoratividades.com.br\/en\/product\/costumes-dos-colonizadores-e-povos-indigenas-em-1500\/\" \/>\n<meta property=\"og:locale\" content=\"en_US\" \/>\n<meta property=\"og:type\" content=\"article\" \/>\n<meta property=\"og:title\" content=\"Costumes dos Colonizadores e Povos Ind\u00edgenas em 1500 - Loja SOS Professor Atividades\" \/>\n<meta property=\"og:description\" content=\"Atividades sobre costumes de colonizadores e ind\u00edgenas em 1500. Inclui texto, tabela, cartaz, jogo da trilha, cartas e gabarito. Ideal para 4\u00ba e 5\u00ba ano.\" \/>\n<meta property=\"og:url\" content=\"https:\/\/lojasosprofessoratividades.com.br\/en\/product\/costumes-dos-colonizadores-e-povos-indigenas-em-1500\/\" \/>\n<meta property=\"og:site_name\" content=\"Loja SOS Professor Atividades\" \/>\n<meta property=\"article:publisher\" content=\"https:\/\/www.facebook.com\/sosprofessoratividades\" \/>\n<meta property=\"article:modified_time\" content=\"2026-05-08T16:51:51+00:00\" \/>\n<meta property=\"og:image\" content=\"https:\/\/lojasosprofessoratividades.com.br\/wp-content\/uploads\/2025\/04\/1-5.jpg\" \/>\n\t<meta property=\"og:image:width\" content=\"800\" \/>\n\t<meta property=\"og:image:height\" content=\"693\" \/>\n\t<meta property=\"og:image:type\" content=\"image\/jpeg\" \/>\n<meta name=\"twitter:card\" content=\"summary_large_image\" \/>\n<meta name=\"twitter:label1\" content=\"Est. reading time\" \/>\n\t<meta name=\"twitter:data1\" content=\"1 minute\" \/>\n<script type=\"application\/ld+json\" class=\"yoast-schema-graph\">{\"@context\":\"https:\\\/\\\/schema.org\",\"@graph\":[{\"@type\":\"WebPage\",\"@id\":\"https:\\\/\\\/lojasosprofessoratividades.com.br\\\/produto\\\/costumes-dos-colonizadores-e-povos-indigenas-em-1500\\\/\",\"url\":\"https:\\\/\\\/lojasosprofessoratividades.com.br\\\/produto\\\/costumes-dos-colonizadores-e-povos-indigenas-em-1500\\\/\",\"name\":\"Costumes dos Colonizadores e Povos Ind\u00edgenas em 1500 - Loja SOS Professor Atividades\",\"isPartOf\":{\"@id\":\"https:\\\/\\\/lojasosprofessoratividades.com.br\\\/#website\"},\"primaryImageOfPage\":{\"@id\":\"https:\\\/\\\/lojasosprofessoratividades.com.br\\\/produto\\\/costumes-dos-colonizadores-e-povos-indigenas-em-1500\\\/#primaryimage\"},\"image\":{\"@id\":\"https:\\\/\\\/lojasosprofessoratividades.com.br\\\/produto\\\/costumes-dos-colonizadores-e-povos-indigenas-em-1500\\\/#primaryimage\"},\"thumbnailUrl\":\"https:\\\/\\\/lojasosprofessoratividades.com.br\\\/wp-content\\\/uploads\\\/2025\\\/04\\\/1-5.jpg\",\"datePublished\":\"2026-03-29T13:36:54+00:00\",\"dateModified\":\"2026-05-08T16:51:51+00:00\",\"description\":\"Atividades sobre costumes de colonizadores e ind\u00edgenas em 1500. Inclui texto, tabela, cartaz, jogo da trilha, cartas e gabarito. Ideal para 4\u00ba e 5\u00ba ano.\",\"breadcrumb\":{\"@id\":\"https:\\\/\\\/lojasosprofessoratividades.com.br\\\/produto\\\/costumes-dos-colonizadores-e-povos-indigenas-em-1500\\\/#breadcrumb\"},\"inLanguage\":\"en-US\",\"potentialAction\":[{\"@type\":\"ReadAction\",\"target\":[\"https:\\\/\\\/lojasosprofessoratividades.com.br\\\/produto\\\/costumes-dos-colonizadores-e-povos-indigenas-em-1500\\\/\"]}]},{\"@type\":\"ImageObject\",\"inLanguage\":\"en-US\",\"@id\":\"https:\\\/\\\/lojasosprofessoratividades.com.br\\\/produto\\\/costumes-dos-colonizadores-e-povos-indigenas-em-1500\\\/#primaryimage\",\"url\":\"https:\\\/\\\/lojasosprofessoratividades.com.br\\\/wp-content\\\/uploads\\\/2025\\\/04\\\/1-5.jpg\",\"contentUrl\":\"https:\\\/\\\/lojasosprofessoratividades.com.br\\\/wp-content\\\/uploads\\\/2025\\\/04\\\/1-5.jpg\",\"width\":800,\"height\":693,\"caption\":\"Costumes dos Colonizadores e Povos Ind\u00edgenas em 1500\"},{\"@type\":\"BreadcrumbList\",\"@id\":\"https:\\\/\\\/lojasosprofessoratividades.com.br\\\/produto\\\/costumes-dos-colonizadores-e-povos-indigenas-em-1500\\\/#breadcrumb\",\"itemListElement\":[{\"@type\":\"ListItem\",\"position\":1,\"name\":\"In\u00edcio\",\"item\":\"https:\\\/\\\/lojasosprofessoratividades.com.br\\\/\"},{\"@type\":\"ListItem\",\"position\":2,\"name\":\"Loja\",\"item\":\"https:\\\/\\\/lojasosprofessoratividades.com.br\\\/loja\\\/\"},{\"@type\":\"ListItem\",\"position\":3,\"name\":\"Costumes dos Colonizadores e Povos Ind\u00edgenas em 1500\"}]},{\"@type\":\"WebSite\",\"@id\":\"https:\\\/\\\/lojasosprofessoratividades.com.br\\\/#website\",\"url\":\"https:\\\/\\\/lojasosprofessoratividades.com.br\\\/\",\"name\":\"Loja SOS Professor Atividades\",\"description\":\"Venda de material did\u00e1tico para o ensino fundamental\",\"publisher\":{\"@id\":\"https:\\\/\\\/lojasosprofessoratividades.com.br\\\/#organization\"},\"potentialAction\":[{\"@type\":\"SearchAction\",\"target\":{\"@type\":\"EntryPoint\",\"urlTemplate\":\"https:\\\/\\\/lojasosprofessoratividades.com.br\\\/?s={search_term_string}\"},\"query-input\":{\"@type\":\"PropertyValueSpecification\",\"valueRequired\":true,\"valueName\":\"search_term_string\"}}],\"inLanguage\":\"en-US\"},{\"@type\":\"Organization\",\"@id\":\"https:\\\/\\\/lojasosprofessoratividades.com.br\\\/#organization\",\"name\":\"Loja SOS Professor Atividades\",\"url\":\"https:\\\/\\\/lojasosprofessoratividades.com.br\\\/\",\"logo\":{\"@type\":\"ImageObject\",\"inLanguage\":\"en-US\",\"@id\":\"https:\\\/\\\/lojasosprofessoratividades.com.br\\\/#\\\/schema\\\/logo\\\/image\\\/\",\"url\":\"http:\\\/\\\/lojasosprofessoratividades.com.br\\\/wp-content\\\/uploads\\\/2022\\\/04\\\/Logo.png\",\"contentUrl\":\"http:\\\/\\\/lojasosprofessoratividades.com.br\\\/wp-content\\\/uploads\\\/2022\\\/04\\\/Logo.png\",\"width\":2000,\"height\":2000,\"caption\":\"Loja SOS Professor Atividades\"},\"image\":{\"@id\":\"https:\\\/\\\/lojasosprofessoratividades.com.br\\\/#\\\/schema\\\/logo\\\/image\\\/\"},\"sameAs\":[\"https:\\\/\\\/www.facebook.com\\\/sosprofessoratividades\",\"https:\\\/\\\/www.instagram.com\\\/sosprofessoratividades\\\/\"]}]}<\/script>\n<!-- \/ Yoast SEO plugin. -->","yoast_head_json":{"title":"Costumes dos Colonizadores e Povos Ind\u00edgenas em 1500 - Loja SOS Professor Atividades","description":"Atividades sobre costumes de colonizadores e ind\u00edgenas em 1500. Inclui texto, tabela, cartaz, jogo da trilha, cartas e gabarito. Ideal para 4\u00ba e 5\u00ba ano.","robots":{"index":"index","follow":"follow","max-snippet":"max-snippet:-1","max-image-preview":"max-image-preview:large","max-video-preview":"max-video-preview:-1"},"canonical":"https:\/\/lojasosprofessoratividades.com.br\/en\/product\/costumes-dos-colonizadores-e-povos-indigenas-em-1500\/","og_locale":"en_US","og_type":"article","og_title":"Costumes dos Colonizadores e Povos Ind\u00edgenas em 1500 - Loja SOS Professor Atividades","og_description":"Atividades sobre costumes de colonizadores e ind\u00edgenas em 1500. Inclui texto, tabela, cartaz, jogo da trilha, cartas e gabarito. Ideal para 4\u00ba e 5\u00ba ano.","og_url":"https:\/\/lojasosprofessoratividades.com.br\/en\/product\/costumes-dos-colonizadores-e-povos-indigenas-em-1500\/","og_site_name":"Loja SOS Professor Atividades","article_publisher":"https:\/\/www.facebook.com\/sosprofessoratividades","article_modified_time":"2026-05-08T16:51:51+00:00","og_image":[{"width":800,"height":693,"url":"https:\/\/lojasosprofessoratividades.com.br\/wp-content\/uploads\/2025\/04\/1-5.jpg","type":"image\/jpeg"}],"twitter_card":"summary_large_image","twitter_misc":{"Est. reading time":"1 minute"},"schema":{"@context":"https:\/\/schema.org","@graph":[{"@type":"WebPage","@id":"https:\/\/lojasosprofessoratividades.com.br\/produto\/costumes-dos-colonizadores-e-povos-indigenas-em-1500\/","url":"https:\/\/lojasosprofessoratividades.com.br\/produto\/costumes-dos-colonizadores-e-povos-indigenas-em-1500\/","name":"Costumes dos Colonizadores e Povos Ind\u00edgenas em 1500 - Loja SOS Professor Atividades","isPartOf":{"@id":"https:\/\/lojasosprofessoratividades.com.br\/#website"},"primaryImageOfPage":{"@id":"https:\/\/lojasosprofessoratividades.com.br\/produto\/costumes-dos-colonizadores-e-povos-indigenas-em-1500\/#primaryimage"},"image":{"@id":"https:\/\/lojasosprofessoratividades.com.br\/produto\/costumes-dos-colonizadores-e-povos-indigenas-em-1500\/#primaryimage"},"thumbnailUrl":"https:\/\/lojasosprofessoratividades.com.br\/wp-content\/uploads\/2025\/04\/1-5.jpg","datePublished":"2026-03-29T13:36:54+00:00","dateModified":"2026-05-08T16:51:51+00:00","description":"Atividades sobre costumes de colonizadores e ind\u00edgenas em 1500. Inclui texto, tabela, cartaz, jogo da trilha, cartas e gabarito. Ideal para 4\u00ba e 5\u00ba ano.","breadcrumb":{"@id":"https:\/\/lojasosprofessoratividades.com.br\/produto\/costumes-dos-colonizadores-e-povos-indigenas-em-1500\/#breadcrumb"},"inLanguage":"en-US","potentialAction":[{"@type":"ReadAction","target":["https:\/\/lojasosprofessoratividades.com.br\/produto\/costumes-dos-colonizadores-e-povos-indigenas-em-1500\/"]}]},{"@type":"ImageObject","inLanguage":"en-US","@id":"https:\/\/lojasosprofessoratividades.com.br\/produto\/costumes-dos-colonizadores-e-povos-indigenas-em-1500\/#primaryimage","url":"https:\/\/lojasosprofessoratividades.com.br\/wp-content\/uploads\/2025\/04\/1-5.jpg","contentUrl":"https:\/\/lojasosprofessoratividades.com.br\/wp-content\/uploads\/2025\/04\/1-5.jpg","width":800,"height":693,"caption":"Costumes dos Colonizadores e Povos Ind\u00edgenas em 1500"},{"@type":"BreadcrumbList","@id":"https:\/\/lojasosprofessoratividades.com.br\/produto\/costumes-dos-colonizadores-e-povos-indigenas-em-1500\/#breadcrumb","itemListElement":[{"@type":"ListItem","position":1,"name":"In\u00edcio","item":"https:\/\/lojasosprofessoratividades.com.br\/"},{"@type":"ListItem","position":2,"name":"Loja","item":"https:\/\/lojasosprofessoratividades.com.br\/loja\/"},{"@type":"ListItem","position":3,"name":"Costumes dos Colonizadores e Povos Ind\u00edgenas em 1500"}]},{"@type":"WebSite","@id":"https:\/\/lojasosprofessoratividades.com.br\/#website","url":"https:\/\/lojasosprofessoratividades.com.br\/","name":"Loja SOS Professor Atividades","description":"Venda de material did\u00e1tico para o ensino fundamental","publisher":{"@id":"https:\/\/lojasosprofessoratividades.com.br\/#organization"},"potentialAction":[{"@type":"SearchAction","target":{"@type":"EntryPoint","urlTemplate":"https:\/\/lojasosprofessoratividades.com.br\/?s={search_term_string}"},"query-input":{"@type":"PropertyValueSpecification","valueRequired":true,"valueName":"search_term_string"}}],"inLanguage":"en-US"},{"@type":"Organization","@id":"https:\/\/lojasosprofessoratividades.com.br\/#organization","name":"Loja SOS Professor Atividades","url":"https:\/\/lojasosprofessoratividades.com.br\/","logo":{"@type":"ImageObject","inLanguage":"en-US","@id":"https:\/\/lojasosprofessoratividades.com.br\/#\/schema\/logo\/image\/","url":"http:\/\/lojasosprofessoratividades.com.br\/wp-content\/uploads\/2022\/04\/Logo.png","contentUrl":"http:\/\/lojasosprofessoratividades.com.br\/wp-content\/uploads\/2022\/04\/Logo.png","width":2000,"height":2000,"caption":"Loja SOS Professor Atividades"},"image":{"@id":"https:\/\/lojasosprofessoratividades.com.br\/#\/schema\/logo\/image\/"},"sameAs":["https:\/\/www.facebook.com\/sosprofessoratividades","https:\/\/www.instagram.com\/sosprofessoratividades\/"]}]}},"_links":{"self":[{"href":"https:\/\/lojasosprofessoratividades.com.br\/en\/wp-json\/wp\/v2\/product\/34477","targetHints":{"allow":["GET"]}}],"collection":[{"href":"https:\/\/lojasosprofessoratividades.com.br\/en\/wp-json\/wp\/v2\/product"}],"about":[{"href":"https:\/\/lojasosprofessoratividades.com.br\/en\/wp-json\/wp\/v2\/types\/product"}],"replies":[{"embeddable":true,"href":"https:\/\/lojasosprofessoratividades.com.br\/en\/wp-json\/wp\/v2\/comments?post=34477"}],"wp:featuredmedia":[{"embeddable":true,"href":"https:\/\/lojasosprofessoratividades.com.br\/en\/wp-json\/wp\/v2\/media\/34479"}],"wp:attachment":[{"href":"https:\/\/lojasosprofessoratividades.com.br\/en\/wp-json\/wp\/v2\/media?parent=34477"}],"wp:term":[{"taxonomy":"product_brand","embeddable":true,"href":"https:\/\/lojasosprofessoratividades.com.br\/en\/wp-json\/wp\/v2\/product_brand?post=34477"},{"taxonomy":"product_cat","embeddable":true,"href":"https:\/\/lojasosprofessoratividades.com.br\/en\/wp-json\/wp\/v2\/product_cat?post=34477"},{"taxonomy":"product_tag","embeddable":true,"href":"https:\/\/lojasosprofessoratividades.com.br\/en\/wp-json\/wp\/v2\/product_tag?post=34477"}],"curies":[{"name":"wp","href":"https:\/\/api.w.org\/{rel}","templated":true}]}}