{"id":34503,"date":"2026-04-24T14:57:49","date_gmt":"2026-04-24T17:57:49","guid":{"rendered":"https:\/\/lojasosprofessoratividades.com.br\/?post_type=product&#038;p=34503"},"modified":"2026-05-08T13:41:55","modified_gmt":"2026-05-08T16:41:55","slug":"cartaz-dia-das-maes-ser-mae-e-ter-o-coracao-fora-do-peito","status":"publish","type":"product","link":"https:\/\/lojasosprofessoratividades.com.br\/en\/product\/cartaz-dia-das-maes-ser-mae-e-ter-o-coracao-fora-do-peito\/","title":{"rendered":"Cartaz Dia das M\u00e3es \u2013 \u201cSer m\u00e3e \u00e9 ter o cora\u00e7\u00e3o fora do peito\u201d"},"content":{"rendered":"","protected":false},"excerpt":{"rendered":"<p class=\"\" data-start=\"127\" data-end=\"393\">Celebre o amor incondicional com este cartaz emocionante e cheio de carinho!<\/p>\n<p class=\"\" data-start=\"127\" data-end=\"393\">A arte \u201cSer m\u00e3e \u00e9 ter o cora\u00e7\u00e3o fora do peito\u201d \u00e9 perfeita para decorar salas de aula, murais escolares, vitrines ou qualquer ambiente que queira homenagear as m\u00e3es com beleza e significado.<\/p>\n<p class=\"\" data-start=\"395\" data-end=\"423\"><strong data-start=\"398\" data-end=\"423\">Tamanhos dispon\u00edveis:<\/strong><\/p>\n<ul data-start=\"425\" data-end=\"703\">\n<li class=\"\" data-start=\"425\" data-end=\"533\">\n<p class=\"\" data-start=\"427\" data-end=\"533\"><strong data-start=\"427\" data-end=\"447\">Cartaz ampliado:<\/strong> 138 cm x 95 cm (distribu\u00eddo em <strong data-start=\"479\" data-end=\"495\">25 folhas A4<\/strong>, prontas para impress\u00e3o e montagem)<\/p>\n<\/li>\n<li class=\"\" data-start=\"534\" data-end=\"623\">\n<p class=\"\" data-start=\"536\" data-end=\"623\"><strong data-start=\"536\" data-end=\"557\">Elementos soltos:<\/strong> possibilidade de montagem <strong data-start=\"584\" data-end=\"612\">criativa e personalizada<\/strong> no mural<\/p>\n<\/li>\n<li class=\"\" data-start=\"624\" data-end=\"703\">\n<p class=\"\" data-start=\"626\" data-end=\"703\"><strong data-start=\"626\" data-end=\"656\">Vers\u00e3o extra em tamanho A4<\/strong>, ideal para amplia\u00e7\u00e3o conforme sua necessidade<\/p>\n<\/li>\n<\/ul>\n<p class=\"\" data-start=\"705\" data-end=\"830\">Colorido, com <strong data-start=\"722\" data-end=\"765\">ilustra\u00e7\u00e3o delicada e mensagem marcante<\/strong>, o material \u00e9 ideal para a\u00e7\u00f5es escolares e homenagens especiais.<\/p>\n<p class=\"\" data-start=\"832\" data-end=\"961\"><strong data-start=\"841\" data-end=\"961\">Inclui sugest\u00f5es criativas para personalizar o painel com a participa\u00e7\u00e3o dos alunos \u2013 dispon\u00edveis dentro do arquivo.<\/strong><\/p>\n<p class=\"\" data-start=\"963\" data-end=\"1018\"><strong data-start=\"967\" data-end=\"993\">Arquivo digital em PDF<\/strong> para impress\u00e3o imediata.<\/p>\n<h3>N\u00e3o enviamos por e-mail, a entrega \u00e9 via link para download. \ud83d\udc47<\/h3>\n<p><img loading=\"lazy\" decoding=\"async\" class=\"alignnone wp-image-38009 size-full\" src=\"https:\/\/lojasosprofessoratividades.com.br\/wp-content\/uploads\/2026\/02\/Como-baixar-2.jpg\" alt=\"\" width=\"446\" height=\"251\" srcset=\"https:\/\/lojasosprofessoratividades.com.br\/wp-content\/uploads\/2026\/02\/Como-baixar-2.jpg 446w, https:\/\/lojasosprofessoratividades.com.br\/wp-content\/uploads\/2026\/02\/Como-baixar-2-300x169.jpg 300w, https:\/\/lojasosprofessoratividades.com.br\/wp-content\/uploads\/2026\/02\/Como-baixar-2-18x10.jpg 18w\" sizes=\"auto, (max-width: 446px) 100vw, 446px\" \/><\/p>","protected":false},"featured_media":34504,"comment_status":"open","ping_status":"closed","template":"","meta":[],"product_brand":[],"product_cat":[122,123,124,125,127,214,216,218,210,212,126,220],"product_tag":[697,1566,1765,1761,746,1563,1763,1766,1762,1136,1562,1764],"class_list":{"0":"post-34503","1":"product","2":"type-product","3":"status-publish","4":"has-post-thumbnail","6":"product_cat-1o-ano","7":"product_cat-2o-ano","8":"product_cat-3o-ano","9":"product_cat-4o-ano","10":"product_cat-5o-ano","11":"product_cat-data-comemorativa-3-ano","12":"product_cat-data-comemorativa-4-ano","13":"product_cat-data-comemorativa-5-ano","14":"product_cat-data-comemorativa-1-ano","15":"product_cat-data-comemorativa-2-ano","16":"product_cat-educacao-infantil","17":"product_cat-o-eu-o-outro-o-nos","18":"product_tag-arquivo-para-imprimir","19":"product_tag-atividade-dia-das-maes","20":"product_tag-cartaz-com-frase-emocionante","21":"product_tag-cartaz-dia-das-maes","22":"product_tag-cartaz-educativo","23":"product_tag-cartaz-para-escola","24":"product_tag-decoracao-mural-dia-das-maes","25":"product_tag-elementos-para-mural","26":"product_tag-frase-dia-das-maes","27":"product_tag-materiais-pedagogicos","28":"product_tag-painel-dia-das-maes","29":"product_tag-pdf-dia-das-maes","31":"first","32":"instock","33":"downloadable","34":"virtual","35":"sold-individually","36":"purchasable","37":"product-type-simple"},"yoast_head":"<!-- This site is optimized with the Yoast SEO plugin v27.5 - https:\/\/yoast.com\/product\/yoast-seo-wordpress\/ -->\n<title>Cartaz Dia das M\u00e3es \u2013 \u201cSer m\u00e3e \u00e9 ter o cora\u00e7\u00e3o fora do peito\u201d - Loja SOS Professor Atividades<\/title>\n<meta name=\"description\" content=\"Cartaz para o Dia das M\u00e3es com frase emocionante \u201cSer m\u00e3e \u00e9 ter o cora\u00e7\u00e3o fora do peito\u201d. Arquivo PDF para imprimir, colorido e f\u00e1cil de montar.\" \/>\n<meta name=\"robots\" content=\"index, follow, max-snippet:-1, max-image-preview:large, max-video-preview:-1\" \/>\n<link rel=\"canonical\" href=\"https:\/\/lojasosprofessoratividades.com.br\/en\/product\/cartaz-dia-das-maes-ser-mae-e-ter-o-coracao-fora-do-peito\/\" \/>\n<meta property=\"og:locale\" content=\"en_US\" \/>\n<meta property=\"og:type\" content=\"article\" \/>\n<meta property=\"og:title\" content=\"Cartaz Dia das M\u00e3es \u2013 \u201cSer m\u00e3e \u00e9 ter o cora\u00e7\u00e3o fora do peito\u201d - Loja SOS Professor Atividades\" \/>\n<meta property=\"og:description\" content=\"Cartaz para o Dia das M\u00e3es com frase emocionante \u201cSer m\u00e3e \u00e9 ter o cora\u00e7\u00e3o fora do peito\u201d. Arquivo PDF para imprimir, colorido e f\u00e1cil de montar.\" \/>\n<meta property=\"og:url\" content=\"https:\/\/lojasosprofessoratividades.com.br\/en\/product\/cartaz-dia-das-maes-ser-mae-e-ter-o-coracao-fora-do-peito\/\" \/>\n<meta property=\"og:site_name\" content=\"Loja SOS Professor Atividades\" \/>\n<meta property=\"article:publisher\" content=\"https:\/\/www.facebook.com\/sosprofessoratividades\" \/>\n<meta property=\"article:modified_time\" content=\"2026-05-08T16:41:55+00:00\" \/>\n<meta property=\"og:image\" content=\"https:\/\/lojasosprofessoratividades.com.br\/wp-content\/uploads\/2025\/04\/1-7.jpg\" \/>\n\t<meta property=\"og:image:width\" content=\"800\" \/>\n\t<meta property=\"og:image:height\" content=\"693\" \/>\n\t<meta property=\"og:image:type\" content=\"image\/jpeg\" \/>\n<meta name=\"twitter:card\" content=\"summary_large_image\" \/>\n<meta name=\"twitter:label1\" content=\"Est. reading time\" \/>\n\t<meta name=\"twitter:data1\" content=\"1 minute\" \/>\n<script type=\"application\/ld+json\" class=\"yoast-schema-graph\">{\"@context\":\"https:\\\/\\\/schema.org\",\"@graph\":[{\"@type\":\"WebPage\",\"@id\":\"https:\\\/\\\/lojasosprofessoratividades.com.br\\\/produto\\\/cartaz-dia-das-maes-ser-mae-e-ter-o-coracao-fora-do-peito\\\/\",\"url\":\"https:\\\/\\\/lojasosprofessoratividades.com.br\\\/produto\\\/cartaz-dia-das-maes-ser-mae-e-ter-o-coracao-fora-do-peito\\\/\",\"name\":\"Cartaz Dia das M\u00e3es \u2013 \u201cSer m\u00e3e \u00e9 ter o cora\u00e7\u00e3o fora do peito\u201d - Loja SOS Professor Atividades\",\"isPartOf\":{\"@id\":\"https:\\\/\\\/lojasosprofessoratividades.com.br\\\/#website\"},\"primaryImageOfPage\":{\"@id\":\"https:\\\/\\\/lojasosprofessoratividades.com.br\\\/produto\\\/cartaz-dia-das-maes-ser-mae-e-ter-o-coracao-fora-do-peito\\\/#primaryimage\"},\"image\":{\"@id\":\"https:\\\/\\\/lojasosprofessoratividades.com.br\\\/produto\\\/cartaz-dia-das-maes-ser-mae-e-ter-o-coracao-fora-do-peito\\\/#primaryimage\"},\"thumbnailUrl\":\"https:\\\/\\\/lojasosprofessoratividades.com.br\\\/wp-content\\\/uploads\\\/2025\\\/04\\\/1-7.jpg\",\"datePublished\":\"2026-04-24T17:57:49+00:00\",\"dateModified\":\"2026-05-08T16:41:55+00:00\",\"description\":\"Cartaz para o Dia das M\u00e3es com frase emocionante \u201cSer m\u00e3e \u00e9 ter o cora\u00e7\u00e3o fora do peito\u201d. Arquivo PDF para imprimir, colorido e f\u00e1cil de montar.\",\"breadcrumb\":{\"@id\":\"https:\\\/\\\/lojasosprofessoratividades.com.br\\\/produto\\\/cartaz-dia-das-maes-ser-mae-e-ter-o-coracao-fora-do-peito\\\/#breadcrumb\"},\"inLanguage\":\"en-US\",\"potentialAction\":[{\"@type\":\"ReadAction\",\"target\":[\"https:\\\/\\\/lojasosprofessoratividades.com.br\\\/produto\\\/cartaz-dia-das-maes-ser-mae-e-ter-o-coracao-fora-do-peito\\\/\"]}]},{\"@type\":\"ImageObject\",\"inLanguage\":\"en-US\",\"@id\":\"https:\\\/\\\/lojasosprofessoratividades.com.br\\\/produto\\\/cartaz-dia-das-maes-ser-mae-e-ter-o-coracao-fora-do-peito\\\/#primaryimage\",\"url\":\"https:\\\/\\\/lojasosprofessoratividades.com.br\\\/wp-content\\\/uploads\\\/2025\\\/04\\\/1-7.jpg\",\"contentUrl\":\"https:\\\/\\\/lojasosprofessoratividades.com.br\\\/wp-content\\\/uploads\\\/2025\\\/04\\\/1-7.jpg\",\"width\":800,\"height\":693,\"caption\":\"Cartaz Dia das M\u00e3es Ser m\u00e3e \u00e9 ter o cora\u00e7\u00e3o fora do peito\"},{\"@type\":\"BreadcrumbList\",\"@id\":\"https:\\\/\\\/lojasosprofessoratividades.com.br\\\/produto\\\/cartaz-dia-das-maes-ser-mae-e-ter-o-coracao-fora-do-peito\\\/#breadcrumb\",\"itemListElement\":[{\"@type\":\"ListItem\",\"position\":1,\"name\":\"In\u00edcio\",\"item\":\"https:\\\/\\\/lojasosprofessoratividades.com.br\\\/\"},{\"@type\":\"ListItem\",\"position\":2,\"name\":\"Loja\",\"item\":\"https:\\\/\\\/lojasosprofessoratividades.com.br\\\/loja\\\/\"},{\"@type\":\"ListItem\",\"position\":3,\"name\":\"Cartaz Dia das M\u00e3es \u2013 \u201cSer m\u00e3e \u00e9 ter o cora\u00e7\u00e3o fora do peito\u201d\"}]},{\"@type\":\"WebSite\",\"@id\":\"https:\\\/\\\/lojasosprofessoratividades.com.br\\\/#website\",\"url\":\"https:\\\/\\\/lojasosprofessoratividades.com.br\\\/\",\"name\":\"Loja SOS Professor Atividades\",\"description\":\"Venda de material did\u00e1tico para o ensino fundamental\",\"publisher\":{\"@id\":\"https:\\\/\\\/lojasosprofessoratividades.com.br\\\/#organization\"},\"potentialAction\":[{\"@type\":\"SearchAction\",\"target\":{\"@type\":\"EntryPoint\",\"urlTemplate\":\"https:\\\/\\\/lojasosprofessoratividades.com.br\\\/?s={search_term_string}\"},\"query-input\":{\"@type\":\"PropertyValueSpecification\",\"valueRequired\":true,\"valueName\":\"search_term_string\"}}],\"inLanguage\":\"en-US\"},{\"@type\":\"Organization\",\"@id\":\"https:\\\/\\\/lojasosprofessoratividades.com.br\\\/#organization\",\"name\":\"Loja SOS Professor Atividades\",\"url\":\"https:\\\/\\\/lojasosprofessoratividades.com.br\\\/\",\"logo\":{\"@type\":\"ImageObject\",\"inLanguage\":\"en-US\",\"@id\":\"https:\\\/\\\/lojasosprofessoratividades.com.br\\\/#\\\/schema\\\/logo\\\/image\\\/\",\"url\":\"http:\\\/\\\/lojasosprofessoratividades.com.br\\\/wp-content\\\/uploads\\\/2022\\\/04\\\/Logo.png\",\"contentUrl\":\"http:\\\/\\\/lojasosprofessoratividades.com.br\\\/wp-content\\\/uploads\\\/2022\\\/04\\\/Logo.png\",\"width\":2000,\"height\":2000,\"caption\":\"Loja SOS Professor Atividades\"},\"image\":{\"@id\":\"https:\\\/\\\/lojasosprofessoratividades.com.br\\\/#\\\/schema\\\/logo\\\/image\\\/\"},\"sameAs\":[\"https:\\\/\\\/www.facebook.com\\\/sosprofessoratividades\",\"https:\\\/\\\/www.instagram.com\\\/sosprofessoratividades\\\/\"]}]}<\/script>\n<!-- \/ Yoast SEO plugin. -->","yoast_head_json":{"title":"Cartaz Dia das M\u00e3es \u2013 \u201cSer m\u00e3e \u00e9 ter o cora\u00e7\u00e3o fora do peito\u201d - Loja SOS Professor Atividades","description":"Cartaz para o Dia das M\u00e3es com frase emocionante \u201cSer m\u00e3e \u00e9 ter o cora\u00e7\u00e3o fora do peito\u201d. Arquivo PDF para imprimir, colorido e f\u00e1cil de montar.","robots":{"index":"index","follow":"follow","max-snippet":"max-snippet:-1","max-image-preview":"max-image-preview:large","max-video-preview":"max-video-preview:-1"},"canonical":"https:\/\/lojasosprofessoratividades.com.br\/en\/product\/cartaz-dia-das-maes-ser-mae-e-ter-o-coracao-fora-do-peito\/","og_locale":"en_US","og_type":"article","og_title":"Cartaz Dia das M\u00e3es \u2013 \u201cSer m\u00e3e \u00e9 ter o cora\u00e7\u00e3o fora do peito\u201d - Loja SOS Professor Atividades","og_description":"Cartaz para o Dia das M\u00e3es com frase emocionante \u201cSer m\u00e3e \u00e9 ter o cora\u00e7\u00e3o fora do peito\u201d. Arquivo PDF para imprimir, colorido e f\u00e1cil de montar.","og_url":"https:\/\/lojasosprofessoratividades.com.br\/en\/product\/cartaz-dia-das-maes-ser-mae-e-ter-o-coracao-fora-do-peito\/","og_site_name":"Loja SOS Professor Atividades","article_publisher":"https:\/\/www.facebook.com\/sosprofessoratividades","article_modified_time":"2026-05-08T16:41:55+00:00","og_image":[{"width":800,"height":693,"url":"https:\/\/lojasosprofessoratividades.com.br\/wp-content\/uploads\/2025\/04\/1-7.jpg","type":"image\/jpeg"}],"twitter_card":"summary_large_image","twitter_misc":{"Est. reading time":"1 minute"},"schema":{"@context":"https:\/\/schema.org","@graph":[{"@type":"WebPage","@id":"https:\/\/lojasosprofessoratividades.com.br\/produto\/cartaz-dia-das-maes-ser-mae-e-ter-o-coracao-fora-do-peito\/","url":"https:\/\/lojasosprofessoratividades.com.br\/produto\/cartaz-dia-das-maes-ser-mae-e-ter-o-coracao-fora-do-peito\/","name":"Cartaz Dia das M\u00e3es \u2013 \u201cSer m\u00e3e \u00e9 ter o cora\u00e7\u00e3o fora do peito\u201d - Loja SOS Professor Atividades","isPartOf":{"@id":"https:\/\/lojasosprofessoratividades.com.br\/#website"},"primaryImageOfPage":{"@id":"https:\/\/lojasosprofessoratividades.com.br\/produto\/cartaz-dia-das-maes-ser-mae-e-ter-o-coracao-fora-do-peito\/#primaryimage"},"image":{"@id":"https:\/\/lojasosprofessoratividades.com.br\/produto\/cartaz-dia-das-maes-ser-mae-e-ter-o-coracao-fora-do-peito\/#primaryimage"},"thumbnailUrl":"https:\/\/lojasosprofessoratividades.com.br\/wp-content\/uploads\/2025\/04\/1-7.jpg","datePublished":"2026-04-24T17:57:49+00:00","dateModified":"2026-05-08T16:41:55+00:00","description":"Cartaz para o Dia das M\u00e3es com frase emocionante \u201cSer m\u00e3e \u00e9 ter o cora\u00e7\u00e3o fora do peito\u201d. Arquivo PDF para imprimir, colorido e f\u00e1cil de montar.","breadcrumb":{"@id":"https:\/\/lojasosprofessoratividades.com.br\/produto\/cartaz-dia-das-maes-ser-mae-e-ter-o-coracao-fora-do-peito\/#breadcrumb"},"inLanguage":"en-US","potentialAction":[{"@type":"ReadAction","target":["https:\/\/lojasosprofessoratividades.com.br\/produto\/cartaz-dia-das-maes-ser-mae-e-ter-o-coracao-fora-do-peito\/"]}]},{"@type":"ImageObject","inLanguage":"en-US","@id":"https:\/\/lojasosprofessoratividades.com.br\/produto\/cartaz-dia-das-maes-ser-mae-e-ter-o-coracao-fora-do-peito\/#primaryimage","url":"https:\/\/lojasosprofessoratividades.com.br\/wp-content\/uploads\/2025\/04\/1-7.jpg","contentUrl":"https:\/\/lojasosprofessoratividades.com.br\/wp-content\/uploads\/2025\/04\/1-7.jpg","width":800,"height":693,"caption":"Cartaz Dia das M\u00e3es Ser m\u00e3e \u00e9 ter o cora\u00e7\u00e3o fora do peito"},{"@type":"BreadcrumbList","@id":"https:\/\/lojasosprofessoratividades.com.br\/produto\/cartaz-dia-das-maes-ser-mae-e-ter-o-coracao-fora-do-peito\/#breadcrumb","itemListElement":[{"@type":"ListItem","position":1,"name":"In\u00edcio","item":"https:\/\/lojasosprofessoratividades.com.br\/"},{"@type":"ListItem","position":2,"name":"Loja","item":"https:\/\/lojasosprofessoratividades.com.br\/loja\/"},{"@type":"ListItem","position":3,"name":"Cartaz Dia das M\u00e3es \u2013 \u201cSer m\u00e3e \u00e9 ter o cora\u00e7\u00e3o fora do peito\u201d"}]},{"@type":"WebSite","@id":"https:\/\/lojasosprofessoratividades.com.br\/#website","url":"https:\/\/lojasosprofessoratividades.com.br\/","name":"Loja SOS Professor Atividades","description":"Venda de material did\u00e1tico para o ensino fundamental","publisher":{"@id":"https:\/\/lojasosprofessoratividades.com.br\/#organization"},"potentialAction":[{"@type":"SearchAction","target":{"@type":"EntryPoint","urlTemplate":"https:\/\/lojasosprofessoratividades.com.br\/?s={search_term_string}"},"query-input":{"@type":"PropertyValueSpecification","valueRequired":true,"valueName":"search_term_string"}}],"inLanguage":"en-US"},{"@type":"Organization","@id":"https:\/\/lojasosprofessoratividades.com.br\/#organization","name":"Loja SOS Professor Atividades","url":"https:\/\/lojasosprofessoratividades.com.br\/","logo":{"@type":"ImageObject","inLanguage":"en-US","@id":"https:\/\/lojasosprofessoratividades.com.br\/#\/schema\/logo\/image\/","url":"http:\/\/lojasosprofessoratividades.com.br\/wp-content\/uploads\/2022\/04\/Logo.png","contentUrl":"http:\/\/lojasosprofessoratividades.com.br\/wp-content\/uploads\/2022\/04\/Logo.png","width":2000,"height":2000,"caption":"Loja SOS Professor Atividades"},"image":{"@id":"https:\/\/lojasosprofessoratividades.com.br\/#\/schema\/logo\/image\/"},"sameAs":["https:\/\/www.facebook.com\/sosprofessoratividades","https:\/\/www.instagram.com\/sosprofessoratividades\/"]}]}},"_links":{"self":[{"href":"https:\/\/lojasosprofessoratividades.com.br\/en\/wp-json\/wp\/v2\/product\/34503","targetHints":{"allow":["GET"]}}],"collection":[{"href":"https:\/\/lojasosprofessoratividades.com.br\/en\/wp-json\/wp\/v2\/product"}],"about":[{"href":"https:\/\/lojasosprofessoratividades.com.br\/en\/wp-json\/wp\/v2\/types\/product"}],"replies":[{"embeddable":true,"href":"https:\/\/lojasosprofessoratividades.com.br\/en\/wp-json\/wp\/v2\/comments?post=34503"}],"wp:featuredmedia":[{"embeddable":true,"href":"https:\/\/lojasosprofessoratividades.com.br\/en\/wp-json\/wp\/v2\/media\/34504"}],"wp:attachment":[{"href":"https:\/\/lojasosprofessoratividades.com.br\/en\/wp-json\/wp\/v2\/media?parent=34503"}],"wp:term":[{"taxonomy":"product_brand","embeddable":true,"href":"https:\/\/lojasosprofessoratividades.com.br\/en\/wp-json\/wp\/v2\/product_brand?post=34503"},{"taxonomy":"product_cat","embeddable":true,"href":"https:\/\/lojasosprofessoratividades.com.br\/en\/wp-json\/wp\/v2\/product_cat?post=34503"},{"taxonomy":"product_tag","embeddable":true,"href":"https:\/\/lojasosprofessoratividades.com.br\/en\/wp-json\/wp\/v2\/product_tag?post=34503"}],"curies":[{"name":"wp","href":"https:\/\/api.w.org\/{rel}","templated":true}]}}