{"id":34624,"date":"2025-05-19T14:51:09","date_gmt":"2025-05-19T17:51:09","guid":{"rendered":"https:\/\/lojasosprofessoratividades.com.br\/?post_type=product&#038;p=34624"},"modified":"2026-05-08T15:47:46","modified_gmt":"2026-05-08T18:47:46","slug":"palavras-magicas-matematicas-jogo-de-resolucao-de-problemas","status":"publish","type":"product","link":"https:\/\/lojasosprofessoratividades.com.br\/en\/product\/palavras-magicas-matematicas-jogo-de-resolucao-de-problemas\/","title":{"rendered":"Palavras M\u00e1gicas Matem\u00e1ticas \u2013 Jogo de Resolu\u00e7\u00e3o de Problemas"},"content":{"rendered":"","protected":false},"excerpt":{"rendered":"<p data-start=\"295\" data-end=\"530\"><span class=\"_fadeIn_m1hgl_8\">Arquivo <\/span><span class=\"_fadeIn_m1hgl_8\">completo <\/span><span class=\"_fadeIn_m1hgl_8\">e <\/span><span class=\"_fadeIn_m1hgl_8\">pronto <\/span><span class=\"_fadeIn_m1hgl_8\">para <\/span><span class=\"_fadeIn_m1hgl_8\">imprimir <\/span><span class=\"_fadeIn_m1hgl_8\">que <\/span><span class=\"_fadeIn_m1hgl_8\">transforma <\/span><span class=\"_fadeIn_m1hgl_8\">a <\/span><span class=\"_fadeIn_m1hgl_8\">resolu\u00e7\u00e3o <\/span><span class=\"_fadeIn_m1hgl_8\">de <\/span><span class=\"_fadeIn_m1hgl_8\">problemas <\/span><span class=\"_fadeIn_m1hgl_8\">em <\/span><span class=\"_fadeIn_m1hgl_8\">uma <\/span><span class=\"_fadeIn_m1hgl_8\">atividade <\/span><span class=\"_fadeIn_m1hgl_8\">divertida <\/span><span class=\"_fadeIn_m1hgl_8\">e <\/span><span class=\"_fadeIn_m1hgl_8\">significativa. <\/span><span class=\"_fadeIn_m1hgl_8\">Trabalha <\/span><span class=\"_fadeIn_m1hgl_8\">as <\/span><span class=\"_fadeIn_m1hgl_8\">quatro <\/span><span class=\"_fadeIn_m1hgl_8\">opera\u00e7\u00f5es <\/span><span class=\"_fadeIn_m1hgl_8\">de <\/span><span class=\"_fadeIn_m1hgl_8\">forma <\/span><span class=\"_fadeIn_m1hgl_8\">contextualizada, <\/span><span class=\"_fadeIn_m1hgl_8\">incentivando <\/span><span class=\"_fadeIn_m1hgl_8\">o <\/span><span class=\"_fadeIn_m1hgl_8\">racioc\u00ednio <\/span><span class=\"_fadeIn_m1hgl_8\">l\u00f3gico <\/span><span class=\"_fadeIn_m1hgl_8\">e <\/span><span class=\"_fadeIn_m1hgl_8\">o <\/span><span class=\"_fadeIn_m1hgl_8\">trabalho <\/span><span class=\"_fadeIn_m1hgl_8\">em <\/span><span class=\"_fadeIn_m1hgl_8\">equipe.<\/span><\/p>\n<p data-start=\"532\" data-end=\"796\"><strong data-start=\"532\" data-end=\"549\"><span class=\"_fadeIn_m1hgl_8\">O <\/span><span class=\"_fadeIn_m1hgl_8\">que <\/span><span class=\"_fadeIn_m1hgl_8\">inclui:<\/span><\/strong><br data-start=\"549\" data-end=\"552\" \/><span class=\"_fadeIn_m1hgl_8\">\ud83d\udccc <\/span><span class=\"_fadeIn_m1hgl_8\">Cartaz &#8220;<\/span><span class=\"_fadeIn_m1hgl_8\">Palavras <\/span><span class=\"_fadeIn_m1hgl_8\">m\u00e1gicas <\/span><span class=\"_fadeIn_m1hgl_8\">da <\/span><span class=\"_fadeIn_m1hgl_8\">matem\u00e1tica&#8221; medindo aproximadamente 83 cm x 57 cm (e <\/span><span class=\"_fadeIn_m1hgl_8\">vers\u00e3o <\/span><span class=\"_fadeIn_m1hgl_8\">A4)<\/span><br data-start=\"617\" data-end=\"620\" \/><span class=\"_fadeIn_m1hgl_8\">\ud83d\udccc <\/span><span class=\"_fadeIn_m1hgl_8\">Roteiro <\/span><span class=\"_fadeIn_m1hgl_8\">detalhado <\/span><span class=\"_fadeIn_m1hgl_8\">da <\/span><span class=\"_fadeIn_m1hgl_8\">din\u00e2mica<\/span><br data-start=\"652\" data-end=\"655\" \/><span class=\"_fadeIn_m1hgl_8\">\ud83d\udccc <\/span><span class=\"_fadeIn_m1hgl_8\">40 <\/span><span class=\"_fadeIn_m1hgl_8\">cards <\/span><span class=\"_fadeIn_m1hgl_8\">com <\/span><span class=\"_fadeIn_m1hgl_8\">situa\u00e7\u00f5es-<\/span><span class=\"_fadeIn_m1hgl_8\">problema <\/span><span class=\"_fadeIn_m1hgl_8\">contextualizadas<\/span><br data-start=\"706\" data-end=\"709\" \/><span class=\"_fadeIn_m1hgl_8\">\ud83d\udccc <\/span><span class=\"_fadeIn_m1hgl_8\">Caixa <\/span><span class=\"_fadeIn_m1hgl_8\">tem\u00e1tica \u201c<\/span><span class=\"_fadeIn_m1hgl_8\">O <\/span><span class=\"_fadeIn_m1hgl_8\">problema <\/span><span class=\"_fadeIn_m1hgl_8\">\u00e9 <\/span><span class=\"_fadeIn_m1hgl_8\">seu!\u201d <\/span><span class=\"_fadeIn_m1hgl_8\">para <\/span><span class=\"_fadeIn_m1hgl_8\">sorteio<\/span><br data-start=\"759\" data-end=\"762\" \/><span class=\"_fadeIn_m1hgl_8\">\ud83d\udccc <\/span><span class=\"_fadeIn_m1hgl_8\">Gabarito <\/span><span class=\"_fadeIn_m1hgl_8\">com <\/span><span class=\"_fadeIn_m1hgl_8\">todas <\/span><span class=\"_fadeIn_m1hgl_8\">as <\/span><span class=\"_fadeIn_m1hgl_8\">respostas<\/span><\/p>\n<p data-start=\"798\" data-end=\"929\"><span class=\"_fadeIn_m1hgl_8\">Ideal <\/span><span class=\"_fadeIn_m1hgl_8\">para <\/span><span class=\"_fadeIn_m1hgl_8\">turmas <\/span><span class=\"_fadeIn_m1hgl_8\">do <\/span><span class=\"_fadeIn_m1hgl_8\">4\u00ba <\/span><span class=\"_fadeIn_m1hgl_8\">e <\/span><span class=\"_fadeIn_m1hgl_8\">5\u00ba <\/span><span class=\"_fadeIn_m1hgl_8\">ano.<\/span><br data-start=\"831\" data-end=\"834\" \/><span class=\"_fadeIn_m1hgl_8\">Recurso <\/span><span class=\"_fadeIn_m1hgl_8\">l\u00fadico, <\/span><span class=\"_fadeIn_m1hgl_8\">criativo <\/span><span class=\"_fadeIn_m1hgl_8\">e <\/span><span class=\"_fadeIn_m1hgl_8\">de <\/span><span class=\"_fadeIn_m1hgl_8\">f\u00e1cil <\/span><span class=\"_fadeIn_m1hgl_8\">aplica\u00e7\u00e3o.<\/span><\/p>\n<h3>N\u00e3o enviamos por e-mail, a entrega \u00e9 via link para download. \ud83d\udc47<\/h3>\n<p>&nbsp;<\/p>\n<p><img loading=\"lazy\" decoding=\"async\" class=\"alignnone wp-image-38009 size-full\" src=\"https:\/\/lojasosprofessoratividades.com.br\/wp-content\/uploads\/2026\/02\/Como-baixar-2.jpg\" alt=\"\" width=\"446\" height=\"251\" srcset=\"https:\/\/lojasosprofessoratividades.com.br\/wp-content\/uploads\/2026\/02\/Como-baixar-2.jpg 446w, https:\/\/lojasosprofessoratividades.com.br\/wp-content\/uploads\/2026\/02\/Como-baixar-2-300x169.jpg 300w, https:\/\/lojasosprofessoratividades.com.br\/wp-content\/uploads\/2026\/02\/Como-baixar-2-18x10.jpg 18w\" sizes=\"auto, (max-width: 446px) 100vw, 446px\" \/><\/p>","protected":false},"featured_media":34723,"comment_status":"open","ping_status":"closed","template":"","meta":[],"product_brand":[],"product_cat":[125,127,194,205,215,217],"product_tag":[1808,399,1812,1182,1809,1126,245,1091,1807,1804,1364,1810,1811,1806,1805,343],"class_list":{"0":"post-34624","1":"product","2":"type-product","3":"status-publish","4":"has-post-thumbnail","6":"product_cat-4o-ano","7":"product_cat-5o-ano","8":"product_cat-matematica-4-ano","9":"product_cat-matematica-5-ano","10":"product_cat-recursos-didaticos-4-ano","11":"product_cat-recursos-didaticos-5-ano","12":"product_tag-arquivo-pedagogico","13":"product_tag-atividade-ludica","14":"product_tag-atividade-pronta-matematica","15":"product_tag-aula-divertida","16":"product_tag-cartaz-de-matematica","17":"product_tag-dinamica-em-grupo","18":"product_tag-ensino-fundamental","19":"product_tag-ensino-ludico","20":"product_tag-jogo-de-matematica","21":"product_tag-matematica-4o-ano","22":"product_tag-matematica-5o-ano","23":"product_tag-matematica-divertida","24":"product_tag-professor-do-fundamental","25":"product_tag-quatro-operacoes","26":"product_tag-resolucao-de-problemas","27":"product_tag-situacoes-problema","29":"first","30":"instock","31":"downloadable","32":"virtual","33":"sold-individually","34":"purchasable","35":"product-type-simple"},"yoast_head":"<!-- This site is optimized with the Yoast SEO plugin v27.6 - https:\/\/yoast.com\/product\/yoast-seo-wordpress\/ -->\n<title>Palavras M\u00e1gicas Matem\u00e1ticas \u2013 Jogo de Resolu\u00e7\u00e3o de Problemas - Loja SOS Professor Atividades<\/title>\n<meta name=\"description\" content=\"Din\u00e2mica de matem\u00e1tica para 4\u00ba e 5\u00ba ano com cartaz, 40 cards, gabarito e roteiro. Ideal para praticar as quatro opera\u00e7\u00f5es de forma l\u00fadica em sala.\" \/>\n<meta name=\"robots\" content=\"index, follow, max-snippet:-1, max-image-preview:large, max-video-preview:-1\" \/>\n<link rel=\"canonical\" href=\"https:\/\/lojasosprofessoratividades.com.br\/en\/product\/palavras-magicas-matematicas-jogo-de-resolucao-de-problemas\/\" \/>\n<meta property=\"og:locale\" content=\"en_US\" \/>\n<meta property=\"og:type\" content=\"article\" \/>\n<meta property=\"og:title\" content=\"Palavras M\u00e1gicas Matem\u00e1ticas \u2013 Jogo de Resolu\u00e7\u00e3o de Problemas - Loja SOS Professor Atividades\" \/>\n<meta property=\"og:description\" content=\"Din\u00e2mica de matem\u00e1tica para 4\u00ba e 5\u00ba ano com cartaz, 40 cards, gabarito e roteiro. Ideal para praticar as quatro opera\u00e7\u00f5es de forma l\u00fadica em sala.\" \/>\n<meta property=\"og:url\" content=\"https:\/\/lojasosprofessoratividades.com.br\/en\/product\/palavras-magicas-matematicas-jogo-de-resolucao-de-problemas\/\" \/>\n<meta property=\"og:site_name\" content=\"Loja SOS Professor Atividades\" \/>\n<meta property=\"article:publisher\" content=\"https:\/\/www.facebook.com\/sosprofessoratividades\" \/>\n<meta property=\"article:modified_time\" content=\"2026-05-08T18:47:46+00:00\" \/>\n<meta property=\"og:image\" content=\"https:\/\/lojasosprofessoratividades.com.br\/wp-content\/uploads\/2025\/05\/Palavras-Magicas-Matematicas-\u2013-Jogo-de-Resolucao-de-Problemas-1.jpg\" \/>\n\t<meta property=\"og:image:width\" content=\"800\" \/>\n\t<meta property=\"og:image:height\" content=\"693\" \/>\n\t<meta property=\"og:image:type\" content=\"image\/jpeg\" \/>\n<meta name=\"twitter:card\" content=\"summary_large_image\" \/>\n<meta name=\"twitter:label1\" content=\"Est. reading time\" \/>\n\t<meta name=\"twitter:data1\" content=\"1 minute\" \/>\n<script type=\"application\/ld+json\" class=\"yoast-schema-graph\">{\"@context\":\"https:\\\/\\\/schema.org\",\"@graph\":[{\"@type\":\"WebPage\",\"@id\":\"https:\\\/\\\/lojasosprofessoratividades.com.br\\\/produto\\\/palavras-magicas-matematicas-jogo-de-resolucao-de-problemas\\\/\",\"url\":\"https:\\\/\\\/lojasosprofessoratividades.com.br\\\/produto\\\/palavras-magicas-matematicas-jogo-de-resolucao-de-problemas\\\/\",\"name\":\"Palavras M\u00e1gicas Matem\u00e1ticas \u2013 Jogo de Resolu\u00e7\u00e3o de Problemas - Loja SOS Professor Atividades\",\"isPartOf\":{\"@id\":\"https:\\\/\\\/lojasosprofessoratividades.com.br\\\/#website\"},\"primaryImageOfPage\":{\"@id\":\"https:\\\/\\\/lojasosprofessoratividades.com.br\\\/produto\\\/palavras-magicas-matematicas-jogo-de-resolucao-de-problemas\\\/#primaryimage\"},\"image\":{\"@id\":\"https:\\\/\\\/lojasosprofessoratividades.com.br\\\/produto\\\/palavras-magicas-matematicas-jogo-de-resolucao-de-problemas\\\/#primaryimage\"},\"thumbnailUrl\":\"https:\\\/\\\/lojasosprofessoratividades.com.br\\\/wp-content\\\/uploads\\\/2025\\\/05\\\/Palavras-Magicas-Matematicas-\u2013-Jogo-de-Resolucao-de-Problemas-1.jpg\",\"datePublished\":\"2025-05-19T17:51:09+00:00\",\"dateModified\":\"2026-05-08T18:47:46+00:00\",\"description\":\"Din\u00e2mica de matem\u00e1tica para 4\u00ba e 5\u00ba ano com cartaz, 40 cards, gabarito e roteiro. Ideal para praticar as quatro opera\u00e7\u00f5es de forma l\u00fadica em sala.\",\"breadcrumb\":{\"@id\":\"https:\\\/\\\/lojasosprofessoratividades.com.br\\\/produto\\\/palavras-magicas-matematicas-jogo-de-resolucao-de-problemas\\\/#breadcrumb\"},\"inLanguage\":\"en-US\",\"potentialAction\":[{\"@type\":\"ReadAction\",\"target\":[\"https:\\\/\\\/lojasosprofessoratividades.com.br\\\/produto\\\/palavras-magicas-matematicas-jogo-de-resolucao-de-problemas\\\/\"]}]},{\"@type\":\"ImageObject\",\"inLanguage\":\"en-US\",\"@id\":\"https:\\\/\\\/lojasosprofessoratividades.com.br\\\/produto\\\/palavras-magicas-matematicas-jogo-de-resolucao-de-problemas\\\/#primaryimage\",\"url\":\"https:\\\/\\\/lojasosprofessoratividades.com.br\\\/wp-content\\\/uploads\\\/2025\\\/05\\\/Palavras-Magicas-Matematicas-\u2013-Jogo-de-Resolucao-de-Problemas-1.jpg\",\"contentUrl\":\"https:\\\/\\\/lojasosprofessoratividades.com.br\\\/wp-content\\\/uploads\\\/2025\\\/05\\\/Palavras-Magicas-Matematicas-\u2013-Jogo-de-Resolucao-de-Problemas-1.jpg\",\"width\":800,\"height\":693,\"caption\":\"Palavras M\u00e1gicas Matem\u00e1ticas\"},{\"@type\":\"BreadcrumbList\",\"@id\":\"https:\\\/\\\/lojasosprofessoratividades.com.br\\\/produto\\\/palavras-magicas-matematicas-jogo-de-resolucao-de-problemas\\\/#breadcrumb\",\"itemListElement\":[{\"@type\":\"ListItem\",\"position\":1,\"name\":\"In\u00edcio\",\"item\":\"https:\\\/\\\/lojasosprofessoratividades.com.br\\\/\"},{\"@type\":\"ListItem\",\"position\":2,\"name\":\"Loja\",\"item\":\"https:\\\/\\\/lojasosprofessoratividades.com.br\\\/loja\\\/\"},{\"@type\":\"ListItem\",\"position\":3,\"name\":\"Palavras M\u00e1gicas Matem\u00e1ticas \u2013 Jogo de Resolu\u00e7\u00e3o de Problemas\"}]},{\"@type\":\"WebSite\",\"@id\":\"https:\\\/\\\/lojasosprofessoratividades.com.br\\\/#website\",\"url\":\"https:\\\/\\\/lojasosprofessoratividades.com.br\\\/\",\"name\":\"Loja SOS Professor Atividades\",\"description\":\"Venda de material did\u00e1tico para o ensino fundamental\",\"publisher\":{\"@id\":\"https:\\\/\\\/lojasosprofessoratividades.com.br\\\/#organization\"},\"potentialAction\":[{\"@type\":\"SearchAction\",\"target\":{\"@type\":\"EntryPoint\",\"urlTemplate\":\"https:\\\/\\\/lojasosprofessoratividades.com.br\\\/?s={search_term_string}\"},\"query-input\":{\"@type\":\"PropertyValueSpecification\",\"valueRequired\":true,\"valueName\":\"search_term_string\"}}],\"inLanguage\":\"en-US\"},{\"@type\":\"Organization\",\"@id\":\"https:\\\/\\\/lojasosprofessoratividades.com.br\\\/#organization\",\"name\":\"Loja SOS Professor Atividades\",\"url\":\"https:\\\/\\\/lojasosprofessoratividades.com.br\\\/\",\"logo\":{\"@type\":\"ImageObject\",\"inLanguage\":\"en-US\",\"@id\":\"https:\\\/\\\/lojasosprofessoratividades.com.br\\\/#\\\/schema\\\/logo\\\/image\\\/\",\"url\":\"http:\\\/\\\/lojasosprofessoratividades.com.br\\\/wp-content\\\/uploads\\\/2022\\\/04\\\/Logo.png\",\"contentUrl\":\"http:\\\/\\\/lojasosprofessoratividades.com.br\\\/wp-content\\\/uploads\\\/2022\\\/04\\\/Logo.png\",\"width\":2000,\"height\":2000,\"caption\":\"Loja SOS Professor Atividades\"},\"image\":{\"@id\":\"https:\\\/\\\/lojasosprofessoratividades.com.br\\\/#\\\/schema\\\/logo\\\/image\\\/\"},\"sameAs\":[\"https:\\\/\\\/www.facebook.com\\\/sosprofessoratividades\",\"https:\\\/\\\/www.instagram.com\\\/sosprofessoratividades\\\/\"]}]}<\/script>\n<!-- \/ Yoast SEO plugin. -->","yoast_head_json":{"title":"Palavras M\u00e1gicas Matem\u00e1ticas \u2013 Jogo de Resolu\u00e7\u00e3o de Problemas - Loja SOS Professor Atividades","description":"Din\u00e2mica de matem\u00e1tica para 4\u00ba e 5\u00ba ano com cartaz, 40 cards, gabarito e roteiro. Ideal para praticar as quatro opera\u00e7\u00f5es de forma l\u00fadica em sala.","robots":{"index":"index","follow":"follow","max-snippet":"max-snippet:-1","max-image-preview":"max-image-preview:large","max-video-preview":"max-video-preview:-1"},"canonical":"https:\/\/lojasosprofessoratividades.com.br\/en\/product\/palavras-magicas-matematicas-jogo-de-resolucao-de-problemas\/","og_locale":"en_US","og_type":"article","og_title":"Palavras M\u00e1gicas Matem\u00e1ticas \u2013 Jogo de Resolu\u00e7\u00e3o de Problemas - Loja SOS Professor Atividades","og_description":"Din\u00e2mica de matem\u00e1tica para 4\u00ba e 5\u00ba ano com cartaz, 40 cards, gabarito e roteiro. Ideal para praticar as quatro opera\u00e7\u00f5es de forma l\u00fadica em sala.","og_url":"https:\/\/lojasosprofessoratividades.com.br\/en\/product\/palavras-magicas-matematicas-jogo-de-resolucao-de-problemas\/","og_site_name":"Loja SOS Professor Atividades","article_publisher":"https:\/\/www.facebook.com\/sosprofessoratividades","article_modified_time":"2026-05-08T18:47:46+00:00","og_image":[{"width":800,"height":693,"url":"https:\/\/lojasosprofessoratividades.com.br\/wp-content\/uploads\/2025\/05\/Palavras-Magicas-Matematicas-\u2013-Jogo-de-Resolucao-de-Problemas-1.jpg","type":"image\/jpeg"}],"twitter_card":"summary_large_image","twitter_misc":{"Est. reading time":"1 minute"},"schema":{"@context":"https:\/\/schema.org","@graph":[{"@type":"WebPage","@id":"https:\/\/lojasosprofessoratividades.com.br\/produto\/palavras-magicas-matematicas-jogo-de-resolucao-de-problemas\/","url":"https:\/\/lojasosprofessoratividades.com.br\/produto\/palavras-magicas-matematicas-jogo-de-resolucao-de-problemas\/","name":"Palavras M\u00e1gicas Matem\u00e1ticas \u2013 Jogo de Resolu\u00e7\u00e3o de Problemas - Loja SOS Professor Atividades","isPartOf":{"@id":"https:\/\/lojasosprofessoratividades.com.br\/#website"},"primaryImageOfPage":{"@id":"https:\/\/lojasosprofessoratividades.com.br\/produto\/palavras-magicas-matematicas-jogo-de-resolucao-de-problemas\/#primaryimage"},"image":{"@id":"https:\/\/lojasosprofessoratividades.com.br\/produto\/palavras-magicas-matematicas-jogo-de-resolucao-de-problemas\/#primaryimage"},"thumbnailUrl":"https:\/\/lojasosprofessoratividades.com.br\/wp-content\/uploads\/2025\/05\/Palavras-Magicas-Matematicas-\u2013-Jogo-de-Resolucao-de-Problemas-1.jpg","datePublished":"2025-05-19T17:51:09+00:00","dateModified":"2026-05-08T18:47:46+00:00","description":"Din\u00e2mica de matem\u00e1tica para 4\u00ba e 5\u00ba ano com cartaz, 40 cards, gabarito e roteiro. Ideal para praticar as quatro opera\u00e7\u00f5es de forma l\u00fadica em sala.","breadcrumb":{"@id":"https:\/\/lojasosprofessoratividades.com.br\/produto\/palavras-magicas-matematicas-jogo-de-resolucao-de-problemas\/#breadcrumb"},"inLanguage":"en-US","potentialAction":[{"@type":"ReadAction","target":["https:\/\/lojasosprofessoratividades.com.br\/produto\/palavras-magicas-matematicas-jogo-de-resolucao-de-problemas\/"]}]},{"@type":"ImageObject","inLanguage":"en-US","@id":"https:\/\/lojasosprofessoratividades.com.br\/produto\/palavras-magicas-matematicas-jogo-de-resolucao-de-problemas\/#primaryimage","url":"https:\/\/lojasosprofessoratividades.com.br\/wp-content\/uploads\/2025\/05\/Palavras-Magicas-Matematicas-\u2013-Jogo-de-Resolucao-de-Problemas-1.jpg","contentUrl":"https:\/\/lojasosprofessoratividades.com.br\/wp-content\/uploads\/2025\/05\/Palavras-Magicas-Matematicas-\u2013-Jogo-de-Resolucao-de-Problemas-1.jpg","width":800,"height":693,"caption":"Palavras M\u00e1gicas Matem\u00e1ticas"},{"@type":"BreadcrumbList","@id":"https:\/\/lojasosprofessoratividades.com.br\/produto\/palavras-magicas-matematicas-jogo-de-resolucao-de-problemas\/#breadcrumb","itemListElement":[{"@type":"ListItem","position":1,"name":"In\u00edcio","item":"https:\/\/lojasosprofessoratividades.com.br\/"},{"@type":"ListItem","position":2,"name":"Loja","item":"https:\/\/lojasosprofessoratividades.com.br\/loja\/"},{"@type":"ListItem","position":3,"name":"Palavras M\u00e1gicas Matem\u00e1ticas \u2013 Jogo de Resolu\u00e7\u00e3o de Problemas"}]},{"@type":"WebSite","@id":"https:\/\/lojasosprofessoratividades.com.br\/#website","url":"https:\/\/lojasosprofessoratividades.com.br\/","name":"Loja SOS Professor Atividades","description":"Venda de material did\u00e1tico para o ensino fundamental","publisher":{"@id":"https:\/\/lojasosprofessoratividades.com.br\/#organization"},"potentialAction":[{"@type":"SearchAction","target":{"@type":"EntryPoint","urlTemplate":"https:\/\/lojasosprofessoratividades.com.br\/?s={search_term_string}"},"query-input":{"@type":"PropertyValueSpecification","valueRequired":true,"valueName":"search_term_string"}}],"inLanguage":"en-US"},{"@type":"Organization","@id":"https:\/\/lojasosprofessoratividades.com.br\/#organization","name":"Loja SOS Professor Atividades","url":"https:\/\/lojasosprofessoratividades.com.br\/","logo":{"@type":"ImageObject","inLanguage":"en-US","@id":"https:\/\/lojasosprofessoratividades.com.br\/#\/schema\/logo\/image\/","url":"http:\/\/lojasosprofessoratividades.com.br\/wp-content\/uploads\/2022\/04\/Logo.png","contentUrl":"http:\/\/lojasosprofessoratividades.com.br\/wp-content\/uploads\/2022\/04\/Logo.png","width":2000,"height":2000,"caption":"Loja SOS Professor Atividades"},"image":{"@id":"https:\/\/lojasosprofessoratividades.com.br\/#\/schema\/logo\/image\/"},"sameAs":["https:\/\/www.facebook.com\/sosprofessoratividades","https:\/\/www.instagram.com\/sosprofessoratividades\/"]}]}},"_links":{"self":[{"href":"https:\/\/lojasosprofessoratividades.com.br\/en\/wp-json\/wp\/v2\/product\/34624","targetHints":{"allow":["GET"]}}],"collection":[{"href":"https:\/\/lojasosprofessoratividades.com.br\/en\/wp-json\/wp\/v2\/product"}],"about":[{"href":"https:\/\/lojasosprofessoratividades.com.br\/en\/wp-json\/wp\/v2\/types\/product"}],"replies":[{"embeddable":true,"href":"https:\/\/lojasosprofessoratividades.com.br\/en\/wp-json\/wp\/v2\/comments?post=34624"}],"wp:featuredmedia":[{"embeddable":true,"href":"https:\/\/lojasosprofessoratividades.com.br\/en\/wp-json\/wp\/v2\/media\/34723"}],"wp:attachment":[{"href":"https:\/\/lojasosprofessoratividades.com.br\/en\/wp-json\/wp\/v2\/media?parent=34624"}],"wp:term":[{"taxonomy":"product_brand","embeddable":true,"href":"https:\/\/lojasosprofessoratividades.com.br\/en\/wp-json\/wp\/v2\/product_brand?post=34624"},{"taxonomy":"product_cat","embeddable":true,"href":"https:\/\/lojasosprofessoratividades.com.br\/en\/wp-json\/wp\/v2\/product_cat?post=34624"},{"taxonomy":"product_tag","embeddable":true,"href":"https:\/\/lojasosprofessoratividades.com.br\/en\/wp-json\/wp\/v2\/product_tag?post=34624"}],"curies":[{"name":"wp","href":"https:\/\/api.w.org\/{rel}","templated":true}]}}