{"id":34625,"date":"2025-05-10T16:58:47","date_gmt":"2025-05-10T19:58:47","guid":{"rendered":"https:\/\/lojasosprofessoratividades.com.br\/?post_type=product&#038;p=34625"},"modified":"2026-05-08T15:46:47","modified_gmt":"2026-05-08T18:46:47","slug":"atividades-pedagogicas-de-festa-junina-arraia-do-coracao","status":"publish","type":"product","link":"https:\/\/lojasosprofessoratividades.com.br\/en\/product\/atividades-pedagogicas-de-festa-junina-arraia-do-coracao\/","title":{"rendered":"Atividades Pedag\u00f3gicas de Festa Junina &#8220;Arrai\u00e1 do cora\u00e7\u00e3o&#8221;"},"content":{"rendered":"","protected":false},"excerpt":{"rendered":"<p data-start=\"202\" data-end=\"365\"><span class=\"_fadeIn_m1hgl_8\">Leve <\/span><span class=\"_fadeIn_m1hgl_8\">o <\/span><span class=\"_fadeIn_m1hgl_8\">clima <\/span><span class=\"_fadeIn_m1hgl_8\">das <\/span><span class=\"_fadeIn_m1hgl_8\">festas <\/span><span class=\"_fadeIn_m1hgl_8\">juninas <\/span><span class=\"_fadeIn_m1hgl_8\">para <\/span><span class=\"_fadeIn_m1hgl_8\">sua <\/span><span class=\"_fadeIn_m1hgl_8\">sala <\/span><span class=\"_fadeIn_m1hgl_8\">de <\/span><span class=\"_fadeIn_m1hgl_8\">aula <\/span><span class=\"_fadeIn_m1hgl_8\">com <\/span><span class=\"_fadeIn_m1hgl_8\">este <\/span><strong data-start=\"265\" data-end=\"308\"><span class=\"_fadeIn_m1hgl_8\">arquivo <\/span><span class=\"_fadeIn_m1hgl_8\">completo <\/span><span class=\"_fadeIn_m1hgl_8\">e <\/span><span class=\"_fadeIn_m1hgl_8\">pronto <\/span><span class=\"_fadeIn_m1hgl_8\">para <\/span><span class=\"_fadeIn_m1hgl_8\">imprimir<\/span><\/strong><span class=\"_fadeIn_m1hgl_8\">, <\/span><span class=\"_fadeIn_m1hgl_8\">pensado <\/span><span class=\"_fadeIn_m1hgl_8\">especialmente <\/span><span class=\"_fadeIn_m1hgl_8\">para <\/span><span class=\"_fadeIn_m1hgl_8\">turmas <\/span><span class=\"_fadeIn_m1hgl_8\">do <\/span><strong data-start=\"347\" data-end=\"362\"><span class=\"_fadeIn_m1hgl_8\">4\u00ba <\/span><span class=\"_fadeIn_m1hgl_8\">e <\/span><span class=\"_fadeIn_m1hgl_8\">5\u00ba <\/span><span class=\"_fadeIn_m1hgl_8\">ano<\/span><\/strong><span class=\"_fadeIn_m1hgl_8\">!<\/span><\/p>\n<p data-start=\"367\" data-end=\"738\"><strong data-start=\"369\" data-end=\"393\"><span class=\"_fadeIn_m1hgl_8\">Conte\u00fado <\/span><span class=\"_fadeIn_m1hgl_8\">do <\/span><span class=\"_fadeIn_m1hgl_8\">arquivo:<\/span><\/strong><br data-start=\"393\" data-end=\"396\" \/><span class=\"_fadeIn_m1hgl_8\"> \u2714\ufe0f <\/span><span class=\"_fadeIn_m1hgl_8\">Poesia <\/span><span class=\"_fadeIn_m1hgl_8\">tem\u00e1tica <\/span><span class=\"_fadeIn_m1hgl_8\">divertida <\/span><span class=\"_fadeIn_m1hgl_8\">sobre <\/span><span class=\"_fadeIn_m1hgl_8\">o <\/span><span class=\"_fadeIn_m1hgl_8\">arrai\u00e1<\/span><br data-start=\"438\" data-end=\"441\" \/><span class=\"_fadeIn_m1hgl_8\"> \u2714\ufe0f <\/span><span class=\"_fadeIn_m1hgl_8\">Interpreta\u00e7\u00e3o <\/span><span class=\"_fadeIn_m1hgl_8\">de <\/span><span class=\"_fadeIn_m1hgl_8\">texto <\/span><span class=\"_fadeIn_m1hgl_8\">com <\/span><span class=\"_fadeIn_m1hgl_8\">perguntas <\/span><span class=\"_fadeIn_m1hgl_8\">e <\/span><span class=\"_fadeIn_m1hgl_8\">respostas<\/span><br data-start=\"492\" data-end=\"495\" \/><span class=\"_fadeIn_m1hgl_8\">\u2714\ufe0f <\/span><span class=\"_fadeIn_m1hgl_8\">Atividades <\/span><span class=\"_fadeIn_m1hgl_8\">com <\/span><span class=\"_fadeIn_m1hgl_8\">rimas <\/span><span class=\"_fadeIn_m1hgl_8\">e <\/span><span class=\"_fadeIn_m1hgl_8\">defini\u00e7\u00e3o <\/span><span class=\"_fadeIn_m1hgl_8\">simples<\/span><br data-start=\"538\" data-end=\"541\" \/><span class=\"_fadeIn_m1hgl_8\"> \u2714\ufe0f <\/span><span class=\"_fadeIn_m1hgl_8\">Cruzadinha &#8220;<\/span><span class=\"_fadeIn_m1hgl_8\">S\u00e3o <\/span><span class=\"_fadeIn_m1hgl_8\">Jo\u00e3o <\/span><span class=\"_fadeIn_m1hgl_8\">no <\/span><span class=\"_fadeIn_m1hgl_8\">Nordeste&#8221;<\/span><br data-start=\"577\" data-end=\"580\" \/><span class=\"_fadeIn_m1hgl_8\"> \u2714\ufe0f <\/span><span class=\"_fadeIn_m1hgl_8\">Situa\u00e7\u00f5es-<\/span><span class=\"_fadeIn_m1hgl_8\">problema <\/span><span class=\"_fadeIn_m1hgl_8\">contextualizadas <\/span><span class=\"_fadeIn_m1hgl_8\">com <\/span><span class=\"_fadeIn_m1hgl_8\">as <\/span><span class=\"_fadeIn_m1hgl_8\">4 <\/span><span class=\"_fadeIn_m1hgl_8\">opera\u00e7\u00f5es<\/span><br data-start=\"636\" data-end=\"639\" \/><span class=\"_fadeIn_m1hgl_8\"> \u2714\ufe0f <\/span><span class=\"_fadeIn_m1hgl_8\">Plano <\/span><span class=\"_fadeIn_m1hgl_8\">de <\/span><span class=\"_fadeIn_m1hgl_8\">aula <\/span><span class=\"_fadeIn_m1hgl_8\">dividido <\/span><span class=\"_fadeIn_m1hgl_8\">em <\/span><span class=\"_fadeIn_m1hgl_8\">2 <\/span><span class=\"_fadeIn_m1hgl_8\">etapas (<\/span><span class=\"_fadeIn_m1hgl_8\">Portugu\u00eas <\/span><span class=\"_fadeIn_m1hgl_8\">e <\/span><span class=\"_fadeIn_m1hgl_8\">Matem\u00e1tica)<\/span><br data-start=\"701\" data-end=\"704\" \/><span class=\"_fadeIn_m1hgl_8\">\u2714\ufe0f <\/span><span class=\"_fadeIn_m1hgl_8\">Gabarito <\/span><span class=\"_fadeIn_m1hgl_8\">de <\/span><span class=\"_fadeIn_m1hgl_8\">todas <\/span><span class=\"_fadeIn_m1hgl_8\">as <\/span><span class=\"_fadeIn_m1hgl_8\">atividades<\/span><\/p>\n<p data-start=\"367\" data-end=\"738\"><em><strong>N\u00e3o<\/strong><\/em> edit\u00e1vel<\/p>\n<p data-start=\"740\" data-end=\"886\"><span class=\"_fadeIn_m1hgl_8\">Ideal <\/span><span class=\"_fadeIn_m1hgl_8\">para <\/span><span class=\"_fadeIn_m1hgl_8\">quem <\/span><span class=\"_fadeIn_m1hgl_8\">busca <\/span><strong data-start=\"762\" data-end=\"818\"><span class=\"_fadeIn_m1hgl_8\">conte\u00fado <\/span><span class=\"_fadeIn_m1hgl_8\">criativo, <\/span><span class=\"_fadeIn_m1hgl_8\">contextualizado <\/span><span class=\"_fadeIn_m1hgl_8\">e <\/span><span class=\"_fadeIn_m1hgl_8\">alinhado <\/span><span class=\"_fadeIn_m1hgl_8\">\u00e0 <\/span><span class=\"_fadeIn_m1hgl_8\">BNCC<\/span><\/strong><span class=\"_fadeIn_m1hgl_8\">!<\/span><br data-start=\"819\" data-end=\"822\" \/><span class=\"_fadeIn_m1hgl_8\">Use <\/span><span class=\"_fadeIn_m1hgl_8\">em <\/span><span class=\"_fadeIn_m1hgl_8\">sala, <\/span><span class=\"_fadeIn_m1hgl_8\">como <\/span><span class=\"_fadeIn_m1hgl_8\">refor\u00e7o, <\/span><span class=\"_fadeIn_m1hgl_8\">atividade <\/span><span class=\"_fadeIn_m1hgl_8\">extra <\/span><span class=\"_fadeIn_m1hgl_8\">ou <\/span><span class=\"_fadeIn_m1hgl_8\">material <\/span><span class=\"_fadeIn_m1hgl_8\">de <\/span><span class=\"_fadeIn_m1hgl_8\">apoio!<\/span><\/p>\n<h3>N\u00e3o enviamos por e-mail, a entrega \u00e9 via link para download. \ud83d\udc47<\/h3>\n<p><img loading=\"lazy\" decoding=\"async\" class=\"alignnone wp-image-34064 size-full\" src=\"https:\/\/lojasosprofessoratividades.com.br\/wp-content\/uploads\/2023\/08\/Aviso-Loja-atual.jpg\" alt=\"\" width=\"446\" height=\"251\" srcset=\"https:\/\/lojasosprofessoratividades.com.br\/wp-content\/uploads\/2023\/08\/Aviso-Loja-atual.jpg 446w, https:\/\/lojasosprofessoratividades.com.br\/wp-content\/uploads\/2023\/08\/Aviso-Loja-atual-300x169.jpg 300w, https:\/\/lojasosprofessoratividades.com.br\/wp-content\/uploads\/2023\/08\/Aviso-Loja-atual-18x10.jpg 18w\" sizes=\"auto, (max-width: 446px) 100vw, 446px\" \/><\/p>","protected":false},"featured_media":34631,"comment_status":"open","ping_status":"closed","template":"","meta":[],"product_brand":[],"product_cat":[125,127,216,218,205,194,204,195],"product_tag":[253,248,1816,579,375,845,245,224,250,1815,398,1813,1806,1814,343],"class_list":{"0":"post-34625","1":"product","2":"type-product","3":"status-publish","4":"has-post-thumbnail","6":"product_cat-4o-ano","7":"product_cat-5o-ano","8":"product_cat-data-comemorativa-4-ano","9":"product_cat-data-comemorativa-5-ano","10":"product_cat-matematica-5-ano","11":"product_cat-matematica-4-ano","12":"product_cat-portugues-5-anos","13":"product_cat-portugues-4-ano","14":"product_tag-4o-ano","15":"product_tag-5o-ano","16":"product_tag-atividade-interdisciplinar","17":"product_tag-atividades-educativas","18":"product_tag-bncc","19":"product_tag-cruzadinha","20":"product_tag-ensino-fundamental","21":"product_tag-festa-junina","22":"product_tag-interpretacao-de-texto","23":"product_tag-material-de-apoio","24":"product_tag-plano-de-aula","25":"product_tag-poesia-junina","26":"product_tag-quatro-operacoes","27":"product_tag-rimas","28":"product_tag-situacoes-problema","30":"first","31":"instock","32":"sale","33":"downloadable","34":"virtual","35":"sold-individually","36":"purchasable","37":"product-type-simple"},"yoast_head":"<!-- This site is optimized with the Yoast SEO plugin v27.6 - https:\/\/yoast.com\/product\/yoast-seo-wordpress\/ -->\n<title>Atividades Pedag\u00f3gicas de Festa Junina &quot;Arrai\u00e1 do cora\u00e7\u00e3o&quot; - Loja SOS Professor Atividades<\/title>\n<meta name=\"description\" content=\"Atividades juninas para 4\u00ba e 5\u00ba ano com poesia, interpreta\u00e7\u00e3o, rimas, cruzadinha, matem\u00e1tica contextualizada, plano de aula e gabarito. Alinhado \u00e0 BNCC!\" \/>\n<meta name=\"robots\" content=\"index, follow, max-snippet:-1, max-image-preview:large, max-video-preview:-1\" \/>\n<link rel=\"canonical\" href=\"https:\/\/lojasosprofessoratividades.com.br\/en\/product\/atividades-pedagogicas-de-festa-junina-arraia-do-coracao\/\" \/>\n<meta property=\"og:locale\" content=\"en_US\" \/>\n<meta property=\"og:type\" content=\"article\" \/>\n<meta property=\"og:title\" content=\"Atividades Pedag\u00f3gicas de Festa Junina &quot;Arrai\u00e1 do cora\u00e7\u00e3o&quot; - Loja SOS Professor Atividades\" \/>\n<meta property=\"og:description\" content=\"Atividades juninas para 4\u00ba e 5\u00ba ano com poesia, interpreta\u00e7\u00e3o, rimas, cruzadinha, matem\u00e1tica contextualizada, plano de aula e gabarito. Alinhado \u00e0 BNCC!\" \/>\n<meta property=\"og:url\" content=\"https:\/\/lojasosprofessoratividades.com.br\/en\/product\/atividades-pedagogicas-de-festa-junina-arraia-do-coracao\/\" \/>\n<meta property=\"og:site_name\" content=\"Loja SOS Professor Atividades\" \/>\n<meta property=\"article:publisher\" content=\"https:\/\/www.facebook.com\/sosprofessoratividades\" \/>\n<meta property=\"article:modified_time\" content=\"2026-05-08T18:46:47+00:00\" \/>\n<meta property=\"og:image\" content=\"https:\/\/lojasosprofessoratividades.com.br\/wp-content\/uploads\/2025\/05\/1-1.jpg\" \/>\n\t<meta property=\"og:image:width\" content=\"800\" \/>\n\t<meta property=\"og:image:height\" content=\"693\" \/>\n\t<meta property=\"og:image:type\" content=\"image\/jpeg\" \/>\n<meta name=\"twitter:card\" content=\"summary_large_image\" \/>\n<meta name=\"twitter:label1\" content=\"Est. reading time\" \/>\n\t<meta name=\"twitter:data1\" content=\"1 minute\" \/>\n<script type=\"application\/ld+json\" class=\"yoast-schema-graph\">{\"@context\":\"https:\\\/\\\/schema.org\",\"@graph\":[{\"@type\":\"WebPage\",\"@id\":\"https:\\\/\\\/lojasosprofessoratividades.com.br\\\/produto\\\/atividades-pedagogicas-de-festa-junina-arraia-do-coracao\\\/\",\"url\":\"https:\\\/\\\/lojasosprofessoratividades.com.br\\\/produto\\\/atividades-pedagogicas-de-festa-junina-arraia-do-coracao\\\/\",\"name\":\"Atividades Pedag\u00f3gicas de Festa Junina \\\"Arrai\u00e1 do cora\u00e7\u00e3o\\\" - Loja SOS Professor Atividades\",\"isPartOf\":{\"@id\":\"https:\\\/\\\/lojasosprofessoratividades.com.br\\\/#website\"},\"primaryImageOfPage\":{\"@id\":\"https:\\\/\\\/lojasosprofessoratividades.com.br\\\/produto\\\/atividades-pedagogicas-de-festa-junina-arraia-do-coracao\\\/#primaryimage\"},\"image\":{\"@id\":\"https:\\\/\\\/lojasosprofessoratividades.com.br\\\/produto\\\/atividades-pedagogicas-de-festa-junina-arraia-do-coracao\\\/#primaryimage\"},\"thumbnailUrl\":\"https:\\\/\\\/lojasosprofessoratividades.com.br\\\/wp-content\\\/uploads\\\/2025\\\/05\\\/1-1.jpg\",\"datePublished\":\"2025-05-10T19:58:47+00:00\",\"dateModified\":\"2026-05-08T18:46:47+00:00\",\"description\":\"Atividades juninas para 4\u00ba e 5\u00ba ano com poesia, interpreta\u00e7\u00e3o, rimas, cruzadinha, matem\u00e1tica contextualizada, plano de aula e gabarito. Alinhado \u00e0 BNCC!\",\"breadcrumb\":{\"@id\":\"https:\\\/\\\/lojasosprofessoratividades.com.br\\\/produto\\\/atividades-pedagogicas-de-festa-junina-arraia-do-coracao\\\/#breadcrumb\"},\"inLanguage\":\"en-US\",\"potentialAction\":[{\"@type\":\"ReadAction\",\"target\":[\"https:\\\/\\\/lojasosprofessoratividades.com.br\\\/produto\\\/atividades-pedagogicas-de-festa-junina-arraia-do-coracao\\\/\"]}]},{\"@type\":\"ImageObject\",\"inLanguage\":\"en-US\",\"@id\":\"https:\\\/\\\/lojasosprofessoratividades.com.br\\\/produto\\\/atividades-pedagogicas-de-festa-junina-arraia-do-coracao\\\/#primaryimage\",\"url\":\"https:\\\/\\\/lojasosprofessoratividades.com.br\\\/wp-content\\\/uploads\\\/2025\\\/05\\\/1-1.jpg\",\"contentUrl\":\"https:\\\/\\\/lojasosprofessoratividades.com.br\\\/wp-content\\\/uploads\\\/2025\\\/05\\\/1-1.jpg\",\"width\":800,\"height\":693,\"caption\":\"Atividades Pedag\u00f3gicas de Festa Junina \\\"Arrai\u00e1 do cora\u00e7\u00e3o\\\"\"},{\"@type\":\"BreadcrumbList\",\"@id\":\"https:\\\/\\\/lojasosprofessoratividades.com.br\\\/produto\\\/atividades-pedagogicas-de-festa-junina-arraia-do-coracao\\\/#breadcrumb\",\"itemListElement\":[{\"@type\":\"ListItem\",\"position\":1,\"name\":\"In\u00edcio\",\"item\":\"https:\\\/\\\/lojasosprofessoratividades.com.br\\\/\"},{\"@type\":\"ListItem\",\"position\":2,\"name\":\"Loja\",\"item\":\"https:\\\/\\\/lojasosprofessoratividades.com.br\\\/loja\\\/\"},{\"@type\":\"ListItem\",\"position\":3,\"name\":\"Atividades Pedag\u00f3gicas de Festa Junina &#8220;Arrai\u00e1 do cora\u00e7\u00e3o&#8221;\"}]},{\"@type\":\"WebSite\",\"@id\":\"https:\\\/\\\/lojasosprofessoratividades.com.br\\\/#website\",\"url\":\"https:\\\/\\\/lojasosprofessoratividades.com.br\\\/\",\"name\":\"Loja SOS Professor Atividades\",\"description\":\"Venda de material did\u00e1tico para o ensino fundamental\",\"publisher\":{\"@id\":\"https:\\\/\\\/lojasosprofessoratividades.com.br\\\/#organization\"},\"potentialAction\":[{\"@type\":\"SearchAction\",\"target\":{\"@type\":\"EntryPoint\",\"urlTemplate\":\"https:\\\/\\\/lojasosprofessoratividades.com.br\\\/?s={search_term_string}\"},\"query-input\":{\"@type\":\"PropertyValueSpecification\",\"valueRequired\":true,\"valueName\":\"search_term_string\"}}],\"inLanguage\":\"en-US\"},{\"@type\":\"Organization\",\"@id\":\"https:\\\/\\\/lojasosprofessoratividades.com.br\\\/#organization\",\"name\":\"Loja SOS Professor Atividades\",\"url\":\"https:\\\/\\\/lojasosprofessoratividades.com.br\\\/\",\"logo\":{\"@type\":\"ImageObject\",\"inLanguage\":\"en-US\",\"@id\":\"https:\\\/\\\/lojasosprofessoratividades.com.br\\\/#\\\/schema\\\/logo\\\/image\\\/\",\"url\":\"http:\\\/\\\/lojasosprofessoratividades.com.br\\\/wp-content\\\/uploads\\\/2022\\\/04\\\/Logo.png\",\"contentUrl\":\"http:\\\/\\\/lojasosprofessoratividades.com.br\\\/wp-content\\\/uploads\\\/2022\\\/04\\\/Logo.png\",\"width\":2000,\"height\":2000,\"caption\":\"Loja SOS Professor Atividades\"},\"image\":{\"@id\":\"https:\\\/\\\/lojasosprofessoratividades.com.br\\\/#\\\/schema\\\/logo\\\/image\\\/\"},\"sameAs\":[\"https:\\\/\\\/www.facebook.com\\\/sosprofessoratividades\",\"https:\\\/\\\/www.instagram.com\\\/sosprofessoratividades\\\/\"]}]}<\/script>\n<!-- \/ Yoast SEO plugin. -->","yoast_head_json":{"title":"Atividades Pedag\u00f3gicas de Festa Junina \"Arrai\u00e1 do cora\u00e7\u00e3o\" - Loja SOS Professor Atividades","description":"Atividades juninas para 4\u00ba e 5\u00ba ano com poesia, interpreta\u00e7\u00e3o, rimas, cruzadinha, matem\u00e1tica contextualizada, plano de aula e gabarito. Alinhado \u00e0 BNCC!","robots":{"index":"index","follow":"follow","max-snippet":"max-snippet:-1","max-image-preview":"max-image-preview:large","max-video-preview":"max-video-preview:-1"},"canonical":"https:\/\/lojasosprofessoratividades.com.br\/en\/product\/atividades-pedagogicas-de-festa-junina-arraia-do-coracao\/","og_locale":"en_US","og_type":"article","og_title":"Atividades Pedag\u00f3gicas de Festa Junina \"Arrai\u00e1 do cora\u00e7\u00e3o\" - Loja SOS Professor Atividades","og_description":"Atividades juninas para 4\u00ba e 5\u00ba ano com poesia, interpreta\u00e7\u00e3o, rimas, cruzadinha, matem\u00e1tica contextualizada, plano de aula e gabarito. Alinhado \u00e0 BNCC!","og_url":"https:\/\/lojasosprofessoratividades.com.br\/en\/product\/atividades-pedagogicas-de-festa-junina-arraia-do-coracao\/","og_site_name":"Loja SOS Professor Atividades","article_publisher":"https:\/\/www.facebook.com\/sosprofessoratividades","article_modified_time":"2026-05-08T18:46:47+00:00","og_image":[{"width":800,"height":693,"url":"https:\/\/lojasosprofessoratividades.com.br\/wp-content\/uploads\/2025\/05\/1-1.jpg","type":"image\/jpeg"}],"twitter_card":"summary_large_image","twitter_misc":{"Est. reading time":"1 minute"},"schema":{"@context":"https:\/\/schema.org","@graph":[{"@type":"WebPage","@id":"https:\/\/lojasosprofessoratividades.com.br\/produto\/atividades-pedagogicas-de-festa-junina-arraia-do-coracao\/","url":"https:\/\/lojasosprofessoratividades.com.br\/produto\/atividades-pedagogicas-de-festa-junina-arraia-do-coracao\/","name":"Atividades Pedag\u00f3gicas de Festa Junina \"Arrai\u00e1 do cora\u00e7\u00e3o\" - Loja SOS Professor Atividades","isPartOf":{"@id":"https:\/\/lojasosprofessoratividades.com.br\/#website"},"primaryImageOfPage":{"@id":"https:\/\/lojasosprofessoratividades.com.br\/produto\/atividades-pedagogicas-de-festa-junina-arraia-do-coracao\/#primaryimage"},"image":{"@id":"https:\/\/lojasosprofessoratividades.com.br\/produto\/atividades-pedagogicas-de-festa-junina-arraia-do-coracao\/#primaryimage"},"thumbnailUrl":"https:\/\/lojasosprofessoratividades.com.br\/wp-content\/uploads\/2025\/05\/1-1.jpg","datePublished":"2025-05-10T19:58:47+00:00","dateModified":"2026-05-08T18:46:47+00:00","description":"Atividades juninas para 4\u00ba e 5\u00ba ano com poesia, interpreta\u00e7\u00e3o, rimas, cruzadinha, matem\u00e1tica contextualizada, plano de aula e gabarito. Alinhado \u00e0 BNCC!","breadcrumb":{"@id":"https:\/\/lojasosprofessoratividades.com.br\/produto\/atividades-pedagogicas-de-festa-junina-arraia-do-coracao\/#breadcrumb"},"inLanguage":"en-US","potentialAction":[{"@type":"ReadAction","target":["https:\/\/lojasosprofessoratividades.com.br\/produto\/atividades-pedagogicas-de-festa-junina-arraia-do-coracao\/"]}]},{"@type":"ImageObject","inLanguage":"en-US","@id":"https:\/\/lojasosprofessoratividades.com.br\/produto\/atividades-pedagogicas-de-festa-junina-arraia-do-coracao\/#primaryimage","url":"https:\/\/lojasosprofessoratividades.com.br\/wp-content\/uploads\/2025\/05\/1-1.jpg","contentUrl":"https:\/\/lojasosprofessoratividades.com.br\/wp-content\/uploads\/2025\/05\/1-1.jpg","width":800,"height":693,"caption":"Atividades Pedag\u00f3gicas de Festa Junina \"Arrai\u00e1 do cora\u00e7\u00e3o\""},{"@type":"BreadcrumbList","@id":"https:\/\/lojasosprofessoratividades.com.br\/produto\/atividades-pedagogicas-de-festa-junina-arraia-do-coracao\/#breadcrumb","itemListElement":[{"@type":"ListItem","position":1,"name":"In\u00edcio","item":"https:\/\/lojasosprofessoratividades.com.br\/"},{"@type":"ListItem","position":2,"name":"Loja","item":"https:\/\/lojasosprofessoratividades.com.br\/loja\/"},{"@type":"ListItem","position":3,"name":"Atividades Pedag\u00f3gicas de Festa Junina &#8220;Arrai\u00e1 do cora\u00e7\u00e3o&#8221;"}]},{"@type":"WebSite","@id":"https:\/\/lojasosprofessoratividades.com.br\/#website","url":"https:\/\/lojasosprofessoratividades.com.br\/","name":"Loja SOS Professor Atividades","description":"Venda de material did\u00e1tico para o ensino fundamental","publisher":{"@id":"https:\/\/lojasosprofessoratividades.com.br\/#organization"},"potentialAction":[{"@type":"SearchAction","target":{"@type":"EntryPoint","urlTemplate":"https:\/\/lojasosprofessoratividades.com.br\/?s={search_term_string}"},"query-input":{"@type":"PropertyValueSpecification","valueRequired":true,"valueName":"search_term_string"}}],"inLanguage":"en-US"},{"@type":"Organization","@id":"https:\/\/lojasosprofessoratividades.com.br\/#organization","name":"Loja SOS Professor Atividades","url":"https:\/\/lojasosprofessoratividades.com.br\/","logo":{"@type":"ImageObject","inLanguage":"en-US","@id":"https:\/\/lojasosprofessoratividades.com.br\/#\/schema\/logo\/image\/","url":"http:\/\/lojasosprofessoratividades.com.br\/wp-content\/uploads\/2022\/04\/Logo.png","contentUrl":"http:\/\/lojasosprofessoratividades.com.br\/wp-content\/uploads\/2022\/04\/Logo.png","width":2000,"height":2000,"caption":"Loja SOS Professor Atividades"},"image":{"@id":"https:\/\/lojasosprofessoratividades.com.br\/#\/schema\/logo\/image\/"},"sameAs":["https:\/\/www.facebook.com\/sosprofessoratividades","https:\/\/www.instagram.com\/sosprofessoratividades\/"]}]}},"_links":{"self":[{"href":"https:\/\/lojasosprofessoratividades.com.br\/en\/wp-json\/wp\/v2\/product\/34625","targetHints":{"allow":["GET"]}}],"collection":[{"href":"https:\/\/lojasosprofessoratividades.com.br\/en\/wp-json\/wp\/v2\/product"}],"about":[{"href":"https:\/\/lojasosprofessoratividades.com.br\/en\/wp-json\/wp\/v2\/types\/product"}],"replies":[{"embeddable":true,"href":"https:\/\/lojasosprofessoratividades.com.br\/en\/wp-json\/wp\/v2\/comments?post=34625"}],"wp:featuredmedia":[{"embeddable":true,"href":"https:\/\/lojasosprofessoratividades.com.br\/en\/wp-json\/wp\/v2\/media\/34631"}],"wp:attachment":[{"href":"https:\/\/lojasosprofessoratividades.com.br\/en\/wp-json\/wp\/v2\/media?parent=34625"}],"wp:term":[{"taxonomy":"product_brand","embeddable":true,"href":"https:\/\/lojasosprofessoratividades.com.br\/en\/wp-json\/wp\/v2\/product_brand?post=34625"},{"taxonomy":"product_cat","embeddable":true,"href":"https:\/\/lojasosprofessoratividades.com.br\/en\/wp-json\/wp\/v2\/product_cat?post=34625"},{"taxonomy":"product_tag","embeddable":true,"href":"https:\/\/lojasosprofessoratividades.com.br\/en\/wp-json\/wp\/v2\/product_tag?post=34625"}],"curies":[{"name":"wp","href":"https:\/\/api.w.org\/{rel}","templated":true}]}}