{"id":34656,"date":"2025-05-13T14:10:57","date_gmt":"2025-05-13T17:10:57","guid":{"rendered":"https:\/\/lojasosprofessoratividades.com.br\/?post_type=product&#038;p=34656"},"modified":"2026-05-08T15:46:55","modified_gmt":"2026-05-08T18:46:55","slug":"ditado-no-pote-ditado-com-imagens-para-ensino-fundamental","status":"publish","type":"product","link":"https:\/\/lojasosprofessoratividades.com.br\/en\/product\/ditado-no-pote-ditado-com-imagens-para-ensino-fundamental\/","title":{"rendered":"Ditado no Pote &#8211; Ditado com Imagens para Ensino Fundamental"},"content":{"rendered":"","protected":false},"excerpt":{"rendered":"<p>Transforme o momento do ditado em uma experi\u00eancia divertida e significativa com o Ditado no Pote! Este recurso foi planejado para estimular a escrita correta das palavras, desenvolver a consci\u00eancia fonol\u00f3gica e refor\u00e7ar conte\u00fados de ortografia, tudo isso de forma visual e envolvente.<\/p>\n<p>O que cont\u00e9m o arquivo?<\/p>\n<ul>\n<li>S\u00e3o 8 p\u00e1ginas de atividades (<em><strong>n\u00e3o<\/strong><\/em> edit\u00e1veis) cuidadosamente organizadas por n\u00edveis de dificuldade.<\/li>\n<li>Orienta\u00e7\u00e3o de uso para o professor.<\/li>\n<li>Cada p\u00e1gina traz um pote com 10 imagens numeradas: o aluno observa a imagem e escreve o nome correspondente no campo indicado.<\/li>\n<li>Gabarito.<\/li>\n<\/ul>\n<p>Progress\u00e3o did\u00e1tica:<\/p>\n<p>\u2705 N\u00edvel 1: palavras com duas s\u00edlabas simples.<\/p>\n<p>\u2705 N\u00edvel 2: palavras com tr\u00eas ou mais s\u00edlabas simples.<\/p>\n<p>\u2705 N\u00edvel 3: palavras com uma s\u00edlaba complexa.<\/p>\n<p>\u2705 N\u00edvel 4: palavras com duas ou mais s\u00edlabas complexas.<\/p>\n<p>Por que usar este recurso?<br \/>\n\u2714 Excelente para o treino ortogr\u00e1fico na fase de alfabetiza\u00e7\u00e3o;<br \/>\n\u2714 Pode ser usado individualmente ou em grupo;<br \/>\n\u2714 Recurso vers\u00e1til para atividades de rotina, refor\u00e7o, avalia\u00e7\u00e3o ou cantinhos pedag\u00f3gicos;<br \/>\n\u2714 Estimula a autonomia e o prazer pela escrita.<\/p>\n<p>Indicado para:<br \/>\nProfessores dos anos iniciais do Ensino Fundamental, especialmente 1\u00ba, 2\u00ba e 3\u00ba ano, e tamb\u00e9m para refor\u00e7o escolar e apoio domiciliar.<\/p>\n<h3>N\u00e3o enviamos por e-mail, a entrega \u00e9 via link para download. \ud83d\udc47<\/h3>\n<p><img loading=\"lazy\" decoding=\"async\" class=\"alignnone wp-image-34064 size-full\" src=\"https:\/\/lojasosprofessoratividades.com.br\/wp-content\/uploads\/2023\/08\/Aviso-Loja-atual.jpg\" alt=\"\" width=\"446\" height=\"251\" srcset=\"https:\/\/lojasosprofessoratividades.com.br\/wp-content\/uploads\/2023\/08\/Aviso-Loja-atual.jpg 446w, https:\/\/lojasosprofessoratividades.com.br\/wp-content\/uploads\/2023\/08\/Aviso-Loja-atual-300x169.jpg 300w, https:\/\/lojasosprofessoratividades.com.br\/wp-content\/uploads\/2023\/08\/Aviso-Loja-atual-18x10.jpg 18w\" sizes=\"auto, (max-width: 446px) 100vw, 446px\" \/><\/p>","protected":false},"featured_media":34658,"comment_status":"open","ping_status":"closed","template":"","meta":[],"product_brand":[],"product_cat":[122,123,124,182,189,136],"product_tag":[1052,1053,274,227,554,1171,1829,1828,1826,1827,245,643,225,1326,1830],"class_list":{"0":"post-34656","1":"product","2":"type-product","3":"status-publish","4":"has-post-thumbnail","6":"product_cat-1o-ano","7":"product_cat-2o-ano","8":"product_cat-3o-ano","9":"product_cat-portugues-2-ano","10":"product_cat-portugues-3-ano","11":"product_cat-portugues-1-ano","12":"product_tag-1o-ano","13":"product_tag-2o-ano","14":"product_tag-3o-ano","15":"product_tag-alfabetizacao","16":"product_tag-atividades-ludicas","17":"product_tag-atividades-para-imprimir","18":"product_tag-consciencia-fonologica","19":"product_tag-ditado-com-imagens","20":"product_tag-ditado-ilustrado","21":"product_tag-ditado-no-pote","22":"product_tag-ensino-fundamental","23":"product_tag-material-pedagogico","24":"product_tag-ortografia","25":"product_tag-pdf-educativo","26":"product_tag-recurso-para-professores","28":"first","29":"instock","30":"downloadable","31":"virtual","32":"sold-individually","33":"purchasable","34":"product-type-simple"},"yoast_head":"<!-- This site is optimized with the Yoast SEO plugin v27.5 - https:\/\/yoast.com\/product\/yoast-seo-wordpress\/ -->\n<title>Ditado no Pote - Ditado com Imagens para Ensino Fundamental - Loja SOS Professor Atividades<\/title>\n<meta name=\"description\" content=\"Atividade de ditado ilustrado para alfabetiza\u00e7\u00e3o. PDF com 8 p\u00e1ginas e n\u00edveis progressivos. Ideal para o 1\u00ba, 2\u00ba e 3\u00ba ano do ensino fundamental.\" \/>\n<meta name=\"robots\" content=\"index, follow, max-snippet:-1, max-image-preview:large, max-video-preview:-1\" \/>\n<link rel=\"canonical\" href=\"https:\/\/lojasosprofessoratividades.com.br\/en\/product\/ditado-no-pote-ditado-com-imagens-para-ensino-fundamental\/\" \/>\n<meta property=\"og:locale\" content=\"en_US\" \/>\n<meta property=\"og:type\" content=\"article\" \/>\n<meta property=\"og:title\" content=\"Ditado no Pote - Ditado com Imagens para Ensino Fundamental - Loja SOS Professor Atividades\" \/>\n<meta property=\"og:description\" content=\"Atividade de ditado ilustrado para alfabetiza\u00e7\u00e3o. PDF com 8 p\u00e1ginas e n\u00edveis progressivos. Ideal para o 1\u00ba, 2\u00ba e 3\u00ba ano do ensino fundamental.\" \/>\n<meta property=\"og:url\" content=\"https:\/\/lojasosprofessoratividades.com.br\/en\/product\/ditado-no-pote-ditado-com-imagens-para-ensino-fundamental\/\" \/>\n<meta property=\"og:site_name\" content=\"Loja SOS Professor Atividades\" \/>\n<meta property=\"article:publisher\" content=\"https:\/\/www.facebook.com\/sosprofessoratividades\" \/>\n<meta property=\"article:modified_time\" content=\"2026-05-08T18:46:55+00:00\" \/>\n<meta property=\"og:image\" content=\"https:\/\/lojasosprofessoratividades.com.br\/wp-content\/uploads\/2025\/05\/1-2.jpg\" \/>\n\t<meta property=\"og:image:width\" content=\"800\" \/>\n\t<meta property=\"og:image:height\" content=\"693\" \/>\n\t<meta property=\"og:image:type\" content=\"image\/jpeg\" \/>\n<meta name=\"twitter:card\" content=\"summary_large_image\" \/>\n<meta name=\"twitter:label1\" content=\"Est. reading time\" \/>\n\t<meta name=\"twitter:data1\" content=\"1 minute\" \/>\n<script type=\"application\/ld+json\" class=\"yoast-schema-graph\">{\"@context\":\"https:\\\/\\\/schema.org\",\"@graph\":[{\"@type\":\"WebPage\",\"@id\":\"https:\\\/\\\/lojasosprofessoratividades.com.br\\\/produto\\\/ditado-no-pote-ditado-com-imagens-para-ensino-fundamental\\\/\",\"url\":\"https:\\\/\\\/lojasosprofessoratividades.com.br\\\/produto\\\/ditado-no-pote-ditado-com-imagens-para-ensino-fundamental\\\/\",\"name\":\"Ditado no Pote - Ditado com Imagens para Ensino Fundamental - Loja SOS Professor Atividades\",\"isPartOf\":{\"@id\":\"https:\\\/\\\/lojasosprofessoratividades.com.br\\\/#website\"},\"primaryImageOfPage\":{\"@id\":\"https:\\\/\\\/lojasosprofessoratividades.com.br\\\/produto\\\/ditado-no-pote-ditado-com-imagens-para-ensino-fundamental\\\/#primaryimage\"},\"image\":{\"@id\":\"https:\\\/\\\/lojasosprofessoratividades.com.br\\\/produto\\\/ditado-no-pote-ditado-com-imagens-para-ensino-fundamental\\\/#primaryimage\"},\"thumbnailUrl\":\"https:\\\/\\\/lojasosprofessoratividades.com.br\\\/wp-content\\\/uploads\\\/2025\\\/05\\\/1-2.jpg\",\"datePublished\":\"2025-05-13T17:10:57+00:00\",\"dateModified\":\"2026-05-08T18:46:55+00:00\",\"description\":\"Atividade de ditado ilustrado para alfabetiza\u00e7\u00e3o. PDF com 8 p\u00e1ginas e n\u00edveis progressivos. Ideal para o 1\u00ba, 2\u00ba e 3\u00ba ano do ensino fundamental.\",\"breadcrumb\":{\"@id\":\"https:\\\/\\\/lojasosprofessoratividades.com.br\\\/produto\\\/ditado-no-pote-ditado-com-imagens-para-ensino-fundamental\\\/#breadcrumb\"},\"inLanguage\":\"en-US\",\"potentialAction\":[{\"@type\":\"ReadAction\",\"target\":[\"https:\\\/\\\/lojasosprofessoratividades.com.br\\\/produto\\\/ditado-no-pote-ditado-com-imagens-para-ensino-fundamental\\\/\"]}]},{\"@type\":\"ImageObject\",\"inLanguage\":\"en-US\",\"@id\":\"https:\\\/\\\/lojasosprofessoratividades.com.br\\\/produto\\\/ditado-no-pote-ditado-com-imagens-para-ensino-fundamental\\\/#primaryimage\",\"url\":\"https:\\\/\\\/lojasosprofessoratividades.com.br\\\/wp-content\\\/uploads\\\/2025\\\/05\\\/1-2.jpg\",\"contentUrl\":\"https:\\\/\\\/lojasosprofessoratividades.com.br\\\/wp-content\\\/uploads\\\/2025\\\/05\\\/1-2.jpg\",\"width\":800,\"height\":693,\"caption\":\"Ditado no Pote - Ditado com Imagens para Ensino Fundamental\"},{\"@type\":\"BreadcrumbList\",\"@id\":\"https:\\\/\\\/lojasosprofessoratividades.com.br\\\/produto\\\/ditado-no-pote-ditado-com-imagens-para-ensino-fundamental\\\/#breadcrumb\",\"itemListElement\":[{\"@type\":\"ListItem\",\"position\":1,\"name\":\"In\u00edcio\",\"item\":\"https:\\\/\\\/lojasosprofessoratividades.com.br\\\/\"},{\"@type\":\"ListItem\",\"position\":2,\"name\":\"Loja\",\"item\":\"https:\\\/\\\/lojasosprofessoratividades.com.br\\\/loja\\\/\"},{\"@type\":\"ListItem\",\"position\":3,\"name\":\"Ditado no Pote &#8211; Ditado com Imagens para Ensino Fundamental\"}]},{\"@type\":\"WebSite\",\"@id\":\"https:\\\/\\\/lojasosprofessoratividades.com.br\\\/#website\",\"url\":\"https:\\\/\\\/lojasosprofessoratividades.com.br\\\/\",\"name\":\"Loja SOS Professor Atividades\",\"description\":\"Venda de material did\u00e1tico para o ensino fundamental\",\"publisher\":{\"@id\":\"https:\\\/\\\/lojasosprofessoratividades.com.br\\\/#organization\"},\"potentialAction\":[{\"@type\":\"SearchAction\",\"target\":{\"@type\":\"EntryPoint\",\"urlTemplate\":\"https:\\\/\\\/lojasosprofessoratividades.com.br\\\/?s={search_term_string}\"},\"query-input\":{\"@type\":\"PropertyValueSpecification\",\"valueRequired\":true,\"valueName\":\"search_term_string\"}}],\"inLanguage\":\"en-US\"},{\"@type\":\"Organization\",\"@id\":\"https:\\\/\\\/lojasosprofessoratividades.com.br\\\/#organization\",\"name\":\"Loja SOS Professor Atividades\",\"url\":\"https:\\\/\\\/lojasosprofessoratividades.com.br\\\/\",\"logo\":{\"@type\":\"ImageObject\",\"inLanguage\":\"en-US\",\"@id\":\"https:\\\/\\\/lojasosprofessoratividades.com.br\\\/#\\\/schema\\\/logo\\\/image\\\/\",\"url\":\"http:\\\/\\\/lojasosprofessoratividades.com.br\\\/wp-content\\\/uploads\\\/2022\\\/04\\\/Logo.png\",\"contentUrl\":\"http:\\\/\\\/lojasosprofessoratividades.com.br\\\/wp-content\\\/uploads\\\/2022\\\/04\\\/Logo.png\",\"width\":2000,\"height\":2000,\"caption\":\"Loja SOS Professor Atividades\"},\"image\":{\"@id\":\"https:\\\/\\\/lojasosprofessoratividades.com.br\\\/#\\\/schema\\\/logo\\\/image\\\/\"},\"sameAs\":[\"https:\\\/\\\/www.facebook.com\\\/sosprofessoratividades\",\"https:\\\/\\\/www.instagram.com\\\/sosprofessoratividades\\\/\"]}]}<\/script>\n<!-- \/ Yoast SEO plugin. -->","yoast_head_json":{"title":"Ditado no Pote - Ditado com Imagens para Ensino Fundamental - Loja SOS Professor Atividades","description":"Atividade de ditado ilustrado para alfabetiza\u00e7\u00e3o. PDF com 8 p\u00e1ginas e n\u00edveis progressivos. Ideal para o 1\u00ba, 2\u00ba e 3\u00ba ano do ensino fundamental.","robots":{"index":"index","follow":"follow","max-snippet":"max-snippet:-1","max-image-preview":"max-image-preview:large","max-video-preview":"max-video-preview:-1"},"canonical":"https:\/\/lojasosprofessoratividades.com.br\/en\/product\/ditado-no-pote-ditado-com-imagens-para-ensino-fundamental\/","og_locale":"en_US","og_type":"article","og_title":"Ditado no Pote - Ditado com Imagens para Ensino Fundamental - Loja SOS Professor Atividades","og_description":"Atividade de ditado ilustrado para alfabetiza\u00e7\u00e3o. PDF com 8 p\u00e1ginas e n\u00edveis progressivos. Ideal para o 1\u00ba, 2\u00ba e 3\u00ba ano do ensino fundamental.","og_url":"https:\/\/lojasosprofessoratividades.com.br\/en\/product\/ditado-no-pote-ditado-com-imagens-para-ensino-fundamental\/","og_site_name":"Loja SOS Professor Atividades","article_publisher":"https:\/\/www.facebook.com\/sosprofessoratividades","article_modified_time":"2026-05-08T18:46:55+00:00","og_image":[{"width":800,"height":693,"url":"https:\/\/lojasosprofessoratividades.com.br\/wp-content\/uploads\/2025\/05\/1-2.jpg","type":"image\/jpeg"}],"twitter_card":"summary_large_image","twitter_misc":{"Est. reading time":"1 minute"},"schema":{"@context":"https:\/\/schema.org","@graph":[{"@type":"WebPage","@id":"https:\/\/lojasosprofessoratividades.com.br\/produto\/ditado-no-pote-ditado-com-imagens-para-ensino-fundamental\/","url":"https:\/\/lojasosprofessoratividades.com.br\/produto\/ditado-no-pote-ditado-com-imagens-para-ensino-fundamental\/","name":"Ditado no Pote - Ditado com Imagens para Ensino Fundamental - Loja SOS Professor Atividades","isPartOf":{"@id":"https:\/\/lojasosprofessoratividades.com.br\/#website"},"primaryImageOfPage":{"@id":"https:\/\/lojasosprofessoratividades.com.br\/produto\/ditado-no-pote-ditado-com-imagens-para-ensino-fundamental\/#primaryimage"},"image":{"@id":"https:\/\/lojasosprofessoratividades.com.br\/produto\/ditado-no-pote-ditado-com-imagens-para-ensino-fundamental\/#primaryimage"},"thumbnailUrl":"https:\/\/lojasosprofessoratividades.com.br\/wp-content\/uploads\/2025\/05\/1-2.jpg","datePublished":"2025-05-13T17:10:57+00:00","dateModified":"2026-05-08T18:46:55+00:00","description":"Atividade de ditado ilustrado para alfabetiza\u00e7\u00e3o. PDF com 8 p\u00e1ginas e n\u00edveis progressivos. Ideal para o 1\u00ba, 2\u00ba e 3\u00ba ano do ensino fundamental.","breadcrumb":{"@id":"https:\/\/lojasosprofessoratividades.com.br\/produto\/ditado-no-pote-ditado-com-imagens-para-ensino-fundamental\/#breadcrumb"},"inLanguage":"en-US","potentialAction":[{"@type":"ReadAction","target":["https:\/\/lojasosprofessoratividades.com.br\/produto\/ditado-no-pote-ditado-com-imagens-para-ensino-fundamental\/"]}]},{"@type":"ImageObject","inLanguage":"en-US","@id":"https:\/\/lojasosprofessoratividades.com.br\/produto\/ditado-no-pote-ditado-com-imagens-para-ensino-fundamental\/#primaryimage","url":"https:\/\/lojasosprofessoratividades.com.br\/wp-content\/uploads\/2025\/05\/1-2.jpg","contentUrl":"https:\/\/lojasosprofessoratividades.com.br\/wp-content\/uploads\/2025\/05\/1-2.jpg","width":800,"height":693,"caption":"Ditado no Pote - Ditado com Imagens para Ensino Fundamental"},{"@type":"BreadcrumbList","@id":"https:\/\/lojasosprofessoratividades.com.br\/produto\/ditado-no-pote-ditado-com-imagens-para-ensino-fundamental\/#breadcrumb","itemListElement":[{"@type":"ListItem","position":1,"name":"In\u00edcio","item":"https:\/\/lojasosprofessoratividades.com.br\/"},{"@type":"ListItem","position":2,"name":"Loja","item":"https:\/\/lojasosprofessoratividades.com.br\/loja\/"},{"@type":"ListItem","position":3,"name":"Ditado no Pote &#8211; Ditado com Imagens para Ensino Fundamental"}]},{"@type":"WebSite","@id":"https:\/\/lojasosprofessoratividades.com.br\/#website","url":"https:\/\/lojasosprofessoratividades.com.br\/","name":"Loja SOS Professor Atividades","description":"Venda de material did\u00e1tico para o ensino fundamental","publisher":{"@id":"https:\/\/lojasosprofessoratividades.com.br\/#organization"},"potentialAction":[{"@type":"SearchAction","target":{"@type":"EntryPoint","urlTemplate":"https:\/\/lojasosprofessoratividades.com.br\/?s={search_term_string}"},"query-input":{"@type":"PropertyValueSpecification","valueRequired":true,"valueName":"search_term_string"}}],"inLanguage":"en-US"},{"@type":"Organization","@id":"https:\/\/lojasosprofessoratividades.com.br\/#organization","name":"Loja SOS Professor Atividades","url":"https:\/\/lojasosprofessoratividades.com.br\/","logo":{"@type":"ImageObject","inLanguage":"en-US","@id":"https:\/\/lojasosprofessoratividades.com.br\/#\/schema\/logo\/image\/","url":"http:\/\/lojasosprofessoratividades.com.br\/wp-content\/uploads\/2022\/04\/Logo.png","contentUrl":"http:\/\/lojasosprofessoratividades.com.br\/wp-content\/uploads\/2022\/04\/Logo.png","width":2000,"height":2000,"caption":"Loja SOS Professor Atividades"},"image":{"@id":"https:\/\/lojasosprofessoratividades.com.br\/#\/schema\/logo\/image\/"},"sameAs":["https:\/\/www.facebook.com\/sosprofessoratividades","https:\/\/www.instagram.com\/sosprofessoratividades\/"]}]}},"_links":{"self":[{"href":"https:\/\/lojasosprofessoratividades.com.br\/en\/wp-json\/wp\/v2\/product\/34656","targetHints":{"allow":["GET"]}}],"collection":[{"href":"https:\/\/lojasosprofessoratividades.com.br\/en\/wp-json\/wp\/v2\/product"}],"about":[{"href":"https:\/\/lojasosprofessoratividades.com.br\/en\/wp-json\/wp\/v2\/types\/product"}],"replies":[{"embeddable":true,"href":"https:\/\/lojasosprofessoratividades.com.br\/en\/wp-json\/wp\/v2\/comments?post=34656"}],"wp:featuredmedia":[{"embeddable":true,"href":"https:\/\/lojasosprofessoratividades.com.br\/en\/wp-json\/wp\/v2\/media\/34658"}],"wp:attachment":[{"href":"https:\/\/lojasosprofessoratividades.com.br\/en\/wp-json\/wp\/v2\/media?parent=34656"}],"wp:term":[{"taxonomy":"product_brand","embeddable":true,"href":"https:\/\/lojasosprofessoratividades.com.br\/en\/wp-json\/wp\/v2\/product_brand?post=34656"},{"taxonomy":"product_cat","embeddable":true,"href":"https:\/\/lojasosprofessoratividades.com.br\/en\/wp-json\/wp\/v2\/product_cat?post=34656"},{"taxonomy":"product_tag","embeddable":true,"href":"https:\/\/lojasosprofessoratividades.com.br\/en\/wp-json\/wp\/v2\/product_tag?post=34656"}],"curies":[{"name":"wp","href":"https:\/\/api.w.org\/{rel}","templated":true}]}}