{"id":34679,"date":"2025-05-13T23:02:09","date_gmt":"2025-05-14T02:02:09","guid":{"rendered":"https:\/\/lojasosprofessoratividades.com.br\/?post_type=product&#038;p=34679"},"modified":"2026-05-08T15:47:25","modified_gmt":"2026-05-08T18:47:25","slug":"carta-enigmatica-arraia-da-alegria","status":"publish","type":"product","link":"https:\/\/lojasosprofessoratividades.com.br\/en\/product\/carta-enigmatica-arraia-da-alegria\/","title":{"rendered":"CARTA ENIGM\u00c1TICA \u2013 ARRAI\u00c1 DA ALEGRIA"},"content":{"rendered":"","protected":false},"excerpt":{"rendered":"<p class=\"\" data-start=\"312\" data-end=\"566\">Surpreenda seus alunos com uma proposta divertida e significativa!<br data-start=\"378\" data-end=\"381\" \/>A <em data-start=\"383\" data-end=\"421\">Carta Enigm\u00e1tica \u2013 Arrai\u00e1 da Alegria<\/em> \u00e9 uma atividade l\u00fadica e interativa que estimula a leitura, a interpreta\u00e7\u00e3o e o racioc\u00ednio l\u00f3gico por meio de pistas visuais inseridas no texto.<\/p>\n<p class=\"\" data-start=\"568\" data-end=\"877\"><strong data-start=\"571\" data-end=\"608\">O que voc\u00ea recebe neste material?<\/strong><br data-start=\"608\" data-end=\"611\" \/>\u2705 Arquivo PDF da atividade: \u201cCarta Enigm\u00e1tica \u2013 Arrai\u00e1 da Alegria\u201d<br data-start=\"677\" data-end=\"680\" \/>\u2705 Gabarito completo para facilitar a corre\u00e7\u00e3o<br data-start=\"725\" data-end=\"728\" \/>\u2705 Plano de aula alinhado \u00e0 BNCC<br data-start=\"786\" data-end=\"789\" \/>\u2705 Sugest\u00f5es de trabalho com interpreta\u00e7\u00e3o, forma\u00e7\u00e3o de frases, uso do plural e sin\u00f4nimos<\/p>\n<p class=\"\" data-start=\"568\" data-end=\"877\">\u00a0Ideal para trabalhar:<\/p>\n<ul data-start=\"906\" data-end=\"1049\">\n<li class=\"\" data-start=\"906\" data-end=\"941\">\n<p class=\"\" data-start=\"908\" data-end=\"941\">Leitura e compreens\u00e3o de textos<\/p>\n<\/li>\n<li class=\"\" data-start=\"942\" data-end=\"970\">\n<p class=\"\" data-start=\"944\" data-end=\"970\">Amplia\u00e7\u00e3o de vocabul\u00e1rio<\/p>\n<\/li>\n<li class=\"\" data-start=\"971\" data-end=\"1008\">\n<p class=\"\" data-start=\"973\" data-end=\"1008\">Produ\u00e7\u00e3o escrita com criatividade<\/p>\n<\/li>\n<li class=\"\" data-start=\"1009\" data-end=\"1049\">\n<p class=\"\" data-start=\"1011\" data-end=\"1049\">Cultura e tradi\u00e7\u00f5es das festas juninas<\/p>\n<\/li>\n<\/ul>\n<p class=\"\" data-start=\"1051\" data-end=\"1116\">P\u00fablico-alvo: Professores do 3\u00ba e 4\u00ba ano do Ensino Fundamental<\/p>\n<p class=\"\" data-start=\"1118\" data-end=\"1231\">\u00a0Transforme sua aula em um momento de aprendizado e divers\u00e3o com essa proposta envolvente e pronta para aplicar!<\/p>\n<h3>N\u00e3o enviamos por e-mail, a entrega \u00e9 via link para download. \ud83d\udc47<\/h3>\n<p><img loading=\"lazy\" decoding=\"async\" class=\"alignnone wp-image-34064 size-full\" src=\"https:\/\/lojasosprofessoratividades.com.br\/wp-content\/uploads\/2023\/08\/Aviso-Loja-atual.jpg\" alt=\"\" width=\"446\" height=\"251\" srcset=\"https:\/\/lojasosprofessoratividades.com.br\/wp-content\/uploads\/2023\/08\/Aviso-Loja-atual.jpg 446w, https:\/\/lojasosprofessoratividades.com.br\/wp-content\/uploads\/2023\/08\/Aviso-Loja-atual-300x169.jpg 300w, https:\/\/lojasosprofessoratividades.com.br\/wp-content\/uploads\/2023\/08\/Aviso-Loja-atual-18x10.jpg 18w\" sizes=\"auto, (max-width: 446px) 100vw, 446px\" \/><\/p>","protected":false},"featured_media":34681,"comment_status":"open","ping_status":"closed","template":"","meta":[],"product_brand":[],"product_cat":[124,125,214,216,189,195],"product_tag":[1854,1845,1849,1853,1856,1850,1846,245,224,1839,1713,1847,1848,1855,1852,1851],"class_list":{"0":"post-34679","1":"product","2":"type-product","3":"status-publish","4":"has-post-thumbnail","6":"product_cat-3o-ano","7":"product_cat-4o-ano","8":"product_cat-data-comemorativa-3-ano","9":"product_cat-data-comemorativa-4-ano","10":"product_cat-portugues-3-ano","11":"product_cat-portugues-4-ano","12":"product_tag-alfabetizacao-divertida","13":"product_tag-atividade-festa-junina","14":"product_tag-atividade-ludica-portugues","15":"product_tag-atividade-pronta-para-imprimir","16":"product_tag-atividades-educativas-festas-tradicionais","17":"product_tag-aula-tematica-junina","18":"product_tag-carta-enigmatica","19":"product_tag-ensino-fundamental","20":"product_tag-festa-junina","21":"product_tag-festas-juninas","22":"product_tag-gabarito-incluso","23":"product_tag-interpretacao-de-texto-3o-ano","24":"product_tag-interpretacao-de-texto-4o-ano","25":"product_tag-leitura-com-imagens","26":"product_tag-material-pedagogico-junino","27":"product_tag-plano-de-aula-festa-junina","29":"first","30":"instock","31":"downloadable","32":"virtual","33":"sold-individually","34":"purchasable","35":"product-type-simple"},"yoast_head":"<!-- This site is optimized with the Yoast SEO plugin v27.6 - https:\/\/yoast.com\/product\/yoast-seo-wordpress\/ -->\n<title>CARTA ENIGM\u00c1TICA \u2013 ARRAI\u00c1 DA ALEGRIA - Loja SOS Professor Atividades<\/title>\n<meta name=\"description\" content=\"Atividade junina com leitura enigm\u00e1tica, interpreta\u00e7\u00e3o, gabarito e plano de aula. Ideal para 3\u00ba e 4\u00ba ano. Pronta para imprimir e aplicar!\" \/>\n<meta name=\"robots\" content=\"index, follow, max-snippet:-1, max-image-preview:large, max-video-preview:-1\" \/>\n<link rel=\"canonical\" href=\"https:\/\/lojasosprofessoratividades.com.br\/en\/product\/carta-enigmatica-arraia-da-alegria\/\" \/>\n<meta property=\"og:locale\" content=\"en_US\" \/>\n<meta property=\"og:type\" content=\"article\" \/>\n<meta property=\"og:title\" content=\"CARTA ENIGM\u00c1TICA \u2013 ARRAI\u00c1 DA ALEGRIA - Loja SOS Professor Atividades\" \/>\n<meta property=\"og:description\" content=\"Atividade junina com leitura enigm\u00e1tica, interpreta\u00e7\u00e3o, gabarito e plano de aula. Ideal para 3\u00ba e 4\u00ba ano. Pronta para imprimir e aplicar!\" \/>\n<meta property=\"og:url\" content=\"https:\/\/lojasosprofessoratividades.com.br\/en\/product\/carta-enigmatica-arraia-da-alegria\/\" \/>\n<meta property=\"og:site_name\" content=\"Loja SOS Professor Atividades\" \/>\n<meta property=\"article:publisher\" content=\"https:\/\/www.facebook.com\/sosprofessoratividades\" \/>\n<meta property=\"article:modified_time\" content=\"2026-05-08T18:47:25+00:00\" \/>\n<meta property=\"og:image\" content=\"https:\/\/lojasosprofessoratividades.com.br\/wp-content\/uploads\/2025\/05\/1-5.jpg\" \/>\n\t<meta property=\"og:image:width\" content=\"800\" \/>\n\t<meta property=\"og:image:height\" content=\"693\" \/>\n\t<meta property=\"og:image:type\" content=\"image\/jpeg\" \/>\n<meta name=\"twitter:card\" content=\"summary_large_image\" \/>\n<meta name=\"twitter:label1\" content=\"Est. reading time\" \/>\n\t<meta name=\"twitter:data1\" content=\"1 minute\" \/>\n<script type=\"application\/ld+json\" class=\"yoast-schema-graph\">{\"@context\":\"https:\\\/\\\/schema.org\",\"@graph\":[{\"@type\":\"WebPage\",\"@id\":\"https:\\\/\\\/lojasosprofessoratividades.com.br\\\/produto\\\/carta-enigmatica-arraia-da-alegria\\\/\",\"url\":\"https:\\\/\\\/lojasosprofessoratividades.com.br\\\/produto\\\/carta-enigmatica-arraia-da-alegria\\\/\",\"name\":\"CARTA ENIGM\u00c1TICA \u2013 ARRAI\u00c1 DA ALEGRIA - Loja SOS Professor Atividades\",\"isPartOf\":{\"@id\":\"https:\\\/\\\/lojasosprofessoratividades.com.br\\\/#website\"},\"primaryImageOfPage\":{\"@id\":\"https:\\\/\\\/lojasosprofessoratividades.com.br\\\/produto\\\/carta-enigmatica-arraia-da-alegria\\\/#primaryimage\"},\"image\":{\"@id\":\"https:\\\/\\\/lojasosprofessoratividades.com.br\\\/produto\\\/carta-enigmatica-arraia-da-alegria\\\/#primaryimage\"},\"thumbnailUrl\":\"https:\\\/\\\/lojasosprofessoratividades.com.br\\\/wp-content\\\/uploads\\\/2025\\\/05\\\/1-5.jpg\",\"datePublished\":\"2025-05-14T02:02:09+00:00\",\"dateModified\":\"2026-05-08T18:47:25+00:00\",\"description\":\"Atividade junina com leitura enigm\u00e1tica, interpreta\u00e7\u00e3o, gabarito e plano de aula. Ideal para 3\u00ba e 4\u00ba ano. Pronta para imprimir e aplicar!\",\"breadcrumb\":{\"@id\":\"https:\\\/\\\/lojasosprofessoratividades.com.br\\\/produto\\\/carta-enigmatica-arraia-da-alegria\\\/#breadcrumb\"},\"inLanguage\":\"en-US\",\"potentialAction\":[{\"@type\":\"ReadAction\",\"target\":[\"https:\\\/\\\/lojasosprofessoratividades.com.br\\\/produto\\\/carta-enigmatica-arraia-da-alegria\\\/\"]}]},{\"@type\":\"ImageObject\",\"inLanguage\":\"en-US\",\"@id\":\"https:\\\/\\\/lojasosprofessoratividades.com.br\\\/produto\\\/carta-enigmatica-arraia-da-alegria\\\/#primaryimage\",\"url\":\"https:\\\/\\\/lojasosprofessoratividades.com.br\\\/wp-content\\\/uploads\\\/2025\\\/05\\\/1-5.jpg\",\"contentUrl\":\"https:\\\/\\\/lojasosprofessoratividades.com.br\\\/wp-content\\\/uploads\\\/2025\\\/05\\\/1-5.jpg\",\"width\":800,\"height\":693,\"caption\":\"CARTA ENIGM\u00c1TICA \u2013 ARRAI\u00c1 DA ALEGRIA\"},{\"@type\":\"BreadcrumbList\",\"@id\":\"https:\\\/\\\/lojasosprofessoratividades.com.br\\\/produto\\\/carta-enigmatica-arraia-da-alegria\\\/#breadcrumb\",\"itemListElement\":[{\"@type\":\"ListItem\",\"position\":1,\"name\":\"In\u00edcio\",\"item\":\"https:\\\/\\\/lojasosprofessoratividades.com.br\\\/\"},{\"@type\":\"ListItem\",\"position\":2,\"name\":\"Loja\",\"item\":\"https:\\\/\\\/lojasosprofessoratividades.com.br\\\/loja\\\/\"},{\"@type\":\"ListItem\",\"position\":3,\"name\":\"CARTA ENIGM\u00c1TICA \u2013 ARRAI\u00c1 DA ALEGRIA\"}]},{\"@type\":\"WebSite\",\"@id\":\"https:\\\/\\\/lojasosprofessoratividades.com.br\\\/#website\",\"url\":\"https:\\\/\\\/lojasosprofessoratividades.com.br\\\/\",\"name\":\"Loja SOS Professor Atividades\",\"description\":\"Venda de material did\u00e1tico para o ensino fundamental\",\"publisher\":{\"@id\":\"https:\\\/\\\/lojasosprofessoratividades.com.br\\\/#organization\"},\"potentialAction\":[{\"@type\":\"SearchAction\",\"target\":{\"@type\":\"EntryPoint\",\"urlTemplate\":\"https:\\\/\\\/lojasosprofessoratividades.com.br\\\/?s={search_term_string}\"},\"query-input\":{\"@type\":\"PropertyValueSpecification\",\"valueRequired\":true,\"valueName\":\"search_term_string\"}}],\"inLanguage\":\"en-US\"},{\"@type\":\"Organization\",\"@id\":\"https:\\\/\\\/lojasosprofessoratividades.com.br\\\/#organization\",\"name\":\"Loja SOS Professor Atividades\",\"url\":\"https:\\\/\\\/lojasosprofessoratividades.com.br\\\/\",\"logo\":{\"@type\":\"ImageObject\",\"inLanguage\":\"en-US\",\"@id\":\"https:\\\/\\\/lojasosprofessoratividades.com.br\\\/#\\\/schema\\\/logo\\\/image\\\/\",\"url\":\"http:\\\/\\\/lojasosprofessoratividades.com.br\\\/wp-content\\\/uploads\\\/2022\\\/04\\\/Logo.png\",\"contentUrl\":\"http:\\\/\\\/lojasosprofessoratividades.com.br\\\/wp-content\\\/uploads\\\/2022\\\/04\\\/Logo.png\",\"width\":2000,\"height\":2000,\"caption\":\"Loja SOS Professor Atividades\"},\"image\":{\"@id\":\"https:\\\/\\\/lojasosprofessoratividades.com.br\\\/#\\\/schema\\\/logo\\\/image\\\/\"},\"sameAs\":[\"https:\\\/\\\/www.facebook.com\\\/sosprofessoratividades\",\"https:\\\/\\\/www.instagram.com\\\/sosprofessoratividades\\\/\"]}]}<\/script>\n<!-- \/ Yoast SEO plugin. -->","yoast_head_json":{"title":"CARTA ENIGM\u00c1TICA \u2013 ARRAI\u00c1 DA ALEGRIA - Loja SOS Professor Atividades","description":"Atividade junina com leitura enigm\u00e1tica, interpreta\u00e7\u00e3o, gabarito e plano de aula. Ideal para 3\u00ba e 4\u00ba ano. Pronta para imprimir e aplicar!","robots":{"index":"index","follow":"follow","max-snippet":"max-snippet:-1","max-image-preview":"max-image-preview:large","max-video-preview":"max-video-preview:-1"},"canonical":"https:\/\/lojasosprofessoratividades.com.br\/en\/product\/carta-enigmatica-arraia-da-alegria\/","og_locale":"en_US","og_type":"article","og_title":"CARTA ENIGM\u00c1TICA \u2013 ARRAI\u00c1 DA ALEGRIA - Loja SOS Professor Atividades","og_description":"Atividade junina com leitura enigm\u00e1tica, interpreta\u00e7\u00e3o, gabarito e plano de aula. Ideal para 3\u00ba e 4\u00ba ano. Pronta para imprimir e aplicar!","og_url":"https:\/\/lojasosprofessoratividades.com.br\/en\/product\/carta-enigmatica-arraia-da-alegria\/","og_site_name":"Loja SOS Professor Atividades","article_publisher":"https:\/\/www.facebook.com\/sosprofessoratividades","article_modified_time":"2026-05-08T18:47:25+00:00","og_image":[{"width":800,"height":693,"url":"https:\/\/lojasosprofessoratividades.com.br\/wp-content\/uploads\/2025\/05\/1-5.jpg","type":"image\/jpeg"}],"twitter_card":"summary_large_image","twitter_misc":{"Est. reading time":"1 minute"},"schema":{"@context":"https:\/\/schema.org","@graph":[{"@type":"WebPage","@id":"https:\/\/lojasosprofessoratividades.com.br\/produto\/carta-enigmatica-arraia-da-alegria\/","url":"https:\/\/lojasosprofessoratividades.com.br\/produto\/carta-enigmatica-arraia-da-alegria\/","name":"CARTA ENIGM\u00c1TICA \u2013 ARRAI\u00c1 DA ALEGRIA - Loja SOS Professor Atividades","isPartOf":{"@id":"https:\/\/lojasosprofessoratividades.com.br\/#website"},"primaryImageOfPage":{"@id":"https:\/\/lojasosprofessoratividades.com.br\/produto\/carta-enigmatica-arraia-da-alegria\/#primaryimage"},"image":{"@id":"https:\/\/lojasosprofessoratividades.com.br\/produto\/carta-enigmatica-arraia-da-alegria\/#primaryimage"},"thumbnailUrl":"https:\/\/lojasosprofessoratividades.com.br\/wp-content\/uploads\/2025\/05\/1-5.jpg","datePublished":"2025-05-14T02:02:09+00:00","dateModified":"2026-05-08T18:47:25+00:00","description":"Atividade junina com leitura enigm\u00e1tica, interpreta\u00e7\u00e3o, gabarito e plano de aula. Ideal para 3\u00ba e 4\u00ba ano. Pronta para imprimir e aplicar!","breadcrumb":{"@id":"https:\/\/lojasosprofessoratividades.com.br\/produto\/carta-enigmatica-arraia-da-alegria\/#breadcrumb"},"inLanguage":"en-US","potentialAction":[{"@type":"ReadAction","target":["https:\/\/lojasosprofessoratividades.com.br\/produto\/carta-enigmatica-arraia-da-alegria\/"]}]},{"@type":"ImageObject","inLanguage":"en-US","@id":"https:\/\/lojasosprofessoratividades.com.br\/produto\/carta-enigmatica-arraia-da-alegria\/#primaryimage","url":"https:\/\/lojasosprofessoratividades.com.br\/wp-content\/uploads\/2025\/05\/1-5.jpg","contentUrl":"https:\/\/lojasosprofessoratividades.com.br\/wp-content\/uploads\/2025\/05\/1-5.jpg","width":800,"height":693,"caption":"CARTA ENIGM\u00c1TICA \u2013 ARRAI\u00c1 DA ALEGRIA"},{"@type":"BreadcrumbList","@id":"https:\/\/lojasosprofessoratividades.com.br\/produto\/carta-enigmatica-arraia-da-alegria\/#breadcrumb","itemListElement":[{"@type":"ListItem","position":1,"name":"In\u00edcio","item":"https:\/\/lojasosprofessoratividades.com.br\/"},{"@type":"ListItem","position":2,"name":"Loja","item":"https:\/\/lojasosprofessoratividades.com.br\/loja\/"},{"@type":"ListItem","position":3,"name":"CARTA ENIGM\u00c1TICA \u2013 ARRAI\u00c1 DA ALEGRIA"}]},{"@type":"WebSite","@id":"https:\/\/lojasosprofessoratividades.com.br\/#website","url":"https:\/\/lojasosprofessoratividades.com.br\/","name":"Loja SOS Professor Atividades","description":"Venda de material did\u00e1tico para o ensino fundamental","publisher":{"@id":"https:\/\/lojasosprofessoratividades.com.br\/#organization"},"potentialAction":[{"@type":"SearchAction","target":{"@type":"EntryPoint","urlTemplate":"https:\/\/lojasosprofessoratividades.com.br\/?s={search_term_string}"},"query-input":{"@type":"PropertyValueSpecification","valueRequired":true,"valueName":"search_term_string"}}],"inLanguage":"en-US"},{"@type":"Organization","@id":"https:\/\/lojasosprofessoratividades.com.br\/#organization","name":"Loja SOS Professor Atividades","url":"https:\/\/lojasosprofessoratividades.com.br\/","logo":{"@type":"ImageObject","inLanguage":"en-US","@id":"https:\/\/lojasosprofessoratividades.com.br\/#\/schema\/logo\/image\/","url":"http:\/\/lojasosprofessoratividades.com.br\/wp-content\/uploads\/2022\/04\/Logo.png","contentUrl":"http:\/\/lojasosprofessoratividades.com.br\/wp-content\/uploads\/2022\/04\/Logo.png","width":2000,"height":2000,"caption":"Loja SOS Professor Atividades"},"image":{"@id":"https:\/\/lojasosprofessoratividades.com.br\/#\/schema\/logo\/image\/"},"sameAs":["https:\/\/www.facebook.com\/sosprofessoratividades","https:\/\/www.instagram.com\/sosprofessoratividades\/"]}]}},"_links":{"self":[{"href":"https:\/\/lojasosprofessoratividades.com.br\/en\/wp-json\/wp\/v2\/product\/34679","targetHints":{"allow":["GET"]}}],"collection":[{"href":"https:\/\/lojasosprofessoratividades.com.br\/en\/wp-json\/wp\/v2\/product"}],"about":[{"href":"https:\/\/lojasosprofessoratividades.com.br\/en\/wp-json\/wp\/v2\/types\/product"}],"replies":[{"embeddable":true,"href":"https:\/\/lojasosprofessoratividades.com.br\/en\/wp-json\/wp\/v2\/comments?post=34679"}],"wp:featuredmedia":[{"embeddable":true,"href":"https:\/\/lojasosprofessoratividades.com.br\/en\/wp-json\/wp\/v2\/media\/34681"}],"wp:attachment":[{"href":"https:\/\/lojasosprofessoratividades.com.br\/en\/wp-json\/wp\/v2\/media?parent=34679"}],"wp:term":[{"taxonomy":"product_brand","embeddable":true,"href":"https:\/\/lojasosprofessoratividades.com.br\/en\/wp-json\/wp\/v2\/product_brand?post=34679"},{"taxonomy":"product_cat","embeddable":true,"href":"https:\/\/lojasosprofessoratividades.com.br\/en\/wp-json\/wp\/v2\/product_cat?post=34679"},{"taxonomy":"product_tag","embeddable":true,"href":"https:\/\/lojasosprofessoratividades.com.br\/en\/wp-json\/wp\/v2\/product_tag?post=34679"}],"curies":[{"name":"wp","href":"https:\/\/api.w.org\/{rel}","templated":true}]}}