{"id":34715,"date":"2025-05-18T15:40:05","date_gmt":"2025-05-18T18:40:05","guid":{"rendered":"https:\/\/lojasosprofessoratividades.com.br\/?post_type=product&#038;p=34715"},"modified":"2026-05-08T15:47:39","modified_gmt":"2026-05-08T18:47:39","slug":"lendo-arte-junina-rio-acima","status":"publish","type":"product","link":"https:\/\/lojasosprofessoratividades.com.br\/en\/product\/lendo-arte-junina-rio-acima\/","title":{"rendered":"Lendo arte junina &#8211; Rio Acima"},"content":{"rendered":"","protected":false},"excerpt":{"rendered":"<p class=\"\" data-start=\"136\" data-end=\"240\">Ideal para turmas do <strong data-start=\"203\" data-end=\"240\">4\u00ba e 5\u00ba ano do Ensino Fundamental<\/strong><\/p>\n<p class=\"\" data-start=\"242\" data-end=\"537\">Transforme suas aulas com este <strong data-start=\"273\" data-end=\"313\">material completo e interdisciplinar<\/strong>, inspirado na encantadora obra <strong data-start=\"345\" data-end=\"360\">\u201cRio Acima\u201d<\/strong> do artista brasileiro <strong data-start=\"383\" data-end=\"402\">Ricardo Ferrari<\/strong>. Uma excelente oportunidade de trabalhar <strong data-start=\"444\" data-end=\"499\">arte, linguagem, geografia e interpreta\u00e7\u00e3o de texto<\/strong> com muito significado e criatividade!<\/p>\n<p class=\"\" data-start=\"242\" data-end=\"537\">Arquivo <em><strong>n\u00e3o<\/strong><\/em> edit\u00e1vel.<\/p>\n<p class=\"\" data-start=\"539\" data-end=\"1054\"><strong data-start=\"541\" data-end=\"579\">O que voc\u00ea encontra neste arquivo:<\/strong><br \/>\n\u2705 Atividade de interpreta\u00e7\u00e3o de imagem com perguntas e gabarito<br data-start=\"722\" data-end=\"725\" \/>\u2705 Proposta de produ\u00e7\u00e3o de texto com base na cena retratada<br data-start=\"783\" data-end=\"786\" \/>\u2705 Releitura art\u00edstica para estimular a criatividade dos alunos<br data-start=\"848\" data-end=\"851\" \/>\u2705 Biografia adaptada do artista Ricardo Ferrari<br data-start=\"910\" data-end=\"913\" \/>\u2705 Atividade de geografia com uso de mapa do Brasil<br data-start=\"963\" data-end=\"966\" \/>\u2705 Gabarito das atividades<br data-start=\"991\" data-end=\"994\" \/>\u2705 Plano de aula dividido em 3 encontros, alinhado \u00e0 <strong data-start=\"1046\" data-end=\"1054\">BNCC<\/strong><\/p>\n<p class=\"\" data-start=\"1183\" data-end=\"1326\">Perfeito para trabalhar <strong data-start=\"1210\" data-end=\"1290\">festas juninas, arte brasileira, leitura de imagens e localiza\u00e7\u00e3o geogr\u00e1fica<\/strong> de forma integrada e significativa!<\/p>\n<p class=\"\" data-start=\"1328\" data-end=\"1440\">Adicione j\u00e1 ao seu carrinho e leve uma proposta rica em cultura, linguagem e criatividade para sua turma!<\/p>\n<h3>N\u00e3o enviamos por e-mail, a entrega \u00e9 via link para download. \ud83d\udc47<\/h3>\n<p><img loading=\"lazy\" decoding=\"async\" class=\"alignnone wp-image-34064 size-full\" src=\"https:\/\/lojasosprofessoratividades.com.br\/wp-content\/uploads\/2023\/08\/Aviso-Loja-atual.jpg\" alt=\"\" width=\"446\" height=\"251\" srcset=\"https:\/\/lojasosprofessoratividades.com.br\/wp-content\/uploads\/2023\/08\/Aviso-Loja-atual.jpg 446w, https:\/\/lojasosprofessoratividades.com.br\/wp-content\/uploads\/2023\/08\/Aviso-Loja-atual-300x169.jpg 300w, https:\/\/lojasosprofessoratividades.com.br\/wp-content\/uploads\/2023\/08\/Aviso-Loja-atual-18x10.jpg 18w\" sizes=\"auto, (max-width: 446px) 100vw, 446px\" \/><\/p>","protected":false},"featured_media":34717,"comment_status":"open","ping_status":"closed","template":"","meta":[],"product_brand":[],"product_cat":[125,127,1858,216,218,208,193,204,195],"product_tag":[253,248,1859,546,375,551,245,224,293,1539,1862,398,251,1860,1861],"class_list":{"0":"post-34715","1":"product","2":"type-product","3":"status-publish","4":"has-post-thumbnail","6":"product_cat-4o-ano","7":"product_cat-5o-ano","8":"product_cat-arte-2","9":"product_cat-data-comemorativa-4-ano","10":"product_cat-data-comemorativa-5-ano","11":"product_cat-geografia-5-ano","12":"product_cat-geografia-4-ano","13":"product_cat-portugues-5-anos","14":"product_cat-portugues-4-ano","15":"product_tag-4o-ano","16":"product_tag-5o-ano","17":"product_tag-arte-na-educacao","18":"product_tag-atividades-pedagogicas","19":"product_tag-bncc","20":"product_tag-cultura-brasileira","21":"product_tag-ensino-fundamental","22":"product_tag-festa-junina","23":"product_tag-geografia","24":"product_tag-interdisciplinar","25":"product_tag-leitura-de-imagem","26":"product_tag-plano-de-aula","27":"product_tag-producao-de-texto","28":"product_tag-releitura-artistica","29":"product_tag-ricardo-ferrari","31":"first","32":"instock","33":"sale","34":"downloadable","35":"virtual","36":"sold-individually","37":"purchasable","38":"product-type-simple"},"yoast_head":"<!-- This site is optimized with the Yoast SEO plugin v27.5 - https:\/\/yoast.com\/product\/yoast-seo-wordpress\/ -->\n<title>Lendo arte junina - Rio Acima - Loja SOS Professor Atividades<\/title>\n<meta name=\"description\" content=\"Arquivo educativo completo sobre a obra &quot;Rio Acima&quot;, com atividades de arte, texto e geografia para alunos do 4\u00ba e 5\u00ba ano. Alinhado \u00e0 BNCC.\" \/>\n<meta name=\"robots\" content=\"index, follow, max-snippet:-1, max-image-preview:large, max-video-preview:-1\" \/>\n<link rel=\"canonical\" href=\"https:\/\/lojasosprofessoratividades.com.br\/en\/product\/lendo-arte-junina-rio-acima\/\" \/>\n<meta property=\"og:locale\" content=\"en_US\" \/>\n<meta property=\"og:type\" content=\"article\" \/>\n<meta property=\"og:title\" content=\"Lendo arte junina - Rio Acima - Loja SOS Professor Atividades\" \/>\n<meta property=\"og:description\" content=\"Arquivo educativo completo sobre a obra &quot;Rio Acima&quot;, com atividades de arte, texto e geografia para alunos do 4\u00ba e 5\u00ba ano. Alinhado \u00e0 BNCC.\" \/>\n<meta property=\"og:url\" content=\"https:\/\/lojasosprofessoratividades.com.br\/en\/product\/lendo-arte-junina-rio-acima\/\" \/>\n<meta property=\"og:site_name\" content=\"Loja SOS Professor Atividades\" \/>\n<meta property=\"article:publisher\" content=\"https:\/\/www.facebook.com\/sosprofessoratividades\" \/>\n<meta property=\"article:modified_time\" content=\"2026-05-08T18:47:39+00:00\" \/>\n<meta property=\"og:image\" content=\"https:\/\/lojasosprofessoratividades.com.br\/wp-content\/uploads\/2025\/05\/Lendo-arte-junina-Rio-Acima-1.jpg\" \/>\n\t<meta property=\"og:image:width\" content=\"800\" \/>\n\t<meta property=\"og:image:height\" content=\"693\" \/>\n\t<meta property=\"og:image:type\" content=\"image\/jpeg\" \/>\n<meta name=\"twitter:card\" content=\"summary_large_image\" \/>\n<meta name=\"twitter:label1\" content=\"Est. reading time\" \/>\n\t<meta name=\"twitter:data1\" content=\"1 minute\" \/>\n<script type=\"application\/ld+json\" class=\"yoast-schema-graph\">{\"@context\":\"https:\\\/\\\/schema.org\",\"@graph\":[{\"@type\":\"WebPage\",\"@id\":\"https:\\\/\\\/lojasosprofessoratividades.com.br\\\/produto\\\/lendo-arte-junina-rio-acima\\\/\",\"url\":\"https:\\\/\\\/lojasosprofessoratividades.com.br\\\/produto\\\/lendo-arte-junina-rio-acima\\\/\",\"name\":\"Lendo arte junina - Rio Acima - Loja SOS Professor Atividades\",\"isPartOf\":{\"@id\":\"https:\\\/\\\/lojasosprofessoratividades.com.br\\\/#website\"},\"primaryImageOfPage\":{\"@id\":\"https:\\\/\\\/lojasosprofessoratividades.com.br\\\/produto\\\/lendo-arte-junina-rio-acima\\\/#primaryimage\"},\"image\":{\"@id\":\"https:\\\/\\\/lojasosprofessoratividades.com.br\\\/produto\\\/lendo-arte-junina-rio-acima\\\/#primaryimage\"},\"thumbnailUrl\":\"https:\\\/\\\/lojasosprofessoratividades.com.br\\\/wp-content\\\/uploads\\\/2025\\\/05\\\/Lendo-arte-junina-Rio-Acima-1.jpg\",\"datePublished\":\"2025-05-18T18:40:05+00:00\",\"dateModified\":\"2026-05-08T18:47:39+00:00\",\"description\":\"Arquivo educativo completo sobre a obra \\\"Rio Acima\\\", com atividades de arte, texto e geografia para alunos do 4\u00ba e 5\u00ba ano. Alinhado \u00e0 BNCC.\",\"breadcrumb\":{\"@id\":\"https:\\\/\\\/lojasosprofessoratividades.com.br\\\/produto\\\/lendo-arte-junina-rio-acima\\\/#breadcrumb\"},\"inLanguage\":\"en-US\",\"potentialAction\":[{\"@type\":\"ReadAction\",\"target\":[\"https:\\\/\\\/lojasosprofessoratividades.com.br\\\/produto\\\/lendo-arte-junina-rio-acima\\\/\"]}]},{\"@type\":\"ImageObject\",\"inLanguage\":\"en-US\",\"@id\":\"https:\\\/\\\/lojasosprofessoratividades.com.br\\\/produto\\\/lendo-arte-junina-rio-acima\\\/#primaryimage\",\"url\":\"https:\\\/\\\/lojasosprofessoratividades.com.br\\\/wp-content\\\/uploads\\\/2025\\\/05\\\/Lendo-arte-junina-Rio-Acima-1.jpg\",\"contentUrl\":\"https:\\\/\\\/lojasosprofessoratividades.com.br\\\/wp-content\\\/uploads\\\/2025\\\/05\\\/Lendo-arte-junina-Rio-Acima-1.jpg\",\"width\":800,\"height\":693,\"caption\":\"Lendo arte junina - Rio Acima\"},{\"@type\":\"BreadcrumbList\",\"@id\":\"https:\\\/\\\/lojasosprofessoratividades.com.br\\\/produto\\\/lendo-arte-junina-rio-acima\\\/#breadcrumb\",\"itemListElement\":[{\"@type\":\"ListItem\",\"position\":1,\"name\":\"In\u00edcio\",\"item\":\"https:\\\/\\\/lojasosprofessoratividades.com.br\\\/\"},{\"@type\":\"ListItem\",\"position\":2,\"name\":\"Loja\",\"item\":\"https:\\\/\\\/lojasosprofessoratividades.com.br\\\/loja\\\/\"},{\"@type\":\"ListItem\",\"position\":3,\"name\":\"Lendo arte junina &#8211; Rio Acima\"}]},{\"@type\":\"WebSite\",\"@id\":\"https:\\\/\\\/lojasosprofessoratividades.com.br\\\/#website\",\"url\":\"https:\\\/\\\/lojasosprofessoratividades.com.br\\\/\",\"name\":\"Loja SOS Professor Atividades\",\"description\":\"Venda de material did\u00e1tico para o ensino fundamental\",\"publisher\":{\"@id\":\"https:\\\/\\\/lojasosprofessoratividades.com.br\\\/#organization\"},\"potentialAction\":[{\"@type\":\"SearchAction\",\"target\":{\"@type\":\"EntryPoint\",\"urlTemplate\":\"https:\\\/\\\/lojasosprofessoratividades.com.br\\\/?s={search_term_string}\"},\"query-input\":{\"@type\":\"PropertyValueSpecification\",\"valueRequired\":true,\"valueName\":\"search_term_string\"}}],\"inLanguage\":\"en-US\"},{\"@type\":\"Organization\",\"@id\":\"https:\\\/\\\/lojasosprofessoratividades.com.br\\\/#organization\",\"name\":\"Loja SOS Professor Atividades\",\"url\":\"https:\\\/\\\/lojasosprofessoratividades.com.br\\\/\",\"logo\":{\"@type\":\"ImageObject\",\"inLanguage\":\"en-US\",\"@id\":\"https:\\\/\\\/lojasosprofessoratividades.com.br\\\/#\\\/schema\\\/logo\\\/image\\\/\",\"url\":\"http:\\\/\\\/lojasosprofessoratividades.com.br\\\/wp-content\\\/uploads\\\/2022\\\/04\\\/Logo.png\",\"contentUrl\":\"http:\\\/\\\/lojasosprofessoratividades.com.br\\\/wp-content\\\/uploads\\\/2022\\\/04\\\/Logo.png\",\"width\":2000,\"height\":2000,\"caption\":\"Loja SOS Professor Atividades\"},\"image\":{\"@id\":\"https:\\\/\\\/lojasosprofessoratividades.com.br\\\/#\\\/schema\\\/logo\\\/image\\\/\"},\"sameAs\":[\"https:\\\/\\\/www.facebook.com\\\/sosprofessoratividades\",\"https:\\\/\\\/www.instagram.com\\\/sosprofessoratividades\\\/\"]}]}<\/script>\n<!-- \/ Yoast SEO plugin. -->","yoast_head_json":{"title":"Lendo arte junina - Rio Acima - Loja SOS Professor Atividades","description":"Arquivo educativo completo sobre a obra \"Rio Acima\", com atividades de arte, texto e geografia para alunos do 4\u00ba e 5\u00ba ano. Alinhado \u00e0 BNCC.","robots":{"index":"index","follow":"follow","max-snippet":"max-snippet:-1","max-image-preview":"max-image-preview:large","max-video-preview":"max-video-preview:-1"},"canonical":"https:\/\/lojasosprofessoratividades.com.br\/en\/product\/lendo-arte-junina-rio-acima\/","og_locale":"en_US","og_type":"article","og_title":"Lendo arte junina - Rio Acima - Loja SOS Professor Atividades","og_description":"Arquivo educativo completo sobre a obra \"Rio Acima\", com atividades de arte, texto e geografia para alunos do 4\u00ba e 5\u00ba ano. Alinhado \u00e0 BNCC.","og_url":"https:\/\/lojasosprofessoratividades.com.br\/en\/product\/lendo-arte-junina-rio-acima\/","og_site_name":"Loja SOS Professor Atividades","article_publisher":"https:\/\/www.facebook.com\/sosprofessoratividades","article_modified_time":"2026-05-08T18:47:39+00:00","og_image":[{"width":800,"height":693,"url":"https:\/\/lojasosprofessoratividades.com.br\/wp-content\/uploads\/2025\/05\/Lendo-arte-junina-Rio-Acima-1.jpg","type":"image\/jpeg"}],"twitter_card":"summary_large_image","twitter_misc":{"Est. reading time":"1 minute"},"schema":{"@context":"https:\/\/schema.org","@graph":[{"@type":"WebPage","@id":"https:\/\/lojasosprofessoratividades.com.br\/produto\/lendo-arte-junina-rio-acima\/","url":"https:\/\/lojasosprofessoratividades.com.br\/produto\/lendo-arte-junina-rio-acima\/","name":"Lendo arte junina - Rio Acima - Loja SOS Professor Atividades","isPartOf":{"@id":"https:\/\/lojasosprofessoratividades.com.br\/#website"},"primaryImageOfPage":{"@id":"https:\/\/lojasosprofessoratividades.com.br\/produto\/lendo-arte-junina-rio-acima\/#primaryimage"},"image":{"@id":"https:\/\/lojasosprofessoratividades.com.br\/produto\/lendo-arte-junina-rio-acima\/#primaryimage"},"thumbnailUrl":"https:\/\/lojasosprofessoratividades.com.br\/wp-content\/uploads\/2025\/05\/Lendo-arte-junina-Rio-Acima-1.jpg","datePublished":"2025-05-18T18:40:05+00:00","dateModified":"2026-05-08T18:47:39+00:00","description":"Arquivo educativo completo sobre a obra \"Rio Acima\", com atividades de arte, texto e geografia para alunos do 4\u00ba e 5\u00ba ano. Alinhado \u00e0 BNCC.","breadcrumb":{"@id":"https:\/\/lojasosprofessoratividades.com.br\/produto\/lendo-arte-junina-rio-acima\/#breadcrumb"},"inLanguage":"en-US","potentialAction":[{"@type":"ReadAction","target":["https:\/\/lojasosprofessoratividades.com.br\/produto\/lendo-arte-junina-rio-acima\/"]}]},{"@type":"ImageObject","inLanguage":"en-US","@id":"https:\/\/lojasosprofessoratividades.com.br\/produto\/lendo-arte-junina-rio-acima\/#primaryimage","url":"https:\/\/lojasosprofessoratividades.com.br\/wp-content\/uploads\/2025\/05\/Lendo-arte-junina-Rio-Acima-1.jpg","contentUrl":"https:\/\/lojasosprofessoratividades.com.br\/wp-content\/uploads\/2025\/05\/Lendo-arte-junina-Rio-Acima-1.jpg","width":800,"height":693,"caption":"Lendo arte junina - Rio Acima"},{"@type":"BreadcrumbList","@id":"https:\/\/lojasosprofessoratividades.com.br\/produto\/lendo-arte-junina-rio-acima\/#breadcrumb","itemListElement":[{"@type":"ListItem","position":1,"name":"In\u00edcio","item":"https:\/\/lojasosprofessoratividades.com.br\/"},{"@type":"ListItem","position":2,"name":"Loja","item":"https:\/\/lojasosprofessoratividades.com.br\/loja\/"},{"@type":"ListItem","position":3,"name":"Lendo arte junina &#8211; Rio Acima"}]},{"@type":"WebSite","@id":"https:\/\/lojasosprofessoratividades.com.br\/#website","url":"https:\/\/lojasosprofessoratividades.com.br\/","name":"Loja SOS Professor Atividades","description":"Venda de material did\u00e1tico para o ensino fundamental","publisher":{"@id":"https:\/\/lojasosprofessoratividades.com.br\/#organization"},"potentialAction":[{"@type":"SearchAction","target":{"@type":"EntryPoint","urlTemplate":"https:\/\/lojasosprofessoratividades.com.br\/?s={search_term_string}"},"query-input":{"@type":"PropertyValueSpecification","valueRequired":true,"valueName":"search_term_string"}}],"inLanguage":"en-US"},{"@type":"Organization","@id":"https:\/\/lojasosprofessoratividades.com.br\/#organization","name":"Loja SOS Professor Atividades","url":"https:\/\/lojasosprofessoratividades.com.br\/","logo":{"@type":"ImageObject","inLanguage":"en-US","@id":"https:\/\/lojasosprofessoratividades.com.br\/#\/schema\/logo\/image\/","url":"http:\/\/lojasosprofessoratividades.com.br\/wp-content\/uploads\/2022\/04\/Logo.png","contentUrl":"http:\/\/lojasosprofessoratividades.com.br\/wp-content\/uploads\/2022\/04\/Logo.png","width":2000,"height":2000,"caption":"Loja SOS Professor Atividades"},"image":{"@id":"https:\/\/lojasosprofessoratividades.com.br\/#\/schema\/logo\/image\/"},"sameAs":["https:\/\/www.facebook.com\/sosprofessoratividades","https:\/\/www.instagram.com\/sosprofessoratividades\/"]}]}},"_links":{"self":[{"href":"https:\/\/lojasosprofessoratividades.com.br\/en\/wp-json\/wp\/v2\/product\/34715","targetHints":{"allow":["GET"]}}],"collection":[{"href":"https:\/\/lojasosprofessoratividades.com.br\/en\/wp-json\/wp\/v2\/product"}],"about":[{"href":"https:\/\/lojasosprofessoratividades.com.br\/en\/wp-json\/wp\/v2\/types\/product"}],"replies":[{"embeddable":true,"href":"https:\/\/lojasosprofessoratividades.com.br\/en\/wp-json\/wp\/v2\/comments?post=34715"}],"wp:featuredmedia":[{"embeddable":true,"href":"https:\/\/lojasosprofessoratividades.com.br\/en\/wp-json\/wp\/v2\/media\/34717"}],"wp:attachment":[{"href":"https:\/\/lojasosprofessoratividades.com.br\/en\/wp-json\/wp\/v2\/media?parent=34715"}],"wp:term":[{"taxonomy":"product_brand","embeddable":true,"href":"https:\/\/lojasosprofessoratividades.com.br\/en\/wp-json\/wp\/v2\/product_brand?post=34715"},{"taxonomy":"product_cat","embeddable":true,"href":"https:\/\/lojasosprofessoratividades.com.br\/en\/wp-json\/wp\/v2\/product_cat?post=34715"},{"taxonomy":"product_tag","embeddable":true,"href":"https:\/\/lojasosprofessoratividades.com.br\/en\/wp-json\/wp\/v2\/product_tag?post=34715"}],"curies":[{"name":"wp","href":"https:\/\/api.w.org\/{rel}","templated":true}]}}