{"id":34874,"date":"2025-05-27T15:34:40","date_gmt":"2025-05-27T18:34:40","guid":{"rendered":"https:\/\/lojasosprofessoratividades.com.br\/?post_type=product&#038;p=34874"},"modified":"2026-05-08T15:39:24","modified_gmt":"2026-05-08T18:39:24","slug":"labubus-os-monstrinhos-estilosos-que-conquistaram-o-mundo","status":"publish","type":"product","link":"https:\/\/lojasosprofessoratividades.com.br\/en\/product\/labubus-os-monstrinhos-estilosos-que-conquistaram-o-mundo\/","title":{"rendered":"Labubus: os monstrinhos estilosos que conquistaram o mundo!"},"content":{"rendered":"","protected":false},"excerpt":{"rendered":"<p data-start=\"305\" data-end=\"653\">Os personagens que conquistaram a internet \u2014 e agora tamb\u00e9m na sua sala de aula!<\/p>\n<p data-start=\"305\" data-end=\"653\">Esse recurso pedag\u00f3gico foi pensado para <strong data-start=\"497\" data-end=\"590\">estimular a leitura, a interpreta\u00e7\u00e3o, o racioc\u00ednio l\u00f3gico e o olhar geogr\u00e1fico dos alunos<\/strong>, tudo de forma l\u00fadica e conectada com o universo das crian\u00e7as.<\/p>\n<p data-start=\"655\" data-end=\"968\"><strong data-start=\"658\" data-end=\"697\">Voc\u00ea encontra neste material n\u00e3o edit\u00e1vel:<\/strong><br data-start=\"697\" data-end=\"700\" \/>\u2714\ufe0f Texto informativo sobre os Labubus<br data-start=\"750\" data-end=\"753\" \/>\u2714\ufe0f Atividades de interpreta\u00e7\u00e3o de texto<br data-start=\"792\" data-end=\"795\" \/>\u2714\ufe0f Atividade de geografia com uso de planisf\u00e9rio<br data-start=\"843\" data-end=\"846\" \/>\u2714\ufe0f Situa\u00e7\u00f5es-problema com as 4 opera\u00e7\u00f5es<br data-start=\"886\" data-end=\"889\" \/>\u2714\ufe0f Plano de aula completo alinhado \u00e0 BNCC<br data-start=\"939\" data-end=\"942\" \/>\u2714\ufe0f Gabarito das atividades<\/p>\n<p data-start=\"655\" data-end=\"968\"><strong data-start=\"976\" data-end=\"991\">Ideal para:<\/strong><br data-start=\"991\" data-end=\"994\" \/>Turmas do <strong data-start=\"1004\" data-end=\"1043\">4\u00ba e 5\u00ba ano do Ensino Fundamental I<\/strong><br data-start=\"1043\" data-end=\"1046\" \/>Para professores que querem trabalhar <strong data-start=\"1079\" data-end=\"1108\">conte\u00fado interdisciplinar<\/strong> com leveza e criatividade.<\/p>\n<p data-start=\"655\" data-end=\"968\"><strong><em> Adicione ao carrinho e leve esse recurso incr\u00edvel para sua pr\u00e1tica docente!<\/em><\/strong><\/p>\n<h3>N\u00e3o enviamos por e-mail, a entrega \u00e9 via link para download. \ud83d\udc47<\/h3>\n<p><img loading=\"lazy\" decoding=\"async\" class=\"alignnone wp-image-34064 size-full\" src=\"https:\/\/lojasosprofessoratividades.com.br\/wp-content\/uploads\/2023\/08\/Aviso-Loja-atual.jpg\" alt=\"\" width=\"446\" height=\"251\" srcset=\"https:\/\/lojasosprofessoratividades.com.br\/wp-content\/uploads\/2023\/08\/Aviso-Loja-atual.jpg 446w, https:\/\/lojasosprofessoratividades.com.br\/wp-content\/uploads\/2023\/08\/Aviso-Loja-atual-300x169.jpg 300w, https:\/\/lojasosprofessoratividades.com.br\/wp-content\/uploads\/2023\/08\/Aviso-Loja-atual-18x10.jpg 18w\" sizes=\"auto, (max-width: 446px) 100vw, 446px\" \/><\/p>","protected":false},"featured_media":34876,"comment_status":"open","ping_status":"closed","template":"","meta":[],"product_brand":[],"product_cat":[125,127,193,208,205,194,195,204],"product_tag":[253,248,616,1182,375,1893,1222,245,293,250,1892,247,398,564],"class_list":{"0":"post-34874","1":"product","2":"type-product","3":"status-publish","4":"has-post-thumbnail","6":"product_cat-4o-ano","7":"product_cat-5o-ano","8":"product_cat-geografia-4-ano","9":"product_cat-geografia-5-ano","10":"product_cat-matematica-5-ano","11":"product_cat-matematica-4-ano","12":"product_cat-portugues-4-ano","13":"product_cat-portugues-5-anos","14":"product_tag-4o-ano","15":"product_tag-5o-ano","16":"product_tag-atividades-escolares","17":"product_tag-aula-divertida","18":"product_tag-bncc","19":"product_tag-cultura-pop","20":"product_tag-educacao-criativa","21":"product_tag-ensino-fundamental","22":"product_tag-geografia","23":"product_tag-interpretacao-de-texto","24":"product_tag-labubus","25":"product_tag-matematica","26":"product_tag-plano-de-aula","27":"product_tag-recursos-pedagogicos","29":"first","30":"instock","31":"downloadable","32":"virtual","33":"sold-individually","34":"purchasable","35":"product-type-simple"},"yoast_head":"<!-- This site is optimized with the Yoast SEO plugin v27.6 - https:\/\/yoast.com\/product\/yoast-seo-wordpress\/ -->\n<title>Labubus: os monstrinhos estilosos que conquistaram o mundo! - Loja SOS Professor Atividades<\/title>\n<meta name=\"description\" content=\"Material completo com texto, interpreta\u00e7\u00e3o, geografia, matem\u00e1tica, plano de aula e gabarito sobre os Labubus. Ideal para 4\u00ba e 5\u00ba ano do Fundamental.\" \/>\n<meta name=\"robots\" content=\"index, follow, max-snippet:-1, max-image-preview:large, max-video-preview:-1\" \/>\n<link rel=\"canonical\" href=\"https:\/\/lojasosprofessoratividades.com.br\/en\/product\/labubus-os-monstrinhos-estilosos-que-conquistaram-o-mundo\/\" \/>\n<meta property=\"og:locale\" content=\"en_US\" \/>\n<meta property=\"og:type\" content=\"article\" \/>\n<meta property=\"og:title\" content=\"Labubus: os monstrinhos estilosos que conquistaram o mundo! - Loja SOS Professor Atividades\" \/>\n<meta property=\"og:description\" content=\"Material completo com texto, interpreta\u00e7\u00e3o, geografia, matem\u00e1tica, plano de aula e gabarito sobre os Labubus. Ideal para 4\u00ba e 5\u00ba ano do Fundamental.\" \/>\n<meta property=\"og:url\" content=\"https:\/\/lojasosprofessoratividades.com.br\/en\/product\/labubus-os-monstrinhos-estilosos-que-conquistaram-o-mundo\/\" \/>\n<meta property=\"og:site_name\" content=\"Loja SOS Professor Atividades\" \/>\n<meta property=\"article:publisher\" content=\"https:\/\/www.facebook.com\/sosprofessoratividades\" \/>\n<meta property=\"article:modified_time\" content=\"2026-05-08T18:39:24+00:00\" \/>\n<meta property=\"og:image\" content=\"https:\/\/lojasosprofessoratividades.com.br\/wp-content\/uploads\/2025\/05\/Labubus-os-monstrinhos-estilosos-que-conquistaram-o-mundo-1.jpg\" \/>\n\t<meta property=\"og:image:width\" content=\"800\" \/>\n\t<meta property=\"og:image:height\" content=\"693\" \/>\n\t<meta property=\"og:image:type\" content=\"image\/jpeg\" \/>\n<meta name=\"twitter:card\" content=\"summary_large_image\" \/>\n<meta name=\"twitter:label1\" content=\"Est. reading time\" \/>\n\t<meta name=\"twitter:data1\" content=\"1 minute\" \/>\n<script type=\"application\/ld+json\" class=\"yoast-schema-graph\">{\"@context\":\"https:\\\/\\\/schema.org\",\"@graph\":[{\"@type\":\"WebPage\",\"@id\":\"https:\\\/\\\/lojasosprofessoratividades.com.br\\\/produto\\\/labubus-os-monstrinhos-estilosos-que-conquistaram-o-mundo\\\/\",\"url\":\"https:\\\/\\\/lojasosprofessoratividades.com.br\\\/produto\\\/labubus-os-monstrinhos-estilosos-que-conquistaram-o-mundo\\\/\",\"name\":\"Labubus: os monstrinhos estilosos que conquistaram o mundo! - Loja SOS Professor Atividades\",\"isPartOf\":{\"@id\":\"https:\\\/\\\/lojasosprofessoratividades.com.br\\\/#website\"},\"primaryImageOfPage\":{\"@id\":\"https:\\\/\\\/lojasosprofessoratividades.com.br\\\/produto\\\/labubus-os-monstrinhos-estilosos-que-conquistaram-o-mundo\\\/#primaryimage\"},\"image\":{\"@id\":\"https:\\\/\\\/lojasosprofessoratividades.com.br\\\/produto\\\/labubus-os-monstrinhos-estilosos-que-conquistaram-o-mundo\\\/#primaryimage\"},\"thumbnailUrl\":\"https:\\\/\\\/lojasosprofessoratividades.com.br\\\/wp-content\\\/uploads\\\/2025\\\/05\\\/Labubus-os-monstrinhos-estilosos-que-conquistaram-o-mundo-1.jpg\",\"datePublished\":\"2025-05-27T18:34:40+00:00\",\"dateModified\":\"2026-05-08T18:39:24+00:00\",\"description\":\"Material completo com texto, interpreta\u00e7\u00e3o, geografia, matem\u00e1tica, plano de aula e gabarito sobre os Labubus. Ideal para 4\u00ba e 5\u00ba ano do Fundamental.\",\"breadcrumb\":{\"@id\":\"https:\\\/\\\/lojasosprofessoratividades.com.br\\\/produto\\\/labubus-os-monstrinhos-estilosos-que-conquistaram-o-mundo\\\/#breadcrumb\"},\"inLanguage\":\"en-US\",\"potentialAction\":[{\"@type\":\"ReadAction\",\"target\":[\"https:\\\/\\\/lojasosprofessoratividades.com.br\\\/produto\\\/labubus-os-monstrinhos-estilosos-que-conquistaram-o-mundo\\\/\"]}]},{\"@type\":\"ImageObject\",\"inLanguage\":\"en-US\",\"@id\":\"https:\\\/\\\/lojasosprofessoratividades.com.br\\\/produto\\\/labubus-os-monstrinhos-estilosos-que-conquistaram-o-mundo\\\/#primaryimage\",\"url\":\"https:\\\/\\\/lojasosprofessoratividades.com.br\\\/wp-content\\\/uploads\\\/2025\\\/05\\\/Labubus-os-monstrinhos-estilosos-que-conquistaram-o-mundo-1.jpg\",\"contentUrl\":\"https:\\\/\\\/lojasosprofessoratividades.com.br\\\/wp-content\\\/uploads\\\/2025\\\/05\\\/Labubus-os-monstrinhos-estilosos-que-conquistaram-o-mundo-1.jpg\",\"width\":800,\"height\":693,\"caption\":\"Labubus os monstrinhos estilosos que conquistaram o mundo!\"},{\"@type\":\"BreadcrumbList\",\"@id\":\"https:\\\/\\\/lojasosprofessoratividades.com.br\\\/produto\\\/labubus-os-monstrinhos-estilosos-que-conquistaram-o-mundo\\\/#breadcrumb\",\"itemListElement\":[{\"@type\":\"ListItem\",\"position\":1,\"name\":\"In\u00edcio\",\"item\":\"https:\\\/\\\/lojasosprofessoratividades.com.br\\\/\"},{\"@type\":\"ListItem\",\"position\":2,\"name\":\"Loja\",\"item\":\"https:\\\/\\\/lojasosprofessoratividades.com.br\\\/loja\\\/\"},{\"@type\":\"ListItem\",\"position\":3,\"name\":\"Labubus: os monstrinhos estilosos que conquistaram o mundo!\"}]},{\"@type\":\"WebSite\",\"@id\":\"https:\\\/\\\/lojasosprofessoratividades.com.br\\\/#website\",\"url\":\"https:\\\/\\\/lojasosprofessoratividades.com.br\\\/\",\"name\":\"Loja SOS Professor Atividades\",\"description\":\"Venda de material did\u00e1tico para o ensino fundamental\",\"publisher\":{\"@id\":\"https:\\\/\\\/lojasosprofessoratividades.com.br\\\/#organization\"},\"potentialAction\":[{\"@type\":\"SearchAction\",\"target\":{\"@type\":\"EntryPoint\",\"urlTemplate\":\"https:\\\/\\\/lojasosprofessoratividades.com.br\\\/?s={search_term_string}\"},\"query-input\":{\"@type\":\"PropertyValueSpecification\",\"valueRequired\":true,\"valueName\":\"search_term_string\"}}],\"inLanguage\":\"en-US\"},{\"@type\":\"Organization\",\"@id\":\"https:\\\/\\\/lojasosprofessoratividades.com.br\\\/#organization\",\"name\":\"Loja SOS Professor Atividades\",\"url\":\"https:\\\/\\\/lojasosprofessoratividades.com.br\\\/\",\"logo\":{\"@type\":\"ImageObject\",\"inLanguage\":\"en-US\",\"@id\":\"https:\\\/\\\/lojasosprofessoratividades.com.br\\\/#\\\/schema\\\/logo\\\/image\\\/\",\"url\":\"http:\\\/\\\/lojasosprofessoratividades.com.br\\\/wp-content\\\/uploads\\\/2022\\\/04\\\/Logo.png\",\"contentUrl\":\"http:\\\/\\\/lojasosprofessoratividades.com.br\\\/wp-content\\\/uploads\\\/2022\\\/04\\\/Logo.png\",\"width\":2000,\"height\":2000,\"caption\":\"Loja SOS Professor Atividades\"},\"image\":{\"@id\":\"https:\\\/\\\/lojasosprofessoratividades.com.br\\\/#\\\/schema\\\/logo\\\/image\\\/\"},\"sameAs\":[\"https:\\\/\\\/www.facebook.com\\\/sosprofessoratividades\",\"https:\\\/\\\/www.instagram.com\\\/sosprofessoratividades\\\/\"]}]}<\/script>\n<!-- \/ Yoast SEO plugin. -->","yoast_head_json":{"title":"Labubus: os monstrinhos estilosos que conquistaram o mundo! - Loja SOS Professor Atividades","description":"Material completo com texto, interpreta\u00e7\u00e3o, geografia, matem\u00e1tica, plano de aula e gabarito sobre os Labubus. Ideal para 4\u00ba e 5\u00ba ano do Fundamental.","robots":{"index":"index","follow":"follow","max-snippet":"max-snippet:-1","max-image-preview":"max-image-preview:large","max-video-preview":"max-video-preview:-1"},"canonical":"https:\/\/lojasosprofessoratividades.com.br\/en\/product\/labubus-os-monstrinhos-estilosos-que-conquistaram-o-mundo\/","og_locale":"en_US","og_type":"article","og_title":"Labubus: os monstrinhos estilosos que conquistaram o mundo! - Loja SOS Professor Atividades","og_description":"Material completo com texto, interpreta\u00e7\u00e3o, geografia, matem\u00e1tica, plano de aula e gabarito sobre os Labubus. Ideal para 4\u00ba e 5\u00ba ano do Fundamental.","og_url":"https:\/\/lojasosprofessoratividades.com.br\/en\/product\/labubus-os-monstrinhos-estilosos-que-conquistaram-o-mundo\/","og_site_name":"Loja SOS Professor Atividades","article_publisher":"https:\/\/www.facebook.com\/sosprofessoratividades","article_modified_time":"2026-05-08T18:39:24+00:00","og_image":[{"width":800,"height":693,"url":"https:\/\/lojasosprofessoratividades.com.br\/wp-content\/uploads\/2025\/05\/Labubus-os-monstrinhos-estilosos-que-conquistaram-o-mundo-1.jpg","type":"image\/jpeg"}],"twitter_card":"summary_large_image","twitter_misc":{"Est. reading time":"1 minute"},"schema":{"@context":"https:\/\/schema.org","@graph":[{"@type":"WebPage","@id":"https:\/\/lojasosprofessoratividades.com.br\/produto\/labubus-os-monstrinhos-estilosos-que-conquistaram-o-mundo\/","url":"https:\/\/lojasosprofessoratividades.com.br\/produto\/labubus-os-monstrinhos-estilosos-que-conquistaram-o-mundo\/","name":"Labubus: os monstrinhos estilosos que conquistaram o mundo! - Loja SOS Professor Atividades","isPartOf":{"@id":"https:\/\/lojasosprofessoratividades.com.br\/#website"},"primaryImageOfPage":{"@id":"https:\/\/lojasosprofessoratividades.com.br\/produto\/labubus-os-monstrinhos-estilosos-que-conquistaram-o-mundo\/#primaryimage"},"image":{"@id":"https:\/\/lojasosprofessoratividades.com.br\/produto\/labubus-os-monstrinhos-estilosos-que-conquistaram-o-mundo\/#primaryimage"},"thumbnailUrl":"https:\/\/lojasosprofessoratividades.com.br\/wp-content\/uploads\/2025\/05\/Labubus-os-monstrinhos-estilosos-que-conquistaram-o-mundo-1.jpg","datePublished":"2025-05-27T18:34:40+00:00","dateModified":"2026-05-08T18:39:24+00:00","description":"Material completo com texto, interpreta\u00e7\u00e3o, geografia, matem\u00e1tica, plano de aula e gabarito sobre os Labubus. Ideal para 4\u00ba e 5\u00ba ano do Fundamental.","breadcrumb":{"@id":"https:\/\/lojasosprofessoratividades.com.br\/produto\/labubus-os-monstrinhos-estilosos-que-conquistaram-o-mundo\/#breadcrumb"},"inLanguage":"en-US","potentialAction":[{"@type":"ReadAction","target":["https:\/\/lojasosprofessoratividades.com.br\/produto\/labubus-os-monstrinhos-estilosos-que-conquistaram-o-mundo\/"]}]},{"@type":"ImageObject","inLanguage":"en-US","@id":"https:\/\/lojasosprofessoratividades.com.br\/produto\/labubus-os-monstrinhos-estilosos-que-conquistaram-o-mundo\/#primaryimage","url":"https:\/\/lojasosprofessoratividades.com.br\/wp-content\/uploads\/2025\/05\/Labubus-os-monstrinhos-estilosos-que-conquistaram-o-mundo-1.jpg","contentUrl":"https:\/\/lojasosprofessoratividades.com.br\/wp-content\/uploads\/2025\/05\/Labubus-os-monstrinhos-estilosos-que-conquistaram-o-mundo-1.jpg","width":800,"height":693,"caption":"Labubus os monstrinhos estilosos que conquistaram o mundo!"},{"@type":"BreadcrumbList","@id":"https:\/\/lojasosprofessoratividades.com.br\/produto\/labubus-os-monstrinhos-estilosos-que-conquistaram-o-mundo\/#breadcrumb","itemListElement":[{"@type":"ListItem","position":1,"name":"In\u00edcio","item":"https:\/\/lojasosprofessoratividades.com.br\/"},{"@type":"ListItem","position":2,"name":"Loja","item":"https:\/\/lojasosprofessoratividades.com.br\/loja\/"},{"@type":"ListItem","position":3,"name":"Labubus: os monstrinhos estilosos que conquistaram o mundo!"}]},{"@type":"WebSite","@id":"https:\/\/lojasosprofessoratividades.com.br\/#website","url":"https:\/\/lojasosprofessoratividades.com.br\/","name":"Loja SOS Professor Atividades","description":"Venda de material did\u00e1tico para o ensino fundamental","publisher":{"@id":"https:\/\/lojasosprofessoratividades.com.br\/#organization"},"potentialAction":[{"@type":"SearchAction","target":{"@type":"EntryPoint","urlTemplate":"https:\/\/lojasosprofessoratividades.com.br\/?s={search_term_string}"},"query-input":{"@type":"PropertyValueSpecification","valueRequired":true,"valueName":"search_term_string"}}],"inLanguage":"en-US"},{"@type":"Organization","@id":"https:\/\/lojasosprofessoratividades.com.br\/#organization","name":"Loja SOS Professor Atividades","url":"https:\/\/lojasosprofessoratividades.com.br\/","logo":{"@type":"ImageObject","inLanguage":"en-US","@id":"https:\/\/lojasosprofessoratividades.com.br\/#\/schema\/logo\/image\/","url":"http:\/\/lojasosprofessoratividades.com.br\/wp-content\/uploads\/2022\/04\/Logo.png","contentUrl":"http:\/\/lojasosprofessoratividades.com.br\/wp-content\/uploads\/2022\/04\/Logo.png","width":2000,"height":2000,"caption":"Loja SOS Professor Atividades"},"image":{"@id":"https:\/\/lojasosprofessoratividades.com.br\/#\/schema\/logo\/image\/"},"sameAs":["https:\/\/www.facebook.com\/sosprofessoratividades","https:\/\/www.instagram.com\/sosprofessoratividades\/"]}]}},"_links":{"self":[{"href":"https:\/\/lojasosprofessoratividades.com.br\/en\/wp-json\/wp\/v2\/product\/34874","targetHints":{"allow":["GET"]}}],"collection":[{"href":"https:\/\/lojasosprofessoratividades.com.br\/en\/wp-json\/wp\/v2\/product"}],"about":[{"href":"https:\/\/lojasosprofessoratividades.com.br\/en\/wp-json\/wp\/v2\/types\/product"}],"replies":[{"embeddable":true,"href":"https:\/\/lojasosprofessoratividades.com.br\/en\/wp-json\/wp\/v2\/comments?post=34874"}],"wp:featuredmedia":[{"embeddable":true,"href":"https:\/\/lojasosprofessoratividades.com.br\/en\/wp-json\/wp\/v2\/media\/34876"}],"wp:attachment":[{"href":"https:\/\/lojasosprofessoratividades.com.br\/en\/wp-json\/wp\/v2\/media?parent=34874"}],"wp:term":[{"taxonomy":"product_brand","embeddable":true,"href":"https:\/\/lojasosprofessoratividades.com.br\/en\/wp-json\/wp\/v2\/product_brand?post=34874"},{"taxonomy":"product_cat","embeddable":true,"href":"https:\/\/lojasosprofessoratividades.com.br\/en\/wp-json\/wp\/v2\/product_cat?post=34874"},{"taxonomy":"product_tag","embeddable":true,"href":"https:\/\/lojasosprofessoratividades.com.br\/en\/wp-json\/wp\/v2\/product_tag?post=34874"}],"curies":[{"name":"wp","href":"https:\/\/api.w.org\/{rel}","templated":true}]}}