{"id":34942,"date":"2025-06-01T18:15:56","date_gmt":"2025-06-01T21:15:56","guid":{"rendered":"https:\/\/lojasosprofessoratividades.com.br\/?post_type=product&#038;p=34942"},"modified":"2026-05-08T15:39:35","modified_gmt":"2026-05-08T18:39:35","slug":"projeto-luiz-gonzaga","status":"publish","type":"product","link":"https:\/\/lojasosprofessoratividades.com.br\/en\/product\/projeto-luiz-gonzaga\/","title":{"rendered":"Projeto Luiz Gonzaga"},"content":{"rendered":"","protected":false},"excerpt":{"rendered":"<p data-start=\"149\" data-end=\"260\">Ideal para turmas do <strong data-start=\"245\" data-end=\"260\">4\u00ba e 5\u00ba ano<\/strong><\/p>\n<p data-start=\"262\" data-end=\"541\">Mergulhe na riqueza da cultura nordestina com este projeto pedag\u00f3gico completo, que une <strong data-start=\"350\" data-end=\"409\">m\u00fasica, leitura, interpreta\u00e7\u00e3o, matem\u00e1tica e muito mais<\/strong>! Inspirado na vida e obra de <strong data-start=\"439\" data-end=\"455\">Luiz Gonzaga<\/strong>, o Rei do Bai\u00e3o, o material traz uma abordagem interdisciplinar que encanta e ensina!<\/p>\n<p data-start=\"543\" data-end=\"585\"><strong data-start=\"545\" data-end=\"585\">O QUE VOC\u00ca VAI ENCONTRAR NO ARQUIVO:<\/strong><\/p>\n<p data-start=\"587\" data-end=\"1420\">\u2714\ufe0f <strong data-start=\"590\" data-end=\"629\">Biografia de Luiz Gonzaga<\/strong><br data-start=\"629\" data-end=\"632\" \/>\u2714\ufe0f <strong data-start=\"635\" data-end=\"675\">Atividades de interpreta\u00e7\u00e3o de texto<\/strong><br data-start=\"675\" data-end=\"678\" \/>\u2714\ufe0f <strong data-start=\"681\" data-end=\"714\">Linha do tempo para completar<\/strong><br data-start=\"714\" data-end=\"717\" \/>\u2714\ufe0f <strong data-start=\"720\" data-end=\"767\">Texto e pesquisa sobre a cultura nordestina<\/strong><br data-start=\"767\" data-end=\"770\" \/>\u2714\ufe0f <strong data-start=\"773\" data-end=\"815\">Problemas matem\u00e1ticos contextualizados<\/strong> com a m\u00fasica &#8220;Dezessete e setecentos&#8221; (adi\u00e7\u00e3o, subtra\u00e7\u00e3o, multiplica\u00e7\u00e3o e divis\u00e3o)<br data-start=\"898\" data-end=\"901\" \/>\u2714\ufe0f <strong data-start=\"904\" data-end=\"956\" data-is-only-node=\"\">Ditado musical com a m\u00fasica \u201cA Vida do Viajante\u201d<\/strong> \u2013 ortografia e escuta ativa<br data-start=\"984\" data-end=\"987\" \/>\u2714\ufe0f <strong data-start=\"990\" data-end=\"1033\">Atividades com a m\u00fasica \u201cABC do Sert\u00e3o\u201d<\/strong> \u2013 trabalhando o alfabeto f\u00f4nico<br data-start=\"1065\" data-end=\"1068\" \/>\u2714\ufe0f <strong data-start=\"1071\" data-end=\"1121\">Leitura e interpreta\u00e7\u00e3o da can\u00e7\u00e3o \u201cAsa Branca\u201d<\/strong><br data-start=\"1121\" data-end=\"1124\" \/>\u2714\ufe0f <strong data-start=\"1127\" data-end=\"1199\">Interpreta\u00e7\u00e3o da imagem do livro \u201cLuiz Gonzaga: O Filho de Janu\u00e1rio\u201d<\/strong>, acr\u00f3stico e ca\u00e7a-palavras<br data-start=\"1226\" data-end=\"1229\" \/>\u2714\ufe0f <strong data-start=\"1232\" data-end=\"1277\">Estudo da m\u00fasica \u201cOlha pro c\u00e9u, meu amor\u201d<\/strong> \u2013 versos, estrofes e rimas<br data-start=\"1304\" data-end=\"1307\" \/>\u2714\ufe0f <strong data-start=\"1310\" data-end=\"1344\">QR Codes para ouvir as m\u00fasicas<\/strong> diretamente nas atividades<br data-start=\"1371\" data-end=\"1374\" \/>\u2714\ufe0f <strong data-start=\"1377\" data-end=\"1420\">Todas as atividades acompanham gabarito<\/strong><\/p>\n<p data-start=\"1422\" data-end=\"1572\">\ud83c\udf81 <strong data-start=\"1425\" data-end=\"1444\">B\u00d4NUS ESPECIAL:<\/strong><br data-start=\"1444\" data-end=\"1447\" \/>\u00a0&#8211; Imagem da biografia e Linha do tempo do cantor em formato A4 e P\u00f4ster (2&#215;2) para atividade coletiva.<br \/>\n&#8211; Descri\u00e7\u00e3o detalhada do projeto.<\/p>\n<p data-start=\"1422\" data-end=\"1572\">S\u00e3o <em><strong>16 folhas<\/strong><\/em> de atividades <em><strong>n\u00e3o<\/strong><\/em> edit\u00e1veis.<\/p>\n<h3>N\u00e3o enviamos por e-mail, a entrega \u00e9 via link para download. \ud83d\udc47<\/h3>\n<p><img loading=\"lazy\" decoding=\"async\" class=\"alignnone wp-image-34064 size-full\" src=\"https:\/\/lojasosprofessoratividades.com.br\/wp-content\/uploads\/2023\/08\/Aviso-Loja-atual.jpg\" alt=\"\" width=\"446\" height=\"251\" srcset=\"https:\/\/lojasosprofessoratividades.com.br\/wp-content\/uploads\/2023\/08\/Aviso-Loja-atual.jpg 446w, https:\/\/lojasosprofessoratividades.com.br\/wp-content\/uploads\/2023\/08\/Aviso-Loja-atual-300x169.jpg 300w, https:\/\/lojasosprofessoratividades.com.br\/wp-content\/uploads\/2023\/08\/Aviso-Loja-atual-18x10.jpg 18w\" sizes=\"auto, (max-width: 446px) 100vw, 446px\" \/><\/p>","protected":false},"featured_media":34948,"comment_status":"open","ping_status":"closed","template":"","meta":[],"product_brand":[],"product_cat":[125,127,218,216,205,194,204,195,217,215],"product_tag":[253,248,1898,1845,1900,546,1897,505,1901,245,224,250,1895,1835,550,1896,1899,606],"class_list":{"0":"post-34942","1":"product","2":"type-product","3":"status-publish","4":"has-post-thumbnail","6":"product_cat-4o-ano","7":"product_cat-5o-ano","8":"product_cat-data-comemorativa-5-ano","9":"product_cat-data-comemorativa-4-ano","10":"product_cat-matematica-5-ano","11":"product_cat-matematica-4-ano","12":"product_cat-portugues-5-anos","13":"product_cat-portugues-4-ano","14":"product_cat-recursos-didaticos-5-ano","15":"product_cat-recursos-didaticos-4-ano","16":"product_tag-4o-ano","17":"product_tag-5o-ano","18":"product_tag-alfabetizacao-musical","19":"product_tag-atividade-festa-junina","20":"product_tag-atividades-com-qr-code","21":"product_tag-atividades-pedagogicas","22":"product_tag-baiao","23":"product_tag-cultura-nordestina","24":"product_tag-ditado-musical","25":"product_tag-ensino-fundamental","26":"product_tag-festa-junina","27":"product_tag-interpretacao-de-texto","28":"product_tag-luiz-gonzaga","29":"product_tag-matematica-contextualizada","30":"product_tag-material-didatico","31":"product_tag-musica-na-educacao","32":"product_tag-projeto-interdisciplinar","33":"product_tag-sala-de-aula","35":"first","36":"instock","37":"sale","38":"downloadable","39":"virtual","40":"sold-individually","41":"purchasable","42":"product-type-simple"},"yoast_head":"<!-- This site is optimized with the Yoast SEO plugin v27.6 - https:\/\/yoast.com\/product\/yoast-seo-wordpress\/ -->\n<title>Projeto Luiz Gonzaga - Loja SOS Professor Atividades<\/title>\n<meta name=\"description\" content=\"Projeto Luiz Gonzaga com leitura, m\u00fasicas, cultura nordestina e atividades interdisciplinares para 4\u00ba e 5\u00ba ano. Acompanha QR Codes e gabaritos.\" \/>\n<meta name=\"robots\" content=\"index, follow, max-snippet:-1, max-image-preview:large, max-video-preview:-1\" \/>\n<link rel=\"canonical\" href=\"https:\/\/lojasosprofessoratividades.com.br\/en\/product\/projeto-luiz-gonzaga\/\" \/>\n<meta property=\"og:locale\" content=\"en_US\" \/>\n<meta property=\"og:type\" content=\"article\" \/>\n<meta property=\"og:title\" content=\"Projeto Luiz Gonzaga - Loja SOS Professor Atividades\" \/>\n<meta property=\"og:description\" content=\"Projeto Luiz Gonzaga com leitura, m\u00fasicas, cultura nordestina e atividades interdisciplinares para 4\u00ba e 5\u00ba ano. Acompanha QR Codes e gabaritos.\" \/>\n<meta property=\"og:url\" content=\"https:\/\/lojasosprofessoratividades.com.br\/en\/product\/projeto-luiz-gonzaga\/\" \/>\n<meta property=\"og:site_name\" content=\"Loja SOS Professor Atividades\" \/>\n<meta property=\"article:publisher\" content=\"https:\/\/www.facebook.com\/sosprofessoratividades\" \/>\n<meta property=\"article:modified_time\" content=\"2026-05-08T18:39:35+00:00\" \/>\n<meta property=\"og:image\" content=\"https:\/\/lojasosprofessoratividades.com.br\/wp-content\/uploads\/2025\/06\/Projeto-Luiz-Gonzaga-1.jpg\" \/>\n\t<meta property=\"og:image:width\" content=\"800\" \/>\n\t<meta property=\"og:image:height\" content=\"693\" \/>\n\t<meta property=\"og:image:type\" content=\"image\/jpeg\" \/>\n<meta name=\"twitter:card\" content=\"summary_large_image\" \/>\n<meta name=\"twitter:label1\" content=\"Est. reading time\" \/>\n\t<meta name=\"twitter:data1\" content=\"1 minute\" \/>\n<script type=\"application\/ld+json\" class=\"yoast-schema-graph\">{\"@context\":\"https:\\\/\\\/schema.org\",\"@graph\":[{\"@type\":\"WebPage\",\"@id\":\"https:\\\/\\\/lojasosprofessoratividades.com.br\\\/produto\\\/projeto-luiz-gonzaga\\\/\",\"url\":\"https:\\\/\\\/lojasosprofessoratividades.com.br\\\/produto\\\/projeto-luiz-gonzaga\\\/\",\"name\":\"Projeto Luiz Gonzaga - Loja SOS Professor Atividades\",\"isPartOf\":{\"@id\":\"https:\\\/\\\/lojasosprofessoratividades.com.br\\\/#website\"},\"primaryImageOfPage\":{\"@id\":\"https:\\\/\\\/lojasosprofessoratividades.com.br\\\/produto\\\/projeto-luiz-gonzaga\\\/#primaryimage\"},\"image\":{\"@id\":\"https:\\\/\\\/lojasosprofessoratividades.com.br\\\/produto\\\/projeto-luiz-gonzaga\\\/#primaryimage\"},\"thumbnailUrl\":\"https:\\\/\\\/lojasosprofessoratividades.com.br\\\/wp-content\\\/uploads\\\/2025\\\/06\\\/Projeto-Luiz-Gonzaga-1.jpg\",\"datePublished\":\"2025-06-01T21:15:56+00:00\",\"dateModified\":\"2026-05-08T18:39:35+00:00\",\"description\":\"Projeto Luiz Gonzaga com leitura, m\u00fasicas, cultura nordestina e atividades interdisciplinares para 4\u00ba e 5\u00ba ano. Acompanha QR Codes e gabaritos.\",\"breadcrumb\":{\"@id\":\"https:\\\/\\\/lojasosprofessoratividades.com.br\\\/produto\\\/projeto-luiz-gonzaga\\\/#breadcrumb\"},\"inLanguage\":\"en-US\",\"potentialAction\":[{\"@type\":\"ReadAction\",\"target\":[\"https:\\\/\\\/lojasosprofessoratividades.com.br\\\/produto\\\/projeto-luiz-gonzaga\\\/\"]}]},{\"@type\":\"ImageObject\",\"inLanguage\":\"en-US\",\"@id\":\"https:\\\/\\\/lojasosprofessoratividades.com.br\\\/produto\\\/projeto-luiz-gonzaga\\\/#primaryimage\",\"url\":\"https:\\\/\\\/lojasosprofessoratividades.com.br\\\/wp-content\\\/uploads\\\/2025\\\/06\\\/Projeto-Luiz-Gonzaga-1.jpg\",\"contentUrl\":\"https:\\\/\\\/lojasosprofessoratividades.com.br\\\/wp-content\\\/uploads\\\/2025\\\/06\\\/Projeto-Luiz-Gonzaga-1.jpg\",\"width\":800,\"height\":693,\"caption\":\"Projeto Luiz Gonzaga\"},{\"@type\":\"BreadcrumbList\",\"@id\":\"https:\\\/\\\/lojasosprofessoratividades.com.br\\\/produto\\\/projeto-luiz-gonzaga\\\/#breadcrumb\",\"itemListElement\":[{\"@type\":\"ListItem\",\"position\":1,\"name\":\"In\u00edcio\",\"item\":\"https:\\\/\\\/lojasosprofessoratividades.com.br\\\/\"},{\"@type\":\"ListItem\",\"position\":2,\"name\":\"Loja\",\"item\":\"https:\\\/\\\/lojasosprofessoratividades.com.br\\\/loja\\\/\"},{\"@type\":\"ListItem\",\"position\":3,\"name\":\"Projeto Luiz Gonzaga\"}]},{\"@type\":\"WebSite\",\"@id\":\"https:\\\/\\\/lojasosprofessoratividades.com.br\\\/#website\",\"url\":\"https:\\\/\\\/lojasosprofessoratividades.com.br\\\/\",\"name\":\"Loja SOS Professor Atividades\",\"description\":\"Venda de material did\u00e1tico para o ensino fundamental\",\"publisher\":{\"@id\":\"https:\\\/\\\/lojasosprofessoratividades.com.br\\\/#organization\"},\"potentialAction\":[{\"@type\":\"SearchAction\",\"target\":{\"@type\":\"EntryPoint\",\"urlTemplate\":\"https:\\\/\\\/lojasosprofessoratividades.com.br\\\/?s={search_term_string}\"},\"query-input\":{\"@type\":\"PropertyValueSpecification\",\"valueRequired\":true,\"valueName\":\"search_term_string\"}}],\"inLanguage\":\"en-US\"},{\"@type\":\"Organization\",\"@id\":\"https:\\\/\\\/lojasosprofessoratividades.com.br\\\/#organization\",\"name\":\"Loja SOS Professor Atividades\",\"url\":\"https:\\\/\\\/lojasosprofessoratividades.com.br\\\/\",\"logo\":{\"@type\":\"ImageObject\",\"inLanguage\":\"en-US\",\"@id\":\"https:\\\/\\\/lojasosprofessoratividades.com.br\\\/#\\\/schema\\\/logo\\\/image\\\/\",\"url\":\"http:\\\/\\\/lojasosprofessoratividades.com.br\\\/wp-content\\\/uploads\\\/2022\\\/04\\\/Logo.png\",\"contentUrl\":\"http:\\\/\\\/lojasosprofessoratividades.com.br\\\/wp-content\\\/uploads\\\/2022\\\/04\\\/Logo.png\",\"width\":2000,\"height\":2000,\"caption\":\"Loja SOS Professor Atividades\"},\"image\":{\"@id\":\"https:\\\/\\\/lojasosprofessoratividades.com.br\\\/#\\\/schema\\\/logo\\\/image\\\/\"},\"sameAs\":[\"https:\\\/\\\/www.facebook.com\\\/sosprofessoratividades\",\"https:\\\/\\\/www.instagram.com\\\/sosprofessoratividades\\\/\"]}]}<\/script>\n<!-- \/ Yoast SEO plugin. -->","yoast_head_json":{"title":"Projeto Luiz Gonzaga - Loja SOS Professor Atividades","description":"Projeto Luiz Gonzaga com leitura, m\u00fasicas, cultura nordestina e atividades interdisciplinares para 4\u00ba e 5\u00ba ano. Acompanha QR Codes e gabaritos.","robots":{"index":"index","follow":"follow","max-snippet":"max-snippet:-1","max-image-preview":"max-image-preview:large","max-video-preview":"max-video-preview:-1"},"canonical":"https:\/\/lojasosprofessoratividades.com.br\/en\/product\/projeto-luiz-gonzaga\/","og_locale":"en_US","og_type":"article","og_title":"Projeto Luiz Gonzaga - Loja SOS Professor Atividades","og_description":"Projeto Luiz Gonzaga com leitura, m\u00fasicas, cultura nordestina e atividades interdisciplinares para 4\u00ba e 5\u00ba ano. Acompanha QR Codes e gabaritos.","og_url":"https:\/\/lojasosprofessoratividades.com.br\/en\/product\/projeto-luiz-gonzaga\/","og_site_name":"Loja SOS Professor Atividades","article_publisher":"https:\/\/www.facebook.com\/sosprofessoratividades","article_modified_time":"2026-05-08T18:39:35+00:00","og_image":[{"width":800,"height":693,"url":"https:\/\/lojasosprofessoratividades.com.br\/wp-content\/uploads\/2025\/06\/Projeto-Luiz-Gonzaga-1.jpg","type":"image\/jpeg"}],"twitter_card":"summary_large_image","twitter_misc":{"Est. reading time":"1 minute"},"schema":{"@context":"https:\/\/schema.org","@graph":[{"@type":"WebPage","@id":"https:\/\/lojasosprofessoratividades.com.br\/produto\/projeto-luiz-gonzaga\/","url":"https:\/\/lojasosprofessoratividades.com.br\/produto\/projeto-luiz-gonzaga\/","name":"Projeto Luiz Gonzaga - Loja SOS Professor Atividades","isPartOf":{"@id":"https:\/\/lojasosprofessoratividades.com.br\/#website"},"primaryImageOfPage":{"@id":"https:\/\/lojasosprofessoratividades.com.br\/produto\/projeto-luiz-gonzaga\/#primaryimage"},"image":{"@id":"https:\/\/lojasosprofessoratividades.com.br\/produto\/projeto-luiz-gonzaga\/#primaryimage"},"thumbnailUrl":"https:\/\/lojasosprofessoratividades.com.br\/wp-content\/uploads\/2025\/06\/Projeto-Luiz-Gonzaga-1.jpg","datePublished":"2025-06-01T21:15:56+00:00","dateModified":"2026-05-08T18:39:35+00:00","description":"Projeto Luiz Gonzaga com leitura, m\u00fasicas, cultura nordestina e atividades interdisciplinares para 4\u00ba e 5\u00ba ano. Acompanha QR Codes e gabaritos.","breadcrumb":{"@id":"https:\/\/lojasosprofessoratividades.com.br\/produto\/projeto-luiz-gonzaga\/#breadcrumb"},"inLanguage":"en-US","potentialAction":[{"@type":"ReadAction","target":["https:\/\/lojasosprofessoratividades.com.br\/produto\/projeto-luiz-gonzaga\/"]}]},{"@type":"ImageObject","inLanguage":"en-US","@id":"https:\/\/lojasosprofessoratividades.com.br\/produto\/projeto-luiz-gonzaga\/#primaryimage","url":"https:\/\/lojasosprofessoratividades.com.br\/wp-content\/uploads\/2025\/06\/Projeto-Luiz-Gonzaga-1.jpg","contentUrl":"https:\/\/lojasosprofessoratividades.com.br\/wp-content\/uploads\/2025\/06\/Projeto-Luiz-Gonzaga-1.jpg","width":800,"height":693,"caption":"Projeto Luiz Gonzaga"},{"@type":"BreadcrumbList","@id":"https:\/\/lojasosprofessoratividades.com.br\/produto\/projeto-luiz-gonzaga\/#breadcrumb","itemListElement":[{"@type":"ListItem","position":1,"name":"In\u00edcio","item":"https:\/\/lojasosprofessoratividades.com.br\/"},{"@type":"ListItem","position":2,"name":"Loja","item":"https:\/\/lojasosprofessoratividades.com.br\/loja\/"},{"@type":"ListItem","position":3,"name":"Projeto Luiz Gonzaga"}]},{"@type":"WebSite","@id":"https:\/\/lojasosprofessoratividades.com.br\/#website","url":"https:\/\/lojasosprofessoratividades.com.br\/","name":"Loja SOS Professor Atividades","description":"Venda de material did\u00e1tico para o ensino fundamental","publisher":{"@id":"https:\/\/lojasosprofessoratividades.com.br\/#organization"},"potentialAction":[{"@type":"SearchAction","target":{"@type":"EntryPoint","urlTemplate":"https:\/\/lojasosprofessoratividades.com.br\/?s={search_term_string}"},"query-input":{"@type":"PropertyValueSpecification","valueRequired":true,"valueName":"search_term_string"}}],"inLanguage":"en-US"},{"@type":"Organization","@id":"https:\/\/lojasosprofessoratividades.com.br\/#organization","name":"Loja SOS Professor Atividades","url":"https:\/\/lojasosprofessoratividades.com.br\/","logo":{"@type":"ImageObject","inLanguage":"en-US","@id":"https:\/\/lojasosprofessoratividades.com.br\/#\/schema\/logo\/image\/","url":"http:\/\/lojasosprofessoratividades.com.br\/wp-content\/uploads\/2022\/04\/Logo.png","contentUrl":"http:\/\/lojasosprofessoratividades.com.br\/wp-content\/uploads\/2022\/04\/Logo.png","width":2000,"height":2000,"caption":"Loja SOS Professor Atividades"},"image":{"@id":"https:\/\/lojasosprofessoratividades.com.br\/#\/schema\/logo\/image\/"},"sameAs":["https:\/\/www.facebook.com\/sosprofessoratividades","https:\/\/www.instagram.com\/sosprofessoratividades\/"]}]}},"_links":{"self":[{"href":"https:\/\/lojasosprofessoratividades.com.br\/en\/wp-json\/wp\/v2\/product\/34942","targetHints":{"allow":["GET"]}}],"collection":[{"href":"https:\/\/lojasosprofessoratividades.com.br\/en\/wp-json\/wp\/v2\/product"}],"about":[{"href":"https:\/\/lojasosprofessoratividades.com.br\/en\/wp-json\/wp\/v2\/types\/product"}],"replies":[{"embeddable":true,"href":"https:\/\/lojasosprofessoratividades.com.br\/en\/wp-json\/wp\/v2\/comments?post=34942"}],"wp:featuredmedia":[{"embeddable":true,"href":"https:\/\/lojasosprofessoratividades.com.br\/en\/wp-json\/wp\/v2\/media\/34948"}],"wp:attachment":[{"href":"https:\/\/lojasosprofessoratividades.com.br\/en\/wp-json\/wp\/v2\/media?parent=34942"}],"wp:term":[{"taxonomy":"product_brand","embeddable":true,"href":"https:\/\/lojasosprofessoratividades.com.br\/en\/wp-json\/wp\/v2\/product_brand?post=34942"},{"taxonomy":"product_cat","embeddable":true,"href":"https:\/\/lojasosprofessoratividades.com.br\/en\/wp-json\/wp\/v2\/product_cat?post=34942"},{"taxonomy":"product_tag","embeddable":true,"href":"https:\/\/lojasosprofessoratividades.com.br\/en\/wp-json\/wp\/v2\/product_tag?post=34942"}],"curies":[{"name":"wp","href":"https:\/\/api.w.org\/{rel}","templated":true}]}}